{"id":88560,"date":"2024-02-07T13:12:35","date_gmt":"2024-02-07T11:12:36","guid":{"rendered":"https:\/\/www.lustandlove.eu\/?post_type=product&#038;p=88560"},"modified":"2026-04-13T10:27:17","modified_gmt":"2026-04-13T07:27:17","slug":"xtc-standing-ruri-nyan","status":"publish","type":"product","link":"https:\/\/lustandlove.eu\/et\/toode\/xtc-standing-ruri-nyan\/","title":{"rendered":"XTC Standing Ruri-nyan"},"content":{"rendered":"<p>Paljud Jaapani onahole kaubam\u00e4rgid j\u00e4rgivad vanu harjumusi, valmistades ainult portselannahaga m\u00e4nguasju. XTC Japan valis selle m\u00e4nguasja jaoks kaunilt pehme elastse materjali ja v\u00e4rvis selle sooja pruuni v\u00e4rviga. See v\u00e4rv n\u00e4itab skulptuuri detaile veelgi paremini kui heledamad materjalid!<\/p>\n<p>2,375kg puusal on nn 360\u00b0 disain: see n\u00e4eb hea v\u00e4lja igast k\u00fcljest, mist\u00f5ttu on v\u00e4ga kutsuv erinevaid poose proovima. Doggy-stiilis, lamades selili, jalad teie eest laiali, v\u00f5i h\u00fcppab \u00fcles ja alla <em>cowgirl<\/em> stiilis. \u2018Standing Ruri-nyan\u2019 on lihava \u00fcmara tagumikuga, millel on tugevad reied, kitsas v\u00f6\u00f6koht ja kaks v\u00e4ikest lohku tagumiku kohal \u2013 need v\u00e4ikesed detailid aitavad tal hea v\u00e4lja n\u00e4ha.<\/p>\n<p>Ja \u00fcksikasjadest r\u00e4\u00e4kides: vau! XTC Japan tegi veelgi suurema sammu ja rakendas selle onahole&#8217;i enamikule osadele uskumatult elutruu nahatekstuuri. See on k\u00f5ige m\u00e4rgatavam vagiina \u00fcmbruses, kus on n\u00e4ha v\u00e4ikesed nahavoldid ja kananahk, aga ka tahumiku ja naba \u00fcmber. See n\u00e4eb v\u00e4lja nagu v\u00e4rskelt vahatatud vagiina!<\/p>\n<p><strong>Kaks maitsvat tunnelit<\/strong><br \/>\nNii et see n\u00e4eb suurep\u00e4rane v\u00e4lja, saate seda kasutada erinevates poosides\u2026 Aga kas stimulatsioon vastab reklaamile? Absoluutselt! Kandke libestit, haarake Standing Ruri-nyani kitsast v\u00f6\u00f6st ja uurige kahte tunnelit, mida ta teile nii innukalt pakub.<\/p>\n<p><strong>Anaaltunnel: r\u00f5ngad ja mummud<\/strong><br \/>\nRuri-nyani tagumikul on klassikaline disain: tihe sissep\u00e4\u00e4s, mis keerdub \u00fcmber teie peenise nagu sulgurlihas, millele j\u00e4rgneb r\u00f5ngaste ja masseerivate helmeste seeria. Kas see on uus? Ei. Kas see t\u00f6\u00f6tab? V\u00e4ga h\u00e4sti. Kaks veidi erinevat tekstuuri, mis libisevad \u00fcle teie peenise iga t\u00f5mbega, loovad p\u00fcsiva stimulatsiooni, mis v\u00f5imaldab teil saavutada orgasmi nii kiiresti v\u00f5i aeglaselt, kui soovite.<\/p>\n<p><strong><em>Pussy<\/em>: kolmekordse emakakaela maiuspala<\/strong><br \/>\nMis on Ruri-nyani tagumikul uuenduslikkusest puudu, tema <em>pussy<\/em> korvab. Paljudel t\u00e4nap\u00e4eval on emakakael ja emakas tunneli l\u00f5pus, sest see pehme v\u00e4rav, millest l\u00e4bi suruda, tundub nii suurep\u00e4rane. Niisiis, XTC Jaapan, aga miks mitte kolm?<\/p>\n<p>Esimene emakakael on vahetult p\u00e4rast sissep\u00e4\u00e4su. See on \u00fcsna lai ja selest on lihtne l\u00e4bi suruda, mis viib teid mummulisse m\u00f5nutsooni.<\/p>\n<p>Teine emakakael on rohkema vastupanuga: see on pikem ja kitsam ning haardub \u00fcmber teie peenise.<\/p>\n<p>Edasi j\u00e4rgneb tagantpoolt veidi laiemaks muutuv voltidega tunnel, kus ootab ees kolmas ja viimane emakakael. See on seni k\u00f5ige tihedam ja juba ainu\u00fcksi tunne, et pehme sissep\u00e4\u00e4s libiseb m\u00f6\u00f6da teie n\u00e4\u00e4rmest, samal ajal kui kujundatud seinatekstuurid teie \u00fcmber vormivad, on suurep\u00e4rane. Sellest viimasest emakakaelast ei ole lihtne p\u00e4\u00e4seda, kuid Ruri-nyani emakasse tulemine on seda vaeva v\u00e4\u00e4rt!<\/p>\n","protected":false},"excerpt":{"rendered":"<p>Eebeniv\u00e4rvi onahip: l\u00f5puks \u00fcks tumeda nahaga! Kuigi see pole esimene, on see kindlasti \u00fcks v\u00e4heseid. Kuigi tumeda nahaga ja eebeniv\u00e4rvi hentaid leidub palju, on m\u00e4nguasjad veidi haruldasemad.<\/p>\n","protected":false},"featured_media":88576,"template":"","meta":[],"product_brand":[4142],"product_cat":[3525,1477,4006],"product_tag":[],"class_list":{"0":"post-88560","1":"product","2":"type-product","3":"status-publish","4":"has-post-thumbnail","6":"product_brand-motsutoys-et","7":"product_cat-hentai","8":"product_cat-meestele","9":"product_cat-onahip-ja-nukud","10":"pa_brand-motsutoys-et","12":"first","13":"instock","14":"taxable","15":"shipping-taxable","16":"purchasable","17":"product-type-simple"},"yoast_head":"<!-- This site is optimized with the Yoast SEO plugin v27.3 - https:\/\/yoast.com\/product\/yoast-seo-wordpress\/ -->\n<title>XTC Standing Ruri-nyan | Lust and Love<\/title>\n<meta name=\"description\" content=\"Kandke libestit, haarake Standing Ruri-nyani kitsast v\u00f6\u00f6st ja uurige kahte tunnelit, mida ta teile nii innukalt pakub.\" \/>\n<meta name=\"robots\" content=\"index,follow,max-snippet:-1,max-image-preview:large,max-video-preview:-1\" \/>\n<link rel=\"canonical\" href=\"https:\/\/lustandlove.eu\/et\/toode\/xtc-standing-ruri-nyan\/\" \/>\n<meta name=\"twitter:card\" content=\"summary_large_image\" \/>\n<meta name=\"twitter:title\" content=\"XTC Standing Ruri-nyan | Lust and Love\" \/>\n<meta name=\"twitter:description\" content=\"Kandke libestit, haarake Standing Ruri-nyani kitsast v\u00f6\u00f6st ja uurige kahte tunnelit, mida ta teile nii innukalt pakub.\" \/>\n<meta name=\"twitter:image\" content=\"https:\/\/lustandlove.eu\/wp-content\/uploads\/standing-ruri-nyan-box-1_1.jpg\" \/>\n<meta name=\"twitter:label1\" content=\"Est. reading time\" \/>\n\t<meta name=\"twitter:data1\" content=\"2 minutit\" \/>\n<script type=\"application\/ld+json\" class=\"yoast-schema-graph\">{\"@context\":\"https:\\\/\\\/schema.org\",\"@graph\":[{\"@type\":[\"WebPage\",\"ItemPage\"],\"@id\":\"https:\\\/\\\/lustandlove.eu\\\/et\\\/toode\\\/xtc-standing-ruri-nyan\\\/\",\"url\":\"https:\\\/\\\/lustandlove.eu\\\/et\\\/toode\\\/xtc-standing-ruri-nyan\\\/\",\"name\":\"XTC Standing Ruri-nyan | Lust and Love\",\"isPartOf\":{\"@id\":\"https:\\\/\\\/lustandlove.eu\\\/et\\\/#website\"},\"primaryImageOfPage\":{\"@id\":\"https:\\\/\\\/lustandlove.eu\\\/et\\\/toode\\\/xtc-standing-ruri-nyan\\\/#primaryimage\"},\"image\":{\"@id\":\"https:\\\/\\\/lustandlove.eu\\\/et\\\/toode\\\/xtc-standing-ruri-nyan\\\/#primaryimage\"},\"thumbnailUrl\":\"https:\\\/\\\/lustandlove.eu\\\/wp-content\\\/uploads\\\/standing-ruri-nyan-box-1_1.jpg\",\"datePublished\":\"2024-02-07T11:12:36+00:00\",\"dateModified\":\"2026-04-13T07:27:17+00:00\",\"description\":\"Kandke libestit, haarake Standing Ruri-nyani kitsast v\u00f6\u00f6st ja uurige kahte tunnelit, mida ta teile nii innukalt pakub.\",\"breadcrumb\":{\"@id\":\"https:\\\/\\\/lustandlove.eu\\\/et\\\/toode\\\/xtc-standing-ruri-nyan\\\/#breadcrumb\"},\"inLanguage\":\"et\",\"potentialAction\":[{\"@type\":\"ReadAction\",\"target\":[\"https:\\\/\\\/lustandlove.eu\\\/et\\\/toode\\\/xtc-standing-ruri-nyan\\\/\"]}]},{\"@type\":\"ImageObject\",\"inLanguage\":\"et\",\"@id\":\"https:\\\/\\\/lustandlove.eu\\\/et\\\/toode\\\/xtc-standing-ruri-nyan\\\/#primaryimage\",\"url\":\"https:\\\/\\\/lustandlove.eu\\\/wp-content\\\/uploads\\\/standing-ruri-nyan-box-1_1.jpg\",\"contentUrl\":\"https:\\\/\\\/lustandlove.eu\\\/wp-content\\\/uploads\\\/standing-ruri-nyan-box-1_1.jpg\",\"width\":700,\"height\":700},{\"@type\":\"BreadcrumbList\",\"@id\":\"https:\\\/\\\/lustandlove.eu\\\/et\\\/toode\\\/xtc-standing-ruri-nyan\\\/#breadcrumb\",\"itemListElement\":[{\"@type\":\"ListItem\",\"position\":1,\"name\":\"Lust and Love\",\"item\":\"https:\\\/\\\/lustandlove.eu\\\/et\\\/\"},{\"@type\":\"ListItem\",\"position\":2,\"name\":\"Pood\",\"item\":\"https:\\\/\\\/lustandlove.eu\\\/et\\\/pood\\\/\"},{\"@type\":\"ListItem\",\"position\":3,\"name\":\"Meestele\",\"item\":\"https:\\\/\\\/lustandlove.eu\\\/et\\\/pood\\\/meestele\\\/\"},{\"@type\":\"ListItem\",\"position\":4,\"name\":\"XTC Standing Ruri-nyan\"}]},{\"@type\":\"WebSite\",\"@id\":\"https:\\\/\\\/lustandlove.eu\\\/et\\\/#website\",\"url\":\"https:\\\/\\\/lustandlove.eu\\\/et\\\/\",\"name\":\"Lust &amp; Love\",\"description\":\"Online erootikapood tervise, ilu ja armastuse jaoks\",\"publisher\":{\"@id\":\"https:\\\/\\\/lustandlove.eu\\\/et\\\/#organization\"},\"potentialAction\":[{\"@type\":\"SearchAction\",\"target\":{\"@type\":\"EntryPoint\",\"urlTemplate\":\"https:\\\/\\\/lustandlove.eu\\\/et\\\/?s={search_term_string}\"},\"query-input\":{\"@type\":\"PropertyValueSpecification\",\"valueRequired\":true,\"valueName\":\"search_term_string\"}}],\"inLanguage\":\"et\"},{\"@type\":\"Organization\",\"@id\":\"https:\\\/\\\/lustandlove.eu\\\/et\\\/#organization\",\"name\":\"Bioconcept Baltics O\u00dc\",\"url\":\"https:\\\/\\\/lustandlove.eu\\\/et\\\/\",\"logo\":{\"@type\":\"ImageObject\",\"inLanguage\":\"et\",\"@id\":\"https:\\\/\\\/lustandlove.eu\\\/et\\\/#\\\/schema\\\/logo\\\/image\\\/\",\"url\":\"\",\"contentUrl\":\"\",\"caption\":\"Bioconcept Baltics O\u00dc\"},\"image\":{\"@id\":\"https:\\\/\\\/lustandlove.eu\\\/et\\\/#\\\/schema\\\/logo\\\/image\\\/\"},\"sameAs\":[\"https:\\\/\\\/www.facebook.com\\\/LustandLoveEU\\\/\",\"https:\\\/\\\/www.instagram.com\\\/lustandloveeu\\\/\"]}]}<\/script>\n<!-- \/ Yoast SEO plugin. -->","yoast_head_json":{"title":"XTC Standing Ruri-nyan | Lust and Love","description":"Kandke libestit, haarake Standing Ruri-nyani kitsast v\u00f6\u00f6st ja uurige kahte tunnelit, mida ta teile nii innukalt pakub.","robots":{"index,follow,max-snippet":"index,follow,max-snippet:-1,max-image-preview:large,max-video-preview:-1"},"canonical":"https:\/\/lustandlove.eu\/et\/toode\/xtc-standing-ruri-nyan\/","twitter_card":"summary_large_image","twitter_title":"XTC Standing Ruri-nyan | Lust and Love","twitter_description":"Kandke libestit, haarake Standing Ruri-nyani kitsast v\u00f6\u00f6st ja uurige kahte tunnelit, mida ta teile nii innukalt pakub.","twitter_image":"https:\/\/lustandlove.eu\/wp-content\/uploads\/standing-ruri-nyan-box-1_1.jpg","twitter_misc":{"Est. reading time":"2 minutit"},"schema":{"@context":"https:\/\/schema.org","@graph":[{"@type":["WebPage","ItemPage"],"@id":"https:\/\/lustandlove.eu\/et\/toode\/xtc-standing-ruri-nyan\/","url":"https:\/\/lustandlove.eu\/et\/toode\/xtc-standing-ruri-nyan\/","name":"XTC Standing Ruri-nyan | Lust and Love","isPartOf":{"@id":"https:\/\/lustandlove.eu\/et\/#website"},"primaryImageOfPage":{"@id":"https:\/\/lustandlove.eu\/et\/toode\/xtc-standing-ruri-nyan\/#primaryimage"},"image":{"@id":"https:\/\/lustandlove.eu\/et\/toode\/xtc-standing-ruri-nyan\/#primaryimage"},"thumbnailUrl":"https:\/\/lustandlove.eu\/wp-content\/uploads\/standing-ruri-nyan-box-1_1.jpg","datePublished":"2024-02-07T11:12:36+00:00","dateModified":"2026-04-13T07:27:17+00:00","description":"Kandke libestit, haarake Standing Ruri-nyani kitsast v\u00f6\u00f6st ja uurige kahte tunnelit, mida ta teile nii innukalt pakub.","breadcrumb":{"@id":"https:\/\/lustandlove.eu\/et\/toode\/xtc-standing-ruri-nyan\/#breadcrumb"},"inLanguage":"et","potentialAction":[{"@type":"ReadAction","target":["https:\/\/lustandlove.eu\/et\/toode\/xtc-standing-ruri-nyan\/"]}]},{"@type":"ImageObject","inLanguage":"et","@id":"https:\/\/lustandlove.eu\/et\/toode\/xtc-standing-ruri-nyan\/#primaryimage","url":"https:\/\/lustandlove.eu\/wp-content\/uploads\/standing-ruri-nyan-box-1_1.jpg","contentUrl":"https:\/\/lustandlove.eu\/wp-content\/uploads\/standing-ruri-nyan-box-1_1.jpg","width":700,"height":700},{"@type":"BreadcrumbList","@id":"https:\/\/lustandlove.eu\/et\/toode\/xtc-standing-ruri-nyan\/#breadcrumb","itemListElement":[{"@type":"ListItem","position":1,"name":"Lust and Love","item":"https:\/\/lustandlove.eu\/et\/"},{"@type":"ListItem","position":2,"name":"Pood","item":"https:\/\/lustandlove.eu\/et\/pood\/"},{"@type":"ListItem","position":3,"name":"Meestele","item":"https:\/\/lustandlove.eu\/et\/pood\/meestele\/"},{"@type":"ListItem","position":4,"name":"XTC Standing Ruri-nyan"}]},{"@type":"WebSite","@id":"https:\/\/lustandlove.eu\/et\/#website","url":"https:\/\/lustandlove.eu\/et\/","name":"Lust &amp; Love","description":"Online erootikapood tervise, ilu ja armastuse jaoks","publisher":{"@id":"https:\/\/lustandlove.eu\/et\/#organization"},"potentialAction":[{"@type":"SearchAction","target":{"@type":"EntryPoint","urlTemplate":"https:\/\/lustandlove.eu\/et\/?s={search_term_string}"},"query-input":{"@type":"PropertyValueSpecification","valueRequired":true,"valueName":"search_term_string"}}],"inLanguage":"et"},{"@type":"Organization","@id":"https:\/\/lustandlove.eu\/et\/#organization","name":"Bioconcept Baltics O\u00dc","url":"https:\/\/lustandlove.eu\/et\/","logo":{"@type":"ImageObject","inLanguage":"et","@id":"https:\/\/lustandlove.eu\/et\/#\/schema\/logo\/image\/","url":"","contentUrl":"","caption":"Bioconcept Baltics O\u00dc"},"image":{"@id":"https:\/\/lustandlove.eu\/et\/#\/schema\/logo\/image\/"},"sameAs":["https:\/\/www.facebook.com\/LustandLoveEU\/","https:\/\/www.instagram.com\/lustandloveeu\/"]}]}},"_links":{"self":[{"href":"https:\/\/lustandlove.eu\/et\/wp-json\/wp\/v2\/product\/88560","targetHints":{"allow":["GET"]}}],"collection":[{"href":"https:\/\/lustandlove.eu\/et\/wp-json\/wp\/v2\/product"}],"about":[{"href":"https:\/\/lustandlove.eu\/et\/wp-json\/wp\/v2\/types\/product"}],"wp:featuredmedia":[{"embeddable":true,"href":"https:\/\/lustandlove.eu\/et\/wp-json\/wp\/v2\/media\/88576"}],"wp:attachment":[{"href":"https:\/\/lustandlove.eu\/et\/wp-json\/wp\/v2\/media?parent=88560"}],"wp:term":[{"taxonomy":"product_brand","embeddable":true,"href":"https:\/\/lustandlove.eu\/et\/wp-json\/wp\/v2\/product_brand?post=88560"},{"taxonomy":"product_cat","embeddable":true,"href":"https:\/\/lustandlove.eu\/et\/wp-json\/wp\/v2\/product_cat?post=88560"},{"taxonomy":"product_tag","embeddable":true,"href":"https:\/\/lustandlove.eu\/et\/wp-json\/wp\/v2\/product_tag?post=88560"}],"curies":[{"name":"wp","href":"https:\/\/api.w.org\/{rel}","templated":true}]}}