{"id":88581,"date":"2024-02-08T08:55:00","date_gmt":"2024-02-08T06:55:01","guid":{"rendered":"https:\/\/www.lustandlove.eu\/?post_type=product&#038;p=88581"},"modified":"2026-04-13T10:27:16","modified_gmt":"2026-04-13T07:27:16","slug":"xtc-tennis-girl","status":"publish","type":"product","link":"https:\/\/lustandlove.eu\/et\/toode\/xtc-tennis-girl\/","title":{"rendered":"XTC Tennis girl"},"content":{"rendered":"<p><strong>Mini-m\u00f5\u00f5dus <em>onahole<\/em><\/strong><br \/>\nM\u00f5ned onaholes ja masturbaatorid on p\u00f5him\u00f5tteliselt lihased silindrid, mille \u00fchel k\u00fcljel on vagiina, kuid XTC Japan-i uues m\u00e4nguasjas on palju rohkem detaile. Minikeha k\u00f5rgus on 15 cm ja kaal umbes 455 grammi. Tema keha on t\u00e4iusliku proportsiooniga, kena pingul tagumiku, toonuses k\u00f5hu ja \u00fcmarate rindadega. Tal on isegi n\u00e4ha, kuidas spordirinnahoidjat t\u00f5mmatakse \u00fcle \u00fche rinna, t\u00e4pselt nagu illustratsioonil! Kuigi see <em>onahole<\/em> on paizuri jaoks liiga v\u00e4ike, on rindadega siiski l\u00f5bus m\u00e4ngida ja need n\u00e4evad suurep\u00e4rased v\u00e4lja.<\/p>\n<p><strong>Tenniset\u00fcdruku sisemus<\/strong><br \/>\nKui venitate tenniset\u00fcdruku puhvis v\u00e4limised h\u00e4bememokad laiali, n\u00e4ete tema tunneli sissep\u00e4\u00e4su, mis on \u00fcleni roosaga vooderdatud. P\u00e4rast pehmet sissep\u00e4\u00e4su, mida t\u00e4iendavad\u00a0 masseerivad konarused tunnete, et see t\u00f5mbub teie \u00fcmber tihedamaks. G-punkt \u00fclaosas surub teid vastu, iminapa laadsed t\u00e4pid pakuvad lisastimulatsiooni. Seej\u00e4rel \u00fcmbritseb teid orgaaniline tekstuur: tunneli pikkuses keerlevad ulakad voldid, mis on vooderdatud v\u00e4iksemate voltidega, mis moodustavad lugematul hulgal v\u00e4ikeseid &#8220;v\u00e4ravaid&#8221;, millest saate l\u00e4bi tungida. Tunnel pinguldub l\u00f5pu poole, muutudes kitsaks vahek\u00e4iguks, mis venib ja p\u00f5rkab tagasi iga t\u00f5uke korral.<\/p>\n<p><strong>Kitsas, kuid mitte liiga tihe<\/strong><br \/>\nKuigi piltidel tundub tunnel uskumatult kitsas, venib see t\u00e4nu venivale ja vastupidavale materjalile \u00fcsna palju nii pikkuses kui laiuses. Tunneli kitsas t\u00e4hendab, et iga kord, kui sisse v\u00f5i v\u00e4lja libised, libisevad arvukad v\u00e4ikesed voldid sinust m\u00f6\u00f6da, tuues sind kulminatsioonile aina l\u00e4hemale.<\/p>\n","protected":false},"excerpt":{"rendered":"<p>\u00dcks on kindel: sellel t\u00fcdrukul pole midagi selle vastu, et ta l\u00e4heb kuumaks ja higiseks! Spordirinnahoidja mahutab vaevu tema rindu, kui ta jookseb \u00fcle tennisev\u00e4ljaku, pakkudes teile ulakat vaadet. P\u00e4rast m\u00e4ngu on aeg l\u00f5\u00f5gastuda\u2026 Kas saate aidata tal venitada? Ehk k\u00e4ime koos du\u0161i all?<\/p>\n","protected":false},"featured_media":88589,"template":"","meta":[],"product_brand":[4142],"product_cat":[3525,4005,1477],"product_tag":[],"class_list":{"0":"post-88581","1":"product","2":"type-product","3":"status-publish","4":"has-post-thumbnail","6":"product_brand-motsutoys-et","7":"product_cat-hentai","8":"product_cat-masturbaatorid-et","9":"product_cat-meestele","10":"pa_brand-motsutoys-et","12":"first","13":"instock","14":"taxable","15":"shipping-taxable","16":"purchasable","17":"product-type-simple"},"yoast_head":"<!-- This site is optimized with the Yoast SEO plugin v27.3 - https:\/\/yoast.com\/product\/yoast-seo-wordpress\/ -->\n<title>XTC Tennis girl | Lust and Love<\/title>\n<meta name=\"description\" content=\"Sellel t\u00fcdrukul ei ole midagi selle vastu, et l\u00e4heb veidi kuumaks ja higiseks! Tema keha on t\u00e4iusliku proportsiooniga, kena pingul tagumiku, toonuses k\u00f5hu ja \u00fcmarate rindadega.\" \/>\n<meta name=\"robots\" content=\"index,follow,max-snippet:-1,max-image-preview:large,max-video-preview:-1\" \/>\n<link rel=\"canonical\" href=\"https:\/\/lustandlove.eu\/et\/toode\/xtc-tennis-girl\/\" \/>\n<meta name=\"twitter:card\" content=\"summary_large_image\" \/>\n<meta name=\"twitter:title\" content=\"XTC Tennis girl | Lust and Love\" \/>\n<meta name=\"twitter:description\" content=\"Sellel t\u00fcdrukul ei ole midagi selle vastu, et l\u00e4heb veidi kuumaks ja higiseks! Tema keha on t\u00e4iusliku proportsiooniga, kena pingul tagumiku, toonuses k\u00f5hu ja \u00fcmarate rindadega.\" \/>\n<meta name=\"twitter:image\" content=\"https:\/\/lustandlove.eu\/wp-content\/uploads\/tennis_girl_onahole_packaging_box.jpg\" \/>\n<meta name=\"twitter:label1\" content=\"Est. reading time\" \/>\n\t<meta name=\"twitter:data1\" content=\"1 minut\" \/>\n<script type=\"application\/ld+json\" class=\"yoast-schema-graph\">{\"@context\":\"https:\\\/\\\/schema.org\",\"@graph\":[{\"@type\":[\"WebPage\",\"ItemPage\"],\"@id\":\"https:\\\/\\\/lustandlove.eu\\\/et\\\/toode\\\/xtc-tennis-girl\\\/\",\"url\":\"https:\\\/\\\/lustandlove.eu\\\/et\\\/toode\\\/xtc-tennis-girl\\\/\",\"name\":\"XTC Tennis girl | Lust and Love\",\"isPartOf\":{\"@id\":\"https:\\\/\\\/lustandlove.eu\\\/et\\\/#website\"},\"primaryImageOfPage\":{\"@id\":\"https:\\\/\\\/lustandlove.eu\\\/et\\\/toode\\\/xtc-tennis-girl\\\/#primaryimage\"},\"image\":{\"@id\":\"https:\\\/\\\/lustandlove.eu\\\/et\\\/toode\\\/xtc-tennis-girl\\\/#primaryimage\"},\"thumbnailUrl\":\"https:\\\/\\\/lustandlove.eu\\\/wp-content\\\/uploads\\\/tennis_girl_onahole_packaging_box.jpg\",\"datePublished\":\"2024-02-08T06:55:01+00:00\",\"dateModified\":\"2026-04-13T07:27:16+00:00\",\"description\":\"Sellel t\u00fcdrukul ei ole midagi selle vastu, et l\u00e4heb veidi kuumaks ja higiseks! Tema keha on t\u00e4iusliku proportsiooniga, kena pingul tagumiku, toonuses k\u00f5hu ja \u00fcmarate rindadega.\",\"breadcrumb\":{\"@id\":\"https:\\\/\\\/lustandlove.eu\\\/et\\\/toode\\\/xtc-tennis-girl\\\/#breadcrumb\"},\"inLanguage\":\"et\",\"potentialAction\":[{\"@type\":\"ReadAction\",\"target\":[\"https:\\\/\\\/lustandlove.eu\\\/et\\\/toode\\\/xtc-tennis-girl\\\/\"]}]},{\"@type\":\"ImageObject\",\"inLanguage\":\"et\",\"@id\":\"https:\\\/\\\/lustandlove.eu\\\/et\\\/toode\\\/xtc-tennis-girl\\\/#primaryimage\",\"url\":\"https:\\\/\\\/lustandlove.eu\\\/wp-content\\\/uploads\\\/tennis_girl_onahole_packaging_box.jpg\",\"contentUrl\":\"https:\\\/\\\/lustandlove.eu\\\/wp-content\\\/uploads\\\/tennis_girl_onahole_packaging_box.jpg\",\"width\":700,\"height\":700},{\"@type\":\"BreadcrumbList\",\"@id\":\"https:\\\/\\\/lustandlove.eu\\\/et\\\/toode\\\/xtc-tennis-girl\\\/#breadcrumb\",\"itemListElement\":[{\"@type\":\"ListItem\",\"position\":1,\"name\":\"Lust and Love\",\"item\":\"https:\\\/\\\/lustandlove.eu\\\/et\\\/\"},{\"@type\":\"ListItem\",\"position\":2,\"name\":\"Pood\",\"item\":\"https:\\\/\\\/lustandlove.eu\\\/et\\\/pood\\\/\"},{\"@type\":\"ListItem\",\"position\":3,\"name\":\"Meestele\",\"item\":\"https:\\\/\\\/lustandlove.eu\\\/et\\\/pood\\\/meestele\\\/\"},{\"@type\":\"ListItem\",\"position\":4,\"name\":\"Hentai\",\"item\":\"https:\\\/\\\/lustandlove.eu\\\/et\\\/pood\\\/meestele\\\/hentai\\\/\"},{\"@type\":\"ListItem\",\"position\":5,\"name\":\"XTC Tennis girl\"}]},{\"@type\":\"WebSite\",\"@id\":\"https:\\\/\\\/lustandlove.eu\\\/et\\\/#website\",\"url\":\"https:\\\/\\\/lustandlove.eu\\\/et\\\/\",\"name\":\"Lust &amp; Love\",\"description\":\"Online erootikapood tervise, ilu ja armastuse jaoks\",\"publisher\":{\"@id\":\"https:\\\/\\\/lustandlove.eu\\\/et\\\/#organization\"},\"potentialAction\":[{\"@type\":\"SearchAction\",\"target\":{\"@type\":\"EntryPoint\",\"urlTemplate\":\"https:\\\/\\\/lustandlove.eu\\\/et\\\/?s={search_term_string}\"},\"query-input\":{\"@type\":\"PropertyValueSpecification\",\"valueRequired\":true,\"valueName\":\"search_term_string\"}}],\"inLanguage\":\"et\"},{\"@type\":\"Organization\",\"@id\":\"https:\\\/\\\/lustandlove.eu\\\/et\\\/#organization\",\"name\":\"Bioconcept Baltics O\u00dc\",\"url\":\"https:\\\/\\\/lustandlove.eu\\\/et\\\/\",\"logo\":{\"@type\":\"ImageObject\",\"inLanguage\":\"et\",\"@id\":\"https:\\\/\\\/lustandlove.eu\\\/et\\\/#\\\/schema\\\/logo\\\/image\\\/\",\"url\":\"\",\"contentUrl\":\"\",\"caption\":\"Bioconcept Baltics O\u00dc\"},\"image\":{\"@id\":\"https:\\\/\\\/lustandlove.eu\\\/et\\\/#\\\/schema\\\/logo\\\/image\\\/\"},\"sameAs\":[\"https:\\\/\\\/www.facebook.com\\\/LustandLoveEU\\\/\",\"https:\\\/\\\/www.instagram.com\\\/lustandloveeu\\\/\"]}]}<\/script>\n<!-- \/ Yoast SEO plugin. -->","yoast_head_json":{"title":"XTC Tennis girl | Lust and Love","description":"Sellel t\u00fcdrukul ei ole midagi selle vastu, et l\u00e4heb veidi kuumaks ja higiseks! Tema keha on t\u00e4iusliku proportsiooniga, kena pingul tagumiku, toonuses k\u00f5hu ja \u00fcmarate rindadega.","robots":{"index,follow,max-snippet":"index,follow,max-snippet:-1,max-image-preview:large,max-video-preview:-1"},"canonical":"https:\/\/lustandlove.eu\/et\/toode\/xtc-tennis-girl\/","twitter_card":"summary_large_image","twitter_title":"XTC Tennis girl | Lust and Love","twitter_description":"Sellel t\u00fcdrukul ei ole midagi selle vastu, et l\u00e4heb veidi kuumaks ja higiseks! Tema keha on t\u00e4iusliku proportsiooniga, kena pingul tagumiku, toonuses k\u00f5hu ja \u00fcmarate rindadega.","twitter_image":"https:\/\/lustandlove.eu\/wp-content\/uploads\/tennis_girl_onahole_packaging_box.jpg","twitter_misc":{"Est. reading time":"1 minut"},"schema":{"@context":"https:\/\/schema.org","@graph":[{"@type":["WebPage","ItemPage"],"@id":"https:\/\/lustandlove.eu\/et\/toode\/xtc-tennis-girl\/","url":"https:\/\/lustandlove.eu\/et\/toode\/xtc-tennis-girl\/","name":"XTC Tennis girl | Lust and Love","isPartOf":{"@id":"https:\/\/lustandlove.eu\/et\/#website"},"primaryImageOfPage":{"@id":"https:\/\/lustandlove.eu\/et\/toode\/xtc-tennis-girl\/#primaryimage"},"image":{"@id":"https:\/\/lustandlove.eu\/et\/toode\/xtc-tennis-girl\/#primaryimage"},"thumbnailUrl":"https:\/\/lustandlove.eu\/wp-content\/uploads\/tennis_girl_onahole_packaging_box.jpg","datePublished":"2024-02-08T06:55:01+00:00","dateModified":"2026-04-13T07:27:16+00:00","description":"Sellel t\u00fcdrukul ei ole midagi selle vastu, et l\u00e4heb veidi kuumaks ja higiseks! Tema keha on t\u00e4iusliku proportsiooniga, kena pingul tagumiku, toonuses k\u00f5hu ja \u00fcmarate rindadega.","breadcrumb":{"@id":"https:\/\/lustandlove.eu\/et\/toode\/xtc-tennis-girl\/#breadcrumb"},"inLanguage":"et","potentialAction":[{"@type":"ReadAction","target":["https:\/\/lustandlove.eu\/et\/toode\/xtc-tennis-girl\/"]}]},{"@type":"ImageObject","inLanguage":"et","@id":"https:\/\/lustandlove.eu\/et\/toode\/xtc-tennis-girl\/#primaryimage","url":"https:\/\/lustandlove.eu\/wp-content\/uploads\/tennis_girl_onahole_packaging_box.jpg","contentUrl":"https:\/\/lustandlove.eu\/wp-content\/uploads\/tennis_girl_onahole_packaging_box.jpg","width":700,"height":700},{"@type":"BreadcrumbList","@id":"https:\/\/lustandlove.eu\/et\/toode\/xtc-tennis-girl\/#breadcrumb","itemListElement":[{"@type":"ListItem","position":1,"name":"Lust and Love","item":"https:\/\/lustandlove.eu\/et\/"},{"@type":"ListItem","position":2,"name":"Pood","item":"https:\/\/lustandlove.eu\/et\/pood\/"},{"@type":"ListItem","position":3,"name":"Meestele","item":"https:\/\/lustandlove.eu\/et\/pood\/meestele\/"},{"@type":"ListItem","position":4,"name":"Hentai","item":"https:\/\/lustandlove.eu\/et\/pood\/meestele\/hentai\/"},{"@type":"ListItem","position":5,"name":"XTC Tennis girl"}]},{"@type":"WebSite","@id":"https:\/\/lustandlove.eu\/et\/#website","url":"https:\/\/lustandlove.eu\/et\/","name":"Lust &amp; Love","description":"Online erootikapood tervise, ilu ja armastuse jaoks","publisher":{"@id":"https:\/\/lustandlove.eu\/et\/#organization"},"potentialAction":[{"@type":"SearchAction","target":{"@type":"EntryPoint","urlTemplate":"https:\/\/lustandlove.eu\/et\/?s={search_term_string}"},"query-input":{"@type":"PropertyValueSpecification","valueRequired":true,"valueName":"search_term_string"}}],"inLanguage":"et"},{"@type":"Organization","@id":"https:\/\/lustandlove.eu\/et\/#organization","name":"Bioconcept Baltics O\u00dc","url":"https:\/\/lustandlove.eu\/et\/","logo":{"@type":"ImageObject","inLanguage":"et","@id":"https:\/\/lustandlove.eu\/et\/#\/schema\/logo\/image\/","url":"","contentUrl":"","caption":"Bioconcept Baltics O\u00dc"},"image":{"@id":"https:\/\/lustandlove.eu\/et\/#\/schema\/logo\/image\/"},"sameAs":["https:\/\/www.facebook.com\/LustandLoveEU\/","https:\/\/www.instagram.com\/lustandloveeu\/"]}]}},"_links":{"self":[{"href":"https:\/\/lustandlove.eu\/et\/wp-json\/wp\/v2\/product\/88581","targetHints":{"allow":["GET"]}}],"collection":[{"href":"https:\/\/lustandlove.eu\/et\/wp-json\/wp\/v2\/product"}],"about":[{"href":"https:\/\/lustandlove.eu\/et\/wp-json\/wp\/v2\/types\/product"}],"wp:featuredmedia":[{"embeddable":true,"href":"https:\/\/lustandlove.eu\/et\/wp-json\/wp\/v2\/media\/88589"}],"wp:attachment":[{"href":"https:\/\/lustandlove.eu\/et\/wp-json\/wp\/v2\/media?parent=88581"}],"wp:term":[{"taxonomy":"product_brand","embeddable":true,"href":"https:\/\/lustandlove.eu\/et\/wp-json\/wp\/v2\/product_brand?post=88581"},{"taxonomy":"product_cat","embeddable":true,"href":"https:\/\/lustandlove.eu\/et\/wp-json\/wp\/v2\/product_cat?post=88581"},{"taxonomy":"product_tag","embeddable":true,"href":"https:\/\/lustandlove.eu\/et\/wp-json\/wp\/v2\/product_tag?post=88581"}],"curies":[{"name":"wp","href":"https:\/\/api.w.org\/{rel}","templated":true}]}}