{"id":88591,"date":"2024-02-08T09:10:26","date_gmt":"2024-02-08T07:10:26","guid":{"rendered":"https:\/\/www.lustandlove.eu\/?post_type=product&#038;p=88591"},"modified":"2026-04-13T10:27:16","modified_gmt":"2026-04-13T07:27:16","slug":"xtc-tennis-girl-copy","status":"publish","type":"product","link":"https:\/\/lustandlove.eu\/et\/toode\/xtc-tennis-girl-copy\/","title":{"rendered":"Seiraku Slut Fighter Hip"},"content":{"rendered":"<p><strong>Street Fighter onahip<\/strong><br \/>\nSee m\u00e4nguasi on kujundatud nagu naise toonuses tagumik, k\u00f5ht ja reie \u00fclaosa ning selle poos n\u00e4itab k\u00f5iki neid varasid kaunilt. \u00dcks v\u00f5imas jalg on teisest k\u00f5rgemale t\u00f5stetud, paljastab ta sulle oma <em>pussy<\/em> ja tagumikku. Lisainspiratsiooni saamiseks vaadake kasti k\u00fcljelt!<\/p>\n<p>Materjal tundub puudutamisel pehme, kuid on piisavalt tugev, et hoida oma kuju ja pakkuda m\u00f5ningast vastupanu, kui seda haarate, pigistate v\u00f5i laksutate. See kaalub muljetavaldavalt 3,5 kg, nii et realistliku v\u00e4ljan\u00e4gemise ja enesetunde jaoks on see enam kui piisav. Sellel on lihtne ja arusaadav \u00fchekihiline konstruktsioon, mis t\u00e4hendab, et teil ei ole probleeme kihtide lagunemise v\u00f5i lahtitulekuga.<\/p>\n<p>Slut Fighteri vagiinahuuled on \u00fcksikasjalikud ja elutruud, ning m\u00e4rkad \u00f5rna nahatekstuuri erinevust tursunud v\u00e4limistel h\u00e4bememokkadel ja laineliste, \u00f5rnade sisemistel h\u00e4bememokkadel.<\/p>\n<p>Kui libised Slut Fighteri m\u00e4rja vagiina sisse, on sind ees ootavad erinevad tekstuurid! Seiraku on selle tunneli projekteerimisel teinud suurep\u00e4rast t\u00f6\u00f6d.<\/p>\n<p>Esimene osa on suhteliselt lai, mis teeb sissep\u00e4\u00e4su lihtsaks. Teie \u00fcmber voldivad mitmed \u00e4\u00e4ristatud voldid, mis on piisavalt pehmed, et neid m\u00f6\u00f6da surudes k\u00fcljelt k\u00fcljele pigistada. J\u00e4rgmine on v\u00e4rav: sellel tihedal, s\u00f5\u00f5rikutaolisel kujul on peenelt rihveldatud tekstuur ja see pigistab tunnelisse s\u00fcgavamale minnes su peenise tugevalt kokku.<\/p>\n<p>P\u00e4rast m\u00f5ningaid servi ja palju peenemat v\u00e4ravat j\u00f5uate G-punkti: see masseeriv nupp lisab survepunkti ja kui leiate \u00f5ige nurga, saate selle oma k\u00f5ige tundlikumate kohtadega joondada. Laske sel h\u00f5\u00f5ruda \u00fcle pea v\u00f5i teha pai oma peenise alumisele osale! Tunnetuse muudavad veelgi paremaks seda \u00fcmbritsevad voldid ja muud struktuurid.<\/p>\n<p>Slut Fighter&#8217;i tunneli viimasel osal on \u00f5rn k\u00f5verus ning see vahetub horisontaalsete ja vertikaalsete voltide vahel, mis voldivad innukalt sinu \u00fcmber, kui palle s\u00fcgavale sellesse onahipi surud!<\/p>\n<p><strong>Tihedam ja intensiivsem anaaltunnel<\/strong><br \/>\nKas soovite midagi \u00e4gedamat teha? Anaaltunnel on see, mida otsite! Tihedama ja rikkaliku tekstuuriga Slut Fighteri tagumik ajab judinad m\u00f6\u00f6da selgroogu jooksma.<\/p>\n<p>P\u00e4rast sulgurlihase pingelist sisenemist tunnete, kuidas mitmed tekstureeritud mummud libisevad teist m\u00f6\u00f6da, enne kui tunnel s\u00fcveneb rea s\u00fcgavate poolkuu-kujuliste voltidega. Tunnelis vahelduvad laiemad ja kitsamad alad, voldid j\u00e4ljendavad t\u00f5elise tagumiku membraane.<\/p>\n<p>S\u00fcgavamalt leiate rohkema tekstuuri koos masseerivate punktide ja tekstureeritud servadega. L\u00f5puks sisenete otsakambrisse, millel on samad siledad servad nagu teisel tunnelil, kuid mis on veidi tihedamad.<\/p>\n<p><strong>Slut Fighter onahip l\u00fchidalt<\/strong><br \/>\nEbatavaline poos, kena materjal ja uskumatult h\u00e4sti kujundatud tunnelid muudavad selle onahipi t\u00f5eliseks lisandiks igale kollektsioonile. Kopsaka 3,5 kg kaaluva ja peaaegu 30 cm pikkusega Slut Fighter ja tema v\u00f5imsad reied l\u00f6\u00f6vad teid koheselt vastu!<\/p>\n<p>Onahole m\u00f5\u00f5dud: 15 x 23 x 28 cm<\/p>\n","protected":false},"excerpt":{"rendered":"<p>Street Fighteri \u00fchest armastatuimast ja ikoonilisemast tegelaskujust inspireeritud, tegi Seiraku Toys selle kauni ja ebatavalise onahipi austusavalduseks k\u00f5igile neile kaunite reitega naistele.<\/p>\n","protected":false},"featured_media":88601,"template":"","meta":[],"product_brand":[4142],"product_cat":[3525,1477,4006],"product_tag":[],"class_list":{"0":"post-88591","1":"product","2":"type-product","3":"status-publish","4":"has-post-thumbnail","6":"product_brand-motsutoys-et","7":"product_cat-hentai","8":"product_cat-meestele","9":"product_cat-onahip-ja-nukud","10":"pa_brand-motsutoys-et","12":"first","13":"instock","14":"taxable","15":"shipping-taxable","16":"purchasable","17":"product-type-simple"},"yoast_head":"<!-- This site is optimized with the Yoast SEO plugin v27.3 - https:\/\/yoast.com\/product\/yoast-seo-wordpress\/ -->\n<title>Seiraku Slut Fighter Hip | Lust and Love<\/title>\n<meta name=\"description\" content=\"See m\u00e4nguasi on kujundatud nagu naise toonuses tagumik, k\u00f5ht ja reie \u00fclaosa. Kui \u00fcks v\u00f5imas jalg on teisest k\u00f5rgemale t\u00f5stetud, paljastab ta oma vagiina ja tagumiku\" \/>\n<meta name=\"robots\" content=\"index,follow,max-snippet:-1,max-image-preview:large,max-video-preview:-1\" \/>\n<link rel=\"canonical\" href=\"https:\/\/lustandlove.eu\/et\/toode\/xtc-tennis-girl-copy\/\" \/>\n<meta name=\"twitter:card\" content=\"summary_large_image\" \/>\n<meta name=\"twitter:title\" content=\"Seiraku Slut Fighter Hip | Lust and Love\" \/>\n<meta name=\"twitter:description\" content=\"See m\u00e4nguasi on kujundatud nagu naise toonuses tagumik, k\u00f5ht ja reie \u00fclaosa. Kui \u00fcks v\u00f5imas jalg on teisest k\u00f5rgemale t\u00f5stetud, paljastab ta oma vagiina ja tagumiku\" \/>\n<meta name=\"twitter:image\" content=\"https:\/\/lustandlove.eu\/wp-content\/uploads\/chun_li_street_fighter_slut_fighter.jpg\" \/>\n<meta name=\"twitter:label1\" content=\"Est. reading time\" \/>\n\t<meta name=\"twitter:data1\" content=\"2 minutit\" \/>\n<script type=\"application\/ld+json\" class=\"yoast-schema-graph\">{\"@context\":\"https:\\\/\\\/schema.org\",\"@graph\":[{\"@type\":[\"WebPage\",\"ItemPage\"],\"@id\":\"https:\\\/\\\/lustandlove.eu\\\/et\\\/toode\\\/xtc-tennis-girl-copy\\\/\",\"url\":\"https:\\\/\\\/lustandlove.eu\\\/et\\\/toode\\\/xtc-tennis-girl-copy\\\/\",\"name\":\"Seiraku Slut Fighter Hip | Lust and Love\",\"isPartOf\":{\"@id\":\"https:\\\/\\\/lustandlove.eu\\\/et\\\/#website\"},\"primaryImageOfPage\":{\"@id\":\"https:\\\/\\\/lustandlove.eu\\\/et\\\/toode\\\/xtc-tennis-girl-copy\\\/#primaryimage\"},\"image\":{\"@id\":\"https:\\\/\\\/lustandlove.eu\\\/et\\\/toode\\\/xtc-tennis-girl-copy\\\/#primaryimage\"},\"thumbnailUrl\":\"https:\\\/\\\/lustandlove.eu\\\/wp-content\\\/uploads\\\/chun_li_street_fighter_slut_fighter.jpg\",\"datePublished\":\"2024-02-08T07:10:26+00:00\",\"dateModified\":\"2026-04-13T07:27:16+00:00\",\"description\":\"See m\u00e4nguasi on kujundatud nagu naise toonuses tagumik, k\u00f5ht ja reie \u00fclaosa. Kui \u00fcks v\u00f5imas jalg on teisest k\u00f5rgemale t\u00f5stetud, paljastab ta oma vagiina ja tagumiku\",\"breadcrumb\":{\"@id\":\"https:\\\/\\\/lustandlove.eu\\\/et\\\/toode\\\/xtc-tennis-girl-copy\\\/#breadcrumb\"},\"inLanguage\":\"et\",\"potentialAction\":[{\"@type\":\"ReadAction\",\"target\":[\"https:\\\/\\\/lustandlove.eu\\\/et\\\/toode\\\/xtc-tennis-girl-copy\\\/\"]}]},{\"@type\":\"ImageObject\",\"inLanguage\":\"et\",\"@id\":\"https:\\\/\\\/lustandlove.eu\\\/et\\\/toode\\\/xtc-tennis-girl-copy\\\/#primaryimage\",\"url\":\"https:\\\/\\\/lustandlove.eu\\\/wp-content\\\/uploads\\\/chun_li_street_fighter_slut_fighter.jpg\",\"contentUrl\":\"https:\\\/\\\/lustandlove.eu\\\/wp-content\\\/uploads\\\/chun_li_street_fighter_slut_fighter.jpg\",\"width\":700,\"height\":700},{\"@type\":\"BreadcrumbList\",\"@id\":\"https:\\\/\\\/lustandlove.eu\\\/et\\\/toode\\\/xtc-tennis-girl-copy\\\/#breadcrumb\",\"itemListElement\":[{\"@type\":\"ListItem\",\"position\":1,\"name\":\"Lust and Love\",\"item\":\"https:\\\/\\\/lustandlove.eu\\\/et\\\/\"},{\"@type\":\"ListItem\",\"position\":2,\"name\":\"Pood\",\"item\":\"https:\\\/\\\/lustandlove.eu\\\/et\\\/pood\\\/\"},{\"@type\":\"ListItem\",\"position\":3,\"name\":\"Meestele\",\"item\":\"https:\\\/\\\/lustandlove.eu\\\/et\\\/pood\\\/meestele\\\/\"},{\"@type\":\"ListItem\",\"position\":4,\"name\":\"Seiraku Slut Fighter Hip\"}]},{\"@type\":\"WebSite\",\"@id\":\"https:\\\/\\\/lustandlove.eu\\\/et\\\/#website\",\"url\":\"https:\\\/\\\/lustandlove.eu\\\/et\\\/\",\"name\":\"Lust &amp; Love\",\"description\":\"Online erootikapood tervise, ilu ja armastuse jaoks\",\"publisher\":{\"@id\":\"https:\\\/\\\/lustandlove.eu\\\/et\\\/#organization\"},\"potentialAction\":[{\"@type\":\"SearchAction\",\"target\":{\"@type\":\"EntryPoint\",\"urlTemplate\":\"https:\\\/\\\/lustandlove.eu\\\/et\\\/?s={search_term_string}\"},\"query-input\":{\"@type\":\"PropertyValueSpecification\",\"valueRequired\":true,\"valueName\":\"search_term_string\"}}],\"inLanguage\":\"et\"},{\"@type\":\"Organization\",\"@id\":\"https:\\\/\\\/lustandlove.eu\\\/et\\\/#organization\",\"name\":\"Bioconcept Baltics O\u00dc\",\"url\":\"https:\\\/\\\/lustandlove.eu\\\/et\\\/\",\"logo\":{\"@type\":\"ImageObject\",\"inLanguage\":\"et\",\"@id\":\"https:\\\/\\\/lustandlove.eu\\\/et\\\/#\\\/schema\\\/logo\\\/image\\\/\",\"url\":\"\",\"contentUrl\":\"\",\"caption\":\"Bioconcept Baltics O\u00dc\"},\"image\":{\"@id\":\"https:\\\/\\\/lustandlove.eu\\\/et\\\/#\\\/schema\\\/logo\\\/image\\\/\"},\"sameAs\":[\"https:\\\/\\\/www.facebook.com\\\/LustandLoveEU\\\/\",\"https:\\\/\\\/www.instagram.com\\\/lustandloveeu\\\/\"]}]}<\/script>\n<!-- \/ Yoast SEO plugin. -->","yoast_head_json":{"title":"Seiraku Slut Fighter Hip | Lust and Love","description":"See m\u00e4nguasi on kujundatud nagu naise toonuses tagumik, k\u00f5ht ja reie \u00fclaosa. Kui \u00fcks v\u00f5imas jalg on teisest k\u00f5rgemale t\u00f5stetud, paljastab ta oma vagiina ja tagumiku","robots":{"index,follow,max-snippet":"index,follow,max-snippet:-1,max-image-preview:large,max-video-preview:-1"},"canonical":"https:\/\/lustandlove.eu\/et\/toode\/xtc-tennis-girl-copy\/","twitter_card":"summary_large_image","twitter_title":"Seiraku Slut Fighter Hip | Lust and Love","twitter_description":"See m\u00e4nguasi on kujundatud nagu naise toonuses tagumik, k\u00f5ht ja reie \u00fclaosa. Kui \u00fcks v\u00f5imas jalg on teisest k\u00f5rgemale t\u00f5stetud, paljastab ta oma vagiina ja tagumiku","twitter_image":"https:\/\/lustandlove.eu\/wp-content\/uploads\/chun_li_street_fighter_slut_fighter.jpg","twitter_misc":{"Est. reading time":"2 minutit"},"schema":{"@context":"https:\/\/schema.org","@graph":[{"@type":["WebPage","ItemPage"],"@id":"https:\/\/lustandlove.eu\/et\/toode\/xtc-tennis-girl-copy\/","url":"https:\/\/lustandlove.eu\/et\/toode\/xtc-tennis-girl-copy\/","name":"Seiraku Slut Fighter Hip | Lust and Love","isPartOf":{"@id":"https:\/\/lustandlove.eu\/et\/#website"},"primaryImageOfPage":{"@id":"https:\/\/lustandlove.eu\/et\/toode\/xtc-tennis-girl-copy\/#primaryimage"},"image":{"@id":"https:\/\/lustandlove.eu\/et\/toode\/xtc-tennis-girl-copy\/#primaryimage"},"thumbnailUrl":"https:\/\/lustandlove.eu\/wp-content\/uploads\/chun_li_street_fighter_slut_fighter.jpg","datePublished":"2024-02-08T07:10:26+00:00","dateModified":"2026-04-13T07:27:16+00:00","description":"See m\u00e4nguasi on kujundatud nagu naise toonuses tagumik, k\u00f5ht ja reie \u00fclaosa. Kui \u00fcks v\u00f5imas jalg on teisest k\u00f5rgemale t\u00f5stetud, paljastab ta oma vagiina ja tagumiku","breadcrumb":{"@id":"https:\/\/lustandlove.eu\/et\/toode\/xtc-tennis-girl-copy\/#breadcrumb"},"inLanguage":"et","potentialAction":[{"@type":"ReadAction","target":["https:\/\/lustandlove.eu\/et\/toode\/xtc-tennis-girl-copy\/"]}]},{"@type":"ImageObject","inLanguage":"et","@id":"https:\/\/lustandlove.eu\/et\/toode\/xtc-tennis-girl-copy\/#primaryimage","url":"https:\/\/lustandlove.eu\/wp-content\/uploads\/chun_li_street_fighter_slut_fighter.jpg","contentUrl":"https:\/\/lustandlove.eu\/wp-content\/uploads\/chun_li_street_fighter_slut_fighter.jpg","width":700,"height":700},{"@type":"BreadcrumbList","@id":"https:\/\/lustandlove.eu\/et\/toode\/xtc-tennis-girl-copy\/#breadcrumb","itemListElement":[{"@type":"ListItem","position":1,"name":"Lust and Love","item":"https:\/\/lustandlove.eu\/et\/"},{"@type":"ListItem","position":2,"name":"Pood","item":"https:\/\/lustandlove.eu\/et\/pood\/"},{"@type":"ListItem","position":3,"name":"Meestele","item":"https:\/\/lustandlove.eu\/et\/pood\/meestele\/"},{"@type":"ListItem","position":4,"name":"Seiraku Slut Fighter Hip"}]},{"@type":"WebSite","@id":"https:\/\/lustandlove.eu\/et\/#website","url":"https:\/\/lustandlove.eu\/et\/","name":"Lust &amp; Love","description":"Online erootikapood tervise, ilu ja armastuse jaoks","publisher":{"@id":"https:\/\/lustandlove.eu\/et\/#organization"},"potentialAction":[{"@type":"SearchAction","target":{"@type":"EntryPoint","urlTemplate":"https:\/\/lustandlove.eu\/et\/?s={search_term_string}"},"query-input":{"@type":"PropertyValueSpecification","valueRequired":true,"valueName":"search_term_string"}}],"inLanguage":"et"},{"@type":"Organization","@id":"https:\/\/lustandlove.eu\/et\/#organization","name":"Bioconcept Baltics O\u00dc","url":"https:\/\/lustandlove.eu\/et\/","logo":{"@type":"ImageObject","inLanguage":"et","@id":"https:\/\/lustandlove.eu\/et\/#\/schema\/logo\/image\/","url":"","contentUrl":"","caption":"Bioconcept Baltics O\u00dc"},"image":{"@id":"https:\/\/lustandlove.eu\/et\/#\/schema\/logo\/image\/"},"sameAs":["https:\/\/www.facebook.com\/LustandLoveEU\/","https:\/\/www.instagram.com\/lustandloveeu\/"]}]}},"_links":{"self":[{"href":"https:\/\/lustandlove.eu\/et\/wp-json\/wp\/v2\/product\/88591","targetHints":{"allow":["GET"]}}],"collection":[{"href":"https:\/\/lustandlove.eu\/et\/wp-json\/wp\/v2\/product"}],"about":[{"href":"https:\/\/lustandlove.eu\/et\/wp-json\/wp\/v2\/types\/product"}],"wp:featuredmedia":[{"embeddable":true,"href":"https:\/\/lustandlove.eu\/et\/wp-json\/wp\/v2\/media\/88601"}],"wp:attachment":[{"href":"https:\/\/lustandlove.eu\/et\/wp-json\/wp\/v2\/media?parent=88591"}],"wp:term":[{"taxonomy":"product_brand","embeddable":true,"href":"https:\/\/lustandlove.eu\/et\/wp-json\/wp\/v2\/product_brand?post=88591"},{"taxonomy":"product_cat","embeddable":true,"href":"https:\/\/lustandlove.eu\/et\/wp-json\/wp\/v2\/product_cat?post=88591"},{"taxonomy":"product_tag","embeddable":true,"href":"https:\/\/lustandlove.eu\/et\/wp-json\/wp\/v2\/product_tag?post=88591"}],"curies":[{"name":"wp","href":"https:\/\/api.w.org\/{rel}","templated":true}]}}