{"id":88603,"date":"2024-02-08T09:36:30","date_gmt":"2024-02-08T07:36:30","guid":{"rendered":"https:\/\/www.lustandlove.eu\/?post_type=product&#038;p=88603"},"modified":"2026-04-13T10:27:16","modified_gmt":"2026-04-13T07:27:16","slug":"seiraku-ereshkigal-cherry-61kg","status":"publish","type":"product","link":"https:\/\/lustandlove.eu\/et\/toode\/seiraku-ereshkigal-cherry-61kg\/","title":{"rendered":"Seiraku Ereshkigal Cherry 6,1kg"},"content":{"rendered":"<p><strong>Sind ootab jumalanna<\/strong><br \/>\nEreshkigal on sumeri m\u00fctoloogia j\u00e4rgi allmaailma jumalanna. Iidne ja v\u00f5imas, ta juhib surnute riiki ja hoolitseb hingede eest.<\/p>\n<p>Kuid isegi v\u00f5imsad jumalannad tahavad vahel natuke l\u00f5butseda! Ereshkigal on v\u00f5tnud enda valdusse noore naise keha ja soovib siin viibides nautida m\u00f5ningaid surelikke naudinguid&#8230; Kas n\u00e4itate talle head aega?<\/p>\n<p>Seiraku pakendil on kaks kaunist kunstiteost, mis m\u00f5lemad n\u00e4itavad Ereshkigali peamist vara: tema kirsikujulist tagumikku. Luksuslik karp on v\u00e4ga vastupidav ja sellel on ilus kuldne fooliumtr\u00fckk, mis annab selgeks, et ootate esmaklassilist naudingut.<\/p>\n<p><strong>T\u00e4iuslik tagumik<\/strong><br \/>\nEreshkigal Cherry onahole kaalub veidi \u00fcle 6 kg ja on umbes 30 cm lai. See muudab selle piisavalt suureks, et end realistlikult tunda, kuid mitte nii suureks ja raskeks, et oleks raske liikuda. Disain n\u00e4eb igast k\u00fcljest suurep\u00e4rane v\u00e4lja, olenemata sellest, kas teil on ta <em>doggy<\/em>-stiilis kummardunud, lamades selili, jalad laiali, v\u00f5i ratsutades <em>cowgirl<\/em> stiilis.<\/p>\n<p>Seiraku valis v\u00e4ga elutruu disaini, realistlike kujundite ja proportsioonidega. K\u00f5ht on kenasti toonuses ja seljalihased paistavad alaselga kaardudes silma. Tema kaunilt \u00fcmara tagumiku kohale on asetatud kaks peent lohku. L\u00f5petuseks, Ereshkigal Cherry vagiina n\u00e4eb v\u00e4lja peaaegu ehmatavalt nagu p\u00e4ris: kvaliteetne elastomeermaterjal sisaldab palju detaile ja n\u00e4ete k\u00f5iki v\u00e4ikseid konarusi, jooni ja volte, mis t\u00f5elisel nahal on.<\/p>\n<p><strong>Kaks t\u00e4pselt disainitud tunnelit<\/strong><br \/>\nEreshkigal Cherry vagiina ei ole ilus ainult v\u00e4liselt! Selle onahipi sisemised tekstuurid on v\u00e4ga h\u00e4sti l\u00e4bim\u00f5eldud ja s\u00e4ravad t\u00f5eliselt t\u00e4nu paksudele seintele ja kenale materjalile.<\/p>\n<p>Kui libistate Ereshkigali <em>pussy<\/em> sisse, m\u00f6\u00f6dute esmalt kahest v\u00e4ravakonstruktsioonist, mis haaravad \u00fcmber teie peenise ja aitavad iga t\u00f5mbega libestit uuesti peale kanda. J\u00e4rgneb kombinatsioon konarustest ja kujunditest, mis on kirjeldamiseks liiga keerulised, kusjuures erinevad tekstuurid suruvad vastu ja tabavad k\u00f5iki \u00f5igeid kohti. Tagantpoolt leiate pikema osa, mille tekstuurid on nagu p\u00e4rlite jada, mis viib teid v\u00e4ikesesse otsakambrisse, millel on peenelt soonitud emakas\u2026 Vau!<\/p>\n<p>Kuid Ereshkigal pakub teile muidugi hea meelega ka oma \u201callilma\u201d naudinguid. P\u00e4rast seda, kui olete tihedast aanusest l\u00e4bi surunud, ootavad teid mitu plokki stimuleerivaid tekstuure, mille vahel on v\u00e4ike vahe. Kuna materjal on pehme ja veniv, liiguvad klotsid iga t\u00f5uke korral edasi-tagasi, pakkudes teile h\u00e4mmastavat massaa\u017ei. Anaaltunneli tagak\u00fcljel on mitu pikka konarlikku rihmikut, mis tunnevad end suurep\u00e4raselt, kui need libisevad \u00fcle peenise ja selle pea.<\/p>\n<p>Haarake Ereshkigali \u00fcmaratest tuharatest, kui sa ikka ja j\u00e4lle tema pehmesse lihasse p\u00f5rutad!<\/p>\n<p><strong>Ereshkigal Cherry onahip l\u00fchidalt<\/strong><br \/>\nSeiraku kingib meile taaskord imelise sekslelu, millel on ilus disain nii seest kui v\u00e4ljast. Suurep\u00e4rane materjal ja mitmekesised tunnelid tunduvad t\u00e4iesti h\u00e4mmastavad.<\/p>\n<p>Onahole laius: 30 cm<br \/>\nOnahole k\u00f5rgus: 18 cm<br \/>\nOnahole pikkus: 27 cm<\/p>\n","protected":false},"excerpt":{"rendered":"<p>Sellel kaunil Seiraku onahip m\u00e4nguasjal on kvaliteetne materjal, vapustav 360-kraadine disain ja loomulikult kaks v\u00e4ga nauditavat tunnelit.<\/p>\n","protected":false},"featured_media":88611,"template":"","meta":[],"product_brand":[4142],"product_cat":[3525,1477,4006],"product_tag":[],"class_list":{"0":"post-88603","1":"product","2":"type-product","3":"status-publish","4":"has-post-thumbnail","6":"product_brand-motsutoys-et","7":"product_cat-hentai","8":"product_cat-meestele","9":"product_cat-onahip-ja-nukud","10":"pa_brand-motsutoys-et","12":"first","13":"instock","14":"taxable","15":"shipping-taxable","16":"purchasable","17":"product-type-simple"},"yoast_head":"<!-- This site is optimized with the Yoast SEO plugin v27.3 - https:\/\/yoast.com\/product\/yoast-seo-wordpress\/ -->\n<title>Seiraku Ereshkigal Cherry 6,1kg | Lust and Love<\/title>\n<meta name=\"description\" content=\"Ereshkigal on sumeri m\u00fctoloogia j\u00e4rgi allmaailma jumalanna. Kaks veetlevat tunnelit ootavad teie peenist.\" \/>\n<meta name=\"robots\" content=\"index,follow,max-snippet:-1,max-image-preview:large,max-video-preview:-1\" \/>\n<link rel=\"canonical\" href=\"https:\/\/lustandlove.eu\/et\/toode\/seiraku-ereshkigal-cherry-61kg\/\" \/>\n<meta name=\"twitter:card\" content=\"summary_large_image\" \/>\n<meta name=\"twitter:title\" content=\"Seiraku Ereshkigal Cherry 6,1kg | Lust and Love\" \/>\n<meta name=\"twitter:description\" content=\"Ereshkigal on sumeri m\u00fctoloogia j\u00e4rgi allmaailma jumalanna. Kaks veetlevat tunnelit ootavad teie peenist.\" \/>\n<meta name=\"twitter:image\" content=\"https:\/\/lustandlove.eu\/wp-content\/uploads\/ereshkigal_cherry_onahole_with_hentai_box_art.jpg\" \/>\n<meta name=\"twitter:label1\" content=\"Est. reading time\" \/>\n\t<meta name=\"twitter:data1\" content=\"2 minutit\" \/>\n<script type=\"application\/ld+json\" class=\"yoast-schema-graph\">{\"@context\":\"https:\\\/\\\/schema.org\",\"@graph\":[{\"@type\":[\"WebPage\",\"ItemPage\"],\"@id\":\"https:\\\/\\\/lustandlove.eu\\\/et\\\/toode\\\/seiraku-ereshkigal-cherry-61kg\\\/\",\"url\":\"https:\\\/\\\/lustandlove.eu\\\/et\\\/toode\\\/seiraku-ereshkigal-cherry-61kg\\\/\",\"name\":\"Seiraku Ereshkigal Cherry 6,1kg | Lust and Love\",\"isPartOf\":{\"@id\":\"https:\\\/\\\/lustandlove.eu\\\/et\\\/#website\"},\"primaryImageOfPage\":{\"@id\":\"https:\\\/\\\/lustandlove.eu\\\/et\\\/toode\\\/seiraku-ereshkigal-cherry-61kg\\\/#primaryimage\"},\"image\":{\"@id\":\"https:\\\/\\\/lustandlove.eu\\\/et\\\/toode\\\/seiraku-ereshkigal-cherry-61kg\\\/#primaryimage\"},\"thumbnailUrl\":\"https:\\\/\\\/lustandlove.eu\\\/wp-content\\\/uploads\\\/ereshkigal_cherry_onahole_with_hentai_box_art.jpg\",\"datePublished\":\"2024-02-08T07:36:30+00:00\",\"dateModified\":\"2026-04-13T07:27:16+00:00\",\"description\":\"Ereshkigal on sumeri m\u00fctoloogia j\u00e4rgi allmaailma jumalanna. Kaks veetlevat tunnelit ootavad teie peenist.\",\"breadcrumb\":{\"@id\":\"https:\\\/\\\/lustandlove.eu\\\/et\\\/toode\\\/seiraku-ereshkigal-cherry-61kg\\\/#breadcrumb\"},\"inLanguage\":\"et\",\"potentialAction\":[{\"@type\":\"ReadAction\",\"target\":[\"https:\\\/\\\/lustandlove.eu\\\/et\\\/toode\\\/seiraku-ereshkigal-cherry-61kg\\\/\"]}]},{\"@type\":\"ImageObject\",\"inLanguage\":\"et\",\"@id\":\"https:\\\/\\\/lustandlove.eu\\\/et\\\/toode\\\/seiraku-ereshkigal-cherry-61kg\\\/#primaryimage\",\"url\":\"https:\\\/\\\/lustandlove.eu\\\/wp-content\\\/uploads\\\/ereshkigal_cherry_onahole_with_hentai_box_art.jpg\",\"contentUrl\":\"https:\\\/\\\/lustandlove.eu\\\/wp-content\\\/uploads\\\/ereshkigal_cherry_onahole_with_hentai_box_art.jpg\",\"width\":700,\"height\":700},{\"@type\":\"BreadcrumbList\",\"@id\":\"https:\\\/\\\/lustandlove.eu\\\/et\\\/toode\\\/seiraku-ereshkigal-cherry-61kg\\\/#breadcrumb\",\"itemListElement\":[{\"@type\":\"ListItem\",\"position\":1,\"name\":\"Lust and Love\",\"item\":\"https:\\\/\\\/lustandlove.eu\\\/et\\\/\"},{\"@type\":\"ListItem\",\"position\":2,\"name\":\"Pood\",\"item\":\"https:\\\/\\\/lustandlove.eu\\\/et\\\/pood\\\/\"},{\"@type\":\"ListItem\",\"position\":3,\"name\":\"Meestele\",\"item\":\"https:\\\/\\\/lustandlove.eu\\\/et\\\/pood\\\/meestele\\\/\"},{\"@type\":\"ListItem\",\"position\":4,\"name\":\"Seiraku Ereshkigal Cherry 6,1kg\"}]},{\"@type\":\"WebSite\",\"@id\":\"https:\\\/\\\/lustandlove.eu\\\/et\\\/#website\",\"url\":\"https:\\\/\\\/lustandlove.eu\\\/et\\\/\",\"name\":\"Lust &amp; Love\",\"description\":\"Online erootikapood tervise, ilu ja armastuse jaoks\",\"publisher\":{\"@id\":\"https:\\\/\\\/lustandlove.eu\\\/et\\\/#organization\"},\"potentialAction\":[{\"@type\":\"SearchAction\",\"target\":{\"@type\":\"EntryPoint\",\"urlTemplate\":\"https:\\\/\\\/lustandlove.eu\\\/et\\\/?s={search_term_string}\"},\"query-input\":{\"@type\":\"PropertyValueSpecification\",\"valueRequired\":true,\"valueName\":\"search_term_string\"}}],\"inLanguage\":\"et\"},{\"@type\":\"Organization\",\"@id\":\"https:\\\/\\\/lustandlove.eu\\\/et\\\/#organization\",\"name\":\"Bioconcept Baltics O\u00dc\",\"url\":\"https:\\\/\\\/lustandlove.eu\\\/et\\\/\",\"logo\":{\"@type\":\"ImageObject\",\"inLanguage\":\"et\",\"@id\":\"https:\\\/\\\/lustandlove.eu\\\/et\\\/#\\\/schema\\\/logo\\\/image\\\/\",\"url\":\"\",\"contentUrl\":\"\",\"caption\":\"Bioconcept Baltics O\u00dc\"},\"image\":{\"@id\":\"https:\\\/\\\/lustandlove.eu\\\/et\\\/#\\\/schema\\\/logo\\\/image\\\/\"},\"sameAs\":[\"https:\\\/\\\/www.facebook.com\\\/LustandLoveEU\\\/\",\"https:\\\/\\\/www.instagram.com\\\/lustandloveeu\\\/\"]}]}<\/script>\n<!-- \/ Yoast SEO plugin. -->","yoast_head_json":{"title":"Seiraku Ereshkigal Cherry 6,1kg | Lust and Love","description":"Ereshkigal on sumeri m\u00fctoloogia j\u00e4rgi allmaailma jumalanna. Kaks veetlevat tunnelit ootavad teie peenist.","robots":{"index,follow,max-snippet":"index,follow,max-snippet:-1,max-image-preview:large,max-video-preview:-1"},"canonical":"https:\/\/lustandlove.eu\/et\/toode\/seiraku-ereshkigal-cherry-61kg\/","twitter_card":"summary_large_image","twitter_title":"Seiraku Ereshkigal Cherry 6,1kg | Lust and Love","twitter_description":"Ereshkigal on sumeri m\u00fctoloogia j\u00e4rgi allmaailma jumalanna. Kaks veetlevat tunnelit ootavad teie peenist.","twitter_image":"https:\/\/lustandlove.eu\/wp-content\/uploads\/ereshkigal_cherry_onahole_with_hentai_box_art.jpg","twitter_misc":{"Est. reading time":"2 minutit"},"schema":{"@context":"https:\/\/schema.org","@graph":[{"@type":["WebPage","ItemPage"],"@id":"https:\/\/lustandlove.eu\/et\/toode\/seiraku-ereshkigal-cherry-61kg\/","url":"https:\/\/lustandlove.eu\/et\/toode\/seiraku-ereshkigal-cherry-61kg\/","name":"Seiraku Ereshkigal Cherry 6,1kg | Lust and Love","isPartOf":{"@id":"https:\/\/lustandlove.eu\/et\/#website"},"primaryImageOfPage":{"@id":"https:\/\/lustandlove.eu\/et\/toode\/seiraku-ereshkigal-cherry-61kg\/#primaryimage"},"image":{"@id":"https:\/\/lustandlove.eu\/et\/toode\/seiraku-ereshkigal-cherry-61kg\/#primaryimage"},"thumbnailUrl":"https:\/\/lustandlove.eu\/wp-content\/uploads\/ereshkigal_cherry_onahole_with_hentai_box_art.jpg","datePublished":"2024-02-08T07:36:30+00:00","dateModified":"2026-04-13T07:27:16+00:00","description":"Ereshkigal on sumeri m\u00fctoloogia j\u00e4rgi allmaailma jumalanna. Kaks veetlevat tunnelit ootavad teie peenist.","breadcrumb":{"@id":"https:\/\/lustandlove.eu\/et\/toode\/seiraku-ereshkigal-cherry-61kg\/#breadcrumb"},"inLanguage":"et","potentialAction":[{"@type":"ReadAction","target":["https:\/\/lustandlove.eu\/et\/toode\/seiraku-ereshkigal-cherry-61kg\/"]}]},{"@type":"ImageObject","inLanguage":"et","@id":"https:\/\/lustandlove.eu\/et\/toode\/seiraku-ereshkigal-cherry-61kg\/#primaryimage","url":"https:\/\/lustandlove.eu\/wp-content\/uploads\/ereshkigal_cherry_onahole_with_hentai_box_art.jpg","contentUrl":"https:\/\/lustandlove.eu\/wp-content\/uploads\/ereshkigal_cherry_onahole_with_hentai_box_art.jpg","width":700,"height":700},{"@type":"BreadcrumbList","@id":"https:\/\/lustandlove.eu\/et\/toode\/seiraku-ereshkigal-cherry-61kg\/#breadcrumb","itemListElement":[{"@type":"ListItem","position":1,"name":"Lust and Love","item":"https:\/\/lustandlove.eu\/et\/"},{"@type":"ListItem","position":2,"name":"Pood","item":"https:\/\/lustandlove.eu\/et\/pood\/"},{"@type":"ListItem","position":3,"name":"Meestele","item":"https:\/\/lustandlove.eu\/et\/pood\/meestele\/"},{"@type":"ListItem","position":4,"name":"Seiraku Ereshkigal Cherry 6,1kg"}]},{"@type":"WebSite","@id":"https:\/\/lustandlove.eu\/et\/#website","url":"https:\/\/lustandlove.eu\/et\/","name":"Lust &amp; Love","description":"Online erootikapood tervise, ilu ja armastuse jaoks","publisher":{"@id":"https:\/\/lustandlove.eu\/et\/#organization"},"potentialAction":[{"@type":"SearchAction","target":{"@type":"EntryPoint","urlTemplate":"https:\/\/lustandlove.eu\/et\/?s={search_term_string}"},"query-input":{"@type":"PropertyValueSpecification","valueRequired":true,"valueName":"search_term_string"}}],"inLanguage":"et"},{"@type":"Organization","@id":"https:\/\/lustandlove.eu\/et\/#organization","name":"Bioconcept Baltics O\u00dc","url":"https:\/\/lustandlove.eu\/et\/","logo":{"@type":"ImageObject","inLanguage":"et","@id":"https:\/\/lustandlove.eu\/et\/#\/schema\/logo\/image\/","url":"","contentUrl":"","caption":"Bioconcept Baltics O\u00dc"},"image":{"@id":"https:\/\/lustandlove.eu\/et\/#\/schema\/logo\/image\/"},"sameAs":["https:\/\/www.facebook.com\/LustandLoveEU\/","https:\/\/www.instagram.com\/lustandloveeu\/"]}]}},"_links":{"self":[{"href":"https:\/\/lustandlove.eu\/et\/wp-json\/wp\/v2\/product\/88603","targetHints":{"allow":["GET"]}}],"collection":[{"href":"https:\/\/lustandlove.eu\/et\/wp-json\/wp\/v2\/product"}],"about":[{"href":"https:\/\/lustandlove.eu\/et\/wp-json\/wp\/v2\/types\/product"}],"wp:featuredmedia":[{"embeddable":true,"href":"https:\/\/lustandlove.eu\/et\/wp-json\/wp\/v2\/media\/88611"}],"wp:attachment":[{"href":"https:\/\/lustandlove.eu\/et\/wp-json\/wp\/v2\/media?parent=88603"}],"wp:term":[{"taxonomy":"product_brand","embeddable":true,"href":"https:\/\/lustandlove.eu\/et\/wp-json\/wp\/v2\/product_brand?post=88603"},{"taxonomy":"product_cat","embeddable":true,"href":"https:\/\/lustandlove.eu\/et\/wp-json\/wp\/v2\/product_cat?post=88603"},{"taxonomy":"product_tag","embeddable":true,"href":"https:\/\/lustandlove.eu\/et\/wp-json\/wp\/v2\/product_tag?post=88603"}],"curies":[{"name":"wp","href":"https:\/\/api.w.org\/{rel}","templated":true}]}}