{"id":88617,"date":"2024-02-08T10:02:57","date_gmt":"2024-02-08T08:02:58","guid":{"rendered":"https:\/\/www.lustandlove.eu\/?post_type=product&#038;p=88617"},"modified":"2026-04-13T10:27:16","modified_gmt":"2026-04-13T07:27:16","slug":"seiraku-ereshkigal-cherry-61kg-copy","status":"publish","type":"product","link":"https:\/\/lustandlove.eu\/et\/toode\/seiraku-ereshkigal-cherry-61kg-copy\/","title":{"rendered":"Seiraku Pururun Blue vein oppai 2200"},"content":{"rendered":"<p><strong>T\u00e4pselt nagu p\u00e4ris. V\u00f5i veel parem!<\/strong><br \/>\nPururun Blue Vein Oppai 2200 on loodud erilist t\u00e4helepanu p\u00f6\u00f6rates kvaliteedile ja detailidele, eriti neile meestele, kes hindavad realistlikku kogemust. Alates materjalidest kuni disainini \u2013 toode pakub teile suurimat naudingut, mis on t\u00e4pselt nagu t\u00f5elised rinnad.<\/p>\n<p>Nahamaterjali tekstuur tundub puudutamisel h\u00e4mmastavalt pehme. Kaks v\u00e4ikest roosat rinnanibu lausa anuvad, et sa nendega m\u00e4ngiksid. Ja spetsiaalse kitsa vahega on need rinnad loodud selleks, et saaksid nautida iga osa. Saate m\u00e4nguasja kasutada oma onahole&#8217;i lisandina v\u00f5i m\u00e4ngida lihtsalt Oppai 2200-ga, libistades kaunite \u00fcmarate tisside vahel, kuni olete valmis l\u00f5petama.<\/p>\n<p><strong>T\u00e4iuslikud rinnad <em>paizuri<\/em> ja muu jaoks<\/strong><br \/>\nPururun Blue Vein Oppai 2200 disain muudab need suurep\u00e4raseks lisandiks igale meeste m\u00e4nguasjakollektsioonile. T\u00e4nu materjalide kvaliteedile on see v\u00e4ga vastupidav. Ja spetsiaalne geel silikoonist v\u00e4liskihi all loob kaks suurep\u00e4rase kujuga rinda. Saate neid pehme realistliku nahamaterjali vahel pigistada, hoida, suruda, vajutada v\u00f5i libistada, et neid t\u00e4iel rinnal nautida. \u00c4rge unustage m\u00e4\u00e4rida libestit ja v\u00f5tta neist kahest \u00fcmarast ja seksikast tissist maksimumi.<\/p>\n<p>Teie nauding algab hetkest, kui avate pakendi, mille illustratsioonil on noor ja ilus t\u00fcdruk. Ta puudutab kergelt oma rindu, kutsudes teid endaga liituma.<br \/>\nNeed on peaaegu \u00fcmmargused, v\u00e4ikeste erutunud nibudega, mis on v\u00e4rvitud tumedamaks. Kuid parim osa on need realistlikud sinised veenid, mis muudavad rindade v\u00e4limuse t\u00e4pselt nagu t\u00f5eliseks. Tellige Pururun Blue Vein Oppai 2200 kohe ja asuge avastama selle h\u00e4mmastava m\u00e4nguasja naudinguid!<\/p>\n<p><strong>Silikooni eelised TPE ees<\/strong><br \/>\n1. Nibud on k\u00f5vemad, nagu erutatud naisel.<br \/>\n2. Nahal on \u00fche v\u00e4rvi asemel palju rohkem detaile, v\u00e4rvierinevusi ja nahadetaile.<br \/>\n3. Tunne on ka teistsugune, sest Pururun Blue Vein Oppai 2200 lisakihi t\u00f5ttu tundub see t\u00f5esti nagu naise rind, isegi rohkem, kui olete TPE Rindadega harjunud.<br \/>\n4. Dekoltee on kindlam, mis annab teistsuguse oppai elamuse.<br \/>\nJa neid on maitsvam lakkuda v\u00f5i imeda!<\/p>\n<p>Tehnilised andmed:<br \/>\nPikkus: 285 mm<br \/>\nLaius: 170 mm<br \/>\nK\u00f5rgus: 90 mm<\/p>\n","protected":false},"excerpt":{"rendered":"<p>Kui olete TPE-rindade seksleludest t\u00fcdinud ja soovite ehtsat asja, on see Pururun Blue Vein Oppai 2200 ideaalne valik! T\u00e4nu k\u00f5rgeima kvaliteediga silikoonile ja Seiraku DX geelile on rinnad teie k\u00e4tele ja peenisele \u00fclirealistliku tundega. Sinised veenid on k\u00e4sitsi maalitud pehmele nahatekstuurile, et tagada teie esmaklassiline rahulolu.<\/p>\n","protected":false},"featured_media":88631,"template":"","meta":[],"product_brand":[4142],"product_cat":[3525,1477,4006],"product_tag":[],"class_list":{"0":"post-88617","1":"product","2":"type-product","3":"status-publish","4":"has-post-thumbnail","6":"product_brand-motsutoys-et","7":"product_cat-hentai","8":"product_cat-meestele","9":"product_cat-onahip-ja-nukud","10":"pa_brand-motsutoys-et","12":"first","13":"instock","14":"taxable","15":"shipping-taxable","16":"purchasable","17":"product-type-simple"},"yoast_head":"<!-- This site is optimized with the Yoast SEO plugin v27.3 - https:\/\/yoast.com\/product\/yoast-seo-wordpress\/ -->\n<title>Seiraku Pururun Blue vein oppai 2200 | Lust and Love<\/title>\n<meta name=\"description\" content=\"T\u00e4nu k\u00f5rgeima kvaliteediga silikoonile ja Seiraku DX geelile on rinnad teie k\u00e4tele ja peenisele \u00fclirealistlikud.\" \/>\n<meta name=\"robots\" content=\"index,follow,max-snippet:-1,max-image-preview:large,max-video-preview:-1\" \/>\n<link rel=\"canonical\" href=\"https:\/\/lustandlove.eu\/et\/toode\/seiraku-ereshkigal-cherry-61kg-copy\/\" \/>\n<meta name=\"twitter:card\" content=\"summary_large_image\" \/>\n<meta name=\"twitter:title\" content=\"Seiraku Pururun Blue vein oppai 2200 | Lust and Love\" \/>\n<meta name=\"twitter:description\" content=\"T\u00e4nu k\u00f5rgeima kvaliteediga silikoonile ja Seiraku DX geelile on rinnad teie k\u00e4tele ja peenisele \u00fclirealistlikud.\" \/>\n<meta name=\"twitter:image\" content=\"https:\/\/lustandlove.eu\/wp-content\/uploads\/pururun_oppai_toy_main.jpg\" \/>\n<meta name=\"twitter:label1\" content=\"Est. reading time\" \/>\n\t<meta name=\"twitter:data1\" content=\"2 minutit\" \/>\n<script type=\"application\/ld+json\" class=\"yoast-schema-graph\">{\"@context\":\"https:\\\/\\\/schema.org\",\"@graph\":[{\"@type\":[\"WebPage\",\"ItemPage\"],\"@id\":\"https:\\\/\\\/lustandlove.eu\\\/et\\\/toode\\\/seiraku-ereshkigal-cherry-61kg-copy\\\/\",\"url\":\"https:\\\/\\\/lustandlove.eu\\\/et\\\/toode\\\/seiraku-ereshkigal-cherry-61kg-copy\\\/\",\"name\":\"Seiraku Pururun Blue vein oppai 2200 | Lust and Love\",\"isPartOf\":{\"@id\":\"https:\\\/\\\/lustandlove.eu\\\/et\\\/#website\"},\"primaryImageOfPage\":{\"@id\":\"https:\\\/\\\/lustandlove.eu\\\/et\\\/toode\\\/seiraku-ereshkigal-cherry-61kg-copy\\\/#primaryimage\"},\"image\":{\"@id\":\"https:\\\/\\\/lustandlove.eu\\\/et\\\/toode\\\/seiraku-ereshkigal-cherry-61kg-copy\\\/#primaryimage\"},\"thumbnailUrl\":\"https:\\\/\\\/lustandlove.eu\\\/wp-content\\\/uploads\\\/pururun_oppai_toy_main.jpg\",\"datePublished\":\"2024-02-08T08:02:58+00:00\",\"dateModified\":\"2026-04-13T07:27:16+00:00\",\"description\":\"T\u00e4nu k\u00f5rgeima kvaliteediga silikoonile ja Seiraku DX geelile on rinnad teie k\u00e4tele ja peenisele \u00fclirealistlikud.\",\"breadcrumb\":{\"@id\":\"https:\\\/\\\/lustandlove.eu\\\/et\\\/toode\\\/seiraku-ereshkigal-cherry-61kg-copy\\\/#breadcrumb\"},\"inLanguage\":\"et\",\"potentialAction\":[{\"@type\":\"ReadAction\",\"target\":[\"https:\\\/\\\/lustandlove.eu\\\/et\\\/toode\\\/seiraku-ereshkigal-cherry-61kg-copy\\\/\"]}]},{\"@type\":\"ImageObject\",\"inLanguage\":\"et\",\"@id\":\"https:\\\/\\\/lustandlove.eu\\\/et\\\/toode\\\/seiraku-ereshkigal-cherry-61kg-copy\\\/#primaryimage\",\"url\":\"https:\\\/\\\/lustandlove.eu\\\/wp-content\\\/uploads\\\/pururun_oppai_toy_main.jpg\",\"contentUrl\":\"https:\\\/\\\/lustandlove.eu\\\/wp-content\\\/uploads\\\/pururun_oppai_toy_main.jpg\",\"width\":700,\"height\":700},{\"@type\":\"BreadcrumbList\",\"@id\":\"https:\\\/\\\/lustandlove.eu\\\/et\\\/toode\\\/seiraku-ereshkigal-cherry-61kg-copy\\\/#breadcrumb\",\"itemListElement\":[{\"@type\":\"ListItem\",\"position\":1,\"name\":\"Lust and Love\",\"item\":\"https:\\\/\\\/lustandlove.eu\\\/et\\\/\"},{\"@type\":\"ListItem\",\"position\":2,\"name\":\"Pood\",\"item\":\"https:\\\/\\\/lustandlove.eu\\\/et\\\/pood\\\/\"},{\"@type\":\"ListItem\",\"position\":3,\"name\":\"Meestele\",\"item\":\"https:\\\/\\\/lustandlove.eu\\\/et\\\/pood\\\/meestele\\\/\"},{\"@type\":\"ListItem\",\"position\":4,\"name\":\"Seiraku Pururun Blue vein oppai 2200\"}]},{\"@type\":\"WebSite\",\"@id\":\"https:\\\/\\\/lustandlove.eu\\\/et\\\/#website\",\"url\":\"https:\\\/\\\/lustandlove.eu\\\/et\\\/\",\"name\":\"Lust &amp; Love\",\"description\":\"Online erootikapood tervise, ilu ja armastuse jaoks\",\"publisher\":{\"@id\":\"https:\\\/\\\/lustandlove.eu\\\/et\\\/#organization\"},\"potentialAction\":[{\"@type\":\"SearchAction\",\"target\":{\"@type\":\"EntryPoint\",\"urlTemplate\":\"https:\\\/\\\/lustandlove.eu\\\/et\\\/?s={search_term_string}\"},\"query-input\":{\"@type\":\"PropertyValueSpecification\",\"valueRequired\":true,\"valueName\":\"search_term_string\"}}],\"inLanguage\":\"et\"},{\"@type\":\"Organization\",\"@id\":\"https:\\\/\\\/lustandlove.eu\\\/et\\\/#organization\",\"name\":\"Bioconcept Baltics O\u00dc\",\"url\":\"https:\\\/\\\/lustandlove.eu\\\/et\\\/\",\"logo\":{\"@type\":\"ImageObject\",\"inLanguage\":\"et\",\"@id\":\"https:\\\/\\\/lustandlove.eu\\\/et\\\/#\\\/schema\\\/logo\\\/image\\\/\",\"url\":\"\",\"contentUrl\":\"\",\"caption\":\"Bioconcept Baltics O\u00dc\"},\"image\":{\"@id\":\"https:\\\/\\\/lustandlove.eu\\\/et\\\/#\\\/schema\\\/logo\\\/image\\\/\"},\"sameAs\":[\"https:\\\/\\\/www.facebook.com\\\/LustandLoveEU\\\/\",\"https:\\\/\\\/www.instagram.com\\\/lustandloveeu\\\/\"]}]}<\/script>\n<!-- \/ Yoast SEO plugin. -->","yoast_head_json":{"title":"Seiraku Pururun Blue vein oppai 2200 | Lust and Love","description":"T\u00e4nu k\u00f5rgeima kvaliteediga silikoonile ja Seiraku DX geelile on rinnad teie k\u00e4tele ja peenisele \u00fclirealistlikud.","robots":{"index,follow,max-snippet":"index,follow,max-snippet:-1,max-image-preview:large,max-video-preview:-1"},"canonical":"https:\/\/lustandlove.eu\/et\/toode\/seiraku-ereshkigal-cherry-61kg-copy\/","twitter_card":"summary_large_image","twitter_title":"Seiraku Pururun Blue vein oppai 2200 | Lust and Love","twitter_description":"T\u00e4nu k\u00f5rgeima kvaliteediga silikoonile ja Seiraku DX geelile on rinnad teie k\u00e4tele ja peenisele \u00fclirealistlikud.","twitter_image":"https:\/\/lustandlove.eu\/wp-content\/uploads\/pururun_oppai_toy_main.jpg","twitter_misc":{"Est. reading time":"2 minutit"},"schema":{"@context":"https:\/\/schema.org","@graph":[{"@type":["WebPage","ItemPage"],"@id":"https:\/\/lustandlove.eu\/et\/toode\/seiraku-ereshkigal-cherry-61kg-copy\/","url":"https:\/\/lustandlove.eu\/et\/toode\/seiraku-ereshkigal-cherry-61kg-copy\/","name":"Seiraku Pururun Blue vein oppai 2200 | Lust and Love","isPartOf":{"@id":"https:\/\/lustandlove.eu\/et\/#website"},"primaryImageOfPage":{"@id":"https:\/\/lustandlove.eu\/et\/toode\/seiraku-ereshkigal-cherry-61kg-copy\/#primaryimage"},"image":{"@id":"https:\/\/lustandlove.eu\/et\/toode\/seiraku-ereshkigal-cherry-61kg-copy\/#primaryimage"},"thumbnailUrl":"https:\/\/lustandlove.eu\/wp-content\/uploads\/pururun_oppai_toy_main.jpg","datePublished":"2024-02-08T08:02:58+00:00","dateModified":"2026-04-13T07:27:16+00:00","description":"T\u00e4nu k\u00f5rgeima kvaliteediga silikoonile ja Seiraku DX geelile on rinnad teie k\u00e4tele ja peenisele \u00fclirealistlikud.","breadcrumb":{"@id":"https:\/\/lustandlove.eu\/et\/toode\/seiraku-ereshkigal-cherry-61kg-copy\/#breadcrumb"},"inLanguage":"et","potentialAction":[{"@type":"ReadAction","target":["https:\/\/lustandlove.eu\/et\/toode\/seiraku-ereshkigal-cherry-61kg-copy\/"]}]},{"@type":"ImageObject","inLanguage":"et","@id":"https:\/\/lustandlove.eu\/et\/toode\/seiraku-ereshkigal-cherry-61kg-copy\/#primaryimage","url":"https:\/\/lustandlove.eu\/wp-content\/uploads\/pururun_oppai_toy_main.jpg","contentUrl":"https:\/\/lustandlove.eu\/wp-content\/uploads\/pururun_oppai_toy_main.jpg","width":700,"height":700},{"@type":"BreadcrumbList","@id":"https:\/\/lustandlove.eu\/et\/toode\/seiraku-ereshkigal-cherry-61kg-copy\/#breadcrumb","itemListElement":[{"@type":"ListItem","position":1,"name":"Lust and Love","item":"https:\/\/lustandlove.eu\/et\/"},{"@type":"ListItem","position":2,"name":"Pood","item":"https:\/\/lustandlove.eu\/et\/pood\/"},{"@type":"ListItem","position":3,"name":"Meestele","item":"https:\/\/lustandlove.eu\/et\/pood\/meestele\/"},{"@type":"ListItem","position":4,"name":"Seiraku Pururun Blue vein oppai 2200"}]},{"@type":"WebSite","@id":"https:\/\/lustandlove.eu\/et\/#website","url":"https:\/\/lustandlove.eu\/et\/","name":"Lust &amp; Love","description":"Online erootikapood tervise, ilu ja armastuse jaoks","publisher":{"@id":"https:\/\/lustandlove.eu\/et\/#organization"},"potentialAction":[{"@type":"SearchAction","target":{"@type":"EntryPoint","urlTemplate":"https:\/\/lustandlove.eu\/et\/?s={search_term_string}"},"query-input":{"@type":"PropertyValueSpecification","valueRequired":true,"valueName":"search_term_string"}}],"inLanguage":"et"},{"@type":"Organization","@id":"https:\/\/lustandlove.eu\/et\/#organization","name":"Bioconcept Baltics O\u00dc","url":"https:\/\/lustandlove.eu\/et\/","logo":{"@type":"ImageObject","inLanguage":"et","@id":"https:\/\/lustandlove.eu\/et\/#\/schema\/logo\/image\/","url":"","contentUrl":"","caption":"Bioconcept Baltics O\u00dc"},"image":{"@id":"https:\/\/lustandlove.eu\/et\/#\/schema\/logo\/image\/"},"sameAs":["https:\/\/www.facebook.com\/LustandLoveEU\/","https:\/\/www.instagram.com\/lustandloveeu\/"]}]}},"_links":{"self":[{"href":"https:\/\/lustandlove.eu\/et\/wp-json\/wp\/v2\/product\/88617","targetHints":{"allow":["GET"]}}],"collection":[{"href":"https:\/\/lustandlove.eu\/et\/wp-json\/wp\/v2\/product"}],"about":[{"href":"https:\/\/lustandlove.eu\/et\/wp-json\/wp\/v2\/types\/product"}],"wp:featuredmedia":[{"embeddable":true,"href":"https:\/\/lustandlove.eu\/et\/wp-json\/wp\/v2\/media\/88631"}],"wp:attachment":[{"href":"https:\/\/lustandlove.eu\/et\/wp-json\/wp\/v2\/media?parent=88617"}],"wp:term":[{"taxonomy":"product_brand","embeddable":true,"href":"https:\/\/lustandlove.eu\/et\/wp-json\/wp\/v2\/product_brand?post=88617"},{"taxonomy":"product_cat","embeddable":true,"href":"https:\/\/lustandlove.eu\/et\/wp-json\/wp\/v2\/product_cat?post=88617"},{"taxonomy":"product_tag","embeddable":true,"href":"https:\/\/lustandlove.eu\/et\/wp-json\/wp\/v2\/product_tag?post=88617"}],"curies":[{"name":"wp","href":"https:\/\/api.w.org\/{rel}","templated":true}]}}