{"id":88675,"date":"2024-02-08T11:47:38","date_gmt":"2024-02-08T09:47:39","guid":{"rendered":"https:\/\/www.lustandlove.eu\/?post_type=product&#038;p=88675"},"modified":"2026-04-13T10:27:15","modified_gmt":"2026-04-13T07:27:15","slug":"urethral-fuck-twist-otokonoko","status":"publish","type":"product","link":"https:\/\/lustandlove.eu\/et\/toode\/urethral-fuck-twist-otokonoko\/","title":{"rendered":"Urethral Fuck Twist Otokonoko"},"content":{"rendered":"<p><strong>Elulik disain koos veniva eesnahaga<\/strong><br \/>\nNiipea, kui avate karbi ja v\u00f5tate Urethral Fuck Twist Otokonoko oma k\u00e4tesse, m\u00f5istate, et see erineb k\u00f5igest muust turul. T\u00f5elist ureetrat j\u00e4ljendava elutruu disainiga onahole on kohene <em>turn-on<\/em> inimestele, kes ei karda eksperimenteerida. Sellel on eesnahk, mida saate venitada ja avada, vaadates tihedat sisetunnelit, mis t\u00e4itub peagi teie paksu peenisega.<\/p>\n<p>Urethral Fuck Twist Otokonoko v\u00e4lispakend ei j\u00e4ta midagi kujutlusv\u00f5ime hooleks ja kuvab unistuste anime t\u00fcdrukut oma ureetraga sind ootamas. Kuid see on vaid j\u00e4\u00e4m\u00e4e tipp. M\u00e4nguasja sisek\u00fcljel on mitu keeriselaadse disainiga k\u00fchmu, mis pakuvad teile intensiivset orgasmi, samal ajal kui \u00f5rn tekstuur suurendab sensatsiooni veelgi ja t\u00e4iustab teie kogemust veelgi. K\u00f5ik, mida vajate, on kast avada ja n\u00e4ete teavet selle kohta, kuidas seda onahole&#8217;i kasutada, et veeta oma elu parim \u00f6\u00f6.<\/p>\n<p><strong>Pehme tekstuur ja keerdtunnel plahvatusohtlike orgasmide jaoks<\/strong><br \/>\nKindlasti ei j\u00f5ua te \u00e4ra oodata, et saaksite Urethral Fuck Twist Otokonokot proovida \u2013 kui olete sees, stimuleerib see teie peenist k\u00f5ige tundlikumal, kirglikumal ja meeldivamal viisil. See pole veel k\u00f5ik: r\u00f5hu suurendamiseks v\u00f5id vajutada ka onahole\u2019i ja tunda end nagu seitsmendal pilvel\u2013 meeletu orgasm on t\u00e4iesti garanteeritud!<br \/>\nSellest onahole&#8217;ist saate rahulolu mitmel viisil ning nahataoline tekstuur t\u00e4iustab veelgi kogemust ja tekitab tunde, nagu raputaksite voodit v\u00e4ikese ja seksika animet\u00fcdrukuga. Kui olete haripunkti j\u00f5udnud, saate sellest hetkest maksimumi v\u00f5tta ja t\u00e4ita ta augu <em>creampie<\/em>-ga \u2013 lase endal kogeda sellist kujuteldamatut r\u00f5\u00f5mu oma elu k\u00f5ige kitsamast onaholist.<\/p>\n<p><strong>Unistuste auk ureetra armastajatele<\/strong><br \/>\nRealistliku disaini, kahekihilise konstruktsiooni ja keeristest inspireeritud sisetunneliga, millel on palju naudinguid, pakub Urethral Fuck Twist Otokonoko teile v\u00f5imalust rahuldada oma \u00fclimat iha armatseda kuuma ureetraga\u2013 soov, mida meie sekslelu suudab t\u00e4ita. k\u00f5ige tundlikumal v\u00f5imalikul viisil. T\u00e4nu v\u00e4ikesele kaalule (ainult 360 grammi) ja ergonoomilisele disainile saate selle onahole&#8217;i kaasa v\u00f5tta k\u00f5ikjale, kuhu soovite, ja nautige alati, kui soovite.<\/p>\n<p>Kirsiks tordil, kvaliteetne kahekihiline disain muudab selle kauakestvaks. Ja seda on ka \u00fcsna lihtne puhastada, nii et see nunnu t\u00fcdruk ei vaja erilist hoolt.<br \/>\nLihtsalt ostke oma lemmik libesti, looge romantiline (v\u00f5i vastupidi, r\u00e4pane) \u00f5hkkond ja oletegi valmis seksika ureetra kogemuse saamiseks.<\/p>\n","protected":false},"excerpt":{"rendered":"<p>Urethral Fuck Twist Otokonoko abil saate l\u00f5puks ellu \u00e4ratada oma suurima kinnism\u00f5te \u2013 seksiunistuse, mida on v\u00f5imalik teostada ainult meie ainulaadse onahole abil, mis on spetsiaalselt loodud teie k\u00f5ige p\u00f6\u00f6rasemaid fantaasiaid silmas pidades.<br \/>\nNahasarnase tekstuuriga, sealhulgas venitatava eesnaha ja mitmete m\u00f5nukohtadega m\u00e4nguasi rahuldab teid nagu ei miski ega keegi varem, nii et ole valmis kogema k\u00f5igi aegade parimat orgasmi.<\/p>\n","protected":false},"featured_media":88691,"template":"","meta":[],"product_brand":[4142],"product_cat":[3525,4005,1477],"product_tag":[],"class_list":{"0":"post-88675","1":"product","2":"type-product","3":"status-publish","4":"has-post-thumbnail","6":"product_brand-motsutoys-et","7":"product_cat-hentai","8":"product_cat-masturbaatorid-et","9":"product_cat-meestele","10":"pa_brand-motsutoys-et","12":"first","13":"outofstock","14":"taxable","15":"shipping-taxable","16":"purchasable","17":"product-type-simple"},"yoast_head":"<!-- This site is optimized with the Yoast SEO plugin v27.4 - https:\/\/yoast.com\/product\/yoast-seo-wordpress\/ -->\n<title>Urethral Fuck Twist Otokonoko | Lust and Love<\/title>\n<meta name=\"description\" content=\"Urethral Fuck Twist Otokonoko abil saate l\u00f5puks ellu \u00e4ratada oma suurima kinnism\u00f5te. Sind ootavad venitav eesnahk ja mitmed m\u00f5nupunktid.\" \/>\n<meta name=\"robots\" content=\"index,follow,max-snippet:-1,max-image-preview:large,max-video-preview:-1\" \/>\n<link rel=\"canonical\" href=\"https:\/\/lustandlove.eu\/et\/toode\/urethral-fuck-twist-otokonoko\/\" \/>\n<script type=\"application\/ld+json\" class=\"yoast-schema-graph\">{\"@context\":\"https:\\\/\\\/schema.org\",\"@graph\":[{\"@type\":[\"WebPage\",\"ItemPage\"],\"@id\":\"https:\\\/\\\/lustandlove.eu\\\/et\\\/toode\\\/urethral-fuck-twist-otokonoko\\\/\",\"url\":\"https:\\\/\\\/lustandlove.eu\\\/et\\\/toode\\\/urethral-fuck-twist-otokonoko\\\/\",\"name\":\"Urethral Fuck Twist Otokonoko | Lust and Love\",\"isPartOf\":{\"@id\":\"https:\\\/\\\/lustandlove.eu\\\/et\\\/#website\"},\"primaryImageOfPage\":{\"@id\":\"https:\\\/\\\/lustandlove.eu\\\/et\\\/toode\\\/urethral-fuck-twist-otokonoko\\\/#primaryimage\"},\"image\":{\"@id\":\"https:\\\/\\\/lustandlove.eu\\\/et\\\/toode\\\/urethral-fuck-twist-otokonoko\\\/#primaryimage\"},\"thumbnailUrl\":\"https:\\\/\\\/lustandlove.eu\\\/wp-content\\\/uploads\\\/urethral-fuck-onahole-main.jpg\",\"datePublished\":\"2024-02-08T09:47:39+00:00\",\"dateModified\":\"2026-04-13T07:27:15+00:00\",\"description\":\"Urethral Fuck Twist Otokonoko abil saate l\u00f5puks ellu \u00e4ratada oma suurima kinnism\u00f5te. Sind ootavad venitav eesnahk ja mitmed m\u00f5nupunktid.\",\"breadcrumb\":{\"@id\":\"https:\\\/\\\/lustandlove.eu\\\/et\\\/toode\\\/urethral-fuck-twist-otokonoko\\\/#breadcrumb\"},\"inLanguage\":\"et\",\"potentialAction\":[{\"@type\":\"ReadAction\",\"target\":[\"https:\\\/\\\/lustandlove.eu\\\/et\\\/toode\\\/urethral-fuck-twist-otokonoko\\\/\"]}]},{\"@type\":\"ImageObject\",\"inLanguage\":\"et\",\"@id\":\"https:\\\/\\\/lustandlove.eu\\\/et\\\/toode\\\/urethral-fuck-twist-otokonoko\\\/#primaryimage\",\"url\":\"https:\\\/\\\/lustandlove.eu\\\/wp-content\\\/uploads\\\/urethral-fuck-onahole-main.jpg\",\"contentUrl\":\"https:\\\/\\\/lustandlove.eu\\\/wp-content\\\/uploads\\\/urethral-fuck-onahole-main.jpg\",\"width\":1200,\"height\":1200},{\"@type\":\"BreadcrumbList\",\"@id\":\"https:\\\/\\\/lustandlove.eu\\\/et\\\/toode\\\/urethral-fuck-twist-otokonoko\\\/#breadcrumb\",\"itemListElement\":[{\"@type\":\"ListItem\",\"position\":1,\"name\":\"Lust and Love\",\"item\":\"https:\\\/\\\/lustandlove.eu\\\/et\\\/\"},{\"@type\":\"ListItem\",\"position\":2,\"name\":\"Pood\",\"item\":\"https:\\\/\\\/lustandlove.eu\\\/et\\\/pood\\\/\"},{\"@type\":\"ListItem\",\"position\":3,\"name\":\"Meestele\",\"item\":\"https:\\\/\\\/lustandlove.eu\\\/et\\\/pood\\\/meestele\\\/\"},{\"@type\":\"ListItem\",\"position\":4,\"name\":\"Urethral Fuck Twist Otokonoko\"}]},{\"@type\":\"WebSite\",\"@id\":\"https:\\\/\\\/lustandlove.eu\\\/et\\\/#website\",\"url\":\"https:\\\/\\\/lustandlove.eu\\\/et\\\/\",\"name\":\"Lust & Love\",\"description\":\"Online erootikapood tervise, ilu ja armastuse jaoks\",\"publisher\":{\"@id\":\"https:\\\/\\\/lustandlove.eu\\\/et\\\/#organization\"},\"potentialAction\":[{\"@type\":\"SearchAction\",\"target\":{\"@type\":\"EntryPoint\",\"urlTemplate\":\"https:\\\/\\\/lustandlove.eu\\\/et\\\/?s={search_term_string}\"},\"query-input\":{\"@type\":\"PropertyValueSpecification\",\"valueRequired\":true,\"valueName\":\"search_term_string\"}}],\"inLanguage\":\"et\"},{\"@type\":\"Organization\",\"@id\":\"https:\\\/\\\/lustandlove.eu\\\/et\\\/#organization\",\"name\":\"Bioconcept Baltics O\u00dc\",\"url\":\"https:\\\/\\\/lustandlove.eu\\\/et\\\/\",\"logo\":{\"@type\":\"ImageObject\",\"inLanguage\":\"et\",\"@id\":\"https:\\\/\\\/lustandlove.eu\\\/et\\\/#\\\/schema\\\/logo\\\/image\\\/\",\"url\":\"https:\\\/\\\/lustandlove.eu\\\/wp-content\\\/uploads\\\/logo-full-2.png\",\"contentUrl\":\"https:\\\/\\\/lustandlove.eu\\\/wp-content\\\/uploads\\\/logo-full-2.png\",\"width\":837,\"height\":200,\"caption\":\"Bioconcept Baltics O\u00dc\"},\"image\":{\"@id\":\"https:\\\/\\\/lustandlove.eu\\\/et\\\/#\\\/schema\\\/logo\\\/image\\\/\"},\"sameAs\":[\"https:\\\/\\\/www.facebook.com\\\/LustandLoveEU\\\/\",\"https:\\\/\\\/www.instagram.com\\\/lustandloveeu\\\/\"]}]}<\/script>\n<!-- \/ Yoast SEO plugin. -->","yoast_head_json":{"title":"Urethral Fuck Twist Otokonoko | Lust and Love","description":"Urethral Fuck Twist Otokonoko abil saate l\u00f5puks ellu \u00e4ratada oma suurima kinnism\u00f5te. Sind ootavad venitav eesnahk ja mitmed m\u00f5nupunktid.","robots":{"index,follow,max-snippet":"index,follow,max-snippet:-1,max-image-preview:large,max-video-preview:-1"},"canonical":"https:\/\/lustandlove.eu\/et\/toode\/urethral-fuck-twist-otokonoko\/","schema":{"@context":"https:\/\/schema.org","@graph":[{"@type":["WebPage","ItemPage"],"@id":"https:\/\/lustandlove.eu\/et\/toode\/urethral-fuck-twist-otokonoko\/","url":"https:\/\/lustandlove.eu\/et\/toode\/urethral-fuck-twist-otokonoko\/","name":"Urethral Fuck Twist Otokonoko | Lust and Love","isPartOf":{"@id":"https:\/\/lustandlove.eu\/et\/#website"},"primaryImageOfPage":{"@id":"https:\/\/lustandlove.eu\/et\/toode\/urethral-fuck-twist-otokonoko\/#primaryimage"},"image":{"@id":"https:\/\/lustandlove.eu\/et\/toode\/urethral-fuck-twist-otokonoko\/#primaryimage"},"thumbnailUrl":"https:\/\/lustandlove.eu\/wp-content\/uploads\/urethral-fuck-onahole-main.jpg","datePublished":"2024-02-08T09:47:39+00:00","dateModified":"2026-04-13T07:27:15+00:00","description":"Urethral Fuck Twist Otokonoko abil saate l\u00f5puks ellu \u00e4ratada oma suurima kinnism\u00f5te. Sind ootavad venitav eesnahk ja mitmed m\u00f5nupunktid.","breadcrumb":{"@id":"https:\/\/lustandlove.eu\/et\/toode\/urethral-fuck-twist-otokonoko\/#breadcrumb"},"inLanguage":"et","potentialAction":[{"@type":"ReadAction","target":["https:\/\/lustandlove.eu\/et\/toode\/urethral-fuck-twist-otokonoko\/"]}]},{"@type":"ImageObject","inLanguage":"et","@id":"https:\/\/lustandlove.eu\/et\/toode\/urethral-fuck-twist-otokonoko\/#primaryimage","url":"https:\/\/lustandlove.eu\/wp-content\/uploads\/urethral-fuck-onahole-main.jpg","contentUrl":"https:\/\/lustandlove.eu\/wp-content\/uploads\/urethral-fuck-onahole-main.jpg","width":1200,"height":1200},{"@type":"BreadcrumbList","@id":"https:\/\/lustandlove.eu\/et\/toode\/urethral-fuck-twist-otokonoko\/#breadcrumb","itemListElement":[{"@type":"ListItem","position":1,"name":"Lust and Love","item":"https:\/\/lustandlove.eu\/et\/"},{"@type":"ListItem","position":2,"name":"Pood","item":"https:\/\/lustandlove.eu\/et\/pood\/"},{"@type":"ListItem","position":3,"name":"Meestele","item":"https:\/\/lustandlove.eu\/et\/pood\/meestele\/"},{"@type":"ListItem","position":4,"name":"Urethral Fuck Twist Otokonoko"}]},{"@type":"WebSite","@id":"https:\/\/lustandlove.eu\/et\/#website","url":"https:\/\/lustandlove.eu\/et\/","name":"Lust & Love","description":"Online erootikapood tervise, ilu ja armastuse jaoks","publisher":{"@id":"https:\/\/lustandlove.eu\/et\/#organization"},"potentialAction":[{"@type":"SearchAction","target":{"@type":"EntryPoint","urlTemplate":"https:\/\/lustandlove.eu\/et\/?s={search_term_string}"},"query-input":{"@type":"PropertyValueSpecification","valueRequired":true,"valueName":"search_term_string"}}],"inLanguage":"et"},{"@type":"Organization","@id":"https:\/\/lustandlove.eu\/et\/#organization","name":"Bioconcept Baltics O\u00dc","url":"https:\/\/lustandlove.eu\/et\/","logo":{"@type":"ImageObject","inLanguage":"et","@id":"https:\/\/lustandlove.eu\/et\/#\/schema\/logo\/image\/","url":"https:\/\/lustandlove.eu\/wp-content\/uploads\/logo-full-2.png","contentUrl":"https:\/\/lustandlove.eu\/wp-content\/uploads\/logo-full-2.png","width":837,"height":200,"caption":"Bioconcept Baltics O\u00dc"},"image":{"@id":"https:\/\/lustandlove.eu\/et\/#\/schema\/logo\/image\/"},"sameAs":["https:\/\/www.facebook.com\/LustandLoveEU\/","https:\/\/www.instagram.com\/lustandloveeu\/"]}]}},"_links":{"self":[{"href":"https:\/\/lustandlove.eu\/et\/wp-json\/wp\/v2\/product\/88675","targetHints":{"allow":["GET"]}}],"collection":[{"href":"https:\/\/lustandlove.eu\/et\/wp-json\/wp\/v2\/product"}],"about":[{"href":"https:\/\/lustandlove.eu\/et\/wp-json\/wp\/v2\/types\/product"}],"wp:featuredmedia":[{"embeddable":true,"href":"https:\/\/lustandlove.eu\/et\/wp-json\/wp\/v2\/media\/88691"}],"wp:attachment":[{"href":"https:\/\/lustandlove.eu\/et\/wp-json\/wp\/v2\/media?parent=88675"}],"wp:term":[{"taxonomy":"product_brand","embeddable":true,"href":"https:\/\/lustandlove.eu\/et\/wp-json\/wp\/v2\/product_brand?post=88675"},{"taxonomy":"product_cat","embeddable":true,"href":"https:\/\/lustandlove.eu\/et\/wp-json\/wp\/v2\/product_cat?post=88675"},{"taxonomy":"product_tag","embeddable":true,"href":"https:\/\/lustandlove.eu\/et\/wp-json\/wp\/v2\/product_tag?post=88675"}],"curies":[{"name":"wp","href":"https:\/\/api.w.org\/{rel}","templated":true}]}}