{"id":88711,"date":"2024-01-01T12:26:27","date_gmt":"2024-02-20T10:26:27","guid":{"rendered":"https:\/\/www.lustandlove.eu\/?post_type=product&#038;p=88711"},"modified":"2026-04-13T10:27:27","modified_gmt":"2026-04-13T07:27:27","slug":"orritav-massaazioli-kahjustatud-pakend","status":"publish","type":"product","link":"https:\/\/lustandlove.eu\/et\/toode\/orritav-massaazioli-kahjustatud-pakend\/","title":{"rendered":"\u00d5rritav Massaazi\u00f5li (Kahjustatud pakend)"},"content":{"rendered":"<div class=\"wpb-content-wrapper\"><p>[vc_row][vc_column][vc_column_text woodmart_inline=&#8221;no&#8221; text_larger=&#8221;no&#8221;]<br \/>\n<strong>Komisjonim\u00fc\u00fcgist leiate tooted, mille pakendid on transpordi k\u00e4igus kahju saanud, kuid pakendis sees olevad tooted on s\u00e4ilitanud oma esialgse kvaliteedi. Komisjonim\u00fc\u00fcgist on hea v\u00f5imalus osta neid samu tooteid, mis meie e-poes m\u00fc\u00fcgil on soodsamalt, kui toote pakendi esteetiline olukord teid ei h\u00e4iri.<\/strong><\/p>\n<p>YESforLOV Massaa\u017ei\u00f5li \u00f5rritava aroomiga on loodud \u00e4ratama sinu meeli.[\/vc_column_text][\/vc_column][\/vc_row]<\/p>\n<\/div>","protected":false},"excerpt":{"rendered":"<p>Sensuaalne tekstuur on kerge ja mittekleepuv, imendub nahka kiiresti ning j\u00e4tab selle pehmeks ja siidiseks ning m\u00f5nusalt l\u00f5hnama. See ei m\u00e4\u00e4ri riideid ega voodilinasid. Et l\u00f5dvestumist lihtsamaks teha, on see magusapoolse l\u00f5hnaga massaa\u017ei\u00f5li rikastatud ingveriga. Uniseks l\u00f5hn ei ole intensiivne, kuid p\u00fcsib peal kaua. M\u00f5nus puhas l\u00f5hn meenutab v\u00fcrtse kuid pole eriti magus.<\/p>\n","protected":false},"featured_media":44654,"template":"","meta":[],"product_brand":[],"product_cat":[1503,1501],"product_tag":[1574],"class_list":{"0":"post-88711","1":"product","2":"type-product","3":"status-publish","4":"has-post-thumbnail","6":"product_cat-pakendiveaga-tooted","7":"product_cat-pakkumised","8":"product_tag-massaaz-et","10":"first","11":"instock","12":"sale","13":"purchasable","14":"product-type-simple"},"yoast_head":"<!-- This site is optimized with the Yoast SEO plugin v27.4 - https:\/\/yoast.com\/product\/yoast-seo-wordpress\/ -->\n<title>Sensuaalne tekstuur on kerge ja mittekleepuv, imendub nahka kiiresti ning j\u00e4tab selle pehmeks ja siidiseks ning m\u00f5nusalt l\u00f5hnama.<\/title>\n<meta name=\"description\" content=\"Sensuaalne tekstuur on kerge ja mittekleepuv, imendub nahka kiiresti ning j\u00e4tab selle pehmeks ja siidiseks ning m\u00f5nusalt l\u00f5hnama.\" \/>\n<meta name=\"robots\" content=\"index,follow,max-snippet:-1,max-image-preview:large,max-video-preview:-1\" \/>\n<link rel=\"canonical\" href=\"https:\/\/lustandlove.eu\/et\/toode\/orritav-massaazioli-kahjustatud-pakend\/\" \/>\n<script type=\"application\/ld+json\" class=\"yoast-schema-graph\">{\"@context\":\"https:\\\/\\\/schema.org\",\"@graph\":[{\"@type\":[\"WebPage\",\"ItemPage\"],\"@id\":\"https:\\\/\\\/lustandlove.eu\\\/et\\\/toode\\\/orritav-massaazioli-kahjustatud-pakend\\\/\",\"url\":\"https:\\\/\\\/lustandlove.eu\\\/et\\\/toode\\\/orritav-massaazioli-kahjustatud-pakend\\\/\",\"name\":\"Sensuaalne tekstuur on kerge ja mittekleepuv, imendub nahka kiiresti ning j\u00e4tab selle pehmeks ja siidiseks ning m\u00f5nusalt l\u00f5hnama.\",\"isPartOf\":{\"@id\":\"https:\\\/\\\/lustandlove.eu\\\/et\\\/#website\"},\"primaryImageOfPage\":{\"@id\":\"https:\\\/\\\/lustandlove.eu\\\/et\\\/toode\\\/orritav-massaazioli-kahjustatud-pakend\\\/#primaryimage\"},\"image\":{\"@id\":\"https:\\\/\\\/lustandlove.eu\\\/et\\\/toode\\\/orritav-massaazioli-kahjustatud-pakend\\\/#primaryimage\"},\"thumbnailUrl\":\"https:\\\/\\\/lustandlove.eu\\\/wp-content\\\/uploads\\\/i-Kg4Sj2D-X2.jpg\",\"datePublished\":\"2024-02-20T10:26:27+00:00\",\"dateModified\":\"2026-04-13T07:27:27+00:00\",\"description\":\"Sensuaalne tekstuur on kerge ja mittekleepuv, imendub nahka kiiresti ning j\u00e4tab selle pehmeks ja siidiseks ning m\u00f5nusalt l\u00f5hnama.\",\"breadcrumb\":{\"@id\":\"https:\\\/\\\/lustandlove.eu\\\/et\\\/toode\\\/orritav-massaazioli-kahjustatud-pakend\\\/#breadcrumb\"},\"inLanguage\":\"et\",\"potentialAction\":[{\"@type\":\"ReadAction\",\"target\":[\"https:\\\/\\\/lustandlove.eu\\\/et\\\/toode\\\/orritav-massaazioli-kahjustatud-pakend\\\/\"]}]},{\"@type\":\"ImageObject\",\"inLanguage\":\"et\",\"@id\":\"https:\\\/\\\/lustandlove.eu\\\/et\\\/toode\\\/orritav-massaazioli-kahjustatud-pakend\\\/#primaryimage\",\"url\":\"https:\\\/\\\/lustandlove.eu\\\/wp-content\\\/uploads\\\/i-Kg4Sj2D-X2.jpg\",\"contentUrl\":\"https:\\\/\\\/lustandlove.eu\\\/wp-content\\\/uploads\\\/i-Kg4Sj2D-X2.jpg\",\"width\":960,\"height\":960},{\"@type\":\"BreadcrumbList\",\"@id\":\"https:\\\/\\\/lustandlove.eu\\\/et\\\/toode\\\/orritav-massaazioli-kahjustatud-pakend\\\/#breadcrumb\",\"itemListElement\":[{\"@type\":\"ListItem\",\"position\":1,\"name\":\"Lust and Love\",\"item\":\"https:\\\/\\\/lustandlove.eu\\\/et\\\/\"},{\"@type\":\"ListItem\",\"position\":2,\"name\":\"Pood\",\"item\":\"https:\\\/\\\/lustandlove.eu\\\/et\\\/pood\\\/\"},{\"@type\":\"ListItem\",\"position\":3,\"name\":\"Pakkumised\",\"item\":\"https:\\\/\\\/lustandlove.eu\\\/et\\\/pood\\\/pakkumised\\\/\"},{\"@type\":\"ListItem\",\"position\":4,\"name\":\"Pakendiveaga Tooted\",\"item\":\"https:\\\/\\\/lustandlove.eu\\\/et\\\/pood\\\/pakkumised\\\/pakendiveaga-tooted\\\/\"},{\"@type\":\"ListItem\",\"position\":5,\"name\":\"\u00d5rritav Massaazi\u00f5li (Kahjustatud pakend)\"}]},{\"@type\":\"WebSite\",\"@id\":\"https:\\\/\\\/lustandlove.eu\\\/et\\\/#website\",\"url\":\"https:\\\/\\\/lustandlove.eu\\\/et\\\/\",\"name\":\"Lust & Love\",\"description\":\"Online erootikapood tervise, ilu ja armastuse jaoks\",\"publisher\":{\"@id\":\"https:\\\/\\\/lustandlove.eu\\\/et\\\/#organization\"},\"potentialAction\":[{\"@type\":\"SearchAction\",\"target\":{\"@type\":\"EntryPoint\",\"urlTemplate\":\"https:\\\/\\\/lustandlove.eu\\\/et\\\/?s={search_term_string}\"},\"query-input\":{\"@type\":\"PropertyValueSpecification\",\"valueRequired\":true,\"valueName\":\"search_term_string\"}}],\"inLanguage\":\"et\"},{\"@type\":\"Organization\",\"@id\":\"https:\\\/\\\/lustandlove.eu\\\/et\\\/#organization\",\"name\":\"Bioconcept Baltics O\u00dc\",\"url\":\"https:\\\/\\\/lustandlove.eu\\\/et\\\/\",\"logo\":{\"@type\":\"ImageObject\",\"inLanguage\":\"et\",\"@id\":\"https:\\\/\\\/lustandlove.eu\\\/et\\\/#\\\/schema\\\/logo\\\/image\\\/\",\"url\":\"https:\\\/\\\/lustandlove.eu\\\/wp-content\\\/uploads\\\/logo-full-2.png\",\"contentUrl\":\"https:\\\/\\\/lustandlove.eu\\\/wp-content\\\/uploads\\\/logo-full-2.png\",\"width\":837,\"height\":200,\"caption\":\"Bioconcept Baltics O\u00dc\"},\"image\":{\"@id\":\"https:\\\/\\\/lustandlove.eu\\\/et\\\/#\\\/schema\\\/logo\\\/image\\\/\"},\"sameAs\":[\"https:\\\/\\\/www.facebook.com\\\/LustandLoveEU\\\/\",\"https:\\\/\\\/www.instagram.com\\\/lustandloveeu\\\/\"]}]}<\/script>\n<!-- \/ Yoast SEO plugin. -->","yoast_head_json":{"title":"Sensuaalne tekstuur on kerge ja mittekleepuv, imendub nahka kiiresti ning j\u00e4tab selle pehmeks ja siidiseks ning m\u00f5nusalt l\u00f5hnama.","description":"Sensuaalne tekstuur on kerge ja mittekleepuv, imendub nahka kiiresti ning j\u00e4tab selle pehmeks ja siidiseks ning m\u00f5nusalt l\u00f5hnama.","robots":{"index,follow,max-snippet":"index,follow,max-snippet:-1,max-image-preview:large,max-video-preview:-1"},"canonical":"https:\/\/lustandlove.eu\/et\/toode\/orritav-massaazioli-kahjustatud-pakend\/","schema":{"@context":"https:\/\/schema.org","@graph":[{"@type":["WebPage","ItemPage"],"@id":"https:\/\/lustandlove.eu\/et\/toode\/orritav-massaazioli-kahjustatud-pakend\/","url":"https:\/\/lustandlove.eu\/et\/toode\/orritav-massaazioli-kahjustatud-pakend\/","name":"Sensuaalne tekstuur on kerge ja mittekleepuv, imendub nahka kiiresti ning j\u00e4tab selle pehmeks ja siidiseks ning m\u00f5nusalt l\u00f5hnama.","isPartOf":{"@id":"https:\/\/lustandlove.eu\/et\/#website"},"primaryImageOfPage":{"@id":"https:\/\/lustandlove.eu\/et\/toode\/orritav-massaazioli-kahjustatud-pakend\/#primaryimage"},"image":{"@id":"https:\/\/lustandlove.eu\/et\/toode\/orritav-massaazioli-kahjustatud-pakend\/#primaryimage"},"thumbnailUrl":"https:\/\/lustandlove.eu\/wp-content\/uploads\/i-Kg4Sj2D-X2.jpg","datePublished":"2024-02-20T10:26:27+00:00","dateModified":"2026-04-13T07:27:27+00:00","description":"Sensuaalne tekstuur on kerge ja mittekleepuv, imendub nahka kiiresti ning j\u00e4tab selle pehmeks ja siidiseks ning m\u00f5nusalt l\u00f5hnama.","breadcrumb":{"@id":"https:\/\/lustandlove.eu\/et\/toode\/orritav-massaazioli-kahjustatud-pakend\/#breadcrumb"},"inLanguage":"et","potentialAction":[{"@type":"ReadAction","target":["https:\/\/lustandlove.eu\/et\/toode\/orritav-massaazioli-kahjustatud-pakend\/"]}]},{"@type":"ImageObject","inLanguage":"et","@id":"https:\/\/lustandlove.eu\/et\/toode\/orritav-massaazioli-kahjustatud-pakend\/#primaryimage","url":"https:\/\/lustandlove.eu\/wp-content\/uploads\/i-Kg4Sj2D-X2.jpg","contentUrl":"https:\/\/lustandlove.eu\/wp-content\/uploads\/i-Kg4Sj2D-X2.jpg","width":960,"height":960},{"@type":"BreadcrumbList","@id":"https:\/\/lustandlove.eu\/et\/toode\/orritav-massaazioli-kahjustatud-pakend\/#breadcrumb","itemListElement":[{"@type":"ListItem","position":1,"name":"Lust and Love","item":"https:\/\/lustandlove.eu\/et\/"},{"@type":"ListItem","position":2,"name":"Pood","item":"https:\/\/lustandlove.eu\/et\/pood\/"},{"@type":"ListItem","position":3,"name":"Pakkumised","item":"https:\/\/lustandlove.eu\/et\/pood\/pakkumised\/"},{"@type":"ListItem","position":4,"name":"Pakendiveaga Tooted","item":"https:\/\/lustandlove.eu\/et\/pood\/pakkumised\/pakendiveaga-tooted\/"},{"@type":"ListItem","position":5,"name":"\u00d5rritav Massaazi\u00f5li (Kahjustatud pakend)"}]},{"@type":"WebSite","@id":"https:\/\/lustandlove.eu\/et\/#website","url":"https:\/\/lustandlove.eu\/et\/","name":"Lust & Love","description":"Online erootikapood tervise, ilu ja armastuse jaoks","publisher":{"@id":"https:\/\/lustandlove.eu\/et\/#organization"},"potentialAction":[{"@type":"SearchAction","target":{"@type":"EntryPoint","urlTemplate":"https:\/\/lustandlove.eu\/et\/?s={search_term_string}"},"query-input":{"@type":"PropertyValueSpecification","valueRequired":true,"valueName":"search_term_string"}}],"inLanguage":"et"},{"@type":"Organization","@id":"https:\/\/lustandlove.eu\/et\/#organization","name":"Bioconcept Baltics O\u00dc","url":"https:\/\/lustandlove.eu\/et\/","logo":{"@type":"ImageObject","inLanguage":"et","@id":"https:\/\/lustandlove.eu\/et\/#\/schema\/logo\/image\/","url":"https:\/\/lustandlove.eu\/wp-content\/uploads\/logo-full-2.png","contentUrl":"https:\/\/lustandlove.eu\/wp-content\/uploads\/logo-full-2.png","width":837,"height":200,"caption":"Bioconcept Baltics O\u00dc"},"image":{"@id":"https:\/\/lustandlove.eu\/et\/#\/schema\/logo\/image\/"},"sameAs":["https:\/\/www.facebook.com\/LustandLoveEU\/","https:\/\/www.instagram.com\/lustandloveeu\/"]}]}},"_links":{"self":[{"href":"https:\/\/lustandlove.eu\/et\/wp-json\/wp\/v2\/product\/88711","targetHints":{"allow":["GET"]}}],"collection":[{"href":"https:\/\/lustandlove.eu\/et\/wp-json\/wp\/v2\/product"}],"about":[{"href":"https:\/\/lustandlove.eu\/et\/wp-json\/wp\/v2\/types\/product"}],"wp:featuredmedia":[{"embeddable":true,"href":"https:\/\/lustandlove.eu\/et\/wp-json\/wp\/v2\/media\/44654"}],"wp:attachment":[{"href":"https:\/\/lustandlove.eu\/et\/wp-json\/wp\/v2\/media?parent=88711"}],"wp:term":[{"taxonomy":"product_brand","embeddable":true,"href":"https:\/\/lustandlove.eu\/et\/wp-json\/wp\/v2\/product_brand?post=88711"},{"taxonomy":"product_cat","embeddable":true,"href":"https:\/\/lustandlove.eu\/et\/wp-json\/wp\/v2\/product_cat?post=88711"},{"taxonomy":"product_tag","embeddable":true,"href":"https:\/\/lustandlove.eu\/et\/wp-json\/wp\/v2\/product_tag?post=88711"}],"curies":[{"name":"wp","href":"https:\/\/api.w.org\/{rel}","templated":true}]}}