{"id":88713,"date":"2024-02-21T09:48:50","date_gmt":"2024-02-21T07:48:51","guid":{"rendered":"https:\/\/www.lustandlove.eu\/?post_type=product&#038;p=88713"},"modified":"2025-08-19T15:36:27","modified_gmt":"2025-08-19T12:36:27","slug":"pulse-solo-essential-dragon-eye","status":"publish","type":"product","link":"https:\/\/lustandlove.eu\/et\/toode\/pulse-solo-essential-dragon-eye\/","title":{"rendered":"Pulse Solo Essential Dragon Eye"},"content":{"rendered":"<p>Vii koju Pulse Solo Essential ja avasta t\u00e4iesti uut t\u00fc\u00fcpi masturbeerimine. Lelu on saanud endale h\u00fc\u00fcdnimeks Guybrator ja v\u00f5itnud mitmeid auhindu.<\/p>\n<p>Pulse Essential suudab sind panna orgasmima ilma k\u00e4si kasutamata \u2013 see on mitmeti kasutatav ning ideaalne sekslelu k\u00f5ikidele, kellel on peenis.<\/p>\n<h3>K\u00e4ivita mootorid<\/h3>\n<p>Pulse\u2019i saab kasutada nii erekteerunud kui ka mitte erekteerunud peenisega. Selles paiknevad tugevad mootorid, mis viivad su orgasmini.\u00a0V\u00f5imas, k\u00f5rge amplituudiga p\u00f5rked patenteeritud Pulse Plate tehnoloogiaga on esimesed omalaadsed sekslelude ajaloos.<\/p>\n<h3>Teaduse j\u00f5ud<\/h3>\n<p>Pulse Solo Essential kannab endas teaduslikku innovatsiooni, mille sarnast pole varem n\u00e4htud. Selle patenteeritud PulsePlate tehnoloogia juhib su orgasmini ilma k\u00e4si kasutamata. Lihtsalt tee endal olemine mugavaks ning lase lelul kogu t\u00f6\u00f6 sinu eest \u00e4ra teha.<\/p>\n<p>Alternatiivselt v\u00f5ib lelule pigistada libestit ning masturbeerida koos k\u00e4ega \u2013 valik on sinu.<\/p>\n<h3>Pulse Solo on valmis ka siis, kui sina ei ole<\/h3>\n<p>Koos Pulse\u2019iga on v\u00f5imalik masturbeerida ka ilma erektsioonita. Paiguta lihtsalt peenis lelu vahele ning PulsePlate tehnoloogia teeb sinu eest t\u00f6\u00f6 \u00e4ra. See teeb Pulse\u2019ist ka ideaalse lelu neile, kellel on probleeme erektsiooni saamise v\u00f5i hoidmisega.<\/p>\n<h3>Pulse Essential on veekindel<\/h3>\n<p>M\u00e4rjem on parem. Kasuta m\u00fcrisevate sensatsioonidega lelu du\u0161i all, vannis, mullivannis v\u00f5i kata see libestiga, et muuta sensatsioonide tunnetust.<\/p>\n<p>Lelul on 5 erinevat vibratsioonimustrit erinevate kiirustega.<\/p>\n","protected":false},"excerpt":{"rendered":"<p>Tutvuge Pulse Dragon Eye 10. aastap\u00e4eva t\u00e4histamiseks loodud\u00a0 eriv\u00e4ljaandega bestsellerist PULSE SOLO ESSENTIAL, mis t\u00e4histab KAHE MILJONIT m\u00fc\u00fcdud \u00fchikut.<\/p>\n","protected":false},"featured_media":88753,"template":"","meta":[],"product_cat":[1477,1480,4007],"product_tag":[],"yoast_head":"<!-- This site is optimized with the Yoast SEO plugin v22.9 - https:\/\/yoast.com\/wordpress\/plugins\/seo\/ -->\n<title>Pulse Solo Essential Dragon Eye | Lust &amp; Love Adult Toy Store<\/title>\n<meta name=\"description\" content=\"Pulse\u2019i saab kasutada nii erekteerunud kui ka mitte erekteerunud peenisega. Selles paiknevad tugevad mootorid, mis viivad su orgasmini. V\u00f5imas, k\u00f5rge amplituudiga p\u00f5rked patenteeritud Pulse Plate tehnoloogiaga on esimesed omalaadsed sekslelude ajaloos.\" \/>\n<meta name=\"robots\" content=\"index,follow,max-snippet:-1,max-image-preview:large,max-video-preview:-1\" \/>\n<link rel=\"canonical\" href=\"https:\/\/lustandlove.eu\/et\/toode\/pulse-solo-essential-dragon-eye\/\" \/>\n<meta name=\"twitter:card\" content=\"summary_large_image\" \/>\n<meta name=\"twitter:title\" content=\"Pulse Solo Essential Dragon Eye | Lust &amp; Love Adult Toy Store\" \/>\n<meta name=\"twitter:description\" content=\"Pulse\u2019i saab kasutada nii erekteerunud kui ka mitte erekteerunud peenisega. Selles paiknevad tugevad mootorid, mis viivad su orgasmini. V\u00f5imas, k\u00f5rge amplituudiga p\u00f5rked patenteeritud Pulse Plate tehnoloogiaga on esimesed omalaadsed sekslelude ajaloos.\" \/>\n<meta name=\"twitter:image\" content=\"https:\/\/lustandlove.eu\/wp-content\/uploads\/dragon-eye-reflective-white.jpg\" \/>\n<meta name=\"twitter:label1\" content=\"Est. reading time\" \/>\n\t<meta name=\"twitter:data1\" content=\"2 minutit\" \/>\n<script type=\"application\/ld+json\" class=\"yoast-schema-graph\">{\"@context\":\"https:\/\/schema.org\",\"@graph\":[{\"@type\":[\"WebPage\",\"ItemPage\"],\"@id\":\"https:\/\/lustandlove.eu\/et\/toode\/pulse-solo-essential-dragon-eye\/\",\"url\":\"https:\/\/lustandlove.eu\/et\/toode\/pulse-solo-essential-dragon-eye\/\",\"name\":\"Pulse Solo Essential Dragon Eye | Lust & Love Adult Toy Store\",\"isPartOf\":{\"@id\":\"https:\/\/lustandlove.eu\/et\/#website\"},\"primaryImageOfPage\":{\"@id\":\"https:\/\/lustandlove.eu\/et\/toode\/pulse-solo-essential-dragon-eye\/#primaryimage\"},\"image\":{\"@id\":\"https:\/\/lustandlove.eu\/et\/toode\/pulse-solo-essential-dragon-eye\/#primaryimage\"},\"thumbnailUrl\":\"https:\/\/lustandlove.eu\/wp-content\/uploads\/dragon-eye-reflective-white.jpg\",\"datePublished\":\"2024-02-21T07:48:51+00:00\",\"dateModified\":\"2025-08-19T12:36:27+00:00\",\"description\":\"Pulse\u2019i saab kasutada nii erekteerunud kui ka mitte erekteerunud peenisega. Selles paiknevad tugevad mootorid, mis viivad su orgasmini. V\u00f5imas, k\u00f5rge amplituudiga p\u00f5rked patenteeritud Pulse Plate tehnoloogiaga on esimesed omalaadsed sekslelude ajaloos.\",\"breadcrumb\":{\"@id\":\"https:\/\/lustandlove.eu\/et\/toode\/pulse-solo-essential-dragon-eye\/#breadcrumb\"},\"inLanguage\":\"et\",\"potentialAction\":[{\"@type\":\"ReadAction\",\"target\":[\"https:\/\/lustandlove.eu\/et\/toode\/pulse-solo-essential-dragon-eye\/\"]}]},{\"@type\":\"ImageObject\",\"inLanguage\":\"et\",\"@id\":\"https:\/\/lustandlove.eu\/et\/toode\/pulse-solo-essential-dragon-eye\/#primaryimage\",\"url\":\"https:\/\/lustandlove.eu\/wp-content\/uploads\/dragon-eye-reflective-white.jpg\",\"contentUrl\":\"https:\/\/lustandlove.eu\/wp-content\/uploads\/dragon-eye-reflective-white.jpg\",\"width\":1080,\"height\":1080},{\"@type\":\"BreadcrumbList\",\"@id\":\"https:\/\/lustandlove.eu\/et\/toode\/pulse-solo-essential-dragon-eye\/#breadcrumb\",\"itemListElement\":[{\"@type\":\"ListItem\",\"position\":1,\"name\":\"Lust and Love\",\"item\":\"https:\/\/lustandlove.eu\/et\/\"},{\"@type\":\"ListItem\",\"position\":2,\"name\":\"Pood\",\"item\":\"https:\/\/lustandlove.eu\/et\/pood\/\"},{\"@type\":\"ListItem\",\"position\":3,\"name\":\"Meestele\",\"item\":\"https:\/\/lustandlove.eu\/et\/pood\/meestele\/\"},{\"@type\":\"ListItem\",\"position\":4,\"name\":\"Masturbaatorid\",\"item\":\"https:\/\/lustandlove.eu\/et\/pood\/meestele\/masturbaatorid\/\"},{\"@type\":\"ListItem\",\"position\":5,\"name\":\"Automaatsed\",\"item\":\"https:\/\/lustandlove.eu\/et\/pood\/meestele\/masturbaatorid\/automaatsed\/\"},{\"@type\":\"ListItem\",\"position\":6,\"name\":\"Pulse Solo Essential Dragon Eye\"}]},{\"@type\":\"WebSite\",\"@id\":\"https:\/\/lustandlove.eu\/et\/#website\",\"url\":\"https:\/\/lustandlove.eu\/et\/\",\"name\":\"Lust &amp; Love\",\"description\":\"Online erootikapood tervise, ilu ja armastuse jaoks\",\"publisher\":{\"@id\":\"https:\/\/lustandlove.eu\/et\/#organization\"},\"potentialAction\":[{\"@type\":\"SearchAction\",\"target\":{\"@type\":\"EntryPoint\",\"urlTemplate\":\"https:\/\/lustandlove.eu\/et\/?s={search_term_string}\"},\"query-input\":\"required name=search_term_string\"}],\"inLanguage\":\"et\"},{\"@type\":\"Organization\",\"@id\":\"https:\/\/lustandlove.eu\/et\/#organization\",\"name\":\"Bioconcept Baltics O\u00dc\",\"url\":\"https:\/\/lustandlove.eu\/et\/\",\"logo\":{\"@type\":\"ImageObject\",\"inLanguage\":\"et\",\"@id\":\"https:\/\/lustandlove.eu\/et\/#\/schema\/logo\/image\/\",\"url\":\"\",\"contentUrl\":\"\",\"caption\":\"Bioconcept Baltics O\u00dc\"},\"image\":{\"@id\":\"https:\/\/lustandlove.eu\/et\/#\/schema\/logo\/image\/\"},\"sameAs\":[\"https:\/\/www.facebook.com\/LustandLoveEU\/\",\"https:\/\/www.instagram.com\/lustandloveeu\/\"]}]}<\/script>\n<!-- \/ Yoast SEO plugin. -->","yoast_head_json":{"title":"Pulse Solo Essential Dragon Eye | Lust & Love Adult Toy Store","description":"Pulse\u2019i saab kasutada nii erekteerunud kui ka mitte erekteerunud peenisega. Selles paiknevad tugevad mootorid, mis viivad su orgasmini. V\u00f5imas, k\u00f5rge amplituudiga p\u00f5rked patenteeritud Pulse Plate tehnoloogiaga on esimesed omalaadsed sekslelude ajaloos.","robots":{"index,follow,max-snippet":"index,follow,max-snippet:-1,max-image-preview:large,max-video-preview:-1"},"canonical":"https:\/\/lustandlove.eu\/et\/toode\/pulse-solo-essential-dragon-eye\/","twitter_card":"summary_large_image","twitter_title":"Pulse Solo Essential Dragon Eye | Lust & Love Adult Toy Store","twitter_description":"Pulse\u2019i saab kasutada nii erekteerunud kui ka mitte erekteerunud peenisega. Selles paiknevad tugevad mootorid, mis viivad su orgasmini. V\u00f5imas, k\u00f5rge amplituudiga p\u00f5rked patenteeritud Pulse Plate tehnoloogiaga on esimesed omalaadsed sekslelude ajaloos.","twitter_image":"https:\/\/lustandlove.eu\/wp-content\/uploads\/dragon-eye-reflective-white.jpg","twitter_misc":{"Est. reading time":"2 minutit"},"schema":{"@context":"https:\/\/schema.org","@graph":[{"@type":["WebPage","ItemPage"],"@id":"https:\/\/lustandlove.eu\/et\/toode\/pulse-solo-essential-dragon-eye\/","url":"https:\/\/lustandlove.eu\/et\/toode\/pulse-solo-essential-dragon-eye\/","name":"Pulse Solo Essential Dragon Eye | Lust & Love Adult Toy Store","isPartOf":{"@id":"https:\/\/lustandlove.eu\/et\/#website"},"primaryImageOfPage":{"@id":"https:\/\/lustandlove.eu\/et\/toode\/pulse-solo-essential-dragon-eye\/#primaryimage"},"image":{"@id":"https:\/\/lustandlove.eu\/et\/toode\/pulse-solo-essential-dragon-eye\/#primaryimage"},"thumbnailUrl":"https:\/\/lustandlove.eu\/wp-content\/uploads\/dragon-eye-reflective-white.jpg","datePublished":"2024-02-21T07:48:51+00:00","dateModified":"2025-08-19T12:36:27+00:00","description":"Pulse\u2019i saab kasutada nii erekteerunud kui ka mitte erekteerunud peenisega. Selles paiknevad tugevad mootorid, mis viivad su orgasmini. V\u00f5imas, k\u00f5rge amplituudiga p\u00f5rked patenteeritud Pulse Plate tehnoloogiaga on esimesed omalaadsed sekslelude ajaloos.","breadcrumb":{"@id":"https:\/\/lustandlove.eu\/et\/toode\/pulse-solo-essential-dragon-eye\/#breadcrumb"},"inLanguage":"et","potentialAction":[{"@type":"ReadAction","target":["https:\/\/lustandlove.eu\/et\/toode\/pulse-solo-essential-dragon-eye\/"]}]},{"@type":"ImageObject","inLanguage":"et","@id":"https:\/\/lustandlove.eu\/et\/toode\/pulse-solo-essential-dragon-eye\/#primaryimage","url":"https:\/\/lustandlove.eu\/wp-content\/uploads\/dragon-eye-reflective-white.jpg","contentUrl":"https:\/\/lustandlove.eu\/wp-content\/uploads\/dragon-eye-reflective-white.jpg","width":1080,"height":1080},{"@type":"BreadcrumbList","@id":"https:\/\/lustandlove.eu\/et\/toode\/pulse-solo-essential-dragon-eye\/#breadcrumb","itemListElement":[{"@type":"ListItem","position":1,"name":"Lust and Love","item":"https:\/\/lustandlove.eu\/et\/"},{"@type":"ListItem","position":2,"name":"Pood","item":"https:\/\/lustandlove.eu\/et\/pood\/"},{"@type":"ListItem","position":3,"name":"Meestele","item":"https:\/\/lustandlove.eu\/et\/pood\/meestele\/"},{"@type":"ListItem","position":4,"name":"Masturbaatorid","item":"https:\/\/lustandlove.eu\/et\/pood\/meestele\/masturbaatorid\/"},{"@type":"ListItem","position":5,"name":"Automaatsed","item":"https:\/\/lustandlove.eu\/et\/pood\/meestele\/masturbaatorid\/automaatsed\/"},{"@type":"ListItem","position":6,"name":"Pulse Solo Essential Dragon Eye"}]},{"@type":"WebSite","@id":"https:\/\/lustandlove.eu\/et\/#website","url":"https:\/\/lustandlove.eu\/et\/","name":"Lust &amp; Love","description":"Online erootikapood tervise, ilu ja armastuse jaoks","publisher":{"@id":"https:\/\/lustandlove.eu\/et\/#organization"},"potentialAction":[{"@type":"SearchAction","target":{"@type":"EntryPoint","urlTemplate":"https:\/\/lustandlove.eu\/et\/?s={search_term_string}"},"query-input":"required name=search_term_string"}],"inLanguage":"et"},{"@type":"Organization","@id":"https:\/\/lustandlove.eu\/et\/#organization","name":"Bioconcept Baltics O\u00dc","url":"https:\/\/lustandlove.eu\/et\/","logo":{"@type":"ImageObject","inLanguage":"et","@id":"https:\/\/lustandlove.eu\/et\/#\/schema\/logo\/image\/","url":"","contentUrl":"","caption":"Bioconcept Baltics O\u00dc"},"image":{"@id":"https:\/\/lustandlove.eu\/et\/#\/schema\/logo\/image\/"},"sameAs":["https:\/\/www.facebook.com\/LustandLoveEU\/","https:\/\/www.instagram.com\/lustandloveeu\/"]}]}},"_links":{"self":[{"href":"https:\/\/lustandlove.eu\/et\/wp-json\/wp\/v2\/product\/88713"}],"collection":[{"href":"https:\/\/lustandlove.eu\/et\/wp-json\/wp\/v2\/product"}],"about":[{"href":"https:\/\/lustandlove.eu\/et\/wp-json\/wp\/v2\/types\/product"}],"wp:featuredmedia":[{"embeddable":true,"href":"https:\/\/lustandlove.eu\/et\/wp-json\/wp\/v2\/media\/88753"}],"wp:attachment":[{"href":"https:\/\/lustandlove.eu\/et\/wp-json\/wp\/v2\/media?parent=88713"}],"wp:term":[{"taxonomy":"product_cat","embeddable":true,"href":"https:\/\/lustandlove.eu\/et\/wp-json\/wp\/v2\/product_cat?post=88713"},{"taxonomy":"product_tag","embeddable":true,"href":"https:\/\/lustandlove.eu\/et\/wp-json\/wp\/v2\/product_tag?post=88713"}],"curies":[{"name":"wp","href":"https:\/\/api.w.org\/{rel}","templated":true}]}}