{"id":88872,"date":"2024-03-14T08:44:54","date_gmt":"2024-03-14T06:44:55","guid":{"rendered":"https:\/\/www.lustandlove.eu\/?post_type=product&#038;p=88872"},"modified":"2026-04-13T10:27:13","modified_gmt":"2026-04-13T07:27:13","slug":"tenga-uni-segupakk-copy","status":"publish","type":"product","link":"https:\/\/lustandlove.eu\/et\/toode\/tenga-uni-segupakk-copy\/","title":{"rendered":"Tenga Uni Emerald"},"content":{"rendered":"<p>Uue p\u00f5lvkonna universaalsed kaaslased, mis murravad seksuaalsuse barj\u00e4\u00e4re, olenemata soost, ning kas kasutatakse \u00fcksi v\u00f5i partneriga.<\/p>\n<p><strong>Nautige oma m\u00f5nu-elustiili l\u00f5busalt ja vabadusega!<\/strong><br \/>\nUNI v\u00f5ib olla t\u00e4iustus s\u00f5rmedega stimuleerimiseks, v\u00f5i olla pahupidi p\u00f6\u00f6ratuna kui stimuleeriv veniv <em>sleeve<\/em>, et saada t\u00f5eliselt unisex kogemus.<\/p>\n<p><strong>Partnerlusr\u00f5\u00f5m, mis tahes orientatsiooniga paaridele!<\/strong><br \/>\nTENGA UNI, mis on ligip\u00e4\u00e4setav ja nauditav igast soost ja orientatsiooniga inimestele, on kahekordselt l\u00f5bus, kui seda kasutada koos kellegi teisega!<\/p>\n<p><strong>Veniv materjal, mis on puudutusele pehme<\/strong><br \/>\nKuigi TENGA UNI on inspireeritud v\u00e4\u00e4riskividest, on see k\u00f5ike muud kui k\u00f5va! Igal UNI-l on ainulaadne tekstuur, mis sobib erinevat t\u00fc\u00fcpi m\u00e4ngudeks nii et maksimaalse naudingu saamiseks masseerige, pigistage, venitage ja h\u00f5\u00f5ruge, kuidas s\u00fcda kutsub!<\/p>\n<p><strong>\u00dchekordselt kasutatav ja h\u00fcgieeniline<\/strong><br \/>\nH\u00fcgieeniline, \u00fchekordselt kasutatav\u2013 k\u00f5ik, mida soovite probleemideta ja l\u00f5busaks ajaveetmiseks!<\/p>\n","protected":false},"excerpt":{"rendered":"<p>L\u00f5bus liikvel olles! Tenga Uni <em>sleeve<\/em>-id on \u00fchekordsed sekslelud, mida saavad kasutada k\u00f5ik.<\/p>\n","protected":false},"featured_media":88876,"template":"","meta":[],"product_brand":[4244],"product_cat":[4008,1480,1477],"product_tag":[],"class_list":{"0":"post-88872","1":"product","2":"type-product","3":"status-publish","4":"has-post-thumbnail","6":"product_brand-tenga-et","7":"product_cat-manuaalsed","8":"product_cat-masturbaatorid","9":"product_cat-meestele","10":"pa_brand-tenga-et","12":"first","13":"instock","14":"taxable","15":"shipping-taxable","16":"purchasable","17":"product-type-simple"},"yoast_head":"<!-- This site is optimized with the Yoast SEO plugin v27.3 - https:\/\/yoast.com\/product\/yoast-seo-wordpress\/ -->\n<title>Tenga Uni Emerald | Lust and Love<\/title>\n<meta name=\"description\" content=\"Tenga Uni sleeve-id on \u00fchekordsed sekslelud, mida saavad kasutada k\u00f5ik. Segupakk sisaldab 4 erinevat Uni kujundust.\" \/>\n<meta name=\"robots\" content=\"index,follow,max-snippet:-1,max-image-preview:large,max-video-preview:-1\" \/>\n<link rel=\"canonical\" href=\"https:\/\/lustandlove.eu\/et\/toode\/tenga-uni-segupakk-copy\/\" \/>\n<meta name=\"twitter:card\" content=\"summary_large_image\" \/>\n<meta name=\"twitter:title\" content=\"Tenga Uni Emerald | Lust and Love\" \/>\n<meta name=\"twitter:description\" content=\"Tenga Uni sleeve-id on \u00fchekordsed sekslelud, mida saavad kasutada k\u00f5ik. Segupakk sisaldab 4 erinevat Uni kujundust.\" \/>\n<meta name=\"twitter:image\" content=\"https:\/\/lustandlove.eu\/wp-content\/uploads\/UNI-001_01_600x.png\" \/>\n<meta name=\"twitter:label1\" content=\"Est. reading time\" \/>\n\t<meta name=\"twitter:data1\" content=\"1 minut\" \/>\n<script type=\"application\/ld+json\" class=\"yoast-schema-graph\">{\"@context\":\"https:\\\/\\\/schema.org\",\"@graph\":[{\"@type\":[\"WebPage\",\"ItemPage\"],\"@id\":\"https:\\\/\\\/lustandlove.eu\\\/et\\\/toode\\\/tenga-uni-segupakk-copy\\\/\",\"url\":\"https:\\\/\\\/lustandlove.eu\\\/et\\\/toode\\\/tenga-uni-segupakk-copy\\\/\",\"name\":\"Tenga Uni Emerald | Lust and Love\",\"isPartOf\":{\"@id\":\"https:\\\/\\\/lustandlove.eu\\\/et\\\/#website\"},\"primaryImageOfPage\":{\"@id\":\"https:\\\/\\\/lustandlove.eu\\\/et\\\/toode\\\/tenga-uni-segupakk-copy\\\/#primaryimage\"},\"image\":{\"@id\":\"https:\\\/\\\/lustandlove.eu\\\/et\\\/toode\\\/tenga-uni-segupakk-copy\\\/#primaryimage\"},\"thumbnailUrl\":\"https:\\\/\\\/lustandlove.eu\\\/wp-content\\\/uploads\\\/UNI-001_01_600x.png\",\"datePublished\":\"2024-03-14T06:44:55+00:00\",\"dateModified\":\"2026-04-13T07:27:13+00:00\",\"description\":\"Tenga Uni sleeve-id on \u00fchekordsed sekslelud, mida saavad kasutada k\u00f5ik. Segupakk sisaldab 4 erinevat Uni kujundust.\",\"breadcrumb\":{\"@id\":\"https:\\\/\\\/lustandlove.eu\\\/et\\\/toode\\\/tenga-uni-segupakk-copy\\\/#breadcrumb\"},\"inLanguage\":\"et\",\"potentialAction\":[{\"@type\":\"ReadAction\",\"target\":[\"https:\\\/\\\/lustandlove.eu\\\/et\\\/toode\\\/tenga-uni-segupakk-copy\\\/\"]}]},{\"@type\":\"ImageObject\",\"inLanguage\":\"et\",\"@id\":\"https:\\\/\\\/lustandlove.eu\\\/et\\\/toode\\\/tenga-uni-segupakk-copy\\\/#primaryimage\",\"url\":\"https:\\\/\\\/lustandlove.eu\\\/wp-content\\\/uploads\\\/UNI-001_01_600x.png\",\"contentUrl\":\"https:\\\/\\\/lustandlove.eu\\\/wp-content\\\/uploads\\\/UNI-001_01_600x.png\",\"width\":600,\"height\":600},{\"@type\":\"BreadcrumbList\",\"@id\":\"https:\\\/\\\/lustandlove.eu\\\/et\\\/toode\\\/tenga-uni-segupakk-copy\\\/#breadcrumb\",\"itemListElement\":[{\"@type\":\"ListItem\",\"position\":1,\"name\":\"Lust and Love\",\"item\":\"https:\\\/\\\/lustandlove.eu\\\/et\\\/\"},{\"@type\":\"ListItem\",\"position\":2,\"name\":\"Pood\",\"item\":\"https:\\\/\\\/lustandlove.eu\\\/et\\\/pood\\\/\"},{\"@type\":\"ListItem\",\"position\":3,\"name\":\"Meestele\",\"item\":\"https:\\\/\\\/lustandlove.eu\\\/et\\\/pood\\\/meestele\\\/\"},{\"@type\":\"ListItem\",\"position\":4,\"name\":\"Masturbaatorid\",\"item\":\"https:\\\/\\\/lustandlove.eu\\\/et\\\/pood\\\/meestele\\\/masturbaatorid\\\/\"},{\"@type\":\"ListItem\",\"position\":5,\"name\":\"Tenga Uni Emerald\"}]},{\"@type\":\"WebSite\",\"@id\":\"https:\\\/\\\/lustandlove.eu\\\/et\\\/#website\",\"url\":\"https:\\\/\\\/lustandlove.eu\\\/et\\\/\",\"name\":\"Lust &amp; Love\",\"description\":\"Online erootikapood tervise, ilu ja armastuse jaoks\",\"publisher\":{\"@id\":\"https:\\\/\\\/lustandlove.eu\\\/et\\\/#organization\"},\"potentialAction\":[{\"@type\":\"SearchAction\",\"target\":{\"@type\":\"EntryPoint\",\"urlTemplate\":\"https:\\\/\\\/lustandlove.eu\\\/et\\\/?s={search_term_string}\"},\"query-input\":{\"@type\":\"PropertyValueSpecification\",\"valueRequired\":true,\"valueName\":\"search_term_string\"}}],\"inLanguage\":\"et\"},{\"@type\":\"Organization\",\"@id\":\"https:\\\/\\\/lustandlove.eu\\\/et\\\/#organization\",\"name\":\"Bioconcept Baltics O\u00dc\",\"url\":\"https:\\\/\\\/lustandlove.eu\\\/et\\\/\",\"logo\":{\"@type\":\"ImageObject\",\"inLanguage\":\"et\",\"@id\":\"https:\\\/\\\/lustandlove.eu\\\/et\\\/#\\\/schema\\\/logo\\\/image\\\/\",\"url\":\"\",\"contentUrl\":\"\",\"caption\":\"Bioconcept Baltics O\u00dc\"},\"image\":{\"@id\":\"https:\\\/\\\/lustandlove.eu\\\/et\\\/#\\\/schema\\\/logo\\\/image\\\/\"},\"sameAs\":[\"https:\\\/\\\/www.facebook.com\\\/LustandLoveEU\\\/\",\"https:\\\/\\\/www.instagram.com\\\/lustandloveeu\\\/\"]}]}<\/script>\n<!-- \/ Yoast SEO plugin. -->","yoast_head_json":{"title":"Tenga Uni Emerald | Lust and Love","description":"Tenga Uni sleeve-id on \u00fchekordsed sekslelud, mida saavad kasutada k\u00f5ik. Segupakk sisaldab 4 erinevat Uni kujundust.","robots":{"index,follow,max-snippet":"index,follow,max-snippet:-1,max-image-preview:large,max-video-preview:-1"},"canonical":"https:\/\/lustandlove.eu\/et\/toode\/tenga-uni-segupakk-copy\/","twitter_card":"summary_large_image","twitter_title":"Tenga Uni Emerald | Lust and Love","twitter_description":"Tenga Uni sleeve-id on \u00fchekordsed sekslelud, mida saavad kasutada k\u00f5ik. Segupakk sisaldab 4 erinevat Uni kujundust.","twitter_image":"https:\/\/lustandlove.eu\/wp-content\/uploads\/UNI-001_01_600x.png","twitter_misc":{"Est. reading time":"1 minut"},"schema":{"@context":"https:\/\/schema.org","@graph":[{"@type":["WebPage","ItemPage"],"@id":"https:\/\/lustandlove.eu\/et\/toode\/tenga-uni-segupakk-copy\/","url":"https:\/\/lustandlove.eu\/et\/toode\/tenga-uni-segupakk-copy\/","name":"Tenga Uni Emerald | Lust and Love","isPartOf":{"@id":"https:\/\/lustandlove.eu\/et\/#website"},"primaryImageOfPage":{"@id":"https:\/\/lustandlove.eu\/et\/toode\/tenga-uni-segupakk-copy\/#primaryimage"},"image":{"@id":"https:\/\/lustandlove.eu\/et\/toode\/tenga-uni-segupakk-copy\/#primaryimage"},"thumbnailUrl":"https:\/\/lustandlove.eu\/wp-content\/uploads\/UNI-001_01_600x.png","datePublished":"2024-03-14T06:44:55+00:00","dateModified":"2026-04-13T07:27:13+00:00","description":"Tenga Uni sleeve-id on \u00fchekordsed sekslelud, mida saavad kasutada k\u00f5ik. Segupakk sisaldab 4 erinevat Uni kujundust.","breadcrumb":{"@id":"https:\/\/lustandlove.eu\/et\/toode\/tenga-uni-segupakk-copy\/#breadcrumb"},"inLanguage":"et","potentialAction":[{"@type":"ReadAction","target":["https:\/\/lustandlove.eu\/et\/toode\/tenga-uni-segupakk-copy\/"]}]},{"@type":"ImageObject","inLanguage":"et","@id":"https:\/\/lustandlove.eu\/et\/toode\/tenga-uni-segupakk-copy\/#primaryimage","url":"https:\/\/lustandlove.eu\/wp-content\/uploads\/UNI-001_01_600x.png","contentUrl":"https:\/\/lustandlove.eu\/wp-content\/uploads\/UNI-001_01_600x.png","width":600,"height":600},{"@type":"BreadcrumbList","@id":"https:\/\/lustandlove.eu\/et\/toode\/tenga-uni-segupakk-copy\/#breadcrumb","itemListElement":[{"@type":"ListItem","position":1,"name":"Lust and Love","item":"https:\/\/lustandlove.eu\/et\/"},{"@type":"ListItem","position":2,"name":"Pood","item":"https:\/\/lustandlove.eu\/et\/pood\/"},{"@type":"ListItem","position":3,"name":"Meestele","item":"https:\/\/lustandlove.eu\/et\/pood\/meestele\/"},{"@type":"ListItem","position":4,"name":"Masturbaatorid","item":"https:\/\/lustandlove.eu\/et\/pood\/meestele\/masturbaatorid\/"},{"@type":"ListItem","position":5,"name":"Tenga Uni Emerald"}]},{"@type":"WebSite","@id":"https:\/\/lustandlove.eu\/et\/#website","url":"https:\/\/lustandlove.eu\/et\/","name":"Lust &amp; Love","description":"Online erootikapood tervise, ilu ja armastuse jaoks","publisher":{"@id":"https:\/\/lustandlove.eu\/et\/#organization"},"potentialAction":[{"@type":"SearchAction","target":{"@type":"EntryPoint","urlTemplate":"https:\/\/lustandlove.eu\/et\/?s={search_term_string}"},"query-input":{"@type":"PropertyValueSpecification","valueRequired":true,"valueName":"search_term_string"}}],"inLanguage":"et"},{"@type":"Organization","@id":"https:\/\/lustandlove.eu\/et\/#organization","name":"Bioconcept Baltics O\u00dc","url":"https:\/\/lustandlove.eu\/et\/","logo":{"@type":"ImageObject","inLanguage":"et","@id":"https:\/\/lustandlove.eu\/et\/#\/schema\/logo\/image\/","url":"","contentUrl":"","caption":"Bioconcept Baltics O\u00dc"},"image":{"@id":"https:\/\/lustandlove.eu\/et\/#\/schema\/logo\/image\/"},"sameAs":["https:\/\/www.facebook.com\/LustandLoveEU\/","https:\/\/www.instagram.com\/lustandloveeu\/"]}]}},"_links":{"self":[{"href":"https:\/\/lustandlove.eu\/et\/wp-json\/wp\/v2\/product\/88872","targetHints":{"allow":["GET"]}}],"collection":[{"href":"https:\/\/lustandlove.eu\/et\/wp-json\/wp\/v2\/product"}],"about":[{"href":"https:\/\/lustandlove.eu\/et\/wp-json\/wp\/v2\/types\/product"}],"wp:featuredmedia":[{"embeddable":true,"href":"https:\/\/lustandlove.eu\/et\/wp-json\/wp\/v2\/media\/88876"}],"wp:attachment":[{"href":"https:\/\/lustandlove.eu\/et\/wp-json\/wp\/v2\/media?parent=88872"}],"wp:term":[{"taxonomy":"product_brand","embeddable":true,"href":"https:\/\/lustandlove.eu\/et\/wp-json\/wp\/v2\/product_brand?post=88872"},{"taxonomy":"product_cat","embeddable":true,"href":"https:\/\/lustandlove.eu\/et\/wp-json\/wp\/v2\/product_cat?post=88872"},{"taxonomy":"product_tag","embeddable":true,"href":"https:\/\/lustandlove.eu\/et\/wp-json\/wp\/v2\/product_tag?post=88872"}],"curies":[{"name":"wp","href":"https:\/\/api.w.org\/{rel}","templated":true}]}}