{"id":88915,"date":"2024-03-14T11:46:32","date_gmt":"2024-03-14T09:46:34","guid":{"rendered":"https:\/\/www.lustandlove.eu\/?post_type=product&#038;p=88915"},"modified":"2026-04-13T10:27:11","modified_gmt":"2026-04-13T07:27:11","slug":"ultimate-lubricants-libesti-150ml-copy","status":"publish","type":"product","link":"https:\/\/lustandlove.eu\/et\/toode\/ultimate-lubricants-libesti-150ml-copy\/","title":{"rendered":"Ultimate Lubricants Libesti Tihke 150ml"},"content":{"rendered":"<div class=\"wpb-content-wrapper\"><p>[vc_row][vc_column][vc_column_text woodmart_inline=&#8221;no&#8221; text_larger=&#8221;no&#8221;]<\/p>\n<h2><strong>ULTIMATE LUBRICANTS 150 ML<\/strong><\/h2>\n<p>[\/vc_column_text][vc_column_text woodmart_inline=&#8221;no&#8221; text_larger=&#8221;no&#8221;]Tihke konsistentsiga libesti on YESforLOV-i \u00fclim silikoon-anaallibesti. See pakub teile kauakestvat libisemist, mis kestab sama kaua kui sina kuumaks romantiliseks seksiks, mis on l\u00f5putu.<\/p>\n<p>Sellel anaallibestil on paks konsistents, mis suurendab k\u00f5iki teie magusaid tundeid, v\u00e4hendades samal ajal valu, eriti kui naudite intensiivset anaalvahekorda v\u00f5i kui proovite seda esimest korda. Selle l\u00e4bipaistval ja l\u00f5hnavabal tekstuuril on libestav toime, mis on 7\u20138 korda suurem kui veep\u00f5hisel libestil.<\/p>\n<p>Valmistatud ilma allergeenideta, testitud g\u00fcnekoloogilise kontrolli all ja sobib kasutamiseks kondoomidega, see kauakestev anaallibesti sobib igat t\u00fc\u00fcpi limaskestadele, isegi k\u00f5ige tundlikumatele.<\/p>\n<p>Selles anaallibestis on maagilised v\u00f5tmed, mis \u00e4ratavad teie unistuste seksuaalsuse ellu. Kui soovite nautida sensuaalset armastust ilma valu ja ebamugavuseta, siis \u00e4rge enam otsige, olete leidnud ideaalse partneri, kes teiega k\u00f5igi iham\u00e4ngude ajal liitub.<\/p>\n<p>Veekindla, inertse ja allergeenivaba koostisega aeglustab see bakterite vohamist, nagu need, mis p\u00f5hjustavad m\u00fckoosi.<\/p>\n<p>See on ideaalne libesti iga seksuaalsuse ja soolise identiteediga anaalseksi armastajatele; Kui soovite nautida P-punktist tohutuid orgasme, on see erootiline kaunitar teie teenistuses.[\/vc_column_text][vc_column_text woodmart_inline=&#8221;no&#8221; text_larger=&#8221;no&#8221;]<\/p>\n<h3><strong>Austus sinu naha vastu<\/strong><\/h3>\n<p>YESforLOV Ultimate libestit on testitud g\u00fcnekoloogide poolt. Sobib igat t\u00fc\u00fcpi limaskestadele, ka k\u00f5ige \u00f5rnematele piirkondadele.<\/p>\n<p>Kosmeetikavalve: Siiani ei ole teatatud k\u00f5rvaltoimetest.[\/vc_column_text][vc_column_text woodmart_inline=&#8221;no&#8221; text_larger=&#8221;no&#8221;]<\/p>\n<h3><strong>Soovitused kasutamiseks<\/strong><\/h3>\n<p>S\u00e4ilitustingimused:<\/p>\n<p>Hoida toatemperatuuril otsese p\u00e4ikesevalguse eest kaitstult.<\/p>\n<p>Ettevaatusabin\u00f5ud:<\/p>\n<p>&#8211; YESforLOV Ultimate Lubricant ei ole rasestumisvastane vahend.<\/p>\n<p>&#8211; Mitte kasutada nahakahjustuste korral.<\/p>\n<p>&#8211; Nahareaktsiooni korral on soovitatav ravi katkestada ja p\u00f6\u00f6rduda arsti poole.<\/p>\n<p>&#8211; \u00c4rge kasutage koos teiste samas tsoonis olevate toodetega ilma arsti n\u00f5uandeta.<\/p>\n<p>&#8211; Silma sattumisel loputage hoolikalt veega.<\/p>\n<p>Parim Enne Aeg p\u00e4rast avamist: 12 kuud p\u00e4rast avamist[\/vc_column_text][\/vc_column][\/vc_row]<\/p>\n<\/div>","protected":false},"excerpt":{"rendered":"<p>YESforLOV Ultimate Lubricant on libesti, mis pakub pikajalist kestvust ning on mitmeti kasutatav. See on l\u00f5hnavaba, ei tundu rasvane ning ei j\u00e4ta kleepuvaks. Kasutamise ajal on see siidiselt pehme ning muudab vahekorrad tunduvalt mugavamaks.<\/p>\n","protected":false},"featured_media":88920,"template":"","meta":[],"product_brand":[4248],"product_cat":[3973,1467,1460,3975],"product_tag":[],"class_list":{"0":"post-88915","1":"product","2":"type-product","3":"status-publish","4":"has-post-thumbnail","6":"product_brand-yesforlov-et","7":"product_cat-anaal","8":"product_cat-libestid","9":"product_cat-apteek","10":"product_cat-silikooni-baasil","11":"pa_brand-yesforlov-et","13":"first","14":"instock","15":"taxable","16":"shipping-taxable","17":"purchasable","18":"product-type-simple"},"yoast_head":"<!-- This site is optimized with the Yoast SEO plugin v27.4 - https:\/\/yoast.com\/product\/yoast-seo-wordpress\/ -->\n<title>Ultimate Lubricants Libesti Tihke 150ml | Lust and Love<\/title>\n<meta name=\"description\" content=\"YESforLOV Ultimate Lubricant on libesti, mis pakub pikajalist kestvust ning on mitmeti kasutatav. See on l\u00f5hnavaba, ei tundu rasvane ning ei j\u00e4ta kleepuvaks. Kasutamise ajal on see siidiselt pehme ning muudab vahekorrad tunduvalt mugavamaks.\" \/>\n<meta name=\"robots\" content=\"index,follow,max-snippet:-1,max-image-preview:large,max-video-preview:-1\" \/>\n<link rel=\"canonical\" href=\"https:\/\/lustandlove.eu\/et\/toode\/ultimate-lubricants-libesti-150ml-copy\/\" \/>\n<script type=\"application\/ld+json\" class=\"yoast-schema-graph\">{\"@context\":\"https:\\\/\\\/schema.org\",\"@graph\":[{\"@type\":[\"WebPage\",\"ItemPage\"],\"@id\":\"https:\\\/\\\/lustandlove.eu\\\/et\\\/toode\\\/ultimate-lubricants-libesti-150ml-copy\\\/\",\"url\":\"https:\\\/\\\/lustandlove.eu\\\/et\\\/toode\\\/ultimate-lubricants-libesti-150ml-copy\\\/\",\"name\":\"Ultimate Lubricants Libesti Tihke 150ml | Lust and Love\",\"isPartOf\":{\"@id\":\"https:\\\/\\\/lustandlove.eu\\\/et\\\/#website\"},\"primaryImageOfPage\":{\"@id\":\"https:\\\/\\\/lustandlove.eu\\\/et\\\/toode\\\/ultimate-lubricants-libesti-150ml-copy\\\/#primaryimage\"},\"image\":{\"@id\":\"https:\\\/\\\/lustandlove.eu\\\/et\\\/toode\\\/ultimate-lubricants-libesti-150ml-copy\\\/#primaryimage\"},\"thumbnailUrl\":\"https:\\\/\\\/lustandlove.eu\\\/wp-content\\\/uploads\\\/Lubrifiant_silicone_epaisse_lubricant_ultimate_thick_yesforlov.lb_.jpg\",\"datePublished\":\"2024-03-14T09:46:34+00:00\",\"dateModified\":\"2026-04-13T07:27:11+00:00\",\"description\":\"YESforLOV Ultimate Lubricant on libesti, mis pakub pikajalist kestvust ning on mitmeti kasutatav. See on l\u00f5hnavaba, ei tundu rasvane ning ei j\u00e4ta kleepuvaks. Kasutamise ajal on see siidiselt pehme ning muudab vahekorrad tunduvalt mugavamaks.\",\"breadcrumb\":{\"@id\":\"https:\\\/\\\/lustandlove.eu\\\/et\\\/toode\\\/ultimate-lubricants-libesti-150ml-copy\\\/#breadcrumb\"},\"inLanguage\":\"et\",\"potentialAction\":[{\"@type\":\"ReadAction\",\"target\":[\"https:\\\/\\\/lustandlove.eu\\\/et\\\/toode\\\/ultimate-lubricants-libesti-150ml-copy\\\/\"]}]},{\"@type\":\"ImageObject\",\"inLanguage\":\"et\",\"@id\":\"https:\\\/\\\/lustandlove.eu\\\/et\\\/toode\\\/ultimate-lubricants-libesti-150ml-copy\\\/#primaryimage\",\"url\":\"https:\\\/\\\/lustandlove.eu\\\/wp-content\\\/uploads\\\/Lubrifiant_silicone_epaisse_lubricant_ultimate_thick_yesforlov.lb_.jpg\",\"contentUrl\":\"https:\\\/\\\/lustandlove.eu\\\/wp-content\\\/uploads\\\/Lubrifiant_silicone_epaisse_lubricant_ultimate_thick_yesforlov.lb_.jpg\",\"width\":1780,\"height\":1780},{\"@type\":\"BreadcrumbList\",\"@id\":\"https:\\\/\\\/lustandlove.eu\\\/et\\\/toode\\\/ultimate-lubricants-libesti-150ml-copy\\\/#breadcrumb\",\"itemListElement\":[{\"@type\":\"ListItem\",\"position\":1,\"name\":\"Lust and Love\",\"item\":\"https:\\\/\\\/lustandlove.eu\\\/et\\\/\"},{\"@type\":\"ListItem\",\"position\":2,\"name\":\"Pood\",\"item\":\"https:\\\/\\\/lustandlove.eu\\\/et\\\/pood\\\/\"},{\"@type\":\"ListItem\",\"position\":3,\"name\":\"Libestid ja kehahooldus\",\"item\":\"https:\\\/\\\/lustandlove.eu\\\/et\\\/pood\\\/apteek\\\/\"},{\"@type\":\"ListItem\",\"position\":4,\"name\":\"Libestid\",\"item\":\"https:\\\/\\\/lustandlove.eu\\\/et\\\/pood\\\/apteek\\\/libestid\\\/\"},{\"@type\":\"ListItem\",\"position\":5,\"name\":\"Anaal\",\"item\":\"https:\\\/\\\/lustandlove.eu\\\/et\\\/pood\\\/apteek\\\/libestid\\\/anaal\\\/\"},{\"@type\":\"ListItem\",\"position\":6,\"name\":\"Ultimate Lubricants Libesti Tihke 150ml\"}]},{\"@type\":\"WebSite\",\"@id\":\"https:\\\/\\\/lustandlove.eu\\\/et\\\/#website\",\"url\":\"https:\\\/\\\/lustandlove.eu\\\/et\\\/\",\"name\":\"Lust & Love\",\"description\":\"Online erootikapood tervise, ilu ja armastuse jaoks\",\"publisher\":{\"@id\":\"https:\\\/\\\/lustandlove.eu\\\/et\\\/#organization\"},\"potentialAction\":[{\"@type\":\"SearchAction\",\"target\":{\"@type\":\"EntryPoint\",\"urlTemplate\":\"https:\\\/\\\/lustandlove.eu\\\/et\\\/?s={search_term_string}\"},\"query-input\":{\"@type\":\"PropertyValueSpecification\",\"valueRequired\":true,\"valueName\":\"search_term_string\"}}],\"inLanguage\":\"et\"},{\"@type\":\"Organization\",\"@id\":\"https:\\\/\\\/lustandlove.eu\\\/et\\\/#organization\",\"name\":\"Bioconcept Baltics O\u00dc\",\"url\":\"https:\\\/\\\/lustandlove.eu\\\/et\\\/\",\"logo\":{\"@type\":\"ImageObject\",\"inLanguage\":\"et\",\"@id\":\"https:\\\/\\\/lustandlove.eu\\\/et\\\/#\\\/schema\\\/logo\\\/image\\\/\",\"url\":\"https:\\\/\\\/lustandlove.eu\\\/wp-content\\\/uploads\\\/logo-full-2.png\",\"contentUrl\":\"https:\\\/\\\/lustandlove.eu\\\/wp-content\\\/uploads\\\/logo-full-2.png\",\"width\":837,\"height\":200,\"caption\":\"Bioconcept Baltics O\u00dc\"},\"image\":{\"@id\":\"https:\\\/\\\/lustandlove.eu\\\/et\\\/#\\\/schema\\\/logo\\\/image\\\/\"},\"sameAs\":[\"https:\\\/\\\/www.facebook.com\\\/LustandLoveEU\\\/\",\"https:\\\/\\\/www.instagram.com\\\/lustandloveeu\\\/\"]}]}<\/script>\n<!-- \/ Yoast SEO plugin. -->","yoast_head_json":{"title":"Ultimate Lubricants Libesti Tihke 150ml | Lust and Love","description":"YESforLOV Ultimate Lubricant on libesti, mis pakub pikajalist kestvust ning on mitmeti kasutatav. See on l\u00f5hnavaba, ei tundu rasvane ning ei j\u00e4ta kleepuvaks. Kasutamise ajal on see siidiselt pehme ning muudab vahekorrad tunduvalt mugavamaks.","robots":{"index,follow,max-snippet":"index,follow,max-snippet:-1,max-image-preview:large,max-video-preview:-1"},"canonical":"https:\/\/lustandlove.eu\/et\/toode\/ultimate-lubricants-libesti-150ml-copy\/","schema":{"@context":"https:\/\/schema.org","@graph":[{"@type":["WebPage","ItemPage"],"@id":"https:\/\/lustandlove.eu\/et\/toode\/ultimate-lubricants-libesti-150ml-copy\/","url":"https:\/\/lustandlove.eu\/et\/toode\/ultimate-lubricants-libesti-150ml-copy\/","name":"Ultimate Lubricants Libesti Tihke 150ml | Lust and Love","isPartOf":{"@id":"https:\/\/lustandlove.eu\/et\/#website"},"primaryImageOfPage":{"@id":"https:\/\/lustandlove.eu\/et\/toode\/ultimate-lubricants-libesti-150ml-copy\/#primaryimage"},"image":{"@id":"https:\/\/lustandlove.eu\/et\/toode\/ultimate-lubricants-libesti-150ml-copy\/#primaryimage"},"thumbnailUrl":"https:\/\/lustandlove.eu\/wp-content\/uploads\/Lubrifiant_silicone_epaisse_lubricant_ultimate_thick_yesforlov.lb_.jpg","datePublished":"2024-03-14T09:46:34+00:00","dateModified":"2026-04-13T07:27:11+00:00","description":"YESforLOV Ultimate Lubricant on libesti, mis pakub pikajalist kestvust ning on mitmeti kasutatav. See on l\u00f5hnavaba, ei tundu rasvane ning ei j\u00e4ta kleepuvaks. Kasutamise ajal on see siidiselt pehme ning muudab vahekorrad tunduvalt mugavamaks.","breadcrumb":{"@id":"https:\/\/lustandlove.eu\/et\/toode\/ultimate-lubricants-libesti-150ml-copy\/#breadcrumb"},"inLanguage":"et","potentialAction":[{"@type":"ReadAction","target":["https:\/\/lustandlove.eu\/et\/toode\/ultimate-lubricants-libesti-150ml-copy\/"]}]},{"@type":"ImageObject","inLanguage":"et","@id":"https:\/\/lustandlove.eu\/et\/toode\/ultimate-lubricants-libesti-150ml-copy\/#primaryimage","url":"https:\/\/lustandlove.eu\/wp-content\/uploads\/Lubrifiant_silicone_epaisse_lubricant_ultimate_thick_yesforlov.lb_.jpg","contentUrl":"https:\/\/lustandlove.eu\/wp-content\/uploads\/Lubrifiant_silicone_epaisse_lubricant_ultimate_thick_yesforlov.lb_.jpg","width":1780,"height":1780},{"@type":"BreadcrumbList","@id":"https:\/\/lustandlove.eu\/et\/toode\/ultimate-lubricants-libesti-150ml-copy\/#breadcrumb","itemListElement":[{"@type":"ListItem","position":1,"name":"Lust and Love","item":"https:\/\/lustandlove.eu\/et\/"},{"@type":"ListItem","position":2,"name":"Pood","item":"https:\/\/lustandlove.eu\/et\/pood\/"},{"@type":"ListItem","position":3,"name":"Libestid ja kehahooldus","item":"https:\/\/lustandlove.eu\/et\/pood\/apteek\/"},{"@type":"ListItem","position":4,"name":"Libestid","item":"https:\/\/lustandlove.eu\/et\/pood\/apteek\/libestid\/"},{"@type":"ListItem","position":5,"name":"Anaal","item":"https:\/\/lustandlove.eu\/et\/pood\/apteek\/libestid\/anaal\/"},{"@type":"ListItem","position":6,"name":"Ultimate Lubricants Libesti Tihke 150ml"}]},{"@type":"WebSite","@id":"https:\/\/lustandlove.eu\/et\/#website","url":"https:\/\/lustandlove.eu\/et\/","name":"Lust & Love","description":"Online erootikapood tervise, ilu ja armastuse jaoks","publisher":{"@id":"https:\/\/lustandlove.eu\/et\/#organization"},"potentialAction":[{"@type":"SearchAction","target":{"@type":"EntryPoint","urlTemplate":"https:\/\/lustandlove.eu\/et\/?s={search_term_string}"},"query-input":{"@type":"PropertyValueSpecification","valueRequired":true,"valueName":"search_term_string"}}],"inLanguage":"et"},{"@type":"Organization","@id":"https:\/\/lustandlove.eu\/et\/#organization","name":"Bioconcept Baltics O\u00dc","url":"https:\/\/lustandlove.eu\/et\/","logo":{"@type":"ImageObject","inLanguage":"et","@id":"https:\/\/lustandlove.eu\/et\/#\/schema\/logo\/image\/","url":"https:\/\/lustandlove.eu\/wp-content\/uploads\/logo-full-2.png","contentUrl":"https:\/\/lustandlove.eu\/wp-content\/uploads\/logo-full-2.png","width":837,"height":200,"caption":"Bioconcept Baltics O\u00dc"},"image":{"@id":"https:\/\/lustandlove.eu\/et\/#\/schema\/logo\/image\/"},"sameAs":["https:\/\/www.facebook.com\/LustandLoveEU\/","https:\/\/www.instagram.com\/lustandloveeu\/"]}]}},"_links":{"self":[{"href":"https:\/\/lustandlove.eu\/et\/wp-json\/wp\/v2\/product\/88915","targetHints":{"allow":["GET"]}}],"collection":[{"href":"https:\/\/lustandlove.eu\/et\/wp-json\/wp\/v2\/product"}],"about":[{"href":"https:\/\/lustandlove.eu\/et\/wp-json\/wp\/v2\/types\/product"}],"wp:featuredmedia":[{"embeddable":true,"href":"https:\/\/lustandlove.eu\/et\/wp-json\/wp\/v2\/media\/88920"}],"wp:attachment":[{"href":"https:\/\/lustandlove.eu\/et\/wp-json\/wp\/v2\/media?parent=88915"}],"wp:term":[{"taxonomy":"product_brand","embeddable":true,"href":"https:\/\/lustandlove.eu\/et\/wp-json\/wp\/v2\/product_brand?post=88915"},{"taxonomy":"product_cat","embeddable":true,"href":"https:\/\/lustandlove.eu\/et\/wp-json\/wp\/v2\/product_cat?post=88915"},{"taxonomy":"product_tag","embeddable":true,"href":"https:\/\/lustandlove.eu\/et\/wp-json\/wp\/v2\/product_tag?post=88915"}],"curies":[{"name":"wp","href":"https:\/\/api.w.org\/{rel}","templated":true}]}}