{"id":89014,"date":"2024-03-15T11:27:28","date_gmt":"2024-03-15T09:27:28","guid":{"rendered":"https:\/\/www.lustandlove.eu\/?post_type=product&#038;p=89014"},"modified":"2026-04-13T10:27:09","modified_gmt":"2026-04-13T07:27:09","slug":"pinwheel-ogadega-manguasi-must-copy","status":"publish","type":"product","link":"https:\/\/lustandlove.eu\/et\/toode\/pinwheel-ogadega-manguasi-must-copy\/","title":{"rendered":"Pinwheel Ogadega M\u00e4nguasi Kuldne"},"content":{"rendered":"<p>T\u00e4psuse ja tunnetuse jaoks loodud teravad otsad reageerivad survele, pakkudes muutuvat kogemust, mis kohandub nii algajate kui ka edasij\u00f5udnud m\u00e4ngijate soovidega. <em>Pinwheel<\/em> on mitmek\u00fclgne t\u00f6\u00f6riist, mis mitte ainult ei suurenda sensoorset uurimist, vaid lisab teie intiimsetele hetkedele ka elegantsust.<\/p>\n<p>Kvaliteetsest roostevabast terasest valmistatud kuldne ogadega ratas tagab vastupidavuse ja sujuva kasutamise. Kuldne viimistlus mitte ainult ei suurenda selle visuaalset v\u00f5lu, vaid suurendab ka selle intiimse aksessuaari diskreetsust ja stiili.<\/p>\n<p>Selle ratta kogupikkusega 18 cm ja ratta l\u00e4bim\u00f5\u00f5duga 3 cm saavutab see t\u00e4iusliku tasakaalu suuruse ja t\u00e4psuse vahel. Sukelduge meie kuldse Single Classic Pinwheeli elegantsesse viimistlusesse, kus iga rull muutub p\u00f5nevaks naudingute teekonnaks. Suurendage oma intiimset m\u00e4ngu selle kaunilt kujundatud ja diskreetse aksessuaariga. Tellige kohe, et lisada oma sensoorsesse uurimisse salap\u00e4ra.<\/p>\n","protected":false},"excerpt":{"rendered":"<p>Tutvustame meie kuldset <em>Pinwheel<\/em> Ogadega M\u00e4nguasja \u2013 elegantset ja m\u00f5istatuslikku t\u00e4iendust teie kollektsioonile, mis on m\u00f5eldud neile, kes otsivad oma intiimsetes kogemustes salap\u00e4ra. See klassikaline kuldse viimistlusega ratas \u00fchendab ajatu funktsionaalsuse terava esteetikaga ainulaadse sensoorse teekonna jaoks.<\/p>\n","protected":false},"featured_media":89016,"template":"","meta":[],"product_brand":[4228],"product_cat":[1470,4003],"product_tag":[1550,3773,3602,3601],"class_list":{"0":"post-89014","1":"product","2":"type-product","3":"status-publish","4":"has-post-thumbnail","6":"product_brand-o-products-et","7":"product_cat-bdsm-et","8":"product_cat-ogarattad","9":"product_tag-bdsm-et","10":"product_tag-meditsiin","11":"product_tag-noelad","12":"product_tag-pinwheel-et","13":"pa_brand-o-products-et","15":"first","16":"instock","17":"taxable","18":"shipping-taxable","19":"purchasable","20":"product-type-simple"},"yoast_head":"<!-- This site is optimized with the Yoast SEO plugin v27.3 - https:\/\/yoast.com\/product\/yoast-seo-wordpress\/ -->\n<title>Pinwheel Ogadega M\u00e4nguasi Kuldne | Lust and Love<\/title>\n<meta name=\"description\" content=\"Tutvustame meie kuldset Pinwheel Ogadega M\u00e4nguasja \u2013 elegantset ja m\u00f5istatuslikku t\u00e4iendust teie kollektsioonile, mis on m\u00f5eldud neile, kes otsivad oma intiimsetes kogemustes salap\u00e4ra.\" \/>\n<meta name=\"robots\" content=\"index,follow,max-snippet:-1,max-image-preview:large,max-video-preview:-1\" \/>\n<link rel=\"canonical\" href=\"https:\/\/lustandlove.eu\/et\/toode\/pinwheel-ogadega-manguasi-must-copy\/\" \/>\n<meta name=\"twitter:card\" content=\"summary_large_image\" \/>\n<meta name=\"twitter:title\" content=\"Pinwheel Ogadega M\u00e4nguasi Kuldne | Lust and Love\" \/>\n<meta name=\"twitter:description\" content=\"Tutvustame meie kuldset Pinwheel Ogadega M\u00e4nguasja \u2013 elegantset ja m\u00f5istatuslikku t\u00e4iendust teie kollektsioonile, mis on m\u00f5eldud neile, kes otsivad oma intiimsetes kogemustes salap\u00e4ra.\" \/>\n<meta name=\"twitter:image\" content=\"https:\/\/lustandlove.eu\/wp-content\/uploads\/opr-321159-03.png\" \/>\n<meta name=\"twitter:label1\" content=\"Est. reading time\" \/>\n\t<meta name=\"twitter:data1\" content=\"1 minut\" \/>\n<script type=\"application\/ld+json\" class=\"yoast-schema-graph\">{\"@context\":\"https:\\\/\\\/schema.org\",\"@graph\":[{\"@type\":[\"WebPage\",\"ItemPage\"],\"@id\":\"https:\\\/\\\/lustandlove.eu\\\/et\\\/toode\\\/pinwheel-ogadega-manguasi-must-copy\\\/\",\"url\":\"https:\\\/\\\/lustandlove.eu\\\/et\\\/toode\\\/pinwheel-ogadega-manguasi-must-copy\\\/\",\"name\":\"Pinwheel Ogadega M\u00e4nguasi Kuldne | Lust and Love\",\"isPartOf\":{\"@id\":\"https:\\\/\\\/lustandlove.eu\\\/et\\\/#website\"},\"primaryImageOfPage\":{\"@id\":\"https:\\\/\\\/lustandlove.eu\\\/et\\\/toode\\\/pinwheel-ogadega-manguasi-must-copy\\\/#primaryimage\"},\"image\":{\"@id\":\"https:\\\/\\\/lustandlove.eu\\\/et\\\/toode\\\/pinwheel-ogadega-manguasi-must-copy\\\/#primaryimage\"},\"thumbnailUrl\":\"https:\\\/\\\/lustandlove.eu\\\/wp-content\\\/uploads\\\/opr-321159-03.png\",\"datePublished\":\"2024-03-15T09:27:28+00:00\",\"dateModified\":\"2026-04-13T07:27:09+00:00\",\"description\":\"Tutvustame meie kuldset Pinwheel Ogadega M\u00e4nguasja \u2013 elegantset ja m\u00f5istatuslikku t\u00e4iendust teie kollektsioonile, mis on m\u00f5eldud neile, kes otsivad oma intiimsetes kogemustes salap\u00e4ra.\",\"breadcrumb\":{\"@id\":\"https:\\\/\\\/lustandlove.eu\\\/et\\\/toode\\\/pinwheel-ogadega-manguasi-must-copy\\\/#breadcrumb\"},\"inLanguage\":\"et\",\"potentialAction\":[{\"@type\":\"ReadAction\",\"target\":[\"https:\\\/\\\/lustandlove.eu\\\/et\\\/toode\\\/pinwheel-ogadega-manguasi-must-copy\\\/\"]}]},{\"@type\":\"ImageObject\",\"inLanguage\":\"et\",\"@id\":\"https:\\\/\\\/lustandlove.eu\\\/et\\\/toode\\\/pinwheel-ogadega-manguasi-must-copy\\\/#primaryimage\",\"url\":\"https:\\\/\\\/lustandlove.eu\\\/wp-content\\\/uploads\\\/opr-321159-03.png\",\"contentUrl\":\"https:\\\/\\\/lustandlove.eu\\\/wp-content\\\/uploads\\\/opr-321159-03.png\",\"width\":1200,\"height\":1200},{\"@type\":\"BreadcrumbList\",\"@id\":\"https:\\\/\\\/lustandlove.eu\\\/et\\\/toode\\\/pinwheel-ogadega-manguasi-must-copy\\\/#breadcrumb\",\"itemListElement\":[{\"@type\":\"ListItem\",\"position\":1,\"name\":\"Lust and Love\",\"item\":\"https:\\\/\\\/lustandlove.eu\\\/et\\\/\"},{\"@type\":\"ListItem\",\"position\":2,\"name\":\"Pood\",\"item\":\"https:\\\/\\\/lustandlove.eu\\\/et\\\/pood\\\/\"},{\"@type\":\"ListItem\",\"position\":3,\"name\":\"BDSM\",\"item\":\"https:\\\/\\\/lustandlove.eu\\\/et\\\/pood\\\/bdsm-et\\\/\"},{\"@type\":\"ListItem\",\"position\":4,\"name\":\"Pinwheel Ogadega M\u00e4nguasi Kuldne\"}]},{\"@type\":\"WebSite\",\"@id\":\"https:\\\/\\\/lustandlove.eu\\\/et\\\/#website\",\"url\":\"https:\\\/\\\/lustandlove.eu\\\/et\\\/\",\"name\":\"Lust &amp; Love\",\"description\":\"Online erootikapood tervise, ilu ja armastuse jaoks\",\"publisher\":{\"@id\":\"https:\\\/\\\/lustandlove.eu\\\/et\\\/#organization\"},\"potentialAction\":[{\"@type\":\"SearchAction\",\"target\":{\"@type\":\"EntryPoint\",\"urlTemplate\":\"https:\\\/\\\/lustandlove.eu\\\/et\\\/?s={search_term_string}\"},\"query-input\":{\"@type\":\"PropertyValueSpecification\",\"valueRequired\":true,\"valueName\":\"search_term_string\"}}],\"inLanguage\":\"et\"},{\"@type\":\"Organization\",\"@id\":\"https:\\\/\\\/lustandlove.eu\\\/et\\\/#organization\",\"name\":\"Bioconcept Baltics O\u00dc\",\"url\":\"https:\\\/\\\/lustandlove.eu\\\/et\\\/\",\"logo\":{\"@type\":\"ImageObject\",\"inLanguage\":\"et\",\"@id\":\"https:\\\/\\\/lustandlove.eu\\\/et\\\/#\\\/schema\\\/logo\\\/image\\\/\",\"url\":\"\",\"contentUrl\":\"\",\"caption\":\"Bioconcept Baltics O\u00dc\"},\"image\":{\"@id\":\"https:\\\/\\\/lustandlove.eu\\\/et\\\/#\\\/schema\\\/logo\\\/image\\\/\"},\"sameAs\":[\"https:\\\/\\\/www.facebook.com\\\/LustandLoveEU\\\/\",\"https:\\\/\\\/www.instagram.com\\\/lustandloveeu\\\/\"]}]}<\/script>\n<!-- \/ Yoast SEO plugin. -->","yoast_head_json":{"title":"Pinwheel Ogadega M\u00e4nguasi Kuldne | Lust and Love","description":"Tutvustame meie kuldset Pinwheel Ogadega M\u00e4nguasja \u2013 elegantset ja m\u00f5istatuslikku t\u00e4iendust teie kollektsioonile, mis on m\u00f5eldud neile, kes otsivad oma intiimsetes kogemustes salap\u00e4ra.","robots":{"index,follow,max-snippet":"index,follow,max-snippet:-1,max-image-preview:large,max-video-preview:-1"},"canonical":"https:\/\/lustandlove.eu\/et\/toode\/pinwheel-ogadega-manguasi-must-copy\/","twitter_card":"summary_large_image","twitter_title":"Pinwheel Ogadega M\u00e4nguasi Kuldne | Lust and Love","twitter_description":"Tutvustame meie kuldset Pinwheel Ogadega M\u00e4nguasja \u2013 elegantset ja m\u00f5istatuslikku t\u00e4iendust teie kollektsioonile, mis on m\u00f5eldud neile, kes otsivad oma intiimsetes kogemustes salap\u00e4ra.","twitter_image":"https:\/\/lustandlove.eu\/wp-content\/uploads\/opr-321159-03.png","twitter_misc":{"Est. reading time":"1 minut"},"schema":{"@context":"https:\/\/schema.org","@graph":[{"@type":["WebPage","ItemPage"],"@id":"https:\/\/lustandlove.eu\/et\/toode\/pinwheel-ogadega-manguasi-must-copy\/","url":"https:\/\/lustandlove.eu\/et\/toode\/pinwheel-ogadega-manguasi-must-copy\/","name":"Pinwheel Ogadega M\u00e4nguasi Kuldne | Lust and Love","isPartOf":{"@id":"https:\/\/lustandlove.eu\/et\/#website"},"primaryImageOfPage":{"@id":"https:\/\/lustandlove.eu\/et\/toode\/pinwheel-ogadega-manguasi-must-copy\/#primaryimage"},"image":{"@id":"https:\/\/lustandlove.eu\/et\/toode\/pinwheel-ogadega-manguasi-must-copy\/#primaryimage"},"thumbnailUrl":"https:\/\/lustandlove.eu\/wp-content\/uploads\/opr-321159-03.png","datePublished":"2024-03-15T09:27:28+00:00","dateModified":"2026-04-13T07:27:09+00:00","description":"Tutvustame meie kuldset Pinwheel Ogadega M\u00e4nguasja \u2013 elegantset ja m\u00f5istatuslikku t\u00e4iendust teie kollektsioonile, mis on m\u00f5eldud neile, kes otsivad oma intiimsetes kogemustes salap\u00e4ra.","breadcrumb":{"@id":"https:\/\/lustandlove.eu\/et\/toode\/pinwheel-ogadega-manguasi-must-copy\/#breadcrumb"},"inLanguage":"et","potentialAction":[{"@type":"ReadAction","target":["https:\/\/lustandlove.eu\/et\/toode\/pinwheel-ogadega-manguasi-must-copy\/"]}]},{"@type":"ImageObject","inLanguage":"et","@id":"https:\/\/lustandlove.eu\/et\/toode\/pinwheel-ogadega-manguasi-must-copy\/#primaryimage","url":"https:\/\/lustandlove.eu\/wp-content\/uploads\/opr-321159-03.png","contentUrl":"https:\/\/lustandlove.eu\/wp-content\/uploads\/opr-321159-03.png","width":1200,"height":1200},{"@type":"BreadcrumbList","@id":"https:\/\/lustandlove.eu\/et\/toode\/pinwheel-ogadega-manguasi-must-copy\/#breadcrumb","itemListElement":[{"@type":"ListItem","position":1,"name":"Lust and Love","item":"https:\/\/lustandlove.eu\/et\/"},{"@type":"ListItem","position":2,"name":"Pood","item":"https:\/\/lustandlove.eu\/et\/pood\/"},{"@type":"ListItem","position":3,"name":"BDSM","item":"https:\/\/lustandlove.eu\/et\/pood\/bdsm-et\/"},{"@type":"ListItem","position":4,"name":"Pinwheel Ogadega M\u00e4nguasi Kuldne"}]},{"@type":"WebSite","@id":"https:\/\/lustandlove.eu\/et\/#website","url":"https:\/\/lustandlove.eu\/et\/","name":"Lust &amp; Love","description":"Online erootikapood tervise, ilu ja armastuse jaoks","publisher":{"@id":"https:\/\/lustandlove.eu\/et\/#organization"},"potentialAction":[{"@type":"SearchAction","target":{"@type":"EntryPoint","urlTemplate":"https:\/\/lustandlove.eu\/et\/?s={search_term_string}"},"query-input":{"@type":"PropertyValueSpecification","valueRequired":true,"valueName":"search_term_string"}}],"inLanguage":"et"},{"@type":"Organization","@id":"https:\/\/lustandlove.eu\/et\/#organization","name":"Bioconcept Baltics O\u00dc","url":"https:\/\/lustandlove.eu\/et\/","logo":{"@type":"ImageObject","inLanguage":"et","@id":"https:\/\/lustandlove.eu\/et\/#\/schema\/logo\/image\/","url":"","contentUrl":"","caption":"Bioconcept Baltics O\u00dc"},"image":{"@id":"https:\/\/lustandlove.eu\/et\/#\/schema\/logo\/image\/"},"sameAs":["https:\/\/www.facebook.com\/LustandLoveEU\/","https:\/\/www.instagram.com\/lustandloveeu\/"]}]}},"_links":{"self":[{"href":"https:\/\/lustandlove.eu\/et\/wp-json\/wp\/v2\/product\/89014","targetHints":{"allow":["GET"]}}],"collection":[{"href":"https:\/\/lustandlove.eu\/et\/wp-json\/wp\/v2\/product"}],"about":[{"href":"https:\/\/lustandlove.eu\/et\/wp-json\/wp\/v2\/types\/product"}],"wp:featuredmedia":[{"embeddable":true,"href":"https:\/\/lustandlove.eu\/et\/wp-json\/wp\/v2\/media\/89016"}],"wp:attachment":[{"href":"https:\/\/lustandlove.eu\/et\/wp-json\/wp\/v2\/media?parent=89014"}],"wp:term":[{"taxonomy":"product_brand","embeddable":true,"href":"https:\/\/lustandlove.eu\/et\/wp-json\/wp\/v2\/product_brand?post=89014"},{"taxonomy":"product_cat","embeddable":true,"href":"https:\/\/lustandlove.eu\/et\/wp-json\/wp\/v2\/product_cat?post=89014"},{"taxonomy":"product_tag","embeddable":true,"href":"https:\/\/lustandlove.eu\/et\/wp-json\/wp\/v2\/product_tag?post=89014"}],"curies":[{"name":"wp","href":"https:\/\/api.w.org\/{rel}","templated":true}]}}