{"id":89171,"date":"2024-03-18T09:05:49","date_gmt":"2024-03-18T07:05:50","guid":{"rendered":"https:\/\/www.lustandlove.eu\/?post_type=product&#038;p=89171"},"modified":"2026-04-13T10:27:08","modified_gmt":"2026-04-13T07:27:08","slug":"ummarguse-otsaga-nibuklambrid-must-copy","status":"publish","type":"product","link":"https:\/\/lustandlove.eu\/et\/toode\/ummarguse-otsaga-nibuklambrid-must-copy\/","title":{"rendered":"\u00dcmmarguse Otsaga Nibuklambrid H\u00f5be"},"content":{"rendered":"<p>L\u00e4bim\u00f5eldud nii algajatele kui ka kogenud m\u00e4ngijatele m\u00f5eldud \u00fcmmarguse otsaga nibuklambrid pakuvad mugavuse ja intensiivsuse peent tasakaalu. Reguleeritav tugevus tagab isikup\u00e4rase kogemuse, v\u00f5imaldades teil kohandada m\u00f5nusid vastavalt oma soovidele.<\/p>\n<p>Kvaliteetsetest materjalidest valmistatud h\u00f5bedane viimistlus ei lisa mitte ainult k\u00fclluslikkust, vaid tagab ka vastupidavuse ja sametiselt sileda tunde naha vastu. Lisaks visuaalsele v\u00f5lule suurendavad palliotsad kasutamise ajal puutetundlikkust, pakkudes \u00f5rna, kuid p\u00f5nevat puudutust.<\/p>\n<p>Suurendage oma intiimseid hetki meie h\u00f5bedast v\u00e4rvi palliotsadega nibuklambrite rafineeritud viimistlusega. Diskreetne ja stiilne disain koos kohandatava funktsionaalsusega muudab need ideaalseks valikuks neile, kes hindavad nii vormi kui ka funktsiooni. Tellige kohe ja sukelduge intiimsete naudingute luksuslikku maailma.<\/p>\n","protected":false},"excerpt":{"rendered":"<p>Tutvustame meie h\u00f5bedav\u00e4rvi palliotstega nibuklambreid \u2013 elegantne stiili ja sensatsiooni sulam neile, kes otsivad oma intiimsetel hetkedel luksust.<\/p>\n","protected":false},"featured_media":89174,"template":"","meta":[],"product_brand":[4228],"product_cat":[1470,4002],"product_tag":[1550,3602,3601],"class_list":{"0":"post-89171","1":"product","2":"type-product","3":"status-publish","4":"has-post-thumbnail","6":"product_brand-o-products-et","7":"product_cat-bdsm-et","8":"product_cat-nibuklambrid","9":"product_tag-bdsm-et","10":"product_tag-noelad","11":"product_tag-pinwheel-et","12":"pa_brand-o-products-et","14":"first","15":"outofstock","16":"taxable","17":"shipping-taxable","18":"purchasable","19":"product-type-simple"},"yoast_head":"<!-- This site is optimized with the Yoast SEO plugin v27.3 - https:\/\/yoast.com\/product\/yoast-seo-wordpress\/ -->\n<title>\u00dcmmarguse Otsaga Nibuklambrid H\u00f5be | Lust and Love<\/title>\n<meta name=\"description\" content=\"H\u00f5bedased palliotstega nibuklambreid \u2013 elegantne stiili ja sensatsiooni sulam neile, kes otsivad oma intiimsetel BDSM hetkedel luksust.\" \/>\n<meta name=\"robots\" content=\"index,follow,max-snippet:-1,max-image-preview:large,max-video-preview:-1\" \/>\n<link rel=\"canonical\" href=\"https:\/\/lustandlove.eu\/et\/toode\/ummarguse-otsaga-nibuklambrid-must-copy\/\" \/>\n<meta name=\"twitter:card\" content=\"summary_large_image\" \/>\n<meta name=\"twitter:title\" content=\"\u00dcmmarguse Otsaga Nibuklambrid H\u00f5be | Lust and Love\" \/>\n<meta name=\"twitter:description\" content=\"H\u00f5bedased palliotstega nibuklambreid \u2013 elegantne stiili ja sensatsiooni sulam neile, kes otsivad oma intiimsetel BDSM hetkedel luksust.\" \/>\n<meta name=\"twitter:image\" content=\"https:\/\/lustandlove.eu\/wp-content\/uploads\/opr-321156-04.jpg\" \/>\n<meta name=\"twitter:label1\" content=\"Est. reading time\" \/>\n\t<meta name=\"twitter:data1\" content=\"1 minut\" \/>\n<script type=\"application\/ld+json\" class=\"yoast-schema-graph\">{\"@context\":\"https:\\\/\\\/schema.org\",\"@graph\":[{\"@type\":[\"WebPage\",\"ItemPage\"],\"@id\":\"https:\\\/\\\/lustandlove.eu\\\/et\\\/toode\\\/ummarguse-otsaga-nibuklambrid-must-copy\\\/\",\"url\":\"https:\\\/\\\/lustandlove.eu\\\/et\\\/toode\\\/ummarguse-otsaga-nibuklambrid-must-copy\\\/\",\"name\":\"\u00dcmmarguse Otsaga Nibuklambrid H\u00f5be | Lust and Love\",\"isPartOf\":{\"@id\":\"https:\\\/\\\/lustandlove.eu\\\/et\\\/#website\"},\"primaryImageOfPage\":{\"@id\":\"https:\\\/\\\/lustandlove.eu\\\/et\\\/toode\\\/ummarguse-otsaga-nibuklambrid-must-copy\\\/#primaryimage\"},\"image\":{\"@id\":\"https:\\\/\\\/lustandlove.eu\\\/et\\\/toode\\\/ummarguse-otsaga-nibuklambrid-must-copy\\\/#primaryimage\"},\"thumbnailUrl\":\"https:\\\/\\\/lustandlove.eu\\\/wp-content\\\/uploads\\\/opr-321156-04.jpg\",\"datePublished\":\"2024-03-18T07:05:50+00:00\",\"dateModified\":\"2026-04-13T07:27:08+00:00\",\"description\":\"H\u00f5bedased palliotstega nibuklambreid \u2013 elegantne stiili ja sensatsiooni sulam neile, kes otsivad oma intiimsetel BDSM hetkedel luksust.\",\"breadcrumb\":{\"@id\":\"https:\\\/\\\/lustandlove.eu\\\/et\\\/toode\\\/ummarguse-otsaga-nibuklambrid-must-copy\\\/#breadcrumb\"},\"inLanguage\":\"et\",\"potentialAction\":[{\"@type\":\"ReadAction\",\"target\":[\"https:\\\/\\\/lustandlove.eu\\\/et\\\/toode\\\/ummarguse-otsaga-nibuklambrid-must-copy\\\/\"]}]},{\"@type\":\"ImageObject\",\"inLanguage\":\"et\",\"@id\":\"https:\\\/\\\/lustandlove.eu\\\/et\\\/toode\\\/ummarguse-otsaga-nibuklambrid-must-copy\\\/#primaryimage\",\"url\":\"https:\\\/\\\/lustandlove.eu\\\/wp-content\\\/uploads\\\/opr-321156-04.jpg\",\"contentUrl\":\"https:\\\/\\\/lustandlove.eu\\\/wp-content\\\/uploads\\\/opr-321156-04.jpg\",\"width\":1200,\"height\":1200},{\"@type\":\"BreadcrumbList\",\"@id\":\"https:\\\/\\\/lustandlove.eu\\\/et\\\/toode\\\/ummarguse-otsaga-nibuklambrid-must-copy\\\/#breadcrumb\",\"itemListElement\":[{\"@type\":\"ListItem\",\"position\":1,\"name\":\"Lust and Love\",\"item\":\"https:\\\/\\\/lustandlove.eu\\\/et\\\/\"},{\"@type\":\"ListItem\",\"position\":2,\"name\":\"Pood\",\"item\":\"https:\\\/\\\/lustandlove.eu\\\/et\\\/pood\\\/\"},{\"@type\":\"ListItem\",\"position\":3,\"name\":\"BDSM\",\"item\":\"https:\\\/\\\/lustandlove.eu\\\/et\\\/pood\\\/bdsm-et\\\/\"},{\"@type\":\"ListItem\",\"position\":4,\"name\":\"\u00dcmmarguse Otsaga Nibuklambrid H\u00f5be\"}]},{\"@type\":\"WebSite\",\"@id\":\"https:\\\/\\\/lustandlove.eu\\\/et\\\/#website\",\"url\":\"https:\\\/\\\/lustandlove.eu\\\/et\\\/\",\"name\":\"Lust &amp; Love\",\"description\":\"Online erootikapood tervise, ilu ja armastuse jaoks\",\"publisher\":{\"@id\":\"https:\\\/\\\/lustandlove.eu\\\/et\\\/#organization\"},\"potentialAction\":[{\"@type\":\"SearchAction\",\"target\":{\"@type\":\"EntryPoint\",\"urlTemplate\":\"https:\\\/\\\/lustandlove.eu\\\/et\\\/?s={search_term_string}\"},\"query-input\":{\"@type\":\"PropertyValueSpecification\",\"valueRequired\":true,\"valueName\":\"search_term_string\"}}],\"inLanguage\":\"et\"},{\"@type\":\"Organization\",\"@id\":\"https:\\\/\\\/lustandlove.eu\\\/et\\\/#organization\",\"name\":\"Bioconcept Baltics O\u00dc\",\"url\":\"https:\\\/\\\/lustandlove.eu\\\/et\\\/\",\"logo\":{\"@type\":\"ImageObject\",\"inLanguage\":\"et\",\"@id\":\"https:\\\/\\\/lustandlove.eu\\\/et\\\/#\\\/schema\\\/logo\\\/image\\\/\",\"url\":\"\",\"contentUrl\":\"\",\"caption\":\"Bioconcept Baltics O\u00dc\"},\"image\":{\"@id\":\"https:\\\/\\\/lustandlove.eu\\\/et\\\/#\\\/schema\\\/logo\\\/image\\\/\"},\"sameAs\":[\"https:\\\/\\\/www.facebook.com\\\/LustandLoveEU\\\/\",\"https:\\\/\\\/www.instagram.com\\\/lustandloveeu\\\/\"]}]}<\/script>\n<!-- \/ Yoast SEO plugin. -->","yoast_head_json":{"title":"\u00dcmmarguse Otsaga Nibuklambrid H\u00f5be | Lust and Love","description":"H\u00f5bedased palliotstega nibuklambreid \u2013 elegantne stiili ja sensatsiooni sulam neile, kes otsivad oma intiimsetel BDSM hetkedel luksust.","robots":{"index,follow,max-snippet":"index,follow,max-snippet:-1,max-image-preview:large,max-video-preview:-1"},"canonical":"https:\/\/lustandlove.eu\/et\/toode\/ummarguse-otsaga-nibuklambrid-must-copy\/","twitter_card":"summary_large_image","twitter_title":"\u00dcmmarguse Otsaga Nibuklambrid H\u00f5be | Lust and Love","twitter_description":"H\u00f5bedased palliotstega nibuklambreid \u2013 elegantne stiili ja sensatsiooni sulam neile, kes otsivad oma intiimsetel BDSM hetkedel luksust.","twitter_image":"https:\/\/lustandlove.eu\/wp-content\/uploads\/opr-321156-04.jpg","twitter_misc":{"Est. reading time":"1 minut"},"schema":{"@context":"https:\/\/schema.org","@graph":[{"@type":["WebPage","ItemPage"],"@id":"https:\/\/lustandlove.eu\/et\/toode\/ummarguse-otsaga-nibuklambrid-must-copy\/","url":"https:\/\/lustandlove.eu\/et\/toode\/ummarguse-otsaga-nibuklambrid-must-copy\/","name":"\u00dcmmarguse Otsaga Nibuklambrid H\u00f5be | Lust and Love","isPartOf":{"@id":"https:\/\/lustandlove.eu\/et\/#website"},"primaryImageOfPage":{"@id":"https:\/\/lustandlove.eu\/et\/toode\/ummarguse-otsaga-nibuklambrid-must-copy\/#primaryimage"},"image":{"@id":"https:\/\/lustandlove.eu\/et\/toode\/ummarguse-otsaga-nibuklambrid-must-copy\/#primaryimage"},"thumbnailUrl":"https:\/\/lustandlove.eu\/wp-content\/uploads\/opr-321156-04.jpg","datePublished":"2024-03-18T07:05:50+00:00","dateModified":"2026-04-13T07:27:08+00:00","description":"H\u00f5bedased palliotstega nibuklambreid \u2013 elegantne stiili ja sensatsiooni sulam neile, kes otsivad oma intiimsetel BDSM hetkedel luksust.","breadcrumb":{"@id":"https:\/\/lustandlove.eu\/et\/toode\/ummarguse-otsaga-nibuklambrid-must-copy\/#breadcrumb"},"inLanguage":"et","potentialAction":[{"@type":"ReadAction","target":["https:\/\/lustandlove.eu\/et\/toode\/ummarguse-otsaga-nibuklambrid-must-copy\/"]}]},{"@type":"ImageObject","inLanguage":"et","@id":"https:\/\/lustandlove.eu\/et\/toode\/ummarguse-otsaga-nibuklambrid-must-copy\/#primaryimage","url":"https:\/\/lustandlove.eu\/wp-content\/uploads\/opr-321156-04.jpg","contentUrl":"https:\/\/lustandlove.eu\/wp-content\/uploads\/opr-321156-04.jpg","width":1200,"height":1200},{"@type":"BreadcrumbList","@id":"https:\/\/lustandlove.eu\/et\/toode\/ummarguse-otsaga-nibuklambrid-must-copy\/#breadcrumb","itemListElement":[{"@type":"ListItem","position":1,"name":"Lust and Love","item":"https:\/\/lustandlove.eu\/et\/"},{"@type":"ListItem","position":2,"name":"Pood","item":"https:\/\/lustandlove.eu\/et\/pood\/"},{"@type":"ListItem","position":3,"name":"BDSM","item":"https:\/\/lustandlove.eu\/et\/pood\/bdsm-et\/"},{"@type":"ListItem","position":4,"name":"\u00dcmmarguse Otsaga Nibuklambrid H\u00f5be"}]},{"@type":"WebSite","@id":"https:\/\/lustandlove.eu\/et\/#website","url":"https:\/\/lustandlove.eu\/et\/","name":"Lust &amp; Love","description":"Online erootikapood tervise, ilu ja armastuse jaoks","publisher":{"@id":"https:\/\/lustandlove.eu\/et\/#organization"},"potentialAction":[{"@type":"SearchAction","target":{"@type":"EntryPoint","urlTemplate":"https:\/\/lustandlove.eu\/et\/?s={search_term_string}"},"query-input":{"@type":"PropertyValueSpecification","valueRequired":true,"valueName":"search_term_string"}}],"inLanguage":"et"},{"@type":"Organization","@id":"https:\/\/lustandlove.eu\/et\/#organization","name":"Bioconcept Baltics O\u00dc","url":"https:\/\/lustandlove.eu\/et\/","logo":{"@type":"ImageObject","inLanguage":"et","@id":"https:\/\/lustandlove.eu\/et\/#\/schema\/logo\/image\/","url":"","contentUrl":"","caption":"Bioconcept Baltics O\u00dc"},"image":{"@id":"https:\/\/lustandlove.eu\/et\/#\/schema\/logo\/image\/"},"sameAs":["https:\/\/www.facebook.com\/LustandLoveEU\/","https:\/\/www.instagram.com\/lustandloveeu\/"]}]}},"_links":{"self":[{"href":"https:\/\/lustandlove.eu\/et\/wp-json\/wp\/v2\/product\/89171","targetHints":{"allow":["GET"]}}],"collection":[{"href":"https:\/\/lustandlove.eu\/et\/wp-json\/wp\/v2\/product"}],"about":[{"href":"https:\/\/lustandlove.eu\/et\/wp-json\/wp\/v2\/types\/product"}],"wp:featuredmedia":[{"embeddable":true,"href":"https:\/\/lustandlove.eu\/et\/wp-json\/wp\/v2\/media\/89174"}],"wp:attachment":[{"href":"https:\/\/lustandlove.eu\/et\/wp-json\/wp\/v2\/media?parent=89171"}],"wp:term":[{"taxonomy":"product_brand","embeddable":true,"href":"https:\/\/lustandlove.eu\/et\/wp-json\/wp\/v2\/product_brand?post=89171"},{"taxonomy":"product_cat","embeddable":true,"href":"https:\/\/lustandlove.eu\/et\/wp-json\/wp\/v2\/product_cat?post=89171"},{"taxonomy":"product_tag","embeddable":true,"href":"https:\/\/lustandlove.eu\/et\/wp-json\/wp\/v2\/product_tag?post=89171"}],"curies":[{"name":"wp","href":"https:\/\/api.w.org\/{rel}","templated":true}]}}