{"id":89203,"date":"2024-03-15T11:14:42","date_gmt":"2024-03-15T09:14:42","guid":{"rendered":"https:\/\/www.lustandlove.eu\/product\/kuradisaba-anaaltapp-ja-punutud-piits\/"},"modified":"2026-04-13T10:27:10","modified_gmt":"2026-04-13T07:27:10","slug":"kuradisaba-anaaltapp-ja-punutud-piits","status":"publish","type":"product","link":"https:\/\/lustandlove.eu\/et\/toode\/kuradisaba-anaaltapp-ja-punutud-piits\/","title":{"rendered":"Kuradisaba Anaaltapp ja Punutud Piits"},"content":{"rendered":"<p>See ainulaadne aksessuaar pakub nii m\u00e4ngulisust kui ka intensiivsust, sobides ideaalselt neile, kes ihkavad oma soovides vaheldust. Suurendage oma kollektsiooni selle ahvatleva kombinatsiooniga, mis on loodud kirgi s\u00fctitama ja unustamatuid elamusi looma. Avastage sensuaalsuse ja naudingute maailma selle k\u00f5ik-\u00fches tarvikuga.<\/p>\n","protected":false},"excerpt":{"rendered":"<p>Tutvustame meie Pu-Nahast Kuradisaba kaks-\u00fches Anaaltapp ja Piits, mitmek\u00fclgne ja v\u00f5rgutav t\u00e4iendus teie intiimsele kollektsioonile.<\/p>\n","protected":false},"featured_media":89194,"template":"","meta":[],"product_brand":[4228],"product_cat":[1491],"product_tag":[1506,3609,1510],"class_list":{"0":"post-89203","1":"product","2":"type-product","3":"status-publish","4":"has-post-thumbnail","6":"product_brand-o-products-et","7":"product_cat-anaallelud","8":"product_tag-anaal-et","9":"product_tag-anaaltapp-et","10":"product_tag-anaaltapp","11":"pa_brand-o-products-et","13":"first","14":"instock","15":"taxable","16":"shipping-taxable","17":"purchasable","18":"product-type-simple"},"yoast_head":"<!-- This site is optimized with the Yoast SEO plugin v27.3 - https:\/\/yoast.com\/product\/yoast-seo-wordpress\/ -->\n<title>Kuradisaba Anaaltapp ja Punutud Piits | Lust and Love<\/title>\n<meta name=\"description\" content=\"Tutvustame meie Pu-Nahast Kuradisaba kaks-\u00fches Anaaltapp ja Piits, mitmek\u00fclgne ja v\u00f5rgutav t\u00e4iendus teie intiimsele kollektsioonile.\" \/>\n<meta name=\"robots\" content=\"index,follow,max-snippet:-1,max-image-preview:large,max-video-preview:-1\" \/>\n<link rel=\"canonical\" href=\"https:\/\/lustandlove.eu\/et\/toode\/kuradisaba-anaaltapp-ja-punutud-piits\/\" \/>\n<meta name=\"twitter:card\" content=\"summary_large_image\" \/>\n<meta name=\"twitter:title\" content=\"Kuradisaba Anaaltapp ja Punutud Piits | Lust and Love\" \/>\n<meta name=\"twitter:description\" content=\"Tutvustame meie Pu-Nahast Kuradisaba kaks-\u00fches Anaaltapp ja Piits, mitmek\u00fclgne ja v\u00f5rgutav t\u00e4iendus teie intiimsele kollektsioonile.\" \/>\n<meta name=\"twitter:image\" content=\"https:\/\/lustandlove.eu\/wp-content\/uploads\/opr-321151-03.jpg\" \/>\n<script type=\"application\/ld+json\" class=\"yoast-schema-graph\">{\"@context\":\"https:\\\/\\\/schema.org\",\"@graph\":[{\"@type\":[\"WebPage\",\"ItemPage\"],\"@id\":\"https:\\\/\\\/lustandlove.eu\\\/et\\\/toode\\\/kuradisaba-anaaltapp-ja-punutud-piits\\\/\",\"url\":\"https:\\\/\\\/lustandlove.eu\\\/et\\\/toode\\\/kuradisaba-anaaltapp-ja-punutud-piits\\\/\",\"name\":\"Kuradisaba Anaaltapp ja Punutud Piits | Lust and Love\",\"isPartOf\":{\"@id\":\"https:\\\/\\\/lustandlove.eu\\\/et\\\/#website\"},\"primaryImageOfPage\":{\"@id\":\"https:\\\/\\\/lustandlove.eu\\\/et\\\/toode\\\/kuradisaba-anaaltapp-ja-punutud-piits\\\/#primaryimage\"},\"image\":{\"@id\":\"https:\\\/\\\/lustandlove.eu\\\/et\\\/toode\\\/kuradisaba-anaaltapp-ja-punutud-piits\\\/#primaryimage\"},\"thumbnailUrl\":\"https:\\\/\\\/lustandlove.eu\\\/wp-content\\\/uploads\\\/opr-321151-03.jpg\",\"datePublished\":\"2024-03-15T09:14:42+00:00\",\"dateModified\":\"2026-04-13T07:27:10+00:00\",\"description\":\"Tutvustame meie Pu-Nahast Kuradisaba kaks-\u00fches Anaaltapp ja Piits, mitmek\u00fclgne ja v\u00f5rgutav t\u00e4iendus teie intiimsele kollektsioonile.\",\"breadcrumb\":{\"@id\":\"https:\\\/\\\/lustandlove.eu\\\/et\\\/toode\\\/kuradisaba-anaaltapp-ja-punutud-piits\\\/#breadcrumb\"},\"inLanguage\":\"et\",\"potentialAction\":[{\"@type\":\"ReadAction\",\"target\":[\"https:\\\/\\\/lustandlove.eu\\\/et\\\/toode\\\/kuradisaba-anaaltapp-ja-punutud-piits\\\/\"]}]},{\"@type\":\"ImageObject\",\"inLanguage\":\"et\",\"@id\":\"https:\\\/\\\/lustandlove.eu\\\/et\\\/toode\\\/kuradisaba-anaaltapp-ja-punutud-piits\\\/#primaryimage\",\"url\":\"https:\\\/\\\/lustandlove.eu\\\/wp-content\\\/uploads\\\/opr-321151-03.jpg\",\"contentUrl\":\"https:\\\/\\\/lustandlove.eu\\\/wp-content\\\/uploads\\\/opr-321151-03.jpg\",\"width\":1200,\"height\":1200},{\"@type\":\"BreadcrumbList\",\"@id\":\"https:\\\/\\\/lustandlove.eu\\\/et\\\/toode\\\/kuradisaba-anaaltapp-ja-punutud-piits\\\/#breadcrumb\",\"itemListElement\":[{\"@type\":\"ListItem\",\"position\":1,\"name\":\"Lust and Love\",\"item\":\"https:\\\/\\\/lustandlove.eu\\\/et\\\/\"},{\"@type\":\"ListItem\",\"position\":2,\"name\":\"Pood\",\"item\":\"https:\\\/\\\/lustandlove.eu\\\/et\\\/pood\\\/\"},{\"@type\":\"ListItem\",\"position\":3,\"name\":\"Sekslelud\",\"item\":\"https:\\\/\\\/lustandlove.eu\\\/et\\\/pood\\\/sekslelud\\\/\"},{\"@type\":\"ListItem\",\"position\":4,\"name\":\"Anaallelud\",\"item\":\"https:\\\/\\\/lustandlove.eu\\\/et\\\/pood\\\/sekslelud\\\/anaallelud\\\/\"},{\"@type\":\"ListItem\",\"position\":5,\"name\":\"Kuradisaba Anaaltapp ja Punutud Piits\"}]},{\"@type\":\"WebSite\",\"@id\":\"https:\\\/\\\/lustandlove.eu\\\/et\\\/#website\",\"url\":\"https:\\\/\\\/lustandlove.eu\\\/et\\\/\",\"name\":\"Lust &amp; Love\",\"description\":\"Online erootikapood tervise, ilu ja armastuse jaoks\",\"publisher\":{\"@id\":\"https:\\\/\\\/lustandlove.eu\\\/et\\\/#organization\"},\"potentialAction\":[{\"@type\":\"SearchAction\",\"target\":{\"@type\":\"EntryPoint\",\"urlTemplate\":\"https:\\\/\\\/lustandlove.eu\\\/et\\\/?s={search_term_string}\"},\"query-input\":{\"@type\":\"PropertyValueSpecification\",\"valueRequired\":true,\"valueName\":\"search_term_string\"}}],\"inLanguage\":\"et\"},{\"@type\":\"Organization\",\"@id\":\"https:\\\/\\\/lustandlove.eu\\\/et\\\/#organization\",\"name\":\"Bioconcept Baltics O\u00dc\",\"url\":\"https:\\\/\\\/lustandlove.eu\\\/et\\\/\",\"logo\":{\"@type\":\"ImageObject\",\"inLanguage\":\"et\",\"@id\":\"https:\\\/\\\/lustandlove.eu\\\/et\\\/#\\\/schema\\\/logo\\\/image\\\/\",\"url\":\"\",\"contentUrl\":\"\",\"caption\":\"Bioconcept Baltics O\u00dc\"},\"image\":{\"@id\":\"https:\\\/\\\/lustandlove.eu\\\/et\\\/#\\\/schema\\\/logo\\\/image\\\/\"},\"sameAs\":[\"https:\\\/\\\/www.facebook.com\\\/LustandLoveEU\\\/\",\"https:\\\/\\\/www.instagram.com\\\/lustandloveeu\\\/\"]}]}<\/script>\n<!-- \/ Yoast SEO plugin. -->","yoast_head_json":{"title":"Kuradisaba Anaaltapp ja Punutud Piits | Lust and Love","description":"Tutvustame meie Pu-Nahast Kuradisaba kaks-\u00fches Anaaltapp ja Piits, mitmek\u00fclgne ja v\u00f5rgutav t\u00e4iendus teie intiimsele kollektsioonile.","robots":{"index,follow,max-snippet":"index,follow,max-snippet:-1,max-image-preview:large,max-video-preview:-1"},"canonical":"https:\/\/lustandlove.eu\/et\/toode\/kuradisaba-anaaltapp-ja-punutud-piits\/","twitter_card":"summary_large_image","twitter_title":"Kuradisaba Anaaltapp ja Punutud Piits | Lust and Love","twitter_description":"Tutvustame meie Pu-Nahast Kuradisaba kaks-\u00fches Anaaltapp ja Piits, mitmek\u00fclgne ja v\u00f5rgutav t\u00e4iendus teie intiimsele kollektsioonile.","twitter_image":"https:\/\/lustandlove.eu\/wp-content\/uploads\/opr-321151-03.jpg","schema":{"@context":"https:\/\/schema.org","@graph":[{"@type":["WebPage","ItemPage"],"@id":"https:\/\/lustandlove.eu\/et\/toode\/kuradisaba-anaaltapp-ja-punutud-piits\/","url":"https:\/\/lustandlove.eu\/et\/toode\/kuradisaba-anaaltapp-ja-punutud-piits\/","name":"Kuradisaba Anaaltapp ja Punutud Piits | Lust and Love","isPartOf":{"@id":"https:\/\/lustandlove.eu\/et\/#website"},"primaryImageOfPage":{"@id":"https:\/\/lustandlove.eu\/et\/toode\/kuradisaba-anaaltapp-ja-punutud-piits\/#primaryimage"},"image":{"@id":"https:\/\/lustandlove.eu\/et\/toode\/kuradisaba-anaaltapp-ja-punutud-piits\/#primaryimage"},"thumbnailUrl":"https:\/\/lustandlove.eu\/wp-content\/uploads\/opr-321151-03.jpg","datePublished":"2024-03-15T09:14:42+00:00","dateModified":"2026-04-13T07:27:10+00:00","description":"Tutvustame meie Pu-Nahast Kuradisaba kaks-\u00fches Anaaltapp ja Piits, mitmek\u00fclgne ja v\u00f5rgutav t\u00e4iendus teie intiimsele kollektsioonile.","breadcrumb":{"@id":"https:\/\/lustandlove.eu\/et\/toode\/kuradisaba-anaaltapp-ja-punutud-piits\/#breadcrumb"},"inLanguage":"et","potentialAction":[{"@type":"ReadAction","target":["https:\/\/lustandlove.eu\/et\/toode\/kuradisaba-anaaltapp-ja-punutud-piits\/"]}]},{"@type":"ImageObject","inLanguage":"et","@id":"https:\/\/lustandlove.eu\/et\/toode\/kuradisaba-anaaltapp-ja-punutud-piits\/#primaryimage","url":"https:\/\/lustandlove.eu\/wp-content\/uploads\/opr-321151-03.jpg","contentUrl":"https:\/\/lustandlove.eu\/wp-content\/uploads\/opr-321151-03.jpg","width":1200,"height":1200},{"@type":"BreadcrumbList","@id":"https:\/\/lustandlove.eu\/et\/toode\/kuradisaba-anaaltapp-ja-punutud-piits\/#breadcrumb","itemListElement":[{"@type":"ListItem","position":1,"name":"Lust and Love","item":"https:\/\/lustandlove.eu\/et\/"},{"@type":"ListItem","position":2,"name":"Pood","item":"https:\/\/lustandlove.eu\/et\/pood\/"},{"@type":"ListItem","position":3,"name":"Sekslelud","item":"https:\/\/lustandlove.eu\/et\/pood\/sekslelud\/"},{"@type":"ListItem","position":4,"name":"Anaallelud","item":"https:\/\/lustandlove.eu\/et\/pood\/sekslelud\/anaallelud\/"},{"@type":"ListItem","position":5,"name":"Kuradisaba Anaaltapp ja Punutud Piits"}]},{"@type":"WebSite","@id":"https:\/\/lustandlove.eu\/et\/#website","url":"https:\/\/lustandlove.eu\/et\/","name":"Lust &amp; Love","description":"Online erootikapood tervise, ilu ja armastuse jaoks","publisher":{"@id":"https:\/\/lustandlove.eu\/et\/#organization"},"potentialAction":[{"@type":"SearchAction","target":{"@type":"EntryPoint","urlTemplate":"https:\/\/lustandlove.eu\/et\/?s={search_term_string}"},"query-input":{"@type":"PropertyValueSpecification","valueRequired":true,"valueName":"search_term_string"}}],"inLanguage":"et"},{"@type":"Organization","@id":"https:\/\/lustandlove.eu\/et\/#organization","name":"Bioconcept Baltics O\u00dc","url":"https:\/\/lustandlove.eu\/et\/","logo":{"@type":"ImageObject","inLanguage":"et","@id":"https:\/\/lustandlove.eu\/et\/#\/schema\/logo\/image\/","url":"","contentUrl":"","caption":"Bioconcept Baltics O\u00dc"},"image":{"@id":"https:\/\/lustandlove.eu\/et\/#\/schema\/logo\/image\/"},"sameAs":["https:\/\/www.facebook.com\/LustandLoveEU\/","https:\/\/www.instagram.com\/lustandloveeu\/"]}]}},"_links":{"self":[{"href":"https:\/\/lustandlove.eu\/et\/wp-json\/wp\/v2\/product\/89203","targetHints":{"allow":["GET"]}}],"collection":[{"href":"https:\/\/lustandlove.eu\/et\/wp-json\/wp\/v2\/product"}],"about":[{"href":"https:\/\/lustandlove.eu\/et\/wp-json\/wp\/v2\/types\/product"}],"wp:featuredmedia":[{"embeddable":true,"href":"https:\/\/lustandlove.eu\/et\/wp-json\/wp\/v2\/media\/89194"}],"wp:attachment":[{"href":"https:\/\/lustandlove.eu\/et\/wp-json\/wp\/v2\/media?parent=89203"}],"wp:term":[{"taxonomy":"product_brand","embeddable":true,"href":"https:\/\/lustandlove.eu\/et\/wp-json\/wp\/v2\/product_brand?post=89203"},{"taxonomy":"product_cat","embeddable":true,"href":"https:\/\/lustandlove.eu\/et\/wp-json\/wp\/v2\/product_cat?post=89203"},{"taxonomy":"product_tag","embeddable":true,"href":"https:\/\/lustandlove.eu\/et\/wp-json\/wp\/v2\/product_tag?post=89203"}],"curies":[{"name":"wp","href":"https:\/\/api.w.org\/{rel}","templated":true}]}}