{"id":89243,"date":"2024-03-21T11:33:40","date_gmt":"2024-03-21T09:33:40","guid":{"rendered":"https:\/\/www.lustandlove.eu\/?post_type=product&#038;p=89243"},"modified":"2026-04-13T10:27:08","modified_gmt":"2026-04-13T07:27:08","slug":"ultimate-lubricants-libesti-keskmine-150ml-copy","status":"publish","type":"product","link":"https:\/\/lustandlove.eu\/et\/toode\/ultimate-lubricants-libesti-keskmine-150ml-copy\/","title":{"rendered":"Ultimate Lubricants Libesti Vedel 150ml"},"content":{"rendered":"<div class=\"wpb-content-wrapper\"><p>[vc_row][vc_column][vc_column_text woodmart_inline=&#8221;no&#8221; text_larger=&#8221;no&#8221;]<\/p>\n<h2><strong>ULTIMATE LUBRICANTS 150 ML<\/strong><\/h2>\n<p>[\/vc_column_text][vc_column_text woodmart_inline=&#8221;no&#8221; text_larger=&#8221;no&#8221;]Sellel vedela konsistentsiga massaa\u017eilibestil on mitmek\u00fclgne valem, mida saab kasutada igas erootilises olukorras, nagu tantrism, aeglane seks, masturbatsioon, v\u00f5rgutav massaa\u017e ja erootiline eelm\u00e4ng.<\/p>\n<p>Selle l\u00e4bipaistev ja l\u00f5hnavaba tekstuur j\u00e4tab naha p\u00e4rast siidiselt siledaks ja mitterasuseks, n\u00e4idates teie erootilist ilu oma satiinse s\u00e4raga.<\/p>\n<p>Sellel silikoonilibestil on v\u00e4ga kauakestev libestav effekt, mis kestab 5 korda kauem kui veep\u00f5hisel libestil.<\/p>\n<p>Erinevalt teistest massaa\u017ei\u00f5lidest sobib see imeline massaa\u017ei\u00f5li kondoomidega, nii et teie sensuaalsed armastuse seansid on kaitstud ja ohutud.<\/p>\n<p>See on ideaalne libesti neile, kes soovivad peatada intiimset ebamugavust.[\/vc_column_text][vc_column_text woodmart_inline=&#8221;no&#8221; text_larger=&#8221;no&#8221;]<\/p>\n<h3><strong>Austus sinu naha vastu<\/strong><\/h3>\n<p>YESforLOV Ultimate libestit on testitud g\u00fcnekoloogide poolt. Sobib igat t\u00fc\u00fcpi limaskestadele, ka k\u00f5ige \u00f5rnematele piirkondadele.<\/p>\n<p>Kosmeetikavalve: Siiani ei ole teatatud k\u00f5rvaltoimetest.[\/vc_column_text][vc_column_text woodmart_inline=&#8221;no&#8221; text_larger=&#8221;no&#8221;]<\/p>\n<h3><strong>Soovitused kasutamiseks<\/strong><\/h3>\n<p>S\u00e4ilitustingimused:<\/p>\n<p>Hoida toatemperatuuril otsese p\u00e4ikesevalguse eest kaitstult.<\/p>\n<p>Ettevaatusabin\u00f5ud:<\/p>\n<p>&#8211; YESforLOV Ultimate Lubricant ei ole rasestumisvastane vahend.<\/p>\n<p>&#8211; Mitte kasutada nahakahjustuste korral.<\/p>\n<p>&#8211; Nahareaktsiooni korral on soovitatav ravi katkestada ja p\u00f6\u00f6rduda arsti poole.<\/p>\n<p>&#8211; \u00c4rge kasutage koos teiste samas tsoonis olevate toodetega ilma arsti n\u00f5uandeta.<\/p>\n<p>&#8211; Silma sattumisel loputage hoolikalt veega.<\/p>\n<p>Parim Enne Aeg p\u00e4rast avamist: 12 kuud p\u00e4rast avamist[\/vc_column_text][\/vc_column][\/vc_row]<\/p>\n<\/div>","protected":false},"excerpt":{"rendered":"<p>\u00dclim vedela konsistentsiga libesti on YESforLOV silikoonibaasil libesti. See pakub teile l\u00f5putut libisemist, mis kestab sama kaua kui teie, ning on perfektne v\u00f5rgutava massaa\u017ei jaoks, mis v\u00f5ib igal hetkel \u00fcleannetuks muutuda.<\/p>\n","protected":false},"featured_media":89245,"template":"","meta":[],"product_brand":[4248],"product_cat":[1467,1460,3975],"product_tag":[],"class_list":{"0":"post-89243","1":"product","2":"type-product","3":"status-publish","4":"has-post-thumbnail","6":"product_brand-yesforlov-et","7":"product_cat-libestid","8":"product_cat-apteek","9":"product_cat-silikooni-baasil","10":"pa_brand-yesforlov-et","12":"first","13":"instock","14":"taxable","15":"shipping-taxable","16":"purchasable","17":"product-type-simple"},"yoast_head":"<!-- This site is optimized with the Yoast SEO plugin v27.3 - https:\/\/yoast.com\/product\/yoast-seo-wordpress\/ -->\n<title>Ultimate Lubricants Libesti Vedel 150ml | Lust and Love<\/title>\n<meta name=\"description\" content=\"YESforLOV Ultimate Lubricant on libesti, mis pakub pikajalist kestvust ning on mitmeti kasutatav. See on l\u00f5hnavaba, ei tundu rasvane ning ei j\u00e4ta kleepuvaks. Kasutamise ajal on see siidiselt pehme ning muudab vahekorrad tunduvalt mugavamaks.\" \/>\n<meta name=\"robots\" content=\"index,follow,max-snippet:-1,max-image-preview:large,max-video-preview:-1\" \/>\n<link rel=\"canonical\" href=\"https:\/\/lustandlove.eu\/et\/toode\/ultimate-lubricants-libesti-keskmine-150ml-copy\/\" \/>\n<meta name=\"twitter:card\" content=\"summary_large_image\" \/>\n<meta name=\"twitter:title\" content=\"Ultimate Lubricants Libesti Vedel 150ml | Lust and Love\" \/>\n<meta name=\"twitter:description\" content=\"YESforLOV Ultimate Lubricant on libesti, mis pakub pikajalist kestvust ning on mitmeti kasutatav. See on l\u00f5hnavaba, ei tundu rasvane ning ei j\u00e4ta kleepuvaks. Kasutamise ajal on see siidiselt pehme ning muudab vahekorrad tunduvalt mugavamaks.\" \/>\n<meta name=\"twitter:image\" content=\"https:\/\/lustandlove.eu\/wp-content\/uploads\/YFL01B28_Light_ultimate_silicone_lubricant_lubrifiant_fluide_yesforlov.gr_.jpg\" \/>\n<meta name=\"twitter:label1\" content=\"Est. reading time\" \/>\n\t<meta name=\"twitter:data1\" content=\"1 minut\" \/>\n<script type=\"application\/ld+json\" class=\"yoast-schema-graph\">{\"@context\":\"https:\\\/\\\/schema.org\",\"@graph\":[{\"@type\":[\"WebPage\",\"ItemPage\"],\"@id\":\"https:\\\/\\\/lustandlove.eu\\\/et\\\/toode\\\/ultimate-lubricants-libesti-keskmine-150ml-copy\\\/\",\"url\":\"https:\\\/\\\/lustandlove.eu\\\/et\\\/toode\\\/ultimate-lubricants-libesti-keskmine-150ml-copy\\\/\",\"name\":\"Ultimate Lubricants Libesti Vedel 150ml | Lust and Love\",\"isPartOf\":{\"@id\":\"https:\\\/\\\/lustandlove.eu\\\/et\\\/#website\"},\"primaryImageOfPage\":{\"@id\":\"https:\\\/\\\/lustandlove.eu\\\/et\\\/toode\\\/ultimate-lubricants-libesti-keskmine-150ml-copy\\\/#primaryimage\"},\"image\":{\"@id\":\"https:\\\/\\\/lustandlove.eu\\\/et\\\/toode\\\/ultimate-lubricants-libesti-keskmine-150ml-copy\\\/#primaryimage\"},\"thumbnailUrl\":\"https:\\\/\\\/lustandlove.eu\\\/wp-content\\\/uploads\\\/YFL01B28_Light_ultimate_silicone_lubricant_lubrifiant_fluide_yesforlov.gr_.jpg\",\"datePublished\":\"2024-03-21T09:33:40+00:00\",\"dateModified\":\"2026-04-13T07:27:08+00:00\",\"description\":\"YESforLOV Ultimate Lubricant on libesti, mis pakub pikajalist kestvust ning on mitmeti kasutatav. See on l\u00f5hnavaba, ei tundu rasvane ning ei j\u00e4ta kleepuvaks. Kasutamise ajal on see siidiselt pehme ning muudab vahekorrad tunduvalt mugavamaks.\",\"breadcrumb\":{\"@id\":\"https:\\\/\\\/lustandlove.eu\\\/et\\\/toode\\\/ultimate-lubricants-libesti-keskmine-150ml-copy\\\/#breadcrumb\"},\"inLanguage\":\"et\",\"potentialAction\":[{\"@type\":\"ReadAction\",\"target\":[\"https:\\\/\\\/lustandlove.eu\\\/et\\\/toode\\\/ultimate-lubricants-libesti-keskmine-150ml-copy\\\/\"]}]},{\"@type\":\"ImageObject\",\"inLanguage\":\"et\",\"@id\":\"https:\\\/\\\/lustandlove.eu\\\/et\\\/toode\\\/ultimate-lubricants-libesti-keskmine-150ml-copy\\\/#primaryimage\",\"url\":\"https:\\\/\\\/lustandlove.eu\\\/wp-content\\\/uploads\\\/YFL01B28_Light_ultimate_silicone_lubricant_lubrifiant_fluide_yesforlov.gr_.jpg\",\"contentUrl\":\"https:\\\/\\\/lustandlove.eu\\\/wp-content\\\/uploads\\\/YFL01B28_Light_ultimate_silicone_lubricant_lubrifiant_fluide_yesforlov.gr_.jpg\",\"width\":1920,\"height\":1920},{\"@type\":\"BreadcrumbList\",\"@id\":\"https:\\\/\\\/lustandlove.eu\\\/et\\\/toode\\\/ultimate-lubricants-libesti-keskmine-150ml-copy\\\/#breadcrumb\",\"itemListElement\":[{\"@type\":\"ListItem\",\"position\":1,\"name\":\"Lust and Love\",\"item\":\"https:\\\/\\\/lustandlove.eu\\\/et\\\/\"},{\"@type\":\"ListItem\",\"position\":2,\"name\":\"Pood\",\"item\":\"https:\\\/\\\/lustandlove.eu\\\/et\\\/pood\\\/\"},{\"@type\":\"ListItem\",\"position\":3,\"name\":\"Libestid ja kehahooldus\",\"item\":\"https:\\\/\\\/lustandlove.eu\\\/et\\\/pood\\\/apteek\\\/\"},{\"@type\":\"ListItem\",\"position\":4,\"name\":\"Libestid\",\"item\":\"https:\\\/\\\/lustandlove.eu\\\/et\\\/pood\\\/apteek\\\/libestid\\\/\"},{\"@type\":\"ListItem\",\"position\":5,\"name\":\"Silikooni baasil\",\"item\":\"https:\\\/\\\/lustandlove.eu\\\/et\\\/pood\\\/apteek\\\/libestid\\\/silikooni-baasil\\\/\"},{\"@type\":\"ListItem\",\"position\":6,\"name\":\"Ultimate Lubricants Libesti Vedel 150ml\"}]},{\"@type\":\"WebSite\",\"@id\":\"https:\\\/\\\/lustandlove.eu\\\/et\\\/#website\",\"url\":\"https:\\\/\\\/lustandlove.eu\\\/et\\\/\",\"name\":\"Lust &amp; Love\",\"description\":\"Online erootikapood tervise, ilu ja armastuse jaoks\",\"publisher\":{\"@id\":\"https:\\\/\\\/lustandlove.eu\\\/et\\\/#organization\"},\"potentialAction\":[{\"@type\":\"SearchAction\",\"target\":{\"@type\":\"EntryPoint\",\"urlTemplate\":\"https:\\\/\\\/lustandlove.eu\\\/et\\\/?s={search_term_string}\"},\"query-input\":{\"@type\":\"PropertyValueSpecification\",\"valueRequired\":true,\"valueName\":\"search_term_string\"}}],\"inLanguage\":\"et\"},{\"@type\":\"Organization\",\"@id\":\"https:\\\/\\\/lustandlove.eu\\\/et\\\/#organization\",\"name\":\"Bioconcept Baltics O\u00dc\",\"url\":\"https:\\\/\\\/lustandlove.eu\\\/et\\\/\",\"logo\":{\"@type\":\"ImageObject\",\"inLanguage\":\"et\",\"@id\":\"https:\\\/\\\/lustandlove.eu\\\/et\\\/#\\\/schema\\\/logo\\\/image\\\/\",\"url\":\"\",\"contentUrl\":\"\",\"caption\":\"Bioconcept Baltics O\u00dc\"},\"image\":{\"@id\":\"https:\\\/\\\/lustandlove.eu\\\/et\\\/#\\\/schema\\\/logo\\\/image\\\/\"},\"sameAs\":[\"https:\\\/\\\/www.facebook.com\\\/LustandLoveEU\\\/\",\"https:\\\/\\\/www.instagram.com\\\/lustandloveeu\\\/\"]}]}<\/script>\n<!-- \/ Yoast SEO plugin. -->","yoast_head_json":{"title":"Ultimate Lubricants Libesti Vedel 150ml | Lust and Love","description":"YESforLOV Ultimate Lubricant on libesti, mis pakub pikajalist kestvust ning on mitmeti kasutatav. See on l\u00f5hnavaba, ei tundu rasvane ning ei j\u00e4ta kleepuvaks. Kasutamise ajal on see siidiselt pehme ning muudab vahekorrad tunduvalt mugavamaks.","robots":{"index,follow,max-snippet":"index,follow,max-snippet:-1,max-image-preview:large,max-video-preview:-1"},"canonical":"https:\/\/lustandlove.eu\/et\/toode\/ultimate-lubricants-libesti-keskmine-150ml-copy\/","twitter_card":"summary_large_image","twitter_title":"Ultimate Lubricants Libesti Vedel 150ml | Lust and Love","twitter_description":"YESforLOV Ultimate Lubricant on libesti, mis pakub pikajalist kestvust ning on mitmeti kasutatav. See on l\u00f5hnavaba, ei tundu rasvane ning ei j\u00e4ta kleepuvaks. Kasutamise ajal on see siidiselt pehme ning muudab vahekorrad tunduvalt mugavamaks.","twitter_image":"https:\/\/lustandlove.eu\/wp-content\/uploads\/YFL01B28_Light_ultimate_silicone_lubricant_lubrifiant_fluide_yesforlov.gr_.jpg","twitter_misc":{"Est. reading time":"1 minut"},"schema":{"@context":"https:\/\/schema.org","@graph":[{"@type":["WebPage","ItemPage"],"@id":"https:\/\/lustandlove.eu\/et\/toode\/ultimate-lubricants-libesti-keskmine-150ml-copy\/","url":"https:\/\/lustandlove.eu\/et\/toode\/ultimate-lubricants-libesti-keskmine-150ml-copy\/","name":"Ultimate Lubricants Libesti Vedel 150ml | Lust and Love","isPartOf":{"@id":"https:\/\/lustandlove.eu\/et\/#website"},"primaryImageOfPage":{"@id":"https:\/\/lustandlove.eu\/et\/toode\/ultimate-lubricants-libesti-keskmine-150ml-copy\/#primaryimage"},"image":{"@id":"https:\/\/lustandlove.eu\/et\/toode\/ultimate-lubricants-libesti-keskmine-150ml-copy\/#primaryimage"},"thumbnailUrl":"https:\/\/lustandlove.eu\/wp-content\/uploads\/YFL01B28_Light_ultimate_silicone_lubricant_lubrifiant_fluide_yesforlov.gr_.jpg","datePublished":"2024-03-21T09:33:40+00:00","dateModified":"2026-04-13T07:27:08+00:00","description":"YESforLOV Ultimate Lubricant on libesti, mis pakub pikajalist kestvust ning on mitmeti kasutatav. See on l\u00f5hnavaba, ei tundu rasvane ning ei j\u00e4ta kleepuvaks. Kasutamise ajal on see siidiselt pehme ning muudab vahekorrad tunduvalt mugavamaks.","breadcrumb":{"@id":"https:\/\/lustandlove.eu\/et\/toode\/ultimate-lubricants-libesti-keskmine-150ml-copy\/#breadcrumb"},"inLanguage":"et","potentialAction":[{"@type":"ReadAction","target":["https:\/\/lustandlove.eu\/et\/toode\/ultimate-lubricants-libesti-keskmine-150ml-copy\/"]}]},{"@type":"ImageObject","inLanguage":"et","@id":"https:\/\/lustandlove.eu\/et\/toode\/ultimate-lubricants-libesti-keskmine-150ml-copy\/#primaryimage","url":"https:\/\/lustandlove.eu\/wp-content\/uploads\/YFL01B28_Light_ultimate_silicone_lubricant_lubrifiant_fluide_yesforlov.gr_.jpg","contentUrl":"https:\/\/lustandlove.eu\/wp-content\/uploads\/YFL01B28_Light_ultimate_silicone_lubricant_lubrifiant_fluide_yesforlov.gr_.jpg","width":1920,"height":1920},{"@type":"BreadcrumbList","@id":"https:\/\/lustandlove.eu\/et\/toode\/ultimate-lubricants-libesti-keskmine-150ml-copy\/#breadcrumb","itemListElement":[{"@type":"ListItem","position":1,"name":"Lust and Love","item":"https:\/\/lustandlove.eu\/et\/"},{"@type":"ListItem","position":2,"name":"Pood","item":"https:\/\/lustandlove.eu\/et\/pood\/"},{"@type":"ListItem","position":3,"name":"Libestid ja kehahooldus","item":"https:\/\/lustandlove.eu\/et\/pood\/apteek\/"},{"@type":"ListItem","position":4,"name":"Libestid","item":"https:\/\/lustandlove.eu\/et\/pood\/apteek\/libestid\/"},{"@type":"ListItem","position":5,"name":"Silikooni baasil","item":"https:\/\/lustandlove.eu\/et\/pood\/apteek\/libestid\/silikooni-baasil\/"},{"@type":"ListItem","position":6,"name":"Ultimate Lubricants Libesti Vedel 150ml"}]},{"@type":"WebSite","@id":"https:\/\/lustandlove.eu\/et\/#website","url":"https:\/\/lustandlove.eu\/et\/","name":"Lust &amp; Love","description":"Online erootikapood tervise, ilu ja armastuse jaoks","publisher":{"@id":"https:\/\/lustandlove.eu\/et\/#organization"},"potentialAction":[{"@type":"SearchAction","target":{"@type":"EntryPoint","urlTemplate":"https:\/\/lustandlove.eu\/et\/?s={search_term_string}"},"query-input":{"@type":"PropertyValueSpecification","valueRequired":true,"valueName":"search_term_string"}}],"inLanguage":"et"},{"@type":"Organization","@id":"https:\/\/lustandlove.eu\/et\/#organization","name":"Bioconcept Baltics O\u00dc","url":"https:\/\/lustandlove.eu\/et\/","logo":{"@type":"ImageObject","inLanguage":"et","@id":"https:\/\/lustandlove.eu\/et\/#\/schema\/logo\/image\/","url":"","contentUrl":"","caption":"Bioconcept Baltics O\u00dc"},"image":{"@id":"https:\/\/lustandlove.eu\/et\/#\/schema\/logo\/image\/"},"sameAs":["https:\/\/www.facebook.com\/LustandLoveEU\/","https:\/\/www.instagram.com\/lustandloveeu\/"]}]}},"_links":{"self":[{"href":"https:\/\/lustandlove.eu\/et\/wp-json\/wp\/v2\/product\/89243","targetHints":{"allow":["GET"]}}],"collection":[{"href":"https:\/\/lustandlove.eu\/et\/wp-json\/wp\/v2\/product"}],"about":[{"href":"https:\/\/lustandlove.eu\/et\/wp-json\/wp\/v2\/types\/product"}],"wp:featuredmedia":[{"embeddable":true,"href":"https:\/\/lustandlove.eu\/et\/wp-json\/wp\/v2\/media\/89245"}],"wp:attachment":[{"href":"https:\/\/lustandlove.eu\/et\/wp-json\/wp\/v2\/media?parent=89243"}],"wp:term":[{"taxonomy":"product_brand","embeddable":true,"href":"https:\/\/lustandlove.eu\/et\/wp-json\/wp\/v2\/product_brand?post=89243"},{"taxonomy":"product_cat","embeddable":true,"href":"https:\/\/lustandlove.eu\/et\/wp-json\/wp\/v2\/product_cat?post=89243"},{"taxonomy":"product_tag","embeddable":true,"href":"https:\/\/lustandlove.eu\/et\/wp-json\/wp\/v2\/product_tag?post=89243"}],"curies":[{"name":"wp","href":"https:\/\/api.w.org\/{rel}","templated":true}]}}