{"id":89330,"date":"2024-04-15T13:08:16","date_gmt":"2024-04-15T10:08:16","guid":{"rendered":"https:\/\/www.lustandlove.eu\/?post_type=product&#038;p=89330"},"modified":"2026-03-28T14:37:45","modified_gmt":"2026-03-28T12:37:45","slug":"touch-massazigeel-libesti-orgaaniliste-olidega-50ml","status":"publish","type":"product","link":"https:\/\/lustandlove.eu\/et\/toode\/touch-massazigeel-libesti-orgaaniliste-olidega-50ml\/","title":{"rendered":"Touch Massa\u017eigeel-Libesti orgaaniliste \u00f5lidega 50ml"},"content":{"rendered":"<p>See orgaaniline \u00f5li baasil libesti sobib suurep\u00e4raselt ka massa\u0161igeeliks (v\u00f5i lausa m\u00f5lemana korraga \ud83d\udc40)! Kuidas ta ennast ise kirjeldaks?<\/p>\n<p>\ud83d\udc78 Ma olen liiga kaugele minevate massaa\u017eide kuninganna.<br \/>\n\u2b50 Minuga muutuvad need uskumatult erutavaks: keha \u00e4rkab, nahk h\u00fc\u00fcab \u201ewow!\u201d, s\u00fcda l\u00f6\u00f6b \u201ebumm-bumm!\u201d.<br \/>\n\ud83d\udcaa Minu superv\u00f5ime? Kuus orgaanilist taimset \u00f5li, millest k\u00f5ik l\u00f5hnavad magusa mandli j\u00e4rele.<br \/>\n\u26a1 V\u00f5idukas kombinatsioon, mis muudab su keha- v\u00f5i intiimse massaa\u017ei absoluutselt elektriliseks.<br \/>\n\ud83d\udca6 Minu koostis on nii libestav kui ka niisutav.<br \/>\n\ud83c\udf46 Sobin kasutamiseks koos paljude seksm\u00e4nguasjadega, nt. silikoonist ja klaasist<\/p>\n<p>Miks mind valida? Sest massaa\u017e mis muutub seksikaks on puhas maagia! Olen loodud spetsiaalse massaa\u017ei\u00f5lina \u201em\u00e4ngulistele k\u00e4tele\u201c ning sobin ideaalselt nii massaa\u017eiks kui ka penetratsiooniks. Ja kuna te olete n\u00f5udlikud asjatundjad, l\u00f5hnan magusa mandli aroomi j\u00e4rgi. See \u00f5li suurendab massaa\u017ei ja penetratsiooni naudingut, v\u00e4hendades naha\/naha vahelist h\u00f5\u00f5rdumist ning tupekuivust. Seda v\u00f5ib suudelda ja maitsta, v\u00f5imaldades teil anda j\u00e4rele k\u00f5ikidele oma fantaasiatele, isegi k\u00f5ige julgematele. Valides selle loodusliku massaa\u017ei-libesti, austate oma keha tervist, samal ajal nautides t\u00e4ielikult oma vallatuid kallistusi. Pudelis on 50ml \u00f5li, millest jagub umbes 10 kallistuse jaoks \ud83d\ude09.<\/p>\n<p><strong>Hea teada:<\/strong><\/p>\n<ul>\n<li>Ei soovitata raseduse ja imetamise ajal.<\/li>\n<li>\u00c4rge kasutage koos lateksist kondoomidega (Sobib ainult pol\u00fcuretaanist kondoomidega).<\/li>\n<li>Nahareaktsiooni korral on soovitatav kasutamine katkestada ja konsulteerida arstiga.<\/li>\n<li>See universaalne libestus\u00f5li ei ole rasestumisvastane vahend.<\/li>\n<li>Pese alati enne kasutamist k\u00e4ed.<\/li>\n<li>\u00c4ra kasuta toodet, kui sul on nahal haavandeid.<\/li>\n<li>V\u00e4ltige kontakti silmadega. Kontakti korral loputage silmi p\u00f5hjalikult veega.<\/li>\n<li>Erilised s\u00e4ilitamistingimused: Hoida valguse eest kaitstult ja toatemperatuuril.<\/li>\n<li>K\u00f5lblikkusaeg: 6 kuud p\u00e4rast avamist.<\/li>\n<\/ul>\n<p><strong>Koostisosad<\/strong>: Seesami\u00f5li, kookos\u00f5li, dek\u00fc\u00fcloleaat, linaseemne\u00f5li, makadaamia\u00f5li, magusa mandli\u00f5li, jojoba\u00f5li, tokoferool, p\u00e4evalille\u00f5li, l\u00f5hnaaine, h\u00fcdrogeenitud palmgl\u00fctseriidide tsitraat.<\/p>\n","protected":false},"excerpt":{"rendered":"<p>Kui soovite minna \u00f5rnast keha-vastu-keha naudingust \u00fcle intiimsele m\u00f5nule ilma tooteid vahetamata, siis see kogu keha massaa\u017ei\u00f5li on teie jaoks! Uskumatult niisutav ja maitsev mitmek\u00fclgne libesti oma magusa mandli l\u00f5hnaga v\u00f5imaldab teil liikuda massaa\u017eist penetratsiooni ja oraalseksini.<\/p>\n","protected":false},"featured_media":89334,"template":"","meta":[],"product_cat":[1460,1467,3974,1468],"product_tag":[3651],"yoast_head":"<!-- This site is optimized with the Yoast SEO plugin v22.9 - https:\/\/yoast.com\/wordpress\/plugins\/seo\/ -->\n<title>Touch Massa\u017eigeel-Libesti orgaaniliste \u00f5lidega 50ml | Lust and Love<\/title>\n<meta name=\"description\" content=\"Kui soovite minna \u00f5rnast keha-vastu-keha naudingust \u00fcle intiimsele m\u00f5nule ilma tooteid vahetamata, siis see kogu keha massaa\u017ei\u00f5li on teie jaoks.\" \/>\n<meta name=\"robots\" content=\"index,follow,max-snippet:-1,max-image-preview:large,max-video-preview:-1\" \/>\n<link rel=\"canonical\" href=\"https:\/\/lustandlove.eu\/et\/toode\/touch-massazigeel-libesti-orgaaniliste-olidega-50ml\/\" \/>\n<meta name=\"twitter:card\" content=\"summary_large_image\" \/>\n<meta name=\"twitter:title\" content=\"Touch Massa\u017eigeel-Libesti orgaaniliste \u00f5lidega 50ml | Lust and Love\" \/>\n<meta name=\"twitter:description\" content=\"Kui soovite minna \u00f5rnast keha-vastu-keha naudingust \u00fcle intiimsele m\u00f5nule ilma tooteid vahetamata, siis see kogu keha massaa\u017ei\u00f5li on teie jaoks.\" \/>\n<meta name=\"twitter:image\" content=\"https:\/\/lustandlove.eu\/wp-content\/uploads\/BAE01C08-TOUCH-1.png\" \/>\n<meta name=\"twitter:label1\" content=\"Est. reading time\" \/>\n\t<meta name=\"twitter:data1\" content=\"2 minutit\" \/>\n<script type=\"application\/ld+json\" class=\"yoast-schema-graph\">{\"@context\":\"https:\/\/schema.org\",\"@graph\":[{\"@type\":[\"WebPage\",\"ItemPage\"],\"@id\":\"https:\/\/lustandlove.eu\/et\/toode\/touch-massazigeel-libesti-orgaaniliste-olidega-50ml\/\",\"url\":\"https:\/\/lustandlove.eu\/et\/toode\/touch-massazigeel-libesti-orgaaniliste-olidega-50ml\/\",\"name\":\"Touch Massa\u017eigeel-Libesti orgaaniliste \u00f5lidega 50ml | Lust and Love\",\"isPartOf\":{\"@id\":\"https:\/\/lustandlove.eu\/et\/#website\"},\"primaryImageOfPage\":{\"@id\":\"https:\/\/lustandlove.eu\/et\/toode\/touch-massazigeel-libesti-orgaaniliste-olidega-50ml\/#primaryimage\"},\"image\":{\"@id\":\"https:\/\/lustandlove.eu\/et\/toode\/touch-massazigeel-libesti-orgaaniliste-olidega-50ml\/#primaryimage\"},\"thumbnailUrl\":\"https:\/\/lustandlove.eu\/wp-content\/uploads\/BAE01C08-TOUCH-1.png\",\"datePublished\":\"2024-04-15T10:08:16+00:00\",\"dateModified\":\"2026-03-28T12:37:45+00:00\",\"description\":\"Kui soovite minna \u00f5rnast keha-vastu-keha naudingust \u00fcle intiimsele m\u00f5nule ilma tooteid vahetamata, siis see kogu keha massaa\u017ei\u00f5li on teie jaoks.\",\"breadcrumb\":{\"@id\":\"https:\/\/lustandlove.eu\/et\/toode\/touch-massazigeel-libesti-orgaaniliste-olidega-50ml\/#breadcrumb\"},\"inLanguage\":\"et\",\"potentialAction\":[{\"@type\":\"ReadAction\",\"target\":[\"https:\/\/lustandlove.eu\/et\/toode\/touch-massazigeel-libesti-orgaaniliste-olidega-50ml\/\"]}]},{\"@type\":\"ImageObject\",\"inLanguage\":\"et\",\"@id\":\"https:\/\/lustandlove.eu\/et\/toode\/touch-massazigeel-libesti-orgaaniliste-olidega-50ml\/#primaryimage\",\"url\":\"https:\/\/lustandlove.eu\/wp-content\/uploads\/BAE01C08-TOUCH-1.png\",\"contentUrl\":\"https:\/\/lustandlove.eu\/wp-content\/uploads\/BAE01C08-TOUCH-1.png\",\"width\":1080,\"height\":1080},{\"@type\":\"BreadcrumbList\",\"@id\":\"https:\/\/lustandlove.eu\/et\/toode\/touch-massazigeel-libesti-orgaaniliste-olidega-50ml\/#breadcrumb\",\"itemListElement\":[{\"@type\":\"ListItem\",\"position\":1,\"name\":\"Lust and Love\",\"item\":\"https:\/\/lustandlove.eu\/et\/\"},{\"@type\":\"ListItem\",\"position\":2,\"name\":\"Pood\",\"item\":\"https:\/\/lustandlove.eu\/et\/pood\/\"},{\"@type\":\"ListItem\",\"position\":3,\"name\":\"Libestid ja kehahooldus\",\"item\":\"https:\/\/lustandlove.eu\/et\/pood\/apteek\/\"},{\"@type\":\"ListItem\",\"position\":4,\"name\":\"Touch Massa\u017eigeel-Libesti orgaaniliste \u00f5lidega 50ml\"}]},{\"@type\":\"WebSite\",\"@id\":\"https:\/\/lustandlove.eu\/et\/#website\",\"url\":\"https:\/\/lustandlove.eu\/et\/\",\"name\":\"Lust &amp; Love\",\"description\":\"Online erootikapood tervise, ilu ja armastuse jaoks\",\"publisher\":{\"@id\":\"https:\/\/lustandlove.eu\/et\/#organization\"},\"potentialAction\":[{\"@type\":\"SearchAction\",\"target\":{\"@type\":\"EntryPoint\",\"urlTemplate\":\"https:\/\/lustandlove.eu\/et\/?s={search_term_string}\"},\"query-input\":\"required name=search_term_string\"}],\"inLanguage\":\"et\"},{\"@type\":\"Organization\",\"@id\":\"https:\/\/lustandlove.eu\/et\/#organization\",\"name\":\"Bioconcept Baltics O\u00dc\",\"url\":\"https:\/\/lustandlove.eu\/et\/\",\"logo\":{\"@type\":\"ImageObject\",\"inLanguage\":\"et\",\"@id\":\"https:\/\/lustandlove.eu\/et\/#\/schema\/logo\/image\/\",\"url\":\"\",\"contentUrl\":\"\",\"caption\":\"Bioconcept Baltics O\u00dc\"},\"image\":{\"@id\":\"https:\/\/lustandlove.eu\/et\/#\/schema\/logo\/image\/\"},\"sameAs\":[\"https:\/\/www.facebook.com\/LustandLoveEU\/\",\"https:\/\/www.instagram.com\/lustandloveeu\/\"]}]}<\/script>\n<!-- \/ Yoast SEO plugin. -->","yoast_head_json":{"title":"Touch Massa\u017eigeel-Libesti orgaaniliste \u00f5lidega 50ml | Lust and Love","description":"Kui soovite minna \u00f5rnast keha-vastu-keha naudingust \u00fcle intiimsele m\u00f5nule ilma tooteid vahetamata, siis see kogu keha massaa\u017ei\u00f5li on teie jaoks.","robots":{"index,follow,max-snippet":"index,follow,max-snippet:-1,max-image-preview:large,max-video-preview:-1"},"canonical":"https:\/\/lustandlove.eu\/et\/toode\/touch-massazigeel-libesti-orgaaniliste-olidega-50ml\/","twitter_card":"summary_large_image","twitter_title":"Touch Massa\u017eigeel-Libesti orgaaniliste \u00f5lidega 50ml | Lust and Love","twitter_description":"Kui soovite minna \u00f5rnast keha-vastu-keha naudingust \u00fcle intiimsele m\u00f5nule ilma tooteid vahetamata, siis see kogu keha massaa\u017ei\u00f5li on teie jaoks.","twitter_image":"https:\/\/lustandlove.eu\/wp-content\/uploads\/BAE01C08-TOUCH-1.png","twitter_misc":{"Est. reading time":"2 minutit"},"schema":{"@context":"https:\/\/schema.org","@graph":[{"@type":["WebPage","ItemPage"],"@id":"https:\/\/lustandlove.eu\/et\/toode\/touch-massazigeel-libesti-orgaaniliste-olidega-50ml\/","url":"https:\/\/lustandlove.eu\/et\/toode\/touch-massazigeel-libesti-orgaaniliste-olidega-50ml\/","name":"Touch Massa\u017eigeel-Libesti orgaaniliste \u00f5lidega 50ml | Lust and Love","isPartOf":{"@id":"https:\/\/lustandlove.eu\/et\/#website"},"primaryImageOfPage":{"@id":"https:\/\/lustandlove.eu\/et\/toode\/touch-massazigeel-libesti-orgaaniliste-olidega-50ml\/#primaryimage"},"image":{"@id":"https:\/\/lustandlove.eu\/et\/toode\/touch-massazigeel-libesti-orgaaniliste-olidega-50ml\/#primaryimage"},"thumbnailUrl":"https:\/\/lustandlove.eu\/wp-content\/uploads\/BAE01C08-TOUCH-1.png","datePublished":"2024-04-15T10:08:16+00:00","dateModified":"2026-03-28T12:37:45+00:00","description":"Kui soovite minna \u00f5rnast keha-vastu-keha naudingust \u00fcle intiimsele m\u00f5nule ilma tooteid vahetamata, siis see kogu keha massaa\u017ei\u00f5li on teie jaoks.","breadcrumb":{"@id":"https:\/\/lustandlove.eu\/et\/toode\/touch-massazigeel-libesti-orgaaniliste-olidega-50ml\/#breadcrumb"},"inLanguage":"et","potentialAction":[{"@type":"ReadAction","target":["https:\/\/lustandlove.eu\/et\/toode\/touch-massazigeel-libesti-orgaaniliste-olidega-50ml\/"]}]},{"@type":"ImageObject","inLanguage":"et","@id":"https:\/\/lustandlove.eu\/et\/toode\/touch-massazigeel-libesti-orgaaniliste-olidega-50ml\/#primaryimage","url":"https:\/\/lustandlove.eu\/wp-content\/uploads\/BAE01C08-TOUCH-1.png","contentUrl":"https:\/\/lustandlove.eu\/wp-content\/uploads\/BAE01C08-TOUCH-1.png","width":1080,"height":1080},{"@type":"BreadcrumbList","@id":"https:\/\/lustandlove.eu\/et\/toode\/touch-massazigeel-libesti-orgaaniliste-olidega-50ml\/#breadcrumb","itemListElement":[{"@type":"ListItem","position":1,"name":"Lust and Love","item":"https:\/\/lustandlove.eu\/et\/"},{"@type":"ListItem","position":2,"name":"Pood","item":"https:\/\/lustandlove.eu\/et\/pood\/"},{"@type":"ListItem","position":3,"name":"Libestid ja kehahooldus","item":"https:\/\/lustandlove.eu\/et\/pood\/apteek\/"},{"@type":"ListItem","position":4,"name":"Touch Massa\u017eigeel-Libesti orgaaniliste \u00f5lidega 50ml"}]},{"@type":"WebSite","@id":"https:\/\/lustandlove.eu\/et\/#website","url":"https:\/\/lustandlove.eu\/et\/","name":"Lust &amp; Love","description":"Online erootikapood tervise, ilu ja armastuse jaoks","publisher":{"@id":"https:\/\/lustandlove.eu\/et\/#organization"},"potentialAction":[{"@type":"SearchAction","target":{"@type":"EntryPoint","urlTemplate":"https:\/\/lustandlove.eu\/et\/?s={search_term_string}"},"query-input":"required name=search_term_string"}],"inLanguage":"et"},{"@type":"Organization","@id":"https:\/\/lustandlove.eu\/et\/#organization","name":"Bioconcept Baltics O\u00dc","url":"https:\/\/lustandlove.eu\/et\/","logo":{"@type":"ImageObject","inLanguage":"et","@id":"https:\/\/lustandlove.eu\/et\/#\/schema\/logo\/image\/","url":"","contentUrl":"","caption":"Bioconcept Baltics O\u00dc"},"image":{"@id":"https:\/\/lustandlove.eu\/et\/#\/schema\/logo\/image\/"},"sameAs":["https:\/\/www.facebook.com\/LustandLoveEU\/","https:\/\/www.instagram.com\/lustandloveeu\/"]}]}},"_links":{"self":[{"href":"https:\/\/lustandlove.eu\/et\/wp-json\/wp\/v2\/product\/89330"}],"collection":[{"href":"https:\/\/lustandlove.eu\/et\/wp-json\/wp\/v2\/product"}],"about":[{"href":"https:\/\/lustandlove.eu\/et\/wp-json\/wp\/v2\/types\/product"}],"wp:featuredmedia":[{"embeddable":true,"href":"https:\/\/lustandlove.eu\/et\/wp-json\/wp\/v2\/media\/89334"}],"wp:attachment":[{"href":"https:\/\/lustandlove.eu\/et\/wp-json\/wp\/v2\/media?parent=89330"}],"wp:term":[{"taxonomy":"product_cat","embeddable":true,"href":"https:\/\/lustandlove.eu\/et\/wp-json\/wp\/v2\/product_cat?post=89330"},{"taxonomy":"product_tag","embeddable":true,"href":"https:\/\/lustandlove.eu\/et\/wp-json\/wp\/v2\/product_tag?post=89330"}],"curies":[{"name":"wp","href":"https:\/\/api.w.org\/{rel}","templated":true}]}}