{"id":89366,"date":"2024-04-17T12:23:33","date_gmt":"2024-04-17T09:23:34","guid":{"rendered":"https:\/\/www.lustandlove.eu\/?post_type=product&#038;p=89366"},"modified":"2026-04-13T10:27:07","modified_gmt":"2026-04-13T07:27:07","slug":"kitty-vibreerivad-tupekuulid-puldiga","status":"publish","type":"product","link":"https:\/\/lustandlove.eu\/et\/toode\/kitty-vibreerivad-tupekuulid-puldiga\/","title":{"rendered":"Kitty vibreerivad tupekuulid puldiga"},"content":{"rendered":"<div class=\"wpb-content-wrapper\"><p>[vc_row][vc_column][vc_column_text woodmart_inline=&#8221;no&#8221; text_larger=&#8221;no&#8221;]10 vibratsioonimustri ja 3 intensiivsuse tasemega on teil 30 m\u00e4nguviisi! Ja loomulikult on Kitty 100% veekindel, et seda suplemise ajal nautida. Kitty on v\u00f5imas ja ideaalne k\u00f5igile, kes otsivad teistsugust sekslelu. Kui tahad kassi, kes v\u00f5tab sinult korraldusi, siis v\u00f5ta Kitty-st k\u00fc\u00fcnistega kinni!<\/p>\n<p>10 vibratsioonisagedust koos 3 vibratsiooni intensiivsusega, sosina re\u017eiim ja kaugjuhitav orgasmire\u017eiim<br \/>\nIPX6 veekindel, saab kasutada du\u0161i all, vannis v\u00f5i basseinis<br \/>\nJuhtmeta kaugjuhtimispult kuni 12 meetrit<br \/>\nUSB-taaslaetav (liitiumaku 220mAh)<br \/>\nSisemine v\u00f5i v\u00e4limine kasutamine<br \/>\nToote m\u00f5\u00f5tmed: 3,7 cm * 19,5 cm (1,46 x 7,68 tolli)<br \/>\nKaugjuhtimispult: 6,45 cm * 3,81 cm * 1,85 cm (2,54 x 1,5 x 0,73 tolli)[\/vc_column_text][\/vc_column][\/vc_row]<\/p>\n<\/div>","protected":false},"excerpt":{"rendered":"<p>\u00d6elge tere Kittyle, puldiga juhitavale kassikujulisele vibreerivale munale!<\/p>\n","protected":false},"featured_media":89376,"template":"","meta":[],"product_brand":[4140],"product_cat":[1460,1487],"product_tag":[3754],"class_list":{"0":"post-89366","1":"product","2":"type-product","3":"status-publish","4":"has-post-thumbnail","6":"product_brand-emojibator-et","7":"product_cat-apteek","8":"product_cat-tupekuulid","9":"product_tag-menopaus","10":"pa_brand-emojibator-et","12":"first","13":"instock","14":"taxable","15":"shipping-taxable","16":"purchasable","17":"product-type-simple"},"yoast_head":"<!-- This site is optimized with the Yoast SEO plugin v27.4 - https:\/\/yoast.com\/product\/yoast-seo-wordpress\/ -->\n<title>Kitty vibreerivad tupekuulid puldiga | Lust and Love<\/title>\n<meta name=\"description\" content=\"\u00d6elge tere Kittyle, puldiga juhitavale kassikujulisele vibreerivale munale! 10 erinevat mustrit + 3 erinevat kiirust = \u00fcle 30 viisi m\u00f5nu kogeda!\" \/>\n<meta name=\"robots\" content=\"index,follow,max-snippet:-1,max-image-preview:large,max-video-preview:-1\" \/>\n<link rel=\"canonical\" href=\"https:\/\/lustandlove.eu\/et\/toode\/kitty-vibreerivad-tupekuulid-puldiga\/\" \/>\n<script type=\"application\/ld+json\" class=\"yoast-schema-graph\">{\"@context\":\"https:\\\/\\\/schema.org\",\"@graph\":[{\"@type\":[\"WebPage\",\"ItemPage\"],\"@id\":\"https:\\\/\\\/lustandlove.eu\\\/et\\\/toode\\\/kitty-vibreerivad-tupekuulid-puldiga\\\/\",\"url\":\"https:\\\/\\\/lustandlove.eu\\\/et\\\/toode\\\/kitty-vibreerivad-tupekuulid-puldiga\\\/\",\"name\":\"Kitty vibreerivad tupekuulid puldiga | Lust and Love\",\"isPartOf\":{\"@id\":\"https:\\\/\\\/lustandlove.eu\\\/et\\\/#website\"},\"primaryImageOfPage\":{\"@id\":\"https:\\\/\\\/lustandlove.eu\\\/et\\\/toode\\\/kitty-vibreerivad-tupekuulid-puldiga\\\/#primaryimage\"},\"image\":{\"@id\":\"https:\\\/\\\/lustandlove.eu\\\/et\\\/toode\\\/kitty-vibreerivad-tupekuulid-puldiga\\\/#primaryimage\"},\"thumbnailUrl\":\"https:\\\/\\\/lustandlove.eu\\\/wp-content\\\/uploads\\\/Kitty_kegel_090231.png\",\"datePublished\":\"2024-04-17T09:23:34+00:00\",\"dateModified\":\"2026-04-13T07:27:07+00:00\",\"description\":\"\u00d6elge tere Kittyle, puldiga juhitavale kassikujulisele vibreerivale munale! 10 erinevat mustrit + 3 erinevat kiirust = \u00fcle 30 viisi m\u00f5nu kogeda!\",\"breadcrumb\":{\"@id\":\"https:\\\/\\\/lustandlove.eu\\\/et\\\/toode\\\/kitty-vibreerivad-tupekuulid-puldiga\\\/#breadcrumb\"},\"inLanguage\":\"et\",\"potentialAction\":[{\"@type\":\"ReadAction\",\"target\":[\"https:\\\/\\\/lustandlove.eu\\\/et\\\/toode\\\/kitty-vibreerivad-tupekuulid-puldiga\\\/\"]}]},{\"@type\":\"ImageObject\",\"inLanguage\":\"et\",\"@id\":\"https:\\\/\\\/lustandlove.eu\\\/et\\\/toode\\\/kitty-vibreerivad-tupekuulid-puldiga\\\/#primaryimage\",\"url\":\"https:\\\/\\\/lustandlove.eu\\\/wp-content\\\/uploads\\\/Kitty_kegel_090231.png\",\"contentUrl\":\"https:\\\/\\\/lustandlove.eu\\\/wp-content\\\/uploads\\\/Kitty_kegel_090231.png\",\"width\":555,\"height\":557,\"caption\":\"White hand holding a purple cat shaped kegel ball set.\"},{\"@type\":\"BreadcrumbList\",\"@id\":\"https:\\\/\\\/lustandlove.eu\\\/et\\\/toode\\\/kitty-vibreerivad-tupekuulid-puldiga\\\/#breadcrumb\",\"itemListElement\":[{\"@type\":\"ListItem\",\"position\":1,\"name\":\"Lust and Love\",\"item\":\"https:\\\/\\\/lustandlove.eu\\\/et\\\/\"},{\"@type\":\"ListItem\",\"position\":2,\"name\":\"Pood\",\"item\":\"https:\\\/\\\/lustandlove.eu\\\/et\\\/pood\\\/\"},{\"@type\":\"ListItem\",\"position\":3,\"name\":\"Libestid ja kehahooldus\",\"item\":\"https:\\\/\\\/lustandlove.eu\\\/et\\\/pood\\\/apteek\\\/\"},{\"@type\":\"ListItem\",\"position\":4,\"name\":\"Tupekuulid\",\"item\":\"https:\\\/\\\/lustandlove.eu\\\/et\\\/pood\\\/apteek\\\/tupekuulid\\\/\"},{\"@type\":\"ListItem\",\"position\":5,\"name\":\"Kitty vibreerivad tupekuulid puldiga\"}]},{\"@type\":\"WebSite\",\"@id\":\"https:\\\/\\\/lustandlove.eu\\\/et\\\/#website\",\"url\":\"https:\\\/\\\/lustandlove.eu\\\/et\\\/\",\"name\":\"Lust & Love\",\"description\":\"Online erootikapood tervise, ilu ja armastuse jaoks\",\"publisher\":{\"@id\":\"https:\\\/\\\/lustandlove.eu\\\/et\\\/#organization\"},\"potentialAction\":[{\"@type\":\"SearchAction\",\"target\":{\"@type\":\"EntryPoint\",\"urlTemplate\":\"https:\\\/\\\/lustandlove.eu\\\/et\\\/?s={search_term_string}\"},\"query-input\":{\"@type\":\"PropertyValueSpecification\",\"valueRequired\":true,\"valueName\":\"search_term_string\"}}],\"inLanguage\":\"et\"},{\"@type\":\"Organization\",\"@id\":\"https:\\\/\\\/lustandlove.eu\\\/et\\\/#organization\",\"name\":\"Bioconcept Baltics O\u00dc\",\"url\":\"https:\\\/\\\/lustandlove.eu\\\/et\\\/\",\"logo\":{\"@type\":\"ImageObject\",\"inLanguage\":\"et\",\"@id\":\"https:\\\/\\\/lustandlove.eu\\\/et\\\/#\\\/schema\\\/logo\\\/image\\\/\",\"url\":\"https:\\\/\\\/lustandlove.eu\\\/wp-content\\\/uploads\\\/logo-full-2.png\",\"contentUrl\":\"https:\\\/\\\/lustandlove.eu\\\/wp-content\\\/uploads\\\/logo-full-2.png\",\"width\":837,\"height\":200,\"caption\":\"Bioconcept Baltics O\u00dc\"},\"image\":{\"@id\":\"https:\\\/\\\/lustandlove.eu\\\/et\\\/#\\\/schema\\\/logo\\\/image\\\/\"},\"sameAs\":[\"https:\\\/\\\/www.facebook.com\\\/LustandLoveEU\\\/\",\"https:\\\/\\\/www.instagram.com\\\/lustandloveeu\\\/\"]}]}<\/script>\n<!-- \/ Yoast SEO plugin. -->","yoast_head_json":{"title":"Kitty vibreerivad tupekuulid puldiga | Lust and Love","description":"\u00d6elge tere Kittyle, puldiga juhitavale kassikujulisele vibreerivale munale! 10 erinevat mustrit + 3 erinevat kiirust = \u00fcle 30 viisi m\u00f5nu kogeda!","robots":{"index,follow,max-snippet":"index,follow,max-snippet:-1,max-image-preview:large,max-video-preview:-1"},"canonical":"https:\/\/lustandlove.eu\/et\/toode\/kitty-vibreerivad-tupekuulid-puldiga\/","schema":{"@context":"https:\/\/schema.org","@graph":[{"@type":["WebPage","ItemPage"],"@id":"https:\/\/lustandlove.eu\/et\/toode\/kitty-vibreerivad-tupekuulid-puldiga\/","url":"https:\/\/lustandlove.eu\/et\/toode\/kitty-vibreerivad-tupekuulid-puldiga\/","name":"Kitty vibreerivad tupekuulid puldiga | Lust and Love","isPartOf":{"@id":"https:\/\/lustandlove.eu\/et\/#website"},"primaryImageOfPage":{"@id":"https:\/\/lustandlove.eu\/et\/toode\/kitty-vibreerivad-tupekuulid-puldiga\/#primaryimage"},"image":{"@id":"https:\/\/lustandlove.eu\/et\/toode\/kitty-vibreerivad-tupekuulid-puldiga\/#primaryimage"},"thumbnailUrl":"https:\/\/lustandlove.eu\/wp-content\/uploads\/Kitty_kegel_090231.png","datePublished":"2024-04-17T09:23:34+00:00","dateModified":"2026-04-13T07:27:07+00:00","description":"\u00d6elge tere Kittyle, puldiga juhitavale kassikujulisele vibreerivale munale! 10 erinevat mustrit + 3 erinevat kiirust = \u00fcle 30 viisi m\u00f5nu kogeda!","breadcrumb":{"@id":"https:\/\/lustandlove.eu\/et\/toode\/kitty-vibreerivad-tupekuulid-puldiga\/#breadcrumb"},"inLanguage":"et","potentialAction":[{"@type":"ReadAction","target":["https:\/\/lustandlove.eu\/et\/toode\/kitty-vibreerivad-tupekuulid-puldiga\/"]}]},{"@type":"ImageObject","inLanguage":"et","@id":"https:\/\/lustandlove.eu\/et\/toode\/kitty-vibreerivad-tupekuulid-puldiga\/#primaryimage","url":"https:\/\/lustandlove.eu\/wp-content\/uploads\/Kitty_kegel_090231.png","contentUrl":"https:\/\/lustandlove.eu\/wp-content\/uploads\/Kitty_kegel_090231.png","width":555,"height":557,"caption":"White hand holding a purple cat shaped kegel ball set."},{"@type":"BreadcrumbList","@id":"https:\/\/lustandlove.eu\/et\/toode\/kitty-vibreerivad-tupekuulid-puldiga\/#breadcrumb","itemListElement":[{"@type":"ListItem","position":1,"name":"Lust and Love","item":"https:\/\/lustandlove.eu\/et\/"},{"@type":"ListItem","position":2,"name":"Pood","item":"https:\/\/lustandlove.eu\/et\/pood\/"},{"@type":"ListItem","position":3,"name":"Libestid ja kehahooldus","item":"https:\/\/lustandlove.eu\/et\/pood\/apteek\/"},{"@type":"ListItem","position":4,"name":"Tupekuulid","item":"https:\/\/lustandlove.eu\/et\/pood\/apteek\/tupekuulid\/"},{"@type":"ListItem","position":5,"name":"Kitty vibreerivad tupekuulid puldiga"}]},{"@type":"WebSite","@id":"https:\/\/lustandlove.eu\/et\/#website","url":"https:\/\/lustandlove.eu\/et\/","name":"Lust & Love","description":"Online erootikapood tervise, ilu ja armastuse jaoks","publisher":{"@id":"https:\/\/lustandlove.eu\/et\/#organization"},"potentialAction":[{"@type":"SearchAction","target":{"@type":"EntryPoint","urlTemplate":"https:\/\/lustandlove.eu\/et\/?s={search_term_string}"},"query-input":{"@type":"PropertyValueSpecification","valueRequired":true,"valueName":"search_term_string"}}],"inLanguage":"et"},{"@type":"Organization","@id":"https:\/\/lustandlove.eu\/et\/#organization","name":"Bioconcept Baltics O\u00dc","url":"https:\/\/lustandlove.eu\/et\/","logo":{"@type":"ImageObject","inLanguage":"et","@id":"https:\/\/lustandlove.eu\/et\/#\/schema\/logo\/image\/","url":"https:\/\/lustandlove.eu\/wp-content\/uploads\/logo-full-2.png","contentUrl":"https:\/\/lustandlove.eu\/wp-content\/uploads\/logo-full-2.png","width":837,"height":200,"caption":"Bioconcept Baltics O\u00dc"},"image":{"@id":"https:\/\/lustandlove.eu\/et\/#\/schema\/logo\/image\/"},"sameAs":["https:\/\/www.facebook.com\/LustandLoveEU\/","https:\/\/www.instagram.com\/lustandloveeu\/"]}]}},"_links":{"self":[{"href":"https:\/\/lustandlove.eu\/et\/wp-json\/wp\/v2\/product\/89366","targetHints":{"allow":["GET"]}}],"collection":[{"href":"https:\/\/lustandlove.eu\/et\/wp-json\/wp\/v2\/product"}],"about":[{"href":"https:\/\/lustandlove.eu\/et\/wp-json\/wp\/v2\/types\/product"}],"wp:featuredmedia":[{"embeddable":true,"href":"https:\/\/lustandlove.eu\/et\/wp-json\/wp\/v2\/media\/89376"}],"wp:attachment":[{"href":"https:\/\/lustandlove.eu\/et\/wp-json\/wp\/v2\/media?parent=89366"}],"wp:term":[{"taxonomy":"product_brand","embeddable":true,"href":"https:\/\/lustandlove.eu\/et\/wp-json\/wp\/v2\/product_brand?post=89366"},{"taxonomy":"product_cat","embeddable":true,"href":"https:\/\/lustandlove.eu\/et\/wp-json\/wp\/v2\/product_cat?post=89366"},{"taxonomy":"product_tag","embeddable":true,"href":"https:\/\/lustandlove.eu\/et\/wp-json\/wp\/v2\/product_tag?post=89366"}],"curies":[{"name":"wp","href":"https:\/\/api.w.org\/{rel}","templated":true}]}}