{"id":89820,"date":"2024-05-02T13:49:16","date_gmt":"2024-05-02T10:49:17","guid":{"rendered":"https:\/\/www.lustandlove.eu\/?post_type=product&#038;p=89820"},"modified":"2026-04-13T10:27:06","modified_gmt":"2026-04-13T07:27:06","slug":"seiraku-prinz-eugen-5kg-copy","status":"publish","type":"product","link":"https:\/\/lustandlove.eu\/et\/toode\/seiraku-prinz-eugen-5kg-copy\/","title":{"rendered":"XTC Onaho of the Round Table"},"content":{"rendered":"<p>Olge valmis alustama reisi l\u00e4bi kaheksa ainulaadse naudingutunneli!<\/p>\n<p><strong>Gorgona jumalanna<\/strong><br \/>\n\u00c4ra lase Gorgona pehme v\u00e4limusega huultel ja ahvatleval kliitoril end petta \u2013 need on alles metsiku s\u00f5idu algus. Libistage sisse ja tugev pigistus annab teile teada, et teid ootab midagi \u00e4gedat.<\/p>\n<p>Sees on see t\u00e4iesti erinev m\u00e4ng. Avastage Gorgona ainulaadne omadus: t\u00e4hekujulised nubinad, mis erinevad k\u00f5igest, mida leidub enamikes onaholides.<\/p>\n<p>Need taevapunktid on strateegiliselt paigutatud, et pakkuda erakordset kogemust, millest iga\u00fcks pakub naudingut, kui nad h\u00f5\u00f5ruvad ja suruvad teid \u00f5igel viisil vastu.<\/p>\n<p>Ja kui asjad kuumenevad, muutub tekstuur, t\u00f5mbub sinu \u00fcmber nagu valla p\u00e4\u00e4stetud metsaline, kes on valmis sind \u00fcle \u00e4\u00e4re saatma.<\/p>\n<p>Gorgona pole n\u00f5rgan\u00e4rvilistele. See on m\u00f5eldud neile, kes ihkavad midagi teravat ja tahavad flirtida oma naudingute piiridega. Nii et mine edasi, anna j\u00e4rele tema embusele ja lase Gorgonal viia end kohtadesse, millest oled julgenud vaid unistada.<\/p>\n<p><strong>Elsa Scarslut<\/strong><br \/>\nSukelduge Elsa Scarsluti ja saage kinni haaratud tema lopsakate v\u00e4limised huultega, mis n\u00f5uavad kindlat puudutust. Libistage l\u00e4bi tema peene avause ja tundke, kuidas liibub, ning tundub t\u00e4pselt nagu pingeline, lahinguvalmis raudr\u00fc\u00fc, lubades intensiivset seanssi, mis paneb teid higistama ja rohkem tahtma.<\/p>\n<p>Seestpoolt on seinad t\u00e4is suuremaid muhke ja rihmikuid, mis h\u00f5\u00f5ruvad teid \u00f5igetes kohtades. Iga\u00fcks neist on maitsev survepunkt, mis paneb teid naudingusse veelgi s\u00fcvenema.<\/p>\n<p>Elsa ei hoia end tagasi. Iga t\u00f5ukega paljastab ta rohkem oma saladusi, esitades teile v\u00e4ljakutse tema j\u00e4releandmatu intensiivsusega sammu pidada.<\/p>\n<p><strong>Majesteetlik Monara<\/strong><br \/>\nMajestic Monara on koht, kus teie s\u00fcgavaimad soovid kohtuvad lakkamatu naudingur\u00fcnnakuga. Temasse sisenedes annavad t\u00e4idlased, pehmed huuled sissep\u00e4\u00e4su juures \u00fcllatavalt mugava tervituse, haarates sind nagu kruustang parimal v\u00f5imalikul viisil.<\/p>\n<p>Sees on naudingu r\u00e4gastik \u2013 seinu \u00e4\u00e4ristavad ristuvad m\u00e4eharjad ja julged s\u00f5lmed, millest iga\u00fcks on m\u00f5eldud h\u00f5\u00f5ruma, vajutama ja \u00f5rritama iga sentimeetrit sinust.<\/p>\n<p>S\u00fcgavamale Monarasse tr\u00fcgimine tundub nagu lahing, mida tahad kaotada, kuna iga m\u00e4ehari ja s\u00f5lm on strateegiliselt paigutatud, et su meeli \u00fcletada.<\/p>\n<p>Tihedus koos agressiivse tekstuuriga loob intensiivse kogemuse ja raputava kulminatsiooni \u2013 see paneb sind \u00f5hku ahmima ja rohkemat anuma.<\/p>\n<p><strong>Asteria Dragonblade<\/strong><br \/>\nSisenege Asteria Dragonblade&#8217;i ja valmistuge t\u00f5eliseks praktiliseks kogemuseks. Kohe alguses pakuvad need t\u00e4idlased ja pehmed v\u00e4lishuuled pehmet vastuv\u00f5ttu, mis on vaid <em>teaser<\/em> tulevasele.<\/p>\n<p>Ta on pingul, nagu h\u00e4sti istuv kinnas, muutes iga liigutuse sentimeetri intensiivselt isiklikuks ja \u00f5igeks.<\/p>\n<p>Seest leiate m\u00f5nude kuningriigi: vahek\u00e4iku \u00e4\u00e4ristavad paksud rihmikud ja helded s\u00f5lmed, millest iga\u00fcks on teie soovidele ustav subjekt, mis on p\u00fchendatud sellele, et saaksite tunda end kuningana.<\/p>\n<p>S\u00fcgavamale t\u00f5ukudes paljastab Asteria oma t\u00f5elise j\u00f5u \u2013 iga s\u00f5lm ja hari on loodud teie vastu h\u00f5\u00f5ruma ja suruma just \u00f5igel viisil.<\/p>\n<p>Tekstuurid ei ole juhuslikud \u2013 need on l\u00e4bim\u00f5eldud r\u00fcnnak teie meeltele, tagades, et kaks hetke pole \u00fchesugused ja iga sekund on naudingust pakatav.<\/p>\n<p>Tundub, nagu oleks ta andnud vande sinu rahuloluks ja iga liigutus annab tunnistust tema p\u00fchendumusest viia sind ekstaasi k\u00f5rgustesse.<\/p>\n<p><strong>Morgaia Pendrath<\/strong><br \/>\nMorgaia Pendrathi eesm\u00e4rk on pakkuda t\u00f5elisi m\u00f5nusid, mida te ei j\u00f5ua \u00e4ra oodata. Kohe alguses haarab tema tugev haare teid, n\u00f5udes teie t\u00e4ielikku t\u00e4helepanu nagu t\u00f5eline s\u00f5dalasest kuninganna.<\/p>\n<p>Sees on metsik sensatsioonis\u00f5it koos rida julgeid m\u00e4ssumeelseid rihve ja s\u00f5lmesid, mis h\u00f5\u00f5rduvad ja kiusavad iga liigutusega, l\u00fckates sind edasi v\u00f5rratu naudingu maailma.<\/p>\n<p>Sukeldu s\u00fcgavamale ja tunne, kuidas lahing k\u00e4ib. Sisemised tekstuurid p\u00f5rkuvad ja jahvatavad teie vastu, iga hari ja m\u00fcgar on \u00e4ge konkurent, kes v\u00f5istleb teie tulemise p\u00e4rast.<\/p>\n<p>See on lakkamatu, virgutav v\u00f5itlus, mis paneb teid nii kontrolli eest v\u00f5itlema kui ka armastama iga minutit sellest.<\/p>\n<p>Morgaia puhul on iga hetk teie vastupidavuse proovilepanek, mis julgustab teid j\u00e4tkama, kuni olete t\u00e4ielikult ja t\u00e4ielikult v\u00f5idetud.<\/p>\n<p><strong>Anon\u00fc\u00fcmne r\u00fc\u00fctel<\/strong><br \/>\nPeen, \u00f5rn ja t\u00e4iesti k\u00fctkestav \u2013 see on teie jaoks anon\u00fc\u00fcmne r\u00fc\u00fctel. Ta on varjatud vandepidaja ja tema v\u00e4ravast sisenedes avastad, kes ta on.<\/p>\n<p>Kliitor on m\u00f6\u00f6dap\u00e4\u00e4smatu ja see pakub veidi lisastimulatsiooni, mis annab tooni kogu kogemusele.<\/p>\n<p>M\u00f6\u00f6dudes auvahtkonnast, sisenete pikka ja kitsasse tunnelisse, mis m\u00f5jub nagu liibuv kinnas. See on hubane, kuid iga tolli kohta on teid tervitamas s\u00f5lmed ja mummud.<\/p>\n<p>Need v\u00e4ikesed lisad on seotud tekstuuriga \u2013 nende k\u00fclgedel on t\u00e4pid \u00fcles ja alla, nii et iga liigutusega h\u00f5\u00f5ruvad ja masseerivad nad t\u00e4pselt \u00f5igel viisil.<\/p>\n<p>Mida s\u00fcgavamale te l\u00e4hete, seda tihedamaks ja intensiivsemaks see l\u00e4heb, nagu ta laseb teid oma k\u00f5ige intiimsematesse kohtadesse, mis on m\u00f5eldud ainult neile, kes julgevad uurida.<\/p>\n<p>Tundub, et iga l\u00f6\u00f6giga t\u00f5mbab ta sind l\u00e4hemale, pannes sind tundma, et oled ainuke, kes on kunagi saanud siiamaani ja iga hetk on segu puhtast ekstaasi ja metsiku, kaardistamata territooriumist.<\/p>\n<p><strong>Asara Lightblade<\/strong><br \/>\nValmistuge Asara Lightblade&#8217;iga l\u00e4hedalt tutvuma. Alustage kogemust tema ahvatlevalt t\u00e4is h\u00e4bememokkadega, pehme, kuid kindla vastuv\u00f5tuga, mis \u00f5rritab eesootavat.<\/p>\n<p>Sees on rida siledaid, voolavaid rihmikuid, millest iga\u00fcks libiseb vastu teid viisil, mis on nii graatsiline kui ka stimuleeriv.<\/p>\n<p>Tundub, nagu oleks iga liigutus tema m\u00f5\u00f5ga kiire, h\u00e4sti paigutatud l\u00f6\u00f6k, t\u00e4pne ja loodud nii, et see paneb sind p\u00f5nevusest v\u00e4risema.<\/p>\n<p>S\u00fcgavamale Asarasse surudes muutuvad m\u00e4eharjad intensiivsemaks, suurendades naudingut, kuni seda on peaaegu liiga palju, et k\u00e4sitseda.<\/p>\n<p>Nad h\u00f5\u00f5ruvad ja suruvad vastu sind \u00f5igel viisil, j\u00e4ljendades Asara elegantset, kuid v\u00f5imsat v\u00f5itlusstiili, kuid siin v\u00f5idab ta sinu meeled.<\/p>\n<p>Iga t\u00f5ukega t\u00f5mbab ta sind veelgi oma maailma, kus iga puudutus on t\u00f5otus, et saabub rohkem ekstaasi, j\u00e4ttes sind hingetuks ja ihaldades j\u00e4rgmist sammu.<\/p>\n<p><strong>Mash Mooncharm<\/strong><br \/>\nLibistage Mash Mooncharmi ja tundke kohest mugavust, mis haarab teid nagu isiklik valvur, mis on valmis teid r\u00f5\u00f5mumissioonile viima.<\/p>\n<p>Sees on rida nurki ja k\u00f5verusi, millest iga\u00fcks on tahtlik barj\u00e4\u00e4r, mis murrab teie vastupanu ja surub teid s\u00fcgavamale ekstaasi.<\/p>\n<p>Ta on justkui sinuga koos, tema kilp muutub sensatsioonilisteks paiks, mis kiusab ja meelitab iga liigutusega.<\/p>\n<p>Mida s\u00fcgavamale sa l\u00e4hed, seda intensiivsemaks see l\u00e4heb. Mashi interj\u00f6\u00f6r on naudingute lahinguv\u00e4li, kus iga m\u00e4ehari on strateegiline samm, et teid metsikuks muuta.<\/p>\n<p>Tema kunagine h\u00e4belik ja vaoshoitud loomus annab teed enesekindlale, k\u00f5ikeh\u00f5lmavale embusele, mis ei peatu enne, kui olete t\u00e4ielikult rahul.<\/p>\n<p>Las Mash v\u00f5tab juhtrolli; tal on k\u00e4igud teie s\u00fcgavaimate soovide kaitsmiseks ja teenindamiseks.<\/p>\n<p><strong>Tehnilised andmed<\/strong><br \/>\nMitmekesisus ja kvaliteet: kollektsioon, mis keskendub nii mitmekesistele kogemustele kui ka kvaliteetsele ehitusele.<\/p>\n<p>Ainulaadsed m\u00f5nud: k\u00f5ik kaheksast <em>onehole<\/em>-i pakuvad eristuvaid ja p\u00f5nevaid m\u00f5nusid, pakkudes laia valikut kogemusi.<\/p>\n<p>6 individuaalset tunnelit: loodud mitmekesiste ja ainulaadsete kogemuste jaoks, pakub iga tunnel oma ainulaadset naudingut.<\/p>\n<p>2 omavahel \u00fchendatud tunnelit: pakuvad keerukamat ja l\u00e4bip\u00f5imunud kogemust, suurendades mitmekesisust ja intensiivsust.<\/p>\n<p>Igap\u00e4evane valik: sobib suurep\u00e4raselt erinevate sensatsioonide kogemiseks igal n\u00e4dalap\u00e4eval, lisav\u00f5imalusega n\u00e4dalavahetusteks.<\/p>\n<p>Keskendutud kasutajakogemusele: kohandatud vastama paljudele soovidele ja eelistustele<\/p>\n<p>M\u00f5\u00f5dud:<br \/>\nKaal: 3700 grammi<br \/>\nK\u00f5rgus: 90 mm<br \/>\nL\u00e4bim\u00f5\u00f5t: 23 cm (koos pussylipsidega kokku 25 cm)<\/p>\n<p>Tunneli pikkused:<br \/>\n&#8211; Gorgona jumalanna: 125 mm<br \/>\n&#8211; Elsa Scarslut: 120 mm<br \/>\n&#8211; Majestic Monara: 110 mm<br \/>\n&#8211; Asteria Dragonblade: 230 mm (l\u00e4biv auk)<br \/>\n&#8211; Anon\u00fc\u00fcmne r\u00fc\u00fctel: 125 mm<br \/>\n&#8211; Asara Lightblade: 120 mm<br \/>\n&#8211; Mash Mooncharm: 230 mm (l\u00e4biv auk)<br \/>\n&#8211; Mordred: 120 mm<\/p>\n","protected":false},"excerpt":{"rendered":"<p>Tere tulemast &#8220;Onaho of the Round Table&#8221; lummavasse maailma, kus teie fantaasiad \u00e4rkavad ellu k\u00f5ige meeldivamal viisil. Kujutage ette, et saate \u00fclima valikupaketi \u2013 kaheksa erinevat onaholi \u00fche hinnaga. See pole lihtsalt fantastiline tehing \u2013 see on seiklus nauding, mis ootab t\u00e4itumist. Meie kollektsioon, mis sobib ideaalselt omap\u00e4raseks ja originaalseks s\u00fcnnip\u00e4evakingiks, pakub igaks n\u00e4dalap\u00e4evaks uut maitset ja n\u00e4dalavahetuseks erilise \u00fcllatuse.<\/p>\n","protected":false},"featured_media":89824,"template":"","meta":[],"product_brand":[4142],"product_cat":[3525,1477,4006],"product_tag":[],"class_list":{"0":"post-89820","1":"product","2":"type-product","3":"status-publish","4":"has-post-thumbnail","6":"product_brand-motsutoys-et","7":"product_cat-hentai","8":"product_cat-meestele","9":"product_cat-onahip-ja-nukud","10":"pa_brand-motsutoys-et","12":"first","13":"instock","14":"taxable","15":"shipping-taxable","16":"purchasable","17":"product-type-simple"},"yoast_head":"<!-- This site is optimized with the Yoast SEO plugin v27.3 - https:\/\/yoast.com\/product\/yoast-seo-wordpress\/ -->\n<title>XTC Onaho of the Round Table | Lust and Love<\/title>\n<meta name=\"description\" content=\"Uskumatult pehme ja katsudes sametine kahe v\u00e4ga kutsuva auguga Prinz Eugen onahip toob teieni t\u00f5elise ekstaasi ning ainulaadne \u00f5hukamber muudab l\u00f5bu veelgi p\u00f5nevamaks.\" \/>\n<meta name=\"robots\" content=\"index,follow,max-snippet:-1,max-image-preview:large,max-video-preview:-1\" \/>\n<link rel=\"canonical\" href=\"https:\/\/lustandlove.eu\/et\/toode\/seiraku-prinz-eugen-5kg-copy\/\" \/>\n<meta name=\"twitter:card\" content=\"summary_large_image\" \/>\n<meta name=\"twitter:title\" content=\"XTC Onaho of the Round Table | Lust and Love\" \/>\n<meta name=\"twitter:description\" content=\"Uskumatult pehme ja katsudes sametine kahe v\u00e4ga kutsuva auguga Prinz Eugen onahip toob teieni t\u00f5elise ekstaasi ning ainulaadne \u00f5hukamber muudab l\u00f5bu veelgi p\u00f5nevamaks.\" \/>\n<meta name=\"twitter:image\" content=\"https:\/\/lustandlove.eu\/wp-content\/uploads\/round-table-main_1_.jpg\" \/>\n<meta name=\"twitter:label1\" content=\"Est. reading time\" \/>\n\t<meta name=\"twitter:data1\" content=\"6 minutit\" \/>\n<script type=\"application\/ld+json\" class=\"yoast-schema-graph\">{\"@context\":\"https:\\\/\\\/schema.org\",\"@graph\":[{\"@type\":[\"WebPage\",\"ItemPage\"],\"@id\":\"https:\\\/\\\/lustandlove.eu\\\/et\\\/toode\\\/seiraku-prinz-eugen-5kg-copy\\\/\",\"url\":\"https:\\\/\\\/lustandlove.eu\\\/et\\\/toode\\\/seiraku-prinz-eugen-5kg-copy\\\/\",\"name\":\"XTC Onaho of the Round Table | Lust and Love\",\"isPartOf\":{\"@id\":\"https:\\\/\\\/lustandlove.eu\\\/et\\\/#website\"},\"primaryImageOfPage\":{\"@id\":\"https:\\\/\\\/lustandlove.eu\\\/et\\\/toode\\\/seiraku-prinz-eugen-5kg-copy\\\/#primaryimage\"},\"image\":{\"@id\":\"https:\\\/\\\/lustandlove.eu\\\/et\\\/toode\\\/seiraku-prinz-eugen-5kg-copy\\\/#primaryimage\"},\"thumbnailUrl\":\"https:\\\/\\\/lustandlove.eu\\\/wp-content\\\/uploads\\\/round-table-main_1_.jpg\",\"datePublished\":\"2024-05-02T10:49:17+00:00\",\"dateModified\":\"2026-04-13T07:27:06+00:00\",\"description\":\"Uskumatult pehme ja katsudes sametine kahe v\u00e4ga kutsuva auguga Prinz Eugen onahip toob teieni t\u00f5elise ekstaasi ning ainulaadne \u00f5hukamber muudab l\u00f5bu veelgi p\u00f5nevamaks.\",\"breadcrumb\":{\"@id\":\"https:\\\/\\\/lustandlove.eu\\\/et\\\/toode\\\/seiraku-prinz-eugen-5kg-copy\\\/#breadcrumb\"},\"inLanguage\":\"et\",\"potentialAction\":[{\"@type\":\"ReadAction\",\"target\":[\"https:\\\/\\\/lustandlove.eu\\\/et\\\/toode\\\/seiraku-prinz-eugen-5kg-copy\\\/\"]}]},{\"@type\":\"ImageObject\",\"inLanguage\":\"et\",\"@id\":\"https:\\\/\\\/lustandlove.eu\\\/et\\\/toode\\\/seiraku-prinz-eugen-5kg-copy\\\/#primaryimage\",\"url\":\"https:\\\/\\\/lustandlove.eu\\\/wp-content\\\/uploads\\\/round-table-main_1_.jpg\",\"contentUrl\":\"https:\\\/\\\/lustandlove.eu\\\/wp-content\\\/uploads\\\/round-table-main_1_.jpg\",\"width\":1000,\"height\":1000},{\"@type\":\"BreadcrumbList\",\"@id\":\"https:\\\/\\\/lustandlove.eu\\\/et\\\/toode\\\/seiraku-prinz-eugen-5kg-copy\\\/#breadcrumb\",\"itemListElement\":[{\"@type\":\"ListItem\",\"position\":1,\"name\":\"Lust and Love\",\"item\":\"https:\\\/\\\/lustandlove.eu\\\/et\\\/\"},{\"@type\":\"ListItem\",\"position\":2,\"name\":\"Pood\",\"item\":\"https:\\\/\\\/lustandlove.eu\\\/et\\\/pood\\\/\"},{\"@type\":\"ListItem\",\"position\":3,\"name\":\"Meestele\",\"item\":\"https:\\\/\\\/lustandlove.eu\\\/et\\\/pood\\\/meestele\\\/\"},{\"@type\":\"ListItem\",\"position\":4,\"name\":\"XTC Onaho of the Round Table\"}]},{\"@type\":\"WebSite\",\"@id\":\"https:\\\/\\\/lustandlove.eu\\\/et\\\/#website\",\"url\":\"https:\\\/\\\/lustandlove.eu\\\/et\\\/\",\"name\":\"Lust &amp; Love\",\"description\":\"Online erootikapood tervise, ilu ja armastuse jaoks\",\"publisher\":{\"@id\":\"https:\\\/\\\/lustandlove.eu\\\/et\\\/#organization\"},\"potentialAction\":[{\"@type\":\"SearchAction\",\"target\":{\"@type\":\"EntryPoint\",\"urlTemplate\":\"https:\\\/\\\/lustandlove.eu\\\/et\\\/?s={search_term_string}\"},\"query-input\":{\"@type\":\"PropertyValueSpecification\",\"valueRequired\":true,\"valueName\":\"search_term_string\"}}],\"inLanguage\":\"et\"},{\"@type\":\"Organization\",\"@id\":\"https:\\\/\\\/lustandlove.eu\\\/et\\\/#organization\",\"name\":\"Bioconcept Baltics O\u00dc\",\"url\":\"https:\\\/\\\/lustandlove.eu\\\/et\\\/\",\"logo\":{\"@type\":\"ImageObject\",\"inLanguage\":\"et\",\"@id\":\"https:\\\/\\\/lustandlove.eu\\\/et\\\/#\\\/schema\\\/logo\\\/image\\\/\",\"url\":\"\",\"contentUrl\":\"\",\"caption\":\"Bioconcept Baltics O\u00dc\"},\"image\":{\"@id\":\"https:\\\/\\\/lustandlove.eu\\\/et\\\/#\\\/schema\\\/logo\\\/image\\\/\"},\"sameAs\":[\"https:\\\/\\\/www.facebook.com\\\/LustandLoveEU\\\/\",\"https:\\\/\\\/www.instagram.com\\\/lustandloveeu\\\/\"]}]}<\/script>\n<!-- \/ Yoast SEO plugin. -->","yoast_head_json":{"title":"XTC Onaho of the Round Table | Lust and Love","description":"Uskumatult pehme ja katsudes sametine kahe v\u00e4ga kutsuva auguga Prinz Eugen onahip toob teieni t\u00f5elise ekstaasi ning ainulaadne \u00f5hukamber muudab l\u00f5bu veelgi p\u00f5nevamaks.","robots":{"index,follow,max-snippet":"index,follow,max-snippet:-1,max-image-preview:large,max-video-preview:-1"},"canonical":"https:\/\/lustandlove.eu\/et\/toode\/seiraku-prinz-eugen-5kg-copy\/","twitter_card":"summary_large_image","twitter_title":"XTC Onaho of the Round Table | Lust and Love","twitter_description":"Uskumatult pehme ja katsudes sametine kahe v\u00e4ga kutsuva auguga Prinz Eugen onahip toob teieni t\u00f5elise ekstaasi ning ainulaadne \u00f5hukamber muudab l\u00f5bu veelgi p\u00f5nevamaks.","twitter_image":"https:\/\/lustandlove.eu\/wp-content\/uploads\/round-table-main_1_.jpg","twitter_misc":{"Est. reading time":"6 minutit"},"schema":{"@context":"https:\/\/schema.org","@graph":[{"@type":["WebPage","ItemPage"],"@id":"https:\/\/lustandlove.eu\/et\/toode\/seiraku-prinz-eugen-5kg-copy\/","url":"https:\/\/lustandlove.eu\/et\/toode\/seiraku-prinz-eugen-5kg-copy\/","name":"XTC Onaho of the Round Table | Lust and Love","isPartOf":{"@id":"https:\/\/lustandlove.eu\/et\/#website"},"primaryImageOfPage":{"@id":"https:\/\/lustandlove.eu\/et\/toode\/seiraku-prinz-eugen-5kg-copy\/#primaryimage"},"image":{"@id":"https:\/\/lustandlove.eu\/et\/toode\/seiraku-prinz-eugen-5kg-copy\/#primaryimage"},"thumbnailUrl":"https:\/\/lustandlove.eu\/wp-content\/uploads\/round-table-main_1_.jpg","datePublished":"2024-05-02T10:49:17+00:00","dateModified":"2026-04-13T07:27:06+00:00","description":"Uskumatult pehme ja katsudes sametine kahe v\u00e4ga kutsuva auguga Prinz Eugen onahip toob teieni t\u00f5elise ekstaasi ning ainulaadne \u00f5hukamber muudab l\u00f5bu veelgi p\u00f5nevamaks.","breadcrumb":{"@id":"https:\/\/lustandlove.eu\/et\/toode\/seiraku-prinz-eugen-5kg-copy\/#breadcrumb"},"inLanguage":"et","potentialAction":[{"@type":"ReadAction","target":["https:\/\/lustandlove.eu\/et\/toode\/seiraku-prinz-eugen-5kg-copy\/"]}]},{"@type":"ImageObject","inLanguage":"et","@id":"https:\/\/lustandlove.eu\/et\/toode\/seiraku-prinz-eugen-5kg-copy\/#primaryimage","url":"https:\/\/lustandlove.eu\/wp-content\/uploads\/round-table-main_1_.jpg","contentUrl":"https:\/\/lustandlove.eu\/wp-content\/uploads\/round-table-main_1_.jpg","width":1000,"height":1000},{"@type":"BreadcrumbList","@id":"https:\/\/lustandlove.eu\/et\/toode\/seiraku-prinz-eugen-5kg-copy\/#breadcrumb","itemListElement":[{"@type":"ListItem","position":1,"name":"Lust and Love","item":"https:\/\/lustandlove.eu\/et\/"},{"@type":"ListItem","position":2,"name":"Pood","item":"https:\/\/lustandlove.eu\/et\/pood\/"},{"@type":"ListItem","position":3,"name":"Meestele","item":"https:\/\/lustandlove.eu\/et\/pood\/meestele\/"},{"@type":"ListItem","position":4,"name":"XTC Onaho of the Round Table"}]},{"@type":"WebSite","@id":"https:\/\/lustandlove.eu\/et\/#website","url":"https:\/\/lustandlove.eu\/et\/","name":"Lust &amp; Love","description":"Online erootikapood tervise, ilu ja armastuse jaoks","publisher":{"@id":"https:\/\/lustandlove.eu\/et\/#organization"},"potentialAction":[{"@type":"SearchAction","target":{"@type":"EntryPoint","urlTemplate":"https:\/\/lustandlove.eu\/et\/?s={search_term_string}"},"query-input":{"@type":"PropertyValueSpecification","valueRequired":true,"valueName":"search_term_string"}}],"inLanguage":"et"},{"@type":"Organization","@id":"https:\/\/lustandlove.eu\/et\/#organization","name":"Bioconcept Baltics O\u00dc","url":"https:\/\/lustandlove.eu\/et\/","logo":{"@type":"ImageObject","inLanguage":"et","@id":"https:\/\/lustandlove.eu\/et\/#\/schema\/logo\/image\/","url":"","contentUrl":"","caption":"Bioconcept Baltics O\u00dc"},"image":{"@id":"https:\/\/lustandlove.eu\/et\/#\/schema\/logo\/image\/"},"sameAs":["https:\/\/www.facebook.com\/LustandLoveEU\/","https:\/\/www.instagram.com\/lustandloveeu\/"]}]}},"_links":{"self":[{"href":"https:\/\/lustandlove.eu\/et\/wp-json\/wp\/v2\/product\/89820","targetHints":{"allow":["GET"]}}],"collection":[{"href":"https:\/\/lustandlove.eu\/et\/wp-json\/wp\/v2\/product"}],"about":[{"href":"https:\/\/lustandlove.eu\/et\/wp-json\/wp\/v2\/types\/product"}],"wp:featuredmedia":[{"embeddable":true,"href":"https:\/\/lustandlove.eu\/et\/wp-json\/wp\/v2\/media\/89824"}],"wp:attachment":[{"href":"https:\/\/lustandlove.eu\/et\/wp-json\/wp\/v2\/media?parent=89820"}],"wp:term":[{"taxonomy":"product_brand","embeddable":true,"href":"https:\/\/lustandlove.eu\/et\/wp-json\/wp\/v2\/product_brand?post=89820"},{"taxonomy":"product_cat","embeddable":true,"href":"https:\/\/lustandlove.eu\/et\/wp-json\/wp\/v2\/product_cat?post=89820"},{"taxonomy":"product_tag","embeddable":true,"href":"https:\/\/lustandlove.eu\/et\/wp-json\/wp\/v2\/product_tag?post=89820"}],"curies":[{"name":"wp","href":"https:\/\/api.w.org\/{rel}","templated":true}]}}