{"id":91207,"date":"2024-07-04T09:16:05","date_gmt":"2024-07-04T06:16:06","guid":{"rendered":"https:\/\/www.lustandlove.eu\/?post_type=product&#038;p=91207"},"modified":"2026-04-13T10:27:04","modified_gmt":"2026-04-13T07:27:04","slug":"must-satiinist-silmaside-copy","status":"publish","type":"product","link":"https:\/\/lustandlove.eu\/et\/toode\/must-satiinist-silmaside-copy\/","title":{"rendered":"Must Siidist Silmaside"},"content":{"rendered":"<div class=\"wpb-content-wrapper\"><p>[vc_row][vc_column][vc_column_text css=&#8221;&#8221; woodmart_inline=&#8221;no&#8221; text_larger=&#8221;no&#8221;]Seksi visuaalse aspekti \u00e4rav\u00f5tmine suurendab seksuaalset ootus\u00e4revust ja v\u00f5imendab teie teisi meeli, pakkudes teile t\u00e4iendavat naudingut oma partneri nautimiseks. Silmaside v\u00f5ib toimida ka sidumisvahendina, mis paneb su meeled p\u00f5lema, kui allud partneri kontrolli alla.<\/p>\n<p>Kui kasutate sidemena, harjutage alati turvalist seksi. Enne kasutamist on oluline arutada ohus\u00f5nu ja piire.[\/vc_column_text][\/vc_column][\/vc_row]<\/p>\n<\/div>","protected":false},"excerpt":{"rendered":"<p>Suurendage p\u00f5nevust ja erutust oma seksuaalse naudingu hetkede ajal siidise silmsidemega.<\/p>\n","protected":false},"featured_media":91209,"template":"","meta":[],"product_brand":[4211],"product_cat":[1470,1472],"product_tag":[1551,3095],"class_list":{"0":"post-91207","1":"product","2":"type-product","3":"status-publish","4":"has-post-thumbnail","6":"product_brand-je-joue-et","7":"product_cat-bdsm-et","8":"product_cat-silmakatted-ja-maskid","9":"product_tag-silmakate","10":"product_tag-stc_bdsm-et","11":"pa_brand-je-joue-et","13":"first","14":"instock","15":"taxable","16":"shipping-taxable","17":"purchasable","18":"product-type-simple"},"yoast_head":"<!-- This site is optimized with the Yoast SEO plugin v27.3 - https:\/\/yoast.com\/product\/yoast-seo-wordpress\/ -->\n<title>Siidist Silmaside k\u00e4te v\u00f5i silmade kinni sidumiseks| Lust&amp;Love<\/title>\n<meta name=\"description\" content=\"Suurendage p\u00f5nevust ja p\u00f5nevust oma seksuaalse naudingu hetkede ajal siidise piirangu ja silmsidemega.\" \/>\n<meta name=\"robots\" content=\"index,follow,max-snippet:-1,max-image-preview:large,max-video-preview:-1\" \/>\n<link rel=\"canonical\" href=\"https:\/\/lustandlove.eu\/et\/toode\/must-satiinist-silmaside-copy\/\" \/>\n<meta name=\"twitter:card\" content=\"summary_large_image\" \/>\n<meta name=\"twitter:title\" content=\"Siidist Silmaside k\u00e4te v\u00f5i silmade kinni sidumiseks| Lust&amp;Love\" \/>\n<meta name=\"twitter:description\" content=\"Suurendage p\u00f5nevust ja p\u00f5nevust oma seksuaalse naudingu hetkede ajal siidise piirangu ja silmsidemega.\" \/>\n<meta name=\"twitter:image\" content=\"https:\/\/lustandlove.eu\/wp-content\/uploads\/JeJoue_BlackBox_Blindfold.png\" \/>\n<script type=\"application\/ld+json\" class=\"yoast-schema-graph\">{\"@context\":\"https:\\\/\\\/schema.org\",\"@graph\":[{\"@type\":[\"WebPage\",\"ItemPage\"],\"@id\":\"https:\\\/\\\/lustandlove.eu\\\/et\\\/toode\\\/must-satiinist-silmaside-copy\\\/\",\"url\":\"https:\\\/\\\/lustandlove.eu\\\/et\\\/toode\\\/must-satiinist-silmaside-copy\\\/\",\"name\":\"Siidist Silmaside k\u00e4te v\u00f5i silmade kinni sidumiseks| Lust&amp;Love\",\"isPartOf\":{\"@id\":\"https:\\\/\\\/lustandlove.eu\\\/et\\\/#website\"},\"primaryImageOfPage\":{\"@id\":\"https:\\\/\\\/lustandlove.eu\\\/et\\\/toode\\\/must-satiinist-silmaside-copy\\\/#primaryimage\"},\"image\":{\"@id\":\"https:\\\/\\\/lustandlove.eu\\\/et\\\/toode\\\/must-satiinist-silmaside-copy\\\/#primaryimage\"},\"thumbnailUrl\":\"https:\\\/\\\/lustandlove.eu\\\/wp-content\\\/uploads\\\/JeJoue_BlackBox_Blindfold.png\",\"datePublished\":\"2024-07-04T06:16:06+00:00\",\"dateModified\":\"2026-04-13T07:27:04+00:00\",\"description\":\"Suurendage p\u00f5nevust ja p\u00f5nevust oma seksuaalse naudingu hetkede ajal siidise piirangu ja silmsidemega.\",\"breadcrumb\":{\"@id\":\"https:\\\/\\\/lustandlove.eu\\\/et\\\/toode\\\/must-satiinist-silmaside-copy\\\/#breadcrumb\"},\"inLanguage\":\"et\",\"potentialAction\":[{\"@type\":\"ReadAction\",\"target\":[\"https:\\\/\\\/lustandlove.eu\\\/et\\\/toode\\\/must-satiinist-silmaside-copy\\\/\"]}]},{\"@type\":\"ImageObject\",\"inLanguage\":\"et\",\"@id\":\"https:\\\/\\\/lustandlove.eu\\\/et\\\/toode\\\/must-satiinist-silmaside-copy\\\/#primaryimage\",\"url\":\"https:\\\/\\\/lustandlove.eu\\\/wp-content\\\/uploads\\\/JeJoue_BlackBox_Blindfold.png\",\"contentUrl\":\"https:\\\/\\\/lustandlove.eu\\\/wp-content\\\/uploads\\\/JeJoue_BlackBox_Blindfold.png\",\"width\":823,\"height\":823},{\"@type\":\"BreadcrumbList\",\"@id\":\"https:\\\/\\\/lustandlove.eu\\\/et\\\/toode\\\/must-satiinist-silmaside-copy\\\/#breadcrumb\",\"itemListElement\":[{\"@type\":\"ListItem\",\"position\":1,\"name\":\"Lust and Love\",\"item\":\"https:\\\/\\\/lustandlove.eu\\\/et\\\/\"},{\"@type\":\"ListItem\",\"position\":2,\"name\":\"Pood\",\"item\":\"https:\\\/\\\/lustandlove.eu\\\/et\\\/pood\\\/\"},{\"@type\":\"ListItem\",\"position\":3,\"name\":\"BDSM\",\"item\":\"https:\\\/\\\/lustandlove.eu\\\/et\\\/pood\\\/bdsm-et\\\/\"},{\"@type\":\"ListItem\",\"position\":4,\"name\":\"Silmakatted ja maskid\",\"item\":\"https:\\\/\\\/lustandlove.eu\\\/et\\\/pood\\\/bdsm-et\\\/silmakatted-ja-maskid\\\/\"},{\"@type\":\"ListItem\",\"position\":5,\"name\":\"Must Siidist Silmaside\"}]},{\"@type\":\"WebSite\",\"@id\":\"https:\\\/\\\/lustandlove.eu\\\/et\\\/#website\",\"url\":\"https:\\\/\\\/lustandlove.eu\\\/et\\\/\",\"name\":\"Lust &amp; Love\",\"description\":\"Online erootikapood tervise, ilu ja armastuse jaoks\",\"publisher\":{\"@id\":\"https:\\\/\\\/lustandlove.eu\\\/et\\\/#organization\"},\"potentialAction\":[{\"@type\":\"SearchAction\",\"target\":{\"@type\":\"EntryPoint\",\"urlTemplate\":\"https:\\\/\\\/lustandlove.eu\\\/et\\\/?s={search_term_string}\"},\"query-input\":{\"@type\":\"PropertyValueSpecification\",\"valueRequired\":true,\"valueName\":\"search_term_string\"}}],\"inLanguage\":\"et\"},{\"@type\":\"Organization\",\"@id\":\"https:\\\/\\\/lustandlove.eu\\\/et\\\/#organization\",\"name\":\"Bioconcept Baltics O\u00dc\",\"url\":\"https:\\\/\\\/lustandlove.eu\\\/et\\\/\",\"logo\":{\"@type\":\"ImageObject\",\"inLanguage\":\"et\",\"@id\":\"https:\\\/\\\/lustandlove.eu\\\/et\\\/#\\\/schema\\\/logo\\\/image\\\/\",\"url\":\"\",\"contentUrl\":\"\",\"caption\":\"Bioconcept Baltics O\u00dc\"},\"image\":{\"@id\":\"https:\\\/\\\/lustandlove.eu\\\/et\\\/#\\\/schema\\\/logo\\\/image\\\/\"},\"sameAs\":[\"https:\\\/\\\/www.facebook.com\\\/LustandLoveEU\\\/\",\"https:\\\/\\\/www.instagram.com\\\/lustandloveeu\\\/\"]}]}<\/script>\n<!-- \/ Yoast SEO plugin. -->","yoast_head_json":{"title":"Siidist Silmaside k\u00e4te v\u00f5i silmade kinni sidumiseks| Lust&amp;Love","description":"Suurendage p\u00f5nevust ja p\u00f5nevust oma seksuaalse naudingu hetkede ajal siidise piirangu ja silmsidemega.","robots":{"index,follow,max-snippet":"index,follow,max-snippet:-1,max-image-preview:large,max-video-preview:-1"},"canonical":"https:\/\/lustandlove.eu\/et\/toode\/must-satiinist-silmaside-copy\/","twitter_card":"summary_large_image","twitter_title":"Siidist Silmaside k\u00e4te v\u00f5i silmade kinni sidumiseks| Lust&amp;Love","twitter_description":"Suurendage p\u00f5nevust ja p\u00f5nevust oma seksuaalse naudingu hetkede ajal siidise piirangu ja silmsidemega.","twitter_image":"https:\/\/lustandlove.eu\/wp-content\/uploads\/JeJoue_BlackBox_Blindfold.png","schema":{"@context":"https:\/\/schema.org","@graph":[{"@type":["WebPage","ItemPage"],"@id":"https:\/\/lustandlove.eu\/et\/toode\/must-satiinist-silmaside-copy\/","url":"https:\/\/lustandlove.eu\/et\/toode\/must-satiinist-silmaside-copy\/","name":"Siidist Silmaside k\u00e4te v\u00f5i silmade kinni sidumiseks| Lust&amp;Love","isPartOf":{"@id":"https:\/\/lustandlove.eu\/et\/#website"},"primaryImageOfPage":{"@id":"https:\/\/lustandlove.eu\/et\/toode\/must-satiinist-silmaside-copy\/#primaryimage"},"image":{"@id":"https:\/\/lustandlove.eu\/et\/toode\/must-satiinist-silmaside-copy\/#primaryimage"},"thumbnailUrl":"https:\/\/lustandlove.eu\/wp-content\/uploads\/JeJoue_BlackBox_Blindfold.png","datePublished":"2024-07-04T06:16:06+00:00","dateModified":"2026-04-13T07:27:04+00:00","description":"Suurendage p\u00f5nevust ja p\u00f5nevust oma seksuaalse naudingu hetkede ajal siidise piirangu ja silmsidemega.","breadcrumb":{"@id":"https:\/\/lustandlove.eu\/et\/toode\/must-satiinist-silmaside-copy\/#breadcrumb"},"inLanguage":"et","potentialAction":[{"@type":"ReadAction","target":["https:\/\/lustandlove.eu\/et\/toode\/must-satiinist-silmaside-copy\/"]}]},{"@type":"ImageObject","inLanguage":"et","@id":"https:\/\/lustandlove.eu\/et\/toode\/must-satiinist-silmaside-copy\/#primaryimage","url":"https:\/\/lustandlove.eu\/wp-content\/uploads\/JeJoue_BlackBox_Blindfold.png","contentUrl":"https:\/\/lustandlove.eu\/wp-content\/uploads\/JeJoue_BlackBox_Blindfold.png","width":823,"height":823},{"@type":"BreadcrumbList","@id":"https:\/\/lustandlove.eu\/et\/toode\/must-satiinist-silmaside-copy\/#breadcrumb","itemListElement":[{"@type":"ListItem","position":1,"name":"Lust and Love","item":"https:\/\/lustandlove.eu\/et\/"},{"@type":"ListItem","position":2,"name":"Pood","item":"https:\/\/lustandlove.eu\/et\/pood\/"},{"@type":"ListItem","position":3,"name":"BDSM","item":"https:\/\/lustandlove.eu\/et\/pood\/bdsm-et\/"},{"@type":"ListItem","position":4,"name":"Silmakatted ja maskid","item":"https:\/\/lustandlove.eu\/et\/pood\/bdsm-et\/silmakatted-ja-maskid\/"},{"@type":"ListItem","position":5,"name":"Must Siidist Silmaside"}]},{"@type":"WebSite","@id":"https:\/\/lustandlove.eu\/et\/#website","url":"https:\/\/lustandlove.eu\/et\/","name":"Lust &amp; Love","description":"Online erootikapood tervise, ilu ja armastuse jaoks","publisher":{"@id":"https:\/\/lustandlove.eu\/et\/#organization"},"potentialAction":[{"@type":"SearchAction","target":{"@type":"EntryPoint","urlTemplate":"https:\/\/lustandlove.eu\/et\/?s={search_term_string}"},"query-input":{"@type":"PropertyValueSpecification","valueRequired":true,"valueName":"search_term_string"}}],"inLanguage":"et"},{"@type":"Organization","@id":"https:\/\/lustandlove.eu\/et\/#organization","name":"Bioconcept Baltics O\u00dc","url":"https:\/\/lustandlove.eu\/et\/","logo":{"@type":"ImageObject","inLanguage":"et","@id":"https:\/\/lustandlove.eu\/et\/#\/schema\/logo\/image\/","url":"","contentUrl":"","caption":"Bioconcept Baltics O\u00dc"},"image":{"@id":"https:\/\/lustandlove.eu\/et\/#\/schema\/logo\/image\/"},"sameAs":["https:\/\/www.facebook.com\/LustandLoveEU\/","https:\/\/www.instagram.com\/lustandloveeu\/"]}]}},"_links":{"self":[{"href":"https:\/\/lustandlove.eu\/et\/wp-json\/wp\/v2\/product\/91207","targetHints":{"allow":["GET"]}}],"collection":[{"href":"https:\/\/lustandlove.eu\/et\/wp-json\/wp\/v2\/product"}],"about":[{"href":"https:\/\/lustandlove.eu\/et\/wp-json\/wp\/v2\/types\/product"}],"wp:featuredmedia":[{"embeddable":true,"href":"https:\/\/lustandlove.eu\/et\/wp-json\/wp\/v2\/media\/91209"}],"wp:attachment":[{"href":"https:\/\/lustandlove.eu\/et\/wp-json\/wp\/v2\/media?parent=91207"}],"wp:term":[{"taxonomy":"product_brand","embeddable":true,"href":"https:\/\/lustandlove.eu\/et\/wp-json\/wp\/v2\/product_brand?post=91207"},{"taxonomy":"product_cat","embeddable":true,"href":"https:\/\/lustandlove.eu\/et\/wp-json\/wp\/v2\/product_cat?post=91207"},{"taxonomy":"product_tag","embeddable":true,"href":"https:\/\/lustandlove.eu\/et\/wp-json\/wp\/v2\/product_tag?post=91207"}],"curies":[{"name":"wp","href":"https:\/\/api.w.org\/{rel}","templated":true}]}}