{"id":91219,"date":"2024-07-08T11:24:50","date_gmt":"2024-07-08T08:24:51","guid":{"rendered":"https:\/\/www.lustandlove.eu\/?post_type=product&#038;p=91219"},"modified":"2026-04-13T10:27:04","modified_gmt":"2026-04-13T07:27:04","slug":"mimi-pehme-vibraator-copy","status":"publish","type":"product","link":"https:\/\/lustandlove.eu\/et\/toode\/mimi-pehme-vibraator-copy\/","title":{"rendered":"MiMi Deux Vibraator"},"content":{"rendered":"<p>Mimi Deuxi mootor on ehitatud madala sagedusega, et anda Je Joue&#8217;le iseloomulikud oi-nii-madalad m\u00fcrisevad vibratsioonid. 5 kiiruse ja 7 mustriga Mimi Deux pakub laias valikus vibratsioone \u2013 \u00f5rnast nurrumisest kuni s\u00fcgava m\u00fcrinani.<\/p>\n<p>Pehme otsaga sametinesilikoonvibraator<br \/>\nMitme tekstuuriga keha on ideaalne h\u00f5\u00f5rumiseks<br \/>\n5 kiirust ja 7 v\u00f5imsat mustrit, mida uurida<br \/>\nPeopesasuurune kivi-disain \u00f5hukese servaga t\u00e4pseks stimulatsiooniks<br \/>\nKasutajas\u00f5bralik kahe nupuga ehitus<br \/>\nTaaslaetav ja 100% veekindel<br \/>\nKaasas Je Joue magnetiline laadimiskaabel ja reisikott<br \/>\n100% vegan vibraator<\/p>\n","protected":false},"excerpt":{"rendered":"<p>Uus MiMi Deux, v\u00f5imas mitme pinnaga kivikujuline vibraator, annab t\u00e4iesti uue vibratsioonitunde.<\/p>\n","protected":false},"featured_media":91228,"template":"","meta":[],"product_brand":[4211],"product_cat":[1484,3979,1488],"product_tag":[1543],"class_list":{"0":"post-91219","1":"product","2":"type-product","3":"status-publish","4":"has-post-thumbnail","6":"product_brand-je-joue-et","7":"product_cat-sekslelud","8":"product_cat-valispidised","9":"product_cat-vibraatorid","10":"product_tag-vibraator","11":"pa_brand-je-joue-et","13":"first","14":"instock","15":"taxable","16":"shipping-taxable","17":"purchasable","18":"product-type-simple"},"yoast_head":"<!-- This site is optimized with the Yoast SEO plugin v27.3 - https:\/\/yoast.com\/product\/yoast-seo-wordpress\/ -->\n<title>MiMi Deux Vibraator | Lust&amp;Love<\/title>\n<meta name=\"description\" content=\"Uus MiMi Deux, v\u00f5imas mitme pinnaga kivikujuline vibraator, annab t\u00e4iesti uue vibratsioonitunde.\" \/>\n<meta name=\"robots\" content=\"index,follow,max-snippet:-1,max-image-preview:large,max-video-preview:-1\" \/>\n<link rel=\"canonical\" href=\"https:\/\/lustandlove.eu\/et\/toode\/mimi-pehme-vibraator-copy\/\" \/>\n<meta name=\"twitter:card\" content=\"summary_large_image\" \/>\n<meta name=\"twitter:title\" content=\"MiMi Deux Vibraator | Lust&amp;Love\" \/>\n<meta name=\"twitter:description\" content=\"Uus MiMi Deux, v\u00f5imas mitme pinnaga kivikujuline vibraator, annab t\u00e4iesti uue vibratsioonitunde.\" \/>\n<meta name=\"twitter:image\" content=\"https:\/\/lustandlove.eu\/wp-content\/uploads\/Untitled-design-17.jpg\" \/>\n<meta name=\"twitter:label1\" content=\"Est. reading time\" \/>\n\t<meta name=\"twitter:data1\" content=\"1 minut\" \/>\n<script type=\"application\/ld+json\" class=\"yoast-schema-graph\">{\"@context\":\"https:\\\/\\\/schema.org\",\"@graph\":[{\"@type\":[\"WebPage\",\"ItemPage\"],\"@id\":\"https:\\\/\\\/lustandlove.eu\\\/et\\\/toode\\\/mimi-pehme-vibraator-copy\\\/\",\"url\":\"https:\\\/\\\/lustandlove.eu\\\/et\\\/toode\\\/mimi-pehme-vibraator-copy\\\/\",\"name\":\"MiMi Deux Vibraator | Lust&Love\",\"isPartOf\":{\"@id\":\"https:\\\/\\\/lustandlove.eu\\\/et\\\/#website\"},\"primaryImageOfPage\":{\"@id\":\"https:\\\/\\\/lustandlove.eu\\\/et\\\/toode\\\/mimi-pehme-vibraator-copy\\\/#primaryimage\"},\"image\":{\"@id\":\"https:\\\/\\\/lustandlove.eu\\\/et\\\/toode\\\/mimi-pehme-vibraator-copy\\\/#primaryimage\"},\"thumbnailUrl\":\"https:\\\/\\\/lustandlove.eu\\\/wp-content\\\/uploads\\\/Untitled-design-17.jpg\",\"datePublished\":\"2024-07-08T08:24:51+00:00\",\"dateModified\":\"2026-04-13T07:27:04+00:00\",\"description\":\"Uus MiMi Deux, v\u00f5imas mitme pinnaga kivikujuline vibraator, annab t\u00e4iesti uue vibratsioonitunde.\",\"breadcrumb\":{\"@id\":\"https:\\\/\\\/lustandlove.eu\\\/et\\\/toode\\\/mimi-pehme-vibraator-copy\\\/#breadcrumb\"},\"inLanguage\":\"et\",\"potentialAction\":[{\"@type\":\"ReadAction\",\"target\":[\"https:\\\/\\\/lustandlove.eu\\\/et\\\/toode\\\/mimi-pehme-vibraator-copy\\\/\"]}]},{\"@type\":\"ImageObject\",\"inLanguage\":\"et\",\"@id\":\"https:\\\/\\\/lustandlove.eu\\\/et\\\/toode\\\/mimi-pehme-vibraator-copy\\\/#primaryimage\",\"url\":\"https:\\\/\\\/lustandlove.eu\\\/wp-content\\\/uploads\\\/Untitled-design-17.jpg\",\"contentUrl\":\"https:\\\/\\\/lustandlove.eu\\\/wp-content\\\/uploads\\\/Untitled-design-17.jpg\",\"width\":800,\"height\":800},{\"@type\":\"BreadcrumbList\",\"@id\":\"https:\\\/\\\/lustandlove.eu\\\/et\\\/toode\\\/mimi-pehme-vibraator-copy\\\/#breadcrumb\",\"itemListElement\":[{\"@type\":\"ListItem\",\"position\":1,\"name\":\"Lust and Love\",\"item\":\"https:\\\/\\\/lustandlove.eu\\\/et\\\/\"},{\"@type\":\"ListItem\",\"position\":2,\"name\":\"Pood\",\"item\":\"https:\\\/\\\/lustandlove.eu\\\/et\\\/pood\\\/\"},{\"@type\":\"ListItem\",\"position\":3,\"name\":\"Sekslelud\",\"item\":\"https:\\\/\\\/lustandlove.eu\\\/et\\\/pood\\\/sekslelud\\\/\"},{\"@type\":\"ListItem\",\"position\":4,\"name\":\"Vibraatorid\",\"item\":\"https:\\\/\\\/lustandlove.eu\\\/et\\\/pood\\\/sekslelud\\\/vibraatorid\\\/\"},{\"@type\":\"ListItem\",\"position\":5,\"name\":\"V\u00e4lispidised\",\"item\":\"https:\\\/\\\/lustandlove.eu\\\/et\\\/pood\\\/sekslelud\\\/vibraatorid\\\/valispidised\\\/\"},{\"@type\":\"ListItem\",\"position\":6,\"name\":\"MiMi Deux Vibraator\"}]},{\"@type\":\"WebSite\",\"@id\":\"https:\\\/\\\/lustandlove.eu\\\/et\\\/#website\",\"url\":\"https:\\\/\\\/lustandlove.eu\\\/et\\\/\",\"name\":\"Lust &amp; Love\",\"description\":\"Online erootikapood tervise, ilu ja armastuse jaoks\",\"publisher\":{\"@id\":\"https:\\\/\\\/lustandlove.eu\\\/et\\\/#organization\"},\"potentialAction\":[{\"@type\":\"SearchAction\",\"target\":{\"@type\":\"EntryPoint\",\"urlTemplate\":\"https:\\\/\\\/lustandlove.eu\\\/et\\\/?s={search_term_string}\"},\"query-input\":{\"@type\":\"PropertyValueSpecification\",\"valueRequired\":true,\"valueName\":\"search_term_string\"}}],\"inLanguage\":\"et\"},{\"@type\":\"Organization\",\"@id\":\"https:\\\/\\\/lustandlove.eu\\\/et\\\/#organization\",\"name\":\"Bioconcept Baltics O\u00dc\",\"url\":\"https:\\\/\\\/lustandlove.eu\\\/et\\\/\",\"logo\":{\"@type\":\"ImageObject\",\"inLanguage\":\"et\",\"@id\":\"https:\\\/\\\/lustandlove.eu\\\/et\\\/#\\\/schema\\\/logo\\\/image\\\/\",\"url\":\"\",\"contentUrl\":\"\",\"caption\":\"Bioconcept Baltics O\u00dc\"},\"image\":{\"@id\":\"https:\\\/\\\/lustandlove.eu\\\/et\\\/#\\\/schema\\\/logo\\\/image\\\/\"},\"sameAs\":[\"https:\\\/\\\/www.facebook.com\\\/LustandLoveEU\\\/\",\"https:\\\/\\\/www.instagram.com\\\/lustandloveeu\\\/\"]}]}<\/script>\n<!-- \/ Yoast SEO plugin. -->","yoast_head_json":{"title":"MiMi Deux Vibraator | Lust&Love","description":"Uus MiMi Deux, v\u00f5imas mitme pinnaga kivikujuline vibraator, annab t\u00e4iesti uue vibratsioonitunde.","robots":{"index,follow,max-snippet":"index,follow,max-snippet:-1,max-image-preview:large,max-video-preview:-1"},"canonical":"https:\/\/lustandlove.eu\/et\/toode\/mimi-pehme-vibraator-copy\/","twitter_card":"summary_large_image","twitter_title":"MiMi Deux Vibraator | Lust&Love","twitter_description":"Uus MiMi Deux, v\u00f5imas mitme pinnaga kivikujuline vibraator, annab t\u00e4iesti uue vibratsioonitunde.","twitter_image":"https:\/\/lustandlove.eu\/wp-content\/uploads\/Untitled-design-17.jpg","twitter_misc":{"Est. reading time":"1 minut"},"schema":{"@context":"https:\/\/schema.org","@graph":[{"@type":["WebPage","ItemPage"],"@id":"https:\/\/lustandlove.eu\/et\/toode\/mimi-pehme-vibraator-copy\/","url":"https:\/\/lustandlove.eu\/et\/toode\/mimi-pehme-vibraator-copy\/","name":"MiMi Deux Vibraator | Lust&Love","isPartOf":{"@id":"https:\/\/lustandlove.eu\/et\/#website"},"primaryImageOfPage":{"@id":"https:\/\/lustandlove.eu\/et\/toode\/mimi-pehme-vibraator-copy\/#primaryimage"},"image":{"@id":"https:\/\/lustandlove.eu\/et\/toode\/mimi-pehme-vibraator-copy\/#primaryimage"},"thumbnailUrl":"https:\/\/lustandlove.eu\/wp-content\/uploads\/Untitled-design-17.jpg","datePublished":"2024-07-08T08:24:51+00:00","dateModified":"2026-04-13T07:27:04+00:00","description":"Uus MiMi Deux, v\u00f5imas mitme pinnaga kivikujuline vibraator, annab t\u00e4iesti uue vibratsioonitunde.","breadcrumb":{"@id":"https:\/\/lustandlove.eu\/et\/toode\/mimi-pehme-vibraator-copy\/#breadcrumb"},"inLanguage":"et","potentialAction":[{"@type":"ReadAction","target":["https:\/\/lustandlove.eu\/et\/toode\/mimi-pehme-vibraator-copy\/"]}]},{"@type":"ImageObject","inLanguage":"et","@id":"https:\/\/lustandlove.eu\/et\/toode\/mimi-pehme-vibraator-copy\/#primaryimage","url":"https:\/\/lustandlove.eu\/wp-content\/uploads\/Untitled-design-17.jpg","contentUrl":"https:\/\/lustandlove.eu\/wp-content\/uploads\/Untitled-design-17.jpg","width":800,"height":800},{"@type":"BreadcrumbList","@id":"https:\/\/lustandlove.eu\/et\/toode\/mimi-pehme-vibraator-copy\/#breadcrumb","itemListElement":[{"@type":"ListItem","position":1,"name":"Lust and Love","item":"https:\/\/lustandlove.eu\/et\/"},{"@type":"ListItem","position":2,"name":"Pood","item":"https:\/\/lustandlove.eu\/et\/pood\/"},{"@type":"ListItem","position":3,"name":"Sekslelud","item":"https:\/\/lustandlove.eu\/et\/pood\/sekslelud\/"},{"@type":"ListItem","position":4,"name":"Vibraatorid","item":"https:\/\/lustandlove.eu\/et\/pood\/sekslelud\/vibraatorid\/"},{"@type":"ListItem","position":5,"name":"V\u00e4lispidised","item":"https:\/\/lustandlove.eu\/et\/pood\/sekslelud\/vibraatorid\/valispidised\/"},{"@type":"ListItem","position":6,"name":"MiMi Deux Vibraator"}]},{"@type":"WebSite","@id":"https:\/\/lustandlove.eu\/et\/#website","url":"https:\/\/lustandlove.eu\/et\/","name":"Lust &amp; Love","description":"Online erootikapood tervise, ilu ja armastuse jaoks","publisher":{"@id":"https:\/\/lustandlove.eu\/et\/#organization"},"potentialAction":[{"@type":"SearchAction","target":{"@type":"EntryPoint","urlTemplate":"https:\/\/lustandlove.eu\/et\/?s={search_term_string}"},"query-input":{"@type":"PropertyValueSpecification","valueRequired":true,"valueName":"search_term_string"}}],"inLanguage":"et"},{"@type":"Organization","@id":"https:\/\/lustandlove.eu\/et\/#organization","name":"Bioconcept Baltics O\u00dc","url":"https:\/\/lustandlove.eu\/et\/","logo":{"@type":"ImageObject","inLanguage":"et","@id":"https:\/\/lustandlove.eu\/et\/#\/schema\/logo\/image\/","url":"","contentUrl":"","caption":"Bioconcept Baltics O\u00dc"},"image":{"@id":"https:\/\/lustandlove.eu\/et\/#\/schema\/logo\/image\/"},"sameAs":["https:\/\/www.facebook.com\/LustandLoveEU\/","https:\/\/www.instagram.com\/lustandloveeu\/"]}]}},"_links":{"self":[{"href":"https:\/\/lustandlove.eu\/et\/wp-json\/wp\/v2\/product\/91219","targetHints":{"allow":["GET"]}}],"collection":[{"href":"https:\/\/lustandlove.eu\/et\/wp-json\/wp\/v2\/product"}],"about":[{"href":"https:\/\/lustandlove.eu\/et\/wp-json\/wp\/v2\/types\/product"}],"wp:featuredmedia":[{"embeddable":true,"href":"https:\/\/lustandlove.eu\/et\/wp-json\/wp\/v2\/media\/91228"}],"wp:attachment":[{"href":"https:\/\/lustandlove.eu\/et\/wp-json\/wp\/v2\/media?parent=91219"}],"wp:term":[{"taxonomy":"product_brand","embeddable":true,"href":"https:\/\/lustandlove.eu\/et\/wp-json\/wp\/v2\/product_brand?post=91219"},{"taxonomy":"product_cat","embeddable":true,"href":"https:\/\/lustandlove.eu\/et\/wp-json\/wp\/v2\/product_cat?post=91219"},{"taxonomy":"product_tag","embeddable":true,"href":"https:\/\/lustandlove.eu\/et\/wp-json\/wp\/v2\/product_tag?post=91219"}],"curies":[{"name":"wp","href":"https:\/\/api.w.org\/{rel}","templated":true}]}}