{"id":91275,"date":"2024-07-25T09:32:51","date_gmt":"2024-07-25T06:32:52","guid":{"rendered":"https:\/\/www.lustandlove.eu\/?post_type=product&#038;p=91275"},"modified":"2026-04-13T10:27:03","modified_gmt":"2026-04-13T07:27:03","slug":"orhidee-parfuum-looduslikud-feromoonid-50ml-copy","status":"publish","type":"product","link":"https:\/\/lustandlove.eu\/et\/toode\/orhidee-parfuum-looduslikud-feromoonid-50ml-copy\/","title":{"rendered":"Salajane Orhidee &#8211; Siidine Kehakreem 50ml"},"content":{"rendered":"<div class=\"wpb-content-wrapper\"><p>[vc_row][vc_column][vc_column_text css=&#8221;&#8221; woodmart_inline=&#8221;no&#8221; text_larger=&#8221;no&#8221;]Siidine kehakreem Secret Orchid tr\u00fchvli loomuliku erootilise v\u00f5luga t\u00f5stab esile teie loomuliku seksuaalse atraktiivsuse, suurendab teie enesekindlust ja muudab teid teiste silmis p\u00f5nevamaks, v\u00f5rgutavamaks ja ihaldusv\u00e4\u00e4rsemaks inimeseks.<\/p>\n<p>Koostis:<br \/>\nTs\u00fcklopentasiloksaan, dimetikonool, parf\u00fc\u00fcm, Helianthus Annuus (p\u00e4evalille) seemne\u00f5li, mugula melanosporumi ekstrakt, tokofer\u00fc\u00fclatsetaat, bens\u00fc\u00fclsalits\u00fclaat, h\u00fcdroks\u00fctsitronellaal<\/p>\n<p>Kuidas kasutada:<br \/>\nP\u00e4rast \u00f5hukese kihi nahale kandmist omandab see siidile tuntud puudutuse ja tekstuuri.<\/p>\n<p>Ettevaatusabin\u00f5ud:<br \/>\n&#8211; Kosmeetikatoode ainult v\u00e4lispidiseks kasutamiseks.<br \/>\n&#8211; Mitte kasutada \u00fclitundlikkuse v\u00f5i allergia korral m\u00f5ne koostisosa suhtes.<br \/>\n&#8211; \u00c4rrituse korral l\u00f5petage kasutamine.<br \/>\n&#8211; Mitte alla neelata.<br \/>\n&#8211; \u00c4rge kandke silma\u00fcmbrusele ega haavadele.<br \/>\n&#8211; Hoida lastele k\u00e4ttesaamatus kohas.<br \/>\n&#8211; Hoida jahedas ja kuivas kohas ning kaitsta p\u00e4ikesevalguse eest.[\/vc_column_text][\/vc_column][\/vc_row]<\/p>\n<\/div>","protected":false},"excerpt":{"rendered":"<p>Tr\u00fchvli bioloogilised osakesed oma aroomiga stimuleerivad seksuaalset iha loomulikul viisil. Oled k\u00f5igi jaoks vastupandamatu t\u00f5mmbega. See kutsub avastama sensuaalsust ja iha.<\/p>\n","protected":false},"featured_media":91279,"template":"","meta":[],"product_brand":[4239],"product_cat":[1464,1460],"product_tag":[3013,3014],"class_list":{"0":"post-91275","1":"product","2":"type-product","3":"status-publish","4":"has-post-thumbnail","6":"product_brand-secret-play-et","7":"product_cat-erutavad-geelid","8":"product_cat-apteek","9":"product_tag-secret-play-et","10":"product_tag-secretplay-et","11":"pa_brand-secret-play-et","13":"first","14":"instock","15":"taxable","16":"shipping-taxable","17":"purchasable","18":"product-type-simple"},"yoast_head":"<!-- This site is optimized with the Yoast SEO plugin v27.4 - https:\/\/yoast.com\/product\/yoast-seo-wordpress\/ -->\n<title>Salajane Orhidee - Siidine Kehakreem 50ml | Lust and Love<\/title>\n<meta name=\"robots\" content=\"index,follow,max-snippet:-1,max-image-preview:large,max-video-preview:-1\" \/>\n<link rel=\"canonical\" href=\"https:\/\/lustandlove.eu\/et\/toode\/orhidee-parfuum-looduslikud-feromoonid-50ml-copy\/\" \/>\n<script type=\"application\/ld+json\" class=\"yoast-schema-graph\">{\"@context\":\"https:\\\/\\\/schema.org\",\"@graph\":[{\"@type\":[\"WebPage\",\"ItemPage\"],\"@id\":\"https:\\\/\\\/lustandlove.eu\\\/et\\\/toode\\\/orhidee-parfuum-looduslikud-feromoonid-50ml-copy\\\/\",\"url\":\"https:\\\/\\\/lustandlove.eu\\\/et\\\/toode\\\/orhidee-parfuum-looduslikud-feromoonid-50ml-copy\\\/\",\"name\":\"Salajane Orhidee - Siidine Kehakreem 50ml | Lust and Love\",\"isPartOf\":{\"@id\":\"https:\\\/\\\/lustandlove.eu\\\/et\\\/#website\"},\"primaryImageOfPage\":{\"@id\":\"https:\\\/\\\/lustandlove.eu\\\/et\\\/toode\\\/orhidee-parfuum-looduslikud-feromoonid-50ml-copy\\\/#primaryimage\"},\"image\":{\"@id\":\"https:\\\/\\\/lustandlove.eu\\\/et\\\/toode\\\/orhidee-parfuum-looduslikud-feromoonid-50ml-copy\\\/#primaryimage\"},\"thumbnailUrl\":\"https:\\\/\\\/lustandlove.eu\\\/wp-content\\\/uploads\\\/image-4-2.jpg\",\"datePublished\":\"2024-07-25T06:32:52+00:00\",\"dateModified\":\"2026-04-13T07:27:03+00:00\",\"breadcrumb\":{\"@id\":\"https:\\\/\\\/lustandlove.eu\\\/et\\\/toode\\\/orhidee-parfuum-looduslikud-feromoonid-50ml-copy\\\/#breadcrumb\"},\"inLanguage\":\"et\",\"potentialAction\":[{\"@type\":\"ReadAction\",\"target\":[\"https:\\\/\\\/lustandlove.eu\\\/et\\\/toode\\\/orhidee-parfuum-looduslikud-feromoonid-50ml-copy\\\/\"]}]},{\"@type\":\"ImageObject\",\"inLanguage\":\"et\",\"@id\":\"https:\\\/\\\/lustandlove.eu\\\/et\\\/toode\\\/orhidee-parfuum-looduslikud-feromoonid-50ml-copy\\\/#primaryimage\",\"url\":\"https:\\\/\\\/lustandlove.eu\\\/wp-content\\\/uploads\\\/image-4-2.jpg\",\"contentUrl\":\"https:\\\/\\\/lustandlove.eu\\\/wp-content\\\/uploads\\\/image-4-2.jpg\",\"width\":1000,\"height\":1000},{\"@type\":\"BreadcrumbList\",\"@id\":\"https:\\\/\\\/lustandlove.eu\\\/et\\\/toode\\\/orhidee-parfuum-looduslikud-feromoonid-50ml-copy\\\/#breadcrumb\",\"itemListElement\":[{\"@type\":\"ListItem\",\"position\":1,\"name\":\"Lust and Love\",\"item\":\"https:\\\/\\\/lustandlove.eu\\\/et\\\/\"},{\"@type\":\"ListItem\",\"position\":2,\"name\":\"Pood\",\"item\":\"https:\\\/\\\/lustandlove.eu\\\/et\\\/pood\\\/\"},{\"@type\":\"ListItem\",\"position\":3,\"name\":\"Libestid ja kehahooldus\",\"item\":\"https:\\\/\\\/lustandlove.eu\\\/et\\\/pood\\\/apteek\\\/\"},{\"@type\":\"ListItem\",\"position\":4,\"name\":\"Salajane Orhidee &#8211; Siidine Kehakreem 50ml\"}]},{\"@type\":\"WebSite\",\"@id\":\"https:\\\/\\\/lustandlove.eu\\\/et\\\/#website\",\"url\":\"https:\\\/\\\/lustandlove.eu\\\/et\\\/\",\"name\":\"Lust & Love\",\"description\":\"Online erootikapood tervise, ilu ja armastuse jaoks\",\"publisher\":{\"@id\":\"https:\\\/\\\/lustandlove.eu\\\/et\\\/#organization\"},\"potentialAction\":[{\"@type\":\"SearchAction\",\"target\":{\"@type\":\"EntryPoint\",\"urlTemplate\":\"https:\\\/\\\/lustandlove.eu\\\/et\\\/?s={search_term_string}\"},\"query-input\":{\"@type\":\"PropertyValueSpecification\",\"valueRequired\":true,\"valueName\":\"search_term_string\"}}],\"inLanguage\":\"et\"},{\"@type\":\"Organization\",\"@id\":\"https:\\\/\\\/lustandlove.eu\\\/et\\\/#organization\",\"name\":\"Bioconcept Baltics O\u00dc\",\"url\":\"https:\\\/\\\/lustandlove.eu\\\/et\\\/\",\"logo\":{\"@type\":\"ImageObject\",\"inLanguage\":\"et\",\"@id\":\"https:\\\/\\\/lustandlove.eu\\\/et\\\/#\\\/schema\\\/logo\\\/image\\\/\",\"url\":\"https:\\\/\\\/lustandlove.eu\\\/wp-content\\\/uploads\\\/logo-full-2.png\",\"contentUrl\":\"https:\\\/\\\/lustandlove.eu\\\/wp-content\\\/uploads\\\/logo-full-2.png\",\"width\":837,\"height\":200,\"caption\":\"Bioconcept Baltics O\u00dc\"},\"image\":{\"@id\":\"https:\\\/\\\/lustandlove.eu\\\/et\\\/#\\\/schema\\\/logo\\\/image\\\/\"},\"sameAs\":[\"https:\\\/\\\/www.facebook.com\\\/LustandLoveEU\\\/\",\"https:\\\/\\\/www.instagram.com\\\/lustandloveeu\\\/\"]}]}<\/script>\n<!-- \/ Yoast SEO plugin. -->","yoast_head_json":{"title":"Salajane Orhidee - Siidine Kehakreem 50ml | Lust and Love","robots":{"index,follow,max-snippet":"index,follow,max-snippet:-1,max-image-preview:large,max-video-preview:-1"},"canonical":"https:\/\/lustandlove.eu\/et\/toode\/orhidee-parfuum-looduslikud-feromoonid-50ml-copy\/","schema":{"@context":"https:\/\/schema.org","@graph":[{"@type":["WebPage","ItemPage"],"@id":"https:\/\/lustandlove.eu\/et\/toode\/orhidee-parfuum-looduslikud-feromoonid-50ml-copy\/","url":"https:\/\/lustandlove.eu\/et\/toode\/orhidee-parfuum-looduslikud-feromoonid-50ml-copy\/","name":"Salajane Orhidee - Siidine Kehakreem 50ml | Lust and Love","isPartOf":{"@id":"https:\/\/lustandlove.eu\/et\/#website"},"primaryImageOfPage":{"@id":"https:\/\/lustandlove.eu\/et\/toode\/orhidee-parfuum-looduslikud-feromoonid-50ml-copy\/#primaryimage"},"image":{"@id":"https:\/\/lustandlove.eu\/et\/toode\/orhidee-parfuum-looduslikud-feromoonid-50ml-copy\/#primaryimage"},"thumbnailUrl":"https:\/\/lustandlove.eu\/wp-content\/uploads\/image-4-2.jpg","datePublished":"2024-07-25T06:32:52+00:00","dateModified":"2026-04-13T07:27:03+00:00","breadcrumb":{"@id":"https:\/\/lustandlove.eu\/et\/toode\/orhidee-parfuum-looduslikud-feromoonid-50ml-copy\/#breadcrumb"},"inLanguage":"et","potentialAction":[{"@type":"ReadAction","target":["https:\/\/lustandlove.eu\/et\/toode\/orhidee-parfuum-looduslikud-feromoonid-50ml-copy\/"]}]},{"@type":"ImageObject","inLanguage":"et","@id":"https:\/\/lustandlove.eu\/et\/toode\/orhidee-parfuum-looduslikud-feromoonid-50ml-copy\/#primaryimage","url":"https:\/\/lustandlove.eu\/wp-content\/uploads\/image-4-2.jpg","contentUrl":"https:\/\/lustandlove.eu\/wp-content\/uploads\/image-4-2.jpg","width":1000,"height":1000},{"@type":"BreadcrumbList","@id":"https:\/\/lustandlove.eu\/et\/toode\/orhidee-parfuum-looduslikud-feromoonid-50ml-copy\/#breadcrumb","itemListElement":[{"@type":"ListItem","position":1,"name":"Lust and Love","item":"https:\/\/lustandlove.eu\/et\/"},{"@type":"ListItem","position":2,"name":"Pood","item":"https:\/\/lustandlove.eu\/et\/pood\/"},{"@type":"ListItem","position":3,"name":"Libestid ja kehahooldus","item":"https:\/\/lustandlove.eu\/et\/pood\/apteek\/"},{"@type":"ListItem","position":4,"name":"Salajane Orhidee &#8211; Siidine Kehakreem 50ml"}]},{"@type":"WebSite","@id":"https:\/\/lustandlove.eu\/et\/#website","url":"https:\/\/lustandlove.eu\/et\/","name":"Lust & Love","description":"Online erootikapood tervise, ilu ja armastuse jaoks","publisher":{"@id":"https:\/\/lustandlove.eu\/et\/#organization"},"potentialAction":[{"@type":"SearchAction","target":{"@type":"EntryPoint","urlTemplate":"https:\/\/lustandlove.eu\/et\/?s={search_term_string}"},"query-input":{"@type":"PropertyValueSpecification","valueRequired":true,"valueName":"search_term_string"}}],"inLanguage":"et"},{"@type":"Organization","@id":"https:\/\/lustandlove.eu\/et\/#organization","name":"Bioconcept Baltics O\u00dc","url":"https:\/\/lustandlove.eu\/et\/","logo":{"@type":"ImageObject","inLanguage":"et","@id":"https:\/\/lustandlove.eu\/et\/#\/schema\/logo\/image\/","url":"https:\/\/lustandlove.eu\/wp-content\/uploads\/logo-full-2.png","contentUrl":"https:\/\/lustandlove.eu\/wp-content\/uploads\/logo-full-2.png","width":837,"height":200,"caption":"Bioconcept Baltics O\u00dc"},"image":{"@id":"https:\/\/lustandlove.eu\/et\/#\/schema\/logo\/image\/"},"sameAs":["https:\/\/www.facebook.com\/LustandLoveEU\/","https:\/\/www.instagram.com\/lustandloveeu\/"]}]}},"_links":{"self":[{"href":"https:\/\/lustandlove.eu\/et\/wp-json\/wp\/v2\/product\/91275","targetHints":{"allow":["GET"]}}],"collection":[{"href":"https:\/\/lustandlove.eu\/et\/wp-json\/wp\/v2\/product"}],"about":[{"href":"https:\/\/lustandlove.eu\/et\/wp-json\/wp\/v2\/types\/product"}],"wp:featuredmedia":[{"embeddable":true,"href":"https:\/\/lustandlove.eu\/et\/wp-json\/wp\/v2\/media\/91279"}],"wp:attachment":[{"href":"https:\/\/lustandlove.eu\/et\/wp-json\/wp\/v2\/media?parent=91275"}],"wp:term":[{"taxonomy":"product_brand","embeddable":true,"href":"https:\/\/lustandlove.eu\/et\/wp-json\/wp\/v2\/product_brand?post=91275"},{"taxonomy":"product_cat","embeddable":true,"href":"https:\/\/lustandlove.eu\/et\/wp-json\/wp\/v2\/product_cat?post=91275"},{"taxonomy":"product_tag","embeddable":true,"href":"https:\/\/lustandlove.eu\/et\/wp-json\/wp\/v2\/product_tag?post=91275"}],"curies":[{"name":"wp","href":"https:\/\/api.w.org\/{rel}","templated":true}]}}