{"id":91281,"date":"2024-07-25T09:42:54","date_gmt":"2024-07-25T06:42:55","guid":{"rendered":"https:\/\/www.lustandlove.eu\/?post_type=product&#038;p=91281"},"modified":"2026-04-13T10:27:03","modified_gmt":"2026-04-13T07:27:03","slug":"salajane-orhidee-siidine-kehakreem-50ml-copy","status":"publish","type":"product","link":"https:\/\/lustandlove.eu\/et\/toode\/salajane-orhidee-siidine-kehakreem-50ml-copy\/","title":{"rendered":"S\u00e4delev Keha\u00f5li 50ml"},"content":{"rendered":"<div class=\"wpb-content-wrapper\"><p>[vc_row][vc_column][vc_column_text css=&#8221;&#8221; woodmart_inline=&#8221;no&#8221; text_larger=&#8221;no&#8221;]S\u00e4delev Keha\u00f5li kollektsioonist <em>Pretty But Wild<\/em> on taimsetest toimeainetest v\u00e4lja t\u00f6\u00f6tatud s\u00e4delev keha\u00f5li, mis lisab nahale s\u00e4rava efekti ja kerge kuldse s\u00e4ra, j\u00e4ttes selle s\u00e4ravaks, niisutatuks ja sensuaalseks.<\/p>\n<h3>Kuidas kasutada:<\/h3>\n<p>Kandke v\u00e4ike kogus peopesale ja hajutage ringjate liigutustega \u00fcle kogu keha kuni t\u00e4ieliku imendumiseni. Voil\u00e0! Valmis s\u00e4rama! K\u00f5igile nahat\u00fc\u00fcpidele.<\/p>\n<h3>Omadused ja omadused:<\/h3>\n<p>-Hoiab naha elastsemaks ja ilusamaks t\u00e4nu k\u00f5rgele E-vitamiini sisaldusele.<br \/>\n-Imendub t\u00e4nu \u00f5lisele tekstuurile kergesti.<br \/>\n-Niisutab intensiivselt nahka, muutes selle elastsemaks, pehmemaks ja eluj\u00f5ulisemaks.<br \/>\n&#8211; Pakub k\u00f5rgeid tselluliidivastaseid omadusi, v\u00e4hendades ja ennetades tselluliiti t\u00e4nu guaraanas sisalduva kofeiini rasvap\u00f5letustoimele ja v\u00f5imsale kombinatsioonile tselluliidivastastest \u00f5lidest nagu rosmariin, fucus, luuderohi, m\u00f5ru apelsin, mis koos takistavad selle v\u00e4limust. tselluliidi ja veenilaiendite vastu.<br \/>\n-Tr\u00fchvlid toidavad nahka ja selle bioloogilised osakesed suurendavad iha loomulikul viisil.<br \/>\n-P\u00e4rlipeegeldused valgustavad nahka kuldse s\u00e4ra ja peenelt s\u00e4deleva viimistlusega.<br \/>\n-Sisaldab magusat karamellil\u00f5hna, mis on puhas s\u00f5ltuvus.<br \/>\n-Magusa l\u00f5hnaga loob see vannis sensuaalse ja l\u00f5\u00f5gastava atmosf\u00e4\u00e4ri.<br \/>\n-Valmistatud taimse p\u00e4ritoluga toimeainetest.<\/p>\n<h3>Looduslikud toimeained:<\/h3>\n<p>E-vitamiin: hoiab \u00e4ra vabade radikaalide tekitatud nahakahjustused, v\u00e4hendab naha lipiidide eeloks\u00fcdatsiooni (v\u00e4hem kortse), suurendab epidermise niiskuse s\u00e4ilitamise v\u00f5imet, parandab naha v\u00e4limust, muutes selle siledamaks ja elastsemaks. T\u00e4nu oma antioks\u00fcdantsele ja radikaalidevastasele toimele on see bioloogiline p\u00e4ikesekaitsekreem, mis suurendab naha kaitsvat aktiivsust oks\u00fcdatiivsete protsesside vastu.<br \/>\nTr\u00fchvel: niisutav, toitev, kortsudevastane, h\u00fcpoallergeenne, kaitseb UV-kiirguse eest.<br \/>\nTselluliidivastane \u00f5li: taimede Fucus, Ivy, Guarana, m\u00f5ruapelsini ja rosmariini \u00f5line ekstrakt, taimed, millel on lugematu arv tselluliidivastaseid, p\u00f5letikuvastaseid ja vereringet aktiveerivaid omadusi.<br \/>\n\u2022 Fucus: stimuleerib vereringet ja eemaldab toksiine, dekongestant ja tursevastane (tselluliidi vallandaja), tselluliidivastane.<br \/>\n\u2022 Luuderohi: aktiveerib vereringet, veenilaiendite ennetamist ja ravi.<br \/>\n\u2022 Guaraana: tselluliidivastane ja lipiidide kogunemise v\u00e4hendamine, lipol\u00fc\u00fctiline toime &#8220;rasvap\u00f5letus&#8221;.<br \/>\n\u2022 M\u00f5ru apelsin: parandab vereringet, v\u00e4hendab turset ja jalgade turset<br \/>\n\u2022 Rosmariin: p\u00f5letikuvastane<\/p>\n<h3>Koostis:<\/h3>\n<p>Isoprop\u00fc\u00fclm\u00fcristaat, gl\u00fctseriin, vesi, vilgukivi, tset\u00fc\u00fclfosfaat, titaandioksiid, tokofer\u00fc\u00fclatsetaat, arginiin, helianthus Annuus (p\u00e4evalille) seemne\u00f5li, tsitruse aurantium amara (m\u00f5ruapelsini) koore ekstrakt, fucus vesiculosus ekstrakt (ivya ekstrakt, hedera ekstrakt) Paullinia Cupana seemneekstrakt, Rosmarinus Officinalis (rosmariini) lehtede ekstrakt, mugula melanosporumi ekstrakt, parf\u00fc\u00fcm, bens\u00fc\u00fclalkohol, CI 77491, bens\u00fc\u00fclsalits\u00fclaat, kumariin, alfa-isomet\u00fc\u00fclioon, bens\u00fc\u00fcltsinnamaat<\/p>\n<h3>Ettevaatusabin\u00f5ud:<\/h3>\n<p>&#8211; Kosmeetikatoode ainult v\u00e4lispidiseks kasutamiseks.<br \/>\n&#8211; Mitte kasutada \u00fclitundlikkuse v\u00f5i allergia korral m\u00f5ne koostisosa suhtes.<br \/>\n&#8211; \u00c4rrituse korral l\u00f5petage kasutamine.<br \/>\n&#8211; \u00c4rge kandke silma\u00fcmbrusele ega haavadele.<br \/>\n&#8211; Mitte alla neelata.<br \/>\n-Hoida lastele k\u00e4ttesaamatus kohas.<br \/>\n&#8211; Hoida jahedas ja kuivas kohas ning p\u00e4ikesevalguse eest kaitstult.[\/vc_column_text][\/vc_column][\/vc_row]<\/p>\n<\/div>","protected":false},"excerpt":{"rendered":"<p>S\u00e4rav Keha\u00f5li kollektsioonist <em>Pretty But Wild<\/em> on taimsetest toimeainetest v\u00e4lja t\u00f6\u00f6tatud s\u00e4rav keha\u00f5li, mis lisab nahale s\u00e4rava efekti ja kerge kuldse s\u00e4ra, j\u00e4ttes selle s\u00e4ravaks, niisutatuks ja sensuaalseks.<\/p>\n","protected":false},"featured_media":91283,"template":"","meta":[],"product_brand":[4239],"product_cat":[1464,1460],"product_tag":[3013,3014,3651],"class_list":{"0":"post-91281","1":"product","2":"type-product","3":"status-publish","4":"has-post-thumbnail","6":"product_brand-secret-play-et","7":"product_cat-erutavad-geelid","8":"product_cat-apteek","9":"product_tag-secret-play-et","10":"product_tag-secretplay-et","11":"product_tag-suvi","12":"pa_brand-secret-play-et","14":"first","15":"instock","16":"taxable","17":"shipping-taxable","18":"purchasable","19":"product-type-simple"},"yoast_head":"<!-- This site is optimized with the Yoast SEO plugin v27.3 - https:\/\/yoast.com\/product\/yoast-seo-wordpress\/ -->\n<title>S\u00e4delev Keha\u00f5li 50ml | Lust and Love<\/title>\n<meta name=\"robots\" content=\"index,follow,max-snippet:-1,max-image-preview:large,max-video-preview:-1\" \/>\n<link rel=\"canonical\" href=\"https:\/\/lustandlove.eu\/et\/toode\/salajane-orhidee-siidine-kehakreem-50ml-copy\/\" \/>\n<meta name=\"twitter:card\" content=\"summary_large_image\" \/>\n<meta name=\"twitter:title\" content=\"S\u00e4delev Keha\u00f5li 50ml | Lust and Love\" \/>\n<meta name=\"twitter:description\" content=\"S\u00e4rav Keha\u00f5li kollektsioonist Pretty But Wild on taimsetest toimeainetest v\u00e4lja t\u00f6\u00f6tatud s\u00e4rav keha\u00f5li, mis lisab nahale s\u00e4rava efekti ja kerge kuldse s\u00e4ra, j\u00e4ttes selle s\u00e4ravaks, niisutatuks ja sensuaalseks.\" \/>\n<meta name=\"twitter:image\" content=\"https:\/\/lustandlove.eu\/wp-content\/uploads\/image-3-3.jpg\" \/>\n<meta name=\"twitter:label1\" content=\"Est. reading time\" \/>\n\t<meta name=\"twitter:data1\" content=\"1 minut\" \/>\n<script type=\"application\/ld+json\" class=\"yoast-schema-graph\">{\"@context\":\"https:\\\/\\\/schema.org\",\"@graph\":[{\"@type\":[\"WebPage\",\"ItemPage\"],\"@id\":\"https:\\\/\\\/lustandlove.eu\\\/et\\\/toode\\\/salajane-orhidee-siidine-kehakreem-50ml-copy\\\/\",\"url\":\"https:\\\/\\\/lustandlove.eu\\\/et\\\/toode\\\/salajane-orhidee-siidine-kehakreem-50ml-copy\\\/\",\"name\":\"S\u00e4delev Keha\u00f5li 50ml | Lust and Love\",\"isPartOf\":{\"@id\":\"https:\\\/\\\/lustandlove.eu\\\/et\\\/#website\"},\"primaryImageOfPage\":{\"@id\":\"https:\\\/\\\/lustandlove.eu\\\/et\\\/toode\\\/salajane-orhidee-siidine-kehakreem-50ml-copy\\\/#primaryimage\"},\"image\":{\"@id\":\"https:\\\/\\\/lustandlove.eu\\\/et\\\/toode\\\/salajane-orhidee-siidine-kehakreem-50ml-copy\\\/#primaryimage\"},\"thumbnailUrl\":\"https:\\\/\\\/lustandlove.eu\\\/wp-content\\\/uploads\\\/image-3-3.jpg\",\"datePublished\":\"2024-07-25T06:42:55+00:00\",\"dateModified\":\"2026-04-13T07:27:03+00:00\",\"breadcrumb\":{\"@id\":\"https:\\\/\\\/lustandlove.eu\\\/et\\\/toode\\\/salajane-orhidee-siidine-kehakreem-50ml-copy\\\/#breadcrumb\"},\"inLanguage\":\"et\",\"potentialAction\":[{\"@type\":\"ReadAction\",\"target\":[\"https:\\\/\\\/lustandlove.eu\\\/et\\\/toode\\\/salajane-orhidee-siidine-kehakreem-50ml-copy\\\/\"]}]},{\"@type\":\"ImageObject\",\"inLanguage\":\"et\",\"@id\":\"https:\\\/\\\/lustandlove.eu\\\/et\\\/toode\\\/salajane-orhidee-siidine-kehakreem-50ml-copy\\\/#primaryimage\",\"url\":\"https:\\\/\\\/lustandlove.eu\\\/wp-content\\\/uploads\\\/image-3-3.jpg\",\"contentUrl\":\"https:\\\/\\\/lustandlove.eu\\\/wp-content\\\/uploads\\\/image-3-3.jpg\",\"width\":1024,\"height\":1024},{\"@type\":\"BreadcrumbList\",\"@id\":\"https:\\\/\\\/lustandlove.eu\\\/et\\\/toode\\\/salajane-orhidee-siidine-kehakreem-50ml-copy\\\/#breadcrumb\",\"itemListElement\":[{\"@type\":\"ListItem\",\"position\":1,\"name\":\"Lust and Love\",\"item\":\"https:\\\/\\\/lustandlove.eu\\\/et\\\/\"},{\"@type\":\"ListItem\",\"position\":2,\"name\":\"Pood\",\"item\":\"https:\\\/\\\/lustandlove.eu\\\/et\\\/pood\\\/\"},{\"@type\":\"ListItem\",\"position\":3,\"name\":\"Libestid ja kehahooldus\",\"item\":\"https:\\\/\\\/lustandlove.eu\\\/et\\\/pood\\\/apteek\\\/\"},{\"@type\":\"ListItem\",\"position\":4,\"name\":\"S\u00e4delev Keha\u00f5li 50ml\"}]},{\"@type\":\"WebSite\",\"@id\":\"https:\\\/\\\/lustandlove.eu\\\/et\\\/#website\",\"url\":\"https:\\\/\\\/lustandlove.eu\\\/et\\\/\",\"name\":\"Lust &amp; Love\",\"description\":\"Online erootikapood tervise, ilu ja armastuse jaoks\",\"publisher\":{\"@id\":\"https:\\\/\\\/lustandlove.eu\\\/et\\\/#organization\"},\"potentialAction\":[{\"@type\":\"SearchAction\",\"target\":{\"@type\":\"EntryPoint\",\"urlTemplate\":\"https:\\\/\\\/lustandlove.eu\\\/et\\\/?s={search_term_string}\"},\"query-input\":{\"@type\":\"PropertyValueSpecification\",\"valueRequired\":true,\"valueName\":\"search_term_string\"}}],\"inLanguage\":\"et\"},{\"@type\":\"Organization\",\"@id\":\"https:\\\/\\\/lustandlove.eu\\\/et\\\/#organization\",\"name\":\"Bioconcept Baltics O\u00dc\",\"url\":\"https:\\\/\\\/lustandlove.eu\\\/et\\\/\",\"logo\":{\"@type\":\"ImageObject\",\"inLanguage\":\"et\",\"@id\":\"https:\\\/\\\/lustandlove.eu\\\/et\\\/#\\\/schema\\\/logo\\\/image\\\/\",\"url\":\"\",\"contentUrl\":\"\",\"caption\":\"Bioconcept Baltics O\u00dc\"},\"image\":{\"@id\":\"https:\\\/\\\/lustandlove.eu\\\/et\\\/#\\\/schema\\\/logo\\\/image\\\/\"},\"sameAs\":[\"https:\\\/\\\/www.facebook.com\\\/LustandLoveEU\\\/\",\"https:\\\/\\\/www.instagram.com\\\/lustandloveeu\\\/\"]}]}<\/script>\n<!-- \/ Yoast SEO plugin. -->","yoast_head_json":{"title":"S\u00e4delev Keha\u00f5li 50ml | Lust and Love","robots":{"index,follow,max-snippet":"index,follow,max-snippet:-1,max-image-preview:large,max-video-preview:-1"},"canonical":"https:\/\/lustandlove.eu\/et\/toode\/salajane-orhidee-siidine-kehakreem-50ml-copy\/","twitter_card":"summary_large_image","twitter_title":"S\u00e4delev Keha\u00f5li 50ml | Lust and Love","twitter_description":"S\u00e4rav Keha\u00f5li kollektsioonist Pretty But Wild on taimsetest toimeainetest v\u00e4lja t\u00f6\u00f6tatud s\u00e4rav keha\u00f5li, mis lisab nahale s\u00e4rava efekti ja kerge kuldse s\u00e4ra, j\u00e4ttes selle s\u00e4ravaks, niisutatuks ja sensuaalseks.","twitter_image":"https:\/\/lustandlove.eu\/wp-content\/uploads\/image-3-3.jpg","twitter_misc":{"Est. reading time":"1 minut"},"schema":{"@context":"https:\/\/schema.org","@graph":[{"@type":["WebPage","ItemPage"],"@id":"https:\/\/lustandlove.eu\/et\/toode\/salajane-orhidee-siidine-kehakreem-50ml-copy\/","url":"https:\/\/lustandlove.eu\/et\/toode\/salajane-orhidee-siidine-kehakreem-50ml-copy\/","name":"S\u00e4delev Keha\u00f5li 50ml | Lust and Love","isPartOf":{"@id":"https:\/\/lustandlove.eu\/et\/#website"},"primaryImageOfPage":{"@id":"https:\/\/lustandlove.eu\/et\/toode\/salajane-orhidee-siidine-kehakreem-50ml-copy\/#primaryimage"},"image":{"@id":"https:\/\/lustandlove.eu\/et\/toode\/salajane-orhidee-siidine-kehakreem-50ml-copy\/#primaryimage"},"thumbnailUrl":"https:\/\/lustandlove.eu\/wp-content\/uploads\/image-3-3.jpg","datePublished":"2024-07-25T06:42:55+00:00","dateModified":"2026-04-13T07:27:03+00:00","breadcrumb":{"@id":"https:\/\/lustandlove.eu\/et\/toode\/salajane-orhidee-siidine-kehakreem-50ml-copy\/#breadcrumb"},"inLanguage":"et","potentialAction":[{"@type":"ReadAction","target":["https:\/\/lustandlove.eu\/et\/toode\/salajane-orhidee-siidine-kehakreem-50ml-copy\/"]}]},{"@type":"ImageObject","inLanguage":"et","@id":"https:\/\/lustandlove.eu\/et\/toode\/salajane-orhidee-siidine-kehakreem-50ml-copy\/#primaryimage","url":"https:\/\/lustandlove.eu\/wp-content\/uploads\/image-3-3.jpg","contentUrl":"https:\/\/lustandlove.eu\/wp-content\/uploads\/image-3-3.jpg","width":1024,"height":1024},{"@type":"BreadcrumbList","@id":"https:\/\/lustandlove.eu\/et\/toode\/salajane-orhidee-siidine-kehakreem-50ml-copy\/#breadcrumb","itemListElement":[{"@type":"ListItem","position":1,"name":"Lust and Love","item":"https:\/\/lustandlove.eu\/et\/"},{"@type":"ListItem","position":2,"name":"Pood","item":"https:\/\/lustandlove.eu\/et\/pood\/"},{"@type":"ListItem","position":3,"name":"Libestid ja kehahooldus","item":"https:\/\/lustandlove.eu\/et\/pood\/apteek\/"},{"@type":"ListItem","position":4,"name":"S\u00e4delev Keha\u00f5li 50ml"}]},{"@type":"WebSite","@id":"https:\/\/lustandlove.eu\/et\/#website","url":"https:\/\/lustandlove.eu\/et\/","name":"Lust &amp; Love","description":"Online erootikapood tervise, ilu ja armastuse jaoks","publisher":{"@id":"https:\/\/lustandlove.eu\/et\/#organization"},"potentialAction":[{"@type":"SearchAction","target":{"@type":"EntryPoint","urlTemplate":"https:\/\/lustandlove.eu\/et\/?s={search_term_string}"},"query-input":{"@type":"PropertyValueSpecification","valueRequired":true,"valueName":"search_term_string"}}],"inLanguage":"et"},{"@type":"Organization","@id":"https:\/\/lustandlove.eu\/et\/#organization","name":"Bioconcept Baltics O\u00dc","url":"https:\/\/lustandlove.eu\/et\/","logo":{"@type":"ImageObject","inLanguage":"et","@id":"https:\/\/lustandlove.eu\/et\/#\/schema\/logo\/image\/","url":"","contentUrl":"","caption":"Bioconcept Baltics O\u00dc"},"image":{"@id":"https:\/\/lustandlove.eu\/et\/#\/schema\/logo\/image\/"},"sameAs":["https:\/\/www.facebook.com\/LustandLoveEU\/","https:\/\/www.instagram.com\/lustandloveeu\/"]}]}},"_links":{"self":[{"href":"https:\/\/lustandlove.eu\/et\/wp-json\/wp\/v2\/product\/91281","targetHints":{"allow":["GET"]}}],"collection":[{"href":"https:\/\/lustandlove.eu\/et\/wp-json\/wp\/v2\/product"}],"about":[{"href":"https:\/\/lustandlove.eu\/et\/wp-json\/wp\/v2\/types\/product"}],"wp:featuredmedia":[{"embeddable":true,"href":"https:\/\/lustandlove.eu\/et\/wp-json\/wp\/v2\/media\/91283"}],"wp:attachment":[{"href":"https:\/\/lustandlove.eu\/et\/wp-json\/wp\/v2\/media?parent=91281"}],"wp:term":[{"taxonomy":"product_brand","embeddable":true,"href":"https:\/\/lustandlove.eu\/et\/wp-json\/wp\/v2\/product_brand?post=91281"},{"taxonomy":"product_cat","embeddable":true,"href":"https:\/\/lustandlove.eu\/et\/wp-json\/wp\/v2\/product_cat?post=91281"},{"taxonomy":"product_tag","embeddable":true,"href":"https:\/\/lustandlove.eu\/et\/wp-json\/wp\/v2\/product_tag?post=91281"}],"curies":[{"name":"wp","href":"https:\/\/api.w.org\/{rel}","templated":true}]}}