{"id":91317,"date":"2024-07-25T10:28:44","date_gmt":"2024-07-25T07:28:45","guid":{"rendered":"https:\/\/www.lustandlove.eu\/?post_type=product&#038;p=91317"},"modified":"2026-04-13T10:27:02","modified_gmt":"2026-04-13T07:27:02","slug":"clit-pwr-maasika-kliitorikreem-15ml-copy-copy","status":"publish","type":"product","link":"https:\/\/lustandlove.eu\/et\/toode\/clit-pwr-maasika-kliitorikreem-15ml-copy-copy\/","title":{"rendered":"Clit Pwr &#8211; Mango Kliitorikreem 15ml"},"content":{"rendered":"<div class=\"wpb-content-wrapper\"><p>[vc_row][vc_column][vc_column_text css=&#8221;&#8221; woodmart_inline=&#8221;no&#8221; text_larger=&#8221;no&#8221;]Clit Pwr on kliitorile stimuleeriv palsam, mis annab intensiivse vibratsiooni- ja kuumusetunde, p\u00f5hjustades suuremat tundlikkust ja v\u00f5imsamaid orgasme.<\/p>\n<p>V\u00f5ib-olla olete proovinud unisex geele, kuid see geel on loodud spetsiaalselt teie kliitori jaoks ja annab teile unustamatu kogemuse, mis viib teid kulminatsioonini, pannes teid nautima v\u00e4ga meeldivat tunnet t\u00e4nu selle geeli kiirele imendumisele, mis paneb teid koheselt m\u00e4rkama. selle kuum m\u00f5ju koos v\u00e4ga meeldiva vibratsiooniga.<\/p>\n<p>Seda saab kanda kliitorile ja h\u00e4beme sisehuultele ning 1 v\u00f5i 2 tilka suurendab see looduslike toimeainetega geel verevoolu viisil, mis tekitab suuremat tundlikkust ja seega ka suuremat erutust.<\/p>\n<p>Kuidas kasutada:<br \/>\nKanna v\u00e4ike kogus kliitorile \u00f5rna massaa\u017eiga. Laske sellel m\u00f5ni minut m\u00f5juda.<\/p>\n<p>Koostis:<br \/>\nGl\u00fctseriin, vesi, pol\u00fcsorbaat 20, Spilanthes Acmella lilleekstrakt, aroom, karbomeer, alkoholdenaat, pol\u00fcsorbaat 80, naatriumsahhariin, kaaliumsorbaat, naatriumbensoaat, CI 14720<\/p>\n<p>Ettevaatusabin\u00f5ud:<br \/>\n\u2013 Kosmeetikatoode ainult v\u00e4lispidiseks kasutamiseks.<br \/>\n\u2013 Mitte kasutada \u00fclitundlikkuse v\u00f5i allergia korral m\u00f5ne koostisosa suhtes.<br \/>\n\u2013 \u00c4rrituse korral l\u00f5petage kasutamine.<br \/>\n\u2013 Mitte kanda silmadele ega haavadele.<br \/>\n\u2013 Ei ole s\u00f6\u00f6dav.<br \/>\n\u2013 Hoida lastele k\u00e4ttesaamatus kohas.<br \/>\n\u2013 Hoida jahedas, kuivas kohas p\u00e4ikesevalguse eest kaitstult.[\/vc_column_text][\/vc_column][\/vc_row]<\/p>\n<\/div>","protected":false},"excerpt":{"rendered":"<p>Kuidas oleks palsamiga, mis on loodud ainult meile ja meie r\u00f5\u00f5muks? Kliitori palsam on siin selleks, et j\u00e4\u00e4da ja pakkuda teile l\u00f5ppmatut naudingut.<\/p>\n","protected":false},"featured_media":91319,"template":"","meta":[],"product_brand":[4239],"product_cat":[1464,1460],"product_tag":[3013,3014],"class_list":{"0":"post-91317","1":"product","2":"type-product","3":"status-publish","4":"has-post-thumbnail","6":"product_brand-secret-play-et","7":"product_cat-erutavad-geelid","8":"product_cat-apteek","9":"product_tag-secret-play-et","10":"product_tag-secretplay-et","11":"pa_brand-secret-play-et","13":"first","14":"instock","15":"taxable","16":"shipping-taxable","17":"purchasable","18":"product-type-simple"},"yoast_head":"<!-- This site is optimized with the Yoast SEO plugin v27.3 - https:\/\/yoast.com\/product\/yoast-seo-wordpress\/ -->\n<title>Clit Pwr - Mango Kliitorikreem 15ml | Lust and Love<\/title>\n<meta name=\"robots\" content=\"index,follow,max-snippet:-1,max-image-preview:large,max-video-preview:-1\" \/>\n<link rel=\"canonical\" href=\"https:\/\/lustandlove.eu\/et\/toode\/clit-pwr-maasika-kliitorikreem-15ml-copy-copy\/\" \/>\n<meta name=\"twitter:card\" content=\"summary_large_image\" \/>\n<meta name=\"twitter:title\" content=\"Clit Pwr - Mango Kliitorikreem 15ml | Lust and Love\" \/>\n<meta name=\"twitter:description\" content=\"Kuidas oleks palsamiga, mis on loodud ainult meile ja meie r\u00f5\u00f5muks? Kliitori palsam on siin selleks, et j\u00e4\u00e4da ja pakkuda teile l\u00f5ppmatut naudingut.\" \/>\n<meta name=\"twitter:image\" content=\"https:\/\/lustandlove.eu\/wp-content\/uploads\/image-3-6.jpg\" \/>\n<meta name=\"twitter:label1\" content=\"Est. reading time\" \/>\n\t<meta name=\"twitter:data1\" content=\"1 minut\" \/>\n<script type=\"application\/ld+json\" class=\"yoast-schema-graph\">{\"@context\":\"https:\\\/\\\/schema.org\",\"@graph\":[{\"@type\":[\"WebPage\",\"ItemPage\"],\"@id\":\"https:\\\/\\\/lustandlove.eu\\\/et\\\/toode\\\/clit-pwr-maasika-kliitorikreem-15ml-copy-copy\\\/\",\"url\":\"https:\\\/\\\/lustandlove.eu\\\/et\\\/toode\\\/clit-pwr-maasika-kliitorikreem-15ml-copy-copy\\\/\",\"name\":\"Clit Pwr - Mango Kliitorikreem 15ml | Lust and Love\",\"isPartOf\":{\"@id\":\"https:\\\/\\\/lustandlove.eu\\\/et\\\/#website\"},\"primaryImageOfPage\":{\"@id\":\"https:\\\/\\\/lustandlove.eu\\\/et\\\/toode\\\/clit-pwr-maasika-kliitorikreem-15ml-copy-copy\\\/#primaryimage\"},\"image\":{\"@id\":\"https:\\\/\\\/lustandlove.eu\\\/et\\\/toode\\\/clit-pwr-maasika-kliitorikreem-15ml-copy-copy\\\/#primaryimage\"},\"thumbnailUrl\":\"https:\\\/\\\/lustandlove.eu\\\/wp-content\\\/uploads\\\/image-3-6.jpg\",\"datePublished\":\"2024-07-25T07:28:45+00:00\",\"dateModified\":\"2026-04-13T07:27:02+00:00\",\"breadcrumb\":{\"@id\":\"https:\\\/\\\/lustandlove.eu\\\/et\\\/toode\\\/clit-pwr-maasika-kliitorikreem-15ml-copy-copy\\\/#breadcrumb\"},\"inLanguage\":\"et\",\"potentialAction\":[{\"@type\":\"ReadAction\",\"target\":[\"https:\\\/\\\/lustandlove.eu\\\/et\\\/toode\\\/clit-pwr-maasika-kliitorikreem-15ml-copy-copy\\\/\"]}]},{\"@type\":\"ImageObject\",\"inLanguage\":\"et\",\"@id\":\"https:\\\/\\\/lustandlove.eu\\\/et\\\/toode\\\/clit-pwr-maasika-kliitorikreem-15ml-copy-copy\\\/#primaryimage\",\"url\":\"https:\\\/\\\/lustandlove.eu\\\/wp-content\\\/uploads\\\/image-3-6.jpg\",\"contentUrl\":\"https:\\\/\\\/lustandlove.eu\\\/wp-content\\\/uploads\\\/image-3-6.jpg\",\"width\":1024,\"height\":1024},{\"@type\":\"BreadcrumbList\",\"@id\":\"https:\\\/\\\/lustandlove.eu\\\/et\\\/toode\\\/clit-pwr-maasika-kliitorikreem-15ml-copy-copy\\\/#breadcrumb\",\"itemListElement\":[{\"@type\":\"ListItem\",\"position\":1,\"name\":\"Lust and Love\",\"item\":\"https:\\\/\\\/lustandlove.eu\\\/et\\\/\"},{\"@type\":\"ListItem\",\"position\":2,\"name\":\"Pood\",\"item\":\"https:\\\/\\\/lustandlove.eu\\\/et\\\/pood\\\/\"},{\"@type\":\"ListItem\",\"position\":3,\"name\":\"Libestid ja kehahooldus\",\"item\":\"https:\\\/\\\/lustandlove.eu\\\/et\\\/pood\\\/apteek\\\/\"},{\"@type\":\"ListItem\",\"position\":4,\"name\":\"Erutavad Geelid\",\"item\":\"https:\\\/\\\/lustandlove.eu\\\/et\\\/pood\\\/apteek\\\/erutavad-geelid\\\/\"},{\"@type\":\"ListItem\",\"position\":5,\"name\":\"Clit Pwr &#8211; Mango Kliitorikreem 15ml\"}]},{\"@type\":\"WebSite\",\"@id\":\"https:\\\/\\\/lustandlove.eu\\\/et\\\/#website\",\"url\":\"https:\\\/\\\/lustandlove.eu\\\/et\\\/\",\"name\":\"Lust &amp; Love\",\"description\":\"Online erootikapood tervise, ilu ja armastuse jaoks\",\"publisher\":{\"@id\":\"https:\\\/\\\/lustandlove.eu\\\/et\\\/#organization\"},\"potentialAction\":[{\"@type\":\"SearchAction\",\"target\":{\"@type\":\"EntryPoint\",\"urlTemplate\":\"https:\\\/\\\/lustandlove.eu\\\/et\\\/?s={search_term_string}\"},\"query-input\":{\"@type\":\"PropertyValueSpecification\",\"valueRequired\":true,\"valueName\":\"search_term_string\"}}],\"inLanguage\":\"et\"},{\"@type\":\"Organization\",\"@id\":\"https:\\\/\\\/lustandlove.eu\\\/et\\\/#organization\",\"name\":\"Bioconcept Baltics O\u00dc\",\"url\":\"https:\\\/\\\/lustandlove.eu\\\/et\\\/\",\"logo\":{\"@type\":\"ImageObject\",\"inLanguage\":\"et\",\"@id\":\"https:\\\/\\\/lustandlove.eu\\\/et\\\/#\\\/schema\\\/logo\\\/image\\\/\",\"url\":\"\",\"contentUrl\":\"\",\"caption\":\"Bioconcept Baltics O\u00dc\"},\"image\":{\"@id\":\"https:\\\/\\\/lustandlove.eu\\\/et\\\/#\\\/schema\\\/logo\\\/image\\\/\"},\"sameAs\":[\"https:\\\/\\\/www.facebook.com\\\/LustandLoveEU\\\/\",\"https:\\\/\\\/www.instagram.com\\\/lustandloveeu\\\/\"]}]}<\/script>\n<!-- \/ Yoast SEO plugin. -->","yoast_head_json":{"title":"Clit Pwr - Mango Kliitorikreem 15ml | Lust and Love","robots":{"index,follow,max-snippet":"index,follow,max-snippet:-1,max-image-preview:large,max-video-preview:-1"},"canonical":"https:\/\/lustandlove.eu\/et\/toode\/clit-pwr-maasika-kliitorikreem-15ml-copy-copy\/","twitter_card":"summary_large_image","twitter_title":"Clit Pwr - Mango Kliitorikreem 15ml | Lust and Love","twitter_description":"Kuidas oleks palsamiga, mis on loodud ainult meile ja meie r\u00f5\u00f5muks? Kliitori palsam on siin selleks, et j\u00e4\u00e4da ja pakkuda teile l\u00f5ppmatut naudingut.","twitter_image":"https:\/\/lustandlove.eu\/wp-content\/uploads\/image-3-6.jpg","twitter_misc":{"Est. reading time":"1 minut"},"schema":{"@context":"https:\/\/schema.org","@graph":[{"@type":["WebPage","ItemPage"],"@id":"https:\/\/lustandlove.eu\/et\/toode\/clit-pwr-maasika-kliitorikreem-15ml-copy-copy\/","url":"https:\/\/lustandlove.eu\/et\/toode\/clit-pwr-maasika-kliitorikreem-15ml-copy-copy\/","name":"Clit Pwr - Mango Kliitorikreem 15ml | Lust and Love","isPartOf":{"@id":"https:\/\/lustandlove.eu\/et\/#website"},"primaryImageOfPage":{"@id":"https:\/\/lustandlove.eu\/et\/toode\/clit-pwr-maasika-kliitorikreem-15ml-copy-copy\/#primaryimage"},"image":{"@id":"https:\/\/lustandlove.eu\/et\/toode\/clit-pwr-maasika-kliitorikreem-15ml-copy-copy\/#primaryimage"},"thumbnailUrl":"https:\/\/lustandlove.eu\/wp-content\/uploads\/image-3-6.jpg","datePublished":"2024-07-25T07:28:45+00:00","dateModified":"2026-04-13T07:27:02+00:00","breadcrumb":{"@id":"https:\/\/lustandlove.eu\/et\/toode\/clit-pwr-maasika-kliitorikreem-15ml-copy-copy\/#breadcrumb"},"inLanguage":"et","potentialAction":[{"@type":"ReadAction","target":["https:\/\/lustandlove.eu\/et\/toode\/clit-pwr-maasika-kliitorikreem-15ml-copy-copy\/"]}]},{"@type":"ImageObject","inLanguage":"et","@id":"https:\/\/lustandlove.eu\/et\/toode\/clit-pwr-maasika-kliitorikreem-15ml-copy-copy\/#primaryimage","url":"https:\/\/lustandlove.eu\/wp-content\/uploads\/image-3-6.jpg","contentUrl":"https:\/\/lustandlove.eu\/wp-content\/uploads\/image-3-6.jpg","width":1024,"height":1024},{"@type":"BreadcrumbList","@id":"https:\/\/lustandlove.eu\/et\/toode\/clit-pwr-maasika-kliitorikreem-15ml-copy-copy\/#breadcrumb","itemListElement":[{"@type":"ListItem","position":1,"name":"Lust and Love","item":"https:\/\/lustandlove.eu\/et\/"},{"@type":"ListItem","position":2,"name":"Pood","item":"https:\/\/lustandlove.eu\/et\/pood\/"},{"@type":"ListItem","position":3,"name":"Libestid ja kehahooldus","item":"https:\/\/lustandlove.eu\/et\/pood\/apteek\/"},{"@type":"ListItem","position":4,"name":"Erutavad Geelid","item":"https:\/\/lustandlove.eu\/et\/pood\/apteek\/erutavad-geelid\/"},{"@type":"ListItem","position":5,"name":"Clit Pwr &#8211; Mango Kliitorikreem 15ml"}]},{"@type":"WebSite","@id":"https:\/\/lustandlove.eu\/et\/#website","url":"https:\/\/lustandlove.eu\/et\/","name":"Lust &amp; Love","description":"Online erootikapood tervise, ilu ja armastuse jaoks","publisher":{"@id":"https:\/\/lustandlove.eu\/et\/#organization"},"potentialAction":[{"@type":"SearchAction","target":{"@type":"EntryPoint","urlTemplate":"https:\/\/lustandlove.eu\/et\/?s={search_term_string}"},"query-input":{"@type":"PropertyValueSpecification","valueRequired":true,"valueName":"search_term_string"}}],"inLanguage":"et"},{"@type":"Organization","@id":"https:\/\/lustandlove.eu\/et\/#organization","name":"Bioconcept Baltics O\u00dc","url":"https:\/\/lustandlove.eu\/et\/","logo":{"@type":"ImageObject","inLanguage":"et","@id":"https:\/\/lustandlove.eu\/et\/#\/schema\/logo\/image\/","url":"","contentUrl":"","caption":"Bioconcept Baltics O\u00dc"},"image":{"@id":"https:\/\/lustandlove.eu\/et\/#\/schema\/logo\/image\/"},"sameAs":["https:\/\/www.facebook.com\/LustandLoveEU\/","https:\/\/www.instagram.com\/lustandloveeu\/"]}]}},"_links":{"self":[{"href":"https:\/\/lustandlove.eu\/et\/wp-json\/wp\/v2\/product\/91317","targetHints":{"allow":["GET"]}}],"collection":[{"href":"https:\/\/lustandlove.eu\/et\/wp-json\/wp\/v2\/product"}],"about":[{"href":"https:\/\/lustandlove.eu\/et\/wp-json\/wp\/v2\/types\/product"}],"wp:featuredmedia":[{"embeddable":true,"href":"https:\/\/lustandlove.eu\/et\/wp-json\/wp\/v2\/media\/91319"}],"wp:attachment":[{"href":"https:\/\/lustandlove.eu\/et\/wp-json\/wp\/v2\/media?parent=91317"}],"wp:term":[{"taxonomy":"product_brand","embeddable":true,"href":"https:\/\/lustandlove.eu\/et\/wp-json\/wp\/v2\/product_brand?post=91317"},{"taxonomy":"product_cat","embeddable":true,"href":"https:\/\/lustandlove.eu\/et\/wp-json\/wp\/v2\/product_cat?post=91317"},{"taxonomy":"product_tag","embeddable":true,"href":"https:\/\/lustandlove.eu\/et\/wp-json\/wp\/v2\/product_tag?post=91317"}],"curies":[{"name":"wp","href":"https:\/\/api.w.org\/{rel}","templated":true}]}}