{"id":91382,"date":"2024-07-26T09:25:54","date_gmt":"2024-07-26T06:25:54","guid":{"rendered":"https:\/\/www.lustandlove.eu\/?post_type=product&#038;p=91382"},"modified":"2026-04-13T10:27:01","modified_gmt":"2026-04-13T07:27:01","slug":"wow-boobs-ristikujulised-nibukatted","status":"publish","type":"product","link":"https:\/\/lustandlove.eu\/et\/toode\/wow-boobs-ristikujulised-nibukatted\/","title":{"rendered":"Wow Boobs! Ristikujulised nibukatted"},"content":{"rendered":"<div class=\"wpb-content-wrapper\"><p>[vc_row][vc_column][vc_column_text css=&#8221;&#8221; woodmart_inline=&#8221;no&#8221; text_larger=&#8221;no&#8221;]Nendel nibukatetel on lugematu arv kasutusv\u00f5imalusi, neid saab kanda riiete all ja rinnahoidja unustada, l\u00e4bipaistvate toppide v\u00f5i madala kaelusega toppide all, v\u00f5i kanda ilma millegita. Miks mitte?<br \/>\nV\u00f5tke need endaga kaasa igasugusteks s\u00fcndmusteks, \u00f5htuseks v\u00e4ljas\u00f5iduks, oodatud festivaliks, elegantseks s\u00fcndmuseks, ainulaadseks kohtinguks v\u00f5i lihtsalt oma vabaajar\u00f5ivastega, et tunda end oma igap\u00e4evaelus erilise ja ainulaadsena. S\u00fcndmus pole oluline, oluline oled sina.<\/p>\n<p>Soovime panna teie kujutlusv\u00f5ime lendama, et saaksite oma nibukateteha luua hetki, mis on t\u00e4is kirge, sensuaalsust ja elegantsi!<br \/>\nNeid on ka \u00fclilihtne nahale kleepida ning eemaldada ja kanda igat t\u00fc\u00fcpi rindadega.<\/p>\n<p>Kuidas kasutada ja soovitused:<br \/>\nNibude piirkond peab olema puhas ja kuiv. Eemaldage kaitsekile ja kandke see otse nibule, vajutades peale, et tagada selle hea kleepuvus. \u00c4rge kandke \u00e4rritunud, kahjustatud v\u00f5i p\u00e4ikesep\u00f5letatud nahale. L\u00f5petage kasutamine, kui teil tekib \u00e4rritus.<br \/>\nParema nakkumise huvides on soovitatav mitte kasutada sellel alal enne pealekandmist kreeme ega puudreid.<\/p>\n<p>Omadused:<br \/>\nSuurus:<br \/>\nRist: 8 * 8cm<br \/>\n\u2013 Materjal: holograafiline<br \/>\n-Sisu: 1 paar musta v\u00e4rvi ja 1 paar roosat v\u00e4rvi (2 paari x 2 erinevat v\u00e4rvi)[\/vc_column_text][\/vc_column][\/vc_row]<\/p>\n<\/div>","protected":false},"excerpt":{"rendered":"<p>See on teie jaoks loodud kehakaunistuste kollektsioon, mis paneb teid tundma vastupandamatuna ja sensuaalselt.<\/p>\n","protected":false},"featured_media":91384,"template":"","meta":[],"product_brand":[4239],"product_cat":[4013,1489],"product_tag":[3776,3013,3014],"class_list":{"0":"post-91382","1":"product","2":"type-product","3":"status-publish","4":"has-post-thumbnail","6":"product_brand-secret-play-et","7":"product_cat-aksessuaarid-et","8":"product_cat-pesu","9":"product_tag-kaetud","10":"product_tag-secret-play-et","11":"product_tag-secretplay-et","12":"pa_brand-secret-play-et","14":"first","15":"instock","16":"taxable","17":"shipping-taxable","18":"purchasable","19":"product-type-simple"},"yoast_head":"<!-- This site is optimized with the Yoast SEO plugin v27.3 - https:\/\/yoast.com\/product\/yoast-seo-wordpress\/ -->\n<title>Wow Boobs! Ristikujulised nibukatted | Lust and Love<\/title>\n<meta name=\"description\" content=\"See on teie jaoks loodud nibukatete kollektsioon, mis paneb teid tundma vastupandamatuna ja sensuaalselt.\" \/>\n<meta name=\"robots\" content=\"index,follow,max-snippet:-1,max-image-preview:large,max-video-preview:-1\" \/>\n<link rel=\"canonical\" href=\"https:\/\/lustandlove.eu\/et\/toode\/wow-boobs-ristikujulised-nibukatted\/\" \/>\n<meta name=\"twitter:card\" content=\"summary_large_image\" \/>\n<meta name=\"twitter:title\" content=\"Wow Boobs! Ristikujulised nibukatted | Lust and Love\" \/>\n<meta name=\"twitter:description\" content=\"See on teie jaoks loodud nibukatete kollektsioon, mis paneb teid tundma vastupandamatuna ja sensuaalselt.\" \/>\n<meta name=\"twitter:image\" content=\"https:\/\/lustandlove.eu\/wp-content\/uploads\/image-3-11.jpg\" \/>\n<meta name=\"twitter:label1\" content=\"Est. reading time\" \/>\n\t<meta name=\"twitter:data1\" content=\"1 minut\" \/>\n<script type=\"application\/ld+json\" class=\"yoast-schema-graph\">{\"@context\":\"https:\\\/\\\/schema.org\",\"@graph\":[{\"@type\":[\"WebPage\",\"ItemPage\"],\"@id\":\"https:\\\/\\\/lustandlove.eu\\\/et\\\/toode\\\/wow-boobs-ristikujulised-nibukatted\\\/\",\"url\":\"https:\\\/\\\/lustandlove.eu\\\/et\\\/toode\\\/wow-boobs-ristikujulised-nibukatted\\\/\",\"name\":\"Wow Boobs! Ristikujulised nibukatted | Lust and Love\",\"isPartOf\":{\"@id\":\"https:\\\/\\\/lustandlove.eu\\\/et\\\/#website\"},\"primaryImageOfPage\":{\"@id\":\"https:\\\/\\\/lustandlove.eu\\\/et\\\/toode\\\/wow-boobs-ristikujulised-nibukatted\\\/#primaryimage\"},\"image\":{\"@id\":\"https:\\\/\\\/lustandlove.eu\\\/et\\\/toode\\\/wow-boobs-ristikujulised-nibukatted\\\/#primaryimage\"},\"thumbnailUrl\":\"https:\\\/\\\/lustandlove.eu\\\/wp-content\\\/uploads\\\/image-3-11.jpg\",\"datePublished\":\"2024-07-26T06:25:54+00:00\",\"dateModified\":\"2026-04-13T07:27:01+00:00\",\"description\":\"See on teie jaoks loodud nibukatete kollektsioon, mis paneb teid tundma vastupandamatuna ja sensuaalselt.\",\"breadcrumb\":{\"@id\":\"https:\\\/\\\/lustandlove.eu\\\/et\\\/toode\\\/wow-boobs-ristikujulised-nibukatted\\\/#breadcrumb\"},\"inLanguage\":\"et\",\"potentialAction\":[{\"@type\":\"ReadAction\",\"target\":[\"https:\\\/\\\/lustandlove.eu\\\/et\\\/toode\\\/wow-boobs-ristikujulised-nibukatted\\\/\"]}]},{\"@type\":\"ImageObject\",\"inLanguage\":\"et\",\"@id\":\"https:\\\/\\\/lustandlove.eu\\\/et\\\/toode\\\/wow-boobs-ristikujulised-nibukatted\\\/#primaryimage\",\"url\":\"https:\\\/\\\/lustandlove.eu\\\/wp-content\\\/uploads\\\/image-3-11.jpg\",\"contentUrl\":\"https:\\\/\\\/lustandlove.eu\\\/wp-content\\\/uploads\\\/image-3-11.jpg\",\"width\":1024,\"height\":1024},{\"@type\":\"BreadcrumbList\",\"@id\":\"https:\\\/\\\/lustandlove.eu\\\/et\\\/toode\\\/wow-boobs-ristikujulised-nibukatted\\\/#breadcrumb\",\"itemListElement\":[{\"@type\":\"ListItem\",\"position\":1,\"name\":\"Lust and Love\",\"item\":\"https:\\\/\\\/lustandlove.eu\\\/et\\\/\"},{\"@type\":\"ListItem\",\"position\":2,\"name\":\"Pood\",\"item\":\"https:\\\/\\\/lustandlove.eu\\\/et\\\/pood\\\/\"},{\"@type\":\"ListItem\",\"position\":3,\"name\":\"Pesu\",\"item\":\"https:\\\/\\\/lustandlove.eu\\\/et\\\/pood\\\/pesu\\\/\"},{\"@type\":\"ListItem\",\"position\":4,\"name\":\"Aksessuaarid\",\"item\":\"https:\\\/\\\/lustandlove.eu\\\/et\\\/pood\\\/pesu\\\/aksessuaarid-et\\\/\"},{\"@type\":\"ListItem\",\"position\":5,\"name\":\"Wow Boobs! Ristikujulised nibukatted\"}]},{\"@type\":\"WebSite\",\"@id\":\"https:\\\/\\\/lustandlove.eu\\\/et\\\/#website\",\"url\":\"https:\\\/\\\/lustandlove.eu\\\/et\\\/\",\"name\":\"Lust &amp; Love\",\"description\":\"Online erootikapood tervise, ilu ja armastuse jaoks\",\"publisher\":{\"@id\":\"https:\\\/\\\/lustandlove.eu\\\/et\\\/#organization\"},\"potentialAction\":[{\"@type\":\"SearchAction\",\"target\":{\"@type\":\"EntryPoint\",\"urlTemplate\":\"https:\\\/\\\/lustandlove.eu\\\/et\\\/?s={search_term_string}\"},\"query-input\":{\"@type\":\"PropertyValueSpecification\",\"valueRequired\":true,\"valueName\":\"search_term_string\"}}],\"inLanguage\":\"et\"},{\"@type\":\"Organization\",\"@id\":\"https:\\\/\\\/lustandlove.eu\\\/et\\\/#organization\",\"name\":\"Bioconcept Baltics O\u00dc\",\"url\":\"https:\\\/\\\/lustandlove.eu\\\/et\\\/\",\"logo\":{\"@type\":\"ImageObject\",\"inLanguage\":\"et\",\"@id\":\"https:\\\/\\\/lustandlove.eu\\\/et\\\/#\\\/schema\\\/logo\\\/image\\\/\",\"url\":\"\",\"contentUrl\":\"\",\"caption\":\"Bioconcept Baltics O\u00dc\"},\"image\":{\"@id\":\"https:\\\/\\\/lustandlove.eu\\\/et\\\/#\\\/schema\\\/logo\\\/image\\\/\"},\"sameAs\":[\"https:\\\/\\\/www.facebook.com\\\/LustandLoveEU\\\/\",\"https:\\\/\\\/www.instagram.com\\\/lustandloveeu\\\/\"]}]}<\/script>\n<!-- \/ Yoast SEO plugin. -->","yoast_head_json":{"title":"Wow Boobs! Ristikujulised nibukatted | Lust and Love","description":"See on teie jaoks loodud nibukatete kollektsioon, mis paneb teid tundma vastupandamatuna ja sensuaalselt.","robots":{"index,follow,max-snippet":"index,follow,max-snippet:-1,max-image-preview:large,max-video-preview:-1"},"canonical":"https:\/\/lustandlove.eu\/et\/toode\/wow-boobs-ristikujulised-nibukatted\/","twitter_card":"summary_large_image","twitter_title":"Wow Boobs! Ristikujulised nibukatted | Lust and Love","twitter_description":"See on teie jaoks loodud nibukatete kollektsioon, mis paneb teid tundma vastupandamatuna ja sensuaalselt.","twitter_image":"https:\/\/lustandlove.eu\/wp-content\/uploads\/image-3-11.jpg","twitter_misc":{"Est. reading time":"1 minut"},"schema":{"@context":"https:\/\/schema.org","@graph":[{"@type":["WebPage","ItemPage"],"@id":"https:\/\/lustandlove.eu\/et\/toode\/wow-boobs-ristikujulised-nibukatted\/","url":"https:\/\/lustandlove.eu\/et\/toode\/wow-boobs-ristikujulised-nibukatted\/","name":"Wow Boobs! Ristikujulised nibukatted | Lust and Love","isPartOf":{"@id":"https:\/\/lustandlove.eu\/et\/#website"},"primaryImageOfPage":{"@id":"https:\/\/lustandlove.eu\/et\/toode\/wow-boobs-ristikujulised-nibukatted\/#primaryimage"},"image":{"@id":"https:\/\/lustandlove.eu\/et\/toode\/wow-boobs-ristikujulised-nibukatted\/#primaryimage"},"thumbnailUrl":"https:\/\/lustandlove.eu\/wp-content\/uploads\/image-3-11.jpg","datePublished":"2024-07-26T06:25:54+00:00","dateModified":"2026-04-13T07:27:01+00:00","description":"See on teie jaoks loodud nibukatete kollektsioon, mis paneb teid tundma vastupandamatuna ja sensuaalselt.","breadcrumb":{"@id":"https:\/\/lustandlove.eu\/et\/toode\/wow-boobs-ristikujulised-nibukatted\/#breadcrumb"},"inLanguage":"et","potentialAction":[{"@type":"ReadAction","target":["https:\/\/lustandlove.eu\/et\/toode\/wow-boobs-ristikujulised-nibukatted\/"]}]},{"@type":"ImageObject","inLanguage":"et","@id":"https:\/\/lustandlove.eu\/et\/toode\/wow-boobs-ristikujulised-nibukatted\/#primaryimage","url":"https:\/\/lustandlove.eu\/wp-content\/uploads\/image-3-11.jpg","contentUrl":"https:\/\/lustandlove.eu\/wp-content\/uploads\/image-3-11.jpg","width":1024,"height":1024},{"@type":"BreadcrumbList","@id":"https:\/\/lustandlove.eu\/et\/toode\/wow-boobs-ristikujulised-nibukatted\/#breadcrumb","itemListElement":[{"@type":"ListItem","position":1,"name":"Lust and Love","item":"https:\/\/lustandlove.eu\/et\/"},{"@type":"ListItem","position":2,"name":"Pood","item":"https:\/\/lustandlove.eu\/et\/pood\/"},{"@type":"ListItem","position":3,"name":"Pesu","item":"https:\/\/lustandlove.eu\/et\/pood\/pesu\/"},{"@type":"ListItem","position":4,"name":"Aksessuaarid","item":"https:\/\/lustandlove.eu\/et\/pood\/pesu\/aksessuaarid-et\/"},{"@type":"ListItem","position":5,"name":"Wow Boobs! Ristikujulised nibukatted"}]},{"@type":"WebSite","@id":"https:\/\/lustandlove.eu\/et\/#website","url":"https:\/\/lustandlove.eu\/et\/","name":"Lust &amp; Love","description":"Online erootikapood tervise, ilu ja armastuse jaoks","publisher":{"@id":"https:\/\/lustandlove.eu\/et\/#organization"},"potentialAction":[{"@type":"SearchAction","target":{"@type":"EntryPoint","urlTemplate":"https:\/\/lustandlove.eu\/et\/?s={search_term_string}"},"query-input":{"@type":"PropertyValueSpecification","valueRequired":true,"valueName":"search_term_string"}}],"inLanguage":"et"},{"@type":"Organization","@id":"https:\/\/lustandlove.eu\/et\/#organization","name":"Bioconcept Baltics O\u00dc","url":"https:\/\/lustandlove.eu\/et\/","logo":{"@type":"ImageObject","inLanguage":"et","@id":"https:\/\/lustandlove.eu\/et\/#\/schema\/logo\/image\/","url":"","contentUrl":"","caption":"Bioconcept Baltics O\u00dc"},"image":{"@id":"https:\/\/lustandlove.eu\/et\/#\/schema\/logo\/image\/"},"sameAs":["https:\/\/www.facebook.com\/LustandLoveEU\/","https:\/\/www.instagram.com\/lustandloveeu\/"]}]}},"_links":{"self":[{"href":"https:\/\/lustandlove.eu\/et\/wp-json\/wp\/v2\/product\/91382","targetHints":{"allow":["GET"]}}],"collection":[{"href":"https:\/\/lustandlove.eu\/et\/wp-json\/wp\/v2\/product"}],"about":[{"href":"https:\/\/lustandlove.eu\/et\/wp-json\/wp\/v2\/types\/product"}],"wp:featuredmedia":[{"embeddable":true,"href":"https:\/\/lustandlove.eu\/et\/wp-json\/wp\/v2\/media\/91384"}],"wp:attachment":[{"href":"https:\/\/lustandlove.eu\/et\/wp-json\/wp\/v2\/media?parent=91382"}],"wp:term":[{"taxonomy":"product_brand","embeddable":true,"href":"https:\/\/lustandlove.eu\/et\/wp-json\/wp\/v2\/product_brand?post=91382"},{"taxonomy":"product_cat","embeddable":true,"href":"https:\/\/lustandlove.eu\/et\/wp-json\/wp\/v2\/product_cat?post=91382"},{"taxonomy":"product_tag","embeddable":true,"href":"https:\/\/lustandlove.eu\/et\/wp-json\/wp\/v2\/product_tag?post=91382"}],"curies":[{"name":"wp","href":"https:\/\/api.w.org\/{rel}","templated":true}]}}