{"id":91521,"date":"2024-08-15T11:18:43","date_gmt":"2024-08-15T08:18:46","guid":{"rendered":"https:\/\/www.lustandlove.eu\/?post_type=product&#038;p=91521"},"modified":"2026-04-13T10:26:59","modified_gmt":"2026-04-13T07:26:59","slug":"union-1-0","status":"publish","type":"product","link":"https:\/\/lustandlove.eu\/et\/toode\/union-1-0\/","title":{"rendered":"Union 1.0"},"content":{"rendered":"<div class=\"wpb-content-wrapper\"><p>[vc_row][vc_column][vc_column_text css=&#8221;&#8221; woodmart_inline=&#8221;no&#8221; text_larger=&#8221;no&#8221;]T\u00e4nu uuenduslikule kahekordselt painutatavale konstruktsioonile toob see silikoonist topelt dildo teid ja teie partnerit \u00fcksteisele l\u00e4hemale kui kunagi varem. See on disainitud painduma kahest kohast &#8211; nii varrest kui ka sisestatavast otsast, hoides vaevata teie lemmikpositsioone, v\u00f5imaldades teie fantaasiatel katkematult avalduda. Paigale lukustatuna vabastab see mitmek\u00fclgne m\u00e4nguasi teie k\u00e4ed avastamiseks: j\u00e4lgige oma partneri selja kumerust, hellitage tema reisi v\u00f5i silitage tema juukseid, nautides koos igat intiimset hetke.<\/p>\n<p>See, mis teeb selle topeltdildo t\u00f5eliselt eriliseks on selle detailselt l\u00e4bim\u00f5eldud omadused, mis rikastavad teie \u00fchist kogemust. Sisestatava pirni juures on tekstuuriline k\u00f5rgendik mis hellitab teie igat liigutust, samal ajal kui siidine vars libiseb vaevata, paindudes koos teie liikumistega, et luua sujuv \u00fchine kogemus.<\/p>\n<p>Union ei j\u00e4\u00e4 lihtsalt paigale \u2013 see t\u00f6\u00f6tab koos sinuga. Sisestatav pirn kinnitub kindlalt paigale t\u00e4nu vaagnap\u00f5hjalihastele, nii et saad end t\u00e4ielikult hetke naudingusse kaotada. Soovi korral sobib Union kasutamiseks ka strap-on rakmetega. Ja kuna nauding on parim siis, kui see on muretu, on Union valmistatud siidisest, 100% meditsiinilise kvaliteediga silikoonist, mis ei sisalda ftalaate, lateksi, parabeene ega l\u00f5hnaaineid. Niisiis, anna minna \u2013 murra reegleid ja lase Unionil viia sind uutesse k\u00f5rgustesse.<\/p>\n<p>Union topelt dildo on saadaval ka vibreerival kujul, <a href=\"https:\/\/lustandlove.eu\/et\/toode\/union-2-0-vibreeriv\/\">Union 2.0<\/a>. V\u00e4limuselt ja suuruselt t\u00e4pselt sama hea, kuid varre ja pirni sisse on peidetud vibreerivad mootorid, mis lisavad elamusele veelgi enam kaasa.[\/vc_column_text][vc_column_text css=&#8221;&#8221; woodmart_inline=&#8221;no&#8221; text_larger=&#8221;no&#8221;]<\/p>\n<table class=\"size-popup__table\" style=\"height: 194px;\" width=\"542\">\n<thead class=\"size-popup__thead\">\n<tr class=\"size-popup__thead-tr\">\n<th class=\"size-popup__thead-th\">Nimi<\/th>\n<th class=\"size-popup__thead-th size-popup__thead-th--center\">Sisestatav<\/th>\n<th class=\"size-popup__thead-th size-popup__thead-th--center\">Diameeter<\/th>\n<th class=\"size-popup__thead-th size-popup__thead-th--center\">S\u00f5rmed<\/th>\n<\/tr>\n<\/thead>\n<tbody>\n<tr class=\"size-popup__tbody-tr\">\n<td class=\"size-popup__tbody-td\">UNION V\u00e4ike<\/td>\n<td class=\"size-popup__tbody-td size-popup__tbody-td--center\">14cm<\/td>\n<td class=\"size-popup__tbody-td size-popup__tbody-td--center\">\n<div>2.8cm<\/div>\n<div>Pirn: 3.6cm<\/div>\n<\/td>\n<td class=\"size-popup__tbody-td size-popup__tbody-td--center\">2<\/td>\n<\/tr>\n<tr class=\"size-popup__tbody-tr\">\n<td class=\"size-popup__tbody-td\">UNION Keskmine<\/td>\n<td class=\"size-popup__tbody-td size-popup__tbody-td--center\">15cm<\/td>\n<td class=\"size-popup__tbody-td size-popup__tbody-td--center\">\n<div>3.5cm<\/div>\n<div>Pirn: 3.6cm<\/div>\n<\/td>\n<td class=\"size-popup__tbody-td size-popup__tbody-td--center\">3<\/td>\n<\/tr>\n<tr class=\"size-popup__tbody-tr\">\n<td class=\"size-popup__tbody-td\">UNION Suur<\/td>\n<td class=\"size-popup__tbody-td size-popup__tbody-td--center\">15.7cm<\/td>\n<td class=\"size-popup__tbody-td size-popup__tbody-td--center\">\n<div>4cm<\/div>\n<div>Pirn: 3.6cm<\/div>\n<\/td>\n<td class=\"size-popup__tbody-td size-popup__tbody-td--center\">4<\/td>\n<\/tr>\n<\/tbody>\n<\/table>\n<p>[\/vc_column_text][\/vc_column][\/vc_row]<\/p>\n<\/div>","protected":false},"excerpt":{"rendered":"<p>Kogege \u00fclimat jagatud naudingut Wet For Her Unioni 1.0 topelt dildoga. See kahe otsaga m\u00e4nguasi on loodud selleks, et suurendada teie vahelist intiimsust. Topelt dildo on painutatav kahest kohas, varre ja pirni juurest. See p\u00fcsib soovitud asendis t\u00e4nu oma painduvale, kuid puudutamisel pehmele sisemisele s\u00fcdamikule, muutes selle ideaalseks igasuguste l\u00f5busate positsioonide jaoks.<\/p>\n","protected":false},"featured_media":91541,"template":"","meta":[],"product_brand":[4246],"product_cat":[1485,1496,1484,4066,1499],"product_tag":[],"class_list":{"0":"post-91521","1":"product","2":"type-product","3":"status-publish","4":"has-post-thumbnail","6":"product_brand-wet-for-her-et","7":"product_cat-dildod","8":"product_cat-lgbtq-et","9":"product_cat-sekslelud","10":"product_cat-strap-on-et","11":"product_cat-strap-on-dildod","12":"pa_brand-wet-for-her-et","14":"first","15":"instock","16":"taxable","17":"shipping-taxable","18":"purchasable","19":"product-type-variable"},"yoast_head":"<!-- This site is optimized with the Yoast SEO plugin v27.3 - https:\/\/yoast.com\/product\/yoast-seo-wordpress\/ -->\n<title>Union 1.0 | Lust&amp;Love Sex Shop<\/title>\n<meta name=\"description\" content=\"Ikooniline Double Dildo on pumbatud! Lisasime kahekordseks naudinguks 2 mootorit nii kandjale kui vastuv\u00f5tjale. Kogege transorgasmilist armatsemist.\" \/>\n<meta name=\"robots\" content=\"index,follow,max-snippet:-1,max-image-preview:large,max-video-preview:-1\" \/>\n<link rel=\"canonical\" href=\"https:\/\/lustandlove.eu\/et\/toode\/union-1-0\/\" \/>\n<meta name=\"twitter:card\" content=\"summary_large_image\" \/>\n<meta name=\"twitter:title\" content=\"Union 1.0 | Lust&amp;Love Sex Shop\" \/>\n<meta name=\"twitter:description\" content=\"Ikooniline Double Dildo on pumbatud! Lisasime kahekordseks naudinguks 2 mootorit nii kandjale kui vastuv\u00f5tjale. Kogege transorgasmilist armatsemist.\" \/>\n<meta name=\"twitter:image\" content=\"https:\/\/lustandlove.eu\/wp-content\/uploads\/union_black_m_1_3_1.png\" \/>\n<meta name=\"twitter:label1\" content=\"Est. reading time\" \/>\n\t<meta name=\"twitter:data1\" content=\"1 minut\" \/>\n<script type=\"application\/ld+json\" class=\"yoast-schema-graph\">{\"@context\":\"https:\\\/\\\/schema.org\",\"@graph\":[{\"@type\":[\"WebPage\",\"ItemPage\"],\"@id\":\"https:\\\/\\\/lustandlove.eu\\\/et\\\/toode\\\/union-1-0\\\/\",\"url\":\"https:\\\/\\\/lustandlove.eu\\\/et\\\/toode\\\/union-1-0\\\/\",\"name\":\"Union 1.0 | Lust&Love Sex Shop\",\"isPartOf\":{\"@id\":\"https:\\\/\\\/lustandlove.eu\\\/et\\\/#website\"},\"primaryImageOfPage\":{\"@id\":\"https:\\\/\\\/lustandlove.eu\\\/et\\\/toode\\\/union-1-0\\\/#primaryimage\"},\"image\":{\"@id\":\"https:\\\/\\\/lustandlove.eu\\\/et\\\/toode\\\/union-1-0\\\/#primaryimage\"},\"thumbnailUrl\":\"https:\\\/\\\/lustandlove.eu\\\/wp-content\\\/uploads\\\/union_black_m_1_3_1.png\",\"datePublished\":\"2024-08-15T08:18:46+00:00\",\"dateModified\":\"2026-04-13T07:26:59+00:00\",\"description\":\"Ikooniline Double Dildo on pumbatud! Lisasime kahekordseks naudinguks 2 mootorit nii kandjale kui vastuv\u00f5tjale. Kogege transorgasmilist armatsemist.\",\"breadcrumb\":{\"@id\":\"https:\\\/\\\/lustandlove.eu\\\/et\\\/toode\\\/union-1-0\\\/#breadcrumb\"},\"inLanguage\":\"et\",\"potentialAction\":[{\"@type\":\"ReadAction\",\"target\":[\"https:\\\/\\\/lustandlove.eu\\\/et\\\/toode\\\/union-1-0\\\/\"]}]},{\"@type\":\"ImageObject\",\"inLanguage\":\"et\",\"@id\":\"https:\\\/\\\/lustandlove.eu\\\/et\\\/toode\\\/union-1-0\\\/#primaryimage\",\"url\":\"https:\\\/\\\/lustandlove.eu\\\/wp-content\\\/uploads\\\/union_black_m_1_3_1.png\",\"contentUrl\":\"https:\\\/\\\/lustandlove.eu\\\/wp-content\\\/uploads\\\/union_black_m_1_3_1.png\",\"width\":1115,\"height\":1115},{\"@type\":\"BreadcrumbList\",\"@id\":\"https:\\\/\\\/lustandlove.eu\\\/et\\\/toode\\\/union-1-0\\\/#breadcrumb\",\"itemListElement\":[{\"@type\":\"ListItem\",\"position\":1,\"name\":\"Lust and Love\",\"item\":\"https:\\\/\\\/lustandlove.eu\\\/et\\\/\"},{\"@type\":\"ListItem\",\"position\":2,\"name\":\"Pood\",\"item\":\"https:\\\/\\\/lustandlove.eu\\\/et\\\/pood\\\/\"},{\"@type\":\"ListItem\",\"position\":3,\"name\":\"Sekslelud\",\"item\":\"https:\\\/\\\/lustandlove.eu\\\/et\\\/pood\\\/sekslelud\\\/\"},{\"@type\":\"ListItem\",\"position\":4,\"name\":\"LGBTQ\",\"item\":\"https:\\\/\\\/lustandlove.eu\\\/et\\\/pood\\\/sekslelud\\\/lgbtq-et\\\/\"},{\"@type\":\"ListItem\",\"position\":5,\"name\":\"Union 1.0\"}]},{\"@type\":\"WebSite\",\"@id\":\"https:\\\/\\\/lustandlove.eu\\\/et\\\/#website\",\"url\":\"https:\\\/\\\/lustandlove.eu\\\/et\\\/\",\"name\":\"Lust &amp; Love\",\"description\":\"Online erootikapood tervise, ilu ja armastuse jaoks\",\"publisher\":{\"@id\":\"https:\\\/\\\/lustandlove.eu\\\/et\\\/#organization\"},\"potentialAction\":[{\"@type\":\"SearchAction\",\"target\":{\"@type\":\"EntryPoint\",\"urlTemplate\":\"https:\\\/\\\/lustandlove.eu\\\/et\\\/?s={search_term_string}\"},\"query-input\":{\"@type\":\"PropertyValueSpecification\",\"valueRequired\":true,\"valueName\":\"search_term_string\"}}],\"inLanguage\":\"et\"},{\"@type\":\"Organization\",\"@id\":\"https:\\\/\\\/lustandlove.eu\\\/et\\\/#organization\",\"name\":\"Bioconcept Baltics O\u00dc\",\"url\":\"https:\\\/\\\/lustandlove.eu\\\/et\\\/\",\"logo\":{\"@type\":\"ImageObject\",\"inLanguage\":\"et\",\"@id\":\"https:\\\/\\\/lustandlove.eu\\\/et\\\/#\\\/schema\\\/logo\\\/image\\\/\",\"url\":\"\",\"contentUrl\":\"\",\"caption\":\"Bioconcept Baltics O\u00dc\"},\"image\":{\"@id\":\"https:\\\/\\\/lustandlove.eu\\\/et\\\/#\\\/schema\\\/logo\\\/image\\\/\"},\"sameAs\":[\"https:\\\/\\\/www.facebook.com\\\/LustandLoveEU\\\/\",\"https:\\\/\\\/www.instagram.com\\\/lustandloveeu\\\/\"]}]}<\/script>\n<!-- \/ Yoast SEO plugin. -->","yoast_head_json":{"title":"Union 1.0 | Lust&Love Sex Shop","description":"Ikooniline Double Dildo on pumbatud! Lisasime kahekordseks naudinguks 2 mootorit nii kandjale kui vastuv\u00f5tjale. Kogege transorgasmilist armatsemist.","robots":{"index,follow,max-snippet":"index,follow,max-snippet:-1,max-image-preview:large,max-video-preview:-1"},"canonical":"https:\/\/lustandlove.eu\/et\/toode\/union-1-0\/","twitter_card":"summary_large_image","twitter_title":"Union 1.0 | Lust&Love Sex Shop","twitter_description":"Ikooniline Double Dildo on pumbatud! Lisasime kahekordseks naudinguks 2 mootorit nii kandjale kui vastuv\u00f5tjale. Kogege transorgasmilist armatsemist.","twitter_image":"https:\/\/lustandlove.eu\/wp-content\/uploads\/union_black_m_1_3_1.png","twitter_misc":{"Est. reading time":"1 minut"},"schema":{"@context":"https:\/\/schema.org","@graph":[{"@type":["WebPage","ItemPage"],"@id":"https:\/\/lustandlove.eu\/et\/toode\/union-1-0\/","url":"https:\/\/lustandlove.eu\/et\/toode\/union-1-0\/","name":"Union 1.0 | Lust&Love Sex Shop","isPartOf":{"@id":"https:\/\/lustandlove.eu\/et\/#website"},"primaryImageOfPage":{"@id":"https:\/\/lustandlove.eu\/et\/toode\/union-1-0\/#primaryimage"},"image":{"@id":"https:\/\/lustandlove.eu\/et\/toode\/union-1-0\/#primaryimage"},"thumbnailUrl":"https:\/\/lustandlove.eu\/wp-content\/uploads\/union_black_m_1_3_1.png","datePublished":"2024-08-15T08:18:46+00:00","dateModified":"2026-04-13T07:26:59+00:00","description":"Ikooniline Double Dildo on pumbatud! Lisasime kahekordseks naudinguks 2 mootorit nii kandjale kui vastuv\u00f5tjale. Kogege transorgasmilist armatsemist.","breadcrumb":{"@id":"https:\/\/lustandlove.eu\/et\/toode\/union-1-0\/#breadcrumb"},"inLanguage":"et","potentialAction":[{"@type":"ReadAction","target":["https:\/\/lustandlove.eu\/et\/toode\/union-1-0\/"]}]},{"@type":"ImageObject","inLanguage":"et","@id":"https:\/\/lustandlove.eu\/et\/toode\/union-1-0\/#primaryimage","url":"https:\/\/lustandlove.eu\/wp-content\/uploads\/union_black_m_1_3_1.png","contentUrl":"https:\/\/lustandlove.eu\/wp-content\/uploads\/union_black_m_1_3_1.png","width":1115,"height":1115},{"@type":"BreadcrumbList","@id":"https:\/\/lustandlove.eu\/et\/toode\/union-1-0\/#breadcrumb","itemListElement":[{"@type":"ListItem","position":1,"name":"Lust and Love","item":"https:\/\/lustandlove.eu\/et\/"},{"@type":"ListItem","position":2,"name":"Pood","item":"https:\/\/lustandlove.eu\/et\/pood\/"},{"@type":"ListItem","position":3,"name":"Sekslelud","item":"https:\/\/lustandlove.eu\/et\/pood\/sekslelud\/"},{"@type":"ListItem","position":4,"name":"LGBTQ","item":"https:\/\/lustandlove.eu\/et\/pood\/sekslelud\/lgbtq-et\/"},{"@type":"ListItem","position":5,"name":"Union 1.0"}]},{"@type":"WebSite","@id":"https:\/\/lustandlove.eu\/et\/#website","url":"https:\/\/lustandlove.eu\/et\/","name":"Lust &amp; Love","description":"Online erootikapood tervise, ilu ja armastuse jaoks","publisher":{"@id":"https:\/\/lustandlove.eu\/et\/#organization"},"potentialAction":[{"@type":"SearchAction","target":{"@type":"EntryPoint","urlTemplate":"https:\/\/lustandlove.eu\/et\/?s={search_term_string}"},"query-input":{"@type":"PropertyValueSpecification","valueRequired":true,"valueName":"search_term_string"}}],"inLanguage":"et"},{"@type":"Organization","@id":"https:\/\/lustandlove.eu\/et\/#organization","name":"Bioconcept Baltics O\u00dc","url":"https:\/\/lustandlove.eu\/et\/","logo":{"@type":"ImageObject","inLanguage":"et","@id":"https:\/\/lustandlove.eu\/et\/#\/schema\/logo\/image\/","url":"","contentUrl":"","caption":"Bioconcept Baltics O\u00dc"},"image":{"@id":"https:\/\/lustandlove.eu\/et\/#\/schema\/logo\/image\/"},"sameAs":["https:\/\/www.facebook.com\/LustandLoveEU\/","https:\/\/www.instagram.com\/lustandloveeu\/"]}]}},"_links":{"self":[{"href":"https:\/\/lustandlove.eu\/et\/wp-json\/wp\/v2\/product\/91521","targetHints":{"allow":["GET"]}}],"collection":[{"href":"https:\/\/lustandlove.eu\/et\/wp-json\/wp\/v2\/product"}],"about":[{"href":"https:\/\/lustandlove.eu\/et\/wp-json\/wp\/v2\/types\/product"}],"wp:featuredmedia":[{"embeddable":true,"href":"https:\/\/lustandlove.eu\/et\/wp-json\/wp\/v2\/media\/91541"}],"wp:attachment":[{"href":"https:\/\/lustandlove.eu\/et\/wp-json\/wp\/v2\/media?parent=91521"}],"wp:term":[{"taxonomy":"product_brand","embeddable":true,"href":"https:\/\/lustandlove.eu\/et\/wp-json\/wp\/v2\/product_brand?post=91521"},{"taxonomy":"product_cat","embeddable":true,"href":"https:\/\/lustandlove.eu\/et\/wp-json\/wp\/v2\/product_cat?post=91521"},{"taxonomy":"product_tag","embeddable":true,"href":"https:\/\/lustandlove.eu\/et\/wp-json\/wp\/v2\/product_tag?post=91521"}],"curies":[{"name":"wp","href":"https:\/\/api.w.org\/{rel}","templated":true}]}}