{"id":91653,"date":"2024-08-15T14:21:13","date_gmt":"2024-08-15T11:21:17","guid":{"rendered":"https:\/\/www.lustandlove.eu\/?post_type=product&#038;p=91653"},"modified":"2026-04-13T10:26:58","modified_gmt":"2026-04-13T07:26:58","slug":"fusion-purple-kiss","status":"publish","type":"product","link":"https:\/\/lustandlove.eu\/et\/toode\/fusion-purple-kiss\/","title":{"rendered":"Fusion Purple Kiss"},"content":{"rendered":"<div class=\"wpb-content-wrapper\"><p>[vc_row][vc_column][vc_column_text css=&#8221;&#8221; woodmart_inline=&#8221;no&#8221; text_larger=&#8221;no&#8221;]100% silikoonist valmistatud <em>strap-on<\/em> dildol on k\u00e4sitsi valatud v\u00e4rvid, mis loovad visuaalselt vapustava kogemuse. Meie tuntud <em>Pleasure Base\u2019iga<\/em>\u00a0loodud, t\u00f5otab see nii m\u00e4ngulist naudingut kui ka kliitori stimulatsiooni, muutes iga kohtumise eriliseks.<\/p>\n<p>\u00d6elge Fusionile tere! Uus ja ainulaadne strap-on sekslelu, mis on m\u00f5eldud eksklusiivselt firmalt Wet for Her lesbidele ja\u00a0<em>queer<\/em>\u00a0paaridele.<\/p>\n<p>Wet for Her usub, et m\u00f5lemad partnerid v\u00e4\u00e4rivad korraga naudingut, kui tegemist on strap-on seksiga! Fusioniga saate just seda. Fusion dildo v\u00f5imaldab teil samaaegselt naudingut pakkuda ja saada.<\/p>\n<p>Fusionil on naudingut pakkuv ergonoomiline alus, mis on loodud rakmete kandja kliitori stimuleerimiseks seksi ajal.<\/p>\n<p>Fusion on saadaval kolmes suuruses; v\u00e4ike (kahe s\u00f5rme laius), keskmine (kolme s\u00f5rme laius) ja suur (4 s\u00f5rme laius). T\u00e4psed m\u00f5\u00f5dud leiate suuruse juhendist.[\/vc_column_text][vc_column_text css=&#8221;&#8221; woodmart_inline=&#8221;no&#8221; text_larger=&#8221;no&#8221;]<\/p>\n<table class=\"size-popup__table\" style=\"height: 194px;\" width=\"542\">\n<thead class=\"size-popup__thead\">\n<tr class=\"size-popup__thead-tr\">\n<th class=\"size-popup__thead-th\">Nimi<\/th>\n<th class=\"size-popup__thead-th size-popup__thead-th--center\">Sisestatav<\/th>\n<th class=\"size-popup__thead-th size-popup__thead-th--center\">Diameeter<\/th>\n<th class=\"size-popup__thead-th size-popup__thead-th--center\">S\u00f5rmed<\/th>\n<th class=\"size-popup__thead-th size-popup__thead-th--center\">Tugevus<\/th>\n<\/tr>\n<\/thead>\n<tbody>\n<tr class=\"size-popup__tbody-tr\">\n<td class=\"size-popup__tbody-td\">Fusion V\u00e4ike<\/td>\n<td class=\"size-popup__tbody-td size-popup__tbody-td--center\">5.7&#8243; &#8211; 145mm<\/td>\n<td class=\"size-popup__tbody-td size-popup__tbody-td--center\">\n<div>1.10\u201d &#8211; 28mm<\/div>\n<\/td>\n<td class=\"size-popup__tbody-td size-popup__tbody-td--center\">2<\/td>\n<td class=\"size-popup__tbody-td size-popup__tbody-td--center\">3<\/td>\n<\/tr>\n<tr class=\"size-popup__tbody-tr\">\n<td class=\"size-popup__tbody-td\">Fusion Keskmine<\/td>\n<td class=\"size-popup__tbody-td size-popup__tbody-td--center\">5.7&#8243; &#8211; 145mm<\/td>\n<td class=\"size-popup__tbody-td size-popup__tbody-td--center\">1.37\u201d &#8211; 35mm<\/td>\n<td class=\"size-popup__tbody-td size-popup__tbody-td--center\">3<\/td>\n<td class=\"size-popup__tbody-td size-popup__tbody-td--center\">3<\/td>\n<\/tr>\n<tr class=\"size-popup__tbody-tr\">\n<td class=\"size-popup__tbody-td\">Fusion Suur<\/td>\n<td class=\"size-popup__tbody-td size-popup__tbody-td--center\">6.2&#8243; &#8211; 157mm<\/td>\n<td class=\"size-popup__tbody-td size-popup__tbody-td--center\">1.6\u201d &#8211; 40mm<\/td>\n<td class=\"size-popup__tbody-td size-popup__tbody-td--center\">4<\/td>\n<td class=\"size-popup__tbody-td size-popup__tbody-td--center\">3<\/td>\n<\/tr>\n<\/tbody>\n<\/table>\n<p>[\/vc_column_text][\/vc_column][\/vc_row]<\/p>\n<\/div>","protected":false},"excerpt":{"rendered":"<p>Koge Purple Kiss diloga koos uskumatuid m\u00f5nusid, ja lase s\u00fcgavatel toonidel ennast \u00fcllatada.<\/p>\n","protected":false},"featured_media":91677,"template":"","meta":[],"product_brand":[4246],"product_cat":[1485,1496,1484,4066,1499],"product_tag":[],"class_list":{"0":"post-91653","1":"product","2":"type-product","3":"status-publish","4":"has-post-thumbnail","6":"product_brand-wet-for-her-et","7":"product_cat-dildod","8":"product_cat-lgbtq-et","9":"product_cat-sekslelud","10":"product_cat-strap-on-et","11":"product_cat-strap-on-dildod","12":"pa_brand-wet-for-her-et","14":"first","15":"instock","16":"taxable","17":"shipping-taxable","18":"purchasable","19":"product-type-variable"},"yoast_head":"<!-- This site is optimized with the Yoast SEO plugin v27.3 - https:\/\/yoast.com\/product\/yoast-seo-wordpress\/ -->\n<title>Fusion Purple Kiss | Lust&amp;Love Sex Shop<\/title>\n<meta name=\"description\" content=\"Orgasmiline Fusion on saanud vibreeriva uuenduse. Perfektne strap-on m\u00e4ngude jaoks koos ergonoomilise, vibreeriva baasiga!\" \/>\n<meta name=\"robots\" content=\"index,follow,max-snippet:-1,max-image-preview:large,max-video-preview:-1\" \/>\n<link rel=\"canonical\" href=\"https:\/\/lustandlove.eu\/et\/toode\/fusion-purple-kiss\/\" \/>\n<meta name=\"twitter:card\" content=\"summary_large_image\" \/>\n<meta name=\"twitter:title\" content=\"Fusion Purple Kiss | Lust&amp;Love Sex Shop\" \/>\n<meta name=\"twitter:description\" content=\"Orgasmiline Fusion on saanud vibreeriva uuenduse. Perfektne strap-on m\u00e4ngude jaoks koos ergonoomilise, vibreeriva baasiga!\" \/>\n<meta name=\"twitter:image\" content=\"https:\/\/lustandlove.eu\/wp-content\/uploads\/purple-kiss-main.png\" \/>\n<meta name=\"twitter:label1\" content=\"Est. reading time\" \/>\n\t<meta name=\"twitter:data1\" content=\"1 minut\" \/>\n<script type=\"application\/ld+json\" class=\"yoast-schema-graph\">{\"@context\":\"https:\\\/\\\/schema.org\",\"@graph\":[{\"@type\":[\"WebPage\",\"ItemPage\"],\"@id\":\"https:\\\/\\\/lustandlove.eu\\\/et\\\/toode\\\/fusion-purple-kiss\\\/\",\"url\":\"https:\\\/\\\/lustandlove.eu\\\/et\\\/toode\\\/fusion-purple-kiss\\\/\",\"name\":\"Fusion Purple Kiss | Lust&Love Sex Shop\",\"isPartOf\":{\"@id\":\"https:\\\/\\\/lustandlove.eu\\\/et\\\/#website\"},\"primaryImageOfPage\":{\"@id\":\"https:\\\/\\\/lustandlove.eu\\\/et\\\/toode\\\/fusion-purple-kiss\\\/#primaryimage\"},\"image\":{\"@id\":\"https:\\\/\\\/lustandlove.eu\\\/et\\\/toode\\\/fusion-purple-kiss\\\/#primaryimage\"},\"thumbnailUrl\":\"https:\\\/\\\/lustandlove.eu\\\/wp-content\\\/uploads\\\/purple-kiss-main.png\",\"datePublished\":\"2024-08-15T11:21:17+00:00\",\"dateModified\":\"2026-04-13T07:26:58+00:00\",\"description\":\"Orgasmiline Fusion on saanud vibreeriva uuenduse. Perfektne strap-on m\u00e4ngude jaoks koos ergonoomilise, vibreeriva baasiga!\",\"breadcrumb\":{\"@id\":\"https:\\\/\\\/lustandlove.eu\\\/et\\\/toode\\\/fusion-purple-kiss\\\/#breadcrumb\"},\"inLanguage\":\"et\",\"potentialAction\":[{\"@type\":\"ReadAction\",\"target\":[\"https:\\\/\\\/lustandlove.eu\\\/et\\\/toode\\\/fusion-purple-kiss\\\/\"]}]},{\"@type\":\"ImageObject\",\"inLanguage\":\"et\",\"@id\":\"https:\\\/\\\/lustandlove.eu\\\/et\\\/toode\\\/fusion-purple-kiss\\\/#primaryimage\",\"url\":\"https:\\\/\\\/lustandlove.eu\\\/wp-content\\\/uploads\\\/purple-kiss-main.png\",\"contentUrl\":\"https:\\\/\\\/lustandlove.eu\\\/wp-content\\\/uploads\\\/purple-kiss-main.png\",\"width\":1200,\"height\":1200},{\"@type\":\"BreadcrumbList\",\"@id\":\"https:\\\/\\\/lustandlove.eu\\\/et\\\/toode\\\/fusion-purple-kiss\\\/#breadcrumb\",\"itemListElement\":[{\"@type\":\"ListItem\",\"position\":1,\"name\":\"Lust and Love\",\"item\":\"https:\\\/\\\/lustandlove.eu\\\/et\\\/\"},{\"@type\":\"ListItem\",\"position\":2,\"name\":\"Pood\",\"item\":\"https:\\\/\\\/lustandlove.eu\\\/et\\\/pood\\\/\"},{\"@type\":\"ListItem\",\"position\":3,\"name\":\"Sekslelud\",\"item\":\"https:\\\/\\\/lustandlove.eu\\\/et\\\/pood\\\/sekslelud\\\/\"},{\"@type\":\"ListItem\",\"position\":4,\"name\":\"LGBTQ\",\"item\":\"https:\\\/\\\/lustandlove.eu\\\/et\\\/pood\\\/sekslelud\\\/lgbtq-et\\\/\"},{\"@type\":\"ListItem\",\"position\":5,\"name\":\"Fusion Purple Kiss\"}]},{\"@type\":\"WebSite\",\"@id\":\"https:\\\/\\\/lustandlove.eu\\\/et\\\/#website\",\"url\":\"https:\\\/\\\/lustandlove.eu\\\/et\\\/\",\"name\":\"Lust &amp; Love\",\"description\":\"Online erootikapood tervise, ilu ja armastuse jaoks\",\"publisher\":{\"@id\":\"https:\\\/\\\/lustandlove.eu\\\/et\\\/#organization\"},\"potentialAction\":[{\"@type\":\"SearchAction\",\"target\":{\"@type\":\"EntryPoint\",\"urlTemplate\":\"https:\\\/\\\/lustandlove.eu\\\/et\\\/?s={search_term_string}\"},\"query-input\":{\"@type\":\"PropertyValueSpecification\",\"valueRequired\":true,\"valueName\":\"search_term_string\"}}],\"inLanguage\":\"et\"},{\"@type\":\"Organization\",\"@id\":\"https:\\\/\\\/lustandlove.eu\\\/et\\\/#organization\",\"name\":\"Bioconcept Baltics O\u00dc\",\"url\":\"https:\\\/\\\/lustandlove.eu\\\/et\\\/\",\"logo\":{\"@type\":\"ImageObject\",\"inLanguage\":\"et\",\"@id\":\"https:\\\/\\\/lustandlove.eu\\\/et\\\/#\\\/schema\\\/logo\\\/image\\\/\",\"url\":\"\",\"contentUrl\":\"\",\"caption\":\"Bioconcept Baltics O\u00dc\"},\"image\":{\"@id\":\"https:\\\/\\\/lustandlove.eu\\\/et\\\/#\\\/schema\\\/logo\\\/image\\\/\"},\"sameAs\":[\"https:\\\/\\\/www.facebook.com\\\/LustandLoveEU\\\/\",\"https:\\\/\\\/www.instagram.com\\\/lustandloveeu\\\/\"]}]}<\/script>\n<!-- \/ Yoast SEO plugin. -->","yoast_head_json":{"title":"Fusion Purple Kiss | Lust&Love Sex Shop","description":"Orgasmiline Fusion on saanud vibreeriva uuenduse. Perfektne strap-on m\u00e4ngude jaoks koos ergonoomilise, vibreeriva baasiga!","robots":{"index,follow,max-snippet":"index,follow,max-snippet:-1,max-image-preview:large,max-video-preview:-1"},"canonical":"https:\/\/lustandlove.eu\/et\/toode\/fusion-purple-kiss\/","twitter_card":"summary_large_image","twitter_title":"Fusion Purple Kiss | Lust&Love Sex Shop","twitter_description":"Orgasmiline Fusion on saanud vibreeriva uuenduse. Perfektne strap-on m\u00e4ngude jaoks koos ergonoomilise, vibreeriva baasiga!","twitter_image":"https:\/\/lustandlove.eu\/wp-content\/uploads\/purple-kiss-main.png","twitter_misc":{"Est. reading time":"1 minut"},"schema":{"@context":"https:\/\/schema.org","@graph":[{"@type":["WebPage","ItemPage"],"@id":"https:\/\/lustandlove.eu\/et\/toode\/fusion-purple-kiss\/","url":"https:\/\/lustandlove.eu\/et\/toode\/fusion-purple-kiss\/","name":"Fusion Purple Kiss | Lust&Love Sex Shop","isPartOf":{"@id":"https:\/\/lustandlove.eu\/et\/#website"},"primaryImageOfPage":{"@id":"https:\/\/lustandlove.eu\/et\/toode\/fusion-purple-kiss\/#primaryimage"},"image":{"@id":"https:\/\/lustandlove.eu\/et\/toode\/fusion-purple-kiss\/#primaryimage"},"thumbnailUrl":"https:\/\/lustandlove.eu\/wp-content\/uploads\/purple-kiss-main.png","datePublished":"2024-08-15T11:21:17+00:00","dateModified":"2026-04-13T07:26:58+00:00","description":"Orgasmiline Fusion on saanud vibreeriva uuenduse. Perfektne strap-on m\u00e4ngude jaoks koos ergonoomilise, vibreeriva baasiga!","breadcrumb":{"@id":"https:\/\/lustandlove.eu\/et\/toode\/fusion-purple-kiss\/#breadcrumb"},"inLanguage":"et","potentialAction":[{"@type":"ReadAction","target":["https:\/\/lustandlove.eu\/et\/toode\/fusion-purple-kiss\/"]}]},{"@type":"ImageObject","inLanguage":"et","@id":"https:\/\/lustandlove.eu\/et\/toode\/fusion-purple-kiss\/#primaryimage","url":"https:\/\/lustandlove.eu\/wp-content\/uploads\/purple-kiss-main.png","contentUrl":"https:\/\/lustandlove.eu\/wp-content\/uploads\/purple-kiss-main.png","width":1200,"height":1200},{"@type":"BreadcrumbList","@id":"https:\/\/lustandlove.eu\/et\/toode\/fusion-purple-kiss\/#breadcrumb","itemListElement":[{"@type":"ListItem","position":1,"name":"Lust and Love","item":"https:\/\/lustandlove.eu\/et\/"},{"@type":"ListItem","position":2,"name":"Pood","item":"https:\/\/lustandlove.eu\/et\/pood\/"},{"@type":"ListItem","position":3,"name":"Sekslelud","item":"https:\/\/lustandlove.eu\/et\/pood\/sekslelud\/"},{"@type":"ListItem","position":4,"name":"LGBTQ","item":"https:\/\/lustandlove.eu\/et\/pood\/sekslelud\/lgbtq-et\/"},{"@type":"ListItem","position":5,"name":"Fusion Purple Kiss"}]},{"@type":"WebSite","@id":"https:\/\/lustandlove.eu\/et\/#website","url":"https:\/\/lustandlove.eu\/et\/","name":"Lust &amp; Love","description":"Online erootikapood tervise, ilu ja armastuse jaoks","publisher":{"@id":"https:\/\/lustandlove.eu\/et\/#organization"},"potentialAction":[{"@type":"SearchAction","target":{"@type":"EntryPoint","urlTemplate":"https:\/\/lustandlove.eu\/et\/?s={search_term_string}"},"query-input":{"@type":"PropertyValueSpecification","valueRequired":true,"valueName":"search_term_string"}}],"inLanguage":"et"},{"@type":"Organization","@id":"https:\/\/lustandlove.eu\/et\/#organization","name":"Bioconcept Baltics O\u00dc","url":"https:\/\/lustandlove.eu\/et\/","logo":{"@type":"ImageObject","inLanguage":"et","@id":"https:\/\/lustandlove.eu\/et\/#\/schema\/logo\/image\/","url":"","contentUrl":"","caption":"Bioconcept Baltics O\u00dc"},"image":{"@id":"https:\/\/lustandlove.eu\/et\/#\/schema\/logo\/image\/"},"sameAs":["https:\/\/www.facebook.com\/LustandLoveEU\/","https:\/\/www.instagram.com\/lustandloveeu\/"]}]}},"_links":{"self":[{"href":"https:\/\/lustandlove.eu\/et\/wp-json\/wp\/v2\/product\/91653","targetHints":{"allow":["GET"]}}],"collection":[{"href":"https:\/\/lustandlove.eu\/et\/wp-json\/wp\/v2\/product"}],"about":[{"href":"https:\/\/lustandlove.eu\/et\/wp-json\/wp\/v2\/types\/product"}],"wp:featuredmedia":[{"embeddable":true,"href":"https:\/\/lustandlove.eu\/et\/wp-json\/wp\/v2\/media\/91677"}],"wp:attachment":[{"href":"https:\/\/lustandlove.eu\/et\/wp-json\/wp\/v2\/media?parent=91653"}],"wp:term":[{"taxonomy":"product_brand","embeddable":true,"href":"https:\/\/lustandlove.eu\/et\/wp-json\/wp\/v2\/product_brand?post=91653"},{"taxonomy":"product_cat","embeddable":true,"href":"https:\/\/lustandlove.eu\/et\/wp-json\/wp\/v2\/product_cat?post=91653"},{"taxonomy":"product_tag","embeddable":true,"href":"https:\/\/lustandlove.eu\/et\/wp-json\/wp\/v2\/product_tag?post=91653"}],"curies":[{"name":"wp","href":"https:\/\/api.w.org\/{rel}","templated":true}]}}