{"id":91719,"date":"2024-08-16T08:52:52","date_gmt":"2024-08-16T05:52:55","guid":{"rendered":"https:\/\/www.lustandlove.eu\/?post_type=product&#038;p=91719"},"modified":"2026-04-13T10:26:57","modified_gmt":"2026-04-13T07:26:57","slug":"highher-cannabis-pimedas-helendav-dildo","status":"publish","type":"product","link":"https:\/\/lustandlove.eu\/et\/toode\/highher-cannabis-pimedas-helendav-dildo\/","title":{"rendered":"HighHer Cannabis Pimedas helendav dildo"},"content":{"rendered":"<div class=\"wpb-content-wrapper\"><p>[vc_row][vc_column][vc_column_text css=&#8221;&#8221; woodmart_inline=&#8221;no&#8221; text_larger=&#8221;no&#8221;]T\u00e4iustage oma \u00f6iseid kogemusi selle lehtede disainiga pimedas helendava dildoga, lisades p\u00f5nevust ja l\u00f5busat tunnet. \u00dcksk\u00f5ik, kas naudite soolom\u00e4ngu koos tugeva iminapaga v\u00f5i jagate naudingut partneriga rakmete abil. Pimedas helendavate kanepilehtedega kaunistatud dildo julgustab avastama uusi intiimseid naudinguv\u00f5imalusi.<\/p>\n<p>M\u00f5\u00f5dud:<br \/>\nPikkus: 7&#8243;-18 cm<br \/>\nSisestatav pikkus: 5,9&#8243; &#8211; 15 cm<br \/>\nL\u00e4bim\u00f5\u00f5t: 1,38&#8243; &#8211; 3,5 cm[\/vc_column_text][\/vc_column][\/vc_row]<\/p>\n<\/div>","protected":false},"excerpt":{"rendered":"<p>Kanepilehe disaniga Pimedas helendav silikoonist dildo abil saate luua teistsuguse meeleolu, mida v\u00fcrtsitab m\u00e4nguline pimedas helendav kujundus. Valmistatud kvaliteetsest meditsiinilisest silikoonist, selle kumer kuju ja \u00fcmar pea t\u00e4idavad oskuslikult teie sisemised ihad.<\/p>\n","protected":false},"featured_media":91728,"template":"","meta":[],"product_brand":[4246],"product_cat":[1485,1496,1484,4066,1499],"product_tag":[],"class_list":{"0":"post-91719","1":"product","2":"type-product","3":"status-publish","4":"has-post-thumbnail","6":"product_brand-wet-for-her-et","7":"product_cat-dildod","8":"product_cat-lgbtq-et","9":"product_cat-sekslelud","10":"product_cat-strap-on-et","11":"product_cat-strap-on-dildod","12":"pa_brand-wet-for-her-et","14":"first","15":"instock","16":"taxable","17":"shipping-taxable","18":"purchasable","19":"product-type-simple"},"yoast_head":"<!-- This site is optimized with the Yoast SEO plugin v27.4 - https:\/\/yoast.com\/product\/yoast-seo-wordpress\/ -->\n<title>HighHer Cannabis Pimedas helendav dildo | Lust&amp;Love Sex Shop<\/title>\n<meta name=\"description\" content=\"Kanepilehe disaniga Pimedas helendav silikoonist dildo abil saate luua teistsuguse meeleolu, mida v\u00fcrtsitab m\u00e4nguline pimedas helendav kujundus\" \/>\n<meta name=\"robots\" content=\"index,follow,max-snippet:-1,max-image-preview:large,max-video-preview:-1\" \/>\n<link rel=\"canonical\" href=\"https:\/\/lustandlove.eu\/et\/toode\/highher-cannabis-pimedas-helendav-dildo\/\" \/>\n<script type=\"application\/ld+json\" class=\"yoast-schema-graph\">{\"@context\":\"https:\\\/\\\/schema.org\",\"@graph\":[{\"@type\":[\"WebPage\",\"ItemPage\"],\"@id\":\"https:\\\/\\\/lustandlove.eu\\\/et\\\/toode\\\/highher-cannabis-pimedas-helendav-dildo\\\/\",\"url\":\"https:\\\/\\\/lustandlove.eu\\\/et\\\/toode\\\/highher-cannabis-pimedas-helendav-dildo\\\/\",\"name\":\"HighHer Cannabis Pimedas helendav dildo | Lust&Love Sex Shop\",\"isPartOf\":{\"@id\":\"https:\\\/\\\/lustandlove.eu\\\/et\\\/#website\"},\"primaryImageOfPage\":{\"@id\":\"https:\\\/\\\/lustandlove.eu\\\/et\\\/toode\\\/highher-cannabis-pimedas-helendav-dildo\\\/#primaryimage\"},\"image\":{\"@id\":\"https:\\\/\\\/lustandlove.eu\\\/et\\\/toode\\\/highher-cannabis-pimedas-helendav-dildo\\\/#primaryimage\"},\"thumbnailUrl\":\"https:\\\/\\\/lustandlove.eu\\\/wp-content\\\/uploads\\\/wfh_cannabis_main_picture_1.jpg\",\"datePublished\":\"2024-08-16T05:52:55+00:00\",\"dateModified\":\"2026-04-13T07:26:57+00:00\",\"description\":\"Kanepilehe disaniga Pimedas helendav silikoonist dildo abil saate luua teistsuguse meeleolu, mida v\u00fcrtsitab m\u00e4nguline pimedas helendav kujundus\",\"breadcrumb\":{\"@id\":\"https:\\\/\\\/lustandlove.eu\\\/et\\\/toode\\\/highher-cannabis-pimedas-helendav-dildo\\\/#breadcrumb\"},\"inLanguage\":\"et\",\"potentialAction\":[{\"@type\":\"ReadAction\",\"target\":[\"https:\\\/\\\/lustandlove.eu\\\/et\\\/toode\\\/highher-cannabis-pimedas-helendav-dildo\\\/\"]}]},{\"@type\":\"ImageObject\",\"inLanguage\":\"et\",\"@id\":\"https:\\\/\\\/lustandlove.eu\\\/et\\\/toode\\\/highher-cannabis-pimedas-helendav-dildo\\\/#primaryimage\",\"url\":\"https:\\\/\\\/lustandlove.eu\\\/wp-content\\\/uploads\\\/wfh_cannabis_main_picture_1.jpg\",\"contentUrl\":\"https:\\\/\\\/lustandlove.eu\\\/wp-content\\\/uploads\\\/wfh_cannabis_main_picture_1.jpg\",\"width\":1102,\"height\":1102},{\"@type\":\"BreadcrumbList\",\"@id\":\"https:\\\/\\\/lustandlove.eu\\\/et\\\/toode\\\/highher-cannabis-pimedas-helendav-dildo\\\/#breadcrumb\",\"itemListElement\":[{\"@type\":\"ListItem\",\"position\":1,\"name\":\"Lust and Love\",\"item\":\"https:\\\/\\\/lustandlove.eu\\\/et\\\/\"},{\"@type\":\"ListItem\",\"position\":2,\"name\":\"Pood\",\"item\":\"https:\\\/\\\/lustandlove.eu\\\/et\\\/pood\\\/\"},{\"@type\":\"ListItem\",\"position\":3,\"name\":\"Sekslelud\",\"item\":\"https:\\\/\\\/lustandlove.eu\\\/et\\\/pood\\\/sekslelud\\\/\"},{\"@type\":\"ListItem\",\"position\":4,\"name\":\"LGBTQ\",\"item\":\"https:\\\/\\\/lustandlove.eu\\\/et\\\/pood\\\/sekslelud\\\/lgbtq-et\\\/\"},{\"@type\":\"ListItem\",\"position\":5,\"name\":\"HighHer Cannabis Pimedas helendav dildo\"}]},{\"@type\":\"WebSite\",\"@id\":\"https:\\\/\\\/lustandlove.eu\\\/et\\\/#website\",\"url\":\"https:\\\/\\\/lustandlove.eu\\\/et\\\/\",\"name\":\"Lust & Love\",\"description\":\"Online erootikapood tervise, ilu ja armastuse jaoks\",\"publisher\":{\"@id\":\"https:\\\/\\\/lustandlove.eu\\\/et\\\/#organization\"},\"potentialAction\":[{\"@type\":\"SearchAction\",\"target\":{\"@type\":\"EntryPoint\",\"urlTemplate\":\"https:\\\/\\\/lustandlove.eu\\\/et\\\/?s={search_term_string}\"},\"query-input\":{\"@type\":\"PropertyValueSpecification\",\"valueRequired\":true,\"valueName\":\"search_term_string\"}}],\"inLanguage\":\"et\"},{\"@type\":\"Organization\",\"@id\":\"https:\\\/\\\/lustandlove.eu\\\/et\\\/#organization\",\"name\":\"Bioconcept Baltics O\u00dc\",\"url\":\"https:\\\/\\\/lustandlove.eu\\\/et\\\/\",\"logo\":{\"@type\":\"ImageObject\",\"inLanguage\":\"et\",\"@id\":\"https:\\\/\\\/lustandlove.eu\\\/et\\\/#\\\/schema\\\/logo\\\/image\\\/\",\"url\":\"https:\\\/\\\/lustandlove.eu\\\/wp-content\\\/uploads\\\/logo-full-2.png\",\"contentUrl\":\"https:\\\/\\\/lustandlove.eu\\\/wp-content\\\/uploads\\\/logo-full-2.png\",\"width\":837,\"height\":200,\"caption\":\"Bioconcept Baltics O\u00dc\"},\"image\":{\"@id\":\"https:\\\/\\\/lustandlove.eu\\\/et\\\/#\\\/schema\\\/logo\\\/image\\\/\"},\"sameAs\":[\"https:\\\/\\\/www.facebook.com\\\/LustandLoveEU\\\/\",\"https:\\\/\\\/www.instagram.com\\\/lustandloveeu\\\/\"]}]}<\/script>\n<!-- \/ Yoast SEO plugin. -->","yoast_head_json":{"title":"HighHer Cannabis Pimedas helendav dildo | Lust&Love Sex Shop","description":"Kanepilehe disaniga Pimedas helendav silikoonist dildo abil saate luua teistsuguse meeleolu, mida v\u00fcrtsitab m\u00e4nguline pimedas helendav kujundus","robots":{"index,follow,max-snippet":"index,follow,max-snippet:-1,max-image-preview:large,max-video-preview:-1"},"canonical":"https:\/\/lustandlove.eu\/et\/toode\/highher-cannabis-pimedas-helendav-dildo\/","schema":{"@context":"https:\/\/schema.org","@graph":[{"@type":["WebPage","ItemPage"],"@id":"https:\/\/lustandlove.eu\/et\/toode\/highher-cannabis-pimedas-helendav-dildo\/","url":"https:\/\/lustandlove.eu\/et\/toode\/highher-cannabis-pimedas-helendav-dildo\/","name":"HighHer Cannabis Pimedas helendav dildo | Lust&Love Sex Shop","isPartOf":{"@id":"https:\/\/lustandlove.eu\/et\/#website"},"primaryImageOfPage":{"@id":"https:\/\/lustandlove.eu\/et\/toode\/highher-cannabis-pimedas-helendav-dildo\/#primaryimage"},"image":{"@id":"https:\/\/lustandlove.eu\/et\/toode\/highher-cannabis-pimedas-helendav-dildo\/#primaryimage"},"thumbnailUrl":"https:\/\/lustandlove.eu\/wp-content\/uploads\/wfh_cannabis_main_picture_1.jpg","datePublished":"2024-08-16T05:52:55+00:00","dateModified":"2026-04-13T07:26:57+00:00","description":"Kanepilehe disaniga Pimedas helendav silikoonist dildo abil saate luua teistsuguse meeleolu, mida v\u00fcrtsitab m\u00e4nguline pimedas helendav kujundus","breadcrumb":{"@id":"https:\/\/lustandlove.eu\/et\/toode\/highher-cannabis-pimedas-helendav-dildo\/#breadcrumb"},"inLanguage":"et","potentialAction":[{"@type":"ReadAction","target":["https:\/\/lustandlove.eu\/et\/toode\/highher-cannabis-pimedas-helendav-dildo\/"]}]},{"@type":"ImageObject","inLanguage":"et","@id":"https:\/\/lustandlove.eu\/et\/toode\/highher-cannabis-pimedas-helendav-dildo\/#primaryimage","url":"https:\/\/lustandlove.eu\/wp-content\/uploads\/wfh_cannabis_main_picture_1.jpg","contentUrl":"https:\/\/lustandlove.eu\/wp-content\/uploads\/wfh_cannabis_main_picture_1.jpg","width":1102,"height":1102},{"@type":"BreadcrumbList","@id":"https:\/\/lustandlove.eu\/et\/toode\/highher-cannabis-pimedas-helendav-dildo\/#breadcrumb","itemListElement":[{"@type":"ListItem","position":1,"name":"Lust and Love","item":"https:\/\/lustandlove.eu\/et\/"},{"@type":"ListItem","position":2,"name":"Pood","item":"https:\/\/lustandlove.eu\/et\/pood\/"},{"@type":"ListItem","position":3,"name":"Sekslelud","item":"https:\/\/lustandlove.eu\/et\/pood\/sekslelud\/"},{"@type":"ListItem","position":4,"name":"LGBTQ","item":"https:\/\/lustandlove.eu\/et\/pood\/sekslelud\/lgbtq-et\/"},{"@type":"ListItem","position":5,"name":"HighHer Cannabis Pimedas helendav dildo"}]},{"@type":"WebSite","@id":"https:\/\/lustandlove.eu\/et\/#website","url":"https:\/\/lustandlove.eu\/et\/","name":"Lust & Love","description":"Online erootikapood tervise, ilu ja armastuse jaoks","publisher":{"@id":"https:\/\/lustandlove.eu\/et\/#organization"},"potentialAction":[{"@type":"SearchAction","target":{"@type":"EntryPoint","urlTemplate":"https:\/\/lustandlove.eu\/et\/?s={search_term_string}"},"query-input":{"@type":"PropertyValueSpecification","valueRequired":true,"valueName":"search_term_string"}}],"inLanguage":"et"},{"@type":"Organization","@id":"https:\/\/lustandlove.eu\/et\/#organization","name":"Bioconcept Baltics O\u00dc","url":"https:\/\/lustandlove.eu\/et\/","logo":{"@type":"ImageObject","inLanguage":"et","@id":"https:\/\/lustandlove.eu\/et\/#\/schema\/logo\/image\/","url":"https:\/\/lustandlove.eu\/wp-content\/uploads\/logo-full-2.png","contentUrl":"https:\/\/lustandlove.eu\/wp-content\/uploads\/logo-full-2.png","width":837,"height":200,"caption":"Bioconcept Baltics O\u00dc"},"image":{"@id":"https:\/\/lustandlove.eu\/et\/#\/schema\/logo\/image\/"},"sameAs":["https:\/\/www.facebook.com\/LustandLoveEU\/","https:\/\/www.instagram.com\/lustandloveeu\/"]}]}},"_links":{"self":[{"href":"https:\/\/lustandlove.eu\/et\/wp-json\/wp\/v2\/product\/91719","targetHints":{"allow":["GET"]}}],"collection":[{"href":"https:\/\/lustandlove.eu\/et\/wp-json\/wp\/v2\/product"}],"about":[{"href":"https:\/\/lustandlove.eu\/et\/wp-json\/wp\/v2\/types\/product"}],"wp:featuredmedia":[{"embeddable":true,"href":"https:\/\/lustandlove.eu\/et\/wp-json\/wp\/v2\/media\/91728"}],"wp:attachment":[{"href":"https:\/\/lustandlove.eu\/et\/wp-json\/wp\/v2\/media?parent=91719"}],"wp:term":[{"taxonomy":"product_brand","embeddable":true,"href":"https:\/\/lustandlove.eu\/et\/wp-json\/wp\/v2\/product_brand?post=91719"},{"taxonomy":"product_cat","embeddable":true,"href":"https:\/\/lustandlove.eu\/et\/wp-json\/wp\/v2\/product_cat?post=91719"},{"taxonomy":"product_tag","embeddable":true,"href":"https:\/\/lustandlove.eu\/et\/wp-json\/wp\/v2\/product_tag?post=91719"}],"curies":[{"name":"wp","href":"https:\/\/api.w.org\/{rel}","templated":true}]}}