{"id":91761,"date":"2024-08-16T10:31:45","date_gmt":"2024-08-16T07:31:46","guid":{"rendered":"https:\/\/www.lustandlove.eu\/?post_type=product&#038;p=91761"},"modified":"2025-08-19T15:36:10","modified_gmt":"2025-08-19T12:36:10","slug":"rockher-copy","status":"publish","type":"product","link":"https:\/\/lustandlove.eu\/et\/toode\/rockher-copy\/","title":{"rendered":"RockHer 2.0"},"content":{"rendered":"<p>Lugege, mida WetForHer oma toote kohta \u00fctleb: Kas otsite paarina <em>scissoring<\/em> vibraatorit, mis on m\u00f5eldud k\u00f5igile LGBTQIA+ kogukonna liikmetele? Meie enimm\u00fc\u00fcdud <em>queer<\/em>vibraatorit saab sisestada tuppe ja kasutada kontakti loomiseks oma partneriga maksimaalse naudingu saamiseks. Sellel on r\u00f5ngakujuline kuju, mis aitab avada h\u00e4bememokad ja [mbritseda kliitorit.<\/p>\n<p>Kuigi m\u00f5ned inimesed vannuvad selle effektiivsust, peavad teised seda linnalegendiks. <em>Scissoring<\/em> ehk kliitorite \u00fcksteise vastu h\u00f5\u00f5rumine; kas see on \u00fcldse asi?! Me teame, et see on, tuginedes isiklikule ja t\u00f6\u00f6alasele kogemusele, seega otsustasime luua t\u00e4iuslikku <em>scissoring<\/em> vibraatori paaridele. Kes v\u00f5iks paremini kujundada kv\u00e4\u00e4r-s\u00f5bralikku sekslelu kui mitte lesbid ja <em>queer<\/em> inimesed ise?<\/p>\n<p>Ja nii s\u00fcndis RockHer. See on intuitiivne ja madala profiiliga vibraator, mis sisaldab v\u00f5imsat mootorit, millel on 10 vibratsioonivalikut. Taaslaetav ja juhtmevaba kaugjuhtimispuldiga juhitav RockHer\u2122 v\u00f5imaldab lesbi- ja kv\u00e4\u00e4rpaaridel saavutada samaaegset kliitori stimulatsiooni.<\/p>\n<p>Juhtiva k\u00e4\u00e4rivibraatorina pakub rockheri mini-<em>scissoring<\/em> vibraator k\u00e4ed-vabad kliitori stimulatsiooni, mida tuleb omal nahal tunda, et uskuda.<\/p>\n<p>Erinevalt teistest <em>scissoring<\/em>-i jaoks m\u00f5eldud seksleludest, mille kasutamine v\u00f5ib osutuda keeruliseks, pakub see \u00fclim sekslelu mitmeid ainulaadseid omadusi, mis muudavad <em>scissorimise<\/em> lihtsaks ja rahuldust pakkuvaks. Kaugjuhtimispuldi ja 10 orgasmi seadistusega esmaklassiline <em>scissoring<\/em> vibraator t\u00f5otab stimuleerida nii teid kui ka teie partnerit, mille tulemuseks on h\u00e4mmastav seksiseanss.<\/p>\n<p>Wet For Her m\u00f5istab, et inimesi on erineva kuju ja suurusega, mist\u00f5ttu on meie esmaklassiline <em>scissoring<\/em> vibraator loodud sobima k\u00f5igi suguelunditega. Olenemata sellest, kas olete v\u00e4ike v\u00f5i pluss-suuruses, saate kogeda naudingut meie seksleludest.<\/p>\n<p>Kui te ei saa tugevast vibratsioonist k\u00fcllalt, on see \u00fcks parimaid queer- ja lesbide vibraatoreid teile ja teie partnerile, mis pakub konkurentsitult v\u00f5imsat j\u00f5udu, mis on peaaegu puhas sumin.<\/p>\n<p>Kas te ei ole tavaliselt m\u00e4nguasjade f\u00e4nn? See mitme \u00fclesandega vibraator on p\u00f5hiolemuselt Rabbit vibraator, kuid erineva kujuga, mis v\u00f5imaldab teil samaaegselt stimuleerida oma kliitorit ja G-punkti.<\/p>\n<p>Mida veel uusimatelt queer- ja lesbiseksleludelt tahta?<\/p>\n<p>Kasutamine: Sisesta vibraatori suurem \u201cpirnike\u201d vagiinasse G-punkti stimulatsiooniks samal ajal, kui ringikujuline v\u00e4ljaulatuv osa stimuleerib kliitorit. Toimib ka vastupidi, kui r\u00f5ngas sisestada tuppe ja suurem osa asetada vastu kliitorit.<\/p>\n<p>M\u00e4nguasja kasutamise kohta: enne m\u00e4nguasja sissel\u00fclitamist eemaldage laadimiskaabel. Vajutage ja hoidke toitenuppu 5 sekundit all. Tuli hakkab p\u00f5lema. Seej\u00e4rel vajutage \u00fcks kord toitenuppu v\u00f5i \u00fchendage ClickHeri kaugjuhtimispult, et juhtida 10 erinevat vibratsioonikiirust. Toitenupu 5 sekundit all hoidmine l\u00fclitab m\u00e4nguasja v\u00e4lja.<\/p>\n<p>Laadimise ajal m\u00e4rgutuli vilgub. Kui lelu on t\u00e4ielikult laetud, muutub tuli staatiliseks. Kasutage m\u00e4nguasja puhastamiseks enne ja p\u00e4rast kasutamist lelu puhastusvahendit v\u00f5i \u00f5rna seepi. Kasutage leluga veep\u00f5hist libestit. Hoida kuivas kohas.<\/p>\n<p>Teave ClickHeri kaugjuhtimispuldi kohta: juhtmevaba kaugjuhtimispult Wet For Her 2.0 seeria toodete juhtimiseks. Kasutamiseks l\u00fclitage m\u00e4nguasi sisse. Vajutage kaugjuhtimispuldi nuppu, et k\u00e4ivitada automaatne \u00fchendus kaugjuhtimispuldi ja m\u00e4nguasja vahel. Kaugjuhtimispuldi saab v\u00e4lja l\u00fclitada, hoides nuppu 5 sekundit all. \u00dchekordse nupuvajutusega saab m\u00e4nguasja kiirust juhtida. T\u00f6\u00f6tab 1xCR2032 patareiga (patarei kaasas). T\u00f6\u00f6kaugus 10m.<\/p>\n","protected":false},"excerpt":{"rendered":"<p>T\u00e4iustage oma <em>scissoring<\/em> tehnikat uue RockHer\u21222.0 mini <em>scissoring<\/em> vibraatoriga. Sellel ainulaadsel m\u00e4nguasjal, mis on loodud spetsiaalselt silmas pidades <em>scissoring<\/em> asendit, on 10 vibratsiooniseadet ja juhtmevaba kaugjuhtimispult, mis \u00fchildub k\u00f5igi 2.0 Wet For Her seadmetega.<\/p>\n","protected":false},"featured_media":91780,"template":"","meta":[],"product_cat":[1484,1488,3978,1496,1497],"product_tag":[3681,3683,3682],"yoast_head":"<!-- This site is optimized with the Yoast SEO plugin v22.9 - https:\/\/yoast.com\/wordpress\/plugins\/seo\/ -->\n<title>RockHer by Wet For Her | Lust and Love Sex Shop<\/title>\n<meta name=\"description\" content=\"Suurendage oma scissoring tehnikat uue RockHer 2.0 vibraatoriga. Sellel l\u00f5busal m\u00e4nguasjal, mis on loodud spetsiaalselt k\u00e4\u00e4rimist silmas pidades, on 10 vibratsiooniseadet\" \/>\n<meta name=\"robots\" content=\"index,follow,max-snippet:-1,max-image-preview:large,max-video-preview:-1\" \/>\n<link rel=\"canonical\" href=\"https:\/\/lustandlove.eu\/et\/toode\/rockher-copy\/\" \/>\n<meta name=\"twitter:card\" content=\"summary_large_image\" \/>\n<meta name=\"twitter:title\" content=\"RockHer by Wet For Her | Lust and Love Sex Shop\" \/>\n<meta name=\"twitter:description\" content=\"Suurendage oma scissoring tehnikat uue RockHer 2.0 vibraatoriga. Sellel l\u00f5busal m\u00e4nguasjal, mis on loodud spetsiaalselt k\u00e4\u00e4rimist silmas pidades, on 10 vibratsiooniseadet\" \/>\n<meta name=\"twitter:image\" content=\"https:\/\/lustandlove.eu\/wp-content\/uploads\/wfh_rockher_all_colors_-_copie.jpg\" \/>\n<meta name=\"twitter:label1\" content=\"Est. reading time\" \/>\n\t<meta name=\"twitter:data1\" content=\"1 minut\" \/>\n<script type=\"application\/ld+json\" class=\"yoast-schema-graph\">{\"@context\":\"https:\/\/schema.org\",\"@graph\":[{\"@type\":[\"WebPage\",\"ItemPage\"],\"@id\":\"https:\/\/lustandlove.eu\/et\/toode\/rockher-copy\/\",\"url\":\"https:\/\/lustandlove.eu\/et\/toode\/rockher-copy\/\",\"name\":\"RockHer by Wet For Her | Lust and Love Sex Shop\",\"isPartOf\":{\"@id\":\"https:\/\/lustandlove.eu\/et\/#website\"},\"primaryImageOfPage\":{\"@id\":\"https:\/\/lustandlove.eu\/et\/toode\/rockher-copy\/#primaryimage\"},\"image\":{\"@id\":\"https:\/\/lustandlove.eu\/et\/toode\/rockher-copy\/#primaryimage\"},\"thumbnailUrl\":\"https:\/\/lustandlove.eu\/wp-content\/uploads\/wfh_rockher_all_colors_-_copie.jpg\",\"datePublished\":\"2024-08-16T07:31:46+00:00\",\"dateModified\":\"2025-08-19T12:36:10+00:00\",\"description\":\"Suurendage oma scissoring tehnikat uue RockHer 2.0 vibraatoriga. Sellel l\u00f5busal m\u00e4nguasjal, mis on loodud spetsiaalselt k\u00e4\u00e4rimist silmas pidades, on 10 vibratsiooniseadet\",\"breadcrumb\":{\"@id\":\"https:\/\/lustandlove.eu\/et\/toode\/rockher-copy\/#breadcrumb\"},\"inLanguage\":\"et\",\"potentialAction\":[{\"@type\":\"ReadAction\",\"target\":[\"https:\/\/lustandlove.eu\/et\/toode\/rockher-copy\/\"]}]},{\"@type\":\"ImageObject\",\"inLanguage\":\"et\",\"@id\":\"https:\/\/lustandlove.eu\/et\/toode\/rockher-copy\/#primaryimage\",\"url\":\"https:\/\/lustandlove.eu\/wp-content\/uploads\/wfh_rockher_all_colors_-_copie.jpg\",\"contentUrl\":\"https:\/\/lustandlove.eu\/wp-content\/uploads\/wfh_rockher_all_colors_-_copie.jpg\",\"width\":1100,\"height\":1100},{\"@type\":\"BreadcrumbList\",\"@id\":\"https:\/\/lustandlove.eu\/et\/toode\/rockher-copy\/#breadcrumb\",\"itemListElement\":[{\"@type\":\"ListItem\",\"position\":1,\"name\":\"Lust and Love\",\"item\":\"https:\/\/lustandlove.eu\/et\/\"},{\"@type\":\"ListItem\",\"position\":2,\"name\":\"Pood\",\"item\":\"https:\/\/lustandlove.eu\/et\/pood\/\"},{\"@type\":\"ListItem\",\"position\":3,\"name\":\"Sekslelud\",\"item\":\"https:\/\/lustandlove.eu\/et\/pood\/sekslelud\/\"},{\"@type\":\"ListItem\",\"position\":4,\"name\":\"Vibraatorid\",\"item\":\"https:\/\/lustandlove.eu\/et\/pood\/sekslelud\/vibraatorid\/\"},{\"@type\":\"ListItem\",\"position\":5,\"name\":\"L\u00f5bu kahele\",\"item\":\"https:\/\/lustandlove.eu\/et\/pood\/sekslelud\/vibraatorid\/lobu-kahele\/\"},{\"@type\":\"ListItem\",\"position\":6,\"name\":\"RockHer 2.0\"}]},{\"@type\":\"WebSite\",\"@id\":\"https:\/\/lustandlove.eu\/et\/#website\",\"url\":\"https:\/\/lustandlove.eu\/et\/\",\"name\":\"Lust &amp; Love\",\"description\":\"Online erootikapood tervise, ilu ja armastuse jaoks\",\"publisher\":{\"@id\":\"https:\/\/lustandlove.eu\/et\/#organization\"},\"potentialAction\":[{\"@type\":\"SearchAction\",\"target\":{\"@type\":\"EntryPoint\",\"urlTemplate\":\"https:\/\/lustandlove.eu\/et\/?s={search_term_string}\"},\"query-input\":\"required name=search_term_string\"}],\"inLanguage\":\"et\"},{\"@type\":\"Organization\",\"@id\":\"https:\/\/lustandlove.eu\/et\/#organization\",\"name\":\"Bioconcept Baltics O\u00dc\",\"url\":\"https:\/\/lustandlove.eu\/et\/\",\"logo\":{\"@type\":\"ImageObject\",\"inLanguage\":\"et\",\"@id\":\"https:\/\/lustandlove.eu\/et\/#\/schema\/logo\/image\/\",\"url\":\"\",\"contentUrl\":\"\",\"caption\":\"Bioconcept Baltics O\u00dc\"},\"image\":{\"@id\":\"https:\/\/lustandlove.eu\/et\/#\/schema\/logo\/image\/\"},\"sameAs\":[\"https:\/\/www.facebook.com\/LustandLoveEU\/\",\"https:\/\/www.instagram.com\/lustandloveeu\/\"]}]}<\/script>\n<!-- \/ Yoast SEO plugin. -->","yoast_head_json":{"title":"RockHer by Wet For Her | Lust and Love Sex Shop","description":"Suurendage oma scissoring tehnikat uue RockHer 2.0 vibraatoriga. Sellel l\u00f5busal m\u00e4nguasjal, mis on loodud spetsiaalselt k\u00e4\u00e4rimist silmas pidades, on 10 vibratsiooniseadet","robots":{"index,follow,max-snippet":"index,follow,max-snippet:-1,max-image-preview:large,max-video-preview:-1"},"canonical":"https:\/\/lustandlove.eu\/et\/toode\/rockher-copy\/","twitter_card":"summary_large_image","twitter_title":"RockHer by Wet For Her | Lust and Love Sex Shop","twitter_description":"Suurendage oma scissoring tehnikat uue RockHer 2.0 vibraatoriga. Sellel l\u00f5busal m\u00e4nguasjal, mis on loodud spetsiaalselt k\u00e4\u00e4rimist silmas pidades, on 10 vibratsiooniseadet","twitter_image":"https:\/\/lustandlove.eu\/wp-content\/uploads\/wfh_rockher_all_colors_-_copie.jpg","twitter_misc":{"Est. reading time":"1 minut"},"schema":{"@context":"https:\/\/schema.org","@graph":[{"@type":["WebPage","ItemPage"],"@id":"https:\/\/lustandlove.eu\/et\/toode\/rockher-copy\/","url":"https:\/\/lustandlove.eu\/et\/toode\/rockher-copy\/","name":"RockHer by Wet For Her | Lust and Love Sex Shop","isPartOf":{"@id":"https:\/\/lustandlove.eu\/et\/#website"},"primaryImageOfPage":{"@id":"https:\/\/lustandlove.eu\/et\/toode\/rockher-copy\/#primaryimage"},"image":{"@id":"https:\/\/lustandlove.eu\/et\/toode\/rockher-copy\/#primaryimage"},"thumbnailUrl":"https:\/\/lustandlove.eu\/wp-content\/uploads\/wfh_rockher_all_colors_-_copie.jpg","datePublished":"2024-08-16T07:31:46+00:00","dateModified":"2025-08-19T12:36:10+00:00","description":"Suurendage oma scissoring tehnikat uue RockHer 2.0 vibraatoriga. Sellel l\u00f5busal m\u00e4nguasjal, mis on loodud spetsiaalselt k\u00e4\u00e4rimist silmas pidades, on 10 vibratsiooniseadet","breadcrumb":{"@id":"https:\/\/lustandlove.eu\/et\/toode\/rockher-copy\/#breadcrumb"},"inLanguage":"et","potentialAction":[{"@type":"ReadAction","target":["https:\/\/lustandlove.eu\/et\/toode\/rockher-copy\/"]}]},{"@type":"ImageObject","inLanguage":"et","@id":"https:\/\/lustandlove.eu\/et\/toode\/rockher-copy\/#primaryimage","url":"https:\/\/lustandlove.eu\/wp-content\/uploads\/wfh_rockher_all_colors_-_copie.jpg","contentUrl":"https:\/\/lustandlove.eu\/wp-content\/uploads\/wfh_rockher_all_colors_-_copie.jpg","width":1100,"height":1100},{"@type":"BreadcrumbList","@id":"https:\/\/lustandlove.eu\/et\/toode\/rockher-copy\/#breadcrumb","itemListElement":[{"@type":"ListItem","position":1,"name":"Lust and Love","item":"https:\/\/lustandlove.eu\/et\/"},{"@type":"ListItem","position":2,"name":"Pood","item":"https:\/\/lustandlove.eu\/et\/pood\/"},{"@type":"ListItem","position":3,"name":"Sekslelud","item":"https:\/\/lustandlove.eu\/et\/pood\/sekslelud\/"},{"@type":"ListItem","position":4,"name":"Vibraatorid","item":"https:\/\/lustandlove.eu\/et\/pood\/sekslelud\/vibraatorid\/"},{"@type":"ListItem","position":5,"name":"L\u00f5bu kahele","item":"https:\/\/lustandlove.eu\/et\/pood\/sekslelud\/vibraatorid\/lobu-kahele\/"},{"@type":"ListItem","position":6,"name":"RockHer 2.0"}]},{"@type":"WebSite","@id":"https:\/\/lustandlove.eu\/et\/#website","url":"https:\/\/lustandlove.eu\/et\/","name":"Lust &amp; Love","description":"Online erootikapood tervise, ilu ja armastuse jaoks","publisher":{"@id":"https:\/\/lustandlove.eu\/et\/#organization"},"potentialAction":[{"@type":"SearchAction","target":{"@type":"EntryPoint","urlTemplate":"https:\/\/lustandlove.eu\/et\/?s={search_term_string}"},"query-input":"required name=search_term_string"}],"inLanguage":"et"},{"@type":"Organization","@id":"https:\/\/lustandlove.eu\/et\/#organization","name":"Bioconcept Baltics O\u00dc","url":"https:\/\/lustandlove.eu\/et\/","logo":{"@type":"ImageObject","inLanguage":"et","@id":"https:\/\/lustandlove.eu\/et\/#\/schema\/logo\/image\/","url":"","contentUrl":"","caption":"Bioconcept Baltics O\u00dc"},"image":{"@id":"https:\/\/lustandlove.eu\/et\/#\/schema\/logo\/image\/"},"sameAs":["https:\/\/www.facebook.com\/LustandLoveEU\/","https:\/\/www.instagram.com\/lustandloveeu\/"]}]}},"_links":{"self":[{"href":"https:\/\/lustandlove.eu\/et\/wp-json\/wp\/v2\/product\/91761"}],"collection":[{"href":"https:\/\/lustandlove.eu\/et\/wp-json\/wp\/v2\/product"}],"about":[{"href":"https:\/\/lustandlove.eu\/et\/wp-json\/wp\/v2\/types\/product"}],"wp:featuredmedia":[{"embeddable":true,"href":"https:\/\/lustandlove.eu\/et\/wp-json\/wp\/v2\/media\/91780"}],"wp:attachment":[{"href":"https:\/\/lustandlove.eu\/et\/wp-json\/wp\/v2\/media?parent=91761"}],"wp:term":[{"taxonomy":"product_cat","embeddable":true,"href":"https:\/\/lustandlove.eu\/et\/wp-json\/wp\/v2\/product_cat?post=91761"},{"taxonomy":"product_tag","embeddable":true,"href":"https:\/\/lustandlove.eu\/et\/wp-json\/wp\/v2\/product_tag?post=91761"}],"curies":[{"name":"wp","href":"https:\/\/api.w.org\/{rel}","templated":true}]}}