{"id":91801,"date":"2024-08-23T10:36:21","date_gmt":"2024-08-23T07:36:22","guid":{"rendered":"https:\/\/www.lustandlove.eu\/?post_type=product&#038;p=91801"},"modified":"2026-04-13T10:26:56","modified_gmt":"2026-04-13T07:26:56","slug":"personaalne-mastrubatsioonikreem-50ml","status":"publish","type":"product","link":"https:\/\/lustandlove.eu\/et\/toode\/personaalne-mastrubatsioonikreem-50ml\/","title":{"rendered":"Personaalne Mastrubatsiooni Kreem 50ml"},"content":{"rendered":"<p>See peenise jaoks loodud masturbatsiooni kreem on loodud nii \u00fcksi kui ka jagatud l\u00f5budeks. See on loodud palju suurema naudinguga kui klassikaline libesti, kuid on sobilik ka kondoomide ja seksleludega, ning \u00fchendab endas mittekleepuva ja kauakestva tekstuuri, mis annab edasi-tagasi liikumisele enneolematult libiseva sensuaalsuse kokkupuutel soojusega.<\/p>\n<p>See \u00fcksi v\u00f5i kahekesi kasutamiseks loodud kreem oma h\u00fcbriidse tekstuuri ja aktiivsete v\u00f5imenditega on ideaalne liitlane masturbeerimiseks masturbaatoriga v\u00f5i ilma.<br \/>\nSelle tekstuur on h\u00fcbriidne. Vee, gl\u00fckoolide, vetikate ja silikooni segu annab sellele h\u00e4mmastava tekstuuri, mis sobib suurep\u00e4raselt masturbeerimiseks. Lisaboonus: selle libedus aktiveerub uuesti kokkupuutel veega!<\/p>\n<p>Ja selle toimeained:<br \/>\n<strong>Cordiceps<\/strong> ehk yarsagumba: Tiibeti meister, mida on tuhandeid aastaid kasutatud selle kasulike afrodisiaakumide t\u00f5ttu impotentsuse ja seksuaaliha vastu. See on ka suurep\u00e4rane liitlane stressi ja v\u00e4simuse vastu, mis on kaks peamist v\u00e4henenud seksuaalsoovi p\u00f5hjust.<br \/>\n<strong>L-arginiin<\/strong>: see l\u00e4mmastikoksiidi aminohappe eelk\u00e4ija aitab edendada verevoolu erektsiooniorganitesse, mis on erektsiooni saavutamiseks ja s\u00e4ilitamiseks h\u00e4davajalik.<br \/>\n<strong>Arnika<\/strong>: oma p\u00f5letikuvastaste ja valuvaigistavate omadustega aitab see taim v\u00e4hendada \u00fclekuumenemise tunnet ja leevendada h\u00f5\u00f5rdumisest ja edasi-tagasi liikumisest p\u00f5hjustatud v\u00e4iksemaid \u00e4rritusi.<br \/>\n<strong>Allantoiin<\/strong>: Allantoiini raviomadused sobivad ideaalselt intensiivsest v\u00f5i korduvast masturbatsioonist p\u00f5hjustatud mehaaniliste mikrovigastuste leevendamiseks.<br \/>\n<strong>Tauriin<\/strong>: see aminohape, mida peetakse looduslikuks afrodisiaakumiks, osaleb positiivselt testosterooni sekretsioonis ja l\u00e4mmastikoksiidi vabanemises, mis vastutab teie eluj\u00f5u ja seksuaalenergia eest.<\/p>\n<p>J\u00f5ud, eluj\u00f5ud ja v\u00f5rratud m\u00f5nud; kunagi pole libesti endale head tegemise kunstis nii kaugele j\u00f5udnud.<\/p>\n","protected":false},"excerpt":{"rendered":"<p>On aeg v\u00f5tta r\u00f5\u00f5m enda k\u00e4tesse uue YESforLOV masturbatsiooni kreemi abil, mis on spetsiaalselt loodud peenise sensatsiooni k\u00fcmnekordistamiseks ja naudingute seansside unustamatuks muutmiseks.<\/p>\n","protected":false},"featured_media":91803,"template":"","meta":[],"product_brand":[4248],"product_cat":[1464,1460],"product_tag":[],"class_list":{"0":"post-91801","1":"product","2":"type-product","3":"status-publish","4":"has-post-thumbnail","6":"product_brand-yesforlov-et","7":"product_cat-erutavad-geelid","8":"product_cat-apteek","9":"pa_brand-yesforlov-et","11":"first","12":"instock","13":"purchasable","14":"product-type-simple"},"yoast_head":"<!-- This site is optimized with the Yoast SEO plugin v27.4 - https:\/\/yoast.com\/product\/yoast-seo-wordpress\/ -->\n<title>Personaalne Mastrubatsiooni Kreem 50ml | Lust and Love<\/title>\n<meta name=\"description\" content=\"On aeg v\u00f5tta r\u00f5\u00f5m enda k\u00e4tesse YESforLOV masturbatsiooni kreemi abil, mis on spetsiaalselt loodud peenise sensatsiooni k\u00fcmnekordistamiseks.\" \/>\n<meta name=\"robots\" content=\"index,follow,max-snippet:-1,max-image-preview:large,max-video-preview:-1\" \/>\n<link rel=\"canonical\" href=\"https:\/\/lustandlove.eu\/et\/toode\/personaalne-mastrubatsioonikreem-50ml\/\" \/>\n<script type=\"application\/ld+json\" class=\"yoast-schema-graph\">{\"@context\":\"https:\\\/\\\/schema.org\",\"@graph\":[{\"@type\":[\"WebPage\",\"ItemPage\"],\"@id\":\"https:\\\/\\\/lustandlove.eu\\\/et\\\/toode\\\/personaalne-mastrubatsioonikreem-50ml\\\/\",\"url\":\"https:\\\/\\\/lustandlove.eu\\\/et\\\/toode\\\/personaalne-mastrubatsioonikreem-50ml\\\/\",\"name\":\"Personaalne Mastrubatsiooni Kreem 50ml | Lust and Love\",\"isPartOf\":{\"@id\":\"https:\\\/\\\/lustandlove.eu\\\/et\\\/#website\"},\"primaryImageOfPage\":{\"@id\":\"https:\\\/\\\/lustandlove.eu\\\/et\\\/toode\\\/personaalne-mastrubatsioonikreem-50ml\\\/#primaryimage\"},\"image\":{\"@id\":\"https:\\\/\\\/lustandlove.eu\\\/et\\\/toode\\\/personaalne-mastrubatsioonikreem-50ml\\\/#primaryimage\"},\"thumbnailUrl\":\"https:\\\/\\\/lustandlove.eu\\\/wp-content\\\/uploads\\\/YFL01B47.Creme-plaisir-personnel-personal-pleasure-cream.yesforlov.gr_.jpg\",\"datePublished\":\"2024-08-23T07:36:22+00:00\",\"dateModified\":\"2026-04-13T07:26:56+00:00\",\"description\":\"On aeg v\u00f5tta r\u00f5\u00f5m enda k\u00e4tesse YESforLOV masturbatsiooni kreemi abil, mis on spetsiaalselt loodud peenise sensatsiooni k\u00fcmnekordistamiseks.\",\"breadcrumb\":{\"@id\":\"https:\\\/\\\/lustandlove.eu\\\/et\\\/toode\\\/personaalne-mastrubatsioonikreem-50ml\\\/#breadcrumb\"},\"inLanguage\":\"et\",\"potentialAction\":[{\"@type\":\"ReadAction\",\"target\":[\"https:\\\/\\\/lustandlove.eu\\\/et\\\/toode\\\/personaalne-mastrubatsioonikreem-50ml\\\/\"]}]},{\"@type\":\"ImageObject\",\"inLanguage\":\"et\",\"@id\":\"https:\\\/\\\/lustandlove.eu\\\/et\\\/toode\\\/personaalne-mastrubatsioonikreem-50ml\\\/#primaryimage\",\"url\":\"https:\\\/\\\/lustandlove.eu\\\/wp-content\\\/uploads\\\/YFL01B47.Creme-plaisir-personnel-personal-pleasure-cream.yesforlov.gr_.jpg\",\"contentUrl\":\"https:\\\/\\\/lustandlove.eu\\\/wp-content\\\/uploads\\\/YFL01B47.Creme-plaisir-personnel-personal-pleasure-cream.yesforlov.gr_.jpg\",\"width\":1920,\"height\":1920},{\"@type\":\"BreadcrumbList\",\"@id\":\"https:\\\/\\\/lustandlove.eu\\\/et\\\/toode\\\/personaalne-mastrubatsioonikreem-50ml\\\/#breadcrumb\",\"itemListElement\":[{\"@type\":\"ListItem\",\"position\":1,\"name\":\"Lust and Love\",\"item\":\"https:\\\/\\\/lustandlove.eu\\\/et\\\/\"},{\"@type\":\"ListItem\",\"position\":2,\"name\":\"Pood\",\"item\":\"https:\\\/\\\/lustandlove.eu\\\/et\\\/pood\\\/\"},{\"@type\":\"ListItem\",\"position\":3,\"name\":\"Libestid ja kehahooldus\",\"item\":\"https:\\\/\\\/lustandlove.eu\\\/et\\\/pood\\\/apteek\\\/\"},{\"@type\":\"ListItem\",\"position\":4,\"name\":\"Personaalne Mastrubatsiooni Kreem 50ml\"}]},{\"@type\":\"WebSite\",\"@id\":\"https:\\\/\\\/lustandlove.eu\\\/et\\\/#website\",\"url\":\"https:\\\/\\\/lustandlove.eu\\\/et\\\/\",\"name\":\"Lust & Love\",\"description\":\"Online erootikapood tervise, ilu ja armastuse jaoks\",\"publisher\":{\"@id\":\"https:\\\/\\\/lustandlove.eu\\\/et\\\/#organization\"},\"potentialAction\":[{\"@type\":\"SearchAction\",\"target\":{\"@type\":\"EntryPoint\",\"urlTemplate\":\"https:\\\/\\\/lustandlove.eu\\\/et\\\/?s={search_term_string}\"},\"query-input\":{\"@type\":\"PropertyValueSpecification\",\"valueRequired\":true,\"valueName\":\"search_term_string\"}}],\"inLanguage\":\"et\"},{\"@type\":\"Organization\",\"@id\":\"https:\\\/\\\/lustandlove.eu\\\/et\\\/#organization\",\"name\":\"Bioconcept Baltics O\u00dc\",\"url\":\"https:\\\/\\\/lustandlove.eu\\\/et\\\/\",\"logo\":{\"@type\":\"ImageObject\",\"inLanguage\":\"et\",\"@id\":\"https:\\\/\\\/lustandlove.eu\\\/et\\\/#\\\/schema\\\/logo\\\/image\\\/\",\"url\":\"https:\\\/\\\/lustandlove.eu\\\/wp-content\\\/uploads\\\/logo-full-2.png\",\"contentUrl\":\"https:\\\/\\\/lustandlove.eu\\\/wp-content\\\/uploads\\\/logo-full-2.png\",\"width\":837,\"height\":200,\"caption\":\"Bioconcept Baltics O\u00dc\"},\"image\":{\"@id\":\"https:\\\/\\\/lustandlove.eu\\\/et\\\/#\\\/schema\\\/logo\\\/image\\\/\"},\"sameAs\":[\"https:\\\/\\\/www.facebook.com\\\/LustandLoveEU\\\/\",\"https:\\\/\\\/www.instagram.com\\\/lustandloveeu\\\/\"]}]}<\/script>\n<!-- \/ Yoast SEO plugin. -->","yoast_head_json":{"title":"Personaalne Mastrubatsiooni Kreem 50ml | Lust and Love","description":"On aeg v\u00f5tta r\u00f5\u00f5m enda k\u00e4tesse YESforLOV masturbatsiooni kreemi abil, mis on spetsiaalselt loodud peenise sensatsiooni k\u00fcmnekordistamiseks.","robots":{"index,follow,max-snippet":"index,follow,max-snippet:-1,max-image-preview:large,max-video-preview:-1"},"canonical":"https:\/\/lustandlove.eu\/et\/toode\/personaalne-mastrubatsioonikreem-50ml\/","schema":{"@context":"https:\/\/schema.org","@graph":[{"@type":["WebPage","ItemPage"],"@id":"https:\/\/lustandlove.eu\/et\/toode\/personaalne-mastrubatsioonikreem-50ml\/","url":"https:\/\/lustandlove.eu\/et\/toode\/personaalne-mastrubatsioonikreem-50ml\/","name":"Personaalne Mastrubatsiooni Kreem 50ml | Lust and Love","isPartOf":{"@id":"https:\/\/lustandlove.eu\/et\/#website"},"primaryImageOfPage":{"@id":"https:\/\/lustandlove.eu\/et\/toode\/personaalne-mastrubatsioonikreem-50ml\/#primaryimage"},"image":{"@id":"https:\/\/lustandlove.eu\/et\/toode\/personaalne-mastrubatsioonikreem-50ml\/#primaryimage"},"thumbnailUrl":"https:\/\/lustandlove.eu\/wp-content\/uploads\/YFL01B47.Creme-plaisir-personnel-personal-pleasure-cream.yesforlov.gr_.jpg","datePublished":"2024-08-23T07:36:22+00:00","dateModified":"2026-04-13T07:26:56+00:00","description":"On aeg v\u00f5tta r\u00f5\u00f5m enda k\u00e4tesse YESforLOV masturbatsiooni kreemi abil, mis on spetsiaalselt loodud peenise sensatsiooni k\u00fcmnekordistamiseks.","breadcrumb":{"@id":"https:\/\/lustandlove.eu\/et\/toode\/personaalne-mastrubatsioonikreem-50ml\/#breadcrumb"},"inLanguage":"et","potentialAction":[{"@type":"ReadAction","target":["https:\/\/lustandlove.eu\/et\/toode\/personaalne-mastrubatsioonikreem-50ml\/"]}]},{"@type":"ImageObject","inLanguage":"et","@id":"https:\/\/lustandlove.eu\/et\/toode\/personaalne-mastrubatsioonikreem-50ml\/#primaryimage","url":"https:\/\/lustandlove.eu\/wp-content\/uploads\/YFL01B47.Creme-plaisir-personnel-personal-pleasure-cream.yesforlov.gr_.jpg","contentUrl":"https:\/\/lustandlove.eu\/wp-content\/uploads\/YFL01B47.Creme-plaisir-personnel-personal-pleasure-cream.yesforlov.gr_.jpg","width":1920,"height":1920},{"@type":"BreadcrumbList","@id":"https:\/\/lustandlove.eu\/et\/toode\/personaalne-mastrubatsioonikreem-50ml\/#breadcrumb","itemListElement":[{"@type":"ListItem","position":1,"name":"Lust and Love","item":"https:\/\/lustandlove.eu\/et\/"},{"@type":"ListItem","position":2,"name":"Pood","item":"https:\/\/lustandlove.eu\/et\/pood\/"},{"@type":"ListItem","position":3,"name":"Libestid ja kehahooldus","item":"https:\/\/lustandlove.eu\/et\/pood\/apteek\/"},{"@type":"ListItem","position":4,"name":"Personaalne Mastrubatsiooni Kreem 50ml"}]},{"@type":"WebSite","@id":"https:\/\/lustandlove.eu\/et\/#website","url":"https:\/\/lustandlove.eu\/et\/","name":"Lust & Love","description":"Online erootikapood tervise, ilu ja armastuse jaoks","publisher":{"@id":"https:\/\/lustandlove.eu\/et\/#organization"},"potentialAction":[{"@type":"SearchAction","target":{"@type":"EntryPoint","urlTemplate":"https:\/\/lustandlove.eu\/et\/?s={search_term_string}"},"query-input":{"@type":"PropertyValueSpecification","valueRequired":true,"valueName":"search_term_string"}}],"inLanguage":"et"},{"@type":"Organization","@id":"https:\/\/lustandlove.eu\/et\/#organization","name":"Bioconcept Baltics O\u00dc","url":"https:\/\/lustandlove.eu\/et\/","logo":{"@type":"ImageObject","inLanguage":"et","@id":"https:\/\/lustandlove.eu\/et\/#\/schema\/logo\/image\/","url":"https:\/\/lustandlove.eu\/wp-content\/uploads\/logo-full-2.png","contentUrl":"https:\/\/lustandlove.eu\/wp-content\/uploads\/logo-full-2.png","width":837,"height":200,"caption":"Bioconcept Baltics O\u00dc"},"image":{"@id":"https:\/\/lustandlove.eu\/et\/#\/schema\/logo\/image\/"},"sameAs":["https:\/\/www.facebook.com\/LustandLoveEU\/","https:\/\/www.instagram.com\/lustandloveeu\/"]}]}},"_links":{"self":[{"href":"https:\/\/lustandlove.eu\/et\/wp-json\/wp\/v2\/product\/91801","targetHints":{"allow":["GET"]}}],"collection":[{"href":"https:\/\/lustandlove.eu\/et\/wp-json\/wp\/v2\/product"}],"about":[{"href":"https:\/\/lustandlove.eu\/et\/wp-json\/wp\/v2\/types\/product"}],"wp:featuredmedia":[{"embeddable":true,"href":"https:\/\/lustandlove.eu\/et\/wp-json\/wp\/v2\/media\/91803"}],"wp:attachment":[{"href":"https:\/\/lustandlove.eu\/et\/wp-json\/wp\/v2\/media?parent=91801"}],"wp:term":[{"taxonomy":"product_brand","embeddable":true,"href":"https:\/\/lustandlove.eu\/et\/wp-json\/wp\/v2\/product_brand?post=91801"},{"taxonomy":"product_cat","embeddable":true,"href":"https:\/\/lustandlove.eu\/et\/wp-json\/wp\/v2\/product_cat?post=91801"},{"taxonomy":"product_tag","embeddable":true,"href":"https:\/\/lustandlove.eu\/et\/wp-json\/wp\/v2\/product_tag?post=91801"}],"curies":[{"name":"wp","href":"https:\/\/api.w.org\/{rel}","templated":true}]}}