{"id":91845,"date":"2024-08-29T09:52:49","date_gmt":"2024-08-29T06:52:50","guid":{"rendered":"https:\/\/www.lustandlove.eu\/?post_type=product&#038;p=91845"},"modified":"2026-04-13T10:26:55","modified_gmt":"2026-04-13T07:26:55","slug":"orhidee-parfuum-looduslikud-feromoonid-50ml-copy-2","status":"publish","type":"product","link":"https:\/\/lustandlove.eu\/et\/toode\/orhidee-parfuum-looduslikud-feromoonid-50ml-copy-2\/","title":{"rendered":"Orhidee Parf\u00fc\u00fcm &#8211; Looduslikud Feromoonid Reisile 9.5ml"},"content":{"rendered":"<div class=\"wpb-content-wrapper\"><p>[vc_row][vc_column][vc_column_text css=&#8221;&#8221; woodmart_inline=&#8221;no&#8221; text_larger=&#8221;no&#8221;]Sensuaalne naiselik orhidee parf\u00fc\u00fcm koos tr\u00fchvli loomuliku erootilise v\u00f5luga t\u00f5stab esile teie seksuaalse atraktiivsuse, suurendab teie enesekindlust ja muudab teid teiste silmis p\u00f5nevamaks, v\u00f5rgutavamaks ja ihaldusv\u00e4\u00e4rsemaks inimeseks. Tr\u00fchvli bioloogilised osakesed oma aroomiga stimuleerivad seksuaalset iha loomulikul viisil.<\/p>\n<p>Pihustuspudeli doseerimiss\u00fcsteem<br \/>\nLihtne kasutamine<br \/>\nMusta orhidee ja vanilli aroom<\/p>\n<p>Koostis:<br \/>\nAlkohol Denat, vesi, parf\u00fc\u00fcm, PEG\/PPG-14\/4 dimetikoon, gl\u00fctseriin, kaaliumsorbaat, mugula melanosporumi ekstrakt, bens\u00fc\u00fclsalits\u00fclaat, h\u00fcdroks\u00fctsitronellaal, limoneen, geraniool, linalool, kumariin, tsitronellool<\/p>\n<p>Kuidas kasutada:<br \/>\nParf\u00fc\u00fcmi v\u00f5ib pihustada asjadele v\u00f5i r\u00f5ivastele, v\u00f5i kanda otse tavalistele nahapiirkondadele.<\/p>\n<p>Ettevaatusabin\u00f5ud:<br \/>\n-\u00c4rge segage \u00fchegi teise parf\u00fc\u00fcmi v\u00f5i odekolonniga.<br \/>\n\u2013 Kosmeetikatoode ainult v\u00e4lispidiseks kasutamiseks.<br \/>\n\u2013 Mitte kasutada \u00fclitundlikkuse v\u00f5i allergia korral m\u00f5ne koostisosa suhtes.<br \/>\n\u2013 \u00c4rrituse korral l\u00f5petage kasutamine.<br \/>\n\u2013 \u00c4rge kandke silma\u00fcmbrusele ega haavadele.<br \/>\n\u2013 Mitte alla neelata.<br \/>\n\u2013 Hoida lastele k\u00e4ttesaamatus kohas.<br \/>\n\u2013 Hoida jahedas ja kuivas kohas ning kaitsta p\u00e4ikesevalguse eest.[\/vc_column_text][\/vc_column][\/vc_row]<\/p>\n<\/div>","protected":false},"excerpt":{"rendered":"<p>Sensuaalne naiselik parf\u00fc\u00fcm loodusliku tr\u00fchvli erootilise veetlusega t\u00f5stab esile teie seksuaalse atraktiivsuse, suurendab teie enesekindlust ja muudab teid teiste silmis p\u00f5nevamaks, v\u00f5rgutavamaks ja ihaldatumaks inimeseks.<\/p>\n","protected":false},"featured_media":91847,"template":"","meta":[],"product_brand":[4239],"product_cat":[1460,1469],"product_tag":[3013,3014],"class_list":{"0":"post-91845","1":"product","2":"type-product","3":"status-publish","4":"has-post-thumbnail","6":"product_brand-secret-play-et","7":"product_cat-apteek","8":"product_cat-parfuumid","9":"product_tag-secret-play-et","10":"product_tag-secretplay-et","11":"pa_brand-secret-play-et","13":"first","14":"instock","15":"taxable","16":"shipping-taxable","17":"purchasable","18":"product-type-simple"},"yoast_head":"<!-- This site is optimized with the Yoast SEO plugin v27.4 - https:\/\/yoast.com\/product\/yoast-seo-wordpress\/ -->\n<title>Orhidee Parf\u00fc\u00fcm Reisile | Lust and Love<\/title>\n<meta name=\"description\" content=\"Sensuaalne Musta Orhidee ja Vanilli parf\u00fc\u00fcm Salajane Orhidee reisipudelis toob esile su seksuaalse atraktiivsuse. Pudelis 9.5ml\" \/>\n<meta name=\"robots\" content=\"index,follow,max-snippet:-1,max-image-preview:large,max-video-preview:-1\" \/>\n<link rel=\"canonical\" href=\"https:\/\/lustandlove.eu\/et\/toode\/orhidee-parfuum-looduslikud-feromoonid-50ml-copy-2\/\" \/>\n<script type=\"application\/ld+json\" class=\"yoast-schema-graph\">{\"@context\":\"https:\\\/\\\/schema.org\",\"@graph\":[{\"@type\":[\"WebPage\",\"ItemPage\"],\"@id\":\"https:\\\/\\\/lustandlove.eu\\\/et\\\/toode\\\/orhidee-parfuum-looduslikud-feromoonid-50ml-copy-2\\\/\",\"url\":\"https:\\\/\\\/lustandlove.eu\\\/et\\\/toode\\\/orhidee-parfuum-looduslikud-feromoonid-50ml-copy-2\\\/\",\"name\":\"Orhidee Parf\u00fc\u00fcm Reisile | Lust and Love\",\"isPartOf\":{\"@id\":\"https:\\\/\\\/lustandlove.eu\\\/et\\\/#website\"},\"primaryImageOfPage\":{\"@id\":\"https:\\\/\\\/lustandlove.eu\\\/et\\\/toode\\\/orhidee-parfuum-looduslikud-feromoonid-50ml-copy-2\\\/#primaryimage\"},\"image\":{\"@id\":\"https:\\\/\\\/lustandlove.eu\\\/et\\\/toode\\\/orhidee-parfuum-looduslikud-feromoonid-50ml-copy-2\\\/#primaryimage\"},\"thumbnailUrl\":\"https:\\\/\\\/lustandlove.eu\\\/wp-content\\\/uploads\\\/3727_00.jpg\",\"datePublished\":\"2024-08-29T06:52:50+00:00\",\"dateModified\":\"2026-04-13T07:26:55+00:00\",\"description\":\"Sensuaalne Musta Orhidee ja Vanilli parf\u00fc\u00fcm Salajane Orhidee reisipudelis toob esile su seksuaalse atraktiivsuse. Pudelis 9.5ml\",\"breadcrumb\":{\"@id\":\"https:\\\/\\\/lustandlove.eu\\\/et\\\/toode\\\/orhidee-parfuum-looduslikud-feromoonid-50ml-copy-2\\\/#breadcrumb\"},\"inLanguage\":\"et\",\"potentialAction\":[{\"@type\":\"ReadAction\",\"target\":[\"https:\\\/\\\/lustandlove.eu\\\/et\\\/toode\\\/orhidee-parfuum-looduslikud-feromoonid-50ml-copy-2\\\/\"]}]},{\"@type\":\"ImageObject\",\"inLanguage\":\"et\",\"@id\":\"https:\\\/\\\/lustandlove.eu\\\/et\\\/toode\\\/orhidee-parfuum-looduslikud-feromoonid-50ml-copy-2\\\/#primaryimage\",\"url\":\"https:\\\/\\\/lustandlove.eu\\\/wp-content\\\/uploads\\\/3727_00.jpg\",\"contentUrl\":\"https:\\\/\\\/lustandlove.eu\\\/wp-content\\\/uploads\\\/3727_00.jpg\",\"width\":1080,\"height\":1080},{\"@type\":\"BreadcrumbList\",\"@id\":\"https:\\\/\\\/lustandlove.eu\\\/et\\\/toode\\\/orhidee-parfuum-looduslikud-feromoonid-50ml-copy-2\\\/#breadcrumb\",\"itemListElement\":[{\"@type\":\"ListItem\",\"position\":1,\"name\":\"Lust and Love\",\"item\":\"https:\\\/\\\/lustandlove.eu\\\/et\\\/\"},{\"@type\":\"ListItem\",\"position\":2,\"name\":\"Pood\",\"item\":\"https:\\\/\\\/lustandlove.eu\\\/et\\\/pood\\\/\"},{\"@type\":\"ListItem\",\"position\":3,\"name\":\"Libestid ja kehahooldus\",\"item\":\"https:\\\/\\\/lustandlove.eu\\\/et\\\/pood\\\/apteek\\\/\"},{\"@type\":\"ListItem\",\"position\":4,\"name\":\"Orhidee Parf\u00fc\u00fcm &#8211; Looduslikud Feromoonid Reisile 9.5ml\"}]},{\"@type\":\"WebSite\",\"@id\":\"https:\\\/\\\/lustandlove.eu\\\/et\\\/#website\",\"url\":\"https:\\\/\\\/lustandlove.eu\\\/et\\\/\",\"name\":\"Lust & Love\",\"description\":\"Online erootikapood tervise, ilu ja armastuse jaoks\",\"publisher\":{\"@id\":\"https:\\\/\\\/lustandlove.eu\\\/et\\\/#organization\"},\"potentialAction\":[{\"@type\":\"SearchAction\",\"target\":{\"@type\":\"EntryPoint\",\"urlTemplate\":\"https:\\\/\\\/lustandlove.eu\\\/et\\\/?s={search_term_string}\"},\"query-input\":{\"@type\":\"PropertyValueSpecification\",\"valueRequired\":true,\"valueName\":\"search_term_string\"}}],\"inLanguage\":\"et\"},{\"@type\":\"Organization\",\"@id\":\"https:\\\/\\\/lustandlove.eu\\\/et\\\/#organization\",\"name\":\"Bioconcept Baltics O\u00dc\",\"url\":\"https:\\\/\\\/lustandlove.eu\\\/et\\\/\",\"logo\":{\"@type\":\"ImageObject\",\"inLanguage\":\"et\",\"@id\":\"https:\\\/\\\/lustandlove.eu\\\/et\\\/#\\\/schema\\\/logo\\\/image\\\/\",\"url\":\"https:\\\/\\\/lustandlove.eu\\\/wp-content\\\/uploads\\\/logo-full-2.png\",\"contentUrl\":\"https:\\\/\\\/lustandlove.eu\\\/wp-content\\\/uploads\\\/logo-full-2.png\",\"width\":837,\"height\":200,\"caption\":\"Bioconcept Baltics O\u00dc\"},\"image\":{\"@id\":\"https:\\\/\\\/lustandlove.eu\\\/et\\\/#\\\/schema\\\/logo\\\/image\\\/\"},\"sameAs\":[\"https:\\\/\\\/www.facebook.com\\\/LustandLoveEU\\\/\",\"https:\\\/\\\/www.instagram.com\\\/lustandloveeu\\\/\"]}]}<\/script>\n<!-- \/ Yoast SEO plugin. -->","yoast_head_json":{"title":"Orhidee Parf\u00fc\u00fcm Reisile | Lust and Love","description":"Sensuaalne Musta Orhidee ja Vanilli parf\u00fc\u00fcm Salajane Orhidee reisipudelis toob esile su seksuaalse atraktiivsuse. Pudelis 9.5ml","robots":{"index,follow,max-snippet":"index,follow,max-snippet:-1,max-image-preview:large,max-video-preview:-1"},"canonical":"https:\/\/lustandlove.eu\/et\/toode\/orhidee-parfuum-looduslikud-feromoonid-50ml-copy-2\/","schema":{"@context":"https:\/\/schema.org","@graph":[{"@type":["WebPage","ItemPage"],"@id":"https:\/\/lustandlove.eu\/et\/toode\/orhidee-parfuum-looduslikud-feromoonid-50ml-copy-2\/","url":"https:\/\/lustandlove.eu\/et\/toode\/orhidee-parfuum-looduslikud-feromoonid-50ml-copy-2\/","name":"Orhidee Parf\u00fc\u00fcm Reisile | Lust and Love","isPartOf":{"@id":"https:\/\/lustandlove.eu\/et\/#website"},"primaryImageOfPage":{"@id":"https:\/\/lustandlove.eu\/et\/toode\/orhidee-parfuum-looduslikud-feromoonid-50ml-copy-2\/#primaryimage"},"image":{"@id":"https:\/\/lustandlove.eu\/et\/toode\/orhidee-parfuum-looduslikud-feromoonid-50ml-copy-2\/#primaryimage"},"thumbnailUrl":"https:\/\/lustandlove.eu\/wp-content\/uploads\/3727_00.jpg","datePublished":"2024-08-29T06:52:50+00:00","dateModified":"2026-04-13T07:26:55+00:00","description":"Sensuaalne Musta Orhidee ja Vanilli parf\u00fc\u00fcm Salajane Orhidee reisipudelis toob esile su seksuaalse atraktiivsuse. Pudelis 9.5ml","breadcrumb":{"@id":"https:\/\/lustandlove.eu\/et\/toode\/orhidee-parfuum-looduslikud-feromoonid-50ml-copy-2\/#breadcrumb"},"inLanguage":"et","potentialAction":[{"@type":"ReadAction","target":["https:\/\/lustandlove.eu\/et\/toode\/orhidee-parfuum-looduslikud-feromoonid-50ml-copy-2\/"]}]},{"@type":"ImageObject","inLanguage":"et","@id":"https:\/\/lustandlove.eu\/et\/toode\/orhidee-parfuum-looduslikud-feromoonid-50ml-copy-2\/#primaryimage","url":"https:\/\/lustandlove.eu\/wp-content\/uploads\/3727_00.jpg","contentUrl":"https:\/\/lustandlove.eu\/wp-content\/uploads\/3727_00.jpg","width":1080,"height":1080},{"@type":"BreadcrumbList","@id":"https:\/\/lustandlove.eu\/et\/toode\/orhidee-parfuum-looduslikud-feromoonid-50ml-copy-2\/#breadcrumb","itemListElement":[{"@type":"ListItem","position":1,"name":"Lust and Love","item":"https:\/\/lustandlove.eu\/et\/"},{"@type":"ListItem","position":2,"name":"Pood","item":"https:\/\/lustandlove.eu\/et\/pood\/"},{"@type":"ListItem","position":3,"name":"Libestid ja kehahooldus","item":"https:\/\/lustandlove.eu\/et\/pood\/apteek\/"},{"@type":"ListItem","position":4,"name":"Orhidee Parf\u00fc\u00fcm &#8211; Looduslikud Feromoonid Reisile 9.5ml"}]},{"@type":"WebSite","@id":"https:\/\/lustandlove.eu\/et\/#website","url":"https:\/\/lustandlove.eu\/et\/","name":"Lust & Love","description":"Online erootikapood tervise, ilu ja armastuse jaoks","publisher":{"@id":"https:\/\/lustandlove.eu\/et\/#organization"},"potentialAction":[{"@type":"SearchAction","target":{"@type":"EntryPoint","urlTemplate":"https:\/\/lustandlove.eu\/et\/?s={search_term_string}"},"query-input":{"@type":"PropertyValueSpecification","valueRequired":true,"valueName":"search_term_string"}}],"inLanguage":"et"},{"@type":"Organization","@id":"https:\/\/lustandlove.eu\/et\/#organization","name":"Bioconcept Baltics O\u00dc","url":"https:\/\/lustandlove.eu\/et\/","logo":{"@type":"ImageObject","inLanguage":"et","@id":"https:\/\/lustandlove.eu\/et\/#\/schema\/logo\/image\/","url":"https:\/\/lustandlove.eu\/wp-content\/uploads\/logo-full-2.png","contentUrl":"https:\/\/lustandlove.eu\/wp-content\/uploads\/logo-full-2.png","width":837,"height":200,"caption":"Bioconcept Baltics O\u00dc"},"image":{"@id":"https:\/\/lustandlove.eu\/et\/#\/schema\/logo\/image\/"},"sameAs":["https:\/\/www.facebook.com\/LustandLoveEU\/","https:\/\/www.instagram.com\/lustandloveeu\/"]}]}},"_links":{"self":[{"href":"https:\/\/lustandlove.eu\/et\/wp-json\/wp\/v2\/product\/91845","targetHints":{"allow":["GET"]}}],"collection":[{"href":"https:\/\/lustandlove.eu\/et\/wp-json\/wp\/v2\/product"}],"about":[{"href":"https:\/\/lustandlove.eu\/et\/wp-json\/wp\/v2\/types\/product"}],"wp:featuredmedia":[{"embeddable":true,"href":"https:\/\/lustandlove.eu\/et\/wp-json\/wp\/v2\/media\/91847"}],"wp:attachment":[{"href":"https:\/\/lustandlove.eu\/et\/wp-json\/wp\/v2\/media?parent=91845"}],"wp:term":[{"taxonomy":"product_brand","embeddable":true,"href":"https:\/\/lustandlove.eu\/et\/wp-json\/wp\/v2\/product_brand?post=91845"},{"taxonomy":"product_cat","embeddable":true,"href":"https:\/\/lustandlove.eu\/et\/wp-json\/wp\/v2\/product_cat?post=91845"},{"taxonomy":"product_tag","embeddable":true,"href":"https:\/\/lustandlove.eu\/et\/wp-json\/wp\/v2\/product_tag?post=91845"}],"curies":[{"name":"wp","href":"https:\/\/api.w.org\/{rel}","templated":true}]}}