{"id":91853,"date":"2024-08-29T10:37:10","date_gmt":"2024-08-29T07:37:11","guid":{"rendered":"https:\/\/www.lustandlove.eu\/?post_type=product&#038;p=91853"},"modified":"2026-04-13T10:26:54","modified_gmt":"2026-04-13T07:26:54","slug":"hera-flex-rabbit-vibraator-copy","status":"publish","type":"product","link":"https:\/\/lustandlove.eu\/et\/toode\/hera-flex-rabbit-vibraator-copy\/","title":{"rendered":"Egon Vibreeriv Anaaltapp P-punkti m\u00f5nudeks"},"content":{"rendered":"<p>Egoni vibreeriv anaaltapp on loodud mitmek\u00fclgse kogemuse jaoks. Nimel, mis t\u00e4hendab m\u00f5\u00f5gaga tugev, on v\u00f5imsad kolmnurksed servad, mis pakuvad kandjale kas rohkem v\u00f5i v\u00e4hem intensiivset tunnet P-punktis v\u00f5i G-punktis. See on siidiselt pehme silikoon ja suur kasv loovad erootilise j\u00f5u tunde. V\u00f5imsalt madala sagedusega m\u00fcrisev vibratsioon tungib teie naudingukohtadesse s\u00fcgavalt seest.<\/p>\n<p>Anaalm\u00e4ng on k\u00f5igile nauditav. Egon sobib suurep\u00e4raselt neile, kes soovivad omada tugevat ja v\u00f5imsat m\u00fcriseva vibratsiooniga tappi. Nagu iga anaalse m\u00e4nguasjaga, on libesti kasutame oluline Ssoovitame veep\u00f5hist libestit.<\/p>\n<p>Egonil on peal reisilukk, lukustamiseks ja avamiseks hoidke lihtsalt + ja \u2013 nuppu koos all.<\/p>\n<p>Bluetoothi \u200b\u200bkaugjuhtimispult loob \u00fchenduse, kui olete m\u00e4nguasja sisse l\u00fclitanud \u2013 siis algab t\u00f5eline l\u00f5bu.<\/p>\n","protected":false},"excerpt":{"rendered":"<p>Egoni vibreeriv anaaltapp vastab oma nimekaimule, pakkudes tugevaid kolmnurkseid servi, mis avaldavad sisestamisel P-punktile survet. Egon sobib neile, kes otsivad intensiivset tugevat tappi.<\/p>\n","protected":false},"featured_media":91855,"template":"","meta":[],"product_brand":[4211],"product_cat":[1491,1484],"product_tag":[3706,3609,1510,4088,3781,3707],"class_list":{"0":"post-91853","1":"product","2":"type-product","3":"status-publish","4":"has-post-thumbnail","6":"product_brand-je-joue-et","7":"product_cat-anaallelud","8":"product_cat-sekslelud","9":"product_tag-anaal-tapp","10":"product_tag-anaaltapp-et","11":"product_tag-anaaltapp","12":"product_tag-bf30-et","13":"product_tag-must-reede","14":"product_tag-vibreeriv","15":"pa_brand-je-joue-et","17":"first","18":"instock","19":"taxable","20":"shipping-taxable","21":"purchasable","22":"product-type-simple"},"yoast_head":"<!-- This site is optimized with the Yoast SEO plugin v27.3 - https:\/\/yoast.com\/product\/yoast-seo-wordpress\/ -->\n<title>Egon Vibreeriv Anaaltapp P-punkti m\u00f5nudeks | Lust and Love<\/title>\n<meta name=\"description\" content=\"Egon vibreeriv anaaltapp sobib neile, kes otsivad intensiivset tugevat tappi. Kaasasoleva puldiga saad leluga m\u00e4ngida, kuidas ise soovid.\" \/>\n<meta name=\"robots\" content=\"index,follow,max-snippet:-1,max-image-preview:large,max-video-preview:-1\" \/>\n<link rel=\"canonical\" href=\"https:\/\/lustandlove.eu\/et\/toode\/hera-flex-rabbit-vibraator-copy\/\" \/>\n<meta name=\"twitter:card\" content=\"summary_large_image\" \/>\n<meta name=\"twitter:title\" content=\"Egon Vibreeriv Anaaltapp P-punkti m\u00f5nudeks | Lust and Love\" \/>\n<meta name=\"twitter:description\" content=\"Egon vibreeriv anaaltapp sobib neile, kes otsivad intensiivset tugevat tappi. Kaasasoleva puldiga saad leluga m\u00e4ngida, kuidas ise soovid.\" \/>\n<meta name=\"twitter:image\" content=\"https:\/\/lustandlove.eu\/wp-content\/uploads\/Untitleddesign_6_1.png\" \/>\n<meta name=\"twitter:label1\" content=\"Est. reading time\" \/>\n\t<meta name=\"twitter:data1\" content=\"1 minut\" \/>\n<script type=\"application\/ld+json\" class=\"yoast-schema-graph\">{\"@context\":\"https:\\\/\\\/schema.org\",\"@graph\":[{\"@type\":[\"WebPage\",\"ItemPage\"],\"@id\":\"https:\\\/\\\/lustandlove.eu\\\/et\\\/toode\\\/hera-flex-rabbit-vibraator-copy\\\/\",\"url\":\"https:\\\/\\\/lustandlove.eu\\\/et\\\/toode\\\/hera-flex-rabbit-vibraator-copy\\\/\",\"name\":\"Egon Vibreeriv Anaaltapp P-punkti m\u00f5nudeks | Lust and Love\",\"isPartOf\":{\"@id\":\"https:\\\/\\\/lustandlove.eu\\\/et\\\/#website\"},\"primaryImageOfPage\":{\"@id\":\"https:\\\/\\\/lustandlove.eu\\\/et\\\/toode\\\/hera-flex-rabbit-vibraator-copy\\\/#primaryimage\"},\"image\":{\"@id\":\"https:\\\/\\\/lustandlove.eu\\\/et\\\/toode\\\/hera-flex-rabbit-vibraator-copy\\\/#primaryimage\"},\"thumbnailUrl\":\"https:\\\/\\\/lustandlove.eu\\\/wp-content\\\/uploads\\\/Untitleddesign_6_1.png\",\"datePublished\":\"2024-08-29T07:37:11+00:00\",\"dateModified\":\"2026-04-13T07:26:54+00:00\",\"description\":\"Egon vibreeriv anaaltapp sobib neile, kes otsivad intensiivset tugevat tappi. Kaasasoleva puldiga saad leluga m\u00e4ngida, kuidas ise soovid.\",\"breadcrumb\":{\"@id\":\"https:\\\/\\\/lustandlove.eu\\\/et\\\/toode\\\/hera-flex-rabbit-vibraator-copy\\\/#breadcrumb\"},\"inLanguage\":\"et\",\"potentialAction\":[{\"@type\":\"ReadAction\",\"target\":[\"https:\\\/\\\/lustandlove.eu\\\/et\\\/toode\\\/hera-flex-rabbit-vibraator-copy\\\/\"]}]},{\"@type\":\"ImageObject\",\"inLanguage\":\"et\",\"@id\":\"https:\\\/\\\/lustandlove.eu\\\/et\\\/toode\\\/hera-flex-rabbit-vibraator-copy\\\/#primaryimage\",\"url\":\"https:\\\/\\\/lustandlove.eu\\\/wp-content\\\/uploads\\\/Untitleddesign_6_1.png\",\"contentUrl\":\"https:\\\/\\\/lustandlove.eu\\\/wp-content\\\/uploads\\\/Untitleddesign_6_1.png\",\"width\":658,\"height\":658},{\"@type\":\"BreadcrumbList\",\"@id\":\"https:\\\/\\\/lustandlove.eu\\\/et\\\/toode\\\/hera-flex-rabbit-vibraator-copy\\\/#breadcrumb\",\"itemListElement\":[{\"@type\":\"ListItem\",\"position\":1,\"name\":\"Lust and Love\",\"item\":\"https:\\\/\\\/lustandlove.eu\\\/et\\\/\"},{\"@type\":\"ListItem\",\"position\":2,\"name\":\"Pood\",\"item\":\"https:\\\/\\\/lustandlove.eu\\\/et\\\/pood\\\/\"},{\"@type\":\"ListItem\",\"position\":3,\"name\":\"Sekslelud\",\"item\":\"https:\\\/\\\/lustandlove.eu\\\/et\\\/pood\\\/sekslelud\\\/\"},{\"@type\":\"ListItem\",\"position\":4,\"name\":\"Anaallelud\",\"item\":\"https:\\\/\\\/lustandlove.eu\\\/et\\\/pood\\\/sekslelud\\\/anaallelud\\\/\"},{\"@type\":\"ListItem\",\"position\":5,\"name\":\"Egon Vibreeriv Anaaltapp P-punkti m\u00f5nudeks\"}]},{\"@type\":\"WebSite\",\"@id\":\"https:\\\/\\\/lustandlove.eu\\\/et\\\/#website\",\"url\":\"https:\\\/\\\/lustandlove.eu\\\/et\\\/\",\"name\":\"Lust &amp; Love\",\"description\":\"Online erootikapood tervise, ilu ja armastuse jaoks\",\"publisher\":{\"@id\":\"https:\\\/\\\/lustandlove.eu\\\/et\\\/#organization\"},\"potentialAction\":[{\"@type\":\"SearchAction\",\"target\":{\"@type\":\"EntryPoint\",\"urlTemplate\":\"https:\\\/\\\/lustandlove.eu\\\/et\\\/?s={search_term_string}\"},\"query-input\":{\"@type\":\"PropertyValueSpecification\",\"valueRequired\":true,\"valueName\":\"search_term_string\"}}],\"inLanguage\":\"et\"},{\"@type\":\"Organization\",\"@id\":\"https:\\\/\\\/lustandlove.eu\\\/et\\\/#organization\",\"name\":\"Bioconcept Baltics O\u00dc\",\"url\":\"https:\\\/\\\/lustandlove.eu\\\/et\\\/\",\"logo\":{\"@type\":\"ImageObject\",\"inLanguage\":\"et\",\"@id\":\"https:\\\/\\\/lustandlove.eu\\\/et\\\/#\\\/schema\\\/logo\\\/image\\\/\",\"url\":\"\",\"contentUrl\":\"\",\"caption\":\"Bioconcept Baltics O\u00dc\"},\"image\":{\"@id\":\"https:\\\/\\\/lustandlove.eu\\\/et\\\/#\\\/schema\\\/logo\\\/image\\\/\"},\"sameAs\":[\"https:\\\/\\\/www.facebook.com\\\/LustandLoveEU\\\/\",\"https:\\\/\\\/www.instagram.com\\\/lustandloveeu\\\/\"]}]}<\/script>\n<!-- \/ Yoast SEO plugin. -->","yoast_head_json":{"title":"Egon Vibreeriv Anaaltapp P-punkti m\u00f5nudeks | Lust and Love","description":"Egon vibreeriv anaaltapp sobib neile, kes otsivad intensiivset tugevat tappi. Kaasasoleva puldiga saad leluga m\u00e4ngida, kuidas ise soovid.","robots":{"index,follow,max-snippet":"index,follow,max-snippet:-1,max-image-preview:large,max-video-preview:-1"},"canonical":"https:\/\/lustandlove.eu\/et\/toode\/hera-flex-rabbit-vibraator-copy\/","twitter_card":"summary_large_image","twitter_title":"Egon Vibreeriv Anaaltapp P-punkti m\u00f5nudeks | Lust and Love","twitter_description":"Egon vibreeriv anaaltapp sobib neile, kes otsivad intensiivset tugevat tappi. Kaasasoleva puldiga saad leluga m\u00e4ngida, kuidas ise soovid.","twitter_image":"https:\/\/lustandlove.eu\/wp-content\/uploads\/Untitleddesign_6_1.png","twitter_misc":{"Est. reading time":"1 minut"},"schema":{"@context":"https:\/\/schema.org","@graph":[{"@type":["WebPage","ItemPage"],"@id":"https:\/\/lustandlove.eu\/et\/toode\/hera-flex-rabbit-vibraator-copy\/","url":"https:\/\/lustandlove.eu\/et\/toode\/hera-flex-rabbit-vibraator-copy\/","name":"Egon Vibreeriv Anaaltapp P-punkti m\u00f5nudeks | Lust and Love","isPartOf":{"@id":"https:\/\/lustandlove.eu\/et\/#website"},"primaryImageOfPage":{"@id":"https:\/\/lustandlove.eu\/et\/toode\/hera-flex-rabbit-vibraator-copy\/#primaryimage"},"image":{"@id":"https:\/\/lustandlove.eu\/et\/toode\/hera-flex-rabbit-vibraator-copy\/#primaryimage"},"thumbnailUrl":"https:\/\/lustandlove.eu\/wp-content\/uploads\/Untitleddesign_6_1.png","datePublished":"2024-08-29T07:37:11+00:00","dateModified":"2026-04-13T07:26:54+00:00","description":"Egon vibreeriv anaaltapp sobib neile, kes otsivad intensiivset tugevat tappi. Kaasasoleva puldiga saad leluga m\u00e4ngida, kuidas ise soovid.","breadcrumb":{"@id":"https:\/\/lustandlove.eu\/et\/toode\/hera-flex-rabbit-vibraator-copy\/#breadcrumb"},"inLanguage":"et","potentialAction":[{"@type":"ReadAction","target":["https:\/\/lustandlove.eu\/et\/toode\/hera-flex-rabbit-vibraator-copy\/"]}]},{"@type":"ImageObject","inLanguage":"et","@id":"https:\/\/lustandlove.eu\/et\/toode\/hera-flex-rabbit-vibraator-copy\/#primaryimage","url":"https:\/\/lustandlove.eu\/wp-content\/uploads\/Untitleddesign_6_1.png","contentUrl":"https:\/\/lustandlove.eu\/wp-content\/uploads\/Untitleddesign_6_1.png","width":658,"height":658},{"@type":"BreadcrumbList","@id":"https:\/\/lustandlove.eu\/et\/toode\/hera-flex-rabbit-vibraator-copy\/#breadcrumb","itemListElement":[{"@type":"ListItem","position":1,"name":"Lust and Love","item":"https:\/\/lustandlove.eu\/et\/"},{"@type":"ListItem","position":2,"name":"Pood","item":"https:\/\/lustandlove.eu\/et\/pood\/"},{"@type":"ListItem","position":3,"name":"Sekslelud","item":"https:\/\/lustandlove.eu\/et\/pood\/sekslelud\/"},{"@type":"ListItem","position":4,"name":"Anaallelud","item":"https:\/\/lustandlove.eu\/et\/pood\/sekslelud\/anaallelud\/"},{"@type":"ListItem","position":5,"name":"Egon Vibreeriv Anaaltapp P-punkti m\u00f5nudeks"}]},{"@type":"WebSite","@id":"https:\/\/lustandlove.eu\/et\/#website","url":"https:\/\/lustandlove.eu\/et\/","name":"Lust &amp; Love","description":"Online erootikapood tervise, ilu ja armastuse jaoks","publisher":{"@id":"https:\/\/lustandlove.eu\/et\/#organization"},"potentialAction":[{"@type":"SearchAction","target":{"@type":"EntryPoint","urlTemplate":"https:\/\/lustandlove.eu\/et\/?s={search_term_string}"},"query-input":{"@type":"PropertyValueSpecification","valueRequired":true,"valueName":"search_term_string"}}],"inLanguage":"et"},{"@type":"Organization","@id":"https:\/\/lustandlove.eu\/et\/#organization","name":"Bioconcept Baltics O\u00dc","url":"https:\/\/lustandlove.eu\/et\/","logo":{"@type":"ImageObject","inLanguage":"et","@id":"https:\/\/lustandlove.eu\/et\/#\/schema\/logo\/image\/","url":"","contentUrl":"","caption":"Bioconcept Baltics O\u00dc"},"image":{"@id":"https:\/\/lustandlove.eu\/et\/#\/schema\/logo\/image\/"},"sameAs":["https:\/\/www.facebook.com\/LustandLoveEU\/","https:\/\/www.instagram.com\/lustandloveeu\/"]}]}},"_links":{"self":[{"href":"https:\/\/lustandlove.eu\/et\/wp-json\/wp\/v2\/product\/91853","targetHints":{"allow":["GET"]}}],"collection":[{"href":"https:\/\/lustandlove.eu\/et\/wp-json\/wp\/v2\/product"}],"about":[{"href":"https:\/\/lustandlove.eu\/et\/wp-json\/wp\/v2\/types\/product"}],"wp:featuredmedia":[{"embeddable":true,"href":"https:\/\/lustandlove.eu\/et\/wp-json\/wp\/v2\/media\/91855"}],"wp:attachment":[{"href":"https:\/\/lustandlove.eu\/et\/wp-json\/wp\/v2\/media?parent=91853"}],"wp:term":[{"taxonomy":"product_brand","embeddable":true,"href":"https:\/\/lustandlove.eu\/et\/wp-json\/wp\/v2\/product_brand?post=91853"},{"taxonomy":"product_cat","embeddable":true,"href":"https:\/\/lustandlove.eu\/et\/wp-json\/wp\/v2\/product_cat?post=91853"},{"taxonomy":"product_tag","embeddable":true,"href":"https:\/\/lustandlove.eu\/et\/wp-json\/wp\/v2\/product_tag?post=91853"}],"curies":[{"name":"wp","href":"https:\/\/api.w.org\/{rel}","templated":true}]}}