{"id":91894,"date":"2024-08-29T11:54:16","date_gmt":"2024-08-29T08:54:17","guid":{"rendered":"https:\/\/www.lustandlove.eu\/?post_type=product&#038;p=91894"},"modified":"2026-04-13T10:26:54","modified_gmt":"2026-04-13T07:26:54","slug":"vesta-vibreeriv-anaaltapp-copy","status":"publish","type":"product","link":"https:\/\/lustandlove.eu\/et\/toode\/vesta-vibreeriv-anaaltapp-copy\/","title":{"rendered":"Onyx Vibreeriv Anaaltapp"},"content":{"rendered":"<p>Onyxi vibreeriv anaaltapp on loodud kaalukaks kogemuseks. Selle nimi t\u00e4hendab musta v\u00e4\u00e4riskivi, ja sellest inspireeritult on mitmed kalliskivitaolised servad, mis annavad kandjale sensatsioonilise t\u00e4istunde. Selle siidiselt pehme silikoon ja raske keha v\u00f5imaldavad ainulaadselt meeldivat kasutamist. V\u00f5imsalt madala sagedusega m\u00fcrisev vibratsioon tungib teie naudingukohtadesse s\u00fcgavalt seest.<\/p>\n<p>Onyxi vibreeriv anaaltapp pakub kaalutud kogemust, mille eesm\u00e4rk on pakkuda kandmisel tugevat positiivset energiat v\u00f5imsatest madala sagedusega vibratsioonidest. Kuusnurkne kuju pakub teile kandmise ajal ettearvamatuid m\u00f5nusid.<\/p>\n<p>Onyxil on peal reisilukk, lukustamiseks ja avamiseks hoidke lihtsalt + ja \u2013 nuppu koos all.<\/p>\n<p>Bluetoothi \u200b\u200bkaugjuhtimispult loob \u00fchenduse, kui olete m\u00e4nguasja sisse l\u00fclitanud \u2013 siis algab t\u00f5eline l\u00f5bu.<\/p>\n","protected":false},"excerpt":{"rendered":"<p>Kaalukas kuusnurkne vibreeriv anaaltapp Onyx on perfetkne neile, kes otsivad veidi raskemat kogemust.<\/p>\n","protected":false},"featured_media":91885,"template":"","meta":[],"product_brand":[4211],"product_cat":[1491,1484],"product_tag":[3706,3609,1510,4088,3781,3707],"class_list":{"0":"post-91894","1":"product","2":"type-product","3":"status-publish","4":"has-post-thumbnail","6":"product_brand-je-joue-et","7":"product_cat-anaallelud","8":"product_cat-sekslelud","9":"product_tag-anaal-tapp","10":"product_tag-anaaltapp-et","11":"product_tag-anaaltapp","12":"product_tag-bf30-et","13":"product_tag-must-reede","14":"product_tag-vibreeriv","15":"pa_brand-je-joue-et","17":"first","18":"instock","19":"taxable","20":"shipping-taxable","21":"purchasable","22":"product-type-simple"},"yoast_head":"<!-- This site is optimized with the Yoast SEO plugin v27.3 - https:\/\/yoast.com\/product\/yoast-seo-wordpress\/ -->\n<title>Onyx Vibreeriv Anaaltapp | Lust and Love<\/title>\n<meta name=\"description\" content=\"Onyx vibreeriv anaaltapp sobib neile, kes otsivad natuke raskemat anaaltappi. Kaasasoleva puldiga saad leluga m\u00e4ngida, kuidas ise soovid.\" \/>\n<meta name=\"robots\" content=\"index,follow,max-snippet:-1,max-image-preview:large,max-video-preview:-1\" \/>\n<link rel=\"canonical\" href=\"https:\/\/lustandlove.eu\/et\/toode\/vesta-vibreeriv-anaaltapp-copy\/\" \/>\n<meta name=\"twitter:card\" content=\"summary_large_image\" \/>\n<meta name=\"twitter:title\" content=\"Onyx Vibreeriv Anaaltapp | Lust and Love\" \/>\n<meta name=\"twitter:description\" content=\"Onyx vibreeriv anaaltapp sobib neile, kes otsivad natuke raskemat anaaltappi. Kaasasoleva puldiga saad leluga m\u00e4ngida, kuidas ise soovid.\" \/>\n<meta name=\"twitter:image\" content=\"https:\/\/lustandlove.eu\/wp-content\/uploads\/Untitleddesign_7_1.png\" \/>\n<meta name=\"twitter:label1\" content=\"Est. reading time\" \/>\n\t<meta name=\"twitter:data1\" content=\"1 minut\" \/>\n<script type=\"application\/ld+json\" class=\"yoast-schema-graph\">{\"@context\":\"https:\\\/\\\/schema.org\",\"@graph\":[{\"@type\":[\"WebPage\",\"ItemPage\"],\"@id\":\"https:\\\/\\\/lustandlove.eu\\\/et\\\/toode\\\/vesta-vibreeriv-anaaltapp-copy\\\/\",\"url\":\"https:\\\/\\\/lustandlove.eu\\\/et\\\/toode\\\/vesta-vibreeriv-anaaltapp-copy\\\/\",\"name\":\"Onyx Vibreeriv Anaaltapp | Lust and Love\",\"isPartOf\":{\"@id\":\"https:\\\/\\\/lustandlove.eu\\\/et\\\/#website\"},\"primaryImageOfPage\":{\"@id\":\"https:\\\/\\\/lustandlove.eu\\\/et\\\/toode\\\/vesta-vibreeriv-anaaltapp-copy\\\/#primaryimage\"},\"image\":{\"@id\":\"https:\\\/\\\/lustandlove.eu\\\/et\\\/toode\\\/vesta-vibreeriv-anaaltapp-copy\\\/#primaryimage\"},\"thumbnailUrl\":\"https:\\\/\\\/lustandlove.eu\\\/wp-content\\\/uploads\\\/Untitleddesign_7_1.png\",\"datePublished\":\"2024-08-29T08:54:17+00:00\",\"dateModified\":\"2026-04-13T07:26:54+00:00\",\"description\":\"Onyx vibreeriv anaaltapp sobib neile, kes otsivad natuke raskemat anaaltappi. Kaasasoleva puldiga saad leluga m\u00e4ngida, kuidas ise soovid.\",\"breadcrumb\":{\"@id\":\"https:\\\/\\\/lustandlove.eu\\\/et\\\/toode\\\/vesta-vibreeriv-anaaltapp-copy\\\/#breadcrumb\"},\"inLanguage\":\"et\",\"potentialAction\":[{\"@type\":\"ReadAction\",\"target\":[\"https:\\\/\\\/lustandlove.eu\\\/et\\\/toode\\\/vesta-vibreeriv-anaaltapp-copy\\\/\"]}]},{\"@type\":\"ImageObject\",\"inLanguage\":\"et\",\"@id\":\"https:\\\/\\\/lustandlove.eu\\\/et\\\/toode\\\/vesta-vibreeriv-anaaltapp-copy\\\/#primaryimage\",\"url\":\"https:\\\/\\\/lustandlove.eu\\\/wp-content\\\/uploads\\\/Untitleddesign_7_1.png\",\"contentUrl\":\"https:\\\/\\\/lustandlove.eu\\\/wp-content\\\/uploads\\\/Untitleddesign_7_1.png\",\"width\":658,\"height\":658},{\"@type\":\"BreadcrumbList\",\"@id\":\"https:\\\/\\\/lustandlove.eu\\\/et\\\/toode\\\/vesta-vibreeriv-anaaltapp-copy\\\/#breadcrumb\",\"itemListElement\":[{\"@type\":\"ListItem\",\"position\":1,\"name\":\"Lust and Love\",\"item\":\"https:\\\/\\\/lustandlove.eu\\\/et\\\/\"},{\"@type\":\"ListItem\",\"position\":2,\"name\":\"Pood\",\"item\":\"https:\\\/\\\/lustandlove.eu\\\/et\\\/pood\\\/\"},{\"@type\":\"ListItem\",\"position\":3,\"name\":\"Sekslelud\",\"item\":\"https:\\\/\\\/lustandlove.eu\\\/et\\\/pood\\\/sekslelud\\\/\"},{\"@type\":\"ListItem\",\"position\":4,\"name\":\"Anaallelud\",\"item\":\"https:\\\/\\\/lustandlove.eu\\\/et\\\/pood\\\/sekslelud\\\/anaallelud\\\/\"},{\"@type\":\"ListItem\",\"position\":5,\"name\":\"Onyx Vibreeriv Anaaltapp\"}]},{\"@type\":\"WebSite\",\"@id\":\"https:\\\/\\\/lustandlove.eu\\\/et\\\/#website\",\"url\":\"https:\\\/\\\/lustandlove.eu\\\/et\\\/\",\"name\":\"Lust &amp; Love\",\"description\":\"Online erootikapood tervise, ilu ja armastuse jaoks\",\"publisher\":{\"@id\":\"https:\\\/\\\/lustandlove.eu\\\/et\\\/#organization\"},\"potentialAction\":[{\"@type\":\"SearchAction\",\"target\":{\"@type\":\"EntryPoint\",\"urlTemplate\":\"https:\\\/\\\/lustandlove.eu\\\/et\\\/?s={search_term_string}\"},\"query-input\":{\"@type\":\"PropertyValueSpecification\",\"valueRequired\":true,\"valueName\":\"search_term_string\"}}],\"inLanguage\":\"et\"},{\"@type\":\"Organization\",\"@id\":\"https:\\\/\\\/lustandlove.eu\\\/et\\\/#organization\",\"name\":\"Bioconcept Baltics O\u00dc\",\"url\":\"https:\\\/\\\/lustandlove.eu\\\/et\\\/\",\"logo\":{\"@type\":\"ImageObject\",\"inLanguage\":\"et\",\"@id\":\"https:\\\/\\\/lustandlove.eu\\\/et\\\/#\\\/schema\\\/logo\\\/image\\\/\",\"url\":\"\",\"contentUrl\":\"\",\"caption\":\"Bioconcept Baltics O\u00dc\"},\"image\":{\"@id\":\"https:\\\/\\\/lustandlove.eu\\\/et\\\/#\\\/schema\\\/logo\\\/image\\\/\"},\"sameAs\":[\"https:\\\/\\\/www.facebook.com\\\/LustandLoveEU\\\/\",\"https:\\\/\\\/www.instagram.com\\\/lustandloveeu\\\/\"]}]}<\/script>\n<!-- \/ Yoast SEO plugin. -->","yoast_head_json":{"title":"Onyx Vibreeriv Anaaltapp | Lust and Love","description":"Onyx vibreeriv anaaltapp sobib neile, kes otsivad natuke raskemat anaaltappi. Kaasasoleva puldiga saad leluga m\u00e4ngida, kuidas ise soovid.","robots":{"index,follow,max-snippet":"index,follow,max-snippet:-1,max-image-preview:large,max-video-preview:-1"},"canonical":"https:\/\/lustandlove.eu\/et\/toode\/vesta-vibreeriv-anaaltapp-copy\/","twitter_card":"summary_large_image","twitter_title":"Onyx Vibreeriv Anaaltapp | Lust and Love","twitter_description":"Onyx vibreeriv anaaltapp sobib neile, kes otsivad natuke raskemat anaaltappi. Kaasasoleva puldiga saad leluga m\u00e4ngida, kuidas ise soovid.","twitter_image":"https:\/\/lustandlove.eu\/wp-content\/uploads\/Untitleddesign_7_1.png","twitter_misc":{"Est. reading time":"1 minut"},"schema":{"@context":"https:\/\/schema.org","@graph":[{"@type":["WebPage","ItemPage"],"@id":"https:\/\/lustandlove.eu\/et\/toode\/vesta-vibreeriv-anaaltapp-copy\/","url":"https:\/\/lustandlove.eu\/et\/toode\/vesta-vibreeriv-anaaltapp-copy\/","name":"Onyx Vibreeriv Anaaltapp | Lust and Love","isPartOf":{"@id":"https:\/\/lustandlove.eu\/et\/#website"},"primaryImageOfPage":{"@id":"https:\/\/lustandlove.eu\/et\/toode\/vesta-vibreeriv-anaaltapp-copy\/#primaryimage"},"image":{"@id":"https:\/\/lustandlove.eu\/et\/toode\/vesta-vibreeriv-anaaltapp-copy\/#primaryimage"},"thumbnailUrl":"https:\/\/lustandlove.eu\/wp-content\/uploads\/Untitleddesign_7_1.png","datePublished":"2024-08-29T08:54:17+00:00","dateModified":"2026-04-13T07:26:54+00:00","description":"Onyx vibreeriv anaaltapp sobib neile, kes otsivad natuke raskemat anaaltappi. Kaasasoleva puldiga saad leluga m\u00e4ngida, kuidas ise soovid.","breadcrumb":{"@id":"https:\/\/lustandlove.eu\/et\/toode\/vesta-vibreeriv-anaaltapp-copy\/#breadcrumb"},"inLanguage":"et","potentialAction":[{"@type":"ReadAction","target":["https:\/\/lustandlove.eu\/et\/toode\/vesta-vibreeriv-anaaltapp-copy\/"]}]},{"@type":"ImageObject","inLanguage":"et","@id":"https:\/\/lustandlove.eu\/et\/toode\/vesta-vibreeriv-anaaltapp-copy\/#primaryimage","url":"https:\/\/lustandlove.eu\/wp-content\/uploads\/Untitleddesign_7_1.png","contentUrl":"https:\/\/lustandlove.eu\/wp-content\/uploads\/Untitleddesign_7_1.png","width":658,"height":658},{"@type":"BreadcrumbList","@id":"https:\/\/lustandlove.eu\/et\/toode\/vesta-vibreeriv-anaaltapp-copy\/#breadcrumb","itemListElement":[{"@type":"ListItem","position":1,"name":"Lust and Love","item":"https:\/\/lustandlove.eu\/et\/"},{"@type":"ListItem","position":2,"name":"Pood","item":"https:\/\/lustandlove.eu\/et\/pood\/"},{"@type":"ListItem","position":3,"name":"Sekslelud","item":"https:\/\/lustandlove.eu\/et\/pood\/sekslelud\/"},{"@type":"ListItem","position":4,"name":"Anaallelud","item":"https:\/\/lustandlove.eu\/et\/pood\/sekslelud\/anaallelud\/"},{"@type":"ListItem","position":5,"name":"Onyx Vibreeriv Anaaltapp"}]},{"@type":"WebSite","@id":"https:\/\/lustandlove.eu\/et\/#website","url":"https:\/\/lustandlove.eu\/et\/","name":"Lust &amp; Love","description":"Online erootikapood tervise, ilu ja armastuse jaoks","publisher":{"@id":"https:\/\/lustandlove.eu\/et\/#organization"},"potentialAction":[{"@type":"SearchAction","target":{"@type":"EntryPoint","urlTemplate":"https:\/\/lustandlove.eu\/et\/?s={search_term_string}"},"query-input":{"@type":"PropertyValueSpecification","valueRequired":true,"valueName":"search_term_string"}}],"inLanguage":"et"},{"@type":"Organization","@id":"https:\/\/lustandlove.eu\/et\/#organization","name":"Bioconcept Baltics O\u00dc","url":"https:\/\/lustandlove.eu\/et\/","logo":{"@type":"ImageObject","inLanguage":"et","@id":"https:\/\/lustandlove.eu\/et\/#\/schema\/logo\/image\/","url":"","contentUrl":"","caption":"Bioconcept Baltics O\u00dc"},"image":{"@id":"https:\/\/lustandlove.eu\/et\/#\/schema\/logo\/image\/"},"sameAs":["https:\/\/www.facebook.com\/LustandLoveEU\/","https:\/\/www.instagram.com\/lustandloveeu\/"]}]}},"_links":{"self":[{"href":"https:\/\/lustandlove.eu\/et\/wp-json\/wp\/v2\/product\/91894","targetHints":{"allow":["GET"]}}],"collection":[{"href":"https:\/\/lustandlove.eu\/et\/wp-json\/wp\/v2\/product"}],"about":[{"href":"https:\/\/lustandlove.eu\/et\/wp-json\/wp\/v2\/types\/product"}],"wp:featuredmedia":[{"embeddable":true,"href":"https:\/\/lustandlove.eu\/et\/wp-json\/wp\/v2\/media\/91885"}],"wp:attachment":[{"href":"https:\/\/lustandlove.eu\/et\/wp-json\/wp\/v2\/media?parent=91894"}],"wp:term":[{"taxonomy":"product_brand","embeddable":true,"href":"https:\/\/lustandlove.eu\/et\/wp-json\/wp\/v2\/product_brand?post=91894"},{"taxonomy":"product_cat","embeddable":true,"href":"https:\/\/lustandlove.eu\/et\/wp-json\/wp\/v2\/product_cat?post=91894"},{"taxonomy":"product_tag","embeddable":true,"href":"https:\/\/lustandlove.eu\/et\/wp-json\/wp\/v2\/product_tag?post=91894"}],"curies":[{"name":"wp","href":"https:\/\/api.w.org\/{rel}","templated":true}]}}