{"id":91919,"date":"2024-09-04T08:31:37","date_gmt":"2024-09-04T05:31:37","guid":{"rendered":"https:\/\/www.lustandlove.eu\/?post_type=product&#038;p=91919"},"modified":"2026-04-13T10:26:53","modified_gmt":"2026-04-13T07:26:53","slug":"xtc-succubus-foot-copy-2","status":"publish","type":"product","link":"https:\/\/lustandlove.eu\/et\/toode\/xtc-succubus-foot-copy-2\/","title":{"rendered":"Cute Dragon Impregnated"},"content":{"rendered":"<p>Tema vastupandamatu sarmi ja rahuldamatu ihaga on tema ainus lubadus sind eemale viia maailmav\u00e4lise naudingu poole.<br \/>\nKuid Armas Draakon on palju enamat kui pelgalt naudingu allikas \u2013 tal on missioon!<br \/>\nOma ahelatest vabanedes ihkab ta kogeda lapseootuse r\u00f5\u00f5mu, s\u00fctitades sinu s\u00fcgavaimad soovid ja luues t\u00f5eliselt kaasahaarava erootilise kogemuse, mida pole kunagi varem olnud.<\/p>\n<p>Kompaktne ja diskreetne, ta libiseb h\u00f5lpsasti taskusse v\u00f5i kotti, olles valmis teid p\u00f5nevatel p\u00f5genemistel saatma k\u00f5ikjal, kuhu l\u00e4hete. Kui ta on teie k\u00f5rval, on teie rahulolu alati vaid puudutuse kaugusel!<\/p>\n<p><strong>7 sensatsioonilise naudingu tsooni<\/strong><br \/>\nTema 14 cm tunnelis avastate seitse k\u00fctkestavat naudinguvaldkonda, kus iga keerdk\u00e4ik toob esile uue sensatsiooni, mille eesm\u00e4rk on j\u00e4tta teid l\u00f5puks hingetuks ja hingeldama.<\/p>\n<p><strong>1. <em>Eeterliku embuse<\/em> sissep\u00e4\u00e4s<\/strong><br \/>\nKogege embust, mis \u00f5rritab ja ahvatleb, luues aluse eelseisvale erutavale teekonnale. Sissep\u00e4\u00e4s on kitsas ja vooderdatud naudingupunktidega, mis annab teile \u00fclevaate sellest, mis edasi saab.<br \/>\n<strong>2. <em>Serpentine Scale<\/em> spiraalid<\/strong><br \/>\nAstuge s\u00fcgavamale ekstaasi, kui kohtate spiraale, mis peegeldavad draakoni suurep\u00e4raseid soomuseid. Iga keerd t\u00f5otab uut naudingut, intensiivistades teie m\u00f5nusid iga t\u00f5ukega.<br \/>\n<strong>3. Tiivulised <em>Wyvern Wraps<\/em><\/strong><br \/>\nValmistuge sellest ainulaadsest tsoonist lummamiseks, kus iga puudutus ja paitus s\u00fctitab teie ihasid ja j\u00e4tab ihalema rohkem. Tundke, kuidas teie meeled \u00e4rkavad, ja uskuge mind, peate k\u00f5vasti t\u00f6\u00f6d tegema, et mitte j\u00f5uda teispoolsuse haripunkti.<br \/>\n<strong>4. <em>Vulcan&#8217;s Inferno Tower Path<\/em><\/strong><br \/>\nSee tsoon, mis on kaitstud kahe sensuaalse n\u00fcansiga, mis tabavad teid \u00f5igel viisil, t\u00e4idab teie fantaasia olla \u00fcmbritsetud draakoni intensiivsest kireh\u00f5ngust. See tsoon on koht, kus kuumus ja h\u00f5\u00f5rdumine p\u00f5imuvad ning iga samm muudab teie kogemuse ainult intensiivsemaks.<br \/>\n<strong>5. L\u00e4ikiva igatsuse pesa<\/strong><br \/>\nSukelduge draakoni koopasse, \u00fcmbritsevasse pehmuse ja soojuse valdkonda, mis kutsub teid iga hetke avastama ja nautima. Kaotage end selle vastupandamatusse v\u00f5lusse, kui asute pikaajalise naudingu teekonnale.<br \/>\n<strong>6. Dragon&#8217;s Nook of Nectar<\/strong><br \/>\nDraakoninurgas kasvab ootus\u00e4revus, kuna sind \u00fcmbritsevad ahvatlevad aistingud. Andke end lummavatele m\u00f5nudele, mis selles salajases kambris ees ootavad. See tsoon on koht, kus kiusatakse ja rahuldatakse teie s\u00fcgavaimaid soove, s\u00fctitades teie uudishimu ja j\u00e4ttes teid igatsema enama j\u00e4rele.<br \/>\n<strong>7. Sensuaalsete kaalude p\u00fchakoda<\/strong><br \/>\nKui olete j\u00f5udnud l\u00f5pptsooni, valmistuge, kuna teie ekstaas j\u00f5uab haripunkti. Kui teie t\u00f5uked p\u00f5imuvad sensuaalsete mastaapidetaoliste n\u00fcansside keerukate mustritega, valmistuge plahvatuslikuks orgasmiks, mis j\u00e4tab teid hinge kinni p\u00fc\u00fcdma ja hingeldama.<\/p>\n<p><strong>Sinu naudingudraakon<\/strong><br \/>\nP\u00f6\u00f6rake t\u00e4helepanu detailidele, &#8220;Cute Dragon Impregnated&#8221; on XTC Jaapani esmaklassiline toode, mis t\u00e4hendab, et saate parimast parima. See toode on valmistatud esmaklassilisest meditsiinilisest silikoonist, mis tagab turvalise ja \u00fclimalt realistliku kogemuse.<\/p>\n<p>Materjali paindlikkus ja vastupidavus v\u00f5imaldavad sellel j\u00e4ljendada t\u00f5elise puudutuse pehmust ja soojust, pakkudes nii luksuslikku kui ka elutruu tunde. See on loodud teie rahulolu ja mugavust silmas pidades ning sellel on ka ainulaadne tekstuur, mis suurendab selle loomulikku tunnet, muutes iga hetke s\u00fcgavalt isiklikuks ja nauditavaks.<\/p>\n<p>Selle ergonoomiline disain tagab lihtsa k\u00e4sitsemise, v\u00f5imaldades teil keskenduda ainult selle pakutavale fantaasiale ja naudingule. J\u00e4\u00e4b vaid k\u00fcsimus: kas sa oled piisavalt v\u00e4\u00e4rt, et olla tema rattur?<\/p>\n","protected":false},"excerpt":{"rendered":"<p>Tere tulemast maailma, kus naudingul pole piire ja kus fantaasiad \u00e4rkavad ellu t\u00e4nu lummavale &#8220;Cute Dragon Impregnated&#8221; kaaslasele<\/p>\n","protected":false},"featured_media":91927,"template":"","meta":[],"product_brand":[4142],"product_cat":[3525,4005,1477],"product_tag":[4088,3781],"class_list":{"0":"post-91919","1":"product","2":"type-product","3":"status-publish","4":"has-post-thumbnail","6":"product_brand-motsutoys-et","7":"product_cat-hentai","8":"product_cat-masturbaatorid-et","9":"product_cat-meestele","10":"product_tag-bf30-et","11":"product_tag-must-reede","12":"pa_brand-motsutoys-et","14":"first","15":"instock","16":"taxable","17":"shipping-taxable","18":"purchasable","19":"product-type-simple"},"yoast_head":"<!-- This site is optimized with the Yoast SEO plugin v27.4 - https:\/\/yoast.com\/product\/yoast-seo-wordpress\/ -->\n<title>Cute Dragon Impregnated | Lust and Love<\/title>\n<meta name=\"description\" content=\"Tere tulemast maailma, kus naudingul pole piire ja kus fantaasiad \u00e4rkavad ellu t\u00e4nu lummavale &quot;Cute Dragon Impregnated&quot; kaaslasele\" \/>\n<meta name=\"robots\" content=\"index,follow,max-snippet:-1,max-image-preview:large,max-video-preview:-1\" \/>\n<link rel=\"canonical\" href=\"https:\/\/lustandlove.eu\/et\/toode\/xtc-succubus-foot-copy-2\/\" \/>\n<script type=\"application\/ld+json\" class=\"yoast-schema-graph\">{\"@context\":\"https:\\\/\\\/schema.org\",\"@graph\":[{\"@type\":[\"WebPage\",\"ItemPage\"],\"@id\":\"https:\\\/\\\/lustandlove.eu\\\/et\\\/toode\\\/xtc-succubus-foot-copy-2\\\/\",\"url\":\"https:\\\/\\\/lustandlove.eu\\\/et\\\/toode\\\/xtc-succubus-foot-copy-2\\\/\",\"name\":\"Cute Dragon Impregnated | Lust and Love\",\"isPartOf\":{\"@id\":\"https:\\\/\\\/lustandlove.eu\\\/et\\\/#website\"},\"primaryImageOfPage\":{\"@id\":\"https:\\\/\\\/lustandlove.eu\\\/et\\\/toode\\\/xtc-succubus-foot-copy-2\\\/#primaryimage\"},\"image\":{\"@id\":\"https:\\\/\\\/lustandlove.eu\\\/et\\\/toode\\\/xtc-succubus-foot-copy-2\\\/#primaryimage\"},\"thumbnailUrl\":\"https:\\\/\\\/lustandlove.eu\\\/wp-content\\\/uploads\\\/cute-dragon-impregnated-kid_main_.jpg\",\"datePublished\":\"2024-09-04T05:31:37+00:00\",\"dateModified\":\"2026-04-13T07:26:53+00:00\",\"description\":\"Tere tulemast maailma, kus naudingul pole piire ja kus fantaasiad \u00e4rkavad ellu t\u00e4nu lummavale \\\"Cute Dragon Impregnated\\\" kaaslasele\",\"breadcrumb\":{\"@id\":\"https:\\\/\\\/lustandlove.eu\\\/et\\\/toode\\\/xtc-succubus-foot-copy-2\\\/#breadcrumb\"},\"inLanguage\":\"et\",\"potentialAction\":[{\"@type\":\"ReadAction\",\"target\":[\"https:\\\/\\\/lustandlove.eu\\\/et\\\/toode\\\/xtc-succubus-foot-copy-2\\\/\"]}]},{\"@type\":\"ImageObject\",\"inLanguage\":\"et\",\"@id\":\"https:\\\/\\\/lustandlove.eu\\\/et\\\/toode\\\/xtc-succubus-foot-copy-2\\\/#primaryimage\",\"url\":\"https:\\\/\\\/lustandlove.eu\\\/wp-content\\\/uploads\\\/cute-dragon-impregnated-kid_main_.jpg\",\"contentUrl\":\"https:\\\/\\\/lustandlove.eu\\\/wp-content\\\/uploads\\\/cute-dragon-impregnated-kid_main_.jpg\",\"width\":862,\"height\":862},{\"@type\":\"BreadcrumbList\",\"@id\":\"https:\\\/\\\/lustandlove.eu\\\/et\\\/toode\\\/xtc-succubus-foot-copy-2\\\/#breadcrumb\",\"itemListElement\":[{\"@type\":\"ListItem\",\"position\":1,\"name\":\"Lust and Love\",\"item\":\"https:\\\/\\\/lustandlove.eu\\\/et\\\/\"},{\"@type\":\"ListItem\",\"position\":2,\"name\":\"Pood\",\"item\":\"https:\\\/\\\/lustandlove.eu\\\/et\\\/pood\\\/\"},{\"@type\":\"ListItem\",\"position\":3,\"name\":\"Meestele\",\"item\":\"https:\\\/\\\/lustandlove.eu\\\/et\\\/pood\\\/meestele\\\/\"},{\"@type\":\"ListItem\",\"position\":4,\"name\":\"Cute Dragon Impregnated\"}]},{\"@type\":\"WebSite\",\"@id\":\"https:\\\/\\\/lustandlove.eu\\\/et\\\/#website\",\"url\":\"https:\\\/\\\/lustandlove.eu\\\/et\\\/\",\"name\":\"Lust & Love\",\"description\":\"Online erootikapood tervise, ilu ja armastuse jaoks\",\"publisher\":{\"@id\":\"https:\\\/\\\/lustandlove.eu\\\/et\\\/#organization\"},\"potentialAction\":[{\"@type\":\"SearchAction\",\"target\":{\"@type\":\"EntryPoint\",\"urlTemplate\":\"https:\\\/\\\/lustandlove.eu\\\/et\\\/?s={search_term_string}\"},\"query-input\":{\"@type\":\"PropertyValueSpecification\",\"valueRequired\":true,\"valueName\":\"search_term_string\"}}],\"inLanguage\":\"et\"},{\"@type\":\"Organization\",\"@id\":\"https:\\\/\\\/lustandlove.eu\\\/et\\\/#organization\",\"name\":\"Bioconcept Baltics O\u00dc\",\"url\":\"https:\\\/\\\/lustandlove.eu\\\/et\\\/\",\"logo\":{\"@type\":\"ImageObject\",\"inLanguage\":\"et\",\"@id\":\"https:\\\/\\\/lustandlove.eu\\\/et\\\/#\\\/schema\\\/logo\\\/image\\\/\",\"url\":\"https:\\\/\\\/lustandlove.eu\\\/wp-content\\\/uploads\\\/logo-full-2.png\",\"contentUrl\":\"https:\\\/\\\/lustandlove.eu\\\/wp-content\\\/uploads\\\/logo-full-2.png\",\"width\":837,\"height\":200,\"caption\":\"Bioconcept Baltics O\u00dc\"},\"image\":{\"@id\":\"https:\\\/\\\/lustandlove.eu\\\/et\\\/#\\\/schema\\\/logo\\\/image\\\/\"},\"sameAs\":[\"https:\\\/\\\/www.facebook.com\\\/LustandLoveEU\\\/\",\"https:\\\/\\\/www.instagram.com\\\/lustandloveeu\\\/\"]}]}<\/script>\n<!-- \/ Yoast SEO plugin. -->","yoast_head_json":{"title":"Cute Dragon Impregnated | Lust and Love","description":"Tere tulemast maailma, kus naudingul pole piire ja kus fantaasiad \u00e4rkavad ellu t\u00e4nu lummavale \"Cute Dragon Impregnated\" kaaslasele","robots":{"index,follow,max-snippet":"index,follow,max-snippet:-1,max-image-preview:large,max-video-preview:-1"},"canonical":"https:\/\/lustandlove.eu\/et\/toode\/xtc-succubus-foot-copy-2\/","schema":{"@context":"https:\/\/schema.org","@graph":[{"@type":["WebPage","ItemPage"],"@id":"https:\/\/lustandlove.eu\/et\/toode\/xtc-succubus-foot-copy-2\/","url":"https:\/\/lustandlove.eu\/et\/toode\/xtc-succubus-foot-copy-2\/","name":"Cute Dragon Impregnated | Lust and Love","isPartOf":{"@id":"https:\/\/lustandlove.eu\/et\/#website"},"primaryImageOfPage":{"@id":"https:\/\/lustandlove.eu\/et\/toode\/xtc-succubus-foot-copy-2\/#primaryimage"},"image":{"@id":"https:\/\/lustandlove.eu\/et\/toode\/xtc-succubus-foot-copy-2\/#primaryimage"},"thumbnailUrl":"https:\/\/lustandlove.eu\/wp-content\/uploads\/cute-dragon-impregnated-kid_main_.jpg","datePublished":"2024-09-04T05:31:37+00:00","dateModified":"2026-04-13T07:26:53+00:00","description":"Tere tulemast maailma, kus naudingul pole piire ja kus fantaasiad \u00e4rkavad ellu t\u00e4nu lummavale \"Cute Dragon Impregnated\" kaaslasele","breadcrumb":{"@id":"https:\/\/lustandlove.eu\/et\/toode\/xtc-succubus-foot-copy-2\/#breadcrumb"},"inLanguage":"et","potentialAction":[{"@type":"ReadAction","target":["https:\/\/lustandlove.eu\/et\/toode\/xtc-succubus-foot-copy-2\/"]}]},{"@type":"ImageObject","inLanguage":"et","@id":"https:\/\/lustandlove.eu\/et\/toode\/xtc-succubus-foot-copy-2\/#primaryimage","url":"https:\/\/lustandlove.eu\/wp-content\/uploads\/cute-dragon-impregnated-kid_main_.jpg","contentUrl":"https:\/\/lustandlove.eu\/wp-content\/uploads\/cute-dragon-impregnated-kid_main_.jpg","width":862,"height":862},{"@type":"BreadcrumbList","@id":"https:\/\/lustandlove.eu\/et\/toode\/xtc-succubus-foot-copy-2\/#breadcrumb","itemListElement":[{"@type":"ListItem","position":1,"name":"Lust and Love","item":"https:\/\/lustandlove.eu\/et\/"},{"@type":"ListItem","position":2,"name":"Pood","item":"https:\/\/lustandlove.eu\/et\/pood\/"},{"@type":"ListItem","position":3,"name":"Meestele","item":"https:\/\/lustandlove.eu\/et\/pood\/meestele\/"},{"@type":"ListItem","position":4,"name":"Cute Dragon Impregnated"}]},{"@type":"WebSite","@id":"https:\/\/lustandlove.eu\/et\/#website","url":"https:\/\/lustandlove.eu\/et\/","name":"Lust & Love","description":"Online erootikapood tervise, ilu ja armastuse jaoks","publisher":{"@id":"https:\/\/lustandlove.eu\/et\/#organization"},"potentialAction":[{"@type":"SearchAction","target":{"@type":"EntryPoint","urlTemplate":"https:\/\/lustandlove.eu\/et\/?s={search_term_string}"},"query-input":{"@type":"PropertyValueSpecification","valueRequired":true,"valueName":"search_term_string"}}],"inLanguage":"et"},{"@type":"Organization","@id":"https:\/\/lustandlove.eu\/et\/#organization","name":"Bioconcept Baltics O\u00dc","url":"https:\/\/lustandlove.eu\/et\/","logo":{"@type":"ImageObject","inLanguage":"et","@id":"https:\/\/lustandlove.eu\/et\/#\/schema\/logo\/image\/","url":"https:\/\/lustandlove.eu\/wp-content\/uploads\/logo-full-2.png","contentUrl":"https:\/\/lustandlove.eu\/wp-content\/uploads\/logo-full-2.png","width":837,"height":200,"caption":"Bioconcept Baltics O\u00dc"},"image":{"@id":"https:\/\/lustandlove.eu\/et\/#\/schema\/logo\/image\/"},"sameAs":["https:\/\/www.facebook.com\/LustandLoveEU\/","https:\/\/www.instagram.com\/lustandloveeu\/"]}]}},"_links":{"self":[{"href":"https:\/\/lustandlove.eu\/et\/wp-json\/wp\/v2\/product\/91919","targetHints":{"allow":["GET"]}}],"collection":[{"href":"https:\/\/lustandlove.eu\/et\/wp-json\/wp\/v2\/product"}],"about":[{"href":"https:\/\/lustandlove.eu\/et\/wp-json\/wp\/v2\/types\/product"}],"wp:featuredmedia":[{"embeddable":true,"href":"https:\/\/lustandlove.eu\/et\/wp-json\/wp\/v2\/media\/91927"}],"wp:attachment":[{"href":"https:\/\/lustandlove.eu\/et\/wp-json\/wp\/v2\/media?parent=91919"}],"wp:term":[{"taxonomy":"product_brand","embeddable":true,"href":"https:\/\/lustandlove.eu\/et\/wp-json\/wp\/v2\/product_brand?post=91919"},{"taxonomy":"product_cat","embeddable":true,"href":"https:\/\/lustandlove.eu\/et\/wp-json\/wp\/v2\/product_cat?post=91919"},{"taxonomy":"product_tag","embeddable":true,"href":"https:\/\/lustandlove.eu\/et\/wp-json\/wp\/v2\/product_tag?post=91919"}],"curies":[{"name":"wp","href":"https:\/\/api.w.org\/{rel}","templated":true}]}}