{"id":91939,"date":"2024-09-04T08:58:48","date_gmt":"2024-09-04T05:58:48","guid":{"rendered":"https:\/\/www.lustandlove.eu\/?post_type=product&#038;p=91939"},"modified":"2026-04-13T10:26:53","modified_gmt":"2026-04-13T07:26:53","slug":"cute-dragon-impregnated-copy","status":"publish","type":"product","link":"https:\/\/lustandlove.eu\/et\/toode\/cute-dragon-impregnated-copy\/","title":{"rendered":"Sex Slave Sea Monster"},"content":{"rendered":"<p>See on teie fantaasia <em>onahole<\/em>. Kas olete valmis avastama?<\/p>\n<p><strong>Sukelduge oma soovide s\u00fcgavustesse<\/strong><br \/>\nKogege k\u00f5rgendatud m\u00f5nusid ja intensiivseid orgasme nagu ei kunagi varem. <em>Sex Slave Sea Monster<\/em> on disainitud \u00fcheksa painduva ja elutruu kombitsaga, mis stimuleerivad teie peenise erinevaid piirkondi, et saada k\u00f5ige meeldivam kogemus. Kuid see pole veel k\u00f5ik. 14 cm tunnel on varustatud 6 erogeense tsooniga, mis on valmis pakkuma intensiivseid m\u00f5nusid, mis on loodud teie hinge kinni t\u00f5mbama.<\/p>\n<p><strong>Ahvatlev <em>Tentacle Touch<\/em><\/strong><br \/>\nKujutage ette kombitsate \u00f5rna pai, millest iga\u00fcks on asjatundlikult loodud teie meeli \u00f5rritama ja \u00e4rritama. See on kutse nautida naudingulaineid, mis t\u00f5otavad tulla veel ja veel.<\/p>\n<p><strong><em>Anemone<\/em> lummuse sissep\u00e4\u00e4s<\/strong><br \/>\nNagu anemoonide \u00f5rn puudutus, k\u00f5ditab see su meheau flirtivalt ja seksikalt iga t\u00f5uke korral. Pehme ja \u00fcmbritseva puudutusega t\u00f5mbab see teid s\u00fcgavamale ekstaasi.<\/p>\n<p><strong>Kaheksajala O-r\u00f5ngas<\/strong><br \/>\nKujutage ette kaheksajala kindlat ja tihedat embust, kui surute ja l\u00fckkate, kuni j\u00f5uate \u00fcle serva. V\u00e4ikesed nukid h\u00f5\u00f5ruvad ja \u00f5rritavad teid \u00f5igel viisil. Ja sel hetkel ei taha te kunagi peatuda.<\/p>\n<p><strong>Stimuleeriv <em>Seashell Suite<\/em><\/strong><br \/>\nIga merekarbitaoliste n\u00fcansside kontuur ja k\u00f5verus loob m\u00f5nude meloodia, mis paneb sind pealaest jalatallani t\u00f5mblema. Ribad ja sooned m\u00e4ngivad teie meeltega kaasa ja peaksite k\u00f5vasti t\u00f6\u00f6d tegema, et mitte siis ja kohe tulla.<\/p>\n<p><strong>L\u00e4mbe mere keerised<\/strong><br \/>\nOlge valmis selleks, et spiraali servad t\u00f5mbavad teid erootilise ekstaasi keerisesse. Siin kutsub rada teid hetkesse kaduma, \u00fcmbritsedes teie peenist naudingute keerisesse.<\/p>\n<p><strong>Soovide lukukamber<\/strong><br \/>\nNagu nimi ise, lukustab see kamber teid endasse, kui lasete lahti ja laskute maad raputavasse haripunkti. V\u00e4ikesed nukid silitavad sind h\u00e4sti, kuni oled t\u00e4iesti l\u00e4bi, ja usu mind, see ei lase sind nii kergesti lahti.<\/p>\n<p><strong>Teie meren\u00fcmf ootab<\/strong><br \/>\n<em>Sea Monster<\/em> on j\u00e4rjekordne meistriteos XTC Jaapani esmaklassiliste toodete fantaasiamaailmast.<\/p>\n<p>See v\u00e4ike ime, mis on valmistatud armastusega (ja natukese maagiaga) esmaklassilisest meditsiinilisest silikoonist, on ohutu, tundub uskumatult ehtne ja on piisavalt vastupidav, et hakkama saada k\u00f5igega, mida teete. Me r\u00e4\u00e4gime usaldusv\u00e4\u00e4rsest <em>onahole<\/em>-ist, mis on ehitatud kestma, muutes iga hetke v\u00f5imalikult elutruuks.<\/p>\n<p>Meie meren\u00fcmfi puhul on t\u00f5eliselt lahe see, kuidas ta \u00fchendab m\u00f5lema maailma parimad omadused. Ehkki ta on pisut v\u00e4hem priske kui tema TPE-materjalist n\u00f5od, kuid mida paindlikkuses napib, teeb ta vastupidavuse rohkem kui tasa.<\/p>\n<p>Kuid siin on parim osa: ta on t\u00e4iuslikult 16 cm pikk, mist\u00f5ttu on ta ideaalne kaaslane nendeks hetkedeks, kui vajate lihtsalt kiiret vabastamist. Olenemata sellest, kas olete reisil, otsite lihtsat hoiukohta v\u00f5i lihtsalt diskreetset kaaslast, ta on teie neiu. Lisaks on tema koristamine imelihtne, mis on suurep\u00e4rane.<\/p>\n<p><em>Sea Monster<\/em> on enam kui valmis n\u00e4itama teile k\u00f6isi (v\u00f5i antud juhul kombitsaid) ja viima teid l\u00f5bus\u00f5idule, mis on nii p\u00f5nev kui ka s\u00fcgavalt rahuldust pakkuv.<\/p>\n","protected":false},"excerpt":{"rendered":"<p>Tutvustame uut meren\u00fcmfi, <em>Sex Slave Sea Monsterit <\/em>mastrubaatorit. \u00c4ra lase nimel end hirmutada \u2013 tema ainus eesm\u00e4rk on olla armas ja nunnu, aga janu ja uudishimuga, mis on t\u00e4pselt sama s\u00fcgav kui ookean, kust ta p\u00e4rit on. See pole teie keskmine saak, mille toovad teieni XTC Jaapani loomingulised geeniused.<\/p>\n","protected":false},"featured_media":91943,"template":"","meta":[],"product_brand":[4142],"product_cat":[3525,4005,1477],"product_tag":[4088,3781],"class_list":{"0":"post-91939","1":"product","2":"type-product","3":"status-publish","4":"has-post-thumbnail","6":"product_brand-motsutoys-et","7":"product_cat-hentai","8":"product_cat-masturbaatorid-et","9":"product_cat-meestele","10":"product_tag-bf30-et","11":"product_tag-must-reede","12":"pa_brand-motsutoys-et","14":"first","15":"instock","16":"taxable","17":"shipping-taxable","18":"purchasable","19":"product-type-simple"},"yoast_head":"<!-- This site is optimized with the Yoast SEO plugin v27.3 - https:\/\/yoast.com\/product\/yoast-seo-wordpress\/ -->\n<title>Sex Slave Sea Monster | Lust and Love<\/title>\n<meta name=\"description\" content=\"Tutvustame uut meren\u00fcmfi, Sex Slave Sea Monsterit mastrubaatorit. \u00c4ra lase nimel end hirmutada \u2013 tema eesm\u00e4rk on olla armas ja nunnu\" \/>\n<meta name=\"robots\" content=\"index,follow,max-snippet:-1,max-image-preview:large,max-video-preview:-1\" \/>\n<link rel=\"canonical\" href=\"https:\/\/lustandlove.eu\/et\/toode\/cute-dragon-impregnated-copy\/\" \/>\n<meta name=\"twitter:card\" content=\"summary_large_image\" \/>\n<meta name=\"twitter:title\" content=\"Sex Slave Sea Monster | Lust and Love\" \/>\n<meta name=\"twitter:description\" content=\"Tutvustame uut meren\u00fcmfi, Sex Slave Sea Monsterit mastrubaatorit. \u00c4ra lase nimel end hirmutada \u2013 tema eesm\u00e4rk on olla armas ja nunnu\" \/>\n<meta name=\"twitter:image\" content=\"https:\/\/lustandlove.eu\/wp-content\/uploads\/sex-slave-sea-monster-main.jpg\" \/>\n<meta name=\"twitter:label1\" content=\"Est. reading time\" \/>\n\t<meta name=\"twitter:data1\" content=\"2 minutit\" \/>\n<script type=\"application\/ld+json\" class=\"yoast-schema-graph\">{\"@context\":\"https:\\\/\\\/schema.org\",\"@graph\":[{\"@type\":[\"WebPage\",\"ItemPage\"],\"@id\":\"https:\\\/\\\/lustandlove.eu\\\/et\\\/toode\\\/cute-dragon-impregnated-copy\\\/\",\"url\":\"https:\\\/\\\/lustandlove.eu\\\/et\\\/toode\\\/cute-dragon-impregnated-copy\\\/\",\"name\":\"Sex Slave Sea Monster | Lust and Love\",\"isPartOf\":{\"@id\":\"https:\\\/\\\/lustandlove.eu\\\/et\\\/#website\"},\"primaryImageOfPage\":{\"@id\":\"https:\\\/\\\/lustandlove.eu\\\/et\\\/toode\\\/cute-dragon-impregnated-copy\\\/#primaryimage\"},\"image\":{\"@id\":\"https:\\\/\\\/lustandlove.eu\\\/et\\\/toode\\\/cute-dragon-impregnated-copy\\\/#primaryimage\"},\"thumbnailUrl\":\"https:\\\/\\\/lustandlove.eu\\\/wp-content\\\/uploads\\\/sex-slave-sea-monster-main.jpg\",\"datePublished\":\"2024-09-04T05:58:48+00:00\",\"dateModified\":\"2026-04-13T07:26:53+00:00\",\"description\":\"Tutvustame uut meren\u00fcmfi, Sex Slave Sea Monsterit mastrubaatorit. \u00c4ra lase nimel end hirmutada \u2013 tema eesm\u00e4rk on olla armas ja nunnu\",\"breadcrumb\":{\"@id\":\"https:\\\/\\\/lustandlove.eu\\\/et\\\/toode\\\/cute-dragon-impregnated-copy\\\/#breadcrumb\"},\"inLanguage\":\"et\",\"potentialAction\":[{\"@type\":\"ReadAction\",\"target\":[\"https:\\\/\\\/lustandlove.eu\\\/et\\\/toode\\\/cute-dragon-impregnated-copy\\\/\"]}]},{\"@type\":\"ImageObject\",\"inLanguage\":\"et\",\"@id\":\"https:\\\/\\\/lustandlove.eu\\\/et\\\/toode\\\/cute-dragon-impregnated-copy\\\/#primaryimage\",\"url\":\"https:\\\/\\\/lustandlove.eu\\\/wp-content\\\/uploads\\\/sex-slave-sea-monster-main.jpg\",\"contentUrl\":\"https:\\\/\\\/lustandlove.eu\\\/wp-content\\\/uploads\\\/sex-slave-sea-monster-main.jpg\",\"width\":700,\"height\":700},{\"@type\":\"BreadcrumbList\",\"@id\":\"https:\\\/\\\/lustandlove.eu\\\/et\\\/toode\\\/cute-dragon-impregnated-copy\\\/#breadcrumb\",\"itemListElement\":[{\"@type\":\"ListItem\",\"position\":1,\"name\":\"Lust and Love\",\"item\":\"https:\\\/\\\/lustandlove.eu\\\/et\\\/\"},{\"@type\":\"ListItem\",\"position\":2,\"name\":\"Pood\",\"item\":\"https:\\\/\\\/lustandlove.eu\\\/et\\\/pood\\\/\"},{\"@type\":\"ListItem\",\"position\":3,\"name\":\"Meestele\",\"item\":\"https:\\\/\\\/lustandlove.eu\\\/et\\\/pood\\\/meestele\\\/\"},{\"@type\":\"ListItem\",\"position\":4,\"name\":\"Sex Slave Sea Monster\"}]},{\"@type\":\"WebSite\",\"@id\":\"https:\\\/\\\/lustandlove.eu\\\/et\\\/#website\",\"url\":\"https:\\\/\\\/lustandlove.eu\\\/et\\\/\",\"name\":\"Lust &amp; Love\",\"description\":\"Online erootikapood tervise, ilu ja armastuse jaoks\",\"publisher\":{\"@id\":\"https:\\\/\\\/lustandlove.eu\\\/et\\\/#organization\"},\"potentialAction\":[{\"@type\":\"SearchAction\",\"target\":{\"@type\":\"EntryPoint\",\"urlTemplate\":\"https:\\\/\\\/lustandlove.eu\\\/et\\\/?s={search_term_string}\"},\"query-input\":{\"@type\":\"PropertyValueSpecification\",\"valueRequired\":true,\"valueName\":\"search_term_string\"}}],\"inLanguage\":\"et\"},{\"@type\":\"Organization\",\"@id\":\"https:\\\/\\\/lustandlove.eu\\\/et\\\/#organization\",\"name\":\"Bioconcept Baltics O\u00dc\",\"url\":\"https:\\\/\\\/lustandlove.eu\\\/et\\\/\",\"logo\":{\"@type\":\"ImageObject\",\"inLanguage\":\"et\",\"@id\":\"https:\\\/\\\/lustandlove.eu\\\/et\\\/#\\\/schema\\\/logo\\\/image\\\/\",\"url\":\"\",\"contentUrl\":\"\",\"caption\":\"Bioconcept Baltics O\u00dc\"},\"image\":{\"@id\":\"https:\\\/\\\/lustandlove.eu\\\/et\\\/#\\\/schema\\\/logo\\\/image\\\/\"},\"sameAs\":[\"https:\\\/\\\/www.facebook.com\\\/LustandLoveEU\\\/\",\"https:\\\/\\\/www.instagram.com\\\/lustandloveeu\\\/\"]}]}<\/script>\n<!-- \/ Yoast SEO plugin. -->","yoast_head_json":{"title":"Sex Slave Sea Monster | Lust and Love","description":"Tutvustame uut meren\u00fcmfi, Sex Slave Sea Monsterit mastrubaatorit. \u00c4ra lase nimel end hirmutada \u2013 tema eesm\u00e4rk on olla armas ja nunnu","robots":{"index,follow,max-snippet":"index,follow,max-snippet:-1,max-image-preview:large,max-video-preview:-1"},"canonical":"https:\/\/lustandlove.eu\/et\/toode\/cute-dragon-impregnated-copy\/","twitter_card":"summary_large_image","twitter_title":"Sex Slave Sea Monster | Lust and Love","twitter_description":"Tutvustame uut meren\u00fcmfi, Sex Slave Sea Monsterit mastrubaatorit. \u00c4ra lase nimel end hirmutada \u2013 tema eesm\u00e4rk on olla armas ja nunnu","twitter_image":"https:\/\/lustandlove.eu\/wp-content\/uploads\/sex-slave-sea-monster-main.jpg","twitter_misc":{"Est. reading time":"2 minutit"},"schema":{"@context":"https:\/\/schema.org","@graph":[{"@type":["WebPage","ItemPage"],"@id":"https:\/\/lustandlove.eu\/et\/toode\/cute-dragon-impregnated-copy\/","url":"https:\/\/lustandlove.eu\/et\/toode\/cute-dragon-impregnated-copy\/","name":"Sex Slave Sea Monster | Lust and Love","isPartOf":{"@id":"https:\/\/lustandlove.eu\/et\/#website"},"primaryImageOfPage":{"@id":"https:\/\/lustandlove.eu\/et\/toode\/cute-dragon-impregnated-copy\/#primaryimage"},"image":{"@id":"https:\/\/lustandlove.eu\/et\/toode\/cute-dragon-impregnated-copy\/#primaryimage"},"thumbnailUrl":"https:\/\/lustandlove.eu\/wp-content\/uploads\/sex-slave-sea-monster-main.jpg","datePublished":"2024-09-04T05:58:48+00:00","dateModified":"2026-04-13T07:26:53+00:00","description":"Tutvustame uut meren\u00fcmfi, Sex Slave Sea Monsterit mastrubaatorit. \u00c4ra lase nimel end hirmutada \u2013 tema eesm\u00e4rk on olla armas ja nunnu","breadcrumb":{"@id":"https:\/\/lustandlove.eu\/et\/toode\/cute-dragon-impregnated-copy\/#breadcrumb"},"inLanguage":"et","potentialAction":[{"@type":"ReadAction","target":["https:\/\/lustandlove.eu\/et\/toode\/cute-dragon-impregnated-copy\/"]}]},{"@type":"ImageObject","inLanguage":"et","@id":"https:\/\/lustandlove.eu\/et\/toode\/cute-dragon-impregnated-copy\/#primaryimage","url":"https:\/\/lustandlove.eu\/wp-content\/uploads\/sex-slave-sea-monster-main.jpg","contentUrl":"https:\/\/lustandlove.eu\/wp-content\/uploads\/sex-slave-sea-monster-main.jpg","width":700,"height":700},{"@type":"BreadcrumbList","@id":"https:\/\/lustandlove.eu\/et\/toode\/cute-dragon-impregnated-copy\/#breadcrumb","itemListElement":[{"@type":"ListItem","position":1,"name":"Lust and Love","item":"https:\/\/lustandlove.eu\/et\/"},{"@type":"ListItem","position":2,"name":"Pood","item":"https:\/\/lustandlove.eu\/et\/pood\/"},{"@type":"ListItem","position":3,"name":"Meestele","item":"https:\/\/lustandlove.eu\/et\/pood\/meestele\/"},{"@type":"ListItem","position":4,"name":"Sex Slave Sea Monster"}]},{"@type":"WebSite","@id":"https:\/\/lustandlove.eu\/et\/#website","url":"https:\/\/lustandlove.eu\/et\/","name":"Lust &amp; Love","description":"Online erootikapood tervise, ilu ja armastuse jaoks","publisher":{"@id":"https:\/\/lustandlove.eu\/et\/#organization"},"potentialAction":[{"@type":"SearchAction","target":{"@type":"EntryPoint","urlTemplate":"https:\/\/lustandlove.eu\/et\/?s={search_term_string}"},"query-input":{"@type":"PropertyValueSpecification","valueRequired":true,"valueName":"search_term_string"}}],"inLanguage":"et"},{"@type":"Organization","@id":"https:\/\/lustandlove.eu\/et\/#organization","name":"Bioconcept Baltics O\u00dc","url":"https:\/\/lustandlove.eu\/et\/","logo":{"@type":"ImageObject","inLanguage":"et","@id":"https:\/\/lustandlove.eu\/et\/#\/schema\/logo\/image\/","url":"","contentUrl":"","caption":"Bioconcept Baltics O\u00dc"},"image":{"@id":"https:\/\/lustandlove.eu\/et\/#\/schema\/logo\/image\/"},"sameAs":["https:\/\/www.facebook.com\/LustandLoveEU\/","https:\/\/www.instagram.com\/lustandloveeu\/"]}]}},"_links":{"self":[{"href":"https:\/\/lustandlove.eu\/et\/wp-json\/wp\/v2\/product\/91939","targetHints":{"allow":["GET"]}}],"collection":[{"href":"https:\/\/lustandlove.eu\/et\/wp-json\/wp\/v2\/product"}],"about":[{"href":"https:\/\/lustandlove.eu\/et\/wp-json\/wp\/v2\/types\/product"}],"wp:featuredmedia":[{"embeddable":true,"href":"https:\/\/lustandlove.eu\/et\/wp-json\/wp\/v2\/media\/91943"}],"wp:attachment":[{"href":"https:\/\/lustandlove.eu\/et\/wp-json\/wp\/v2\/media?parent=91939"}],"wp:term":[{"taxonomy":"product_brand","embeddable":true,"href":"https:\/\/lustandlove.eu\/et\/wp-json\/wp\/v2\/product_brand?post=91939"},{"taxonomy":"product_cat","embeddable":true,"href":"https:\/\/lustandlove.eu\/et\/wp-json\/wp\/v2\/product_cat?post=91939"},{"taxonomy":"product_tag","embeddable":true,"href":"https:\/\/lustandlove.eu\/et\/wp-json\/wp\/v2\/product_tag?post=91939"}],"curies":[{"name":"wp","href":"https:\/\/api.w.org\/{rel}","templated":true}]}}