{"id":92001,"date":"2024-09-23T10:21:31","date_gmt":"2024-09-23T07:21:32","guid":{"rendered":"https:\/\/www.lustandlove.eu\/?post_type=product&#038;p=92001"},"modified":"2026-04-13T10:26:53","modified_gmt":"2026-04-13T07:26:53","slug":"naiste-kondoomid-lateksivaba-3tk-copy","status":"publish","type":"product","link":"https:\/\/lustandlove.eu\/et\/toode\/naiste-kondoomid-lateksivaba-3tk-copy\/","title":{"rendered":"Naiste Kondoomid lateksivaba Sexy Hoop 3tk"},"content":{"rendered":"<p>Uniq Sexy Hoop naiste kondoomidega tunnete rohkem nii m\u00f5nu kui kindlust. Naiste kondoom ehk Sisemine kondoom on loodud samal eesm\u00e4rgil, nagu meeste oma &#8211; kaitsta suguhaiguste ja rasestumise vastu. Erinevalt meeste kondoomist sisestatakse see aga enne vahekorda tuppe, kus see on kasutusvalmis kuni 8 tundi enne vahekorda. Pole vaja peatada oma tegevusi, lihtsalt mine ja naudi. Kaunid pitsist sukapaela alusp\u00fcksid hoiavad koos sisemise r\u00f5nga abil kondoomi paigal, andes sulle meelerahu. Kui see on sisestatud, ei saa seda ilma teie teadmata enam eemaldada.<\/p>\n<p>\u00dclimalt sile, \u00fcli\u00f5huke (0,015 mm), soojust juhtiv ja l\u00f5hnatu. V\u00f5ib kasutada k\u00f5igi libestitega, isegi \u00f5libaasil!<\/p>\n<p>Pikkus: 180 mm (\u00b1 5 mm*)<br \/>\nNimilaius: 70 mm (\u00b1 2 mm*)<\/p>\n<p>Uued UNIQ naiste kondoomid on valmistatud <em>resin<\/em> plastmaterjalist AT-10, mis on:<br \/>\n* 10 korda \u00f5hem kui lateks<br \/>\n* v\u00e4ga vastupidav survele, venimisele ja h\u00f5\u00f5rdumisele<br \/>\n* h\u00fcpoallergeenne, sobib lateksiallergiaga inimestele<br \/>\n* kasutatav igat t\u00fc\u00fcpi libesti<br \/>\n* tundub kui teise nahana, kui materjal on soe<br \/>\n* sile, l\u00e4bipaistev ja l\u00f5hnatu<br \/>\n* kergelt parafiin\u00f5liga m\u00e4\u00e4ritud<\/p>\n<p>Pakendis on 3 naiste kondoomi ja 3 kotikest libestiga.<\/p>\n","protected":false},"excerpt":{"rendered":"<p>Lateksvaba naiste kondoom, mis on valmistatud s\u00fcnteetilisest <em>resin<\/em> AT-10, ilma spermitsiidilise libestita, sisemise r\u00f5ngaga, mis hoiab seda paigal, ja pitsilised sukapaelad.<\/p>\n","protected":false},"featured_media":92003,"template":"","meta":[],"product_brand":[4245],"product_cat":[1462,1460],"product_tag":[],"class_list":{"0":"post-92001","1":"product","2":"type-product","3":"status-publish","4":"has-post-thumbnail","6":"product_brand-uniq-et","7":"product_cat-kondoomid","8":"product_cat-apteek","9":"pa_brand-uniq-et","11":"first","12":"instock","13":"taxable","14":"shipping-taxable","15":"purchasable","16":"product-type-simple"},"yoast_head":"<!-- This site is optimized with the Yoast SEO plugin v27.3 - https:\/\/yoast.com\/product\/yoast-seo-wordpress\/ -->\n<title>Naiste Kondoomid lateksivaba Sexy Hoop 3tk | Lust and Love<\/title>\n<meta name=\"description\" content=\"Lateksvaba naiste kondoom, mis on valmistatud s\u00fcnteetilisest resin AT-10, ilma spermitsiidilise libestita, sisemise r\u00f5ngaga, mis hoiab seda paigal, ja pitsilised sukapaelad.\" \/>\n<meta name=\"robots\" content=\"index,follow,max-snippet:-1,max-image-preview:large,max-video-preview:-1\" \/>\n<link rel=\"canonical\" href=\"https:\/\/lustandlove.eu\/et\/toode\/naiste-kondoomid-lateksivaba-3tk-copy\/\" \/>\n<meta name=\"twitter:card\" content=\"summary_large_image\" \/>\n<meta name=\"twitter:title\" content=\"Naiste Kondoomid lateksivaba Sexy Hoop 3tk | Lust and Love\" \/>\n<meta name=\"twitter:description\" content=\"Lateksvaba naiste kondoom, mis on valmistatud s\u00fcnteetilisest resin AT-10, ilma spermitsiidilise libestita, sisemise r\u00f5ngaga, mis hoiab seda paigal, ja pitsilised sukapaelad.\" \/>\n<meta name=\"twitter:image\" content=\"https:\/\/lustandlove.eu\/wp-content\/uploads\/adloran_uniq_sexyhoop_EN_202310_nohanger.png\" \/>\n<meta name=\"twitter:label1\" content=\"Est. reading time\" \/>\n\t<meta name=\"twitter:data1\" content=\"1 minut\" \/>\n<script type=\"application\/ld+json\" class=\"yoast-schema-graph\">{\"@context\":\"https:\\\/\\\/schema.org\",\"@graph\":[{\"@type\":[\"WebPage\",\"ItemPage\"],\"@id\":\"https:\\\/\\\/lustandlove.eu\\\/et\\\/toode\\\/naiste-kondoomid-lateksivaba-3tk-copy\\\/\",\"url\":\"https:\\\/\\\/lustandlove.eu\\\/et\\\/toode\\\/naiste-kondoomid-lateksivaba-3tk-copy\\\/\",\"name\":\"Naiste Kondoomid lateksivaba Sexy Hoop 3tk | Lust and Love\",\"isPartOf\":{\"@id\":\"https:\\\/\\\/lustandlove.eu\\\/et\\\/#website\"},\"primaryImageOfPage\":{\"@id\":\"https:\\\/\\\/lustandlove.eu\\\/et\\\/toode\\\/naiste-kondoomid-lateksivaba-3tk-copy\\\/#primaryimage\"},\"image\":{\"@id\":\"https:\\\/\\\/lustandlove.eu\\\/et\\\/toode\\\/naiste-kondoomid-lateksivaba-3tk-copy\\\/#primaryimage\"},\"thumbnailUrl\":\"https:\\\/\\\/lustandlove.eu\\\/wp-content\\\/uploads\\\/adloran_uniq_sexyhoop_EN_202310_nohanger.png\",\"datePublished\":\"2024-09-23T07:21:32+00:00\",\"dateModified\":\"2026-04-13T07:26:53+00:00\",\"description\":\"Lateksvaba naiste kondoom, mis on valmistatud s\u00fcnteetilisest resin AT-10, ilma spermitsiidilise libestita, sisemise r\u00f5ngaga, mis hoiab seda paigal, ja pitsilised sukapaelad.\",\"breadcrumb\":{\"@id\":\"https:\\\/\\\/lustandlove.eu\\\/et\\\/toode\\\/naiste-kondoomid-lateksivaba-3tk-copy\\\/#breadcrumb\"},\"inLanguage\":\"et\",\"potentialAction\":[{\"@type\":\"ReadAction\",\"target\":[\"https:\\\/\\\/lustandlove.eu\\\/et\\\/toode\\\/naiste-kondoomid-lateksivaba-3tk-copy\\\/\"]}]},{\"@type\":\"ImageObject\",\"inLanguage\":\"et\",\"@id\":\"https:\\\/\\\/lustandlove.eu\\\/et\\\/toode\\\/naiste-kondoomid-lateksivaba-3tk-copy\\\/#primaryimage\",\"url\":\"https:\\\/\\\/lustandlove.eu\\\/wp-content\\\/uploads\\\/adloran_uniq_sexyhoop_EN_202310_nohanger.png\",\"contentUrl\":\"https:\\\/\\\/lustandlove.eu\\\/wp-content\\\/uploads\\\/adloran_uniq_sexyhoop_EN_202310_nohanger.png\",\"width\":1200,\"height\":1200},{\"@type\":\"BreadcrumbList\",\"@id\":\"https:\\\/\\\/lustandlove.eu\\\/et\\\/toode\\\/naiste-kondoomid-lateksivaba-3tk-copy\\\/#breadcrumb\",\"itemListElement\":[{\"@type\":\"ListItem\",\"position\":1,\"name\":\"Lust and Love\",\"item\":\"https:\\\/\\\/lustandlove.eu\\\/et\\\/\"},{\"@type\":\"ListItem\",\"position\":2,\"name\":\"Pood\",\"item\":\"https:\\\/\\\/lustandlove.eu\\\/et\\\/pood\\\/\"},{\"@type\":\"ListItem\",\"position\":3,\"name\":\"Libestid ja kehahooldus\",\"item\":\"https:\\\/\\\/lustandlove.eu\\\/et\\\/pood\\\/apteek\\\/\"},{\"@type\":\"ListItem\",\"position\":4,\"name\":\"Naiste Kondoomid lateksivaba Sexy Hoop 3tk\"}]},{\"@type\":\"WebSite\",\"@id\":\"https:\\\/\\\/lustandlove.eu\\\/et\\\/#website\",\"url\":\"https:\\\/\\\/lustandlove.eu\\\/et\\\/\",\"name\":\"Lust &amp; Love\",\"description\":\"Online erootikapood tervise, ilu ja armastuse jaoks\",\"publisher\":{\"@id\":\"https:\\\/\\\/lustandlove.eu\\\/et\\\/#organization\"},\"potentialAction\":[{\"@type\":\"SearchAction\",\"target\":{\"@type\":\"EntryPoint\",\"urlTemplate\":\"https:\\\/\\\/lustandlove.eu\\\/et\\\/?s={search_term_string}\"},\"query-input\":{\"@type\":\"PropertyValueSpecification\",\"valueRequired\":true,\"valueName\":\"search_term_string\"}}],\"inLanguage\":\"et\"},{\"@type\":\"Organization\",\"@id\":\"https:\\\/\\\/lustandlove.eu\\\/et\\\/#organization\",\"name\":\"Bioconcept Baltics O\u00dc\",\"url\":\"https:\\\/\\\/lustandlove.eu\\\/et\\\/\",\"logo\":{\"@type\":\"ImageObject\",\"inLanguage\":\"et\",\"@id\":\"https:\\\/\\\/lustandlove.eu\\\/et\\\/#\\\/schema\\\/logo\\\/image\\\/\",\"url\":\"\",\"contentUrl\":\"\",\"caption\":\"Bioconcept Baltics O\u00dc\"},\"image\":{\"@id\":\"https:\\\/\\\/lustandlove.eu\\\/et\\\/#\\\/schema\\\/logo\\\/image\\\/\"},\"sameAs\":[\"https:\\\/\\\/www.facebook.com\\\/LustandLoveEU\\\/\",\"https:\\\/\\\/www.instagram.com\\\/lustandloveeu\\\/\"]}]}<\/script>\n<!-- \/ Yoast SEO plugin. -->","yoast_head_json":{"title":"Naiste Kondoomid lateksivaba Sexy Hoop 3tk | Lust and Love","description":"Lateksvaba naiste kondoom, mis on valmistatud s\u00fcnteetilisest resin AT-10, ilma spermitsiidilise libestita, sisemise r\u00f5ngaga, mis hoiab seda paigal, ja pitsilised sukapaelad.","robots":{"index,follow,max-snippet":"index,follow,max-snippet:-1,max-image-preview:large,max-video-preview:-1"},"canonical":"https:\/\/lustandlove.eu\/et\/toode\/naiste-kondoomid-lateksivaba-3tk-copy\/","twitter_card":"summary_large_image","twitter_title":"Naiste Kondoomid lateksivaba Sexy Hoop 3tk | Lust and Love","twitter_description":"Lateksvaba naiste kondoom, mis on valmistatud s\u00fcnteetilisest resin AT-10, ilma spermitsiidilise libestita, sisemise r\u00f5ngaga, mis hoiab seda paigal, ja pitsilised sukapaelad.","twitter_image":"https:\/\/lustandlove.eu\/wp-content\/uploads\/adloran_uniq_sexyhoop_EN_202310_nohanger.png","twitter_misc":{"Est. reading time":"1 minut"},"schema":{"@context":"https:\/\/schema.org","@graph":[{"@type":["WebPage","ItemPage"],"@id":"https:\/\/lustandlove.eu\/et\/toode\/naiste-kondoomid-lateksivaba-3tk-copy\/","url":"https:\/\/lustandlove.eu\/et\/toode\/naiste-kondoomid-lateksivaba-3tk-copy\/","name":"Naiste Kondoomid lateksivaba Sexy Hoop 3tk | Lust and Love","isPartOf":{"@id":"https:\/\/lustandlove.eu\/et\/#website"},"primaryImageOfPage":{"@id":"https:\/\/lustandlove.eu\/et\/toode\/naiste-kondoomid-lateksivaba-3tk-copy\/#primaryimage"},"image":{"@id":"https:\/\/lustandlove.eu\/et\/toode\/naiste-kondoomid-lateksivaba-3tk-copy\/#primaryimage"},"thumbnailUrl":"https:\/\/lustandlove.eu\/wp-content\/uploads\/adloran_uniq_sexyhoop_EN_202310_nohanger.png","datePublished":"2024-09-23T07:21:32+00:00","dateModified":"2026-04-13T07:26:53+00:00","description":"Lateksvaba naiste kondoom, mis on valmistatud s\u00fcnteetilisest resin AT-10, ilma spermitsiidilise libestita, sisemise r\u00f5ngaga, mis hoiab seda paigal, ja pitsilised sukapaelad.","breadcrumb":{"@id":"https:\/\/lustandlove.eu\/et\/toode\/naiste-kondoomid-lateksivaba-3tk-copy\/#breadcrumb"},"inLanguage":"et","potentialAction":[{"@type":"ReadAction","target":["https:\/\/lustandlove.eu\/et\/toode\/naiste-kondoomid-lateksivaba-3tk-copy\/"]}]},{"@type":"ImageObject","inLanguage":"et","@id":"https:\/\/lustandlove.eu\/et\/toode\/naiste-kondoomid-lateksivaba-3tk-copy\/#primaryimage","url":"https:\/\/lustandlove.eu\/wp-content\/uploads\/adloran_uniq_sexyhoop_EN_202310_nohanger.png","contentUrl":"https:\/\/lustandlove.eu\/wp-content\/uploads\/adloran_uniq_sexyhoop_EN_202310_nohanger.png","width":1200,"height":1200},{"@type":"BreadcrumbList","@id":"https:\/\/lustandlove.eu\/et\/toode\/naiste-kondoomid-lateksivaba-3tk-copy\/#breadcrumb","itemListElement":[{"@type":"ListItem","position":1,"name":"Lust and Love","item":"https:\/\/lustandlove.eu\/et\/"},{"@type":"ListItem","position":2,"name":"Pood","item":"https:\/\/lustandlove.eu\/et\/pood\/"},{"@type":"ListItem","position":3,"name":"Libestid ja kehahooldus","item":"https:\/\/lustandlove.eu\/et\/pood\/apteek\/"},{"@type":"ListItem","position":4,"name":"Naiste Kondoomid lateksivaba Sexy Hoop 3tk"}]},{"@type":"WebSite","@id":"https:\/\/lustandlove.eu\/et\/#website","url":"https:\/\/lustandlove.eu\/et\/","name":"Lust &amp; Love","description":"Online erootikapood tervise, ilu ja armastuse jaoks","publisher":{"@id":"https:\/\/lustandlove.eu\/et\/#organization"},"potentialAction":[{"@type":"SearchAction","target":{"@type":"EntryPoint","urlTemplate":"https:\/\/lustandlove.eu\/et\/?s={search_term_string}"},"query-input":{"@type":"PropertyValueSpecification","valueRequired":true,"valueName":"search_term_string"}}],"inLanguage":"et"},{"@type":"Organization","@id":"https:\/\/lustandlove.eu\/et\/#organization","name":"Bioconcept Baltics O\u00dc","url":"https:\/\/lustandlove.eu\/et\/","logo":{"@type":"ImageObject","inLanguage":"et","@id":"https:\/\/lustandlove.eu\/et\/#\/schema\/logo\/image\/","url":"","contentUrl":"","caption":"Bioconcept Baltics O\u00dc"},"image":{"@id":"https:\/\/lustandlove.eu\/et\/#\/schema\/logo\/image\/"},"sameAs":["https:\/\/www.facebook.com\/LustandLoveEU\/","https:\/\/www.instagram.com\/lustandloveeu\/"]}]}},"_links":{"self":[{"href":"https:\/\/lustandlove.eu\/et\/wp-json\/wp\/v2\/product\/92001","targetHints":{"allow":["GET"]}}],"collection":[{"href":"https:\/\/lustandlove.eu\/et\/wp-json\/wp\/v2\/product"}],"about":[{"href":"https:\/\/lustandlove.eu\/et\/wp-json\/wp\/v2\/types\/product"}],"wp:featuredmedia":[{"embeddable":true,"href":"https:\/\/lustandlove.eu\/et\/wp-json\/wp\/v2\/media\/92003"}],"wp:attachment":[{"href":"https:\/\/lustandlove.eu\/et\/wp-json\/wp\/v2\/media?parent=92001"}],"wp:term":[{"taxonomy":"product_brand","embeddable":true,"href":"https:\/\/lustandlove.eu\/et\/wp-json\/wp\/v2\/product_brand?post=92001"},{"taxonomy":"product_cat","embeddable":true,"href":"https:\/\/lustandlove.eu\/et\/wp-json\/wp\/v2\/product_cat?post=92001"},{"taxonomy":"product_tag","embeddable":true,"href":"https:\/\/lustandlove.eu\/et\/wp-json\/wp\/v2\/product_tag?post=92001"}],"curies":[{"name":"wp","href":"https:\/\/api.w.org\/{rel}","templated":true}]}}