{"id":92015,"date":"2024-09-23T13:10:18","date_gmt":"2024-09-23T10:10:19","guid":{"rendered":"https:\/\/www.lustandlove.eu\/?post_type=product&#038;p=92015"},"modified":"2026-04-13T10:26:52","modified_gmt":"2026-04-13T07:26:52","slug":"naiste-kondoomid-lateksivaba-air-3tk-copy","status":"publish","type":"product","link":"https:\/\/lustandlove.eu\/et\/toode\/naiste-kondoomid-lateksivaba-air-3tk-copy\/","title":{"rendered":"Naiste Kondoomid lateksivaba Slip 3tk"},"content":{"rendered":"<p>Kondoomi <em>slip<\/em> on v\u00e4ga diskreetne ja seda on lihtne kasutada. Naiste kondoomidel on sama missioon mis meeste kondoomidel \u2013 kaitsta raseduse ja suguhaiguste eest. Erinevalt meeste kondoomist saab sisekondoomi sisestada kuni 8 tundi enne vahekorda . Pole vaja pausi teha, see on valmis, kui teie olete!<\/p>\n<p>Uniq Lady naiste kondoomidega tunnete rohkem m\u00f5nu ja turvalisust. Kaunid pitsist sukapaelad hoiavad seda paigal sees oleva \u00f5humulli abil. Kui see on sisestatud, ei saa seda ilma teie teadmata enam eemaldada.<\/p>\n<p>\u00dclimalt sile, \u00fcli\u00f5huke (0,008 mm), soojust juhtiv ja l\u00f5hnatu. V\u00f5ib kasutada k\u00f5igi libestitega, isegi \u00f5lidega!<\/p>\n<p>Uued UNIQ naiste kondoomid on valmistatud <em>resin<\/em> plastmaterjalist AT-10, mis on:<br \/>\n* 10 korda \u00f5hem kui lateks<br \/>\n* v\u00e4ga vastupidav survele, venimisele ja h\u00f5\u00f5rdumisele<br \/>\n* h\u00fcpoallergeenne, sobib lateksiallergiaga inimestele<br \/>\n* kasutatav igat t\u00fc\u00fcpi libestiga, isegi \u00f5libaasil<br \/>\n* tundub kui teise nahana, kui materjal on soe<br \/>\n* sile, l\u00e4bipaistev ja l\u00f5hnatu<br \/>\n* kergelt parafiin\u00f5liga m\u00e4\u00e4ritud<\/p>\n<p>Pakend sisaldab 3 naiste kondoomi ja 3 kotikest libestit.<\/p>\n<p>Kuidas kasutada:<br \/>\nEemalda Uniq Lady kondoom pakendist ja keera pitsiline sukapael ettevaatlikult lahti. Seej\u00e4rel pange see jalga nagu p\u00fcksid nii, et kondoomi \u00f5humulli osa on suunatud sissepoole. Seej\u00e4rel sisestage kondoom s\u00f5rmedega sarnaselt tampooniga ja m\u00e4\u00e4rige sellele ja peenisele libesti. Juhtige peenis tuppe nii esimesel korral kui ka asendi muutmisel. P\u00e4rast kasutamist sulgege kondoom p\u00f5hjast ja t\u00f5mmake see v\u00e4lja.<\/p>\n<p>&nbsp;<\/p>\n","protected":false},"excerpt":{"rendered":"<p>Lateksivaba naiste kondoom, mis on valmistatud s\u00fcnteetilisest <em>resin<\/em> AT-10, spermitsiidselt m\u00e4\u00e4rimata, sisemise hoidmisfunktsiooniga (\u00f5humull), laia v\u00e4lisr\u00f5nga ja pitsist sukapaeltega.<\/p>\n","protected":false},"featured_media":92017,"template":"","meta":[],"product_brand":[4245],"product_cat":[1462,1460],"product_tag":[],"class_list":{"0":"post-92015","1":"product","2":"type-product","3":"status-publish","4":"has-post-thumbnail","6":"product_brand-uniq-et","7":"product_cat-kondoomid","8":"product_cat-apteek","9":"pa_brand-uniq-et","11":"first","12":"instock","13":"taxable","14":"shipping-taxable","15":"purchasable","16":"product-type-simple"},"yoast_head":"<!-- This site is optimized with the Yoast SEO plugin v27.4 - https:\/\/yoast.com\/product\/yoast-seo-wordpress\/ -->\n<title>Naiste Kondoomid lateksivaba Slip 3tk | Lust and Love<\/title>\n<meta name=\"description\" content=\"Lateksvaba naiste kondoom, mis on valmistatud s\u00fcnteetilisest resin AT-10, ilma spermitsiidilise libestita, sisemise \u00f5humulliga mis hoiab ja kaitseb.\" \/>\n<meta name=\"robots\" content=\"index,follow,max-snippet:-1,max-image-preview:large,max-video-preview:-1\" \/>\n<link rel=\"canonical\" href=\"https:\/\/lustandlove.eu\/et\/toode\/naiste-kondoomid-lateksivaba-air-3tk-copy\/\" \/>\n<script type=\"application\/ld+json\" class=\"yoast-schema-graph\">{\"@context\":\"https:\\\/\\\/schema.org\",\"@graph\":[{\"@type\":[\"WebPage\",\"ItemPage\"],\"@id\":\"https:\\\/\\\/lustandlove.eu\\\/et\\\/toode\\\/naiste-kondoomid-lateksivaba-air-3tk-copy\\\/\",\"url\":\"https:\\\/\\\/lustandlove.eu\\\/et\\\/toode\\\/naiste-kondoomid-lateksivaba-air-3tk-copy\\\/\",\"name\":\"Naiste Kondoomid lateksivaba Slip 3tk | Lust and Love\",\"isPartOf\":{\"@id\":\"https:\\\/\\\/lustandlove.eu\\\/et\\\/#website\"},\"primaryImageOfPage\":{\"@id\":\"https:\\\/\\\/lustandlove.eu\\\/et\\\/toode\\\/naiste-kondoomid-lateksivaba-air-3tk-copy\\\/#primaryimage\"},\"image\":{\"@id\":\"https:\\\/\\\/lustandlove.eu\\\/et\\\/toode\\\/naiste-kondoomid-lateksivaba-air-3tk-copy\\\/#primaryimage\"},\"thumbnailUrl\":\"https:\\\/\\\/lustandlove.eu\\\/wp-content\\\/uploads\\\/uniq-lady-female-condom___220606-e1727086458881.png\",\"datePublished\":\"2024-09-23T10:10:19+00:00\",\"dateModified\":\"2026-04-13T07:26:52+00:00\",\"description\":\"Lateksvaba naiste kondoom, mis on valmistatud s\u00fcnteetilisest resin AT-10, ilma spermitsiidilise libestita, sisemise \u00f5humulliga mis hoiab ja kaitseb.\",\"breadcrumb\":{\"@id\":\"https:\\\/\\\/lustandlove.eu\\\/et\\\/toode\\\/naiste-kondoomid-lateksivaba-air-3tk-copy\\\/#breadcrumb\"},\"inLanguage\":\"et\",\"potentialAction\":[{\"@type\":\"ReadAction\",\"target\":[\"https:\\\/\\\/lustandlove.eu\\\/et\\\/toode\\\/naiste-kondoomid-lateksivaba-air-3tk-copy\\\/\"]}]},{\"@type\":\"ImageObject\",\"inLanguage\":\"et\",\"@id\":\"https:\\\/\\\/lustandlove.eu\\\/et\\\/toode\\\/naiste-kondoomid-lateksivaba-air-3tk-copy\\\/#primaryimage\",\"url\":\"https:\\\/\\\/lustandlove.eu\\\/wp-content\\\/uploads\\\/uniq-lady-female-condom___220606-e1727086458881.png\",\"contentUrl\":\"https:\\\/\\\/lustandlove.eu\\\/wp-content\\\/uploads\\\/uniq-lady-female-condom___220606-e1727086458881.png\",\"width\":1200,\"height\":630},{\"@type\":\"BreadcrumbList\",\"@id\":\"https:\\\/\\\/lustandlove.eu\\\/et\\\/toode\\\/naiste-kondoomid-lateksivaba-air-3tk-copy\\\/#breadcrumb\",\"itemListElement\":[{\"@type\":\"ListItem\",\"position\":1,\"name\":\"Lust and Love\",\"item\":\"https:\\\/\\\/lustandlove.eu\\\/et\\\/\"},{\"@type\":\"ListItem\",\"position\":2,\"name\":\"Pood\",\"item\":\"https:\\\/\\\/lustandlove.eu\\\/et\\\/pood\\\/\"},{\"@type\":\"ListItem\",\"position\":3,\"name\":\"Libestid ja kehahooldus\",\"item\":\"https:\\\/\\\/lustandlove.eu\\\/et\\\/pood\\\/apteek\\\/\"},{\"@type\":\"ListItem\",\"position\":4,\"name\":\"Naiste Kondoomid lateksivaba Slip 3tk\"}]},{\"@type\":\"WebSite\",\"@id\":\"https:\\\/\\\/lustandlove.eu\\\/et\\\/#website\",\"url\":\"https:\\\/\\\/lustandlove.eu\\\/et\\\/\",\"name\":\"Lust & Love\",\"description\":\"Online erootikapood tervise, ilu ja armastuse jaoks\",\"publisher\":{\"@id\":\"https:\\\/\\\/lustandlove.eu\\\/et\\\/#organization\"},\"potentialAction\":[{\"@type\":\"SearchAction\",\"target\":{\"@type\":\"EntryPoint\",\"urlTemplate\":\"https:\\\/\\\/lustandlove.eu\\\/et\\\/?s={search_term_string}\"},\"query-input\":{\"@type\":\"PropertyValueSpecification\",\"valueRequired\":true,\"valueName\":\"search_term_string\"}}],\"inLanguage\":\"et\"},{\"@type\":\"Organization\",\"@id\":\"https:\\\/\\\/lustandlove.eu\\\/et\\\/#organization\",\"name\":\"Bioconcept Baltics O\u00dc\",\"url\":\"https:\\\/\\\/lustandlove.eu\\\/et\\\/\",\"logo\":{\"@type\":\"ImageObject\",\"inLanguage\":\"et\",\"@id\":\"https:\\\/\\\/lustandlove.eu\\\/et\\\/#\\\/schema\\\/logo\\\/image\\\/\",\"url\":\"https:\\\/\\\/lustandlove.eu\\\/wp-content\\\/uploads\\\/logo-full-2.png\",\"contentUrl\":\"https:\\\/\\\/lustandlove.eu\\\/wp-content\\\/uploads\\\/logo-full-2.png\",\"width\":837,\"height\":200,\"caption\":\"Bioconcept Baltics O\u00dc\"},\"image\":{\"@id\":\"https:\\\/\\\/lustandlove.eu\\\/et\\\/#\\\/schema\\\/logo\\\/image\\\/\"},\"sameAs\":[\"https:\\\/\\\/www.facebook.com\\\/LustandLoveEU\\\/\",\"https:\\\/\\\/www.instagram.com\\\/lustandloveeu\\\/\"]}]}<\/script>\n<!-- \/ Yoast SEO plugin. -->","yoast_head_json":{"title":"Naiste Kondoomid lateksivaba Slip 3tk | Lust and Love","description":"Lateksvaba naiste kondoom, mis on valmistatud s\u00fcnteetilisest resin AT-10, ilma spermitsiidilise libestita, sisemise \u00f5humulliga mis hoiab ja kaitseb.","robots":{"index,follow,max-snippet":"index,follow,max-snippet:-1,max-image-preview:large,max-video-preview:-1"},"canonical":"https:\/\/lustandlove.eu\/et\/toode\/naiste-kondoomid-lateksivaba-air-3tk-copy\/","schema":{"@context":"https:\/\/schema.org","@graph":[{"@type":["WebPage","ItemPage"],"@id":"https:\/\/lustandlove.eu\/et\/toode\/naiste-kondoomid-lateksivaba-air-3tk-copy\/","url":"https:\/\/lustandlove.eu\/et\/toode\/naiste-kondoomid-lateksivaba-air-3tk-copy\/","name":"Naiste Kondoomid lateksivaba Slip 3tk | Lust and Love","isPartOf":{"@id":"https:\/\/lustandlove.eu\/et\/#website"},"primaryImageOfPage":{"@id":"https:\/\/lustandlove.eu\/et\/toode\/naiste-kondoomid-lateksivaba-air-3tk-copy\/#primaryimage"},"image":{"@id":"https:\/\/lustandlove.eu\/et\/toode\/naiste-kondoomid-lateksivaba-air-3tk-copy\/#primaryimage"},"thumbnailUrl":"https:\/\/lustandlove.eu\/wp-content\/uploads\/uniq-lady-female-condom___220606-e1727086458881.png","datePublished":"2024-09-23T10:10:19+00:00","dateModified":"2026-04-13T07:26:52+00:00","description":"Lateksvaba naiste kondoom, mis on valmistatud s\u00fcnteetilisest resin AT-10, ilma spermitsiidilise libestita, sisemise \u00f5humulliga mis hoiab ja kaitseb.","breadcrumb":{"@id":"https:\/\/lustandlove.eu\/et\/toode\/naiste-kondoomid-lateksivaba-air-3tk-copy\/#breadcrumb"},"inLanguage":"et","potentialAction":[{"@type":"ReadAction","target":["https:\/\/lustandlove.eu\/et\/toode\/naiste-kondoomid-lateksivaba-air-3tk-copy\/"]}]},{"@type":"ImageObject","inLanguage":"et","@id":"https:\/\/lustandlove.eu\/et\/toode\/naiste-kondoomid-lateksivaba-air-3tk-copy\/#primaryimage","url":"https:\/\/lustandlove.eu\/wp-content\/uploads\/uniq-lady-female-condom___220606-e1727086458881.png","contentUrl":"https:\/\/lustandlove.eu\/wp-content\/uploads\/uniq-lady-female-condom___220606-e1727086458881.png","width":1200,"height":630},{"@type":"BreadcrumbList","@id":"https:\/\/lustandlove.eu\/et\/toode\/naiste-kondoomid-lateksivaba-air-3tk-copy\/#breadcrumb","itemListElement":[{"@type":"ListItem","position":1,"name":"Lust and Love","item":"https:\/\/lustandlove.eu\/et\/"},{"@type":"ListItem","position":2,"name":"Pood","item":"https:\/\/lustandlove.eu\/et\/pood\/"},{"@type":"ListItem","position":3,"name":"Libestid ja kehahooldus","item":"https:\/\/lustandlove.eu\/et\/pood\/apteek\/"},{"@type":"ListItem","position":4,"name":"Naiste Kondoomid lateksivaba Slip 3tk"}]},{"@type":"WebSite","@id":"https:\/\/lustandlove.eu\/et\/#website","url":"https:\/\/lustandlove.eu\/et\/","name":"Lust & Love","description":"Online erootikapood tervise, ilu ja armastuse jaoks","publisher":{"@id":"https:\/\/lustandlove.eu\/et\/#organization"},"potentialAction":[{"@type":"SearchAction","target":{"@type":"EntryPoint","urlTemplate":"https:\/\/lustandlove.eu\/et\/?s={search_term_string}"},"query-input":{"@type":"PropertyValueSpecification","valueRequired":true,"valueName":"search_term_string"}}],"inLanguage":"et"},{"@type":"Organization","@id":"https:\/\/lustandlove.eu\/et\/#organization","name":"Bioconcept Baltics O\u00dc","url":"https:\/\/lustandlove.eu\/et\/","logo":{"@type":"ImageObject","inLanguage":"et","@id":"https:\/\/lustandlove.eu\/et\/#\/schema\/logo\/image\/","url":"https:\/\/lustandlove.eu\/wp-content\/uploads\/logo-full-2.png","contentUrl":"https:\/\/lustandlove.eu\/wp-content\/uploads\/logo-full-2.png","width":837,"height":200,"caption":"Bioconcept Baltics O\u00dc"},"image":{"@id":"https:\/\/lustandlove.eu\/et\/#\/schema\/logo\/image\/"},"sameAs":["https:\/\/www.facebook.com\/LustandLoveEU\/","https:\/\/www.instagram.com\/lustandloveeu\/"]}]}},"_links":{"self":[{"href":"https:\/\/lustandlove.eu\/et\/wp-json\/wp\/v2\/product\/92015","targetHints":{"allow":["GET"]}}],"collection":[{"href":"https:\/\/lustandlove.eu\/et\/wp-json\/wp\/v2\/product"}],"about":[{"href":"https:\/\/lustandlove.eu\/et\/wp-json\/wp\/v2\/types\/product"}],"wp:featuredmedia":[{"embeddable":true,"href":"https:\/\/lustandlove.eu\/et\/wp-json\/wp\/v2\/media\/92017"}],"wp:attachment":[{"href":"https:\/\/lustandlove.eu\/et\/wp-json\/wp\/v2\/media?parent=92015"}],"wp:term":[{"taxonomy":"product_brand","embeddable":true,"href":"https:\/\/lustandlove.eu\/et\/wp-json\/wp\/v2\/product_brand?post=92015"},{"taxonomy":"product_cat","embeddable":true,"href":"https:\/\/lustandlove.eu\/et\/wp-json\/wp\/v2\/product_cat?post=92015"},{"taxonomy":"product_tag","embeddable":true,"href":"https:\/\/lustandlove.eu\/et\/wp-json\/wp\/v2\/product_tag?post=92015"}],"curies":[{"name":"wp","href":"https:\/\/api.w.org\/{rel}","templated":true}]}}