{"id":92147,"date":"2024-11-07T09:33:32","date_gmt":"2024-11-07T07:33:33","guid":{"rendered":"https:\/\/www.lustandlove.eu\/?post_type=product&#038;p=92147"},"modified":"2026-04-13T10:26:51","modified_gmt":"2026-04-13T07:26:51","slug":"klaasist-dildo-parlitega-vikerkaar-copy","status":"publish","type":"product","link":"https:\/\/lustandlove.eu\/et\/toode\/klaasist-dildo-parlitega-vikerkaar-copy\/","title":{"rendered":"Klaasist Dildo Sile &#8211; Vikerkaar"},"content":{"rendered":"<div class=\"wpb-content-wrapper\"><p>[vc_row][vc_column][vc_column_text css=&#8221;&#8221; woodmart_inline=&#8221;no&#8221; text_larger=&#8221;no&#8221;]Klaasist ja sileda disainiga dildo v\u00f5lub elegantse silueti ja erksate toonidega. Iga kurv ja kontuur on asjatundlikult loodud stimuleerima ja rahuldust pakkuma, lubades kogemust, mis pole \u00fckski teine.<\/p>\n<p>Kogege sensoorse uurimise p\u00f5nevust, nautides klaasi ainulaadset sooja ja k\u00fclma efekti. \u00dcksk\u00f5ik, kas eelistate kuumutatud klaasi rahustavat soojust v\u00f5i jahutatud pinna virgutavat k\u00fclmav\u00e4rinat, see dildo kutsub teid sukelduma sensatsioonimaailma.<\/p>\n<p>Vastupidavust silmas pidades k\u00e4sitsi valmistatud Kiotos Glass tagab, et teie naudingul pole piire. Iga dildo on loodud ajaproovile vastu pidama, lubades lugematuid ekstaasi hetki.<\/p>\n<p>Kiotos Glass-is on kvaliteet esmat\u00e4htis. Me ei s\u00e4\u00e4sta kulutusi parimate materjalide hankimisel ja uuenduslike disainilahenduste kasutamisel teie naudingu suurendamiseks.<\/p>\n<p>Kogege Kiotos Glassi Sileda Klaasdildo &#8211; Vikerkaar ilu ja naudingut, kus keerukus kohtub ekstaasiga, et luua unustamatu sensoorne kogemus.[\/vc_column_text][\/vc_column][\/vc_row]<\/p>\n<\/div>","protected":false},"excerpt":{"rendered":"<p>Tutvustame Kiotos Glass klaasist siledat vikerkaare v\u00e4rvilist dildot \u2013 mis on elav ja mitmek\u00fclgne t\u00e4iendus teie intiimsele kollektsioonile. T\u00e4pselt ja hoolikalt k\u00e4sit\u00f6\u00f6na valmistatud peen klaasist dildo \u00fcletab tavap\u00e4rase, pakkudes lummavat v\u00e4rvide esitust, mis meenutab s\u00e4ravat vikerkaart.<\/p>\n","protected":false},"featured_media":92151,"template":"","meta":[],"product_brand":[4228],"product_cat":[1485,4064,1484],"product_tag":[1567],"class_list":{"0":"post-92147","1":"product","2":"type-product","3":"status-publish","4":"has-post-thumbnail","6":"product_brand-o-products-et","7":"product_cat-dildod","8":"product_cat-klaas-ja-metall","9":"product_cat-sekslelud","10":"product_tag-klaas","11":"pa_brand-o-products-et","13":"first","14":"instock","15":"taxable","16":"shipping-taxable","17":"purchasable","18":"product-type-simple"},"yoast_head":"<!-- This site is optimized with the Yoast SEO plugin v27.3 - https:\/\/yoast.com\/product\/yoast-seo-wordpress\/ -->\n<title>Klaasist Dildo Sile - Vikerkaar | Lust and Love<\/title>\n<meta name=\"description\" content=\"Elav ja mitmek\u00fclgne t\u00e4iendus teie kollektsioonile. Hoolega k\u00e4sitsi valmistatud, see s\u00e4rav vikerkaareklaasist dildo \u00fcletab tavap\u00e4rase.\" \/>\n<meta name=\"robots\" content=\"index,follow,max-snippet:-1,max-image-preview:large,max-video-preview:-1\" \/>\n<link rel=\"canonical\" href=\"https:\/\/lustandlove.eu\/et\/toode\/klaasist-dildo-parlitega-vikerkaar-copy\/\" \/>\n<meta name=\"twitter:card\" content=\"summary_large_image\" \/>\n<meta name=\"twitter:title\" content=\"Klaasist Dildo Sile - Vikerkaar | Lust and Love\" \/>\n<meta name=\"twitter:description\" content=\"Elav ja mitmek\u00fclgne t\u00e4iendus teie kollektsioonile. Hoolega k\u00e4sitsi valmistatud, see s\u00e4rav vikerkaareklaasist dildo \u00fcletab tavap\u00e4rase.\" \/>\n<meta name=\"twitter:image\" content=\"https:\/\/lustandlove.eu\/wp-content\/uploads\/opr-3015022-01.png\" \/>\n<meta name=\"twitter:label1\" content=\"Est. reading time\" \/>\n\t<meta name=\"twitter:data1\" content=\"1 minut\" \/>\n<script type=\"application\/ld+json\" class=\"yoast-schema-graph\">{\"@context\":\"https:\\\/\\\/schema.org\",\"@graph\":[{\"@type\":[\"WebPage\",\"ItemPage\"],\"@id\":\"https:\\\/\\\/lustandlove.eu\\\/et\\\/toode\\\/klaasist-dildo-parlitega-vikerkaar-copy\\\/\",\"url\":\"https:\\\/\\\/lustandlove.eu\\\/et\\\/toode\\\/klaasist-dildo-parlitega-vikerkaar-copy\\\/\",\"name\":\"Klaasist Dildo Sile - Vikerkaar | Lust and Love\",\"isPartOf\":{\"@id\":\"https:\\\/\\\/lustandlove.eu\\\/et\\\/#website\"},\"primaryImageOfPage\":{\"@id\":\"https:\\\/\\\/lustandlove.eu\\\/et\\\/toode\\\/klaasist-dildo-parlitega-vikerkaar-copy\\\/#primaryimage\"},\"image\":{\"@id\":\"https:\\\/\\\/lustandlove.eu\\\/et\\\/toode\\\/klaasist-dildo-parlitega-vikerkaar-copy\\\/#primaryimage\"},\"thumbnailUrl\":\"https:\\\/\\\/lustandlove.eu\\\/wp-content\\\/uploads\\\/opr-3015022-01.png\",\"datePublished\":\"2024-11-07T07:33:33+00:00\",\"dateModified\":\"2026-04-13T07:26:51+00:00\",\"description\":\"Elav ja mitmek\u00fclgne t\u00e4iendus teie kollektsioonile. Hoolega k\u00e4sitsi valmistatud, see s\u00e4rav vikerkaareklaasist dildo \u00fcletab tavap\u00e4rase.\",\"breadcrumb\":{\"@id\":\"https:\\\/\\\/lustandlove.eu\\\/et\\\/toode\\\/klaasist-dildo-parlitega-vikerkaar-copy\\\/#breadcrumb\"},\"inLanguage\":\"et\",\"potentialAction\":[{\"@type\":\"ReadAction\",\"target\":[\"https:\\\/\\\/lustandlove.eu\\\/et\\\/toode\\\/klaasist-dildo-parlitega-vikerkaar-copy\\\/\"]}]},{\"@type\":\"ImageObject\",\"inLanguage\":\"et\",\"@id\":\"https:\\\/\\\/lustandlove.eu\\\/et\\\/toode\\\/klaasist-dildo-parlitega-vikerkaar-copy\\\/#primaryimage\",\"url\":\"https:\\\/\\\/lustandlove.eu\\\/wp-content\\\/uploads\\\/opr-3015022-01.png\",\"contentUrl\":\"https:\\\/\\\/lustandlove.eu\\\/wp-content\\\/uploads\\\/opr-3015022-01.png\",\"width\":700,\"height\":450},{\"@type\":\"BreadcrumbList\",\"@id\":\"https:\\\/\\\/lustandlove.eu\\\/et\\\/toode\\\/klaasist-dildo-parlitega-vikerkaar-copy\\\/#breadcrumb\",\"itemListElement\":[{\"@type\":\"ListItem\",\"position\":1,\"name\":\"Lust and Love\",\"item\":\"https:\\\/\\\/lustandlove.eu\\\/et\\\/\"},{\"@type\":\"ListItem\",\"position\":2,\"name\":\"Pood\",\"item\":\"https:\\\/\\\/lustandlove.eu\\\/et\\\/pood\\\/\"},{\"@type\":\"ListItem\",\"position\":3,\"name\":\"Sekslelud\",\"item\":\"https:\\\/\\\/lustandlove.eu\\\/et\\\/pood\\\/sekslelud\\\/\"},{\"@type\":\"ListItem\",\"position\":4,\"name\":\"Dildod\",\"item\":\"https:\\\/\\\/lustandlove.eu\\\/et\\\/pood\\\/sekslelud\\\/dildod\\\/\"},{\"@type\":\"ListItem\",\"position\":5,\"name\":\"Klaasist Dildo Sile &#8211; Vikerkaar\"}]},{\"@type\":\"WebSite\",\"@id\":\"https:\\\/\\\/lustandlove.eu\\\/et\\\/#website\",\"url\":\"https:\\\/\\\/lustandlove.eu\\\/et\\\/\",\"name\":\"Lust &amp; Love\",\"description\":\"Online erootikapood tervise, ilu ja armastuse jaoks\",\"publisher\":{\"@id\":\"https:\\\/\\\/lustandlove.eu\\\/et\\\/#organization\"},\"potentialAction\":[{\"@type\":\"SearchAction\",\"target\":{\"@type\":\"EntryPoint\",\"urlTemplate\":\"https:\\\/\\\/lustandlove.eu\\\/et\\\/?s={search_term_string}\"},\"query-input\":{\"@type\":\"PropertyValueSpecification\",\"valueRequired\":true,\"valueName\":\"search_term_string\"}}],\"inLanguage\":\"et\"},{\"@type\":\"Organization\",\"@id\":\"https:\\\/\\\/lustandlove.eu\\\/et\\\/#organization\",\"name\":\"Bioconcept Baltics O\u00dc\",\"url\":\"https:\\\/\\\/lustandlove.eu\\\/et\\\/\",\"logo\":{\"@type\":\"ImageObject\",\"inLanguage\":\"et\",\"@id\":\"https:\\\/\\\/lustandlove.eu\\\/et\\\/#\\\/schema\\\/logo\\\/image\\\/\",\"url\":\"\",\"contentUrl\":\"\",\"caption\":\"Bioconcept Baltics O\u00dc\"},\"image\":{\"@id\":\"https:\\\/\\\/lustandlove.eu\\\/et\\\/#\\\/schema\\\/logo\\\/image\\\/\"},\"sameAs\":[\"https:\\\/\\\/www.facebook.com\\\/LustandLoveEU\\\/\",\"https:\\\/\\\/www.instagram.com\\\/lustandloveeu\\\/\"]}]}<\/script>\n<!-- \/ Yoast SEO plugin. -->","yoast_head_json":{"title":"Klaasist Dildo Sile - Vikerkaar | Lust and Love","description":"Elav ja mitmek\u00fclgne t\u00e4iendus teie kollektsioonile. Hoolega k\u00e4sitsi valmistatud, see s\u00e4rav vikerkaareklaasist dildo \u00fcletab tavap\u00e4rase.","robots":{"index,follow,max-snippet":"index,follow,max-snippet:-1,max-image-preview:large,max-video-preview:-1"},"canonical":"https:\/\/lustandlove.eu\/et\/toode\/klaasist-dildo-parlitega-vikerkaar-copy\/","twitter_card":"summary_large_image","twitter_title":"Klaasist Dildo Sile - Vikerkaar | Lust and Love","twitter_description":"Elav ja mitmek\u00fclgne t\u00e4iendus teie kollektsioonile. Hoolega k\u00e4sitsi valmistatud, see s\u00e4rav vikerkaareklaasist dildo \u00fcletab tavap\u00e4rase.","twitter_image":"https:\/\/lustandlove.eu\/wp-content\/uploads\/opr-3015022-01.png","twitter_misc":{"Est. reading time":"1 minut"},"schema":{"@context":"https:\/\/schema.org","@graph":[{"@type":["WebPage","ItemPage"],"@id":"https:\/\/lustandlove.eu\/et\/toode\/klaasist-dildo-parlitega-vikerkaar-copy\/","url":"https:\/\/lustandlove.eu\/et\/toode\/klaasist-dildo-parlitega-vikerkaar-copy\/","name":"Klaasist Dildo Sile - Vikerkaar | Lust and Love","isPartOf":{"@id":"https:\/\/lustandlove.eu\/et\/#website"},"primaryImageOfPage":{"@id":"https:\/\/lustandlove.eu\/et\/toode\/klaasist-dildo-parlitega-vikerkaar-copy\/#primaryimage"},"image":{"@id":"https:\/\/lustandlove.eu\/et\/toode\/klaasist-dildo-parlitega-vikerkaar-copy\/#primaryimage"},"thumbnailUrl":"https:\/\/lustandlove.eu\/wp-content\/uploads\/opr-3015022-01.png","datePublished":"2024-11-07T07:33:33+00:00","dateModified":"2026-04-13T07:26:51+00:00","description":"Elav ja mitmek\u00fclgne t\u00e4iendus teie kollektsioonile. Hoolega k\u00e4sitsi valmistatud, see s\u00e4rav vikerkaareklaasist dildo \u00fcletab tavap\u00e4rase.","breadcrumb":{"@id":"https:\/\/lustandlove.eu\/et\/toode\/klaasist-dildo-parlitega-vikerkaar-copy\/#breadcrumb"},"inLanguage":"et","potentialAction":[{"@type":"ReadAction","target":["https:\/\/lustandlove.eu\/et\/toode\/klaasist-dildo-parlitega-vikerkaar-copy\/"]}]},{"@type":"ImageObject","inLanguage":"et","@id":"https:\/\/lustandlove.eu\/et\/toode\/klaasist-dildo-parlitega-vikerkaar-copy\/#primaryimage","url":"https:\/\/lustandlove.eu\/wp-content\/uploads\/opr-3015022-01.png","contentUrl":"https:\/\/lustandlove.eu\/wp-content\/uploads\/opr-3015022-01.png","width":700,"height":450},{"@type":"BreadcrumbList","@id":"https:\/\/lustandlove.eu\/et\/toode\/klaasist-dildo-parlitega-vikerkaar-copy\/#breadcrumb","itemListElement":[{"@type":"ListItem","position":1,"name":"Lust and Love","item":"https:\/\/lustandlove.eu\/et\/"},{"@type":"ListItem","position":2,"name":"Pood","item":"https:\/\/lustandlove.eu\/et\/pood\/"},{"@type":"ListItem","position":3,"name":"Sekslelud","item":"https:\/\/lustandlove.eu\/et\/pood\/sekslelud\/"},{"@type":"ListItem","position":4,"name":"Dildod","item":"https:\/\/lustandlove.eu\/et\/pood\/sekslelud\/dildod\/"},{"@type":"ListItem","position":5,"name":"Klaasist Dildo Sile &#8211; Vikerkaar"}]},{"@type":"WebSite","@id":"https:\/\/lustandlove.eu\/et\/#website","url":"https:\/\/lustandlove.eu\/et\/","name":"Lust &amp; Love","description":"Online erootikapood tervise, ilu ja armastuse jaoks","publisher":{"@id":"https:\/\/lustandlove.eu\/et\/#organization"},"potentialAction":[{"@type":"SearchAction","target":{"@type":"EntryPoint","urlTemplate":"https:\/\/lustandlove.eu\/et\/?s={search_term_string}"},"query-input":{"@type":"PropertyValueSpecification","valueRequired":true,"valueName":"search_term_string"}}],"inLanguage":"et"},{"@type":"Organization","@id":"https:\/\/lustandlove.eu\/et\/#organization","name":"Bioconcept Baltics O\u00dc","url":"https:\/\/lustandlove.eu\/et\/","logo":{"@type":"ImageObject","inLanguage":"et","@id":"https:\/\/lustandlove.eu\/et\/#\/schema\/logo\/image\/","url":"","contentUrl":"","caption":"Bioconcept Baltics O\u00dc"},"image":{"@id":"https:\/\/lustandlove.eu\/et\/#\/schema\/logo\/image\/"},"sameAs":["https:\/\/www.facebook.com\/LustandLoveEU\/","https:\/\/www.instagram.com\/lustandloveeu\/"]}]}},"_links":{"self":[{"href":"https:\/\/lustandlove.eu\/et\/wp-json\/wp\/v2\/product\/92147","targetHints":{"allow":["GET"]}}],"collection":[{"href":"https:\/\/lustandlove.eu\/et\/wp-json\/wp\/v2\/product"}],"about":[{"href":"https:\/\/lustandlove.eu\/et\/wp-json\/wp\/v2\/types\/product"}],"wp:featuredmedia":[{"embeddable":true,"href":"https:\/\/lustandlove.eu\/et\/wp-json\/wp\/v2\/media\/92151"}],"wp:attachment":[{"href":"https:\/\/lustandlove.eu\/et\/wp-json\/wp\/v2\/media?parent=92147"}],"wp:term":[{"taxonomy":"product_brand","embeddable":true,"href":"https:\/\/lustandlove.eu\/et\/wp-json\/wp\/v2\/product_brand?post=92147"},{"taxonomy":"product_cat","embeddable":true,"href":"https:\/\/lustandlove.eu\/et\/wp-json\/wp\/v2\/product_cat?post=92147"},{"taxonomy":"product_tag","embeddable":true,"href":"https:\/\/lustandlove.eu\/et\/wp-json\/wp\/v2\/product_tag?post=92147"}],"curies":[{"name":"wp","href":"https:\/\/api.w.org\/{rel}","templated":true}]}}