{"id":92161,"date":"2024-11-12T13:51:32","date_gmt":"2024-11-12T11:51:33","guid":{"rendered":"https:\/\/www.lustandlove.eu\/?post_type=product&#038;p=92161"},"modified":"2026-04-13T10:26:50","modified_gmt":"2026-04-13T07:26:50","slug":"juno-g-spot-vibraator-copy","status":"publish","type":"product","link":"https:\/\/lustandlove.eu\/et\/toode\/juno-g-spot-vibraator-copy\/","title":{"rendered":"ILY The wand G-punkti vibraator \ud83e\ude77"},"content":{"rendered":"<p>V\u00e4ljast pehme, kuid seest piisavalt k\u00f5va, et viia teie g-punkti m\u00e4ngud j\u00e4rgmisele tasemele, ILY The wand viib teid uude naudingute maailma.<\/p>\n<p>Pehme, kuid v\u00f5imas vibratsioon muudab selle pehme vibraatori ideaalseks nii v\u00e4liseks ja sisemiseks stimulatsiooniks ning sobib suurep\u00e4raselt nii \u00fcksi kui ka partneritega kasutamiseks&#8230;<\/p>\n<p>Lihtsaks alustamiseks on lelul peal vaid kaks nuppu! \u00dcks nupp juhib kiirust ja mustreid, teine aga toob teieni sooja \u00fcllatuse \ud83d\udd25<\/p>\n","protected":false},"excerpt":{"rendered":"<p>\u00d6elge tere uuele ILY Wand Vibraatorile. Kompaktne, diskreetne ja k\u00f5ik vajalik koos \u00fches lelus. ILY Wand sobib ideaalselt nii algajatele kui ka veteranidele. \u2705<\/p>\n","protected":false},"featured_media":92171,"template":"","meta":[],"product_brand":[4212,4211],"product_cat":[3980,1484,1488],"product_tag":[1545],"class_list":{"0":"post-92161","1":"product","2":"type-product","3":"status-publish","4":"has-post-thumbnail","6":"product_brand-ily-et","7":"product_brand-je-joue-et","8":"product_cat-klassikalised","9":"product_cat-sekslelud","10":"product_cat-vibraatorid","11":"product_tag-wand-et","12":"pa_brand-je-joue-et","14":"first","15":"instock","16":"taxable","17":"shipping-taxable","18":"purchasable","19":"product-type-simple"},"yoast_head":"<!-- This site is optimized with the Yoast SEO plugin v27.3 - https:\/\/yoast.com\/product\/yoast-seo-wordpress\/ -->\n<title>ILY The wand G-punkti vibraator \ud83e\ude77 | Lust and Love<\/title>\n<meta name=\"description\" content=\"\u00d6elge tere uuele ILY Wand Vibraatorile. Kompaktne, diskreetne ja k\u00f5ik vajalik koos \u00fches lelus\" \/>\n<meta name=\"robots\" content=\"index,follow,max-snippet:-1,max-image-preview:large,max-video-preview:-1\" \/>\n<link rel=\"canonical\" href=\"https:\/\/lustandlove.eu\/et\/toode\/juno-g-spot-vibraator-copy\/\" \/>\n<meta name=\"twitter:card\" content=\"summary_large_image\" \/>\n<meta name=\"twitter:title\" content=\"ILY The wand G-punkti vibraator \ud83e\ude77 | Lust and Love\" \/>\n<meta name=\"twitter:description\" content=\"\u00d6elge tere uuele ILY Wand Vibraatorile. Kompaktne, diskreetne ja k\u00f5ik vajalik koos \u00fches lelus\" \/>\n<meta name=\"twitter:image\" content=\"https:\/\/lustandlove.eu\/wp-content\/uploads\/6_d40b2b12-4a83-4925-8b41-c4bcd30c3e1d.png\" \/>\n<script type=\"application\/ld+json\" class=\"yoast-schema-graph\">{\"@context\":\"https:\\\/\\\/schema.org\",\"@graph\":[{\"@type\":[\"WebPage\",\"ItemPage\"],\"@id\":\"https:\\\/\\\/lustandlove.eu\\\/et\\\/toode\\\/juno-g-spot-vibraator-copy\\\/\",\"url\":\"https:\\\/\\\/lustandlove.eu\\\/et\\\/toode\\\/juno-g-spot-vibraator-copy\\\/\",\"name\":\"ILY The wand G-punkti vibraator \ud83e\ude77 | Lust and Love\",\"isPartOf\":{\"@id\":\"https:\\\/\\\/lustandlove.eu\\\/et\\\/#website\"},\"primaryImageOfPage\":{\"@id\":\"https:\\\/\\\/lustandlove.eu\\\/et\\\/toode\\\/juno-g-spot-vibraator-copy\\\/#primaryimage\"},\"image\":{\"@id\":\"https:\\\/\\\/lustandlove.eu\\\/et\\\/toode\\\/juno-g-spot-vibraator-copy\\\/#primaryimage\"},\"thumbnailUrl\":\"https:\\\/\\\/lustandlove.eu\\\/wp-content\\\/uploads\\\/6_d40b2b12-4a83-4925-8b41-c4bcd30c3e1d.png\",\"datePublished\":\"2024-11-12T11:51:33+00:00\",\"dateModified\":\"2026-04-13T07:26:50+00:00\",\"description\":\"\u00d6elge tere uuele ILY Wand Vibraatorile. Kompaktne, diskreetne ja k\u00f5ik vajalik koos \u00fches lelus\",\"breadcrumb\":{\"@id\":\"https:\\\/\\\/lustandlove.eu\\\/et\\\/toode\\\/juno-g-spot-vibraator-copy\\\/#breadcrumb\"},\"inLanguage\":\"et\",\"potentialAction\":[{\"@type\":\"ReadAction\",\"target\":[\"https:\\\/\\\/lustandlove.eu\\\/et\\\/toode\\\/juno-g-spot-vibraator-copy\\\/\"]}]},{\"@type\":\"ImageObject\",\"inLanguage\":\"et\",\"@id\":\"https:\\\/\\\/lustandlove.eu\\\/et\\\/toode\\\/juno-g-spot-vibraator-copy\\\/#primaryimage\",\"url\":\"https:\\\/\\\/lustandlove.eu\\\/wp-content\\\/uploads\\\/6_d40b2b12-4a83-4925-8b41-c4bcd30c3e1d.png\",\"contentUrl\":\"https:\\\/\\\/lustandlove.eu\\\/wp-content\\\/uploads\\\/6_d40b2b12-4a83-4925-8b41-c4bcd30c3e1d.png\",\"width\":823,\"height\":823},{\"@type\":\"BreadcrumbList\",\"@id\":\"https:\\\/\\\/lustandlove.eu\\\/et\\\/toode\\\/juno-g-spot-vibraator-copy\\\/#breadcrumb\",\"itemListElement\":[{\"@type\":\"ListItem\",\"position\":1,\"name\":\"Lust and Love\",\"item\":\"https:\\\/\\\/lustandlove.eu\\\/et\\\/\"},{\"@type\":\"ListItem\",\"position\":2,\"name\":\"Pood\",\"item\":\"https:\\\/\\\/lustandlove.eu\\\/et\\\/pood\\\/\"},{\"@type\":\"ListItem\",\"position\":3,\"name\":\"Sekslelud\",\"item\":\"https:\\\/\\\/lustandlove.eu\\\/et\\\/pood\\\/sekslelud\\\/\"},{\"@type\":\"ListItem\",\"position\":4,\"name\":\"ILY The wand G-punkti vibraator \ud83e\ude77\"}]},{\"@type\":\"WebSite\",\"@id\":\"https:\\\/\\\/lustandlove.eu\\\/et\\\/#website\",\"url\":\"https:\\\/\\\/lustandlove.eu\\\/et\\\/\",\"name\":\"Lust &amp; Love\",\"description\":\"Online erootikapood tervise, ilu ja armastuse jaoks\",\"publisher\":{\"@id\":\"https:\\\/\\\/lustandlove.eu\\\/et\\\/#organization\"},\"potentialAction\":[{\"@type\":\"SearchAction\",\"target\":{\"@type\":\"EntryPoint\",\"urlTemplate\":\"https:\\\/\\\/lustandlove.eu\\\/et\\\/?s={search_term_string}\"},\"query-input\":{\"@type\":\"PropertyValueSpecification\",\"valueRequired\":true,\"valueName\":\"search_term_string\"}}],\"inLanguage\":\"et\"},{\"@type\":\"Organization\",\"@id\":\"https:\\\/\\\/lustandlove.eu\\\/et\\\/#organization\",\"name\":\"Bioconcept Baltics O\u00dc\",\"url\":\"https:\\\/\\\/lustandlove.eu\\\/et\\\/\",\"logo\":{\"@type\":\"ImageObject\",\"inLanguage\":\"et\",\"@id\":\"https:\\\/\\\/lustandlove.eu\\\/et\\\/#\\\/schema\\\/logo\\\/image\\\/\",\"url\":\"\",\"contentUrl\":\"\",\"caption\":\"Bioconcept Baltics O\u00dc\"},\"image\":{\"@id\":\"https:\\\/\\\/lustandlove.eu\\\/et\\\/#\\\/schema\\\/logo\\\/image\\\/\"},\"sameAs\":[\"https:\\\/\\\/www.facebook.com\\\/LustandLoveEU\\\/\",\"https:\\\/\\\/www.instagram.com\\\/lustandloveeu\\\/\"]}]}<\/script>\n<!-- \/ Yoast SEO plugin. -->","yoast_head_json":{"title":"ILY The wand G-punkti vibraator \ud83e\ude77 | Lust and Love","description":"\u00d6elge tere uuele ILY Wand Vibraatorile. Kompaktne, diskreetne ja k\u00f5ik vajalik koos \u00fches lelus","robots":{"index,follow,max-snippet":"index,follow,max-snippet:-1,max-image-preview:large,max-video-preview:-1"},"canonical":"https:\/\/lustandlove.eu\/et\/toode\/juno-g-spot-vibraator-copy\/","twitter_card":"summary_large_image","twitter_title":"ILY The wand G-punkti vibraator \ud83e\ude77 | Lust and Love","twitter_description":"\u00d6elge tere uuele ILY Wand Vibraatorile. Kompaktne, diskreetne ja k\u00f5ik vajalik koos \u00fches lelus","twitter_image":"https:\/\/lustandlove.eu\/wp-content\/uploads\/6_d40b2b12-4a83-4925-8b41-c4bcd30c3e1d.png","schema":{"@context":"https:\/\/schema.org","@graph":[{"@type":["WebPage","ItemPage"],"@id":"https:\/\/lustandlove.eu\/et\/toode\/juno-g-spot-vibraator-copy\/","url":"https:\/\/lustandlove.eu\/et\/toode\/juno-g-spot-vibraator-copy\/","name":"ILY The wand G-punkti vibraator \ud83e\ude77 | Lust and Love","isPartOf":{"@id":"https:\/\/lustandlove.eu\/et\/#website"},"primaryImageOfPage":{"@id":"https:\/\/lustandlove.eu\/et\/toode\/juno-g-spot-vibraator-copy\/#primaryimage"},"image":{"@id":"https:\/\/lustandlove.eu\/et\/toode\/juno-g-spot-vibraator-copy\/#primaryimage"},"thumbnailUrl":"https:\/\/lustandlove.eu\/wp-content\/uploads\/6_d40b2b12-4a83-4925-8b41-c4bcd30c3e1d.png","datePublished":"2024-11-12T11:51:33+00:00","dateModified":"2026-04-13T07:26:50+00:00","description":"\u00d6elge tere uuele ILY Wand Vibraatorile. Kompaktne, diskreetne ja k\u00f5ik vajalik koos \u00fches lelus","breadcrumb":{"@id":"https:\/\/lustandlove.eu\/et\/toode\/juno-g-spot-vibraator-copy\/#breadcrumb"},"inLanguage":"et","potentialAction":[{"@type":"ReadAction","target":["https:\/\/lustandlove.eu\/et\/toode\/juno-g-spot-vibraator-copy\/"]}]},{"@type":"ImageObject","inLanguage":"et","@id":"https:\/\/lustandlove.eu\/et\/toode\/juno-g-spot-vibraator-copy\/#primaryimage","url":"https:\/\/lustandlove.eu\/wp-content\/uploads\/6_d40b2b12-4a83-4925-8b41-c4bcd30c3e1d.png","contentUrl":"https:\/\/lustandlove.eu\/wp-content\/uploads\/6_d40b2b12-4a83-4925-8b41-c4bcd30c3e1d.png","width":823,"height":823},{"@type":"BreadcrumbList","@id":"https:\/\/lustandlove.eu\/et\/toode\/juno-g-spot-vibraator-copy\/#breadcrumb","itemListElement":[{"@type":"ListItem","position":1,"name":"Lust and Love","item":"https:\/\/lustandlove.eu\/et\/"},{"@type":"ListItem","position":2,"name":"Pood","item":"https:\/\/lustandlove.eu\/et\/pood\/"},{"@type":"ListItem","position":3,"name":"Sekslelud","item":"https:\/\/lustandlove.eu\/et\/pood\/sekslelud\/"},{"@type":"ListItem","position":4,"name":"ILY The wand G-punkti vibraator \ud83e\ude77"}]},{"@type":"WebSite","@id":"https:\/\/lustandlove.eu\/et\/#website","url":"https:\/\/lustandlove.eu\/et\/","name":"Lust &amp; Love","description":"Online erootikapood tervise, ilu ja armastuse jaoks","publisher":{"@id":"https:\/\/lustandlove.eu\/et\/#organization"},"potentialAction":[{"@type":"SearchAction","target":{"@type":"EntryPoint","urlTemplate":"https:\/\/lustandlove.eu\/et\/?s={search_term_string}"},"query-input":{"@type":"PropertyValueSpecification","valueRequired":true,"valueName":"search_term_string"}}],"inLanguage":"et"},{"@type":"Organization","@id":"https:\/\/lustandlove.eu\/et\/#organization","name":"Bioconcept Baltics O\u00dc","url":"https:\/\/lustandlove.eu\/et\/","logo":{"@type":"ImageObject","inLanguage":"et","@id":"https:\/\/lustandlove.eu\/et\/#\/schema\/logo\/image\/","url":"","contentUrl":"","caption":"Bioconcept Baltics O\u00dc"},"image":{"@id":"https:\/\/lustandlove.eu\/et\/#\/schema\/logo\/image\/"},"sameAs":["https:\/\/www.facebook.com\/LustandLoveEU\/","https:\/\/www.instagram.com\/lustandloveeu\/"]}]}},"_links":{"self":[{"href":"https:\/\/lustandlove.eu\/et\/wp-json\/wp\/v2\/product\/92161","targetHints":{"allow":["GET"]}}],"collection":[{"href":"https:\/\/lustandlove.eu\/et\/wp-json\/wp\/v2\/product"}],"about":[{"href":"https:\/\/lustandlove.eu\/et\/wp-json\/wp\/v2\/types\/product"}],"wp:featuredmedia":[{"embeddable":true,"href":"https:\/\/lustandlove.eu\/et\/wp-json\/wp\/v2\/media\/92171"}],"wp:attachment":[{"href":"https:\/\/lustandlove.eu\/et\/wp-json\/wp\/v2\/media?parent=92161"}],"wp:term":[{"taxonomy":"product_brand","embeddable":true,"href":"https:\/\/lustandlove.eu\/et\/wp-json\/wp\/v2\/product_brand?post=92161"},{"taxonomy":"product_cat","embeddable":true,"href":"https:\/\/lustandlove.eu\/et\/wp-json\/wp\/v2\/product_cat?post=92161"},{"taxonomy":"product_tag","embeddable":true,"href":"https:\/\/lustandlove.eu\/et\/wp-json\/wp\/v2\/product_tag?post=92161"}],"curies":[{"name":"wp","href":"https:\/\/api.w.org\/{rel}","templated":true}]}}