{"id":92218,"date":"2024-11-21T13:44:04","date_gmt":"2024-11-21T07:04:53","guid":{"rendered":"https:\/\/www.lustandlove.eu\/?post_type=product&#038;p=92218"},"modified":"2026-04-13T10:26:49","modified_gmt":"2026-04-13T07:26:49","slug":"play-roulette-copy","status":"publish","type":"product","link":"https:\/\/lustandlove.eu\/et\/toode\/play-roulette-copy\/","title":{"rendered":"Sexmatch kaardim\u00e4ng Massaa\u0161i versioon"},"content":{"rendered":"<p>M\u00e4ngureeglid: M\u00e4ngu alustamiseks segatakse k\u00f5ik kaardid ja igale m\u00e4ngijale jagatakse 7 kaarti. \u00dclej\u00e4\u00e4nud kaardid j\u00e4etakse lauale n\u00e4oga allapoole, et moodustada pakk. Vanim m\u00e4ngija alustab juhuslikult esimese kaardi m\u00e4ngimisega. J\u00e4rgmisena tuleb teise m\u00e4ngija kord. See m\u00e4ngija peab panema lauale kaardi, mis vastab kaardil olevale pildile v\u00f5i s\u00f5nale. Kui neil ei ole sobivat kaarti, peavad nad kaardipakist v\u00f5tma kaardi, kaotades sellega oma k\u00e4igu ja oodates oma j\u00e4rgmist k\u00e4iku.<br \/>\nIga kord, kui m\u00e4ngija paneb lauale kaardi, mis vastab eelmisele kaardile, peab ta tegema sellel hetkel kaardil n\u00e4idatud tegevust.<br \/>\nJokker: Pakis on 8 jokkerikaarti, 2 igast t\u00fc\u00fcbist. M\u00e4ngija, kellel on k\u00e4es Jokeri kaart, v\u00f5ib seda kasutada oma k\u00e4igu ajal millal soovib. Kui m\u00e4ngija kasutab jokkerit, peab teine \u200b\u200bm\u00e4ngija viivitamatult sooritama Jokkeri kaardil n\u00e4idatud tegevuse.<br \/>\nM\u00e4ngija, kes m\u00e4ngib Jokeri kaarti, peab otsustama \u00fche s\u00f5na ja illustratsiooni kasuks ning teine \u200b\u200bm\u00e4ngija v\u00f5ib m\u00e4ngu j\u00e4tkamiseks oma \u00e4ran\u00e4gemise j\u00e4rgi \u00fche nendest valikutest \u00e4ra visata.<\/p>\n<p>M\u00e4ngu v\u00f5idab m\u00e4ngija, kellel esimesena kaardid otsa saavad. V\u00f5itja otsustab, milline k\u00f5igist m\u00e4ngu jooksul illustratsioonidel esinenud toimingutest on see, mida ta soovib oma partneriga sooritada.<\/p>\n<p>Komplektis on 89 m\u00e4ngukaarti (81 kaarti + 8 jokkerit) ja 1 juhtkaart.<\/p>\n<p>Vanusele 18+ | 2 m\u00e4ngijat<\/p>\n","protected":false},"excerpt":{"rendered":"<p>Sexmatch on paaride kaardim\u00e4ng, kus peate v\u00e4ljakutseid tehes sobitama illustratsioone ja s\u00f5nu, kuni \u00fchel teist saavad kaardid otsa.<br \/>\nNautige seda m\u00e4ngu koos, kus saate seksimat\u0161i eest seksikaid auhindu!<\/p>\n","protected":false},"featured_media":92220,"template":"","meta":[],"product_brand":[4239],"product_cat":[4009,4010],"product_tag":[3775,3253,3241,3316],"class_list":{"0":"post-92218","1":"product","2":"type-product","3":"status-publish","4":"has-post-thumbnail","6":"product_brand-secret-play-et","7":"product_cat-lobu-mangud","8":"product_cat-mangud","9":"product_tag-kaardimang","10":"product_tag-lauamang","11":"product_tag-mang","12":"product_tag-seksikas","13":"pa_brand-secret-play-et","15":"first","16":"instock","17":"taxable","18":"shipping-taxable","19":"purchasable","20":"product-type-simple"},"yoast_head":"<!-- This site is optimized with the Yoast SEO plugin v27.3 - https:\/\/yoast.com\/product\/yoast-seo-wordpress\/ -->\n<title>Sexmatch kaardim\u00e4ng Massaa\u0161i versioon | Lust and Love<\/title>\n<meta name=\"description\" content=\"Sexmatch on paaride kaardim\u00e4ng, kus peate v\u00e4ljakutseid tehes sobitama illustratsioone ja s\u00f5nu, kuni \u00fchel teist saavad kaardid otsa.\" \/>\n<meta name=\"robots\" content=\"index,follow,max-snippet:-1,max-image-preview:large,max-video-preview:-1\" \/>\n<link rel=\"canonical\" href=\"https:\/\/lustandlove.eu\/et\/toode\/play-roulette-copy\/\" \/>\n<meta name=\"twitter:card\" content=\"summary_large_image\" \/>\n<meta name=\"twitter:title\" content=\"Sexmatch kaardim\u00e4ng Massaa\u0161i versioon | Lust and Love\" \/>\n<meta name=\"twitter:description\" content=\"Sexmatch on paaride kaardim\u00e4ng, kus peate v\u00e4ljakutseid tehes sobitama illustratsioone ja s\u00f5nu, kuni \u00fchel teist saavad kaardid otsa.\" \/>\n<meta name=\"twitter:image\" content=\"https:\/\/lustandlove.eu\/wp-content\/uploads\/sexmatch_massage.jpg\" \/>\n<meta name=\"twitter:label1\" content=\"Est. reading time\" \/>\n\t<meta name=\"twitter:data1\" content=\"1 minut\" \/>\n<script type=\"application\/ld+json\" class=\"yoast-schema-graph\">{\"@context\":\"https:\\\/\\\/schema.org\",\"@graph\":[{\"@type\":[\"WebPage\",\"ItemPage\"],\"@id\":\"https:\\\/\\\/lustandlove.eu\\\/et\\\/toode\\\/play-roulette-copy\\\/\",\"url\":\"https:\\\/\\\/lustandlove.eu\\\/et\\\/toode\\\/play-roulette-copy\\\/\",\"name\":\"Sexmatch kaardim\u00e4ng Massaa\u0161i versioon | Lust and Love\",\"isPartOf\":{\"@id\":\"https:\\\/\\\/lustandlove.eu\\\/et\\\/#website\"},\"primaryImageOfPage\":{\"@id\":\"https:\\\/\\\/lustandlove.eu\\\/et\\\/toode\\\/play-roulette-copy\\\/#primaryimage\"},\"image\":{\"@id\":\"https:\\\/\\\/lustandlove.eu\\\/et\\\/toode\\\/play-roulette-copy\\\/#primaryimage\"},\"thumbnailUrl\":\"https:\\\/\\\/lustandlove.eu\\\/wp-content\\\/uploads\\\/sexmatch_massage.jpg\",\"datePublished\":\"2024-11-21T07:04:53+00:00\",\"dateModified\":\"2026-04-13T07:26:49+00:00\",\"description\":\"Sexmatch on paaride kaardim\u00e4ng, kus peate v\u00e4ljakutseid tehes sobitama illustratsioone ja s\u00f5nu, kuni \u00fchel teist saavad kaardid otsa.\",\"breadcrumb\":{\"@id\":\"https:\\\/\\\/lustandlove.eu\\\/et\\\/toode\\\/play-roulette-copy\\\/#breadcrumb\"},\"inLanguage\":\"et\",\"potentialAction\":[{\"@type\":\"ReadAction\",\"target\":[\"https:\\\/\\\/lustandlove.eu\\\/et\\\/toode\\\/play-roulette-copy\\\/\"]}]},{\"@type\":\"ImageObject\",\"inLanguage\":\"et\",\"@id\":\"https:\\\/\\\/lustandlove.eu\\\/et\\\/toode\\\/play-roulette-copy\\\/#primaryimage\",\"url\":\"https:\\\/\\\/lustandlove.eu\\\/wp-content\\\/uploads\\\/sexmatch_massage.jpg\",\"contentUrl\":\"https:\\\/\\\/lustandlove.eu\\\/wp-content\\\/uploads\\\/sexmatch_massage.jpg\",\"width\":1024,\"height\":1024},{\"@type\":\"BreadcrumbList\",\"@id\":\"https:\\\/\\\/lustandlove.eu\\\/et\\\/toode\\\/play-roulette-copy\\\/#breadcrumb\",\"itemListElement\":[{\"@type\":\"ListItem\",\"position\":1,\"name\":\"Lust and Love\",\"item\":\"https:\\\/\\\/lustandlove.eu\\\/et\\\/\"},{\"@type\":\"ListItem\",\"position\":2,\"name\":\"Pood\",\"item\":\"https:\\\/\\\/lustandlove.eu\\\/et\\\/pood\\\/\"},{\"@type\":\"ListItem\",\"position\":3,\"name\":\"L\u00f5bu &amp; M\u00e4ngud\",\"item\":\"https:\\\/\\\/lustandlove.eu\\\/et\\\/pood\\\/lobu-mangud\\\/\"},{\"@type\":\"ListItem\",\"position\":4,\"name\":\"M\u00e4ngud\",\"item\":\"https:\\\/\\\/lustandlove.eu\\\/et\\\/pood\\\/lobu-mangud\\\/mangud\\\/\"},{\"@type\":\"ListItem\",\"position\":5,\"name\":\"Sexmatch kaardim\u00e4ng Massaa\u0161i versioon\"}]},{\"@type\":\"WebSite\",\"@id\":\"https:\\\/\\\/lustandlove.eu\\\/et\\\/#website\",\"url\":\"https:\\\/\\\/lustandlove.eu\\\/et\\\/\",\"name\":\"Lust &amp; Love\",\"description\":\"Online erootikapood tervise, ilu ja armastuse jaoks\",\"publisher\":{\"@id\":\"https:\\\/\\\/lustandlove.eu\\\/et\\\/#organization\"},\"potentialAction\":[{\"@type\":\"SearchAction\",\"target\":{\"@type\":\"EntryPoint\",\"urlTemplate\":\"https:\\\/\\\/lustandlove.eu\\\/et\\\/?s={search_term_string}\"},\"query-input\":{\"@type\":\"PropertyValueSpecification\",\"valueRequired\":true,\"valueName\":\"search_term_string\"}}],\"inLanguage\":\"et\"},{\"@type\":\"Organization\",\"@id\":\"https:\\\/\\\/lustandlove.eu\\\/et\\\/#organization\",\"name\":\"Bioconcept Baltics O\u00dc\",\"url\":\"https:\\\/\\\/lustandlove.eu\\\/et\\\/\",\"logo\":{\"@type\":\"ImageObject\",\"inLanguage\":\"et\",\"@id\":\"https:\\\/\\\/lustandlove.eu\\\/et\\\/#\\\/schema\\\/logo\\\/image\\\/\",\"url\":\"\",\"contentUrl\":\"\",\"caption\":\"Bioconcept Baltics O\u00dc\"},\"image\":{\"@id\":\"https:\\\/\\\/lustandlove.eu\\\/et\\\/#\\\/schema\\\/logo\\\/image\\\/\"},\"sameAs\":[\"https:\\\/\\\/www.facebook.com\\\/LustandLoveEU\\\/\",\"https:\\\/\\\/www.instagram.com\\\/lustandloveeu\\\/\"]}]}<\/script>\n<!-- \/ Yoast SEO plugin. -->","yoast_head_json":{"title":"Sexmatch kaardim\u00e4ng Massaa\u0161i versioon | Lust and Love","description":"Sexmatch on paaride kaardim\u00e4ng, kus peate v\u00e4ljakutseid tehes sobitama illustratsioone ja s\u00f5nu, kuni \u00fchel teist saavad kaardid otsa.","robots":{"index,follow,max-snippet":"index,follow,max-snippet:-1,max-image-preview:large,max-video-preview:-1"},"canonical":"https:\/\/lustandlove.eu\/et\/toode\/play-roulette-copy\/","twitter_card":"summary_large_image","twitter_title":"Sexmatch kaardim\u00e4ng Massaa\u0161i versioon | Lust and Love","twitter_description":"Sexmatch on paaride kaardim\u00e4ng, kus peate v\u00e4ljakutseid tehes sobitama illustratsioone ja s\u00f5nu, kuni \u00fchel teist saavad kaardid otsa.","twitter_image":"https:\/\/lustandlove.eu\/wp-content\/uploads\/sexmatch_massage.jpg","twitter_misc":{"Est. reading time":"1 minut"},"schema":{"@context":"https:\/\/schema.org","@graph":[{"@type":["WebPage","ItemPage"],"@id":"https:\/\/lustandlove.eu\/et\/toode\/play-roulette-copy\/","url":"https:\/\/lustandlove.eu\/et\/toode\/play-roulette-copy\/","name":"Sexmatch kaardim\u00e4ng Massaa\u0161i versioon | Lust and Love","isPartOf":{"@id":"https:\/\/lustandlove.eu\/et\/#website"},"primaryImageOfPage":{"@id":"https:\/\/lustandlove.eu\/et\/toode\/play-roulette-copy\/#primaryimage"},"image":{"@id":"https:\/\/lustandlove.eu\/et\/toode\/play-roulette-copy\/#primaryimage"},"thumbnailUrl":"https:\/\/lustandlove.eu\/wp-content\/uploads\/sexmatch_massage.jpg","datePublished":"2024-11-21T07:04:53+00:00","dateModified":"2026-04-13T07:26:49+00:00","description":"Sexmatch on paaride kaardim\u00e4ng, kus peate v\u00e4ljakutseid tehes sobitama illustratsioone ja s\u00f5nu, kuni \u00fchel teist saavad kaardid otsa.","breadcrumb":{"@id":"https:\/\/lustandlove.eu\/et\/toode\/play-roulette-copy\/#breadcrumb"},"inLanguage":"et","potentialAction":[{"@type":"ReadAction","target":["https:\/\/lustandlove.eu\/et\/toode\/play-roulette-copy\/"]}]},{"@type":"ImageObject","inLanguage":"et","@id":"https:\/\/lustandlove.eu\/et\/toode\/play-roulette-copy\/#primaryimage","url":"https:\/\/lustandlove.eu\/wp-content\/uploads\/sexmatch_massage.jpg","contentUrl":"https:\/\/lustandlove.eu\/wp-content\/uploads\/sexmatch_massage.jpg","width":1024,"height":1024},{"@type":"BreadcrumbList","@id":"https:\/\/lustandlove.eu\/et\/toode\/play-roulette-copy\/#breadcrumb","itemListElement":[{"@type":"ListItem","position":1,"name":"Lust and Love","item":"https:\/\/lustandlove.eu\/et\/"},{"@type":"ListItem","position":2,"name":"Pood","item":"https:\/\/lustandlove.eu\/et\/pood\/"},{"@type":"ListItem","position":3,"name":"L\u00f5bu &amp; M\u00e4ngud","item":"https:\/\/lustandlove.eu\/et\/pood\/lobu-mangud\/"},{"@type":"ListItem","position":4,"name":"M\u00e4ngud","item":"https:\/\/lustandlove.eu\/et\/pood\/lobu-mangud\/mangud\/"},{"@type":"ListItem","position":5,"name":"Sexmatch kaardim\u00e4ng Massaa\u0161i versioon"}]},{"@type":"WebSite","@id":"https:\/\/lustandlove.eu\/et\/#website","url":"https:\/\/lustandlove.eu\/et\/","name":"Lust &amp; Love","description":"Online erootikapood tervise, ilu ja armastuse jaoks","publisher":{"@id":"https:\/\/lustandlove.eu\/et\/#organization"},"potentialAction":[{"@type":"SearchAction","target":{"@type":"EntryPoint","urlTemplate":"https:\/\/lustandlove.eu\/et\/?s={search_term_string}"},"query-input":{"@type":"PropertyValueSpecification","valueRequired":true,"valueName":"search_term_string"}}],"inLanguage":"et"},{"@type":"Organization","@id":"https:\/\/lustandlove.eu\/et\/#organization","name":"Bioconcept Baltics O\u00dc","url":"https:\/\/lustandlove.eu\/et\/","logo":{"@type":"ImageObject","inLanguage":"et","@id":"https:\/\/lustandlove.eu\/et\/#\/schema\/logo\/image\/","url":"","contentUrl":"","caption":"Bioconcept Baltics O\u00dc"},"image":{"@id":"https:\/\/lustandlove.eu\/et\/#\/schema\/logo\/image\/"},"sameAs":["https:\/\/www.facebook.com\/LustandLoveEU\/","https:\/\/www.instagram.com\/lustandloveeu\/"]}]}},"_links":{"self":[{"href":"https:\/\/lustandlove.eu\/et\/wp-json\/wp\/v2\/product\/92218","targetHints":{"allow":["GET"]}}],"collection":[{"href":"https:\/\/lustandlove.eu\/et\/wp-json\/wp\/v2\/product"}],"about":[{"href":"https:\/\/lustandlove.eu\/et\/wp-json\/wp\/v2\/types\/product"}],"wp:featuredmedia":[{"embeddable":true,"href":"https:\/\/lustandlove.eu\/et\/wp-json\/wp\/v2\/media\/92220"}],"wp:attachment":[{"href":"https:\/\/lustandlove.eu\/et\/wp-json\/wp\/v2\/media?parent=92218"}],"wp:term":[{"taxonomy":"product_brand","embeddable":true,"href":"https:\/\/lustandlove.eu\/et\/wp-json\/wp\/v2\/product_brand?post=92218"},{"taxonomy":"product_cat","embeddable":true,"href":"https:\/\/lustandlove.eu\/et\/wp-json\/wp\/v2\/product_cat?post=92218"},{"taxonomy":"product_tag","embeddable":true,"href":"https:\/\/lustandlove.eu\/et\/wp-json\/wp\/v2\/product_tag?post=92218"}],"curies":[{"name":"wp","href":"https:\/\/api.w.org\/{rel}","templated":true}]}}