{"id":92377,"date":"2024-11-27T15:09:50","date_gmt":"2024-11-27T13:09:50","guid":{"rendered":"https:\/\/www.lustandlove.eu\/?post_type=product&#038;p=92377"},"modified":"2026-04-13T10:26:48","modified_gmt":"2026-04-13T07:26:48","slug":"lateksivabad-ohukesed-kondoomid-copy","status":"publish","type":"product","link":"https:\/\/lustandlove.eu\/et\/toode\/lateksivabad-ohukesed-kondoomid-copy\/","title":{"rendered":"Lateksivabad \u00d5hukesed Kondoomid 6tk"},"content":{"rendered":"<div class=\"wpb-content-wrapper\"><p>[vc_row][vc_column][vc_column_text woodmart_inline=&#8221;no&#8221; text_larger=&#8221;no&#8221;]<strong>Ceylor Non-Latex Ultra Thin kondoomid on \u00fcli\u00f5hukesed ja valmistatud lateksivabast materjalist.<\/strong><br \/>\nNeed on kuni 50% \u00f5hemad kui tavalised kondoomid, pakkudes l\u00e4hedasemat ja intensiivsemat tunnet vahekorra ajal.<\/p>\n<p>Valmistatud pol\u00fcuretaanist (lateksivaba), varustatud reservuaariga, l\u00e4bipaistvad, l\u00f5hnatud ja eellibestatud silikoonlibestiga.<\/p>\n<p><strong>Naudi suuremat vastupidavust t\u00e4nu ekstra tugevatele kondoomidele, mis sobivad j\u00f5ulisele armastajale, et pakkuda kauakestvat naudinguhetke.<\/strong><\/p>\n<p><strong>Ceylor on \u0160veitsi juhtiv kondoomibr\u00e4nd number 1.<\/strong><br \/>\nCeylor t\u00e4histab vastutustundlikku, sensuaalset ja mitmekesist armuelu. Juba 100 aastat on Ceylor olnud usaldusv\u00e4\u00e4rne \u0160veitsi br\u00e4nd, mille eesm\u00e4rk on pakkuda igale vajadusele ja eluetapile sobivat k\u00f5rgeima kvaliteediga toodet.[\/vc_column_text][vc_single_image image=&#8221;43283&#8243; woodmart_inline=&#8221;no&#8221; parallax_scroll=&#8221;no&#8221;][vc_column_text woodmart_inline=&#8221;no&#8221; text_larger=&#8221;no&#8221;]<\/p>\n<div class=\"flex-shrink-0 flex flex-col relative items-end\">\n<div>\n<div class=\"pt-0\">\n<div class=\"gizmo-bot-avatar flex h-8 w-8 items-center justify-center overflow-hidden rounded-full\">\n<div class=\"relative p-1 rounded-sm flex items-center justify-center bg-token-main-surface-primary text-token-text-primary h-8 w-8\"><\/div>\n<\/div>\n<\/div>\n<\/div>\n<\/div>\n<div class=\"group\/conversation-turn relative flex w-full min-w-0 flex-col agent-turn\">\n<div class=\"flex-col gap-1 md:gap-3\">\n<div class=\"flex max-w-full flex-col flex-grow\">\n<div class=\"min-h-8 text-message flex w-full flex-col items-end gap-2 whitespace-normal break-words [.text-message+&amp;]:mt-5\" dir=\"auto\" data-message-author-role=\"assistant\" data-message-id=\"c5619ed7-e16c-40b8-a639-6318de3e1394\" data-message-model-slug=\"gpt-4o\">\n<div class=\"flex w-full flex-col gap-1 empty:hidden first:pt-[3px]\">\n<div class=\"markdown prose w-full break-words dark:prose-invert dark\">\n<p><strong>Ceylor kondoomid on unikaalses kondoomikapslis.<\/strong><br \/>\nKoge suuremat turvalisust t\u00e4nu eksklusiivsele kondoomikapslile, mis tagab murevaba armuelu. Iga \u00fcksik kondoom on t\u00e4ielikult kaitstud ja valmis lihtsaks pealekandmiseks. See t\u00e4hendab, et puuduvad rebenemised, kortsud, keeruline avamine v\u00f5i raskused kondoomi lahtirullimisel.<\/p>\n<p><strong>\u00d5ige kasutamine:<\/strong><\/p>\n<ul>\n<li>V\u00e4ldi kondoomi kahjustamist teravate k\u00fc\u00fcnte, kareda naha, ehete, hammaste jms abil.<\/li>\n<li>Ava kondoomikapsel vahetult enne kasutamist. Painuta kapsli fooliumots ettevaatlikult, et eemaldada foolium ja v\u00f5ta kondoom \u00f5rnalt v\u00e4lja p\u00f6idla ja nimetiss\u00f5rme vahel.<\/li>\n<li>T\u00f5mba kondoom \u00fcle peenise ainult siis, kui see on t\u00e4ielikult erekteerunud.<\/li>\n<li>Veendu, et kondoom on \u00f5igetpidi lahti rullitud. Aseta kondoomi r\u00f5ngas peenisele nii, et rullitud serv on v\u00e4ljapoole. Kui oled proovinud kondoomi valepidi lahti rullida, kasuta uut kondoomi. Veendu, et seemnevedelik ei satuks kondoomi v\u00e4lisk\u00fcljele.<\/li>\n<li>Hoia kondoomi tippu p\u00f6idla ja nimetiss\u00f5rme vahel. Suru \u00f5rnalt, et eemaldada \u00f5hk kondoomi tipust.<\/li>\n<li>T\u00f5mba eesnahk kergelt tagasi ja rulli kondoom teise k\u00e4ega kogu erekteerunud peenise ulatuses lahti.<\/li>\n<li>Eemalda peenis ettevaatlikult kohe p\u00e4rast ejakulatsiooni ja enne l\u00f5\u00f5gastumist. Tee seda, hoides kondoomi kindlalt peenise aluse juurest, et see maha ei libiseks ja seemnevedelik ei satuks partneri tuppe v\u00f5i p\u00e4rakusse.<\/li>\n<li>\u00c4ra viska kondoomi tualetti. Kindlusta kondoomi ohutu h\u00e4vitamine.<\/li>\n<\/ul>\n<p><strong>Ceylor kondoomid on testitud k\u00f5ige kaasaegsemate meetoditega.<\/strong><br \/>\nHoia kondoome jahedas ja kuivas kohas, eemal otsesest p\u00e4ikesevalgusest. Palun loe enne kasutamist ohutusjuhiseid hoolikalt.<\/p>\n<\/div>\n<\/div>\n<\/div>\n<\/div>\n<\/div>\n<\/div>\n<p>[\/vc_column_text][\/vc_column][\/vc_row]<\/p>\n<\/div>","protected":false},"excerpt":{"rendered":"<p>Ceylor lateksivabad ultra\u00f5hukesed kondoomid on ekstreemselt \u00f5hukased. Need on kuni 50% \u00f5hukesemad, kui normaalsed kondoomid, et tunneksid end oma kaaslasele l\u00e4hedasemana. Materjali paksust v\u00f5rreldakse k\u00f6\u00f6gis kasutatava toidukilega.<\/p>\n","protected":false},"featured_media":92379,"template":"","meta":[],"product_brand":[4199],"product_cat":[1462,1460],"product_tag":[],"class_list":{"0":"post-92377","1":"product","2":"type-product","3":"status-publish","4":"has-post-thumbnail","6":"product_brand-ceylor-et","7":"product_cat-kondoomid","8":"product_cat-apteek","9":"pa_brand-ceylor-et","11":"first","12":"instock","13":"taxable","14":"shipping-taxable","15":"purchasable","16":"product-type-simple"},"yoast_head":"<!-- This site is optimized with the Yoast SEO plugin v27.3 - https:\/\/yoast.com\/product\/yoast-seo-wordpress\/ -->\n<title>Lateksivabad \u00d5hukesed Kondoomid 6tk | Lust and Love<\/title>\n<meta name=\"description\" content=\"Need on kuni 50% \u00f5hemad kui tavalised kondoomid, pakkudes l\u00e4hedasemat ja intensiivsemat tunnet vahekorra ajal. Valmistatud pol\u00fcuretaanist (lateksivaba),.\" \/>\n<meta name=\"robots\" content=\"index,follow,max-snippet:-1,max-image-preview:large,max-video-preview:-1\" \/>\n<link rel=\"canonical\" href=\"https:\/\/lustandlove.eu\/et\/toode\/lateksivabad-ohukesed-kondoomid-copy\/\" \/>\n<meta name=\"twitter:card\" content=\"summary_large_image\" \/>\n<meta name=\"twitter:title\" content=\"Lateksivabad \u00d5hukesed Kondoomid 6tk | Lust and Love\" \/>\n<meta name=\"twitter:description\" content=\"Need on kuni 50% \u00f5hemad kui tavalised kondoomid, pakkudes l\u00e4hedasemat ja intensiivsemat tunnet vahekorra ajal. Valmistatud pol\u00fcuretaanist (lateksivaba),.\" \/>\n<meta name=\"twitter:image\" content=\"https:\/\/lustandlove.eu\/wp-content\/uploads\/61NjEqW1eAL.jpg\" \/>\n<meta name=\"twitter:label1\" content=\"Est. reading time\" \/>\n\t<meta name=\"twitter:data1\" content=\"2 minutit\" \/>\n<script type=\"application\/ld+json\" class=\"yoast-schema-graph\">{\"@context\":\"https:\\\/\\\/schema.org\",\"@graph\":[{\"@type\":[\"WebPage\",\"ItemPage\"],\"@id\":\"https:\\\/\\\/lustandlove.eu\\\/et\\\/toode\\\/lateksivabad-ohukesed-kondoomid-copy\\\/\",\"url\":\"https:\\\/\\\/lustandlove.eu\\\/et\\\/toode\\\/lateksivabad-ohukesed-kondoomid-copy\\\/\",\"name\":\"Lateksivabad \u00d5hukesed Kondoomid 6tk | Lust and Love\",\"isPartOf\":{\"@id\":\"https:\\\/\\\/lustandlove.eu\\\/et\\\/#website\"},\"primaryImageOfPage\":{\"@id\":\"https:\\\/\\\/lustandlove.eu\\\/et\\\/toode\\\/lateksivabad-ohukesed-kondoomid-copy\\\/#primaryimage\"},\"image\":{\"@id\":\"https:\\\/\\\/lustandlove.eu\\\/et\\\/toode\\\/lateksivabad-ohukesed-kondoomid-copy\\\/#primaryimage\"},\"thumbnailUrl\":\"https:\\\/\\\/lustandlove.eu\\\/wp-content\\\/uploads\\\/61NjEqW1eAL.jpg\",\"datePublished\":\"2024-11-27T13:09:50+00:00\",\"dateModified\":\"2026-04-13T07:26:48+00:00\",\"description\":\"Need on kuni 50% \u00f5hemad kui tavalised kondoomid, pakkudes l\u00e4hedasemat ja intensiivsemat tunnet vahekorra ajal. Valmistatud pol\u00fcuretaanist (lateksivaba),.\",\"breadcrumb\":{\"@id\":\"https:\\\/\\\/lustandlove.eu\\\/et\\\/toode\\\/lateksivabad-ohukesed-kondoomid-copy\\\/#breadcrumb\"},\"inLanguage\":\"et\",\"potentialAction\":[{\"@type\":\"ReadAction\",\"target\":[\"https:\\\/\\\/lustandlove.eu\\\/et\\\/toode\\\/lateksivabad-ohukesed-kondoomid-copy\\\/\"]}]},{\"@type\":\"ImageObject\",\"inLanguage\":\"et\",\"@id\":\"https:\\\/\\\/lustandlove.eu\\\/et\\\/toode\\\/lateksivabad-ohukesed-kondoomid-copy\\\/#primaryimage\",\"url\":\"https:\\\/\\\/lustandlove.eu\\\/wp-content\\\/uploads\\\/61NjEqW1eAL.jpg\",\"contentUrl\":\"https:\\\/\\\/lustandlove.eu\\\/wp-content\\\/uploads\\\/61NjEqW1eAL.jpg\",\"width\":1280,\"height\":1280,\"caption\":\"Version 1.0.0\"},{\"@type\":\"BreadcrumbList\",\"@id\":\"https:\\\/\\\/lustandlove.eu\\\/et\\\/toode\\\/lateksivabad-ohukesed-kondoomid-copy\\\/#breadcrumb\",\"itemListElement\":[{\"@type\":\"ListItem\",\"position\":1,\"name\":\"Lust and Love\",\"item\":\"https:\\\/\\\/lustandlove.eu\\\/et\\\/\"},{\"@type\":\"ListItem\",\"position\":2,\"name\":\"Pood\",\"item\":\"https:\\\/\\\/lustandlove.eu\\\/et\\\/pood\\\/\"},{\"@type\":\"ListItem\",\"position\":3,\"name\":\"Libestid ja kehahooldus\",\"item\":\"https:\\\/\\\/lustandlove.eu\\\/et\\\/pood\\\/apteek\\\/\"},{\"@type\":\"ListItem\",\"position\":4,\"name\":\"Kondoomid\",\"item\":\"https:\\\/\\\/lustandlove.eu\\\/et\\\/pood\\\/apteek\\\/kondoomid\\\/\"},{\"@type\":\"ListItem\",\"position\":5,\"name\":\"Lateksivabad \u00d5hukesed Kondoomid 6tk\"}]},{\"@type\":\"WebSite\",\"@id\":\"https:\\\/\\\/lustandlove.eu\\\/et\\\/#website\",\"url\":\"https:\\\/\\\/lustandlove.eu\\\/et\\\/\",\"name\":\"Lust &amp; Love\",\"description\":\"Online erootikapood tervise, ilu ja armastuse jaoks\",\"publisher\":{\"@id\":\"https:\\\/\\\/lustandlove.eu\\\/et\\\/#organization\"},\"potentialAction\":[{\"@type\":\"SearchAction\",\"target\":{\"@type\":\"EntryPoint\",\"urlTemplate\":\"https:\\\/\\\/lustandlove.eu\\\/et\\\/?s={search_term_string}\"},\"query-input\":{\"@type\":\"PropertyValueSpecification\",\"valueRequired\":true,\"valueName\":\"search_term_string\"}}],\"inLanguage\":\"et\"},{\"@type\":\"Organization\",\"@id\":\"https:\\\/\\\/lustandlove.eu\\\/et\\\/#organization\",\"name\":\"Bioconcept Baltics O\u00dc\",\"url\":\"https:\\\/\\\/lustandlove.eu\\\/et\\\/\",\"logo\":{\"@type\":\"ImageObject\",\"inLanguage\":\"et\",\"@id\":\"https:\\\/\\\/lustandlove.eu\\\/et\\\/#\\\/schema\\\/logo\\\/image\\\/\",\"url\":\"\",\"contentUrl\":\"\",\"caption\":\"Bioconcept Baltics O\u00dc\"},\"image\":{\"@id\":\"https:\\\/\\\/lustandlove.eu\\\/et\\\/#\\\/schema\\\/logo\\\/image\\\/\"},\"sameAs\":[\"https:\\\/\\\/www.facebook.com\\\/LustandLoveEU\\\/\",\"https:\\\/\\\/www.instagram.com\\\/lustandloveeu\\\/\"]}]}<\/script>\n<!-- \/ Yoast SEO plugin. -->","yoast_head_json":{"title":"Lateksivabad \u00d5hukesed Kondoomid 6tk | Lust and Love","description":"Need on kuni 50% \u00f5hemad kui tavalised kondoomid, pakkudes l\u00e4hedasemat ja intensiivsemat tunnet vahekorra ajal. Valmistatud pol\u00fcuretaanist (lateksivaba),.","robots":{"index,follow,max-snippet":"index,follow,max-snippet:-1,max-image-preview:large,max-video-preview:-1"},"canonical":"https:\/\/lustandlove.eu\/et\/toode\/lateksivabad-ohukesed-kondoomid-copy\/","twitter_card":"summary_large_image","twitter_title":"Lateksivabad \u00d5hukesed Kondoomid 6tk | Lust and Love","twitter_description":"Need on kuni 50% \u00f5hemad kui tavalised kondoomid, pakkudes l\u00e4hedasemat ja intensiivsemat tunnet vahekorra ajal. Valmistatud pol\u00fcuretaanist (lateksivaba),.","twitter_image":"https:\/\/lustandlove.eu\/wp-content\/uploads\/61NjEqW1eAL.jpg","twitter_misc":{"Est. reading time":"2 minutit"},"schema":{"@context":"https:\/\/schema.org","@graph":[{"@type":["WebPage","ItemPage"],"@id":"https:\/\/lustandlove.eu\/et\/toode\/lateksivabad-ohukesed-kondoomid-copy\/","url":"https:\/\/lustandlove.eu\/et\/toode\/lateksivabad-ohukesed-kondoomid-copy\/","name":"Lateksivabad \u00d5hukesed Kondoomid 6tk | Lust and Love","isPartOf":{"@id":"https:\/\/lustandlove.eu\/et\/#website"},"primaryImageOfPage":{"@id":"https:\/\/lustandlove.eu\/et\/toode\/lateksivabad-ohukesed-kondoomid-copy\/#primaryimage"},"image":{"@id":"https:\/\/lustandlove.eu\/et\/toode\/lateksivabad-ohukesed-kondoomid-copy\/#primaryimage"},"thumbnailUrl":"https:\/\/lustandlove.eu\/wp-content\/uploads\/61NjEqW1eAL.jpg","datePublished":"2024-11-27T13:09:50+00:00","dateModified":"2026-04-13T07:26:48+00:00","description":"Need on kuni 50% \u00f5hemad kui tavalised kondoomid, pakkudes l\u00e4hedasemat ja intensiivsemat tunnet vahekorra ajal. Valmistatud pol\u00fcuretaanist (lateksivaba),.","breadcrumb":{"@id":"https:\/\/lustandlove.eu\/et\/toode\/lateksivabad-ohukesed-kondoomid-copy\/#breadcrumb"},"inLanguage":"et","potentialAction":[{"@type":"ReadAction","target":["https:\/\/lustandlove.eu\/et\/toode\/lateksivabad-ohukesed-kondoomid-copy\/"]}]},{"@type":"ImageObject","inLanguage":"et","@id":"https:\/\/lustandlove.eu\/et\/toode\/lateksivabad-ohukesed-kondoomid-copy\/#primaryimage","url":"https:\/\/lustandlove.eu\/wp-content\/uploads\/61NjEqW1eAL.jpg","contentUrl":"https:\/\/lustandlove.eu\/wp-content\/uploads\/61NjEqW1eAL.jpg","width":1280,"height":1280,"caption":"Version 1.0.0"},{"@type":"BreadcrumbList","@id":"https:\/\/lustandlove.eu\/et\/toode\/lateksivabad-ohukesed-kondoomid-copy\/#breadcrumb","itemListElement":[{"@type":"ListItem","position":1,"name":"Lust and Love","item":"https:\/\/lustandlove.eu\/et\/"},{"@type":"ListItem","position":2,"name":"Pood","item":"https:\/\/lustandlove.eu\/et\/pood\/"},{"@type":"ListItem","position":3,"name":"Libestid ja kehahooldus","item":"https:\/\/lustandlove.eu\/et\/pood\/apteek\/"},{"@type":"ListItem","position":4,"name":"Kondoomid","item":"https:\/\/lustandlove.eu\/et\/pood\/apteek\/kondoomid\/"},{"@type":"ListItem","position":5,"name":"Lateksivabad \u00d5hukesed Kondoomid 6tk"}]},{"@type":"WebSite","@id":"https:\/\/lustandlove.eu\/et\/#website","url":"https:\/\/lustandlove.eu\/et\/","name":"Lust &amp; Love","description":"Online erootikapood tervise, ilu ja armastuse jaoks","publisher":{"@id":"https:\/\/lustandlove.eu\/et\/#organization"},"potentialAction":[{"@type":"SearchAction","target":{"@type":"EntryPoint","urlTemplate":"https:\/\/lustandlove.eu\/et\/?s={search_term_string}"},"query-input":{"@type":"PropertyValueSpecification","valueRequired":true,"valueName":"search_term_string"}}],"inLanguage":"et"},{"@type":"Organization","@id":"https:\/\/lustandlove.eu\/et\/#organization","name":"Bioconcept Baltics O\u00dc","url":"https:\/\/lustandlove.eu\/et\/","logo":{"@type":"ImageObject","inLanguage":"et","@id":"https:\/\/lustandlove.eu\/et\/#\/schema\/logo\/image\/","url":"","contentUrl":"","caption":"Bioconcept Baltics O\u00dc"},"image":{"@id":"https:\/\/lustandlove.eu\/et\/#\/schema\/logo\/image\/"},"sameAs":["https:\/\/www.facebook.com\/LustandLoveEU\/","https:\/\/www.instagram.com\/lustandloveeu\/"]}]}},"_links":{"self":[{"href":"https:\/\/lustandlove.eu\/et\/wp-json\/wp\/v2\/product\/92377","targetHints":{"allow":["GET"]}}],"collection":[{"href":"https:\/\/lustandlove.eu\/et\/wp-json\/wp\/v2\/product"}],"about":[{"href":"https:\/\/lustandlove.eu\/et\/wp-json\/wp\/v2\/types\/product"}],"wp:featuredmedia":[{"embeddable":true,"href":"https:\/\/lustandlove.eu\/et\/wp-json\/wp\/v2\/media\/92379"}],"wp:attachment":[{"href":"https:\/\/lustandlove.eu\/et\/wp-json\/wp\/v2\/media?parent=92377"}],"wp:term":[{"taxonomy":"product_brand","embeddable":true,"href":"https:\/\/lustandlove.eu\/et\/wp-json\/wp\/v2\/product_brand?post=92377"},{"taxonomy":"product_cat","embeddable":true,"href":"https:\/\/lustandlove.eu\/et\/wp-json\/wp\/v2\/product_cat?post=92377"},{"taxonomy":"product_tag","embeddable":true,"href":"https:\/\/lustandlove.eu\/et\/wp-json\/wp\/v2\/product_tag?post=92377"}],"curies":[{"name":"wp","href":"https:\/\/api.w.org\/{rel}","templated":true}]}}