{"id":92429,"date":"2024-12-03T15:02:34","date_gmt":"2024-12-03T13:02:34","guid":{"rendered":"https:\/\/www.lustandlove.eu\/?post_type=product&#038;p=92429"},"modified":"2026-04-13T10:26:47","modified_gmt":"2026-04-13T07:26:47","slug":"lateksivabad-ohukesed-kondoomid-6tk-copy","status":"publish","type":"product","link":"https:\/\/lustandlove.eu\/et\/toode\/lateksivabad-ohukesed-kondoomid-6tk-copy\/","title":{"rendered":"Peale t\u00f5mmatav kondoom 6tk Lateksivabad"},"content":{"rendered":"<div class=\"wpb-content-wrapper\"><p>[vc_row][vc_column][vc_column_text css=&#8221;&#8221; woodmart_inline=&#8221;no&#8221; text_larger=&#8221;no&#8221;]Ultra\u00f5hukesed peale t\u00f5mmatavad kondoomid on valmistatud AT-10 materjalist, mis on lateksivaba ja vaigu baasil. Materjali omaduste ja tootmistehnoloogia t\u00f5ttu on need kondoomid palju vastupidavamad, kuid samas \u00e4\u00e4rmiselt \u00f5hukesed (0,008 mm) v\u00f5rreldes traditsiooniliste latekskondoomidega \u2013 seet\u00f5ttu on tunne t\u00e4iesti erinev paksematest tavalistest kondoomidest. UNIQ kondoomid on h\u00fcpoallergeensed.<\/p>\n<p>UNIQ peale t\u00f5mmatavad kondoomid on \u00fcksikult pakendatud, muutes need eriti praktiliseks reisimiseks. Kiireks peale panemiseks aseta kondoom peenisiele, v\u00f5ta kinni t\u00f5mberibast ja t\u00f5mba kondoom alla. Neid kondoome saab kasutada k\u00f5igi libestitega.<\/p>\n<p>Pikkus: 160 mm, laius: 55 mm<\/p>\n<p>Kondoome tuleks hoida jahedas, kuivas kohas, eemal soojusest ja otsesest p\u00e4ikesevalgusest. P\u00e4rast pakendil v\u00f5i suletud kilega m\u00e4rgitud kuup\u00e4eva tuleks kondoomi kasutamine l\u00f5petada. \u00dckski rasestumisvastane vahend ei pruugi pakkuda 100% kaitset sugulisel teel levivate haiguste v\u00f5i viljastumise eest.[\/vc_column_text][vc_video link=&#8221;https:\/\/www.youtube.com\/watch?v=kInpHEfXhB8&#8243; el_width=&#8221;60&#8243; css=&#8221;&#8221; title=&#8221;Vaata, kuidas kondoom t\u00f6\u00f6tab:&#8221; woodmart_css_id=&#8221;674f0511a5c07&#8243; image_poster_switch=&#8221;no&#8221;][\/vc_column][\/vc_row]<\/p>\n<\/div>","protected":false},"excerpt":{"rendered":"<p>Need lateksivabad t\u00f5mmatavad kondoomid on lihtsamini peale pandavad kui \u00fckski teine kondoom. Lihtsa lahtirullimisribaga kondoomi saab peale vaid sekunditega. Ainult 0,008 mm paksused, need kondoomid on mugavad, h\u00fcpoallergeensed ja l\u00f5hnatud.<\/p>\n","protected":false},"featured_media":92433,"template":"","meta":[],"product_brand":[4245],"product_cat":[1462,1460],"product_tag":[],"class_list":{"0":"post-92429","1":"product","2":"type-product","3":"status-publish","4":"has-post-thumbnail","6":"product_brand-uniq-et","7":"product_cat-kondoomid","8":"product_cat-apteek","9":"pa_brand-uniq-et","11":"first","12":"instock","13":"taxable","14":"shipping-taxable","15":"purchasable","16":"product-type-simple"},"yoast_head":"<!-- This site is optimized with the Yoast SEO plugin v27.4 - https:\/\/yoast.com\/product\/yoast-seo-wordpress\/ -->\n<title>Peale t\u00f5mmatav kondoom 6tk Lateksivabad | Lust and Love<\/title>\n<meta name=\"description\" content=\"Need lateksivabad t\u00f5mmatavad kondoomid on lihtsamini peale pandavad kui \u00fckski teine kondoom. Ainult 0,008 mm paksused, need kondoomid on mugavad, h\u00fcpoallergeensed ja l\u00f5hnatud.\" \/>\n<meta name=\"robots\" content=\"index,follow,max-snippet:-1,max-image-preview:large,max-video-preview:-1\" \/>\n<link rel=\"canonical\" href=\"https:\/\/lustandlove.eu\/et\/toode\/lateksivabad-ohukesed-kondoomid-6tk-copy\/\" \/>\n<script type=\"application\/ld+json\" class=\"yoast-schema-graph\">{\"@context\":\"https:\\\/\\\/schema.org\",\"@graph\":[{\"@type\":[\"WebPage\",\"ItemPage\"],\"@id\":\"https:\\\/\\\/lustandlove.eu\\\/et\\\/toode\\\/lateksivabad-ohukesed-kondoomid-6tk-copy\\\/\",\"url\":\"https:\\\/\\\/lustandlove.eu\\\/et\\\/toode\\\/lateksivabad-ohukesed-kondoomid-6tk-copy\\\/\",\"name\":\"Peale t\u00f5mmatav kondoom 6tk Lateksivabad | Lust and Love\",\"isPartOf\":{\"@id\":\"https:\\\/\\\/lustandlove.eu\\\/et\\\/#website\"},\"primaryImageOfPage\":{\"@id\":\"https:\\\/\\\/lustandlove.eu\\\/et\\\/toode\\\/lateksivabad-ohukesed-kondoomid-6tk-copy\\\/#primaryimage\"},\"image\":{\"@id\":\"https:\\\/\\\/lustandlove.eu\\\/et\\\/toode\\\/lateksivabad-ohukesed-kondoomid-6tk-copy\\\/#primaryimage\"},\"thumbnailUrl\":\"https:\\\/\\\/lustandlove.eu\\\/wp-content\\\/uploads\\\/uniq_pull.jpg\",\"datePublished\":\"2024-12-03T13:02:34+00:00\",\"dateModified\":\"2026-04-13T07:26:47+00:00\",\"description\":\"Need lateksivabad t\u00f5mmatavad kondoomid on lihtsamini peale pandavad kui \u00fckski teine kondoom. Ainult 0,008 mm paksused, need kondoomid on mugavad, h\u00fcpoallergeensed ja l\u00f5hnatud.\",\"breadcrumb\":{\"@id\":\"https:\\\/\\\/lustandlove.eu\\\/et\\\/toode\\\/lateksivabad-ohukesed-kondoomid-6tk-copy\\\/#breadcrumb\"},\"inLanguage\":\"et\",\"potentialAction\":[{\"@type\":\"ReadAction\",\"target\":[\"https:\\\/\\\/lustandlove.eu\\\/et\\\/toode\\\/lateksivabad-ohukesed-kondoomid-6tk-copy\\\/\"]}]},{\"@type\":\"ImageObject\",\"inLanguage\":\"et\",\"@id\":\"https:\\\/\\\/lustandlove.eu\\\/et\\\/toode\\\/lateksivabad-ohukesed-kondoomid-6tk-copy\\\/#primaryimage\",\"url\":\"https:\\\/\\\/lustandlove.eu\\\/wp-content\\\/uploads\\\/uniq_pull.jpg\",\"contentUrl\":\"https:\\\/\\\/lustandlove.eu\\\/wp-content\\\/uploads\\\/uniq_pull.jpg\",\"width\":1200,\"height\":1200},{\"@type\":\"BreadcrumbList\",\"@id\":\"https:\\\/\\\/lustandlove.eu\\\/et\\\/toode\\\/lateksivabad-ohukesed-kondoomid-6tk-copy\\\/#breadcrumb\",\"itemListElement\":[{\"@type\":\"ListItem\",\"position\":1,\"name\":\"Lust and Love\",\"item\":\"https:\\\/\\\/lustandlove.eu\\\/et\\\/\"},{\"@type\":\"ListItem\",\"position\":2,\"name\":\"Pood\",\"item\":\"https:\\\/\\\/lustandlove.eu\\\/et\\\/pood\\\/\"},{\"@type\":\"ListItem\",\"position\":3,\"name\":\"Libestid ja kehahooldus\",\"item\":\"https:\\\/\\\/lustandlove.eu\\\/et\\\/pood\\\/apteek\\\/\"},{\"@type\":\"ListItem\",\"position\":4,\"name\":\"Kondoomid\",\"item\":\"https:\\\/\\\/lustandlove.eu\\\/et\\\/pood\\\/apteek\\\/kondoomid\\\/\"},{\"@type\":\"ListItem\",\"position\":5,\"name\":\"Peale t\u00f5mmatav kondoom 6tk Lateksivabad\"}]},{\"@type\":\"WebSite\",\"@id\":\"https:\\\/\\\/lustandlove.eu\\\/et\\\/#website\",\"url\":\"https:\\\/\\\/lustandlove.eu\\\/et\\\/\",\"name\":\"Lust & Love\",\"description\":\"Online erootikapood tervise, ilu ja armastuse jaoks\",\"publisher\":{\"@id\":\"https:\\\/\\\/lustandlove.eu\\\/et\\\/#organization\"},\"potentialAction\":[{\"@type\":\"SearchAction\",\"target\":{\"@type\":\"EntryPoint\",\"urlTemplate\":\"https:\\\/\\\/lustandlove.eu\\\/et\\\/?s={search_term_string}\"},\"query-input\":{\"@type\":\"PropertyValueSpecification\",\"valueRequired\":true,\"valueName\":\"search_term_string\"}}],\"inLanguage\":\"et\"},{\"@type\":\"Organization\",\"@id\":\"https:\\\/\\\/lustandlove.eu\\\/et\\\/#organization\",\"name\":\"Bioconcept Baltics O\u00dc\",\"url\":\"https:\\\/\\\/lustandlove.eu\\\/et\\\/\",\"logo\":{\"@type\":\"ImageObject\",\"inLanguage\":\"et\",\"@id\":\"https:\\\/\\\/lustandlove.eu\\\/et\\\/#\\\/schema\\\/logo\\\/image\\\/\",\"url\":\"https:\\\/\\\/lustandlove.eu\\\/wp-content\\\/uploads\\\/logo-full-2.png\",\"contentUrl\":\"https:\\\/\\\/lustandlove.eu\\\/wp-content\\\/uploads\\\/logo-full-2.png\",\"width\":837,\"height\":200,\"caption\":\"Bioconcept Baltics O\u00dc\"},\"image\":{\"@id\":\"https:\\\/\\\/lustandlove.eu\\\/et\\\/#\\\/schema\\\/logo\\\/image\\\/\"},\"sameAs\":[\"https:\\\/\\\/www.facebook.com\\\/LustandLoveEU\\\/\",\"https:\\\/\\\/www.instagram.com\\\/lustandloveeu\\\/\"]}]}<\/script>\n<!-- \/ Yoast SEO plugin. -->","yoast_head_json":{"title":"Peale t\u00f5mmatav kondoom 6tk Lateksivabad | Lust and Love","description":"Need lateksivabad t\u00f5mmatavad kondoomid on lihtsamini peale pandavad kui \u00fckski teine kondoom. Ainult 0,008 mm paksused, need kondoomid on mugavad, h\u00fcpoallergeensed ja l\u00f5hnatud.","robots":{"index,follow,max-snippet":"index,follow,max-snippet:-1,max-image-preview:large,max-video-preview:-1"},"canonical":"https:\/\/lustandlove.eu\/et\/toode\/lateksivabad-ohukesed-kondoomid-6tk-copy\/","schema":{"@context":"https:\/\/schema.org","@graph":[{"@type":["WebPage","ItemPage"],"@id":"https:\/\/lustandlove.eu\/et\/toode\/lateksivabad-ohukesed-kondoomid-6tk-copy\/","url":"https:\/\/lustandlove.eu\/et\/toode\/lateksivabad-ohukesed-kondoomid-6tk-copy\/","name":"Peale t\u00f5mmatav kondoom 6tk Lateksivabad | Lust and Love","isPartOf":{"@id":"https:\/\/lustandlove.eu\/et\/#website"},"primaryImageOfPage":{"@id":"https:\/\/lustandlove.eu\/et\/toode\/lateksivabad-ohukesed-kondoomid-6tk-copy\/#primaryimage"},"image":{"@id":"https:\/\/lustandlove.eu\/et\/toode\/lateksivabad-ohukesed-kondoomid-6tk-copy\/#primaryimage"},"thumbnailUrl":"https:\/\/lustandlove.eu\/wp-content\/uploads\/uniq_pull.jpg","datePublished":"2024-12-03T13:02:34+00:00","dateModified":"2026-04-13T07:26:47+00:00","description":"Need lateksivabad t\u00f5mmatavad kondoomid on lihtsamini peale pandavad kui \u00fckski teine kondoom. Ainult 0,008 mm paksused, need kondoomid on mugavad, h\u00fcpoallergeensed ja l\u00f5hnatud.","breadcrumb":{"@id":"https:\/\/lustandlove.eu\/et\/toode\/lateksivabad-ohukesed-kondoomid-6tk-copy\/#breadcrumb"},"inLanguage":"et","potentialAction":[{"@type":"ReadAction","target":["https:\/\/lustandlove.eu\/et\/toode\/lateksivabad-ohukesed-kondoomid-6tk-copy\/"]}]},{"@type":"ImageObject","inLanguage":"et","@id":"https:\/\/lustandlove.eu\/et\/toode\/lateksivabad-ohukesed-kondoomid-6tk-copy\/#primaryimage","url":"https:\/\/lustandlove.eu\/wp-content\/uploads\/uniq_pull.jpg","contentUrl":"https:\/\/lustandlove.eu\/wp-content\/uploads\/uniq_pull.jpg","width":1200,"height":1200},{"@type":"BreadcrumbList","@id":"https:\/\/lustandlove.eu\/et\/toode\/lateksivabad-ohukesed-kondoomid-6tk-copy\/#breadcrumb","itemListElement":[{"@type":"ListItem","position":1,"name":"Lust and Love","item":"https:\/\/lustandlove.eu\/et\/"},{"@type":"ListItem","position":2,"name":"Pood","item":"https:\/\/lustandlove.eu\/et\/pood\/"},{"@type":"ListItem","position":3,"name":"Libestid ja kehahooldus","item":"https:\/\/lustandlove.eu\/et\/pood\/apteek\/"},{"@type":"ListItem","position":4,"name":"Kondoomid","item":"https:\/\/lustandlove.eu\/et\/pood\/apteek\/kondoomid\/"},{"@type":"ListItem","position":5,"name":"Peale t\u00f5mmatav kondoom 6tk Lateksivabad"}]},{"@type":"WebSite","@id":"https:\/\/lustandlove.eu\/et\/#website","url":"https:\/\/lustandlove.eu\/et\/","name":"Lust & Love","description":"Online erootikapood tervise, ilu ja armastuse jaoks","publisher":{"@id":"https:\/\/lustandlove.eu\/et\/#organization"},"potentialAction":[{"@type":"SearchAction","target":{"@type":"EntryPoint","urlTemplate":"https:\/\/lustandlove.eu\/et\/?s={search_term_string}"},"query-input":{"@type":"PropertyValueSpecification","valueRequired":true,"valueName":"search_term_string"}}],"inLanguage":"et"},{"@type":"Organization","@id":"https:\/\/lustandlove.eu\/et\/#organization","name":"Bioconcept Baltics O\u00dc","url":"https:\/\/lustandlove.eu\/et\/","logo":{"@type":"ImageObject","inLanguage":"et","@id":"https:\/\/lustandlove.eu\/et\/#\/schema\/logo\/image\/","url":"https:\/\/lustandlove.eu\/wp-content\/uploads\/logo-full-2.png","contentUrl":"https:\/\/lustandlove.eu\/wp-content\/uploads\/logo-full-2.png","width":837,"height":200,"caption":"Bioconcept Baltics O\u00dc"},"image":{"@id":"https:\/\/lustandlove.eu\/et\/#\/schema\/logo\/image\/"},"sameAs":["https:\/\/www.facebook.com\/LustandLoveEU\/","https:\/\/www.instagram.com\/lustandloveeu\/"]}]}},"_links":{"self":[{"href":"https:\/\/lustandlove.eu\/et\/wp-json\/wp\/v2\/product\/92429","targetHints":{"allow":["GET"]}}],"collection":[{"href":"https:\/\/lustandlove.eu\/et\/wp-json\/wp\/v2\/product"}],"about":[{"href":"https:\/\/lustandlove.eu\/et\/wp-json\/wp\/v2\/types\/product"}],"wp:featuredmedia":[{"embeddable":true,"href":"https:\/\/lustandlove.eu\/et\/wp-json\/wp\/v2\/media\/92433"}],"wp:attachment":[{"href":"https:\/\/lustandlove.eu\/et\/wp-json\/wp\/v2\/media?parent=92429"}],"wp:term":[{"taxonomy":"product_brand","embeddable":true,"href":"https:\/\/lustandlove.eu\/et\/wp-json\/wp\/v2\/product_brand?post=92429"},{"taxonomy":"product_cat","embeddable":true,"href":"https:\/\/lustandlove.eu\/et\/wp-json\/wp\/v2\/product_cat?post=92429"},{"taxonomy":"product_tag","embeddable":true,"href":"https:\/\/lustandlove.eu\/et\/wp-json\/wp\/v2\/product_tag?post=92429"}],"curies":[{"name":"wp","href":"https:\/\/api.w.org\/{rel}","templated":true}]}}