{"id":92445,"date":"2024-12-04T10:42:21","date_gmt":"2024-12-04T08:42:21","guid":{"rendered":"https:\/\/www.lustandlove.eu\/?post_type=product&#038;p=92445"},"modified":"2026-04-13T10:26:47","modified_gmt":"2026-04-13T07:26:47","slug":"uliohuke-0-008mm-kondoom-3tk-lateksivaba-copy","status":"publish","type":"product","link":"https:\/\/lustandlove.eu\/et\/toode\/uliohuke-0-008mm-kondoom-3tk-lateksivaba-copy\/","title":{"rendered":"Erektsiooni eelsed kondoomid 3tk Lateksivaba"},"content":{"rendered":"<div class=\"wpb-content-wrapper\"><p>[vc_row][vc_column][vc_column_text css=&#8221;&#8221; woodmart_inline=&#8221;no&#8221; text_larger=&#8221;no&#8221;]UNIQ Erektsiooni eelsed kondoomid on uuenduslik lahendus turvaliseks ja mugavaks kaitseks. Valmistatud \u00fcli\u00f5hukesest (0,01 mm \u00b1 2 mm) AT-10 lateksivabast vaigust, on need m\u00f5eldud kandmiseks mugavalt enne erektsiooni saavutamist ja neid saab peale panna kuni kaks tundi enne seksuaalvahekorda. See ainulaadne omadus tagab sujuva valmisoleku, katkestamata intiimset hetke.<\/p>\n<p>Need kondoomid pakuvad vastupidavat, h\u00fcpoallergeenset ja l\u00f5hnatut kaitset, v\u00e4hendades raseduse ja sugulisel teel levivate haiguste riski. Lateksivaba koostis sobib ideaalselt inimestele, kellel on lateksitalumatus. UNIQ kondoomid sobivad kasutamiseks igat t\u00fc\u00fcpi libestitega, suurendades mugavust ja mitmek\u00fclgsust.<\/p>\n<p>Pikkusega 185 mm ja laiusega 60 mm on need kondoomid m\u00f5eldud turvalisuseks, s\u00e4ilitades samas loomuliku tunde. Kui hindate mugavust, turvalisust ja mugavust, on UNIQ erektsiooni eelsed kondoomid usaldusv\u00e4\u00e4rne lahendus kaasaegsele intiimsusele.<\/p>\n<p>Kondoome tuleks hoida jahedas, kuivas kohas, eemal soojusest ja otsesest p\u00e4ikesevalgusest. P\u00e4rast pakendil v\u00f5i suletud kilega m\u00e4rgitud kuup\u00e4eva tuleks kondoomi kasutamine l\u00f5petada. \u00dckski rasestumisvastane vahend ei pruugi pakkuda 100% kaitset sugulisel teel levivate haiguste v\u00f5i viljastumise eest.[\/vc_column_text][\/vc_column][\/vc_row]<\/p>\n<\/div>","protected":false},"excerpt":{"rendered":"<p>Uniq erektsiooni eelsed kondoomid on \u00f5hukesed, lateksivabad, h\u00fcpoallergeenilised ja l\u00f5hnatud. Kondoomi v\u00f5ib peale panna kuni 2 tundi enne vahekorda ning ei vaja erektsiooni, et paigal p\u00fcsida.<\/p>\n","protected":false},"featured_media":92451,"template":"","meta":[],"product_brand":[4245],"product_cat":[1462,1460],"product_tag":[],"class_list":{"0":"post-92445","1":"product","2":"type-product","3":"status-publish","4":"has-post-thumbnail","6":"product_brand-uniq-et","7":"product_cat-kondoomid","8":"product_cat-apteek","9":"pa_brand-uniq-et","11":"first","12":"instock","13":"taxable","14":"shipping-taxable","15":"purchasable","16":"product-type-simple"},"yoast_head":"<!-- This site is optimized with the Yoast SEO plugin v27.4 - https:\/\/yoast.com\/product\/yoast-seo-wordpress\/ -->\n<title>Erektsiooni eelsed kondoomid 3tk Lateksivaba | Lust and Love<\/title>\n<meta name=\"description\" content=\"Uniq erektsiooni eelsed kondoomid on \u00f5hukesed, lateksivabad, h\u00fcpoallergeenilised ja l\u00f5hnatud. Kondoom ei vaja erektsiooni, et paigal p\u00fcsida.\" \/>\n<meta name=\"robots\" content=\"index,follow,max-snippet:-1,max-image-preview:large,max-video-preview:-1\" \/>\n<link rel=\"canonical\" href=\"https:\/\/lustandlove.eu\/et\/toode\/uliohuke-0-008mm-kondoom-3tk-lateksivaba-copy\/\" \/>\n<script type=\"application\/ld+json\" class=\"yoast-schema-graph\">{\"@context\":\"https:\\\/\\\/schema.org\",\"@graph\":[{\"@type\":[\"WebPage\",\"ItemPage\"],\"@id\":\"https:\\\/\\\/lustandlove.eu\\\/et\\\/toode\\\/uliohuke-0-008mm-kondoom-3tk-lateksivaba-copy\\\/\",\"url\":\"https:\\\/\\\/lustandlove.eu\\\/et\\\/toode\\\/uliohuke-0-008mm-kondoom-3tk-lateksivaba-copy\\\/\",\"name\":\"Erektsiooni eelsed kondoomid 3tk Lateksivaba | Lust and Love\",\"isPartOf\":{\"@id\":\"https:\\\/\\\/lustandlove.eu\\\/et\\\/#website\"},\"primaryImageOfPage\":{\"@id\":\"https:\\\/\\\/lustandlove.eu\\\/et\\\/toode\\\/uliohuke-0-008mm-kondoom-3tk-lateksivaba-copy\\\/#primaryimage\"},\"image\":{\"@id\":\"https:\\\/\\\/lustandlove.eu\\\/et\\\/toode\\\/uliohuke-0-008mm-kondoom-3tk-lateksivaba-copy\\\/#primaryimage\"},\"thumbnailUrl\":\"https:\\\/\\\/lustandlove.eu\\\/wp-content\\\/uploads\\\/uniq_pre_erec.jpg\",\"datePublished\":\"2024-12-04T08:42:21+00:00\",\"dateModified\":\"2026-04-13T07:26:47+00:00\",\"description\":\"Uniq erektsiooni eelsed kondoomid on \u00f5hukesed, lateksivabad, h\u00fcpoallergeenilised ja l\u00f5hnatud. Kondoom ei vaja erektsiooni, et paigal p\u00fcsida.\",\"breadcrumb\":{\"@id\":\"https:\\\/\\\/lustandlove.eu\\\/et\\\/toode\\\/uliohuke-0-008mm-kondoom-3tk-lateksivaba-copy\\\/#breadcrumb\"},\"inLanguage\":\"et\",\"potentialAction\":[{\"@type\":\"ReadAction\",\"target\":[\"https:\\\/\\\/lustandlove.eu\\\/et\\\/toode\\\/uliohuke-0-008mm-kondoom-3tk-lateksivaba-copy\\\/\"]}]},{\"@type\":\"ImageObject\",\"inLanguage\":\"et\",\"@id\":\"https:\\\/\\\/lustandlove.eu\\\/et\\\/toode\\\/uliohuke-0-008mm-kondoom-3tk-lateksivaba-copy\\\/#primaryimage\",\"url\":\"https:\\\/\\\/lustandlove.eu\\\/wp-content\\\/uploads\\\/uniq_pre_erec.jpg\",\"contentUrl\":\"https:\\\/\\\/lustandlove.eu\\\/wp-content\\\/uploads\\\/uniq_pre_erec.jpg\",\"width\":894,\"height\":796},{\"@type\":\"BreadcrumbList\",\"@id\":\"https:\\\/\\\/lustandlove.eu\\\/et\\\/toode\\\/uliohuke-0-008mm-kondoom-3tk-lateksivaba-copy\\\/#breadcrumb\",\"itemListElement\":[{\"@type\":\"ListItem\",\"position\":1,\"name\":\"Lust and Love\",\"item\":\"https:\\\/\\\/lustandlove.eu\\\/et\\\/\"},{\"@type\":\"ListItem\",\"position\":2,\"name\":\"Pood\",\"item\":\"https:\\\/\\\/lustandlove.eu\\\/et\\\/pood\\\/\"},{\"@type\":\"ListItem\",\"position\":3,\"name\":\"Libestid ja kehahooldus\",\"item\":\"https:\\\/\\\/lustandlove.eu\\\/et\\\/pood\\\/apteek\\\/\"},{\"@type\":\"ListItem\",\"position\":4,\"name\":\"Kondoomid\",\"item\":\"https:\\\/\\\/lustandlove.eu\\\/et\\\/pood\\\/apteek\\\/kondoomid\\\/\"},{\"@type\":\"ListItem\",\"position\":5,\"name\":\"Erektsiooni eelsed kondoomid 3tk Lateksivaba\"}]},{\"@type\":\"WebSite\",\"@id\":\"https:\\\/\\\/lustandlove.eu\\\/et\\\/#website\",\"url\":\"https:\\\/\\\/lustandlove.eu\\\/et\\\/\",\"name\":\"Lust & Love\",\"description\":\"Online erootikapood tervise, ilu ja armastuse jaoks\",\"publisher\":{\"@id\":\"https:\\\/\\\/lustandlove.eu\\\/et\\\/#organization\"},\"potentialAction\":[{\"@type\":\"SearchAction\",\"target\":{\"@type\":\"EntryPoint\",\"urlTemplate\":\"https:\\\/\\\/lustandlove.eu\\\/et\\\/?s={search_term_string}\"},\"query-input\":{\"@type\":\"PropertyValueSpecification\",\"valueRequired\":true,\"valueName\":\"search_term_string\"}}],\"inLanguage\":\"et\"},{\"@type\":\"Organization\",\"@id\":\"https:\\\/\\\/lustandlove.eu\\\/et\\\/#organization\",\"name\":\"Bioconcept Baltics O\u00dc\",\"url\":\"https:\\\/\\\/lustandlove.eu\\\/et\\\/\",\"logo\":{\"@type\":\"ImageObject\",\"inLanguage\":\"et\",\"@id\":\"https:\\\/\\\/lustandlove.eu\\\/et\\\/#\\\/schema\\\/logo\\\/image\\\/\",\"url\":\"https:\\\/\\\/lustandlove.eu\\\/wp-content\\\/uploads\\\/logo-full-2.png\",\"contentUrl\":\"https:\\\/\\\/lustandlove.eu\\\/wp-content\\\/uploads\\\/logo-full-2.png\",\"width\":837,\"height\":200,\"caption\":\"Bioconcept Baltics O\u00dc\"},\"image\":{\"@id\":\"https:\\\/\\\/lustandlove.eu\\\/et\\\/#\\\/schema\\\/logo\\\/image\\\/\"},\"sameAs\":[\"https:\\\/\\\/www.facebook.com\\\/LustandLoveEU\\\/\",\"https:\\\/\\\/www.instagram.com\\\/lustandloveeu\\\/\"]}]}<\/script>\n<!-- \/ Yoast SEO plugin. -->","yoast_head_json":{"title":"Erektsiooni eelsed kondoomid 3tk Lateksivaba | Lust and Love","description":"Uniq erektsiooni eelsed kondoomid on \u00f5hukesed, lateksivabad, h\u00fcpoallergeenilised ja l\u00f5hnatud. Kondoom ei vaja erektsiooni, et paigal p\u00fcsida.","robots":{"index,follow,max-snippet":"index,follow,max-snippet:-1,max-image-preview:large,max-video-preview:-1"},"canonical":"https:\/\/lustandlove.eu\/et\/toode\/uliohuke-0-008mm-kondoom-3tk-lateksivaba-copy\/","schema":{"@context":"https:\/\/schema.org","@graph":[{"@type":["WebPage","ItemPage"],"@id":"https:\/\/lustandlove.eu\/et\/toode\/uliohuke-0-008mm-kondoom-3tk-lateksivaba-copy\/","url":"https:\/\/lustandlove.eu\/et\/toode\/uliohuke-0-008mm-kondoom-3tk-lateksivaba-copy\/","name":"Erektsiooni eelsed kondoomid 3tk Lateksivaba | Lust and Love","isPartOf":{"@id":"https:\/\/lustandlove.eu\/et\/#website"},"primaryImageOfPage":{"@id":"https:\/\/lustandlove.eu\/et\/toode\/uliohuke-0-008mm-kondoom-3tk-lateksivaba-copy\/#primaryimage"},"image":{"@id":"https:\/\/lustandlove.eu\/et\/toode\/uliohuke-0-008mm-kondoom-3tk-lateksivaba-copy\/#primaryimage"},"thumbnailUrl":"https:\/\/lustandlove.eu\/wp-content\/uploads\/uniq_pre_erec.jpg","datePublished":"2024-12-04T08:42:21+00:00","dateModified":"2026-04-13T07:26:47+00:00","description":"Uniq erektsiooni eelsed kondoomid on \u00f5hukesed, lateksivabad, h\u00fcpoallergeenilised ja l\u00f5hnatud. Kondoom ei vaja erektsiooni, et paigal p\u00fcsida.","breadcrumb":{"@id":"https:\/\/lustandlove.eu\/et\/toode\/uliohuke-0-008mm-kondoom-3tk-lateksivaba-copy\/#breadcrumb"},"inLanguage":"et","potentialAction":[{"@type":"ReadAction","target":["https:\/\/lustandlove.eu\/et\/toode\/uliohuke-0-008mm-kondoom-3tk-lateksivaba-copy\/"]}]},{"@type":"ImageObject","inLanguage":"et","@id":"https:\/\/lustandlove.eu\/et\/toode\/uliohuke-0-008mm-kondoom-3tk-lateksivaba-copy\/#primaryimage","url":"https:\/\/lustandlove.eu\/wp-content\/uploads\/uniq_pre_erec.jpg","contentUrl":"https:\/\/lustandlove.eu\/wp-content\/uploads\/uniq_pre_erec.jpg","width":894,"height":796},{"@type":"BreadcrumbList","@id":"https:\/\/lustandlove.eu\/et\/toode\/uliohuke-0-008mm-kondoom-3tk-lateksivaba-copy\/#breadcrumb","itemListElement":[{"@type":"ListItem","position":1,"name":"Lust and Love","item":"https:\/\/lustandlove.eu\/et\/"},{"@type":"ListItem","position":2,"name":"Pood","item":"https:\/\/lustandlove.eu\/et\/pood\/"},{"@type":"ListItem","position":3,"name":"Libestid ja kehahooldus","item":"https:\/\/lustandlove.eu\/et\/pood\/apteek\/"},{"@type":"ListItem","position":4,"name":"Kondoomid","item":"https:\/\/lustandlove.eu\/et\/pood\/apteek\/kondoomid\/"},{"@type":"ListItem","position":5,"name":"Erektsiooni eelsed kondoomid 3tk Lateksivaba"}]},{"@type":"WebSite","@id":"https:\/\/lustandlove.eu\/et\/#website","url":"https:\/\/lustandlove.eu\/et\/","name":"Lust & Love","description":"Online erootikapood tervise, ilu ja armastuse jaoks","publisher":{"@id":"https:\/\/lustandlove.eu\/et\/#organization"},"potentialAction":[{"@type":"SearchAction","target":{"@type":"EntryPoint","urlTemplate":"https:\/\/lustandlove.eu\/et\/?s={search_term_string}"},"query-input":{"@type":"PropertyValueSpecification","valueRequired":true,"valueName":"search_term_string"}}],"inLanguage":"et"},{"@type":"Organization","@id":"https:\/\/lustandlove.eu\/et\/#organization","name":"Bioconcept Baltics O\u00dc","url":"https:\/\/lustandlove.eu\/et\/","logo":{"@type":"ImageObject","inLanguage":"et","@id":"https:\/\/lustandlove.eu\/et\/#\/schema\/logo\/image\/","url":"https:\/\/lustandlove.eu\/wp-content\/uploads\/logo-full-2.png","contentUrl":"https:\/\/lustandlove.eu\/wp-content\/uploads\/logo-full-2.png","width":837,"height":200,"caption":"Bioconcept Baltics O\u00dc"},"image":{"@id":"https:\/\/lustandlove.eu\/et\/#\/schema\/logo\/image\/"},"sameAs":["https:\/\/www.facebook.com\/LustandLoveEU\/","https:\/\/www.instagram.com\/lustandloveeu\/"]}]}},"_links":{"self":[{"href":"https:\/\/lustandlove.eu\/et\/wp-json\/wp\/v2\/product\/92445","targetHints":{"allow":["GET"]}}],"collection":[{"href":"https:\/\/lustandlove.eu\/et\/wp-json\/wp\/v2\/product"}],"about":[{"href":"https:\/\/lustandlove.eu\/et\/wp-json\/wp\/v2\/types\/product"}],"wp:featuredmedia":[{"embeddable":true,"href":"https:\/\/lustandlove.eu\/et\/wp-json\/wp\/v2\/media\/92451"}],"wp:attachment":[{"href":"https:\/\/lustandlove.eu\/et\/wp-json\/wp\/v2\/media?parent=92445"}],"wp:term":[{"taxonomy":"product_brand","embeddable":true,"href":"https:\/\/lustandlove.eu\/et\/wp-json\/wp\/v2\/product_brand?post=92445"},{"taxonomy":"product_cat","embeddable":true,"href":"https:\/\/lustandlove.eu\/et\/wp-json\/wp\/v2\/product_cat?post=92445"},{"taxonomy":"product_tag","embeddable":true,"href":"https:\/\/lustandlove.eu\/et\/wp-json\/wp\/v2\/product_tag?post=92445"}],"curies":[{"name":"wp","href":"https:\/\/api.w.org\/{rel}","templated":true}]}}