{"id":92457,"date":"2024-12-06T14:55:12","date_gmt":"2024-12-06T12:55:14","guid":{"rendered":"https:\/\/www.lustandlove.eu\/?post_type=product&#038;p=92457"},"modified":"2026-04-13T10:26:47","modified_gmt":"2026-04-13T07:26:47","slug":"ami-copy","status":"publish","type":"product","link":"https:\/\/lustandlove.eu\/et\/toode\/ami-copy\/","title":{"rendered":"Ami (Vana pakend)"},"content":{"rendered":"<p>Komisjonim\u00fc\u00fcgist leiate tooted, mille pakendid on transpordi k\u00e4igus kahju saanud, kuid pakendis sees olevad tooted on s\u00e4ilitanud oma esialgse kvaliteedi. Komisjonim\u00fc\u00fcgist on hea v\u00f5imalus osta neid samu tooteid, mis meie e-poes m\u00fc\u00fcgil on soodsamalt, kui toote pakendi esteetiline olukord teid ei h\u00e4iri.<\/p>\n<p>Soovitatav alustada k\u00f5ige suuremast kuulist ja liikuda v\u00e4iksema suunas.<\/p>\n<ol>\n<li>Suur \u00fche palliga tupekuul. Ideaalne algajale.<\/li>\n<li>Keskmise suurusega kahe palliga tupekuul, kaalult veidi raskem. Edasij\u00f5udnule.<\/li>\n<li>V\u00e4ike kahe palliga tupekuul. Edasij\u00f5udnule.<\/li>\n<\/ol>\n<p class=\"p1\">Iga Je Joue toote ostuga kaasa tasuta v\u00e4ike aromaatne massaa\u017eik\u00fc\u00fcnal!<\/p>\n<p>&nbsp;<\/p>\n<h3>Mis on Vaagnap\u00f5hjalihased?<\/h3>\n<p>Vaagnap\u00f5hjalihased asuvad vaagnap\u00f5hjas h\u00e4bemeluu ja sabakondi vahel. Kui oled kunagi suurt pissih\u00e4da \u201ckinni hoidnud\u201d, siis sa peaksid teadma, mida nende lihaste pingutamine t\u00e4hendab. T\u00e4pselt sama tunne on Kegeli harjutusi tehes. Need harjutused aitavad naiste seksuaalset tundlikkust parandada ja orgasme tugevdada.<\/p>\n<h3>Kellele on Kegeli kerad m\u00f5eldud?<\/h3>\n<p>Peaksid Kegeli kerasid proovima, kui sul on kokkupuude m\u00f5ne allj\u00e4rgnevaga:<\/p>\n<ul>\n<li>Soovid saada paremaid orgasme<\/li>\n<li>Sul on probleemid p\u00f5iepidamatusega<\/li>\n<li>Sul on varajased menopausi s\u00fcmptomid<\/li>\n<li>Soovid peale s\u00fcnnitamist vaagnap\u00f5hjalihaseid tugevdada<\/li>\n<\/ul>\n<h3>Kuidas kasutada Kegeli kerasid?<\/h3>\n<p>K\u00f5igepealt l\u00f5dvestu. Sisesta esimene pallike \u00f5rnalt surudes kuni see libiseb sisse \u2013 kasuta selleks vajadusel libestit. Kui pallike v\u00f5i pallikesed on sees, saad sa need vajadusel veidi kaugemale l\u00fckata. Eemaldamiseks m\u00f5eldud silmus peaks j\u00e4\u00e4ma v\u00e4ljapoole, umbes nagu tampoonin\u00f6\u00f6r. Sinu keha on automaatselt treenitud hoidma kuulikesi sees, seega \u00e4ra karda, et need v\u00e4lja kukuvad. Siiski, kui soovid kuulikesi eemaldada, t\u00f5mba neid vaikselt silmusest, kuni need vabalt v\u00e4lja tulevad. Vajadusel kasuta selleks tegevuseks taaskord libestit.<\/p>\n<p>Kui sa kasutad Kegeli pallikesi vaagnap\u00f5hjalihaste harjutusteks ja oled nendega juba enam-v\u00e4hem tuttav, siis kaalu suurema raskuse lisamist. V\u00f5ta seda kui v\u00e4ljakutset. Meil on sulle m\u00f5ningaid n\u00e4pun\u00e4iteid:<\/p>\n<ol>\n<li>Heida selili ja sisesta Kegeli kerad.<\/li>\n<li>Pinguta oma vaagnap\u00f5hjalihaseid surudes pallikesi \u00fclespoole<\/li>\n<li>Hoia 5 sekundit ja l\u00f5dvesta 5 sekundit<\/li>\n<li>Korda v\u00e4hemalt 5 korda j\u00e4rjest ning nii kolm sessiooni. Soovitatav oleks kuni kolm sessiooni p\u00e4evas.<\/li>\n<\/ol>\n<p>Kegeli kerad ei ole kasutatavad traditsiooniliste seksleludena. Siin on m\u00f5ned nipid, kuidas saaksid neid \u00fcksi m\u00e4ngides v\u00f5i partneriga koos kasutada:<\/p>\n<ul>\n<li>Voodis lamades sisesta Kegeli kerad, pinguta vaagnap\u00f5hjalihaseid. Katseta harjutusi.<\/li>\n<li>Sisesta Kegeli kerad ning haara vibraator. Vaagnap\u00f5hjalihaste pigistamise ajal masseeri oma kliitorit ning avaust.<\/li>\n<li>Sisesta kuulikesed enne, kui suundud deidile v\u00f5i vahetult enne eelm\u00e4ngu. Mida kauem kerad sees on, seda erutatum sa p\u00f5his\u00fcndmuseks oled. Lihtsalt t\u00f5mba need enne p\u00f5him\u00e4ngu v\u00e4lja.<\/li>\n<li>V\u00f5id k\u00fctte lisamiseks need vaginaalpenetratsiooniks sisse j\u00e4tta. Sinu partneri peenisepea liigutab pallikesi edasi-tagasi, luues sulle t\u00e4iesti uudseid ja erilisi tundeid. Ebameeldivuse v\u00e4ltimiseks peaks liikumine olema pigem aeglasem.<\/li>\n<li>Kegeli kerad v\u00f5ivad muuta ka anaalseksi eriti nauditavaks. Penetratsiooni ajal l\u00fckkavad kuulikesed sinu vagiinas ennast vastu G-punkti. Aga hoia kindlasti meeles, et \u00e4ra kuulikesi tagumisest uksest sisesta, sest selle jaoks on juba teistsugused lelud olemas. Lisaks v\u00f5ivad need kinni j\u00e4\u00e4da ja ebameeldivustunnet tekitada.<\/li>\n<\/ul>\n<h3>Kuidas Kegeli kuule puhastada?<\/h3>\n<p>T\u00e4pselt niisamuti nagu ka vibraatorit v\u00f5i teisi sekslelusid. N\u00e4iteks loputa kuulikesi sooja vee ja seebiga. Patsuta neid puhta r\u00e4tikuga, kuni kuulikesed on kuivad.<\/p>\n","protected":false},"excerpt":{"rendered":"<h5><strong>Komisjonim\u00fc\u00fcgist leiate tooted, mille pakendid on transpordi k\u00e4igus kahju saanud, kuid pakendis sees olevad tooted on s\u00e4ilitanud oma esialgse kvaliteedi. Komisjonim\u00fc\u00fcgist on hea v\u00f5imalus osta neid samu tooteid, mis meie e-poes m\u00fc\u00fcgil on soodsamalt, kui toote pakendi esteetiline olukord teid ei h\u00e4iri.<\/strong><\/h5>\n<p>Kolm erineva kaaluga pallikest \u2013 kergemast raskemani \u2013 treenivad vaagnap\u00f5hjalihaseid.<\/p>\n","protected":false},"featured_media":92462,"template":"","meta":[],"product_brand":[],"product_cat":[1503,1501],"product_tag":[1524,3754],"class_list":{"0":"post-92457","1":"product","2":"type-product","3":"status-publish","4":"has-post-thumbnail","6":"product_cat-pakendiveaga-tooted","7":"product_cat-pakkumised","8":"product_tag-keegli-komplekt","9":"product_tag-menopaus","11":"first","12":"instock","13":"sale","14":"taxable","15":"shipping-taxable","16":"purchasable","17":"product-type-simple"},"yoast_head":"<!-- This site is optimized with the Yoast SEO plugin v27.3 - https:\/\/yoast.com\/product\/yoast-seo-wordpress\/ -->\n<title>Je Joue Ami | World&#039;s First Progressive Kegel Set with Three Balls<\/title>\n<meta name=\"description\" content=\"Kolm erineva kaaluga pallikest \u2013 kergemast raskemani \u2013 treenivad vaagnap\u00f5hjalihaseid.\" \/>\n<meta name=\"robots\" content=\"index,follow,max-snippet:-1,max-image-preview:large,max-video-preview:-1\" \/>\n<link rel=\"canonical\" href=\"https:\/\/lustandlove.eu\/et\/toode\/ami-copy\/\" \/>\n<meta name=\"twitter:card\" content=\"summary_large_image\" \/>\n<meta name=\"twitter:title\" content=\"Je Joue Ami | World&#039;s First Progressive Kegel Set with Three Balls\" \/>\n<meta name=\"twitter:description\" content=\"Kolm erineva kaaluga pallikest \u2013 kergemast raskemani \u2013 treenivad vaagnap\u00f5hjalihaseid.\" \/>\n<meta name=\"twitter:image\" content=\"https:\/\/lustandlove.eu\/wp-content\/uploads\/20424.jpg\" \/>\n<meta name=\"twitter:label1\" content=\"Est. reading time\" \/>\n\t<meta name=\"twitter:data1\" content=\"3 minutit\" \/>\n<script type=\"application\/ld+json\" class=\"yoast-schema-graph\">{\"@context\":\"https:\\\/\\\/schema.org\",\"@graph\":[{\"@type\":[\"WebPage\",\"ItemPage\"],\"@id\":\"https:\\\/\\\/lustandlove.eu\\\/et\\\/toode\\\/ami-copy\\\/\",\"url\":\"https:\\\/\\\/lustandlove.eu\\\/et\\\/toode\\\/ami-copy\\\/\",\"name\":\"Je Joue Ami | World's First Progressive Kegel Set with Three Balls\",\"isPartOf\":{\"@id\":\"https:\\\/\\\/lustandlove.eu\\\/et\\\/#website\"},\"primaryImageOfPage\":{\"@id\":\"https:\\\/\\\/lustandlove.eu\\\/et\\\/toode\\\/ami-copy\\\/#primaryimage\"},\"image\":{\"@id\":\"https:\\\/\\\/lustandlove.eu\\\/et\\\/toode\\\/ami-copy\\\/#primaryimage\"},\"thumbnailUrl\":\"https:\\\/\\\/lustandlove.eu\\\/wp-content\\\/uploads\\\/20424.jpg\",\"datePublished\":\"2024-12-06T12:55:14+00:00\",\"dateModified\":\"2026-04-13T07:26:47+00:00\",\"description\":\"Kolm erineva kaaluga pallikest \u2013 kergemast raskemani \u2013 treenivad vaagnap\u00f5hjalihaseid.\",\"breadcrumb\":{\"@id\":\"https:\\\/\\\/lustandlove.eu\\\/et\\\/toode\\\/ami-copy\\\/#breadcrumb\"},\"inLanguage\":\"et\",\"potentialAction\":[{\"@type\":\"ReadAction\",\"target\":[\"https:\\\/\\\/lustandlove.eu\\\/et\\\/toode\\\/ami-copy\\\/\"]}]},{\"@type\":\"ImageObject\",\"inLanguage\":\"et\",\"@id\":\"https:\\\/\\\/lustandlove.eu\\\/et\\\/toode\\\/ami-copy\\\/#primaryimage\",\"url\":\"https:\\\/\\\/lustandlove.eu\\\/wp-content\\\/uploads\\\/20424.jpg\",\"contentUrl\":\"https:\\\/\\\/lustandlove.eu\\\/wp-content\\\/uploads\\\/20424.jpg\",\"width\":640,\"height\":480},{\"@type\":\"BreadcrumbList\",\"@id\":\"https:\\\/\\\/lustandlove.eu\\\/et\\\/toode\\\/ami-copy\\\/#breadcrumb\",\"itemListElement\":[{\"@type\":\"ListItem\",\"position\":1,\"name\":\"Lust and Love\",\"item\":\"https:\\\/\\\/lustandlove.eu\\\/et\\\/\"},{\"@type\":\"ListItem\",\"position\":2,\"name\":\"Pood\",\"item\":\"https:\\\/\\\/lustandlove.eu\\\/et\\\/pood\\\/\"},{\"@type\":\"ListItem\",\"position\":3,\"name\":\"Pakkumised\",\"item\":\"https:\\\/\\\/lustandlove.eu\\\/et\\\/pood\\\/pakkumised\\\/\"},{\"@type\":\"ListItem\",\"position\":4,\"name\":\"Ami (Vana pakend)\"}]},{\"@type\":\"WebSite\",\"@id\":\"https:\\\/\\\/lustandlove.eu\\\/et\\\/#website\",\"url\":\"https:\\\/\\\/lustandlove.eu\\\/et\\\/\",\"name\":\"Lust &amp; Love\",\"description\":\"Online erootikapood tervise, ilu ja armastuse jaoks\",\"publisher\":{\"@id\":\"https:\\\/\\\/lustandlove.eu\\\/et\\\/#organization\"},\"potentialAction\":[{\"@type\":\"SearchAction\",\"target\":{\"@type\":\"EntryPoint\",\"urlTemplate\":\"https:\\\/\\\/lustandlove.eu\\\/et\\\/?s={search_term_string}\"},\"query-input\":{\"@type\":\"PropertyValueSpecification\",\"valueRequired\":true,\"valueName\":\"search_term_string\"}}],\"inLanguage\":\"et\"},{\"@type\":\"Organization\",\"@id\":\"https:\\\/\\\/lustandlove.eu\\\/et\\\/#organization\",\"name\":\"Bioconcept Baltics O\u00dc\",\"url\":\"https:\\\/\\\/lustandlove.eu\\\/et\\\/\",\"logo\":{\"@type\":\"ImageObject\",\"inLanguage\":\"et\",\"@id\":\"https:\\\/\\\/lustandlove.eu\\\/et\\\/#\\\/schema\\\/logo\\\/image\\\/\",\"url\":\"\",\"contentUrl\":\"\",\"caption\":\"Bioconcept Baltics O\u00dc\"},\"image\":{\"@id\":\"https:\\\/\\\/lustandlove.eu\\\/et\\\/#\\\/schema\\\/logo\\\/image\\\/\"},\"sameAs\":[\"https:\\\/\\\/www.facebook.com\\\/LustandLoveEU\\\/\",\"https:\\\/\\\/www.instagram.com\\\/lustandloveeu\\\/\"]}]}<\/script>\n<!-- \/ Yoast SEO plugin. -->","yoast_head_json":{"title":"Je Joue Ami | World's First Progressive Kegel Set with Three Balls","description":"Kolm erineva kaaluga pallikest \u2013 kergemast raskemani \u2013 treenivad vaagnap\u00f5hjalihaseid.","robots":{"index,follow,max-snippet":"index,follow,max-snippet:-1,max-image-preview:large,max-video-preview:-1"},"canonical":"https:\/\/lustandlove.eu\/et\/toode\/ami-copy\/","twitter_card":"summary_large_image","twitter_title":"Je Joue Ami | World's First Progressive Kegel Set with Three Balls","twitter_description":"Kolm erineva kaaluga pallikest \u2013 kergemast raskemani \u2013 treenivad vaagnap\u00f5hjalihaseid.","twitter_image":"https:\/\/lustandlove.eu\/wp-content\/uploads\/20424.jpg","twitter_misc":{"Est. reading time":"3 minutit"},"schema":{"@context":"https:\/\/schema.org","@graph":[{"@type":["WebPage","ItemPage"],"@id":"https:\/\/lustandlove.eu\/et\/toode\/ami-copy\/","url":"https:\/\/lustandlove.eu\/et\/toode\/ami-copy\/","name":"Je Joue Ami | World's First Progressive Kegel Set with Three Balls","isPartOf":{"@id":"https:\/\/lustandlove.eu\/et\/#website"},"primaryImageOfPage":{"@id":"https:\/\/lustandlove.eu\/et\/toode\/ami-copy\/#primaryimage"},"image":{"@id":"https:\/\/lustandlove.eu\/et\/toode\/ami-copy\/#primaryimage"},"thumbnailUrl":"https:\/\/lustandlove.eu\/wp-content\/uploads\/20424.jpg","datePublished":"2024-12-06T12:55:14+00:00","dateModified":"2026-04-13T07:26:47+00:00","description":"Kolm erineva kaaluga pallikest \u2013 kergemast raskemani \u2013 treenivad vaagnap\u00f5hjalihaseid.","breadcrumb":{"@id":"https:\/\/lustandlove.eu\/et\/toode\/ami-copy\/#breadcrumb"},"inLanguage":"et","potentialAction":[{"@type":"ReadAction","target":["https:\/\/lustandlove.eu\/et\/toode\/ami-copy\/"]}]},{"@type":"ImageObject","inLanguage":"et","@id":"https:\/\/lustandlove.eu\/et\/toode\/ami-copy\/#primaryimage","url":"https:\/\/lustandlove.eu\/wp-content\/uploads\/20424.jpg","contentUrl":"https:\/\/lustandlove.eu\/wp-content\/uploads\/20424.jpg","width":640,"height":480},{"@type":"BreadcrumbList","@id":"https:\/\/lustandlove.eu\/et\/toode\/ami-copy\/#breadcrumb","itemListElement":[{"@type":"ListItem","position":1,"name":"Lust and Love","item":"https:\/\/lustandlove.eu\/et\/"},{"@type":"ListItem","position":2,"name":"Pood","item":"https:\/\/lustandlove.eu\/et\/pood\/"},{"@type":"ListItem","position":3,"name":"Pakkumised","item":"https:\/\/lustandlove.eu\/et\/pood\/pakkumised\/"},{"@type":"ListItem","position":4,"name":"Ami (Vana pakend)"}]},{"@type":"WebSite","@id":"https:\/\/lustandlove.eu\/et\/#website","url":"https:\/\/lustandlove.eu\/et\/","name":"Lust &amp; Love","description":"Online erootikapood tervise, ilu ja armastuse jaoks","publisher":{"@id":"https:\/\/lustandlove.eu\/et\/#organization"},"potentialAction":[{"@type":"SearchAction","target":{"@type":"EntryPoint","urlTemplate":"https:\/\/lustandlove.eu\/et\/?s={search_term_string}"},"query-input":{"@type":"PropertyValueSpecification","valueRequired":true,"valueName":"search_term_string"}}],"inLanguage":"et"},{"@type":"Organization","@id":"https:\/\/lustandlove.eu\/et\/#organization","name":"Bioconcept Baltics O\u00dc","url":"https:\/\/lustandlove.eu\/et\/","logo":{"@type":"ImageObject","inLanguage":"et","@id":"https:\/\/lustandlove.eu\/et\/#\/schema\/logo\/image\/","url":"","contentUrl":"","caption":"Bioconcept Baltics O\u00dc"},"image":{"@id":"https:\/\/lustandlove.eu\/et\/#\/schema\/logo\/image\/"},"sameAs":["https:\/\/www.facebook.com\/LustandLoveEU\/","https:\/\/www.instagram.com\/lustandloveeu\/"]}]}},"_links":{"self":[{"href":"https:\/\/lustandlove.eu\/et\/wp-json\/wp\/v2\/product\/92457","targetHints":{"allow":["GET"]}}],"collection":[{"href":"https:\/\/lustandlove.eu\/et\/wp-json\/wp\/v2\/product"}],"about":[{"href":"https:\/\/lustandlove.eu\/et\/wp-json\/wp\/v2\/types\/product"}],"wp:featuredmedia":[{"embeddable":true,"href":"https:\/\/lustandlove.eu\/et\/wp-json\/wp\/v2\/media\/92462"}],"wp:attachment":[{"href":"https:\/\/lustandlove.eu\/et\/wp-json\/wp\/v2\/media?parent=92457"}],"wp:term":[{"taxonomy":"product_brand","embeddable":true,"href":"https:\/\/lustandlove.eu\/et\/wp-json\/wp\/v2\/product_brand?post=92457"},{"taxonomy":"product_cat","embeddable":true,"href":"https:\/\/lustandlove.eu\/et\/wp-json\/wp\/v2\/product_cat?post=92457"},{"taxonomy":"product_tag","embeddable":true,"href":"https:\/\/lustandlove.eu\/et\/wp-json\/wp\/v2\/product_tag?post=92457"}],"curies":[{"name":"wp","href":"https:\/\/api.w.org\/{rel}","templated":true}]}}