{"id":92504,"date":"2024-05-03T15:23:30","date_gmt":"2024-12-19T13:23:30","guid":{"rendered":"https:\/\/www.lustandlove.eu\/?post_type=product&#038;p=92504"},"modified":"2026-04-13T10:27:06","modified_gmt":"2026-04-13T07:27:06","slug":"xtc-puni-toro-gold-copy","status":"publish","type":"product","link":"https:\/\/lustandlove.eu\/et\/toode\/xtc-puni-toro-gold-copy\/","title":{"rendered":"Seiraku Masturbaator Salajane N\u00f5iaraamat"},"content":{"rendered":"<p>Kujutle maailma, kus su lemmikmasturbaator on nutikalt maskeeritud salap\u00e4raseks vanaaegseks raamatuks sinu riiulil. Just selline on Saladuslik Spellbook! See diskreetne naudingukaaslane sobib ideaalselt raamatute hulka, olles valmis sind \u00fcllatama.<\/p>\n<p>Realistlik tekstuur ja detailne disain tagavad, et iga kogemus on sama kaasahaarav kui eelmine.<\/p>\n<p>Naudingutunnel koosneb erinevatest tsoonidest, millest iga\u00fcks pakub unikaalset stimulatsiooni. Alates tihedast algusest kuni tekstuursete kambriteni \u2013 igal tasandil ootab sind uus elamus.<\/p>\n<p>Selle elegantne disain ja kvaliteetne materjal viivad kogemuse t\u00e4iesti uuele tasemele, tagades diskreetsuse ja maksimaalse naudingu.<\/p>\n<p>Avasta oma isiklik naudinguraamat!<\/p>\n<p>K\u00f5rgus: 18.5cm<br \/>\nLaius: 8.9cm<br \/>\nKaal: 0.88kg<br \/>\nTunneli pikkus: 16cm<\/p>\n<p>&nbsp;<\/p>\n","protected":false},"excerpt":{"rendered":"<p>Saladuslik Spellbook on ainulaadne ja diskreetne masturbaator, mis on nutikalt maskeeritud vanaaegseks n\u00f5iakunsti raamatuks. Selle realistlik tekstuur ja detailne disain tagavad, et iga kasutuskord on erakordne. Realistlik tekstuur vahelduva tihedusega, \u00f5hukindel l\u00f5pp mis meenutab imemist, kvaliteetne materjal ja elegantne disain.<\/p>\n","protected":false},"featured_media":92522,"template":"","meta":[],"product_brand":[4142],"product_cat":[3525,1477,4006],"product_tag":[],"class_list":{"0":"post-92504","1":"product","2":"type-product","3":"status-publish","4":"has-post-thumbnail","6":"product_brand-motsutoys-et","7":"product_cat-hentai","8":"product_cat-meestele","9":"product_cat-onahip-ja-nukud","10":"pa_brand-motsutoys-et","12":"first","13":"instock","14":"taxable","15":"shipping-taxable","16":"purchasable","17":"product-type-simple"},"yoast_head":"<!-- This site is optimized with the Yoast SEO plugin v27.3 - https:\/\/yoast.com\/product\/yoast-seo-wordpress\/ -->\n<title>Seiraku Masturbaator Salajane N\u00f5iaraamat | Lust and Love<\/title>\n<meta name=\"description\" content=\"Miski pole nii v\u00f5rgutav kui s\u00fc\u00fctu neitsi, kes tahab, et teda pannakse, ja Puni Toro Goldiga saab teie metsikuim fantaasia t\u00f5eliseks. V\u00e4ikese keha, kahe tunneli ja spetsiaalselt loodud luustruktuuriga neitsi ootab teid!\" \/>\n<meta name=\"robots\" content=\"index,follow,max-snippet:-1,max-image-preview:large,max-video-preview:-1\" \/>\n<link rel=\"canonical\" href=\"https:\/\/lustandlove.eu\/et\/toode\/xtc-puni-toro-gold-copy\/\" \/>\n<meta name=\"twitter:card\" content=\"summary_large_image\" \/>\n<meta name=\"twitter:title\" content=\"Seiraku Masturbaator Salajane N\u00f5iaraamat | Lust and Love\" \/>\n<meta name=\"twitter:description\" content=\"Miski pole nii v\u00f5rgutav kui s\u00fc\u00fctu neitsi, kes tahab, et teda pannakse, ja Puni Toro Goldiga saab teie metsikuim fantaasia t\u00f5eliseks. V\u00e4ikese keha, kahe tunneli ja spetsiaalselt loodud luustruktuuriga neitsi ootab teid!\" \/>\n<meta name=\"twitter:image\" content=\"https:\/\/lustandlove.eu\/wp-content\/uploads\/secret_spellbook_onahole_with_packaging_1_1.jpg\" \/>\n<script type=\"application\/ld+json\" class=\"yoast-schema-graph\">{\"@context\":\"https:\\\/\\\/schema.org\",\"@graph\":[{\"@type\":[\"WebPage\",\"ItemPage\"],\"@id\":\"https:\\\/\\\/lustandlove.eu\\\/et\\\/toode\\\/xtc-puni-toro-gold-copy\\\/\",\"url\":\"https:\\\/\\\/lustandlove.eu\\\/et\\\/toode\\\/xtc-puni-toro-gold-copy\\\/\",\"name\":\"Seiraku Masturbaator Salajane N\u00f5iaraamat | Lust and Love\",\"isPartOf\":{\"@id\":\"https:\\\/\\\/lustandlove.eu\\\/et\\\/#website\"},\"primaryImageOfPage\":{\"@id\":\"https:\\\/\\\/lustandlove.eu\\\/et\\\/toode\\\/xtc-puni-toro-gold-copy\\\/#primaryimage\"},\"image\":{\"@id\":\"https:\\\/\\\/lustandlove.eu\\\/et\\\/toode\\\/xtc-puni-toro-gold-copy\\\/#primaryimage\"},\"thumbnailUrl\":\"https:\\\/\\\/lustandlove.eu\\\/wp-content\\\/uploads\\\/secret_spellbook_onahole_with_packaging_1_1.jpg\",\"datePublished\":\"2024-12-19T13:23:30+00:00\",\"dateModified\":\"2026-04-13T07:27:06+00:00\",\"description\":\"Miski pole nii v\u00f5rgutav kui s\u00fc\u00fctu neitsi, kes tahab, et teda pannakse, ja Puni Toro Goldiga saab teie metsikuim fantaasia t\u00f5eliseks. V\u00e4ikese keha, kahe tunneli ja spetsiaalselt loodud luustruktuuriga neitsi ootab teid!\",\"breadcrumb\":{\"@id\":\"https:\\\/\\\/lustandlove.eu\\\/et\\\/toode\\\/xtc-puni-toro-gold-copy\\\/#breadcrumb\"},\"inLanguage\":\"et\",\"potentialAction\":[{\"@type\":\"ReadAction\",\"target\":[\"https:\\\/\\\/lustandlove.eu\\\/et\\\/toode\\\/xtc-puni-toro-gold-copy\\\/\"]}]},{\"@type\":\"ImageObject\",\"inLanguage\":\"et\",\"@id\":\"https:\\\/\\\/lustandlove.eu\\\/et\\\/toode\\\/xtc-puni-toro-gold-copy\\\/#primaryimage\",\"url\":\"https:\\\/\\\/lustandlove.eu\\\/wp-content\\\/uploads\\\/secret_spellbook_onahole_with_packaging_1_1.jpg\",\"contentUrl\":\"https:\\\/\\\/lustandlove.eu\\\/wp-content\\\/uploads\\\/secret_spellbook_onahole_with_packaging_1_1.jpg\",\"width\":1000,\"height\":1000},{\"@type\":\"BreadcrumbList\",\"@id\":\"https:\\\/\\\/lustandlove.eu\\\/et\\\/toode\\\/xtc-puni-toro-gold-copy\\\/#breadcrumb\",\"itemListElement\":[{\"@type\":\"ListItem\",\"position\":1,\"name\":\"Lust and Love\",\"item\":\"https:\\\/\\\/lustandlove.eu\\\/et\\\/\"},{\"@type\":\"ListItem\",\"position\":2,\"name\":\"Pood\",\"item\":\"https:\\\/\\\/lustandlove.eu\\\/et\\\/pood\\\/\"},{\"@type\":\"ListItem\",\"position\":3,\"name\":\"Meestele\",\"item\":\"https:\\\/\\\/lustandlove.eu\\\/et\\\/pood\\\/meestele\\\/\"},{\"@type\":\"ListItem\",\"position\":4,\"name\":\"Seiraku Masturbaator Salajane N\u00f5iaraamat\"}]},{\"@type\":\"WebSite\",\"@id\":\"https:\\\/\\\/lustandlove.eu\\\/et\\\/#website\",\"url\":\"https:\\\/\\\/lustandlove.eu\\\/et\\\/\",\"name\":\"Lust &amp; Love\",\"description\":\"Online erootikapood tervise, ilu ja armastuse jaoks\",\"publisher\":{\"@id\":\"https:\\\/\\\/lustandlove.eu\\\/et\\\/#organization\"},\"potentialAction\":[{\"@type\":\"SearchAction\",\"target\":{\"@type\":\"EntryPoint\",\"urlTemplate\":\"https:\\\/\\\/lustandlove.eu\\\/et\\\/?s={search_term_string}\"},\"query-input\":{\"@type\":\"PropertyValueSpecification\",\"valueRequired\":true,\"valueName\":\"search_term_string\"}}],\"inLanguage\":\"et\"},{\"@type\":\"Organization\",\"@id\":\"https:\\\/\\\/lustandlove.eu\\\/et\\\/#organization\",\"name\":\"Bioconcept Baltics O\u00dc\",\"url\":\"https:\\\/\\\/lustandlove.eu\\\/et\\\/\",\"logo\":{\"@type\":\"ImageObject\",\"inLanguage\":\"et\",\"@id\":\"https:\\\/\\\/lustandlove.eu\\\/et\\\/#\\\/schema\\\/logo\\\/image\\\/\",\"url\":\"\",\"contentUrl\":\"\",\"caption\":\"Bioconcept Baltics O\u00dc\"},\"image\":{\"@id\":\"https:\\\/\\\/lustandlove.eu\\\/et\\\/#\\\/schema\\\/logo\\\/image\\\/\"},\"sameAs\":[\"https:\\\/\\\/www.facebook.com\\\/LustandLoveEU\\\/\",\"https:\\\/\\\/www.instagram.com\\\/lustandloveeu\\\/\"]}]}<\/script>\n<!-- \/ Yoast SEO plugin. -->","yoast_head_json":{"title":"Seiraku Masturbaator Salajane N\u00f5iaraamat | Lust and Love","description":"Miski pole nii v\u00f5rgutav kui s\u00fc\u00fctu neitsi, kes tahab, et teda pannakse, ja Puni Toro Goldiga saab teie metsikuim fantaasia t\u00f5eliseks. V\u00e4ikese keha, kahe tunneli ja spetsiaalselt loodud luustruktuuriga neitsi ootab teid!","robots":{"index,follow,max-snippet":"index,follow,max-snippet:-1,max-image-preview:large,max-video-preview:-1"},"canonical":"https:\/\/lustandlove.eu\/et\/toode\/xtc-puni-toro-gold-copy\/","twitter_card":"summary_large_image","twitter_title":"Seiraku Masturbaator Salajane N\u00f5iaraamat | Lust and Love","twitter_description":"Miski pole nii v\u00f5rgutav kui s\u00fc\u00fctu neitsi, kes tahab, et teda pannakse, ja Puni Toro Goldiga saab teie metsikuim fantaasia t\u00f5eliseks. V\u00e4ikese keha, kahe tunneli ja spetsiaalselt loodud luustruktuuriga neitsi ootab teid!","twitter_image":"https:\/\/lustandlove.eu\/wp-content\/uploads\/secret_spellbook_onahole_with_packaging_1_1.jpg","schema":{"@context":"https:\/\/schema.org","@graph":[{"@type":["WebPage","ItemPage"],"@id":"https:\/\/lustandlove.eu\/et\/toode\/xtc-puni-toro-gold-copy\/","url":"https:\/\/lustandlove.eu\/et\/toode\/xtc-puni-toro-gold-copy\/","name":"Seiraku Masturbaator Salajane N\u00f5iaraamat | Lust and Love","isPartOf":{"@id":"https:\/\/lustandlove.eu\/et\/#website"},"primaryImageOfPage":{"@id":"https:\/\/lustandlove.eu\/et\/toode\/xtc-puni-toro-gold-copy\/#primaryimage"},"image":{"@id":"https:\/\/lustandlove.eu\/et\/toode\/xtc-puni-toro-gold-copy\/#primaryimage"},"thumbnailUrl":"https:\/\/lustandlove.eu\/wp-content\/uploads\/secret_spellbook_onahole_with_packaging_1_1.jpg","datePublished":"2024-12-19T13:23:30+00:00","dateModified":"2026-04-13T07:27:06+00:00","description":"Miski pole nii v\u00f5rgutav kui s\u00fc\u00fctu neitsi, kes tahab, et teda pannakse, ja Puni Toro Goldiga saab teie metsikuim fantaasia t\u00f5eliseks. V\u00e4ikese keha, kahe tunneli ja spetsiaalselt loodud luustruktuuriga neitsi ootab teid!","breadcrumb":{"@id":"https:\/\/lustandlove.eu\/et\/toode\/xtc-puni-toro-gold-copy\/#breadcrumb"},"inLanguage":"et","potentialAction":[{"@type":"ReadAction","target":["https:\/\/lustandlove.eu\/et\/toode\/xtc-puni-toro-gold-copy\/"]}]},{"@type":"ImageObject","inLanguage":"et","@id":"https:\/\/lustandlove.eu\/et\/toode\/xtc-puni-toro-gold-copy\/#primaryimage","url":"https:\/\/lustandlove.eu\/wp-content\/uploads\/secret_spellbook_onahole_with_packaging_1_1.jpg","contentUrl":"https:\/\/lustandlove.eu\/wp-content\/uploads\/secret_spellbook_onahole_with_packaging_1_1.jpg","width":1000,"height":1000},{"@type":"BreadcrumbList","@id":"https:\/\/lustandlove.eu\/et\/toode\/xtc-puni-toro-gold-copy\/#breadcrumb","itemListElement":[{"@type":"ListItem","position":1,"name":"Lust and Love","item":"https:\/\/lustandlove.eu\/et\/"},{"@type":"ListItem","position":2,"name":"Pood","item":"https:\/\/lustandlove.eu\/et\/pood\/"},{"@type":"ListItem","position":3,"name":"Meestele","item":"https:\/\/lustandlove.eu\/et\/pood\/meestele\/"},{"@type":"ListItem","position":4,"name":"Seiraku Masturbaator Salajane N\u00f5iaraamat"}]},{"@type":"WebSite","@id":"https:\/\/lustandlove.eu\/et\/#website","url":"https:\/\/lustandlove.eu\/et\/","name":"Lust &amp; Love","description":"Online erootikapood tervise, ilu ja armastuse jaoks","publisher":{"@id":"https:\/\/lustandlove.eu\/et\/#organization"},"potentialAction":[{"@type":"SearchAction","target":{"@type":"EntryPoint","urlTemplate":"https:\/\/lustandlove.eu\/et\/?s={search_term_string}"},"query-input":{"@type":"PropertyValueSpecification","valueRequired":true,"valueName":"search_term_string"}}],"inLanguage":"et"},{"@type":"Organization","@id":"https:\/\/lustandlove.eu\/et\/#organization","name":"Bioconcept Baltics O\u00dc","url":"https:\/\/lustandlove.eu\/et\/","logo":{"@type":"ImageObject","inLanguage":"et","@id":"https:\/\/lustandlove.eu\/et\/#\/schema\/logo\/image\/","url":"","contentUrl":"","caption":"Bioconcept Baltics O\u00dc"},"image":{"@id":"https:\/\/lustandlove.eu\/et\/#\/schema\/logo\/image\/"},"sameAs":["https:\/\/www.facebook.com\/LustandLoveEU\/","https:\/\/www.instagram.com\/lustandloveeu\/"]}]}},"_links":{"self":[{"href":"https:\/\/lustandlove.eu\/et\/wp-json\/wp\/v2\/product\/92504","targetHints":{"allow":["GET"]}}],"collection":[{"href":"https:\/\/lustandlove.eu\/et\/wp-json\/wp\/v2\/product"}],"about":[{"href":"https:\/\/lustandlove.eu\/et\/wp-json\/wp\/v2\/types\/product"}],"wp:featuredmedia":[{"embeddable":true,"href":"https:\/\/lustandlove.eu\/et\/wp-json\/wp\/v2\/media\/92522"}],"wp:attachment":[{"href":"https:\/\/lustandlove.eu\/et\/wp-json\/wp\/v2\/media?parent=92504"}],"wp:term":[{"taxonomy":"product_brand","embeddable":true,"href":"https:\/\/lustandlove.eu\/et\/wp-json\/wp\/v2\/product_brand?post=92504"},{"taxonomy":"product_cat","embeddable":true,"href":"https:\/\/lustandlove.eu\/et\/wp-json\/wp\/v2\/product_cat?post=92504"},{"taxonomy":"product_tag","embeddable":true,"href":"https:\/\/lustandlove.eu\/et\/wp-json\/wp\/v2\/product_tag?post=92504"}],"curies":[{"name":"wp","href":"https:\/\/api.w.org\/{rel}","templated":true}]}}