{"id":92570,"date":"2025-01-28T10:33:11","date_gmt":"2025-01-28T08:33:11","guid":{"rendered":"https:\/\/www.lustandlove.eu\/?post_type=product&#038;p=92570"},"modified":"2026-04-13T10:26:46","modified_gmt":"2026-04-13T07:26:46","slug":"orhidee-parfuum-looduslikud-feromoonid-50ml-copy-3","status":"publish","type":"product","link":"https:\/\/lustandlove.eu\/et\/toode\/orhidee-parfuum-looduslikud-feromoonid-50ml-copy-3\/","title":{"rendered":"Gaia Parf\u00fc\u00fcm &#8211; Looduslikud Feromoonid 50ml"},"content":{"rendered":"<div class=\"wpb-content-wrapper\"><p>[vc_row][vc_column][vc_column_text css=&#8221;&#8221; woodmart_inline=&#8221;no&#8221; text_larger=&#8221;no&#8221;]Pihustuspudeli s\u00fcsteem<br \/>\nLihtne kasutamine<br \/>\nMaht: 50 ml<br \/>\nTsitruseline, v\u00e4rske ja puuviljane l\u00f5hn passionivilja ja maasikatega ning lilleline jasmiini ja maikelluke l\u00f5hn<br \/>\n100% julmusevaba<br \/>\nKosmeetikatoode ainult v\u00e4lispidiseks kasutamiseks<br \/>\nValmistatud Hispaanias<\/p>\n<p>Kuidas kasutada:<br \/>\nParf\u00fc\u00fcmi v\u00f5ib pihustada asjadele ning r\u00f5ivastele v\u00f5i kanda otse nahapiirkondadele.<\/p>\n<p>Ettevaatusabin\u00f5ud:<br \/>\n-\u00c4rge segage \u00fchegi teise parf\u00fc\u00fcmi v\u00f5i odekolonniga.<br \/>\n&#8211; Kosmeetikatoode ainult v\u00e4lispidiseks kasutamiseks.<br \/>\n&#8211; Mitte kasutada \u00fclitundlikkuse v\u00f5i allergia korral m\u00f5ne koostisosa suhtes.<br \/>\n&#8211; \u00c4rrituse korral l\u00f5petage kasutamine.<br \/>\n&#8211; \u00c4rge kandke silma\u00fcmbrusele ega haavadele.<br \/>\n&#8211; Mitte alla neelata.<br \/>\n&#8211; Hoida lastele k\u00e4ttesaamatus kohas.<br \/>\n&#8211; Hoida jahedas ja kuivas kohas ning kaitsta p\u00e4ikesevalguse eest.[\/vc_column_text][\/vc_column][\/vc_row]<\/p>\n<\/div>","protected":false},"excerpt":{"rendered":"<p>Sensuaalne naiselik parf\u00fc\u00fcm Gaia oma loomuliku tr\u00fchvli erootilise v\u00f5luga t\u00f5stab esile teie seksuaalse atraktiivsuse, suurendab teie enesekindlust ja muudab teid teiste silmis p\u00f5nevamaks, v\u00f5rgutavamaks ja ihaldusv\u00e4\u00e4rsemaks inimeseks. Tr\u00fchvli bioloogilised osakesed oma aroomiga stimuleerivad seksuaalset iha loomulikul viisil. Oled k\u00f5igi jaoks vastupandamatu atraktsiooniga.<\/p>\n","protected":false},"featured_media":92584,"template":"","meta":[],"product_brand":[4239],"product_cat":[1460,1469],"product_tag":[3013,3014],"class_list":{"0":"post-92570","1":"product","2":"type-product","3":"status-publish","4":"has-post-thumbnail","6":"product_brand-secret-play-et","7":"product_cat-apteek","8":"product_cat-parfuumid","9":"product_tag-secret-play-et","10":"product_tag-secretplay-et","11":"pa_brand-secret-play-et","13":"first","14":"instock","15":"taxable","16":"shipping-taxable","17":"purchasable","18":"product-type-simple"},"yoast_head":"<!-- This site is optimized with the Yoast SEO plugin v27.4 - https:\/\/yoast.com\/product\/yoast-seo-wordpress\/ -->\n<title>Gaia Parf\u00fc\u00fcm - Looduslikud Feromoonid 50ml | Lust and Love<\/title>\n<meta name=\"description\" content=\"Sensuaalne parf\u00fc\u00fcm Gaia oma loomuliku tr\u00fchvli erootilise v\u00f5luga. Tsitruselised, puuviljased ja lillelised l\u00f5hnanoodid muudavad selle ideaalseks igaks \u00f5htuks.\" \/>\n<meta name=\"robots\" content=\"index,follow,max-snippet:-1,max-image-preview:large,max-video-preview:-1\" \/>\n<link rel=\"canonical\" href=\"https:\/\/lustandlove.eu\/et\/toode\/orhidee-parfuum-looduslikud-feromoonid-50ml-copy-3\/\" \/>\n<script type=\"application\/ld+json\" class=\"yoast-schema-graph\">{\"@context\":\"https:\\\/\\\/schema.org\",\"@graph\":[{\"@type\":[\"WebPage\",\"ItemPage\"],\"@id\":\"https:\\\/\\\/lustandlove.eu\\\/et\\\/toode\\\/orhidee-parfuum-looduslikud-feromoonid-50ml-copy-3\\\/\",\"url\":\"https:\\\/\\\/lustandlove.eu\\\/et\\\/toode\\\/orhidee-parfuum-looduslikud-feromoonid-50ml-copy-3\\\/\",\"name\":\"Gaia Parf\u00fc\u00fcm - Looduslikud Feromoonid 50ml | Lust and Love\",\"isPartOf\":{\"@id\":\"https:\\\/\\\/lustandlove.eu\\\/et\\\/#website\"},\"primaryImageOfPage\":{\"@id\":\"https:\\\/\\\/lustandlove.eu\\\/et\\\/toode\\\/orhidee-parfuum-looduslikud-feromoonid-50ml-copy-3\\\/#primaryimage\"},\"image\":{\"@id\":\"https:\\\/\\\/lustandlove.eu\\\/et\\\/toode\\\/orhidee-parfuum-looduslikud-feromoonid-50ml-copy-3\\\/#primaryimage\"},\"thumbnailUrl\":\"https:\\\/\\\/lustandlove.eu\\\/wp-content\\\/uploads\\\/image-4-13.jpg\",\"datePublished\":\"2025-01-28T08:33:11+00:00\",\"dateModified\":\"2026-04-13T07:26:46+00:00\",\"description\":\"Sensuaalne parf\u00fc\u00fcm Gaia oma loomuliku tr\u00fchvli erootilise v\u00f5luga. Tsitruselised, puuviljased ja lillelised l\u00f5hnanoodid muudavad selle ideaalseks igaks \u00f5htuks.\",\"breadcrumb\":{\"@id\":\"https:\\\/\\\/lustandlove.eu\\\/et\\\/toode\\\/orhidee-parfuum-looduslikud-feromoonid-50ml-copy-3\\\/#breadcrumb\"},\"inLanguage\":\"et\",\"potentialAction\":[{\"@type\":\"ReadAction\",\"target\":[\"https:\\\/\\\/lustandlove.eu\\\/et\\\/toode\\\/orhidee-parfuum-looduslikud-feromoonid-50ml-copy-3\\\/\"]}]},{\"@type\":\"ImageObject\",\"inLanguage\":\"et\",\"@id\":\"https:\\\/\\\/lustandlove.eu\\\/et\\\/toode\\\/orhidee-parfuum-looduslikud-feromoonid-50ml-copy-3\\\/#primaryimage\",\"url\":\"https:\\\/\\\/lustandlove.eu\\\/wp-content\\\/uploads\\\/image-4-13.jpg\",\"contentUrl\":\"https:\\\/\\\/lustandlove.eu\\\/wp-content\\\/uploads\\\/image-4-13.jpg\",\"width\":1024,\"height\":1024},{\"@type\":\"BreadcrumbList\",\"@id\":\"https:\\\/\\\/lustandlove.eu\\\/et\\\/toode\\\/orhidee-parfuum-looduslikud-feromoonid-50ml-copy-3\\\/#breadcrumb\",\"itemListElement\":[{\"@type\":\"ListItem\",\"position\":1,\"name\":\"Lust and Love\",\"item\":\"https:\\\/\\\/lustandlove.eu\\\/et\\\/\"},{\"@type\":\"ListItem\",\"position\":2,\"name\":\"Pood\",\"item\":\"https:\\\/\\\/lustandlove.eu\\\/et\\\/pood\\\/\"},{\"@type\":\"ListItem\",\"position\":3,\"name\":\"Libestid ja kehahooldus\",\"item\":\"https:\\\/\\\/lustandlove.eu\\\/et\\\/pood\\\/apteek\\\/\"},{\"@type\":\"ListItem\",\"position\":4,\"name\":\"Gaia Parf\u00fc\u00fcm &#8211; Looduslikud Feromoonid 50ml\"}]},{\"@type\":\"WebSite\",\"@id\":\"https:\\\/\\\/lustandlove.eu\\\/et\\\/#website\",\"url\":\"https:\\\/\\\/lustandlove.eu\\\/et\\\/\",\"name\":\"Lust & Love\",\"description\":\"Online erootikapood tervise, ilu ja armastuse jaoks\",\"publisher\":{\"@id\":\"https:\\\/\\\/lustandlove.eu\\\/et\\\/#organization\"},\"potentialAction\":[{\"@type\":\"SearchAction\",\"target\":{\"@type\":\"EntryPoint\",\"urlTemplate\":\"https:\\\/\\\/lustandlove.eu\\\/et\\\/?s={search_term_string}\"},\"query-input\":{\"@type\":\"PropertyValueSpecification\",\"valueRequired\":true,\"valueName\":\"search_term_string\"}}],\"inLanguage\":\"et\"},{\"@type\":\"Organization\",\"@id\":\"https:\\\/\\\/lustandlove.eu\\\/et\\\/#organization\",\"name\":\"Bioconcept Baltics O\u00dc\",\"url\":\"https:\\\/\\\/lustandlove.eu\\\/et\\\/\",\"logo\":{\"@type\":\"ImageObject\",\"inLanguage\":\"et\",\"@id\":\"https:\\\/\\\/lustandlove.eu\\\/et\\\/#\\\/schema\\\/logo\\\/image\\\/\",\"url\":\"https:\\\/\\\/lustandlove.eu\\\/wp-content\\\/uploads\\\/logo-full-2.png\",\"contentUrl\":\"https:\\\/\\\/lustandlove.eu\\\/wp-content\\\/uploads\\\/logo-full-2.png\",\"width\":837,\"height\":200,\"caption\":\"Bioconcept Baltics O\u00dc\"},\"image\":{\"@id\":\"https:\\\/\\\/lustandlove.eu\\\/et\\\/#\\\/schema\\\/logo\\\/image\\\/\"},\"sameAs\":[\"https:\\\/\\\/www.facebook.com\\\/LustandLoveEU\\\/\",\"https:\\\/\\\/www.instagram.com\\\/lustandloveeu\\\/\"]}]}<\/script>\n<!-- \/ Yoast SEO plugin. -->","yoast_head_json":{"title":"Gaia Parf\u00fc\u00fcm - Looduslikud Feromoonid 50ml | Lust and Love","description":"Sensuaalne parf\u00fc\u00fcm Gaia oma loomuliku tr\u00fchvli erootilise v\u00f5luga. Tsitruselised, puuviljased ja lillelised l\u00f5hnanoodid muudavad selle ideaalseks igaks \u00f5htuks.","robots":{"index,follow,max-snippet":"index,follow,max-snippet:-1,max-image-preview:large,max-video-preview:-1"},"canonical":"https:\/\/lustandlove.eu\/et\/toode\/orhidee-parfuum-looduslikud-feromoonid-50ml-copy-3\/","schema":{"@context":"https:\/\/schema.org","@graph":[{"@type":["WebPage","ItemPage"],"@id":"https:\/\/lustandlove.eu\/et\/toode\/orhidee-parfuum-looduslikud-feromoonid-50ml-copy-3\/","url":"https:\/\/lustandlove.eu\/et\/toode\/orhidee-parfuum-looduslikud-feromoonid-50ml-copy-3\/","name":"Gaia Parf\u00fc\u00fcm - Looduslikud Feromoonid 50ml | Lust and Love","isPartOf":{"@id":"https:\/\/lustandlove.eu\/et\/#website"},"primaryImageOfPage":{"@id":"https:\/\/lustandlove.eu\/et\/toode\/orhidee-parfuum-looduslikud-feromoonid-50ml-copy-3\/#primaryimage"},"image":{"@id":"https:\/\/lustandlove.eu\/et\/toode\/orhidee-parfuum-looduslikud-feromoonid-50ml-copy-3\/#primaryimage"},"thumbnailUrl":"https:\/\/lustandlove.eu\/wp-content\/uploads\/image-4-13.jpg","datePublished":"2025-01-28T08:33:11+00:00","dateModified":"2026-04-13T07:26:46+00:00","description":"Sensuaalne parf\u00fc\u00fcm Gaia oma loomuliku tr\u00fchvli erootilise v\u00f5luga. Tsitruselised, puuviljased ja lillelised l\u00f5hnanoodid muudavad selle ideaalseks igaks \u00f5htuks.","breadcrumb":{"@id":"https:\/\/lustandlove.eu\/et\/toode\/orhidee-parfuum-looduslikud-feromoonid-50ml-copy-3\/#breadcrumb"},"inLanguage":"et","potentialAction":[{"@type":"ReadAction","target":["https:\/\/lustandlove.eu\/et\/toode\/orhidee-parfuum-looduslikud-feromoonid-50ml-copy-3\/"]}]},{"@type":"ImageObject","inLanguage":"et","@id":"https:\/\/lustandlove.eu\/et\/toode\/orhidee-parfuum-looduslikud-feromoonid-50ml-copy-3\/#primaryimage","url":"https:\/\/lustandlove.eu\/wp-content\/uploads\/image-4-13.jpg","contentUrl":"https:\/\/lustandlove.eu\/wp-content\/uploads\/image-4-13.jpg","width":1024,"height":1024},{"@type":"BreadcrumbList","@id":"https:\/\/lustandlove.eu\/et\/toode\/orhidee-parfuum-looduslikud-feromoonid-50ml-copy-3\/#breadcrumb","itemListElement":[{"@type":"ListItem","position":1,"name":"Lust and Love","item":"https:\/\/lustandlove.eu\/et\/"},{"@type":"ListItem","position":2,"name":"Pood","item":"https:\/\/lustandlove.eu\/et\/pood\/"},{"@type":"ListItem","position":3,"name":"Libestid ja kehahooldus","item":"https:\/\/lustandlove.eu\/et\/pood\/apteek\/"},{"@type":"ListItem","position":4,"name":"Gaia Parf\u00fc\u00fcm &#8211; Looduslikud Feromoonid 50ml"}]},{"@type":"WebSite","@id":"https:\/\/lustandlove.eu\/et\/#website","url":"https:\/\/lustandlove.eu\/et\/","name":"Lust & Love","description":"Online erootikapood tervise, ilu ja armastuse jaoks","publisher":{"@id":"https:\/\/lustandlove.eu\/et\/#organization"},"potentialAction":[{"@type":"SearchAction","target":{"@type":"EntryPoint","urlTemplate":"https:\/\/lustandlove.eu\/et\/?s={search_term_string}"},"query-input":{"@type":"PropertyValueSpecification","valueRequired":true,"valueName":"search_term_string"}}],"inLanguage":"et"},{"@type":"Organization","@id":"https:\/\/lustandlove.eu\/et\/#organization","name":"Bioconcept Baltics O\u00dc","url":"https:\/\/lustandlove.eu\/et\/","logo":{"@type":"ImageObject","inLanguage":"et","@id":"https:\/\/lustandlove.eu\/et\/#\/schema\/logo\/image\/","url":"https:\/\/lustandlove.eu\/wp-content\/uploads\/logo-full-2.png","contentUrl":"https:\/\/lustandlove.eu\/wp-content\/uploads\/logo-full-2.png","width":837,"height":200,"caption":"Bioconcept Baltics O\u00dc"},"image":{"@id":"https:\/\/lustandlove.eu\/et\/#\/schema\/logo\/image\/"},"sameAs":["https:\/\/www.facebook.com\/LustandLoveEU\/","https:\/\/www.instagram.com\/lustandloveeu\/"]}]}},"_links":{"self":[{"href":"https:\/\/lustandlove.eu\/et\/wp-json\/wp\/v2\/product\/92570","targetHints":{"allow":["GET"]}}],"collection":[{"href":"https:\/\/lustandlove.eu\/et\/wp-json\/wp\/v2\/product"}],"about":[{"href":"https:\/\/lustandlove.eu\/et\/wp-json\/wp\/v2\/types\/product"}],"wp:featuredmedia":[{"embeddable":true,"href":"https:\/\/lustandlove.eu\/et\/wp-json\/wp\/v2\/media\/92584"}],"wp:attachment":[{"href":"https:\/\/lustandlove.eu\/et\/wp-json\/wp\/v2\/media?parent=92570"}],"wp:term":[{"taxonomy":"product_brand","embeddable":true,"href":"https:\/\/lustandlove.eu\/et\/wp-json\/wp\/v2\/product_brand?post=92570"},{"taxonomy":"product_cat","embeddable":true,"href":"https:\/\/lustandlove.eu\/et\/wp-json\/wp\/v2\/product_cat?post=92570"},{"taxonomy":"product_tag","embeddable":true,"href":"https:\/\/lustandlove.eu\/et\/wp-json\/wp\/v2\/product_tag?post=92570"}],"curies":[{"name":"wp","href":"https:\/\/api.w.org\/{rel}","templated":true}]}}