{"id":92658,"date":"2025-01-28T14:08:09","date_gmt":"2025-01-28T12:08:09","guid":{"rendered":"https:\/\/www.lustandlove.eu\/?post_type=product&#038;p=92658"},"modified":"2026-04-13T10:26:44","modified_gmt":"2026-04-13T07:26:44","slug":"ares-parfuum-looduslikud-feromoonid-10ml-copy","status":"publish","type":"product","link":"https:\/\/lustandlove.eu\/et\/toode\/ares-parfuum-looduslikud-feromoonid-10ml-copy\/","title":{"rendered":"Ares \u00d5liparf\u00fc\u00fcm &#8211; Looduslikud Feromoonid 20ml"},"content":{"rendered":"<p>Pealerullitav \u00f5li<br \/>\nLihtne kasutamine<br \/>\nMaht: 20 ml<br \/>\nL\u00f5hn tammesambla puidunootidega ning tsitruselise ja puudrise puudutusega<br \/>\n100% julmusevaba<br \/>\nKosmeetikatoode ainult v\u00e4lispidiseks kasutamiseks<br \/>\nValmistatud Hispaanias<\/p>\n<p><strong>Kuidas kasutada<\/strong>:<br \/>\nKanna \u00f5liparf\u00fc\u00fcmi koos rulliga otse soovitud nahapiirkondadele.<\/p>\n<p><strong>Ettevaatusabin\u00f5ud<\/strong>:<br \/>\n-\u00c4rge segage \u00fchegi teise parf\u00fc\u00fcmi v\u00f5i odekolonniga.<br \/>\n&#8211; Kosmeetikatoode ainult v\u00e4lispidiseks kasutamiseks.<br \/>\n&#8211; Mitte kasutada \u00fclitundlikkuse v\u00f5i allergia korral m\u00f5ne koostisosa suhtes.<br \/>\n&#8211; \u00c4rrituse korral l\u00f5petage kasutamine.<br \/>\n&#8211; \u00c4rge kandke silma\u00fcmbrusele ega haavadele.<br \/>\n&#8211; Mitte alla neelata.<br \/>\n&#8211; Hoida lastele k\u00e4ttesaamatus kohas.<br \/>\n&#8211; Hoida jahedas ja kuivas kohas ning kaitsta p\u00e4ikesevalguse eest-<\/p>\n","protected":false},"excerpt":{"rendered":"<p>Sensuaalne maskuliine parf\u00fc\u00fcm Ares oma loomuliku tr\u00fchvli erootilise v\u00f5luga t\u00f5stab esile teie seksuaalse atraktiivsuse, suurendab teie enesekindlust ja muudab teid teiste silmis p\u00f5nevamaks, v\u00f5rgutavamaks ja ihaldusv\u00e4\u00e4rsemaks inimeseks. Tr\u00fchvli bioloogilised osakesed oma aroomiga stimuleerivad seksuaalset iha loomulikul viisil. Oled k\u00f5igi jaoks vastupandamatu atraktsiooniga.<\/p>\n","protected":false},"featured_media":92666,"template":"","meta":[],"product_brand":[4239],"product_cat":[1460,1469],"product_tag":[3013,3014],"class_list":{"0":"post-92658","1":"product","2":"type-product","3":"status-publish","4":"has-post-thumbnail","6":"product_brand-secret-play-et","7":"product_cat-apteek","8":"product_cat-parfuumid","9":"product_tag-secret-play-et","10":"product_tag-secretplay-et","11":"pa_brand-secret-play-et","13":"first","14":"instock","15":"taxable","16":"shipping-taxable","17":"purchasable","18":"product-type-simple"},"yoast_head":"<!-- This site is optimized with the Yoast SEO plugin v27.3 - https:\/\/yoast.com\/product\/yoast-seo-wordpress\/ -->\n<title>Ares \u00d5liparf\u00fc\u00fcm - Looduslikud Feromoonid 20ml | Lust and Love<\/title>\n<meta name=\"description\" content=\"Sensuaalne parf\u00fc\u00fcm Ares oma loomuliku tr\u00fchvli erootilise v\u00f5luga. Puidulised ja tsitruselised l\u00f5hnanoodid muudavad selle ideaalseks igaks \u00f5htuks.\" \/>\n<meta name=\"robots\" content=\"index,follow,max-snippet:-1,max-image-preview:large,max-video-preview:-1\" \/>\n<link rel=\"canonical\" href=\"https:\/\/lustandlove.eu\/et\/toode\/ares-parfuum-looduslikud-feromoonid-10ml-copy\/\" \/>\n<meta name=\"twitter:card\" content=\"summary_large_image\" \/>\n<meta name=\"twitter:title\" content=\"Ares \u00d5liparf\u00fc\u00fcm - Looduslikud Feromoonid 20ml | Lust and Love\" \/>\n<meta name=\"twitter:description\" content=\"Sensuaalne parf\u00fc\u00fcm Ares oma loomuliku tr\u00fchvli erootilise v\u00f5luga. Puidulised ja tsitruselised l\u00f5hnanoodid muudavad selle ideaalseks igaks \u00f5htuks.\" \/>\n<meta name=\"twitter:image\" content=\"https:\/\/lustandlove.eu\/wp-content\/uploads\/image-8-5.jpg\" \/>\n<meta name=\"twitter:label1\" content=\"Est. reading time\" \/>\n\t<meta name=\"twitter:data1\" content=\"1 minut\" \/>\n<script type=\"application\/ld+json\" class=\"yoast-schema-graph\">{\"@context\":\"https:\\\/\\\/schema.org\",\"@graph\":[{\"@type\":[\"WebPage\",\"ItemPage\"],\"@id\":\"https:\\\/\\\/lustandlove.eu\\\/et\\\/toode\\\/ares-parfuum-looduslikud-feromoonid-10ml-copy\\\/\",\"url\":\"https:\\\/\\\/lustandlove.eu\\\/et\\\/toode\\\/ares-parfuum-looduslikud-feromoonid-10ml-copy\\\/\",\"name\":\"Ares \u00d5liparf\u00fc\u00fcm - Looduslikud Feromoonid 20ml | Lust and Love\",\"isPartOf\":{\"@id\":\"https:\\\/\\\/lustandlove.eu\\\/et\\\/#website\"},\"primaryImageOfPage\":{\"@id\":\"https:\\\/\\\/lustandlove.eu\\\/et\\\/toode\\\/ares-parfuum-looduslikud-feromoonid-10ml-copy\\\/#primaryimage\"},\"image\":{\"@id\":\"https:\\\/\\\/lustandlove.eu\\\/et\\\/toode\\\/ares-parfuum-looduslikud-feromoonid-10ml-copy\\\/#primaryimage\"},\"thumbnailUrl\":\"https:\\\/\\\/lustandlove.eu\\\/wp-content\\\/uploads\\\/image-8-5.jpg\",\"datePublished\":\"2025-01-28T12:08:09+00:00\",\"dateModified\":\"2026-04-13T07:26:44+00:00\",\"description\":\"Sensuaalne parf\u00fc\u00fcm Ares oma loomuliku tr\u00fchvli erootilise v\u00f5luga. Puidulised ja tsitruselised l\u00f5hnanoodid muudavad selle ideaalseks igaks \u00f5htuks.\",\"breadcrumb\":{\"@id\":\"https:\\\/\\\/lustandlove.eu\\\/et\\\/toode\\\/ares-parfuum-looduslikud-feromoonid-10ml-copy\\\/#breadcrumb\"},\"inLanguage\":\"et\",\"potentialAction\":[{\"@type\":\"ReadAction\",\"target\":[\"https:\\\/\\\/lustandlove.eu\\\/et\\\/toode\\\/ares-parfuum-looduslikud-feromoonid-10ml-copy\\\/\"]}]},{\"@type\":\"ImageObject\",\"inLanguage\":\"et\",\"@id\":\"https:\\\/\\\/lustandlove.eu\\\/et\\\/toode\\\/ares-parfuum-looduslikud-feromoonid-10ml-copy\\\/#primaryimage\",\"url\":\"https:\\\/\\\/lustandlove.eu\\\/wp-content\\\/uploads\\\/image-8-5.jpg\",\"contentUrl\":\"https:\\\/\\\/lustandlove.eu\\\/wp-content\\\/uploads\\\/image-8-5.jpg\",\"width\":1080,\"height\":1080},{\"@type\":\"BreadcrumbList\",\"@id\":\"https:\\\/\\\/lustandlove.eu\\\/et\\\/toode\\\/ares-parfuum-looduslikud-feromoonid-10ml-copy\\\/#breadcrumb\",\"itemListElement\":[{\"@type\":\"ListItem\",\"position\":1,\"name\":\"Lust and Love\",\"item\":\"https:\\\/\\\/lustandlove.eu\\\/et\\\/\"},{\"@type\":\"ListItem\",\"position\":2,\"name\":\"Pood\",\"item\":\"https:\\\/\\\/lustandlove.eu\\\/et\\\/pood\\\/\"},{\"@type\":\"ListItem\",\"position\":3,\"name\":\"Libestid ja kehahooldus\",\"item\":\"https:\\\/\\\/lustandlove.eu\\\/et\\\/pood\\\/apteek\\\/\"},{\"@type\":\"ListItem\",\"position\":4,\"name\":\"Ares \u00d5liparf\u00fc\u00fcm &#8211; Looduslikud Feromoonid 20ml\"}]},{\"@type\":\"WebSite\",\"@id\":\"https:\\\/\\\/lustandlove.eu\\\/et\\\/#website\",\"url\":\"https:\\\/\\\/lustandlove.eu\\\/et\\\/\",\"name\":\"Lust &amp; Love\",\"description\":\"Online erootikapood tervise, ilu ja armastuse jaoks\",\"publisher\":{\"@id\":\"https:\\\/\\\/lustandlove.eu\\\/et\\\/#organization\"},\"potentialAction\":[{\"@type\":\"SearchAction\",\"target\":{\"@type\":\"EntryPoint\",\"urlTemplate\":\"https:\\\/\\\/lustandlove.eu\\\/et\\\/?s={search_term_string}\"},\"query-input\":{\"@type\":\"PropertyValueSpecification\",\"valueRequired\":true,\"valueName\":\"search_term_string\"}}],\"inLanguage\":\"et\"},{\"@type\":\"Organization\",\"@id\":\"https:\\\/\\\/lustandlove.eu\\\/et\\\/#organization\",\"name\":\"Bioconcept Baltics O\u00dc\",\"url\":\"https:\\\/\\\/lustandlove.eu\\\/et\\\/\",\"logo\":{\"@type\":\"ImageObject\",\"inLanguage\":\"et\",\"@id\":\"https:\\\/\\\/lustandlove.eu\\\/et\\\/#\\\/schema\\\/logo\\\/image\\\/\",\"url\":\"\",\"contentUrl\":\"\",\"caption\":\"Bioconcept Baltics O\u00dc\"},\"image\":{\"@id\":\"https:\\\/\\\/lustandlove.eu\\\/et\\\/#\\\/schema\\\/logo\\\/image\\\/\"},\"sameAs\":[\"https:\\\/\\\/www.facebook.com\\\/LustandLoveEU\\\/\",\"https:\\\/\\\/www.instagram.com\\\/lustandloveeu\\\/\"]}]}<\/script>\n<!-- \/ Yoast SEO plugin. -->","yoast_head_json":{"title":"Ares \u00d5liparf\u00fc\u00fcm - Looduslikud Feromoonid 20ml | Lust and Love","description":"Sensuaalne parf\u00fc\u00fcm Ares oma loomuliku tr\u00fchvli erootilise v\u00f5luga. Puidulised ja tsitruselised l\u00f5hnanoodid muudavad selle ideaalseks igaks \u00f5htuks.","robots":{"index,follow,max-snippet":"index,follow,max-snippet:-1,max-image-preview:large,max-video-preview:-1"},"canonical":"https:\/\/lustandlove.eu\/et\/toode\/ares-parfuum-looduslikud-feromoonid-10ml-copy\/","twitter_card":"summary_large_image","twitter_title":"Ares \u00d5liparf\u00fc\u00fcm - Looduslikud Feromoonid 20ml | Lust and Love","twitter_description":"Sensuaalne parf\u00fc\u00fcm Ares oma loomuliku tr\u00fchvli erootilise v\u00f5luga. Puidulised ja tsitruselised l\u00f5hnanoodid muudavad selle ideaalseks igaks \u00f5htuks.","twitter_image":"https:\/\/lustandlove.eu\/wp-content\/uploads\/image-8-5.jpg","twitter_misc":{"Est. reading time":"1 minut"},"schema":{"@context":"https:\/\/schema.org","@graph":[{"@type":["WebPage","ItemPage"],"@id":"https:\/\/lustandlove.eu\/et\/toode\/ares-parfuum-looduslikud-feromoonid-10ml-copy\/","url":"https:\/\/lustandlove.eu\/et\/toode\/ares-parfuum-looduslikud-feromoonid-10ml-copy\/","name":"Ares \u00d5liparf\u00fc\u00fcm - Looduslikud Feromoonid 20ml | Lust and Love","isPartOf":{"@id":"https:\/\/lustandlove.eu\/et\/#website"},"primaryImageOfPage":{"@id":"https:\/\/lustandlove.eu\/et\/toode\/ares-parfuum-looduslikud-feromoonid-10ml-copy\/#primaryimage"},"image":{"@id":"https:\/\/lustandlove.eu\/et\/toode\/ares-parfuum-looduslikud-feromoonid-10ml-copy\/#primaryimage"},"thumbnailUrl":"https:\/\/lustandlove.eu\/wp-content\/uploads\/image-8-5.jpg","datePublished":"2025-01-28T12:08:09+00:00","dateModified":"2026-04-13T07:26:44+00:00","description":"Sensuaalne parf\u00fc\u00fcm Ares oma loomuliku tr\u00fchvli erootilise v\u00f5luga. Puidulised ja tsitruselised l\u00f5hnanoodid muudavad selle ideaalseks igaks \u00f5htuks.","breadcrumb":{"@id":"https:\/\/lustandlove.eu\/et\/toode\/ares-parfuum-looduslikud-feromoonid-10ml-copy\/#breadcrumb"},"inLanguage":"et","potentialAction":[{"@type":"ReadAction","target":["https:\/\/lustandlove.eu\/et\/toode\/ares-parfuum-looduslikud-feromoonid-10ml-copy\/"]}]},{"@type":"ImageObject","inLanguage":"et","@id":"https:\/\/lustandlove.eu\/et\/toode\/ares-parfuum-looduslikud-feromoonid-10ml-copy\/#primaryimage","url":"https:\/\/lustandlove.eu\/wp-content\/uploads\/image-8-5.jpg","contentUrl":"https:\/\/lustandlove.eu\/wp-content\/uploads\/image-8-5.jpg","width":1080,"height":1080},{"@type":"BreadcrumbList","@id":"https:\/\/lustandlove.eu\/et\/toode\/ares-parfuum-looduslikud-feromoonid-10ml-copy\/#breadcrumb","itemListElement":[{"@type":"ListItem","position":1,"name":"Lust and Love","item":"https:\/\/lustandlove.eu\/et\/"},{"@type":"ListItem","position":2,"name":"Pood","item":"https:\/\/lustandlove.eu\/et\/pood\/"},{"@type":"ListItem","position":3,"name":"Libestid ja kehahooldus","item":"https:\/\/lustandlove.eu\/et\/pood\/apteek\/"},{"@type":"ListItem","position":4,"name":"Ares \u00d5liparf\u00fc\u00fcm &#8211; Looduslikud Feromoonid 20ml"}]},{"@type":"WebSite","@id":"https:\/\/lustandlove.eu\/et\/#website","url":"https:\/\/lustandlove.eu\/et\/","name":"Lust &amp; Love","description":"Online erootikapood tervise, ilu ja armastuse jaoks","publisher":{"@id":"https:\/\/lustandlove.eu\/et\/#organization"},"potentialAction":[{"@type":"SearchAction","target":{"@type":"EntryPoint","urlTemplate":"https:\/\/lustandlove.eu\/et\/?s={search_term_string}"},"query-input":{"@type":"PropertyValueSpecification","valueRequired":true,"valueName":"search_term_string"}}],"inLanguage":"et"},{"@type":"Organization","@id":"https:\/\/lustandlove.eu\/et\/#organization","name":"Bioconcept Baltics O\u00dc","url":"https:\/\/lustandlove.eu\/et\/","logo":{"@type":"ImageObject","inLanguage":"et","@id":"https:\/\/lustandlove.eu\/et\/#\/schema\/logo\/image\/","url":"","contentUrl":"","caption":"Bioconcept Baltics O\u00dc"},"image":{"@id":"https:\/\/lustandlove.eu\/et\/#\/schema\/logo\/image\/"},"sameAs":["https:\/\/www.facebook.com\/LustandLoveEU\/","https:\/\/www.instagram.com\/lustandloveeu\/"]}]}},"_links":{"self":[{"href":"https:\/\/lustandlove.eu\/et\/wp-json\/wp\/v2\/product\/92658","targetHints":{"allow":["GET"]}}],"collection":[{"href":"https:\/\/lustandlove.eu\/et\/wp-json\/wp\/v2\/product"}],"about":[{"href":"https:\/\/lustandlove.eu\/et\/wp-json\/wp\/v2\/types\/product"}],"wp:featuredmedia":[{"embeddable":true,"href":"https:\/\/lustandlove.eu\/et\/wp-json\/wp\/v2\/media\/92666"}],"wp:attachment":[{"href":"https:\/\/lustandlove.eu\/et\/wp-json\/wp\/v2\/media?parent=92658"}],"wp:term":[{"taxonomy":"product_brand","embeddable":true,"href":"https:\/\/lustandlove.eu\/et\/wp-json\/wp\/v2\/product_brand?post=92658"},{"taxonomy":"product_cat","embeddable":true,"href":"https:\/\/lustandlove.eu\/et\/wp-json\/wp\/v2\/product_cat?post=92658"},{"taxonomy":"product_tag","embeddable":true,"href":"https:\/\/lustandlove.eu\/et\/wp-json\/wp\/v2\/product_tag?post=92658"}],"curies":[{"name":"wp","href":"https:\/\/api.w.org\/{rel}","templated":true}]}}