{"id":92701,"date":"2025-02-11T14:42:46","date_gmt":"2025-02-11T12:42:46","guid":{"rendered":"https:\/\/www.lustandlove.eu\/?post_type=product&#038;p=92701"},"modified":"2026-04-13T10:26:44","modified_gmt":"2026-04-13T07:26:44","slug":"cute-dragon-impregnated-copy-2","status":"publish","type":"product","link":"https:\/\/lustandlove.eu\/et\/toode\/cute-dragon-impregnated-copy-2\/","title":{"rendered":"Nezuko&#8217;s Double Tooth Blowjob Masturbaator"},"content":{"rendered":"<p><strong>Nezuko masturbaator k\u00e4ep\u00e4rase pakendiga<\/strong><br \/>\n<em>Demon Slayer<\/em>-i f\u00e4nnid v\u00f5ivad r\u00f5\u00f5mustada ja m\u00f5istuse k\u00e4est lasta, sest nad saavad n\u00fc\u00fcd kasutada Nezuko j\u00e4rgi loodud masturbaatorit.<\/p>\n<p>Lelul on bambuse v\u00e4limusega pakend, mis n\u00e4eb v\u00e4lja nagu peidaks see endas <em>Demon Slayer<\/em> Corpi rulle sinu j\u00e4rgmise missioniga: kasuta Nezuko suud, et leida enda tee orgasmini.<br \/>\nV\u00e4ljast n\u00e4eb see v\u00e4lja nagu bambuskepp, kuid seest leiate masturbaatori kujul Nezuko tema deemoni v\u00e4limusega, mis on valmis teie meheaud tervelt alla neelama.<\/p>\n<p>Pakend on ka piisavalt vastupidav, nii et saate seda kasutada Nezuko Double Tooth blowjob m\u00e4nguasja hoidmiseks p\u00e4rast iga kasutuskorda. Lisaks on pakendi kuju t\u00f5ttu lihtne seda kotti panna, nii et v\u00f5ite Nezuko endaga kaasa v\u00f5tta k\u00f5ikjal, kus teie seiklus ka ei l\u00e4heks.<\/p>\n<p>Sellel masturbaatori \u00fclemises l\u00f5ualuus on kaks kihva, mis meenutavad Nezuko deemonhambaid. Enne kui hakkate kartma, ei ole need kihvad teravad nagu teras, kuid on pehmed ja nende tekstuur sarnaneb kummile. Kui olete tema suhu sisenenud, v\u00f5ite neid kihvasid kasutada m\u00f5nusaks masseerimiseks, et enne s\u00fcgavale kurku minekut oma peenist veelgi stimuleerida.<\/p>\n<p>Nezuko Double Tooth blowjobil on ka elastsed huuled, mis on veidi teineteisest eemal, j\u00e4ttes teile sissep\u00e4\u00e4suks v\u00e4ikese avause. Saate neid huuli laiali sirutada s\u00f5rmedega v\u00f5i teha seda loomulikult oma riistaga, kui tema sisse surute.<\/p>\n<p>Realistliku suu ja ainulaadse paksude seintega kurgutunnel<br \/>\non raskem kui teised lelud, kuna sellel on paksud seinad, mis lisavad sees olles veelgi tundlikust. Need paksud seinad ei lase teil ka m\u00e4ngimise ajal tunda, kuidas teie k\u00e4ed Nazukot pigistavad.<\/p>\n<p>Raske keel on esimene asi, mis ergutab teid, kui sisenete Nezuko blowjobi auku. Kombineerides deemonihambad ja paksud seinad, peate oma vastupidavust viimseni \u00e4ra kasutama, kui soovite vastu seista kiirele ejakulatsioonile Deemoni suus.<\/p>\n<p>Kui j\u00f5uate kihvadest m\u00f6\u00f6da, tunnete, kuidas teie peenis tungib kurgupiirkonda. S\u00fcgavamale minnes tunneksite tihedaid kaljuharusid, mis lausa ootavad, et sinna sisse tuleksite<\/p>\n","protected":false},"excerpt":{"rendered":"<p>Seksika deemonit\u00fcdruku suhu sisenemine on paljude meeste fantaasia ja n\u00fc\u00fcd saate selle fantaasia Nezuko Double Tooth abiga reaalsuseks teha. Sellel masturbaatoril on pakend, mis n\u00e4eb v\u00e4lja nagu bambuskepp. Sees n\u00e4ete seksikaid joonistusi Nezukost, f\u00e4nnide lemmikust menukast animesarjast <em>Demon Slayer<\/em>. Suru Nezuko suhu ja avasta, mis tunne on, kui deemonhambad masseerivad sinu mehelikkust.<\/p>\n","protected":false},"featured_media":92711,"template":"","meta":[],"product_brand":[4142],"product_cat":[3525,4005,1477],"product_tag":[],"class_list":{"0":"post-92701","1":"product","2":"type-product","3":"status-publish","4":"has-post-thumbnail","6":"product_brand-motsutoys-et","7":"product_cat-hentai","8":"product_cat-masturbaatorid-et","9":"product_cat-meestele","10":"pa_brand-motsutoys-et","12":"first","13":"instock","14":"taxable","15":"shipping-taxable","16":"purchasable","17":"product-type-simple"},"yoast_head":"<!-- This site is optimized with the Yoast SEO plugin v27.3 - https:\/\/yoast.com\/product\/yoast-seo-wordpress\/ -->\n<title>Nezuko&#039;s Double Tooth Blowjob Masturbaator | Lust and Love<\/title>\n<meta name=\"description\" content=\"Seksika deemonit\u00fcdruku suhu sisenemine on paljude meeste fantaasia ja n\u00fc\u00fcd saate selle fantaasia Nezuko Double Tooth abiga reaalsuseks teha.\" \/>\n<meta name=\"robots\" content=\"index,follow,max-snippet:-1,max-image-preview:large,max-video-preview:-1\" \/>\n<link rel=\"canonical\" href=\"https:\/\/lustandlove.eu\/et\/toode\/cute-dragon-impregnated-copy-2\/\" \/>\n<meta name=\"twitter:card\" content=\"summary_large_image\" \/>\n<meta name=\"twitter:title\" content=\"Nezuko&#039;s Double Tooth Blowjob Masturbaator | Lust and Love\" \/>\n<meta name=\"twitter:description\" content=\"Seksika deemonit\u00fcdruku suhu sisenemine on paljude meeste fantaasia ja n\u00fc\u00fcd saate selle fantaasia Nezuko Double Tooth abiga reaalsuseks teha.\" \/>\n<meta name=\"twitter:image\" content=\"https:\/\/lustandlove.eu\/wp-content\/uploads\/nezuko-package.jpg\" \/>\n<meta name=\"twitter:label1\" content=\"Est. reading time\" \/>\n\t<meta name=\"twitter:data1\" content=\"2 minutit\" \/>\n<script type=\"application\/ld+json\" class=\"yoast-schema-graph\">{\"@context\":\"https:\\\/\\\/schema.org\",\"@graph\":[{\"@type\":[\"WebPage\",\"ItemPage\"],\"@id\":\"https:\\\/\\\/lustandlove.eu\\\/et\\\/toode\\\/cute-dragon-impregnated-copy-2\\\/\",\"url\":\"https:\\\/\\\/lustandlove.eu\\\/et\\\/toode\\\/cute-dragon-impregnated-copy-2\\\/\",\"name\":\"Nezuko's Double Tooth Blowjob Masturbaator | Lust and Love\",\"isPartOf\":{\"@id\":\"https:\\\/\\\/lustandlove.eu\\\/et\\\/#website\"},\"primaryImageOfPage\":{\"@id\":\"https:\\\/\\\/lustandlove.eu\\\/et\\\/toode\\\/cute-dragon-impregnated-copy-2\\\/#primaryimage\"},\"image\":{\"@id\":\"https:\\\/\\\/lustandlove.eu\\\/et\\\/toode\\\/cute-dragon-impregnated-copy-2\\\/#primaryimage\"},\"thumbnailUrl\":\"https:\\\/\\\/lustandlove.eu\\\/wp-content\\\/uploads\\\/nezuko-package.jpg\",\"datePublished\":\"2025-02-11T12:42:46+00:00\",\"dateModified\":\"2026-04-13T07:26:44+00:00\",\"description\":\"Seksika deemonit\u00fcdruku suhu sisenemine on paljude meeste fantaasia ja n\u00fc\u00fcd saate selle fantaasia Nezuko Double Tooth abiga reaalsuseks teha.\",\"breadcrumb\":{\"@id\":\"https:\\\/\\\/lustandlove.eu\\\/et\\\/toode\\\/cute-dragon-impregnated-copy-2\\\/#breadcrumb\"},\"inLanguage\":\"et\",\"potentialAction\":[{\"@type\":\"ReadAction\",\"target\":[\"https:\\\/\\\/lustandlove.eu\\\/et\\\/toode\\\/cute-dragon-impregnated-copy-2\\\/\"]}]},{\"@type\":\"ImageObject\",\"inLanguage\":\"et\",\"@id\":\"https:\\\/\\\/lustandlove.eu\\\/et\\\/toode\\\/cute-dragon-impregnated-copy-2\\\/#primaryimage\",\"url\":\"https:\\\/\\\/lustandlove.eu\\\/wp-content\\\/uploads\\\/nezuko-package.jpg\",\"contentUrl\":\"https:\\\/\\\/lustandlove.eu\\\/wp-content\\\/uploads\\\/nezuko-package.jpg\",\"width\":800,\"height\":800},{\"@type\":\"BreadcrumbList\",\"@id\":\"https:\\\/\\\/lustandlove.eu\\\/et\\\/toode\\\/cute-dragon-impregnated-copy-2\\\/#breadcrumb\",\"itemListElement\":[{\"@type\":\"ListItem\",\"position\":1,\"name\":\"Lust and Love\",\"item\":\"https:\\\/\\\/lustandlove.eu\\\/et\\\/\"},{\"@type\":\"ListItem\",\"position\":2,\"name\":\"Pood\",\"item\":\"https:\\\/\\\/lustandlove.eu\\\/et\\\/pood\\\/\"},{\"@type\":\"ListItem\",\"position\":3,\"name\":\"Meestele\",\"item\":\"https:\\\/\\\/lustandlove.eu\\\/et\\\/pood\\\/meestele\\\/\"},{\"@type\":\"ListItem\",\"position\":4,\"name\":\"Nezuko&#8217;s Double Tooth Blowjob Masturbaator\"}]},{\"@type\":\"WebSite\",\"@id\":\"https:\\\/\\\/lustandlove.eu\\\/et\\\/#website\",\"url\":\"https:\\\/\\\/lustandlove.eu\\\/et\\\/\",\"name\":\"Lust &amp; Love\",\"description\":\"Online erootikapood tervise, ilu ja armastuse jaoks\",\"publisher\":{\"@id\":\"https:\\\/\\\/lustandlove.eu\\\/et\\\/#organization\"},\"potentialAction\":[{\"@type\":\"SearchAction\",\"target\":{\"@type\":\"EntryPoint\",\"urlTemplate\":\"https:\\\/\\\/lustandlove.eu\\\/et\\\/?s={search_term_string}\"},\"query-input\":{\"@type\":\"PropertyValueSpecification\",\"valueRequired\":true,\"valueName\":\"search_term_string\"}}],\"inLanguage\":\"et\"},{\"@type\":\"Organization\",\"@id\":\"https:\\\/\\\/lustandlove.eu\\\/et\\\/#organization\",\"name\":\"Bioconcept Baltics O\u00dc\",\"url\":\"https:\\\/\\\/lustandlove.eu\\\/et\\\/\",\"logo\":{\"@type\":\"ImageObject\",\"inLanguage\":\"et\",\"@id\":\"https:\\\/\\\/lustandlove.eu\\\/et\\\/#\\\/schema\\\/logo\\\/image\\\/\",\"url\":\"\",\"contentUrl\":\"\",\"caption\":\"Bioconcept Baltics O\u00dc\"},\"image\":{\"@id\":\"https:\\\/\\\/lustandlove.eu\\\/et\\\/#\\\/schema\\\/logo\\\/image\\\/\"},\"sameAs\":[\"https:\\\/\\\/www.facebook.com\\\/LustandLoveEU\\\/\",\"https:\\\/\\\/www.instagram.com\\\/lustandloveeu\\\/\"]}]}<\/script>\n<!-- \/ Yoast SEO plugin. -->","yoast_head_json":{"title":"Nezuko's Double Tooth Blowjob Masturbaator | Lust and Love","description":"Seksika deemonit\u00fcdruku suhu sisenemine on paljude meeste fantaasia ja n\u00fc\u00fcd saate selle fantaasia Nezuko Double Tooth abiga reaalsuseks teha.","robots":{"index,follow,max-snippet":"index,follow,max-snippet:-1,max-image-preview:large,max-video-preview:-1"},"canonical":"https:\/\/lustandlove.eu\/et\/toode\/cute-dragon-impregnated-copy-2\/","twitter_card":"summary_large_image","twitter_title":"Nezuko's Double Tooth Blowjob Masturbaator | Lust and Love","twitter_description":"Seksika deemonit\u00fcdruku suhu sisenemine on paljude meeste fantaasia ja n\u00fc\u00fcd saate selle fantaasia Nezuko Double Tooth abiga reaalsuseks teha.","twitter_image":"https:\/\/lustandlove.eu\/wp-content\/uploads\/nezuko-package.jpg","twitter_misc":{"Est. reading time":"2 minutit"},"schema":{"@context":"https:\/\/schema.org","@graph":[{"@type":["WebPage","ItemPage"],"@id":"https:\/\/lustandlove.eu\/et\/toode\/cute-dragon-impregnated-copy-2\/","url":"https:\/\/lustandlove.eu\/et\/toode\/cute-dragon-impregnated-copy-2\/","name":"Nezuko's Double Tooth Blowjob Masturbaator | Lust and Love","isPartOf":{"@id":"https:\/\/lustandlove.eu\/et\/#website"},"primaryImageOfPage":{"@id":"https:\/\/lustandlove.eu\/et\/toode\/cute-dragon-impregnated-copy-2\/#primaryimage"},"image":{"@id":"https:\/\/lustandlove.eu\/et\/toode\/cute-dragon-impregnated-copy-2\/#primaryimage"},"thumbnailUrl":"https:\/\/lustandlove.eu\/wp-content\/uploads\/nezuko-package.jpg","datePublished":"2025-02-11T12:42:46+00:00","dateModified":"2026-04-13T07:26:44+00:00","description":"Seksika deemonit\u00fcdruku suhu sisenemine on paljude meeste fantaasia ja n\u00fc\u00fcd saate selle fantaasia Nezuko Double Tooth abiga reaalsuseks teha.","breadcrumb":{"@id":"https:\/\/lustandlove.eu\/et\/toode\/cute-dragon-impregnated-copy-2\/#breadcrumb"},"inLanguage":"et","potentialAction":[{"@type":"ReadAction","target":["https:\/\/lustandlove.eu\/et\/toode\/cute-dragon-impregnated-copy-2\/"]}]},{"@type":"ImageObject","inLanguage":"et","@id":"https:\/\/lustandlove.eu\/et\/toode\/cute-dragon-impregnated-copy-2\/#primaryimage","url":"https:\/\/lustandlove.eu\/wp-content\/uploads\/nezuko-package.jpg","contentUrl":"https:\/\/lustandlove.eu\/wp-content\/uploads\/nezuko-package.jpg","width":800,"height":800},{"@type":"BreadcrumbList","@id":"https:\/\/lustandlove.eu\/et\/toode\/cute-dragon-impregnated-copy-2\/#breadcrumb","itemListElement":[{"@type":"ListItem","position":1,"name":"Lust and Love","item":"https:\/\/lustandlove.eu\/et\/"},{"@type":"ListItem","position":2,"name":"Pood","item":"https:\/\/lustandlove.eu\/et\/pood\/"},{"@type":"ListItem","position":3,"name":"Meestele","item":"https:\/\/lustandlove.eu\/et\/pood\/meestele\/"},{"@type":"ListItem","position":4,"name":"Nezuko&#8217;s Double Tooth Blowjob Masturbaator"}]},{"@type":"WebSite","@id":"https:\/\/lustandlove.eu\/et\/#website","url":"https:\/\/lustandlove.eu\/et\/","name":"Lust &amp; Love","description":"Online erootikapood tervise, ilu ja armastuse jaoks","publisher":{"@id":"https:\/\/lustandlove.eu\/et\/#organization"},"potentialAction":[{"@type":"SearchAction","target":{"@type":"EntryPoint","urlTemplate":"https:\/\/lustandlove.eu\/et\/?s={search_term_string}"},"query-input":{"@type":"PropertyValueSpecification","valueRequired":true,"valueName":"search_term_string"}}],"inLanguage":"et"},{"@type":"Organization","@id":"https:\/\/lustandlove.eu\/et\/#organization","name":"Bioconcept Baltics O\u00dc","url":"https:\/\/lustandlove.eu\/et\/","logo":{"@type":"ImageObject","inLanguage":"et","@id":"https:\/\/lustandlove.eu\/et\/#\/schema\/logo\/image\/","url":"","contentUrl":"","caption":"Bioconcept Baltics O\u00dc"},"image":{"@id":"https:\/\/lustandlove.eu\/et\/#\/schema\/logo\/image\/"},"sameAs":["https:\/\/www.facebook.com\/LustandLoveEU\/","https:\/\/www.instagram.com\/lustandloveeu\/"]}]}},"_links":{"self":[{"href":"https:\/\/lustandlove.eu\/et\/wp-json\/wp\/v2\/product\/92701","targetHints":{"allow":["GET"]}}],"collection":[{"href":"https:\/\/lustandlove.eu\/et\/wp-json\/wp\/v2\/product"}],"about":[{"href":"https:\/\/lustandlove.eu\/et\/wp-json\/wp\/v2\/types\/product"}],"wp:featuredmedia":[{"embeddable":true,"href":"https:\/\/lustandlove.eu\/et\/wp-json\/wp\/v2\/media\/92711"}],"wp:attachment":[{"href":"https:\/\/lustandlove.eu\/et\/wp-json\/wp\/v2\/media?parent=92701"}],"wp:term":[{"taxonomy":"product_brand","embeddable":true,"href":"https:\/\/lustandlove.eu\/et\/wp-json\/wp\/v2\/product_brand?post=92701"},{"taxonomy":"product_cat","embeddable":true,"href":"https:\/\/lustandlove.eu\/et\/wp-json\/wp\/v2\/product_cat?post=92701"},{"taxonomy":"product_tag","embeddable":true,"href":"https:\/\/lustandlove.eu\/et\/wp-json\/wp\/v2\/product_tag?post=92701"}],"curies":[{"name":"wp","href":"https:\/\/api.w.org\/{rel}","templated":true}]}}