{"id":92733,"date":"2025-02-19T11:08:04","date_gmt":"2025-02-19T09:08:04","guid":{"rendered":"https:\/\/www.lustandlove.eu\/?post_type=product&#038;p=92733"},"modified":"2025-08-19T15:35:56","modified_gmt":"2025-08-19T12:35:56","slug":"tode-voi-tegu-copy","status":"publish","type":"product","link":"https:\/\/lustandlove.eu\/et\/toode\/tode-voi-tegu-copy\/","title":{"rendered":"Ulakas Doomino puidust m\u00e4ng"},"content":{"rendered":"<p>Nautige klassikalist doominot v\u00fcrtsika p\u00f6\u00f6rdega, kus iga voor on kutse nautida erinevaid ja p\u00f5nevaid eesm\u00e4rke.<br \/>\nKas olete valmis laskma end ahvatleda?<\/p>\n<p><strong>PAKIS<\/strong>:<br \/>\n28 doominot\u00fckki 7 erineva Kamasutra illustratsiooniga.<\/p>\n<p><strong>KUIDAS M\u00c4NGIDA:<\/strong><br \/>\nAsetage k\u00f5ik t\u00fckid n\u00e4oga allapoole lauale ja segage h\u00e4sti, enne kui asetate need \u00fchisesse hunnikusse, n\u00e4oga allapoole.<br \/>\nIga m\u00e4ngija v\u00f5tab m\u00e4ngu alustamiseks \u00fchisest hunnikust 7 t\u00fckki. Noorim m\u00e4ngija alustab m\u00e4ngu, asetades oma kuhjast t\u00fcki lauale pildipool \u00fclespoole.<br \/>\nJ\u00e4rgmiseks on teise m\u00e4ngija kord, kes peab panema oma hunnikust nupu ainult siis, kui see langeb kokku laual oleva pildiga.<br \/>\nKui m\u00e4ngija ei suuda oma nuppe laual oleva pildiga sobitada, saab ta \u00fchisest hunnikust uue nupu ja kaotab oma k\u00e4igu.<br \/>\nM\u00e4ngija, kellel esimesena doominot\u00fckid otsa saavad, peab kohe h\u00fc\u00fcdma &#8216;Ulakas!&#8217; \u200b\u200bja ta kuulutatakse m\u00e4ngu v\u00f5itjaks.<br \/>\nV\u00f5itja valib soovitud Kamasutra positsiooni (doominotel illustreeritud positsioonide hulgast), mida oma partneriga t\u00e4ita.<br \/>\nKui v\u00f5itja unustab h\u00fc\u00fcda \u2018\u2019Ulakas!\u2019\u2019, valib sooritatava Kamasutra positsiooni kaotaja.<\/p>\n<p>Saadaval 8 keeles (hispaania, inglise, saksa, prantsuse, hollandi, portugali, itaalia, poola)<\/p>\n","protected":false},"excerpt":{"rendered":"<p>V\u00fcrtsitage m\u00e4ngu\u00f5htut Ulaka Doominoga, mis on klassikalise m\u00e4ngu ulakas p\u00f6\u00f6re! See komplekt sisaldab 28 doominot\u00fckki, millel on 7 ahvatlevat Kamasutra illustratsiooni. M\u00e4ngijad sobitavad nuppe kordam\u00f6\u00f6da ja v\u00f5idab see, kes esimesena oma nuppudest lahti saab ja h\u00fc\u00fcab &#8220;Ulakas!&#8221;, teenides v\u00f5imaluse valida Kamasutra positsioon, mida oma partneriga proovida. Unustasid karjuda? Kaotaja saab valida! Ideaalne paaridele, kes soovivad oma \u00f5htutesse nalja ja p\u00f5nevust lisada.<\/p>\n","protected":false},"featured_media":92739,"template":"","meta":[],"product_cat":[4009,4010],"product_tag":[3766,3244,3253,3241,3316],"yoast_head":"<!-- This site is optimized with the Yoast SEO plugin v22.9 - https:\/\/yoast.com\/wordpress\/plugins\/seo\/ -->\n<title>Ulakas Doomino puidust m\u00e4ng | Lust and Love<\/title>\n<meta name=\"description\" content=\"V\u00fcrtsitage m\u00e4ngu\u00f5htut Ulaka Doominoga! See komplekt sisaldab 28 doominot\u00fckki, millel on 7 ahvatlevat Kamasutra illustratsiooni\" \/>\n<meta name=\"robots\" content=\"index,follow,max-snippet:-1,max-image-preview:large,max-video-preview:-1\" \/>\n<link rel=\"canonical\" href=\"https:\/\/lustandlove.eu\/et\/toode\/tode-voi-tegu-copy\/\" \/>\n<meta name=\"twitter:card\" content=\"summary_large_image\" \/>\n<meta name=\"twitter:title\" content=\"Ulakas Doomino puidust m\u00e4ng | Lust and Love\" \/>\n<meta name=\"twitter:description\" content=\"V\u00fcrtsitage m\u00e4ngu\u00f5htut Ulaka Doominoga! See komplekt sisaldab 28 doominot\u00fckki, millel on 7 ahvatlevat Kamasutra illustratsiooni\" \/>\n<meta name=\"twitter:image\" content=\"https:\/\/lustandlove.eu\/wp-content\/uploads\/image-4-3-2.jpg\" \/>\n<meta name=\"twitter:label1\" content=\"Est. reading time\" \/>\n\t<meta name=\"twitter:data1\" content=\"1 minut\" \/>\n<script type=\"application\/ld+json\" class=\"yoast-schema-graph\">{\"@context\":\"https:\/\/schema.org\",\"@graph\":[{\"@type\":[\"WebPage\",\"ItemPage\"],\"@id\":\"https:\/\/lustandlove.eu\/et\/toode\/tode-voi-tegu-copy\/\",\"url\":\"https:\/\/lustandlove.eu\/et\/toode\/tode-voi-tegu-copy\/\",\"name\":\"Ulakas Doomino puidust m\u00e4ng | Lust and Love\",\"isPartOf\":{\"@id\":\"https:\/\/lustandlove.eu\/et\/#website\"},\"primaryImageOfPage\":{\"@id\":\"https:\/\/lustandlove.eu\/et\/toode\/tode-voi-tegu-copy\/#primaryimage\"},\"image\":{\"@id\":\"https:\/\/lustandlove.eu\/et\/toode\/tode-voi-tegu-copy\/#primaryimage\"},\"thumbnailUrl\":\"https:\/\/lustandlove.eu\/wp-content\/uploads\/image-4-3-2.jpg\",\"datePublished\":\"2025-02-19T09:08:04+00:00\",\"dateModified\":\"2025-08-19T12:35:56+00:00\",\"description\":\"V\u00fcrtsitage m\u00e4ngu\u00f5htut Ulaka Doominoga! See komplekt sisaldab 28 doominot\u00fckki, millel on 7 ahvatlevat Kamasutra illustratsiooni\",\"breadcrumb\":{\"@id\":\"https:\/\/lustandlove.eu\/et\/toode\/tode-voi-tegu-copy\/#breadcrumb\"},\"inLanguage\":\"et\",\"potentialAction\":[{\"@type\":\"ReadAction\",\"target\":[\"https:\/\/lustandlove.eu\/et\/toode\/tode-voi-tegu-copy\/\"]}]},{\"@type\":\"ImageObject\",\"inLanguage\":\"et\",\"@id\":\"https:\/\/lustandlove.eu\/et\/toode\/tode-voi-tegu-copy\/#primaryimage\",\"url\":\"https:\/\/lustandlove.eu\/wp-content\/uploads\/image-4-3-2.jpg\",\"contentUrl\":\"https:\/\/lustandlove.eu\/wp-content\/uploads\/image-4-3-2.jpg\",\"width\":1024,\"height\":1024},{\"@type\":\"BreadcrumbList\",\"@id\":\"https:\/\/lustandlove.eu\/et\/toode\/tode-voi-tegu-copy\/#breadcrumb\",\"itemListElement\":[{\"@type\":\"ListItem\",\"position\":1,\"name\":\"Lust and Love\",\"item\":\"https:\/\/lustandlove.eu\/et\/\"},{\"@type\":\"ListItem\",\"position\":2,\"name\":\"Pood\",\"item\":\"https:\/\/lustandlove.eu\/et\/pood\/\"},{\"@type\":\"ListItem\",\"position\":3,\"name\":\"L\u00f5bu &amp; M\u00e4ngud\",\"item\":\"https:\/\/lustandlove.eu\/et\/pood\/lobu-mangud\/\"},{\"@type\":\"ListItem\",\"position\":4,\"name\":\"M\u00e4ngud\",\"item\":\"https:\/\/lustandlove.eu\/et\/pood\/lobu-mangud\/mangud\/\"},{\"@type\":\"ListItem\",\"position\":5,\"name\":\"Ulakas Doomino puidust m\u00e4ng\"}]},{\"@type\":\"WebSite\",\"@id\":\"https:\/\/lustandlove.eu\/et\/#website\",\"url\":\"https:\/\/lustandlove.eu\/et\/\",\"name\":\"Lust &amp; Love\",\"description\":\"Online erootikapood tervise, ilu ja armastuse jaoks\",\"publisher\":{\"@id\":\"https:\/\/lustandlove.eu\/et\/#organization\"},\"potentialAction\":[{\"@type\":\"SearchAction\",\"target\":{\"@type\":\"EntryPoint\",\"urlTemplate\":\"https:\/\/lustandlove.eu\/et\/?s={search_term_string}\"},\"query-input\":\"required name=search_term_string\"}],\"inLanguage\":\"et\"},{\"@type\":\"Organization\",\"@id\":\"https:\/\/lustandlove.eu\/et\/#organization\",\"name\":\"Bioconcept Baltics O\u00dc\",\"url\":\"https:\/\/lustandlove.eu\/et\/\",\"logo\":{\"@type\":\"ImageObject\",\"inLanguage\":\"et\",\"@id\":\"https:\/\/lustandlove.eu\/et\/#\/schema\/logo\/image\/\",\"url\":\"\",\"contentUrl\":\"\",\"caption\":\"Bioconcept Baltics O\u00dc\"},\"image\":{\"@id\":\"https:\/\/lustandlove.eu\/et\/#\/schema\/logo\/image\/\"},\"sameAs\":[\"https:\/\/www.facebook.com\/LustandLoveEU\/\",\"https:\/\/www.instagram.com\/lustandloveeu\/\"]}]}<\/script>\n<!-- \/ Yoast SEO plugin. -->","yoast_head_json":{"title":"Ulakas Doomino puidust m\u00e4ng | Lust and Love","description":"V\u00fcrtsitage m\u00e4ngu\u00f5htut Ulaka Doominoga! See komplekt sisaldab 28 doominot\u00fckki, millel on 7 ahvatlevat Kamasutra illustratsiooni","robots":{"index,follow,max-snippet":"index,follow,max-snippet:-1,max-image-preview:large,max-video-preview:-1"},"canonical":"https:\/\/lustandlove.eu\/et\/toode\/tode-voi-tegu-copy\/","twitter_card":"summary_large_image","twitter_title":"Ulakas Doomino puidust m\u00e4ng | Lust and Love","twitter_description":"V\u00fcrtsitage m\u00e4ngu\u00f5htut Ulaka Doominoga! See komplekt sisaldab 28 doominot\u00fckki, millel on 7 ahvatlevat Kamasutra illustratsiooni","twitter_image":"https:\/\/lustandlove.eu\/wp-content\/uploads\/image-4-3-2.jpg","twitter_misc":{"Est. reading time":"1 minut"},"schema":{"@context":"https:\/\/schema.org","@graph":[{"@type":["WebPage","ItemPage"],"@id":"https:\/\/lustandlove.eu\/et\/toode\/tode-voi-tegu-copy\/","url":"https:\/\/lustandlove.eu\/et\/toode\/tode-voi-tegu-copy\/","name":"Ulakas Doomino puidust m\u00e4ng | Lust and Love","isPartOf":{"@id":"https:\/\/lustandlove.eu\/et\/#website"},"primaryImageOfPage":{"@id":"https:\/\/lustandlove.eu\/et\/toode\/tode-voi-tegu-copy\/#primaryimage"},"image":{"@id":"https:\/\/lustandlove.eu\/et\/toode\/tode-voi-tegu-copy\/#primaryimage"},"thumbnailUrl":"https:\/\/lustandlove.eu\/wp-content\/uploads\/image-4-3-2.jpg","datePublished":"2025-02-19T09:08:04+00:00","dateModified":"2025-08-19T12:35:56+00:00","description":"V\u00fcrtsitage m\u00e4ngu\u00f5htut Ulaka Doominoga! See komplekt sisaldab 28 doominot\u00fckki, millel on 7 ahvatlevat Kamasutra illustratsiooni","breadcrumb":{"@id":"https:\/\/lustandlove.eu\/et\/toode\/tode-voi-tegu-copy\/#breadcrumb"},"inLanguage":"et","potentialAction":[{"@type":"ReadAction","target":["https:\/\/lustandlove.eu\/et\/toode\/tode-voi-tegu-copy\/"]}]},{"@type":"ImageObject","inLanguage":"et","@id":"https:\/\/lustandlove.eu\/et\/toode\/tode-voi-tegu-copy\/#primaryimage","url":"https:\/\/lustandlove.eu\/wp-content\/uploads\/image-4-3-2.jpg","contentUrl":"https:\/\/lustandlove.eu\/wp-content\/uploads\/image-4-3-2.jpg","width":1024,"height":1024},{"@type":"BreadcrumbList","@id":"https:\/\/lustandlove.eu\/et\/toode\/tode-voi-tegu-copy\/#breadcrumb","itemListElement":[{"@type":"ListItem","position":1,"name":"Lust and Love","item":"https:\/\/lustandlove.eu\/et\/"},{"@type":"ListItem","position":2,"name":"Pood","item":"https:\/\/lustandlove.eu\/et\/pood\/"},{"@type":"ListItem","position":3,"name":"L\u00f5bu &amp; M\u00e4ngud","item":"https:\/\/lustandlove.eu\/et\/pood\/lobu-mangud\/"},{"@type":"ListItem","position":4,"name":"M\u00e4ngud","item":"https:\/\/lustandlove.eu\/et\/pood\/lobu-mangud\/mangud\/"},{"@type":"ListItem","position":5,"name":"Ulakas Doomino puidust m\u00e4ng"}]},{"@type":"WebSite","@id":"https:\/\/lustandlove.eu\/et\/#website","url":"https:\/\/lustandlove.eu\/et\/","name":"Lust &amp; Love","description":"Online erootikapood tervise, ilu ja armastuse jaoks","publisher":{"@id":"https:\/\/lustandlove.eu\/et\/#organization"},"potentialAction":[{"@type":"SearchAction","target":{"@type":"EntryPoint","urlTemplate":"https:\/\/lustandlove.eu\/et\/?s={search_term_string}"},"query-input":"required name=search_term_string"}],"inLanguage":"et"},{"@type":"Organization","@id":"https:\/\/lustandlove.eu\/et\/#organization","name":"Bioconcept Baltics O\u00dc","url":"https:\/\/lustandlove.eu\/et\/","logo":{"@type":"ImageObject","inLanguage":"et","@id":"https:\/\/lustandlove.eu\/et\/#\/schema\/logo\/image\/","url":"","contentUrl":"","caption":"Bioconcept Baltics O\u00dc"},"image":{"@id":"https:\/\/lustandlove.eu\/et\/#\/schema\/logo\/image\/"},"sameAs":["https:\/\/www.facebook.com\/LustandLoveEU\/","https:\/\/www.instagram.com\/lustandloveeu\/"]}]}},"_links":{"self":[{"href":"https:\/\/lustandlove.eu\/et\/wp-json\/wp\/v2\/product\/92733"}],"collection":[{"href":"https:\/\/lustandlove.eu\/et\/wp-json\/wp\/v2\/product"}],"about":[{"href":"https:\/\/lustandlove.eu\/et\/wp-json\/wp\/v2\/types\/product"}],"wp:featuredmedia":[{"embeddable":true,"href":"https:\/\/lustandlove.eu\/et\/wp-json\/wp\/v2\/media\/92739"}],"wp:attachment":[{"href":"https:\/\/lustandlove.eu\/et\/wp-json\/wp\/v2\/media?parent=92733"}],"wp:term":[{"taxonomy":"product_cat","embeddable":true,"href":"https:\/\/lustandlove.eu\/et\/wp-json\/wp\/v2\/product_cat?post=92733"},{"taxonomy":"product_tag","embeddable":true,"href":"https:\/\/lustandlove.eu\/et\/wp-json\/wp\/v2\/product_tag?post=92733"}],"curies":[{"name":"wp","href":"https:\/\/api.w.org\/{rel}","templated":true}]}}