{"id":92745,"date":"2025-02-19T12:15:24","date_gmt":"2025-02-19T10:15:24","guid":{"rendered":"https:\/\/www.lustandlove.eu\/?post_type=product&#038;p=92745"},"modified":"2026-04-13T10:26:43","modified_gmt":"2026-04-13T07:26:43","slug":"ulakas-doomino-puidust-mang-copy","status":"publish","type":"product","link":"https:\/\/lustandlove.eu\/et\/toode\/ulakas-doomino-puidust-mang-copy\/","title":{"rendered":"Play4Sex 4-Ritta Kamasutra"},"content":{"rendered":"<p>Seadke m\u00e4ngulaual 4 sama v\u00e4rvi \u017eetooni ritta ja v\u00f5itke selles Kamasutra <em>Connect-i<\/em>\u00a0versioonis viimane auhind.<\/p>\n<p>Tahad m\u00e4ngida ilma peatumata!<\/p>\n<p><strong>SISU:<\/strong><br \/>\n-42 nuppu (21 roosat + 21 musta), iga\u00fchel erinev Kamasutra asend.<br \/>\n-1 lahtik\u00e4iv m\u00e4ngulaud.<\/p>\n<p><strong>KUIDAS M\u00c4NGIDA:<\/strong><br \/>\nIga m\u00e4ngija valib v\u00e4rvi, millega m\u00e4ngida.<br \/>\nViska m\u00fcnti, et teha kindlaks, kes l\u00e4heb esimesena. Iga m\u00e4ngija paneb kordam\u00f6\u00f6da m\u00e4ngulauale oma valitud v\u00e4rvi nuppu.<br \/>\nM\u00e4ngu eesm\u00e4rk on saada ritta 4 enda nuppu (kas vertikaalselt, horisontaalselt v\u00f5i diagonaalselt joondadu), takistades samal ajal vastast sama tegemast.<br \/>\nM\u00e4ngija, kes saab esimesena 4 oma nuppu ritta mis tahes suunas, v\u00f5idab m\u00e4nguvooru, kuid m\u00e4ngu v\u00f5idab kolmest voorust parim. V\u00f5itjal on \u00f5igus valida \u00fcks Kamasutra positsioon (4 variandi hulgast, mis moodustavad tema v\u00f5idurea), et m\u00e4ngu l\u00f5pus oma partneriga harjutada.<br \/>\nKui \u00fchelgi m\u00e4ngijal ei \u00f5nnestu sama v\u00e4rvi real 4 saada, siis on tegemist viigiga ja viigi murdmiseks m\u00e4ngitakse uus ring.<\/p>\n<p>Saadaval 8 keeles (hispaania, inglise, saksa, prantsuse, hollandi, portugali, itaalia, poola)<\/p>\n","protected":false},"excerpt":{"rendered":"<p>Muutke m\u00e4ngu\u00f5htu m\u00e4nguliseks seikluseks Play4Sexiga, flirtiva Kamasutra Connecti versioon klassikalisest 4-reas-m\u00e4ngus! See komplekt sisaldab 42 nuppu (21 roosat, 21 musta), millest iga\u00fchel on ainulaadne Kamasutra asend ja lahtik\u00e4iv m\u00e4ngulaud. M\u00e4ngijad panevad \u017eetoone kordam\u00f6\u00f6da lauale, eesm\u00e4rgiga joondada 4 oma v\u00e4rvi vertikaalselt, horisontaalselt v\u00f5i diagonaalselt. Iga vooru v\u00f5itja valib oma v\u00f5idureast Kamasutra positsiooni, mida koos partneriga nautida. 3 voorust parim v\u00f5idab m\u00e4ngu! Ideaalne paaridele, kes soovivad lisada oma \u00f5htutesse veidi l\u00f5busust ja intiimsust.<\/p>\n","protected":false},"featured_media":92751,"template":"","meta":[],"product_brand":[4239],"product_cat":[4009,4010],"product_tag":[3244,3253,3241,3316],"class_list":{"0":"post-92745","1":"product","2":"type-product","3":"status-publish","4":"has-post-thumbnail","6":"product_brand-secret-play-et","7":"product_cat-lobu-mangud","8":"product_cat-mangud","9":"product_tag-kamasutra-et","10":"product_tag-lauamang","11":"product_tag-mang","12":"product_tag-seksikas","13":"pa_brand-secret-play-et","15":"first","16":"instock","17":"taxable","18":"shipping-taxable","19":"purchasable","20":"product-type-simple"},"yoast_head":"<!-- This site is optimized with the Yoast SEO plugin v27.3 - https:\/\/yoast.com\/product\/yoast-seo-wordpress\/ -->\n<title>Play4Sex 4-Ritta Kamasutra | Lust and Love<\/title>\n<meta name=\"description\" content=\"Muutke m\u00e4ngu\u00f5htu m\u00e4nguliseks seikluseks Play4Sexiga, flirtiva Kamasutra Connecti versioon klassikalisest 4-reas-m\u00e4ngus! V\u00f5itja saab nautida oma lemmikpositsiooni!\" \/>\n<meta name=\"robots\" content=\"index,follow,max-snippet:-1,max-image-preview:large,max-video-preview:-1\" \/>\n<link rel=\"canonical\" href=\"https:\/\/lustandlove.eu\/et\/toode\/ulakas-doomino-puidust-mang-copy\/\" \/>\n<meta name=\"twitter:card\" content=\"summary_large_image\" \/>\n<meta name=\"twitter:title\" content=\"Play4Sex 4-Ritta Kamasutra | Lust and Love\" \/>\n<meta name=\"twitter:description\" content=\"Muutke m\u00e4ngu\u00f5htu m\u00e4nguliseks seikluseks Play4Sexiga, flirtiva Kamasutra Connecti versioon klassikalisest 4-reas-m\u00e4ngus! V\u00f5itja saab nautida oma lemmikpositsiooni!\" \/>\n<meta name=\"twitter:image\" content=\"https:\/\/lustandlove.eu\/wp-content\/uploads\/image-4-3-3.jpg\" \/>\n<meta name=\"twitter:label1\" content=\"Est. reading time\" \/>\n\t<meta name=\"twitter:data1\" content=\"1 minut\" \/>\n<script type=\"application\/ld+json\" class=\"yoast-schema-graph\">{\"@context\":\"https:\\\/\\\/schema.org\",\"@graph\":[{\"@type\":[\"WebPage\",\"ItemPage\"],\"@id\":\"https:\\\/\\\/lustandlove.eu\\\/et\\\/toode\\\/ulakas-doomino-puidust-mang-copy\\\/\",\"url\":\"https:\\\/\\\/lustandlove.eu\\\/et\\\/toode\\\/ulakas-doomino-puidust-mang-copy\\\/\",\"name\":\"Play4Sex 4-Ritta Kamasutra | Lust and Love\",\"isPartOf\":{\"@id\":\"https:\\\/\\\/lustandlove.eu\\\/et\\\/#website\"},\"primaryImageOfPage\":{\"@id\":\"https:\\\/\\\/lustandlove.eu\\\/et\\\/toode\\\/ulakas-doomino-puidust-mang-copy\\\/#primaryimage\"},\"image\":{\"@id\":\"https:\\\/\\\/lustandlove.eu\\\/et\\\/toode\\\/ulakas-doomino-puidust-mang-copy\\\/#primaryimage\"},\"thumbnailUrl\":\"https:\\\/\\\/lustandlove.eu\\\/wp-content\\\/uploads\\\/image-4-3-3.jpg\",\"datePublished\":\"2025-02-19T10:15:24+00:00\",\"dateModified\":\"2026-04-13T07:26:43+00:00\",\"description\":\"Muutke m\u00e4ngu\u00f5htu m\u00e4nguliseks seikluseks Play4Sexiga, flirtiva Kamasutra Connecti versioon klassikalisest 4-reas-m\u00e4ngus! V\u00f5itja saab nautida oma lemmikpositsiooni!\",\"breadcrumb\":{\"@id\":\"https:\\\/\\\/lustandlove.eu\\\/et\\\/toode\\\/ulakas-doomino-puidust-mang-copy\\\/#breadcrumb\"},\"inLanguage\":\"et\",\"potentialAction\":[{\"@type\":\"ReadAction\",\"target\":[\"https:\\\/\\\/lustandlove.eu\\\/et\\\/toode\\\/ulakas-doomino-puidust-mang-copy\\\/\"]}]},{\"@type\":\"ImageObject\",\"inLanguage\":\"et\",\"@id\":\"https:\\\/\\\/lustandlove.eu\\\/et\\\/toode\\\/ulakas-doomino-puidust-mang-copy\\\/#primaryimage\",\"url\":\"https:\\\/\\\/lustandlove.eu\\\/wp-content\\\/uploads\\\/image-4-3-3.jpg\",\"contentUrl\":\"https:\\\/\\\/lustandlove.eu\\\/wp-content\\\/uploads\\\/image-4-3-3.jpg\",\"width\":1024,\"height\":1024},{\"@type\":\"BreadcrumbList\",\"@id\":\"https:\\\/\\\/lustandlove.eu\\\/et\\\/toode\\\/ulakas-doomino-puidust-mang-copy\\\/#breadcrumb\",\"itemListElement\":[{\"@type\":\"ListItem\",\"position\":1,\"name\":\"Lust and Love\",\"item\":\"https:\\\/\\\/lustandlove.eu\\\/et\\\/\"},{\"@type\":\"ListItem\",\"position\":2,\"name\":\"Pood\",\"item\":\"https:\\\/\\\/lustandlove.eu\\\/et\\\/pood\\\/\"},{\"@type\":\"ListItem\",\"position\":3,\"name\":\"L\u00f5bu &amp; M\u00e4ngud\",\"item\":\"https:\\\/\\\/lustandlove.eu\\\/et\\\/pood\\\/lobu-mangud\\\/\"},{\"@type\":\"ListItem\",\"position\":4,\"name\":\"M\u00e4ngud\",\"item\":\"https:\\\/\\\/lustandlove.eu\\\/et\\\/pood\\\/lobu-mangud\\\/mangud\\\/\"},{\"@type\":\"ListItem\",\"position\":5,\"name\":\"Play4Sex 4-Ritta Kamasutra\"}]},{\"@type\":\"WebSite\",\"@id\":\"https:\\\/\\\/lustandlove.eu\\\/et\\\/#website\",\"url\":\"https:\\\/\\\/lustandlove.eu\\\/et\\\/\",\"name\":\"Lust &amp; Love\",\"description\":\"Online erootikapood tervise, ilu ja armastuse jaoks\",\"publisher\":{\"@id\":\"https:\\\/\\\/lustandlove.eu\\\/et\\\/#organization\"},\"potentialAction\":[{\"@type\":\"SearchAction\",\"target\":{\"@type\":\"EntryPoint\",\"urlTemplate\":\"https:\\\/\\\/lustandlove.eu\\\/et\\\/?s={search_term_string}\"},\"query-input\":{\"@type\":\"PropertyValueSpecification\",\"valueRequired\":true,\"valueName\":\"search_term_string\"}}],\"inLanguage\":\"et\"},{\"@type\":\"Organization\",\"@id\":\"https:\\\/\\\/lustandlove.eu\\\/et\\\/#organization\",\"name\":\"Bioconcept Baltics O\u00dc\",\"url\":\"https:\\\/\\\/lustandlove.eu\\\/et\\\/\",\"logo\":{\"@type\":\"ImageObject\",\"inLanguage\":\"et\",\"@id\":\"https:\\\/\\\/lustandlove.eu\\\/et\\\/#\\\/schema\\\/logo\\\/image\\\/\",\"url\":\"\",\"contentUrl\":\"\",\"caption\":\"Bioconcept Baltics O\u00dc\"},\"image\":{\"@id\":\"https:\\\/\\\/lustandlove.eu\\\/et\\\/#\\\/schema\\\/logo\\\/image\\\/\"},\"sameAs\":[\"https:\\\/\\\/www.facebook.com\\\/LustandLoveEU\\\/\",\"https:\\\/\\\/www.instagram.com\\\/lustandloveeu\\\/\"]}]}<\/script>\n<!-- \/ Yoast SEO plugin. -->","yoast_head_json":{"title":"Play4Sex 4-Ritta Kamasutra | Lust and Love","description":"Muutke m\u00e4ngu\u00f5htu m\u00e4nguliseks seikluseks Play4Sexiga, flirtiva Kamasutra Connecti versioon klassikalisest 4-reas-m\u00e4ngus! V\u00f5itja saab nautida oma lemmikpositsiooni!","robots":{"index,follow,max-snippet":"index,follow,max-snippet:-1,max-image-preview:large,max-video-preview:-1"},"canonical":"https:\/\/lustandlove.eu\/et\/toode\/ulakas-doomino-puidust-mang-copy\/","twitter_card":"summary_large_image","twitter_title":"Play4Sex 4-Ritta Kamasutra | Lust and Love","twitter_description":"Muutke m\u00e4ngu\u00f5htu m\u00e4nguliseks seikluseks Play4Sexiga, flirtiva Kamasutra Connecti versioon klassikalisest 4-reas-m\u00e4ngus! V\u00f5itja saab nautida oma lemmikpositsiooni!","twitter_image":"https:\/\/lustandlove.eu\/wp-content\/uploads\/image-4-3-3.jpg","twitter_misc":{"Est. reading time":"1 minut"},"schema":{"@context":"https:\/\/schema.org","@graph":[{"@type":["WebPage","ItemPage"],"@id":"https:\/\/lustandlove.eu\/et\/toode\/ulakas-doomino-puidust-mang-copy\/","url":"https:\/\/lustandlove.eu\/et\/toode\/ulakas-doomino-puidust-mang-copy\/","name":"Play4Sex 4-Ritta Kamasutra | Lust and Love","isPartOf":{"@id":"https:\/\/lustandlove.eu\/et\/#website"},"primaryImageOfPage":{"@id":"https:\/\/lustandlove.eu\/et\/toode\/ulakas-doomino-puidust-mang-copy\/#primaryimage"},"image":{"@id":"https:\/\/lustandlove.eu\/et\/toode\/ulakas-doomino-puidust-mang-copy\/#primaryimage"},"thumbnailUrl":"https:\/\/lustandlove.eu\/wp-content\/uploads\/image-4-3-3.jpg","datePublished":"2025-02-19T10:15:24+00:00","dateModified":"2026-04-13T07:26:43+00:00","description":"Muutke m\u00e4ngu\u00f5htu m\u00e4nguliseks seikluseks Play4Sexiga, flirtiva Kamasutra Connecti versioon klassikalisest 4-reas-m\u00e4ngus! V\u00f5itja saab nautida oma lemmikpositsiooni!","breadcrumb":{"@id":"https:\/\/lustandlove.eu\/et\/toode\/ulakas-doomino-puidust-mang-copy\/#breadcrumb"},"inLanguage":"et","potentialAction":[{"@type":"ReadAction","target":["https:\/\/lustandlove.eu\/et\/toode\/ulakas-doomino-puidust-mang-copy\/"]}]},{"@type":"ImageObject","inLanguage":"et","@id":"https:\/\/lustandlove.eu\/et\/toode\/ulakas-doomino-puidust-mang-copy\/#primaryimage","url":"https:\/\/lustandlove.eu\/wp-content\/uploads\/image-4-3-3.jpg","contentUrl":"https:\/\/lustandlove.eu\/wp-content\/uploads\/image-4-3-3.jpg","width":1024,"height":1024},{"@type":"BreadcrumbList","@id":"https:\/\/lustandlove.eu\/et\/toode\/ulakas-doomino-puidust-mang-copy\/#breadcrumb","itemListElement":[{"@type":"ListItem","position":1,"name":"Lust and Love","item":"https:\/\/lustandlove.eu\/et\/"},{"@type":"ListItem","position":2,"name":"Pood","item":"https:\/\/lustandlove.eu\/et\/pood\/"},{"@type":"ListItem","position":3,"name":"L\u00f5bu &amp; M\u00e4ngud","item":"https:\/\/lustandlove.eu\/et\/pood\/lobu-mangud\/"},{"@type":"ListItem","position":4,"name":"M\u00e4ngud","item":"https:\/\/lustandlove.eu\/et\/pood\/lobu-mangud\/mangud\/"},{"@type":"ListItem","position":5,"name":"Play4Sex 4-Ritta Kamasutra"}]},{"@type":"WebSite","@id":"https:\/\/lustandlove.eu\/et\/#website","url":"https:\/\/lustandlove.eu\/et\/","name":"Lust &amp; Love","description":"Online erootikapood tervise, ilu ja armastuse jaoks","publisher":{"@id":"https:\/\/lustandlove.eu\/et\/#organization"},"potentialAction":[{"@type":"SearchAction","target":{"@type":"EntryPoint","urlTemplate":"https:\/\/lustandlove.eu\/et\/?s={search_term_string}"},"query-input":{"@type":"PropertyValueSpecification","valueRequired":true,"valueName":"search_term_string"}}],"inLanguage":"et"},{"@type":"Organization","@id":"https:\/\/lustandlove.eu\/et\/#organization","name":"Bioconcept Baltics O\u00dc","url":"https:\/\/lustandlove.eu\/et\/","logo":{"@type":"ImageObject","inLanguage":"et","@id":"https:\/\/lustandlove.eu\/et\/#\/schema\/logo\/image\/","url":"","contentUrl":"","caption":"Bioconcept Baltics O\u00dc"},"image":{"@id":"https:\/\/lustandlove.eu\/et\/#\/schema\/logo\/image\/"},"sameAs":["https:\/\/www.facebook.com\/LustandLoveEU\/","https:\/\/www.instagram.com\/lustandloveeu\/"]}]}},"_links":{"self":[{"href":"https:\/\/lustandlove.eu\/et\/wp-json\/wp\/v2\/product\/92745","targetHints":{"allow":["GET"]}}],"collection":[{"href":"https:\/\/lustandlove.eu\/et\/wp-json\/wp\/v2\/product"}],"about":[{"href":"https:\/\/lustandlove.eu\/et\/wp-json\/wp\/v2\/types\/product"}],"wp:featuredmedia":[{"embeddable":true,"href":"https:\/\/lustandlove.eu\/et\/wp-json\/wp\/v2\/media\/92751"}],"wp:attachment":[{"href":"https:\/\/lustandlove.eu\/et\/wp-json\/wp\/v2\/media?parent=92745"}],"wp:term":[{"taxonomy":"product_brand","embeddable":true,"href":"https:\/\/lustandlove.eu\/et\/wp-json\/wp\/v2\/product_brand?post=92745"},{"taxonomy":"product_cat","embeddable":true,"href":"https:\/\/lustandlove.eu\/et\/wp-json\/wp\/v2\/product_cat?post=92745"},{"taxonomy":"product_tag","embeddable":true,"href":"https:\/\/lustandlove.eu\/et\/wp-json\/wp\/v2\/product_tag?post=92745"}],"curies":[{"name":"wp","href":"https:\/\/api.w.org\/{rel}","templated":true}]}}