{"id":92770,"date":"2025-03-05T10:39:13","date_gmt":"2025-03-04T10:36:30","guid":{"rendered":"https:\/\/www.lustandlove.eu\/?post_type=product&#038;p=92770"},"modified":"2026-04-13T10:26:39","modified_gmt":"2026-04-13T07:26:39","slug":"klaasist-dildo-sile-vikerkaar-copy","status":"publish","type":"product","link":"https:\/\/lustandlove.eu\/et\/toode\/klaasist-dildo-sile-vikerkaar-copy\/","title":{"rendered":"Amber Klaasist Dildo"},"content":{"rendered":"<div class=\"wpb-content-wrapper\"><p>[vc_row][vc_column][vc_column_text css=&#8221;&#8221; woodmart_inline=&#8221;no&#8221; text_larger=&#8221;no&#8221;]<strong><em>Amber<\/em> dildo lugu<\/strong><br \/>\nAmber oli Peechi esimene toode. See on k\u00e4sitsi valmistatud borosilikaatklaasist dildo, mis on purunemiskindel ja talub suuri temperatuurik\u00f5ikumisi. See t\u00e4hendab, et peale selle, et see on dekoratiivne ja elegantne, saab seda kasutada ka soojendamiseks ja jahutamiseks.<\/p>\n<p><em>Amberi<\/em> jahutamise eeliseks on see, et puudutatud alad muutuvad eriti tundlikuks ja reageerivaks. V\u00f5ite selle lihtsalt k\u00fclmkappi panna v\u00f5i k\u00fclma veega \u00fcle valada. <em>Amberi<\/em> soojendamine seevastu l\u00f5dvestab keha ja lihaseid ning selle saad kergesti soojendada, lastes radiaatoril puhata v\u00f5i valades kuuma veega \u00fcle.<\/p>\n<p>K\u00f5va materjal sobib suurep\u00e4raselt v\u00e4ga t\u00e4pse stimulatsiooni tagamiseks.<\/p>\n<p>Kasutage seda koos libestiga veelgi meeldivamaks stimulatsiooniks \u2013 boorsilikaat sobib igat t\u00fc\u00fcpi libestitega.<\/p>\n<p><strong>Vihje<\/strong><br \/>\n<em>Amber<\/em> sobib suurep\u00e4raselt ka valutavate kohtade masseerimiseks kehal, n\u00e4iteks valutava \u00f5la puhul.<\/p>\n<p><strong>Puhastamine ja hoiustamine<\/strong><br \/>\n<em>Amber<\/em> on kergesti puhastatav, kasutage lihtsalt vett ja \u00f5rna seepi. Seej\u00e4rel saate selle lihtsalt pehme ja puhta lapiga maha p\u00fchkida. V\u00f5ite selle panna ka n\u00f5udepesumasinasse l\u00fchiprogrammiga ilma seebita.<\/p>\n<p>Me ei soovita seda hoida otsese p\u00e4ikesevalguse k\u00e4es, vaid pigem kuivas kohas. N\u00e4iteks riidest kotis, karbis v\u00f5i sahtlis.<\/p>\n<p><em>Amber<\/em> on:<br \/>\nValmistatud kehale ohutust ja h\u00fcpoallergeensest borosilikaatklaasist<br \/>\n\u00dchildub igat t\u00fc\u00fcpi libestiga<br \/>\nKaasas satiinist kott<br \/>\nM\u00f5\u00f5dud: Pikkus: 17 cm x l\u00e4bim\u00f5\u00f5t otstes: 3 cm x l\u00e4bim\u00f5\u00f5t keskel: 1,5 cm<br \/>\n[\/vc_column_text][\/vc_column][\/vc_row]<\/p>\n<\/div>","protected":false},"excerpt":{"rendered":"<p><em>Amber<\/em> on teile, kellele meeldib oma keha uurida<\/p>\n<p><em>Amber<\/em> on elegantse kumera kujuga k\u00e4sitsi valmistatud klaasist dildo, mis muudab selle ideaalseks sisemiseks g-punkti stimulatsiooniks. Selle sile pind tundub tundlikel aladel imeliselt mugav ja sobib suurep\u00e4raselt, kui soovite dildoga temperatuurim\u00e4ngu uurida.<\/p>\n","protected":false},"featured_media":92774,"template":"","meta":[],"product_brand":[4229],"product_cat":[1485,4064,1484],"product_tag":[1567],"class_list":{"0":"post-92770","1":"product","2":"type-product","3":"status-publish","4":"has-post-thumbnail","6":"product_brand-peech-et","7":"product_cat-dildod","8":"product_cat-klaas-ja-metall","9":"product_cat-sekslelud","10":"product_tag-klaas","11":"pa_brand-peech-et","13":"first","14":"instock","15":"taxable","16":"shipping-taxable","17":"purchasable","18":"product-type-simple"},"yoast_head":"<!-- This site is optimized with the Yoast SEO plugin v27.3 - https:\/\/yoast.com\/product\/yoast-seo-wordpress\/ -->\n<title>Amber Klaasist Dildo | Lust and Love<\/title>\n<meta name=\"description\" content=\"Amber on elegantse kumera kujuga k\u00e4sitsi valmistatud klaasist dildo, mis muudab selle ideaalseks sisemiseks g-punkti stimulatsiooniks. Sile, vastupidav ja ilus.\" \/>\n<meta name=\"robots\" content=\"index,follow,max-snippet:-1,max-image-preview:large,max-video-preview:-1\" \/>\n<link rel=\"canonical\" href=\"https:\/\/lustandlove.eu\/et\/toode\/klaasist-dildo-sile-vikerkaar-copy\/\" \/>\n<meta name=\"twitter:card\" content=\"summary_large_image\" \/>\n<meta name=\"twitter:title\" content=\"Amber Klaasist Dildo | Lust and Love\" \/>\n<meta name=\"twitter:description\" content=\"Amber on elegantse kumera kujuga k\u00e4sitsi valmistatud klaasist dildo, mis muudab selle ideaalseks sisemiseks g-punkti stimulatsiooniks. Sile, vastupidav ja ilus.\" \/>\n<meta name=\"twitter:image\" content=\"https:\/\/lustandlove.eu\/wp-content\/uploads\/AMBER2247.jpg\" \/>\n<meta name=\"twitter:label1\" content=\"Est. reading time\" \/>\n\t<meta name=\"twitter:data1\" content=\"1 minut\" \/>\n<script type=\"application\/ld+json\" class=\"yoast-schema-graph\">{\"@context\":\"https:\\\/\\\/schema.org\",\"@graph\":[{\"@type\":[\"WebPage\",\"ItemPage\"],\"@id\":\"https:\\\/\\\/lustandlove.eu\\\/et\\\/toode\\\/klaasist-dildo-sile-vikerkaar-copy\\\/\",\"url\":\"https:\\\/\\\/lustandlove.eu\\\/et\\\/toode\\\/klaasist-dildo-sile-vikerkaar-copy\\\/\",\"name\":\"Amber Klaasist Dildo | Lust and Love\",\"isPartOf\":{\"@id\":\"https:\\\/\\\/lustandlove.eu\\\/et\\\/#website\"},\"primaryImageOfPage\":{\"@id\":\"https:\\\/\\\/lustandlove.eu\\\/et\\\/toode\\\/klaasist-dildo-sile-vikerkaar-copy\\\/#primaryimage\"},\"image\":{\"@id\":\"https:\\\/\\\/lustandlove.eu\\\/et\\\/toode\\\/klaasist-dildo-sile-vikerkaar-copy\\\/#primaryimage\"},\"thumbnailUrl\":\"https:\\\/\\\/lustandlove.eu\\\/wp-content\\\/uploads\\\/AMBER2247.jpg\",\"datePublished\":\"2025-03-04T10:36:30+00:00\",\"dateModified\":\"2026-04-13T07:26:39+00:00\",\"description\":\"Amber on elegantse kumera kujuga k\u00e4sitsi valmistatud klaasist dildo, mis muudab selle ideaalseks sisemiseks g-punkti stimulatsiooniks. Sile, vastupidav ja ilus.\",\"breadcrumb\":{\"@id\":\"https:\\\/\\\/lustandlove.eu\\\/et\\\/toode\\\/klaasist-dildo-sile-vikerkaar-copy\\\/#breadcrumb\"},\"inLanguage\":\"et\",\"potentialAction\":[{\"@type\":\"ReadAction\",\"target\":[\"https:\\\/\\\/lustandlove.eu\\\/et\\\/toode\\\/klaasist-dildo-sile-vikerkaar-copy\\\/\"]}]},{\"@type\":\"ImageObject\",\"inLanguage\":\"et\",\"@id\":\"https:\\\/\\\/lustandlove.eu\\\/et\\\/toode\\\/klaasist-dildo-sile-vikerkaar-copy\\\/#primaryimage\",\"url\":\"https:\\\/\\\/lustandlove.eu\\\/wp-content\\\/uploads\\\/AMBER2247.jpg\",\"contentUrl\":\"https:\\\/\\\/lustandlove.eu\\\/wp-content\\\/uploads\\\/AMBER2247.jpg\",\"width\":768,\"height\":960},{\"@type\":\"BreadcrumbList\",\"@id\":\"https:\\\/\\\/lustandlove.eu\\\/et\\\/toode\\\/klaasist-dildo-sile-vikerkaar-copy\\\/#breadcrumb\",\"itemListElement\":[{\"@type\":\"ListItem\",\"position\":1,\"name\":\"Lust and Love\",\"item\":\"https:\\\/\\\/lustandlove.eu\\\/et\\\/\"},{\"@type\":\"ListItem\",\"position\":2,\"name\":\"Pood\",\"item\":\"https:\\\/\\\/lustandlove.eu\\\/et\\\/pood\\\/\"},{\"@type\":\"ListItem\",\"position\":3,\"name\":\"Sekslelud\",\"item\":\"https:\\\/\\\/lustandlove.eu\\\/et\\\/pood\\\/sekslelud\\\/\"},{\"@type\":\"ListItem\",\"position\":4,\"name\":\"Dildod\",\"item\":\"https:\\\/\\\/lustandlove.eu\\\/et\\\/pood\\\/sekslelud\\\/dildod\\\/\"},{\"@type\":\"ListItem\",\"position\":5,\"name\":\"Amber Klaasist Dildo\"}]},{\"@type\":\"WebSite\",\"@id\":\"https:\\\/\\\/lustandlove.eu\\\/et\\\/#website\",\"url\":\"https:\\\/\\\/lustandlove.eu\\\/et\\\/\",\"name\":\"Lust &amp; Love\",\"description\":\"Online erootikapood tervise, ilu ja armastuse jaoks\",\"publisher\":{\"@id\":\"https:\\\/\\\/lustandlove.eu\\\/et\\\/#organization\"},\"potentialAction\":[{\"@type\":\"SearchAction\",\"target\":{\"@type\":\"EntryPoint\",\"urlTemplate\":\"https:\\\/\\\/lustandlove.eu\\\/et\\\/?s={search_term_string}\"},\"query-input\":{\"@type\":\"PropertyValueSpecification\",\"valueRequired\":true,\"valueName\":\"search_term_string\"}}],\"inLanguage\":\"et\"},{\"@type\":\"Organization\",\"@id\":\"https:\\\/\\\/lustandlove.eu\\\/et\\\/#organization\",\"name\":\"Bioconcept Baltics O\u00dc\",\"url\":\"https:\\\/\\\/lustandlove.eu\\\/et\\\/\",\"logo\":{\"@type\":\"ImageObject\",\"inLanguage\":\"et\",\"@id\":\"https:\\\/\\\/lustandlove.eu\\\/et\\\/#\\\/schema\\\/logo\\\/image\\\/\",\"url\":\"\",\"contentUrl\":\"\",\"caption\":\"Bioconcept Baltics O\u00dc\"},\"image\":{\"@id\":\"https:\\\/\\\/lustandlove.eu\\\/et\\\/#\\\/schema\\\/logo\\\/image\\\/\"},\"sameAs\":[\"https:\\\/\\\/www.facebook.com\\\/LustandLoveEU\\\/\",\"https:\\\/\\\/www.instagram.com\\\/lustandloveeu\\\/\"]}]}<\/script>\n<!-- \/ Yoast SEO plugin. -->","yoast_head_json":{"title":"Amber Klaasist Dildo | Lust and Love","description":"Amber on elegantse kumera kujuga k\u00e4sitsi valmistatud klaasist dildo, mis muudab selle ideaalseks sisemiseks g-punkti stimulatsiooniks. Sile, vastupidav ja ilus.","robots":{"index,follow,max-snippet":"index,follow,max-snippet:-1,max-image-preview:large,max-video-preview:-1"},"canonical":"https:\/\/lustandlove.eu\/et\/toode\/klaasist-dildo-sile-vikerkaar-copy\/","twitter_card":"summary_large_image","twitter_title":"Amber Klaasist Dildo | Lust and Love","twitter_description":"Amber on elegantse kumera kujuga k\u00e4sitsi valmistatud klaasist dildo, mis muudab selle ideaalseks sisemiseks g-punkti stimulatsiooniks. Sile, vastupidav ja ilus.","twitter_image":"https:\/\/lustandlove.eu\/wp-content\/uploads\/AMBER2247.jpg","twitter_misc":{"Est. reading time":"1 minut"},"schema":{"@context":"https:\/\/schema.org","@graph":[{"@type":["WebPage","ItemPage"],"@id":"https:\/\/lustandlove.eu\/et\/toode\/klaasist-dildo-sile-vikerkaar-copy\/","url":"https:\/\/lustandlove.eu\/et\/toode\/klaasist-dildo-sile-vikerkaar-copy\/","name":"Amber Klaasist Dildo | Lust and Love","isPartOf":{"@id":"https:\/\/lustandlove.eu\/et\/#website"},"primaryImageOfPage":{"@id":"https:\/\/lustandlove.eu\/et\/toode\/klaasist-dildo-sile-vikerkaar-copy\/#primaryimage"},"image":{"@id":"https:\/\/lustandlove.eu\/et\/toode\/klaasist-dildo-sile-vikerkaar-copy\/#primaryimage"},"thumbnailUrl":"https:\/\/lustandlove.eu\/wp-content\/uploads\/AMBER2247.jpg","datePublished":"2025-03-04T10:36:30+00:00","dateModified":"2026-04-13T07:26:39+00:00","description":"Amber on elegantse kumera kujuga k\u00e4sitsi valmistatud klaasist dildo, mis muudab selle ideaalseks sisemiseks g-punkti stimulatsiooniks. Sile, vastupidav ja ilus.","breadcrumb":{"@id":"https:\/\/lustandlove.eu\/et\/toode\/klaasist-dildo-sile-vikerkaar-copy\/#breadcrumb"},"inLanguage":"et","potentialAction":[{"@type":"ReadAction","target":["https:\/\/lustandlove.eu\/et\/toode\/klaasist-dildo-sile-vikerkaar-copy\/"]}]},{"@type":"ImageObject","inLanguage":"et","@id":"https:\/\/lustandlove.eu\/et\/toode\/klaasist-dildo-sile-vikerkaar-copy\/#primaryimage","url":"https:\/\/lustandlove.eu\/wp-content\/uploads\/AMBER2247.jpg","contentUrl":"https:\/\/lustandlove.eu\/wp-content\/uploads\/AMBER2247.jpg","width":768,"height":960},{"@type":"BreadcrumbList","@id":"https:\/\/lustandlove.eu\/et\/toode\/klaasist-dildo-sile-vikerkaar-copy\/#breadcrumb","itemListElement":[{"@type":"ListItem","position":1,"name":"Lust and Love","item":"https:\/\/lustandlove.eu\/et\/"},{"@type":"ListItem","position":2,"name":"Pood","item":"https:\/\/lustandlove.eu\/et\/pood\/"},{"@type":"ListItem","position":3,"name":"Sekslelud","item":"https:\/\/lustandlove.eu\/et\/pood\/sekslelud\/"},{"@type":"ListItem","position":4,"name":"Dildod","item":"https:\/\/lustandlove.eu\/et\/pood\/sekslelud\/dildod\/"},{"@type":"ListItem","position":5,"name":"Amber Klaasist Dildo"}]},{"@type":"WebSite","@id":"https:\/\/lustandlove.eu\/et\/#website","url":"https:\/\/lustandlove.eu\/et\/","name":"Lust &amp; Love","description":"Online erootikapood tervise, ilu ja armastuse jaoks","publisher":{"@id":"https:\/\/lustandlove.eu\/et\/#organization"},"potentialAction":[{"@type":"SearchAction","target":{"@type":"EntryPoint","urlTemplate":"https:\/\/lustandlove.eu\/et\/?s={search_term_string}"},"query-input":{"@type":"PropertyValueSpecification","valueRequired":true,"valueName":"search_term_string"}}],"inLanguage":"et"},{"@type":"Organization","@id":"https:\/\/lustandlove.eu\/et\/#organization","name":"Bioconcept Baltics O\u00dc","url":"https:\/\/lustandlove.eu\/et\/","logo":{"@type":"ImageObject","inLanguage":"et","@id":"https:\/\/lustandlove.eu\/et\/#\/schema\/logo\/image\/","url":"","contentUrl":"","caption":"Bioconcept Baltics O\u00dc"},"image":{"@id":"https:\/\/lustandlove.eu\/et\/#\/schema\/logo\/image\/"},"sameAs":["https:\/\/www.facebook.com\/LustandLoveEU\/","https:\/\/www.instagram.com\/lustandloveeu\/"]}]}},"_links":{"self":[{"href":"https:\/\/lustandlove.eu\/et\/wp-json\/wp\/v2\/product\/92770","targetHints":{"allow":["GET"]}}],"collection":[{"href":"https:\/\/lustandlove.eu\/et\/wp-json\/wp\/v2\/product"}],"about":[{"href":"https:\/\/lustandlove.eu\/et\/wp-json\/wp\/v2\/types\/product"}],"wp:featuredmedia":[{"embeddable":true,"href":"https:\/\/lustandlove.eu\/et\/wp-json\/wp\/v2\/media\/92774"}],"wp:attachment":[{"href":"https:\/\/lustandlove.eu\/et\/wp-json\/wp\/v2\/media?parent=92770"}],"wp:term":[{"taxonomy":"product_brand","embeddable":true,"href":"https:\/\/lustandlove.eu\/et\/wp-json\/wp\/v2\/product_brand?post=92770"},{"taxonomy":"product_cat","embeddable":true,"href":"https:\/\/lustandlove.eu\/et\/wp-json\/wp\/v2\/product_cat?post=92770"},{"taxonomy":"product_tag","embeddable":true,"href":"https:\/\/lustandlove.eu\/et\/wp-json\/wp\/v2\/product_tag?post=92770"}],"curies":[{"name":"wp","href":"https:\/\/api.w.org\/{rel}","templated":true}]}}