{"id":92819,"date":"2025-03-05T10:39:11","date_gmt":"2025-03-04T12:30:16","guid":{"rendered":"https:\/\/www.lustandlove.eu\/?post_type=product&#038;p=92819"},"modified":"2026-04-13T10:26:40","modified_gmt":"2026-04-13T07:26:40","slug":"birch-vibreeriv-eesnaarme-stimulaator-copy-2","status":"publish","type":"product","link":"https:\/\/lustandlove.eu\/et\/toode\/birch-vibreeriv-eesnaarme-stimulaator-copy-2\/","title":{"rendered":"Hare J\u00e4nku Vibraator"},"content":{"rendered":"<p><strong>Hare eelised:<\/strong><br \/>\n<em>Hare<\/em> suudab pakkuda mitut erinevat vibratsiooni ja on varustatud kahe mootoriga, millest iga\u00fchel on 3 intensiivsust ja kokku 7 vibratsioonimustrit. See t\u00e4hendab, et nii kliitori stimuleerimiseks m\u00f5eldud v\u00e4iksem k\u00f5rv kui ka teine g-punkti stimuleerimiseks m\u00f5eldud k\u00f5rv saavad vibreerida kas koos v\u00f5i eraldi, v\u00f5imaldades teil saavutada fantastilist naudingut.<\/p>\n<p>V\u00f5ite proovida <em>Hare&#8217;i<\/em> ka du\u0161i alla v\u00f5i vanni kaasa v\u00f5tta, kuna see on veekindel. J\u00e4nku vibraator on valmistatud pehmest silikoonmaterjalist.<\/p>\n<p><em>Hare&#8217;i<\/em> sisestamisel on parima ja sujuvama tunde saavutamiseks soovitatav kasutada veidi veep\u00f5hist libestit.<\/p>\n<p><b>Puhastamine ja hoiustamine<\/b><br \/>\nLelu on lihtne puhastada, kasutage lihtsalt vett ja \u00f5rna seepi. Seej\u00e4rel saate selle lihtsalt pehme ja puhta lapiga maha p\u00fchkida.<\/p>\n<p>Me ei soovita seda hoida otsese p\u00e4ikesevalguse k\u00e4es, vaid pigem kuivas kohas. N\u00e4iteks riidest kotis, karbis v\u00f5i sahtlis.<\/p>\n<p>J\u00e4nese tehnilised detailid:<br \/>\nVeekindel<br \/>\nSobib veep\u00f5hise libestiga<br \/>\n10 erinevat vibratsiooniseadet<br \/>\nTaaslaetav: kaasas laadija<br \/>\nValmistatud kehale ohutust silikoonist<br \/>\nM\u00f5\u00f5dud: Sisestatav pikkus: 11 cm x max l\u00e4bim\u00f5\u00f5t: 4 cm<\/p>\n","protected":false},"excerpt":{"rendered":"<p><em>Hare<\/em> on m\u00f5eldud neile, kes soovivad stimuleerida nii kliitorit kui ka G-punkti<\/p>\n<p><em>Hare<\/em> on mugavate stimuleerivate lainete ja kahe v\u00f5imsa mootoriga j\u00e4nku vibraator, mis v\u00f5imaldab nautida veelgi rohkem stimulatsiooni. <em>Hare<\/em> on painduv ja pehme, mist\u00f5ttu on lihtne paigutada just nii, mis sulle hea tundub.<\/p>\n","protected":false},"featured_media":92827,"template":"","meta":[],"product_brand":[4229],"product_cat":[3977,1484,1488],"product_tag":[3883],"class_list":{"0":"post-92819","1":"product","2":"type-product","3":"status-publish","4":"has-post-thumbnail","6":"product_brand-peech-et","7":"product_cat-janese","8":"product_cat-sekslelud","9":"product_cat-vibraatorid","10":"product_tag-rabbit-et","11":"pa_brand-peech-et","13":"first","14":"instock","15":"taxable","16":"shipping-taxable","17":"purchasable","18":"product-type-simple"},"yoast_head":"<!-- This site is optimized with the Yoast SEO plugin v27.3 - https:\/\/yoast.com\/product\/yoast-seo-wordpress\/ -->\n<title>Hare J\u00e4nku Vibraator | Lust &amp; Love Adult Toy Store<\/title>\n<meta name=\"description\" content=\"Hare on m\u00f5eldud neile, kes soovivad stimuleerida nii kliitorit kui ka G-punkti. Hare on mugavate lainetega ja kahe v\u00f5imsa mootoriga j\u00e4nese vibraator.\" \/>\n<meta name=\"robots\" content=\"index,follow,max-snippet:-1,max-image-preview:large,max-video-preview:-1\" \/>\n<link rel=\"canonical\" href=\"https:\/\/lustandlove.eu\/et\/toode\/birch-vibreeriv-eesnaarme-stimulaator-copy-2\/\" \/>\n<meta name=\"twitter:card\" content=\"summary_large_image\" \/>\n<meta name=\"twitter:title\" content=\"Hare J\u00e4nku Vibraator | Lust &amp; Love Adult Toy Store\" \/>\n<meta name=\"twitter:description\" content=\"Hare on m\u00f5eldud neile, kes soovivad stimuleerida nii kliitorit kui ka G-punkti. Hare on mugavate lainetega ja kahe v\u00f5imsa mootoriga j\u00e4nese vibraator.\" \/>\n<meta name=\"twitter:image\" content=\"https:\/\/lustandlove.eu\/wp-content\/uploads\/HARE5383_.jpg\" \/>\n<meta name=\"twitter:label1\" content=\"Est. reading time\" \/>\n\t<meta name=\"twitter:data1\" content=\"1 minut\" \/>\n<script type=\"application\/ld+json\" class=\"yoast-schema-graph\">{\"@context\":\"https:\\\/\\\/schema.org\",\"@graph\":[{\"@type\":[\"WebPage\",\"ItemPage\"],\"@id\":\"https:\\\/\\\/lustandlove.eu\\\/et\\\/toode\\\/birch-vibreeriv-eesnaarme-stimulaator-copy-2\\\/\",\"url\":\"https:\\\/\\\/lustandlove.eu\\\/et\\\/toode\\\/birch-vibreeriv-eesnaarme-stimulaator-copy-2\\\/\",\"name\":\"Hare J\u00e4nku Vibraator | Lust & Love Adult Toy Store\",\"isPartOf\":{\"@id\":\"https:\\\/\\\/lustandlove.eu\\\/et\\\/#website\"},\"primaryImageOfPage\":{\"@id\":\"https:\\\/\\\/lustandlove.eu\\\/et\\\/toode\\\/birch-vibreeriv-eesnaarme-stimulaator-copy-2\\\/#primaryimage\"},\"image\":{\"@id\":\"https:\\\/\\\/lustandlove.eu\\\/et\\\/toode\\\/birch-vibreeriv-eesnaarme-stimulaator-copy-2\\\/#primaryimage\"},\"thumbnailUrl\":\"https:\\\/\\\/lustandlove.eu\\\/wp-content\\\/uploads\\\/HARE5383_.jpg\",\"datePublished\":\"2025-03-04T12:30:16+00:00\",\"dateModified\":\"2026-04-13T07:26:40+00:00\",\"description\":\"Hare on m\u00f5eldud neile, kes soovivad stimuleerida nii kliitorit kui ka G-punkti. Hare on mugavate lainetega ja kahe v\u00f5imsa mootoriga j\u00e4nese vibraator.\",\"breadcrumb\":{\"@id\":\"https:\\\/\\\/lustandlove.eu\\\/et\\\/toode\\\/birch-vibreeriv-eesnaarme-stimulaator-copy-2\\\/#breadcrumb\"},\"inLanguage\":\"et\",\"potentialAction\":[{\"@type\":\"ReadAction\",\"target\":[\"https:\\\/\\\/lustandlove.eu\\\/et\\\/toode\\\/birch-vibreeriv-eesnaarme-stimulaator-copy-2\\\/\"]}]},{\"@type\":\"ImageObject\",\"inLanguage\":\"et\",\"@id\":\"https:\\\/\\\/lustandlove.eu\\\/et\\\/toode\\\/birch-vibreeriv-eesnaarme-stimulaator-copy-2\\\/#primaryimage\",\"url\":\"https:\\\/\\\/lustandlove.eu\\\/wp-content\\\/uploads\\\/HARE5383_.jpg\",\"contentUrl\":\"https:\\\/\\\/lustandlove.eu\\\/wp-content\\\/uploads\\\/HARE5383_.jpg\",\"width\":768,\"height\":960},{\"@type\":\"BreadcrumbList\",\"@id\":\"https:\\\/\\\/lustandlove.eu\\\/et\\\/toode\\\/birch-vibreeriv-eesnaarme-stimulaator-copy-2\\\/#breadcrumb\",\"itemListElement\":[{\"@type\":\"ListItem\",\"position\":1,\"name\":\"Lust and Love\",\"item\":\"https:\\\/\\\/lustandlove.eu\\\/et\\\/\"},{\"@type\":\"ListItem\",\"position\":2,\"name\":\"Pood\",\"item\":\"https:\\\/\\\/lustandlove.eu\\\/et\\\/pood\\\/\"},{\"@type\":\"ListItem\",\"position\":3,\"name\":\"Sekslelud\",\"item\":\"https:\\\/\\\/lustandlove.eu\\\/et\\\/pood\\\/sekslelud\\\/\"},{\"@type\":\"ListItem\",\"position\":4,\"name\":\"Hare J\u00e4nku Vibraator\"}]},{\"@type\":\"WebSite\",\"@id\":\"https:\\\/\\\/lustandlove.eu\\\/et\\\/#website\",\"url\":\"https:\\\/\\\/lustandlove.eu\\\/et\\\/\",\"name\":\"Lust &amp; Love\",\"description\":\"Online erootikapood tervise, ilu ja armastuse jaoks\",\"publisher\":{\"@id\":\"https:\\\/\\\/lustandlove.eu\\\/et\\\/#organization\"},\"potentialAction\":[{\"@type\":\"SearchAction\",\"target\":{\"@type\":\"EntryPoint\",\"urlTemplate\":\"https:\\\/\\\/lustandlove.eu\\\/et\\\/?s={search_term_string}\"},\"query-input\":{\"@type\":\"PropertyValueSpecification\",\"valueRequired\":true,\"valueName\":\"search_term_string\"}}],\"inLanguage\":\"et\"},{\"@type\":\"Organization\",\"@id\":\"https:\\\/\\\/lustandlove.eu\\\/et\\\/#organization\",\"name\":\"Bioconcept Baltics O\u00dc\",\"url\":\"https:\\\/\\\/lustandlove.eu\\\/et\\\/\",\"logo\":{\"@type\":\"ImageObject\",\"inLanguage\":\"et\",\"@id\":\"https:\\\/\\\/lustandlove.eu\\\/et\\\/#\\\/schema\\\/logo\\\/image\\\/\",\"url\":\"\",\"contentUrl\":\"\",\"caption\":\"Bioconcept Baltics O\u00dc\"},\"image\":{\"@id\":\"https:\\\/\\\/lustandlove.eu\\\/et\\\/#\\\/schema\\\/logo\\\/image\\\/\"},\"sameAs\":[\"https:\\\/\\\/www.facebook.com\\\/LustandLoveEU\\\/\",\"https:\\\/\\\/www.instagram.com\\\/lustandloveeu\\\/\"]}]}<\/script>\n<!-- \/ Yoast SEO plugin. -->","yoast_head_json":{"title":"Hare J\u00e4nku Vibraator | Lust & Love Adult Toy Store","description":"Hare on m\u00f5eldud neile, kes soovivad stimuleerida nii kliitorit kui ka G-punkti. Hare on mugavate lainetega ja kahe v\u00f5imsa mootoriga j\u00e4nese vibraator.","robots":{"index,follow,max-snippet":"index,follow,max-snippet:-1,max-image-preview:large,max-video-preview:-1"},"canonical":"https:\/\/lustandlove.eu\/et\/toode\/birch-vibreeriv-eesnaarme-stimulaator-copy-2\/","twitter_card":"summary_large_image","twitter_title":"Hare J\u00e4nku Vibraator | Lust & Love Adult Toy Store","twitter_description":"Hare on m\u00f5eldud neile, kes soovivad stimuleerida nii kliitorit kui ka G-punkti. Hare on mugavate lainetega ja kahe v\u00f5imsa mootoriga j\u00e4nese vibraator.","twitter_image":"https:\/\/lustandlove.eu\/wp-content\/uploads\/HARE5383_.jpg","twitter_misc":{"Est. reading time":"1 minut"},"schema":{"@context":"https:\/\/schema.org","@graph":[{"@type":["WebPage","ItemPage"],"@id":"https:\/\/lustandlove.eu\/et\/toode\/birch-vibreeriv-eesnaarme-stimulaator-copy-2\/","url":"https:\/\/lustandlove.eu\/et\/toode\/birch-vibreeriv-eesnaarme-stimulaator-copy-2\/","name":"Hare J\u00e4nku Vibraator | Lust & Love Adult Toy Store","isPartOf":{"@id":"https:\/\/lustandlove.eu\/et\/#website"},"primaryImageOfPage":{"@id":"https:\/\/lustandlove.eu\/et\/toode\/birch-vibreeriv-eesnaarme-stimulaator-copy-2\/#primaryimage"},"image":{"@id":"https:\/\/lustandlove.eu\/et\/toode\/birch-vibreeriv-eesnaarme-stimulaator-copy-2\/#primaryimage"},"thumbnailUrl":"https:\/\/lustandlove.eu\/wp-content\/uploads\/HARE5383_.jpg","datePublished":"2025-03-04T12:30:16+00:00","dateModified":"2026-04-13T07:26:40+00:00","description":"Hare on m\u00f5eldud neile, kes soovivad stimuleerida nii kliitorit kui ka G-punkti. Hare on mugavate lainetega ja kahe v\u00f5imsa mootoriga j\u00e4nese vibraator.","breadcrumb":{"@id":"https:\/\/lustandlove.eu\/et\/toode\/birch-vibreeriv-eesnaarme-stimulaator-copy-2\/#breadcrumb"},"inLanguage":"et","potentialAction":[{"@type":"ReadAction","target":["https:\/\/lustandlove.eu\/et\/toode\/birch-vibreeriv-eesnaarme-stimulaator-copy-2\/"]}]},{"@type":"ImageObject","inLanguage":"et","@id":"https:\/\/lustandlove.eu\/et\/toode\/birch-vibreeriv-eesnaarme-stimulaator-copy-2\/#primaryimage","url":"https:\/\/lustandlove.eu\/wp-content\/uploads\/HARE5383_.jpg","contentUrl":"https:\/\/lustandlove.eu\/wp-content\/uploads\/HARE5383_.jpg","width":768,"height":960},{"@type":"BreadcrumbList","@id":"https:\/\/lustandlove.eu\/et\/toode\/birch-vibreeriv-eesnaarme-stimulaator-copy-2\/#breadcrumb","itemListElement":[{"@type":"ListItem","position":1,"name":"Lust and Love","item":"https:\/\/lustandlove.eu\/et\/"},{"@type":"ListItem","position":2,"name":"Pood","item":"https:\/\/lustandlove.eu\/et\/pood\/"},{"@type":"ListItem","position":3,"name":"Sekslelud","item":"https:\/\/lustandlove.eu\/et\/pood\/sekslelud\/"},{"@type":"ListItem","position":4,"name":"Hare J\u00e4nku Vibraator"}]},{"@type":"WebSite","@id":"https:\/\/lustandlove.eu\/et\/#website","url":"https:\/\/lustandlove.eu\/et\/","name":"Lust &amp; Love","description":"Online erootikapood tervise, ilu ja armastuse jaoks","publisher":{"@id":"https:\/\/lustandlove.eu\/et\/#organization"},"potentialAction":[{"@type":"SearchAction","target":{"@type":"EntryPoint","urlTemplate":"https:\/\/lustandlove.eu\/et\/?s={search_term_string}"},"query-input":{"@type":"PropertyValueSpecification","valueRequired":true,"valueName":"search_term_string"}}],"inLanguage":"et"},{"@type":"Organization","@id":"https:\/\/lustandlove.eu\/et\/#organization","name":"Bioconcept Baltics O\u00dc","url":"https:\/\/lustandlove.eu\/et\/","logo":{"@type":"ImageObject","inLanguage":"et","@id":"https:\/\/lustandlove.eu\/et\/#\/schema\/logo\/image\/","url":"","contentUrl":"","caption":"Bioconcept Baltics O\u00dc"},"image":{"@id":"https:\/\/lustandlove.eu\/et\/#\/schema\/logo\/image\/"},"sameAs":["https:\/\/www.facebook.com\/LustandLoveEU\/","https:\/\/www.instagram.com\/lustandloveeu\/"]}]}},"_links":{"self":[{"href":"https:\/\/lustandlove.eu\/et\/wp-json\/wp\/v2\/product\/92819","targetHints":{"allow":["GET"]}}],"collection":[{"href":"https:\/\/lustandlove.eu\/et\/wp-json\/wp\/v2\/product"}],"about":[{"href":"https:\/\/lustandlove.eu\/et\/wp-json\/wp\/v2\/types\/product"}],"wp:featuredmedia":[{"embeddable":true,"href":"https:\/\/lustandlove.eu\/et\/wp-json\/wp\/v2\/media\/92827"}],"wp:attachment":[{"href":"https:\/\/lustandlove.eu\/et\/wp-json\/wp\/v2\/media?parent=92819"}],"wp:term":[{"taxonomy":"product_brand","embeddable":true,"href":"https:\/\/lustandlove.eu\/et\/wp-json\/wp\/v2\/product_brand?post=92819"},{"taxonomy":"product_cat","embeddable":true,"href":"https:\/\/lustandlove.eu\/et\/wp-json\/wp\/v2\/product_cat?post=92819"},{"taxonomy":"product_tag","embeddable":true,"href":"https:\/\/lustandlove.eu\/et\/wp-json\/wp\/v2\/product_tag?post=92819"}],"curies":[{"name":"wp","href":"https:\/\/api.w.org\/{rel}","templated":true}]}}